{"id":1162,"date":"2020-02-01T18:38:31","date_gmt":"2020-02-01T18:38:31","guid":{"rendered":"http:\/\/rapidetech.com.br\/?page_id=1162"},"modified":"2023-07-06T09:06:24","modified_gmt":"2023-07-06T12:06:24","slug":"perguntas-frequentes","status":"publish","type":"page","link":"https:\/\/rapidetech.com.br\/en\/perguntas-frequentes\/","title":{"rendered":"Perguntas Frequentes"},"content":{"rendered":"<div data-elementor-type=\"wp-page\" data-elementor-id=\"1162\" class=\"elementor elementor-1162\" data-elementor-settings=\"{&quot;ha_cmc_init_switcher&quot;:&quot;no&quot;}\" data-elementor-post-type=\"page\">\n\t\t\t\t\t\t<section class=\"elementor-section elementor-top-section elementor-element elementor-element-17371a5e elementor-section-boxed elementor-section-height-default elementor-section-height-default\" data-id=\"17371a5e\" data-element_type=\"section\" data-e-type=\"section\" data-settings=\"{&quot;background_background&quot;:&quot;classic&quot;,&quot;_ha_eqh_enable&quot;:false}\">\n\t\t\t\t\t\t<div class=\"elementor-container elementor-column-gap-default\">\n\t\t\t\t\t<div class=\"elementor-column elementor-col-100 elementor-top-column elementor-element elementor-element-725becf9\" data-id=\"725becf9\" data-element_type=\"column\" data-e-type=\"column\">\n\t\t\t<div class=\"elementor-widget-wrap elementor-element-populated\">\n\t\t\t\t\t\t<div class=\"elementor-element elementor-element-122590d3 elementor-widget__width-initial ha-has-bg-overlay elementor-widget elementor-widget-text-editor\" data-id=\"122590d3\" data-element_type=\"widget\" data-e-type=\"widget\" data-widget_type=\"text-editor.default\">\n\t\t\t\t<div class=\"elementor-widget-container\">\n\t\t\t\t\t\t\t\t\t<p><\/p>\n<p>Confira a nossa lista de perguntas frequentes, caso n\u00e3o encontre o que precisa, sinta-se \u00e0 vontade para entrar em contato conosco. Responderemos o mais breve poss\u00edvel !<\/p>\n<h3><strong><br><\/strong><\/h3><h3><strong>&nbsp;<\/strong><strong><u><i>Os produtos expostos est\u00e3o todos dispon\u00edveis ?<\/i><\/u><\/strong><\/h3>\n<p>Todos os produtos expostos cont\u00eam a quantidade em estoque. Se o nosso site informar a disponibilidade, os produtos estar\u00e3o aptos a serem comprados para pronta entrega no bairro de Moema \u2013 S\u00e3o Paulo capital, ou para envio pelos correios no mesmo dia da compra.<\/p>\n<h3><strong><u><i>&nbsp;E poss\u00edvel fazer a compra por outra&nbsp; plataforma ?<\/i><\/u><\/strong><\/h3>\n<p>N\u00f3s desenvolvemos uma plataforma exclusiva Rapidetech para realizar as nossas vendas pontuais . A compra pelo nosso site \u00e9 segura e pode ser efetuada pelo PAGSEGURO&nbsp; (lib ate 48 hrs,aceita a maioria dos&nbsp; cart\u00f5es<b>&nbsp;<\/b>) ou PIX (envio&nbsp; imediato em menos de 24 hrs uteis)&nbsp; .<\/p>\n<h3><strong>A<u><i> Rapidetech envia produtos para fora de S\u00e3o Paulo ?<\/i><\/u><\/strong><\/h3>\n<p>Sim, n\u00f3s trabalhamos com o envio para fora de S\u00e3o Paulo. \u00c9 importante ressaltar que, se o pacote for retido na receita estadual, os custos para libera\u00e7\u00e3o ficam por conta do cliente. Todos os pacotes s\u00e3o enviados com declara\u00e7\u00e3o de conte\u00fado.<\/p>\n<h3><strong><i style=\"text-decoration-line: underline;\">&nbsp;Em quanto tempo \u00e9 realizada a postagem <\/i><\/strong><u><i>?<\/i><\/u><\/h3>\n<p>A postagem nos correios \u00e9 realizada no mesmo dia para pagamentos (produto + frete) efetuados e confirmados at\u00e9 as 14 horas. Em caso de pagamento confirmado ap\u00f3s as 14 horas, o produto ser\u00e1 enviado no pr\u00f3ximo dia \u00fatil.<\/p>\n<h3><strong><u><i>Os produtos Rapidetech t\u00eam garantia ?<\/i><\/u><\/strong><\/h3>\n<p>Sim, os nossos produtos t\u00eam garantia direta conosco que varia de 30 a 90 dias de acordo com o produto. Se for constatado defeito de fabrica\u00e7\u00e3o, o produto ser\u00e1 trocado ou o seu dinheiro ser\u00e1 devolvido. Para a realiza\u00e7\u00e3o da an\u00e1lise de garantia o produto dever\u00e1 ser reenviado ao remetente em sua embalagem original e o frete ficar\u00e1 por conta do comprador.<\/p>\t\t\t\t\t\t\t\t<\/div>\n\t\t\t\t<\/div>\n\t\t\t\t\t<\/div>\n\t\t<\/div>\n\t\t\t\t\t<\/div>\n\t\t<\/section>\n\t\t\t\t<\/div>","protected":false},"excerpt":{"rendered":"<p>Confira a nossa lista de perguntas frequentes, caso n\u00e3o encontre o que precisa, sinta-se \u00e0 vontade para entrar em contato conosco. Responderemos o mais breve poss\u00edvel ! &nbsp;Os produtos expostos est\u00e3o todos dispon\u00edveis ? Todos os produtos expostos cont\u00eam a quantidade em estoque. Se o nosso site informar a disponibilidade, os produtos estar\u00e3o aptos a [&hellip;]<\/p>\n","protected":false},"author":1,"featured_media":0,"parent":0,"menu_order":0,"comment_status":"closed","ping_status":"closed","template":"","meta":{"footnotes":""},"class_list":["post-1162","page","type-page","status-publish","hentry"],"yoast_head":"<!-- This site is optimized with the Yoast SEO plugin v27.4 - https:\/\/yoast.com\/product\/yoast-seo-wordpress\/ -->\n<title>Perguntas Frequentes - Rapidetech<\/title>\n<meta name=\"robots\" content=\"index, follow, max-snippet:-1, max-image-preview:large, max-video-preview:-1\" \/>\n<link rel=\"canonical\" href=\"https:\/\/rapidetech.com.br\/en\/perguntas-frequentes\/\" \/>\n<meta property=\"og:locale\" content=\"en_US\" \/>\n<meta property=\"og:type\" content=\"article\" \/>\n<meta property=\"og:title\" content=\"Perguntas Frequentes - Rapidetech\" \/>\n<meta property=\"og:description\" content=\"Confira a nossa lista de perguntas frequentes, caso n\u00e3o encontre o que precisa, sinta-se \u00e0 vontade para entrar em contato conosco. Responderemos o mais breve poss\u00edvel ! &nbsp;Os produtos expostos est\u00e3o todos dispon\u00edveis ? Todos os produtos expostos cont\u00eam a quantidade em estoque. Se o nosso site informar a disponibilidade, os produtos estar\u00e3o aptos a [&hellip;]\" \/>\n<meta property=\"og:url\" content=\"https:\/\/rapidetech.com.br\/en\/perguntas-frequentes\/\" \/>\n<meta property=\"og:site_name\" content=\"Rapidetech\" \/>\n<meta property=\"article:modified_time\" content=\"2023-07-06T12:06:24+00:00\" \/>\n<meta property=\"og:image\" content=\"https:\/\/rapidetech.com.br\/wp-content\/uploads\/2023\/08\/AnyConv.com__BANNER-PRINCIPAL-1-e1662643682616-Copia.webp\" \/>\n\t<meta property=\"og:image:width\" content=\"1920\" \/>\n\t<meta property=\"og:image:height\" content=\"886\" \/>\n\t<meta property=\"og:image:type\" content=\"image\/webp\" \/>\n<meta name=\"twitter:card\" content=\"summary_large_image\" \/>\n<meta name=\"twitter:label1\" content=\"Est. reading time\" \/>\n\t<meta name=\"twitter:data1\" content=\"2 minutes\" \/>\n<script type=\"application\/ld+json\" class=\"yoast-schema-graph\">{\"@context\":\"https:\\\/\\\/schema.org\",\"@graph\":[{\"@type\":\"WebPage\",\"@id\":\"https:\\\/\\\/rapidetech.com.br\\\/perguntas-frequentes\\\/\",\"url\":\"https:\\\/\\\/rapidetech.com.br\\\/perguntas-frequentes\\\/\",\"name\":\"Perguntas Frequentes - Rapidetech\",\"isPartOf\":{\"@id\":\"https:\\\/\\\/rapidetech.com.br\\\/#website\"},\"datePublished\":\"2020-02-01T18:38:31+00:00\",\"dateModified\":\"2023-07-06T12:06:24+00:00\",\"breadcrumb\":{\"@id\":\"https:\\\/\\\/rapidetech.com.br\\\/perguntas-frequentes\\\/#breadcrumb\"},\"inLanguage\":\"en-US\",\"potentialAction\":[{\"@type\":\"ReadAction\",\"target\":[\"https:\\\/\\\/rapidetech.com.br\\\/perguntas-frequentes\\\/\"]}]},{\"@type\":\"BreadcrumbList\",\"@id\":\"https:\\\/\\\/rapidetech.com.br\\\/perguntas-frequentes\\\/#breadcrumb\",\"itemListElement\":[{\"@type\":\"ListItem\",\"position\":1,\"name\":\"In\u00edcio\",\"item\":\"https:\\\/\\\/rapidetech.com.br\\\/\"},{\"@type\":\"ListItem\",\"position\":2,\"name\":\"Perguntas Frequentes\"}]},{\"@type\":\"WebSite\",\"@id\":\"https:\\\/\\\/rapidetech.com.br\\\/#website\",\"url\":\"https:\\\/\\\/rapidetech.com.br\\\/\",\"name\":\"Rapidetech\",\"description\":\"Audio e video\",\"publisher\":{\"@id\":\"https:\\\/\\\/rapidetech.com.br\\\/#organization\"},\"potentialAction\":[{\"@type\":\"SearchAction\",\"target\":{\"@type\":\"EntryPoint\",\"urlTemplate\":\"https:\\\/\\\/rapidetech.com.br\\\/?s={search_term_string}\"},\"query-input\":{\"@type\":\"PropertyValueSpecification\",\"valueRequired\":true,\"valueName\":\"search_term_string\"}}],\"inLanguage\":\"en-US\"},{\"@type\":\"Organization\",\"@id\":\"https:\\\/\\\/rapidetech.com.br\\\/#organization\",\"name\":\"Rapidetech\",\"url\":\"https:\\\/\\\/rapidetech.com.br\\\/\",\"logo\":{\"@type\":\"ImageObject\",\"inLanguage\":\"en-US\",\"@id\":\"https:\\\/\\\/rapidetech.com.br\\\/#\\\/schema\\\/logo\\\/image\\\/\",\"url\":\"https:\\\/\\\/rapidetech.com.br\\\/wp-content\\\/uploads\\\/2022\\\/08\\\/RAPIDETECH-AUDIO-E-VIDEO.jpg\",\"contentUrl\":\"https:\\\/\\\/rapidetech.com.br\\\/wp-content\\\/uploads\\\/2022\\\/08\\\/RAPIDETECH-AUDIO-E-VIDEO.jpg\",\"width\":236,\"height\":213,\"caption\":\"Rapidetech\"},\"image\":{\"@id\":\"https:\\\/\\\/rapidetech.com.br\\\/#\\\/schema\\\/logo\\\/image\\\/\"},\"sameAs\":[\"https:\\\/\\\/rapidetech.com.br\\\/\",\"https:\\\/\\\/www.youtube.com\\\/channel\\\/UCQWlsTr9MvbqwWAekYtMNLQ\"]}]}<\/script>\n<!-- \/ Yoast SEO plugin. -->","yoast_head_json":{"title":"Perguntas Frequentes - Rapidetech","robots":{"index":"index","follow":"follow","max-snippet":"max-snippet:-1","max-image-preview":"max-image-preview:large","max-video-preview":"max-video-preview:-1"},"canonical":"https:\/\/rapidetech.com.br\/en\/perguntas-frequentes\/","og_locale":"en_US","og_type":"article","og_title":"Perguntas Frequentes - Rapidetech","og_description":"Confira a nossa lista de perguntas frequentes, caso n\u00e3o encontre o que precisa, sinta-se \u00e0 vontade para entrar em contato conosco. Responderemos o mais breve poss\u00edvel ! &nbsp;Os produtos expostos est\u00e3o todos dispon\u00edveis ? Todos os produtos expostos cont\u00eam a quantidade em estoque. Se o nosso site informar a disponibilidade, os produtos estar\u00e3o aptos a [&hellip;]","og_url":"https:\/\/rapidetech.com.br\/en\/perguntas-frequentes\/","og_site_name":"Rapidetech","article_modified_time":"2023-07-06T12:06:24+00:00","og_image":[{"width":1920,"height":886,"url":"https:\/\/rapidetech.com.br\/wp-content\/uploads\/2023\/08\/AnyConv.com__BANNER-PRINCIPAL-1-e1662643682616-Copia.webp","type":"image\/webp"}],"twitter_card":"summary_large_image","twitter_misc":{"Est. reading time":"2 minutes"},"schema":{"@context":"https:\/\/schema.org","@graph":[{"@type":"WebPage","@id":"https:\/\/rapidetech.com.br\/perguntas-frequentes\/","url":"https:\/\/rapidetech.com.br\/perguntas-frequentes\/","name":"Perguntas Frequentes - Rapidetech","isPartOf":{"@id":"https:\/\/rapidetech.com.br\/#website"},"datePublished":"2020-02-01T18:38:31+00:00","dateModified":"2023-07-06T12:06:24+00:00","breadcrumb":{"@id":"https:\/\/rapidetech.com.br\/perguntas-frequentes\/#breadcrumb"},"inLanguage":"en-US","potentialAction":[{"@type":"ReadAction","target":["https:\/\/rapidetech.com.br\/perguntas-frequentes\/"]}]},{"@type":"BreadcrumbList","@id":"https:\/\/rapidetech.com.br\/perguntas-frequentes\/#breadcrumb","itemListElement":[{"@type":"ListItem","position":1,"name":"In\u00edcio","item":"https:\/\/rapidetech.com.br\/"},{"@type":"ListItem","position":2,"name":"Perguntas Frequentes"}]},{"@type":"WebSite","@id":"https:\/\/rapidetech.com.br\/#website","url":"https:\/\/rapidetech.com.br\/","name":"Rapidetech","description":"Audio e video","publisher":{"@id":"https:\/\/rapidetech.com.br\/#organization"},"potentialAction":[{"@type":"SearchAction","target":{"@type":"EntryPoint","urlTemplate":"https:\/\/rapidetech.com.br\/?s={search_term_string}"},"query-input":{"@type":"PropertyValueSpecification","valueRequired":true,"valueName":"search_term_string"}}],"inLanguage":"en-US"},{"@type":"Organization","@id":"https:\/\/rapidetech.com.br\/#organization","name":"Rapidetech","url":"https:\/\/rapidetech.com.br\/","logo":{"@type":"ImageObject","inLanguage":"en-US","@id":"https:\/\/rapidetech.com.br\/#\/schema\/logo\/image\/","url":"https:\/\/rapidetech.com.br\/wp-content\/uploads\/2022\/08\/RAPIDETECH-AUDIO-E-VIDEO.jpg","contentUrl":"https:\/\/rapidetech.com.br\/wp-content\/uploads\/2022\/08\/RAPIDETECH-AUDIO-E-VIDEO.jpg","width":236,"height":213,"caption":"Rapidetech"},"image":{"@id":"https:\/\/rapidetech.com.br\/#\/schema\/logo\/image\/"},"sameAs":["https:\/\/rapidetech.com.br\/","https:\/\/www.youtube.com\/channel\/UCQWlsTr9MvbqwWAekYtMNLQ"]}]}},"_links":{"self":[{"href":"https:\/\/rapidetech.com.br\/en\/wp-json\/wp\/v2\/pages\/1162","targetHints":{"allow":["GET"]}}],"collection":[{"href":"https:\/\/rapidetech.com.br\/en\/wp-json\/wp\/v2\/pages"}],"about":[{"href":"https:\/\/rapidetech.com.br\/en\/wp-json\/wp\/v2\/types\/page"}],"author":[{"embeddable":true,"href":"https:\/\/rapidetech.com.br\/en\/wp-json\/wp\/v2\/users\/1"}],"replies":[{"embeddable":true,"href":"https:\/\/rapidetech.com.br\/en\/wp-json\/wp\/v2\/comments?post=1162"}],"version-history":[{"count":0,"href":"https:\/\/rapidetech.com.br\/en\/wp-json\/wp\/v2\/pages\/1162\/revisions"}],"wp:attachment":[{"href":"https:\/\/rapidetech.com.br\/en\/wp-json\/wp\/v2\/media?parent=1162"}],"curies":[{"name":"wp","href":"https:\/\/api.w.org\/{rel}","templated":true}]}}