{"id":139,"date":"2019-12-22T21:51:49","date_gmt":"2019-12-22T21:51:49","guid":{"rendered":"http:\/\/rapidetech.com.br\/?page_id=139"},"modified":"2025-08-05T18:27:30","modified_gmt":"2025-08-05T21:27:30","slug":"quem-somos","status":"publish","type":"page","link":"https:\/\/rapidetech.com.br\/en\/quem-somos\/","title":{"rendered":"Quem somos"},"content":{"rendered":"<div data-elementor-type=\"wp-page\" data-elementor-id=\"139\" class=\"elementor elementor-139\" data-elementor-settings=\"{&quot;ha_cmc_init_switcher&quot;:&quot;no&quot;}\" data-elementor-post-type=\"page\">\n\t\t\t\t\t\t<section class=\"elementor-section elementor-top-section elementor-element elementor-element-1cbba000 elementor-section-height-min-height elementor-section-boxed elementor-section-height-default elementor-section-items-middle\" data-id=\"1cbba000\" data-element_type=\"section\" data-e-type=\"section\" data-settings=\"{&quot;background_background&quot;:&quot;classic&quot;,&quot;_ha_eqh_enable&quot;:false}\">\n\t\t\t\t\t\t<div class=\"elementor-container elementor-column-gap-default\">\n\t\t\t\t\t<div class=\"elementor-column elementor-col-100 elementor-top-column elementor-element elementor-element-2898a7a6\" data-id=\"2898a7a6\" data-element_type=\"column\" data-e-type=\"column\" data-settings=\"{&quot;background_background&quot;:&quot;classic&quot;}\">\n\t\t\t<div class=\"elementor-widget-wrap elementor-element-populated\">\n\t\t\t\t\t\t<div class=\"elementor-element elementor-element-1dbb0e30 elementor-widget__width-initial ha-has-bg-overlay elementor-widget elementor-widget-text-editor\" data-id=\"1dbb0e30\" data-element_type=\"widget\" data-e-type=\"widget\" data-widget_type=\"text-editor.default\">\n\t\t\t\t<div class=\"elementor-widget-container\">\n\t\t\t\t\t\t\t\t\t<p><strong>N<\/strong>osso\u00a0site\u00a0 &#8220;<em><u>Rapidetech<\/u> &#8221;\u00a0<\/em> foi registrado com <u>NOME PLENO<\/u>\u00a0 e <u>DOMINIO EXCLUSIVO<\/u>\u00a0 ha\u00a0 4 anos , com o prop\u00f3sito de possibilitar a venda pontual de produtos de alta qualidade de <em>AUDIO e VIDEO\u00a0<\/em> , de pessoa f\u00edsica para pessoa f\u00edsica . Com experi\u00eancia de mais de 17 anos em montagem de hometheater high-end como hobby e presen\u00e7a marcante nos market places com excelente reputa\u00e7\u00e3o, decidimos ent\u00e3o conquistar nossa independ\u00eancia e criar o nosso site exclusivo ,como vitrine .<\/p><p><strong><u>Comprometimento e seriedade<\/u><\/strong><\/p><p><b>Ap\u00f3s <\/b>anos como cliente nos diferentes market places , decidimos seguir uma pol\u00edtica de entrega r\u00edgida e com responsabilidade diante dos prazos dos nossos clientes, criamos um processo de vendas pontuais bem estruturado e duradouro<b>.\u00a0<\/b><\/p><p>A nossa miss\u00e3o \u00e9 proporcionar seguran\u00e7a na compra dos nossos clientes, por isso trabalhamos para oferecer m\u00e9todos de pagamento seguros, um canal aberto e direto para solucionar as d\u00favidas dos consumidores, assim como produtos de qualidade que satisfa\u00e7am as necessidades do p\u00fablico da Rapidetech.<\/p><p><strong><u>Diferenciais Rapidetech<\/u><\/strong><\/p><p>Temos como principais diferenciais:<\/p><p><em>Pre\u00e7o competitivo:\u00a0<\/em>Com o m\u00e9todo de vendas de pessoa f\u00edsica para pessoa f\u00edsica, conseguimos sustentar pre\u00e7os competitivos com produtos originais de qualidade.<\/p><p><em>Pronta entrega:\u00a0<\/em>A Rapidetech tem um estoque pronto para atender seus clientes. Trabalhamos com pronta entrega (e encomendas )com possibilidade de retirada em Moema, na cidade de S\u00e3o Paulo, ou com postagem nos correios o mais breve poss\u00edvel. Assim que o pedido \u00e9 feito em nosso site, a nossa equipe prepara os produtos para postagem nos correios. Quando recebemos a confirma\u00e7\u00e3o do pagamento, o produto est\u00e1 pronto para ser postado e conta com o prazo de entrega dos Correios de acordo com a localiza\u00e7\u00e3o do comprador.<\/p><p><strong><u>Qualidade dos Produtos Rapidetech<\/u>\u00a0<\/strong><\/p><p>A nossa curadoria tem como base longa experi\u00eancia no mercado audio visual. N\u00f3s testamos e analisamos todos os produtos vendidos no\u00a0 site para oferecer as melhores op\u00e7\u00f5es para os nossos clientes.<\/p><p>Cada produto \u00e9 escolhido pensando na melhor performance de audio e v\u00eddeo para diferentes fun\u00e7\u00f5es .<\/p><p>Vendemos apenas produtos originais e lacrados, e oferecemos garantia de 90 dias mesmo para produtos importados. Qualquer problema de fabrica\u00e7\u00e3o ou defeitos nas pe\u00e7as implicam em troca por pe\u00e7a nova, ou devolu\u00e7\u00e3o do dinheiro.<\/p><p>IMPORTANTE\u00a0 \ud83d\ude42 <em>Pedimos aten\u00e7\u00e3o<\/em><em> para n\u00e3o nos confundir com<\/em><em> outros sites de empresas com ortografia parecida, e\/ou com nomes compostos e abertura recente.Para isso \u00e9 necess\u00e1rio consultar https:\/\/www.siteconfiavel.com.br ,\u00a0 para melhor entendimento e confian\u00e7a.),muito obrigado !\u00a0<\/em><\/p>\t\t\t\t\t\t\t\t<\/div>\n\t\t\t\t<\/div>\n\t\t\t\t\t<\/div>\n\t\t<\/div>\n\t\t\t\t\t<\/div>\n\t\t<\/section>\n\t\t\t\t<\/div>","protected":false},"excerpt":{"rendered":"<p>Nosso\u00a0site\u00a0 &#8220;Rapidetech &#8221;\u00a0 foi registrado com NOME PLENO\u00a0 e DOMINIO EXCLUSIVO\u00a0 ha\u00a0 4 anos , com o prop\u00f3sito de possibilitar a venda pontual de produtos de alta qualidade de AUDIO e VIDEO\u00a0 , de pessoa f\u00edsica para pessoa f\u00edsica . Com experi\u00eancia de mais de 17 anos em montagem de hometheater high-end como hobby e [&hellip;]<\/p>\n","protected":false},"author":1,"featured_media":0,"parent":0,"menu_order":0,"comment_status":"closed","ping_status":"closed","template":"","meta":{"footnotes":""},"class_list":["post-139","page","type-page","status-publish","hentry"],"yoast_head":"<!-- This site is optimized with the Yoast SEO plugin v27.4 - https:\/\/yoast.com\/product\/yoast-seo-wordpress\/ -->\n<title>Quem somos - Rapidetech<\/title>\n<meta name=\"robots\" content=\"index, follow, max-snippet:-1, max-image-preview:large, max-video-preview:-1\" \/>\n<link rel=\"canonical\" href=\"https:\/\/rapidetech.com.br\/en\/quem-somos\/\" \/>\n<meta property=\"og:locale\" content=\"en_US\" \/>\n<meta property=\"og:type\" content=\"article\" \/>\n<meta property=\"og:title\" content=\"Quem somos - Rapidetech\" \/>\n<meta property=\"og:description\" content=\"Nosso\u00a0site\u00a0 &#8220;Rapidetech &#8221;\u00a0 foi registrado com NOME PLENO\u00a0 e DOMINIO EXCLUSIVO\u00a0 ha\u00a0 4 anos , com o prop\u00f3sito de possibilitar a venda pontual de produtos de alta qualidade de AUDIO e VIDEO\u00a0 , de pessoa f\u00edsica para pessoa f\u00edsica . Com experi\u00eancia de mais de 17 anos em montagem de hometheater high-end como hobby e [&hellip;]\" \/>\n<meta property=\"og:url\" content=\"https:\/\/rapidetech.com.br\/en\/quem-somos\/\" \/>\n<meta property=\"og:site_name\" content=\"Rapidetech\" \/>\n<meta property=\"article:modified_time\" content=\"2025-08-05T21:27:30+00:00\" \/>\n<meta property=\"og:image\" content=\"https:\/\/rapidetech.com.br\/wp-content\/uploads\/2023\/08\/AnyConv.com__BANNER-PRINCIPAL-1-e1662643682616-Copia.webp\" \/>\n\t<meta property=\"og:image:width\" content=\"1920\" \/>\n\t<meta property=\"og:image:height\" content=\"886\" \/>\n\t<meta property=\"og:image:type\" content=\"image\/webp\" \/>\n<meta name=\"twitter:card\" content=\"summary_large_image\" \/>\n<meta name=\"twitter:label1\" content=\"Est. reading time\" \/>\n\t<meta name=\"twitter:data1\" content=\"3 minutes\" \/>\n<script type=\"application\/ld+json\" class=\"yoast-schema-graph\">{\"@context\":\"https:\\\/\\\/schema.org\",\"@graph\":[{\"@type\":\"WebPage\",\"@id\":\"https:\\\/\\\/rapidetech.com.br\\\/quem-somos\\\/\",\"url\":\"https:\\\/\\\/rapidetech.com.br\\\/quem-somos\\\/\",\"name\":\"Quem somos - Rapidetech\",\"isPartOf\":{\"@id\":\"https:\\\/\\\/rapidetech.com.br\\\/#website\"},\"datePublished\":\"2019-12-22T21:51:49+00:00\",\"dateModified\":\"2025-08-05T21:27:30+00:00\",\"breadcrumb\":{\"@id\":\"https:\\\/\\\/rapidetech.com.br\\\/quem-somos\\\/#breadcrumb\"},\"inLanguage\":\"en-US\",\"potentialAction\":[{\"@type\":\"ReadAction\",\"target\":[\"https:\\\/\\\/rapidetech.com.br\\\/quem-somos\\\/\"]}]},{\"@type\":\"BreadcrumbList\",\"@id\":\"https:\\\/\\\/rapidetech.com.br\\\/quem-somos\\\/#breadcrumb\",\"itemListElement\":[{\"@type\":\"ListItem\",\"position\":1,\"name\":\"In\u00edcio\",\"item\":\"https:\\\/\\\/rapidetech.com.br\\\/\"},{\"@type\":\"ListItem\",\"position\":2,\"name\":\"Quem somos\"}]},{\"@type\":\"WebSite\",\"@id\":\"https:\\\/\\\/rapidetech.com.br\\\/#website\",\"url\":\"https:\\\/\\\/rapidetech.com.br\\\/\",\"name\":\"Rapidetech\",\"description\":\"Audio e video\",\"publisher\":{\"@id\":\"https:\\\/\\\/rapidetech.com.br\\\/#organization\"},\"potentialAction\":[{\"@type\":\"SearchAction\",\"target\":{\"@type\":\"EntryPoint\",\"urlTemplate\":\"https:\\\/\\\/rapidetech.com.br\\\/?s={search_term_string}\"},\"query-input\":{\"@type\":\"PropertyValueSpecification\",\"valueRequired\":true,\"valueName\":\"search_term_string\"}}],\"inLanguage\":\"en-US\"},{\"@type\":\"Organization\",\"@id\":\"https:\\\/\\\/rapidetech.com.br\\\/#organization\",\"name\":\"Rapidetech\",\"url\":\"https:\\\/\\\/rapidetech.com.br\\\/\",\"logo\":{\"@type\":\"ImageObject\",\"inLanguage\":\"en-US\",\"@id\":\"https:\\\/\\\/rapidetech.com.br\\\/#\\\/schema\\\/logo\\\/image\\\/\",\"url\":\"https:\\\/\\\/rapidetech.com.br\\\/wp-content\\\/uploads\\\/2022\\\/08\\\/RAPIDETECH-AUDIO-E-VIDEO.jpg\",\"contentUrl\":\"https:\\\/\\\/rapidetech.com.br\\\/wp-content\\\/uploads\\\/2022\\\/08\\\/RAPIDETECH-AUDIO-E-VIDEO.jpg\",\"width\":236,\"height\":213,\"caption\":\"Rapidetech\"},\"image\":{\"@id\":\"https:\\\/\\\/rapidetech.com.br\\\/#\\\/schema\\\/logo\\\/image\\\/\"},\"sameAs\":[\"https:\\\/\\\/rapidetech.com.br\\\/\",\"https:\\\/\\\/www.youtube.com\\\/channel\\\/UCQWlsTr9MvbqwWAekYtMNLQ\"]}]}<\/script>\n<!-- \/ Yoast SEO plugin. -->","yoast_head_json":{"title":"Quem somos - Rapidetech","robots":{"index":"index","follow":"follow","max-snippet":"max-snippet:-1","max-image-preview":"max-image-preview:large","max-video-preview":"max-video-preview:-1"},"canonical":"https:\/\/rapidetech.com.br\/en\/quem-somos\/","og_locale":"en_US","og_type":"article","og_title":"Quem somos - Rapidetech","og_description":"Nosso\u00a0site\u00a0 &#8220;Rapidetech &#8221;\u00a0 foi registrado com NOME PLENO\u00a0 e DOMINIO EXCLUSIVO\u00a0 ha\u00a0 4 anos , com o prop\u00f3sito de possibilitar a venda pontual de produtos de alta qualidade de AUDIO e VIDEO\u00a0 , de pessoa f\u00edsica para pessoa f\u00edsica . Com experi\u00eancia de mais de 17 anos em montagem de hometheater high-end como hobby e [&hellip;]","og_url":"https:\/\/rapidetech.com.br\/en\/quem-somos\/","og_site_name":"Rapidetech","article_modified_time":"2025-08-05T21:27:30+00:00","og_image":[{"width":1920,"height":886,"url":"https:\/\/rapidetech.com.br\/wp-content\/uploads\/2023\/08\/AnyConv.com__BANNER-PRINCIPAL-1-e1662643682616-Copia.webp","type":"image\/webp"}],"twitter_card":"summary_large_image","twitter_misc":{"Est. reading time":"3 minutes"},"schema":{"@context":"https:\/\/schema.org","@graph":[{"@type":"WebPage","@id":"https:\/\/rapidetech.com.br\/quem-somos\/","url":"https:\/\/rapidetech.com.br\/quem-somos\/","name":"Quem somos - Rapidetech","isPartOf":{"@id":"https:\/\/rapidetech.com.br\/#website"},"datePublished":"2019-12-22T21:51:49+00:00","dateModified":"2025-08-05T21:27:30+00:00","breadcrumb":{"@id":"https:\/\/rapidetech.com.br\/quem-somos\/#breadcrumb"},"inLanguage":"en-US","potentialAction":[{"@type":"ReadAction","target":["https:\/\/rapidetech.com.br\/quem-somos\/"]}]},{"@type":"BreadcrumbList","@id":"https:\/\/rapidetech.com.br\/quem-somos\/#breadcrumb","itemListElement":[{"@type":"ListItem","position":1,"name":"In\u00edcio","item":"https:\/\/rapidetech.com.br\/"},{"@type":"ListItem","position":2,"name":"Quem somos"}]},{"@type":"WebSite","@id":"https:\/\/rapidetech.com.br\/#website","url":"https:\/\/rapidetech.com.br\/","name":"Rapidetech","description":"Audio e video","publisher":{"@id":"https:\/\/rapidetech.com.br\/#organization"},"potentialAction":[{"@type":"SearchAction","target":{"@type":"EntryPoint","urlTemplate":"https:\/\/rapidetech.com.br\/?s={search_term_string}"},"query-input":{"@type":"PropertyValueSpecification","valueRequired":true,"valueName":"search_term_string"}}],"inLanguage":"en-US"},{"@type":"Organization","@id":"https:\/\/rapidetech.com.br\/#organization","name":"Rapidetech","url":"https:\/\/rapidetech.com.br\/","logo":{"@type":"ImageObject","inLanguage":"en-US","@id":"https:\/\/rapidetech.com.br\/#\/schema\/logo\/image\/","url":"https:\/\/rapidetech.com.br\/wp-content\/uploads\/2022\/08\/RAPIDETECH-AUDIO-E-VIDEO.jpg","contentUrl":"https:\/\/rapidetech.com.br\/wp-content\/uploads\/2022\/08\/RAPIDETECH-AUDIO-E-VIDEO.jpg","width":236,"height":213,"caption":"Rapidetech"},"image":{"@id":"https:\/\/rapidetech.com.br\/#\/schema\/logo\/image\/"},"sameAs":["https:\/\/rapidetech.com.br\/","https:\/\/www.youtube.com\/channel\/UCQWlsTr9MvbqwWAekYtMNLQ"]}]}},"_links":{"self":[{"href":"https:\/\/rapidetech.com.br\/en\/wp-json\/wp\/v2\/pages\/139","targetHints":{"allow":["GET"]}}],"collection":[{"href":"https:\/\/rapidetech.com.br\/en\/wp-json\/wp\/v2\/pages"}],"about":[{"href":"https:\/\/rapidetech.com.br\/en\/wp-json\/wp\/v2\/types\/page"}],"author":[{"embeddable":true,"href":"https:\/\/rapidetech.com.br\/en\/wp-json\/wp\/v2\/users\/1"}],"replies":[{"embeddable":true,"href":"https:\/\/rapidetech.com.br\/en\/wp-json\/wp\/v2\/comments?post=139"}],"version-history":[{"count":0,"href":"https:\/\/rapidetech.com.br\/en\/wp-json\/wp\/v2\/pages\/139\/revisions"}],"wp:attachment":[{"href":"https:\/\/rapidetech.com.br\/en\/wp-json\/wp\/v2\/media?parent=139"}],"curies":[{"name":"wp","href":"https:\/\/api.w.org\/{rel}","templated":true}]}}