{"id":2183,"date":"2016-02-28T08:28:22","date_gmt":"2016-02-28T08:28:22","guid":{"rendered":"https:\/\/demo2.chethemes.com\/electro\/?page_id=2183"},"modified":"2023-07-09T09:38:11","modified_gmt":"2023-07-09T12:38:11","slug":"termos-e-condicoes","status":"publish","type":"page","link":"https:\/\/rapidetech.com.br\/en\/termos-e-condicoes\/","title":{"rendered":"Termos e condi\u00e7\u00f5es"},"content":{"rendered":"\t\t<div data-elementor-type=\"wp-page\" data-elementor-id=\"2183\" class=\"elementor elementor-2183\" data-elementor-settings=\"{&quot;ha_cmc_init_switcher&quot;:&quot;no&quot;}\" data-elementor-post-type=\"page\">\n\t\t\t\t\t\t<section class=\"elementor-section elementor-top-section elementor-element elementor-element-314827a4 elementor-section-boxed elementor-section-height-default elementor-section-height-default\" data-id=\"314827a4\" data-element_type=\"section\" data-e-type=\"section\" data-settings=\"{&quot;background_background&quot;:&quot;classic&quot;,&quot;_ha_eqh_enable&quot;:false}\">\n\t\t\t\t\t\t<div class=\"elementor-container elementor-column-gap-default\">\n\t\t\t\t\t<div class=\"elementor-column elementor-col-100 elementor-top-column elementor-element elementor-element-258eeccb\" data-id=\"258eeccb\" data-element_type=\"column\" data-e-type=\"column\">\n\t\t\t<div class=\"elementor-widget-wrap elementor-element-populated\">\n\t\t\t\t\t\t<div class=\"elementor-element elementor-element-5e79135d elementor-widget elementor-widget-text-editor\" data-id=\"5e79135d\" data-element_type=\"widget\" data-e-type=\"widget\" data-widget_type=\"text-editor.default\">\n\t\t\t\t<div class=\"elementor-widget-container\">\n\t\t\t\t\t\t\t\t\t<div class=\"group w-full text-gray-800 dark:text-gray-100 border-b border-black\/10 dark:border-gray-900\/50 bg-gray-50 dark:bg-[#444654]\">\n<div class=\"flex p-4 gap-4 text-base md:gap-6 md:max-w-2xl lg:max-w-[38rem] xl:max-w-3xl md:py-6 lg:px-0 m-auto\">\n<div class=\"relative flex w-[calc(100%-50px)] flex-col gap-1 md:gap-3 lg:w-[calc(100%-115px)]\">\n<div class=\"flex flex-grow flex-col gap-3\">\n<div class=\"min-h-[20px] flex items-start overflow-x-auto whitespace-pre-wrap break-words flex-col gap-4\">\n<div class=\"markdown prose w-full break-words dark:prose-invert light\">\n<ol>\n<li><em>Uso do Site:<\/em><\/li>\n<\/ol>\n<ul>\n<li>Os usu\u00e1rios concordam em utilizar o site de acordo com as leis e regulamenta\u00e7\u00f5es aplic\u00e1veis.<\/li>\n<li>Os usu\u00e1rios n\u00e3o devem usar o site para qualquer finalidade ilegal ou n\u00e3o autorizada.<\/li>\n<\/ul>\n<ol start=\"2\">\n<li><em>Propriedade Intelectual:<\/em><\/li>\n<\/ol>\n<ul>\n<li>Todos os direitos autorais e propriedade intelectual relacionados ao conte\u00fado do site pertencem ao propriet\u00e1rio do site.<\/li>\n<li>Os usu\u00e1rios n\u00e3o podem copiar, reproduzir ou distribuir o conte\u00fado do site sem autoriza\u00e7\u00e3o pr\u00e9via.<\/li>\n<\/ul>\n<ol start=\"3\">\n<li><em>Privacidade:<\/em><\/li>\n<\/ol>\n<ul>\n<li>O site coleta e armazena informa\u00e7\u00f5es pessoais dos usu\u00e1rios de acordo com sua pol\u00edtica de privacidade.<\/li>\n<li>As informa\u00e7\u00f5es pessoais dos usu\u00e1rios n\u00e3o ser\u00e3o compartilhadas com terceiros sem consentimento pr\u00e9vio, exceto quando exigido por lei.<\/li>\n<\/ul>\n<ol start=\"4\">\n<li><em>Links Externos:<\/em><\/li>\n<\/ol>\n<ul>\n<li>O site pode conter links para sites de terceiros. Esses links s\u00e3o fornecidos apenas para conveni\u00eancia dos usu\u00e1rios e o propriet\u00e1rio do site n\u00e3o \u00e9 respons\u00e1vel pelo conte\u00fado desses sites.<\/li>\n<\/ul>\n<ol start=\"5\">\n<li><em>Limita\u00e7\u00e3o de Responsabilidade<\/em>:<\/li>\n<\/ol>\n<ul>\n<li>O propriet\u00e1rio do site n\u00e3o se responsabiliza por quaisquer danos diretos, indiretos, incidentais, especiais ou consequenciais decorrentes do uso ou incapacidade de uso do site.<\/li>\n<\/ul>\n<ol start=\"6\">\n<li><i>Modifica\u00e7\u00f5es nos Termos e Condi\u00e7\u00f5es<\/i>:<\/li>\n<\/ol>\n<ul>\n<li>O propriet\u00e1rio do site reserva o direito de modificar os termos e condi\u00e7\u00f5es a qualquer momento, sem aviso pr\u00e9vio. Os usu\u00e1rios s\u00e3o respons\u00e1veis por revisar periodicamente os termos atualizados.<\/li>\n<\/ul>\n<ol start=\"7\">\n<li><em>Lei Aplic\u00e1vel e Jurisdi\u00e7\u00e3o:<\/em><\/li>\n<\/ol>\n<ul>\n<li>Os termos e condi\u00e7\u00f5es ser\u00e3o regidos e interpretados de acordo com as leis do pa\u00eds ou estado onde o site est\u00e1 sediado.<\/li>\n<li>Em caso de lit\u00edgio, as partes concordam em submeter-se \u00e0 jurisdi\u00e7\u00e3o exclusiva dos tribunais competentes.<\/li>\n<\/ul>\n<p>&nbsp;<\/p>\n<\/div>\n<\/div>\n<\/div>\n<div class=\"flex justify-between lg:block\">\n<div class=\"text-gray-400 flex self-end lg:self-center justify-center mt-2 gap-2 md:gap-3 lg:gap-1 lg:absolute lg:top-0 lg:translate-x-full lg:right-0 lg:mt-0 lg:pl-2 visible\">\n<div class=\"flex gap-1\"><\/div>\n<\/div>\n<\/div>\n<\/div>\n<\/div>\n<\/div>\t\t\t\t\t\t\t\t<\/div>\n\t\t\t\t<\/div>\n\t\t\t\t\t<\/div>\n\t\t<\/div>\n\t\t\t\t\t<\/div>\n\t\t<\/section>\n\t\t\t\t<\/div>\n\t\t","protected":false},"excerpt":{"rendered":"<p>Uso do Site: Os usu\u00e1rios concordam em utilizar o site de acordo com as leis e regulamenta\u00e7\u00f5es aplic\u00e1veis. Os usu\u00e1rios n\u00e3o devem usar o site para qualquer finalidade ilegal ou n\u00e3o autorizada. Propriedade Intelectual: Todos os direitos autorais e propriedade intelectual relacionados ao conte\u00fado do site pertencem ao propriet\u00e1rio do site. Os usu\u00e1rios n\u00e3o podem [&hellip;]<\/p>\n","protected":false},"author":104,"featured_media":0,"parent":0,"menu_order":0,"comment_status":"closed","ping_status":"closed","template":"","meta":{"footnotes":""},"class_list":["post-2183","page","type-page","status-publish","hentry"],"yoast_head":"<!-- This site is optimized with the Yoast SEO plugin v27.4 - https:\/\/yoast.com\/product\/yoast-seo-wordpress\/ -->\n<title>Termos e condi\u00e7\u00f5es - Rapidetech<\/title>\n<meta name=\"robots\" content=\"index, follow, max-snippet:-1, max-image-preview:large, max-video-preview:-1\" \/>\n<link rel=\"canonical\" href=\"https:\/\/rapidetech.com.br\/en\/termos-e-condicoes\/\" \/>\n<meta property=\"og:locale\" content=\"en_US\" \/>\n<meta property=\"og:type\" content=\"article\" \/>\n<meta property=\"og:title\" content=\"Termos e condi\u00e7\u00f5es - Rapidetech\" \/>\n<meta property=\"og:description\" content=\"Uso do Site: Os usu\u00e1rios concordam em utilizar o site de acordo com as leis e regulamenta\u00e7\u00f5es aplic\u00e1veis. Os usu\u00e1rios n\u00e3o devem usar o site para qualquer finalidade ilegal ou n\u00e3o autorizada. Propriedade Intelectual: Todos os direitos autorais e propriedade intelectual relacionados ao conte\u00fado do site pertencem ao propriet\u00e1rio do site. Os usu\u00e1rios n\u00e3o podem [&hellip;]\" \/>\n<meta property=\"og:url\" content=\"https:\/\/rapidetech.com.br\/en\/termos-e-condicoes\/\" \/>\n<meta property=\"og:site_name\" content=\"Rapidetech\" \/>\n<meta property=\"article:modified_time\" content=\"2023-07-09T12:38:11+00:00\" \/>\n<meta property=\"og:image\" content=\"https:\/\/rapidetech.com.br\/wp-content\/uploads\/2023\/08\/AnyConv.com__BANNER-PRINCIPAL-1-e1662643682616-Copia.webp\" \/>\n\t<meta property=\"og:image:width\" content=\"1920\" \/>\n\t<meta property=\"og:image:height\" content=\"886\" \/>\n\t<meta property=\"og:image:type\" content=\"image\/webp\" \/>\n<meta name=\"twitter:card\" content=\"summary_large_image\" \/>\n<meta name=\"twitter:label1\" content=\"Est. reading time\" \/>\n\t<meta name=\"twitter:data1\" content=\"2 minutes\" \/>\n<script type=\"application\/ld+json\" class=\"yoast-schema-graph\">{\"@context\":\"https:\\\/\\\/schema.org\",\"@graph\":[{\"@type\":\"WebPage\",\"@id\":\"https:\\\/\\\/rapidetech.com.br\\\/termos-e-condicoes\\\/\",\"url\":\"https:\\\/\\\/rapidetech.com.br\\\/termos-e-condicoes\\\/\",\"name\":\"Termos e condi\u00e7\u00f5es - Rapidetech\",\"isPartOf\":{\"@id\":\"https:\\\/\\\/rapidetech.com.br\\\/#website\"},\"datePublished\":\"2016-02-28T08:28:22+00:00\",\"dateModified\":\"2023-07-09T12:38:11+00:00\",\"breadcrumb\":{\"@id\":\"https:\\\/\\\/rapidetech.com.br\\\/termos-e-condicoes\\\/#breadcrumb\"},\"inLanguage\":\"en-US\",\"potentialAction\":[{\"@type\":\"ReadAction\",\"target\":[\"https:\\\/\\\/rapidetech.com.br\\\/termos-e-condicoes\\\/\"]}]},{\"@type\":\"BreadcrumbList\",\"@id\":\"https:\\\/\\\/rapidetech.com.br\\\/termos-e-condicoes\\\/#breadcrumb\",\"itemListElement\":[{\"@type\":\"ListItem\",\"position\":1,\"name\":\"In\u00edcio\",\"item\":\"https:\\\/\\\/rapidetech.com.br\\\/\"},{\"@type\":\"ListItem\",\"position\":2,\"name\":\"Termos e condi\u00e7\u00f5es\"}]},{\"@type\":\"WebSite\",\"@id\":\"https:\\\/\\\/rapidetech.com.br\\\/#website\",\"url\":\"https:\\\/\\\/rapidetech.com.br\\\/\",\"name\":\"Rapidetech\",\"description\":\"Audio e video\",\"publisher\":{\"@id\":\"https:\\\/\\\/rapidetech.com.br\\\/#organization\"},\"potentialAction\":[{\"@type\":\"SearchAction\",\"target\":{\"@type\":\"EntryPoint\",\"urlTemplate\":\"https:\\\/\\\/rapidetech.com.br\\\/?s={search_term_string}\"},\"query-input\":{\"@type\":\"PropertyValueSpecification\",\"valueRequired\":true,\"valueName\":\"search_term_string\"}}],\"inLanguage\":\"en-US\"},{\"@type\":\"Organization\",\"@id\":\"https:\\\/\\\/rapidetech.com.br\\\/#organization\",\"name\":\"Rapidetech\",\"url\":\"https:\\\/\\\/rapidetech.com.br\\\/\",\"logo\":{\"@type\":\"ImageObject\",\"inLanguage\":\"en-US\",\"@id\":\"https:\\\/\\\/rapidetech.com.br\\\/#\\\/schema\\\/logo\\\/image\\\/\",\"url\":\"https:\\\/\\\/rapidetech.com.br\\\/wp-content\\\/uploads\\\/2022\\\/08\\\/RAPIDETECH-AUDIO-E-VIDEO.jpg\",\"contentUrl\":\"https:\\\/\\\/rapidetech.com.br\\\/wp-content\\\/uploads\\\/2022\\\/08\\\/RAPIDETECH-AUDIO-E-VIDEO.jpg\",\"width\":236,\"height\":213,\"caption\":\"Rapidetech\"},\"image\":{\"@id\":\"https:\\\/\\\/rapidetech.com.br\\\/#\\\/schema\\\/logo\\\/image\\\/\"},\"sameAs\":[\"https:\\\/\\\/rapidetech.com.br\\\/\",\"https:\\\/\\\/www.youtube.com\\\/channel\\\/UCQWlsTr9MvbqwWAekYtMNLQ\"]}]}<\/script>\n<!-- \/ Yoast SEO plugin. -->","yoast_head_json":{"title":"Termos e condi\u00e7\u00f5es - Rapidetech","robots":{"index":"index","follow":"follow","max-snippet":"max-snippet:-1","max-image-preview":"max-image-preview:large","max-video-preview":"max-video-preview:-1"},"canonical":"https:\/\/rapidetech.com.br\/en\/termos-e-condicoes\/","og_locale":"en_US","og_type":"article","og_title":"Termos e condi\u00e7\u00f5es - Rapidetech","og_description":"Uso do Site: Os usu\u00e1rios concordam em utilizar o site de acordo com as leis e regulamenta\u00e7\u00f5es aplic\u00e1veis. Os usu\u00e1rios n\u00e3o devem usar o site para qualquer finalidade ilegal ou n\u00e3o autorizada. Propriedade Intelectual: Todos os direitos autorais e propriedade intelectual relacionados ao conte\u00fado do site pertencem ao propriet\u00e1rio do site. Os usu\u00e1rios n\u00e3o podem [&hellip;]","og_url":"https:\/\/rapidetech.com.br\/en\/termos-e-condicoes\/","og_site_name":"Rapidetech","article_modified_time":"2023-07-09T12:38:11+00:00","og_image":[{"width":1920,"height":886,"url":"https:\/\/rapidetech.com.br\/wp-content\/uploads\/2023\/08\/AnyConv.com__BANNER-PRINCIPAL-1-e1662643682616-Copia.webp","type":"image\/webp"}],"twitter_card":"summary_large_image","twitter_misc":{"Est. reading time":"2 minutes"},"schema":{"@context":"https:\/\/schema.org","@graph":[{"@type":"WebPage","@id":"https:\/\/rapidetech.com.br\/termos-e-condicoes\/","url":"https:\/\/rapidetech.com.br\/termos-e-condicoes\/","name":"Termos e condi\u00e7\u00f5es - Rapidetech","isPartOf":{"@id":"https:\/\/rapidetech.com.br\/#website"},"datePublished":"2016-02-28T08:28:22+00:00","dateModified":"2023-07-09T12:38:11+00:00","breadcrumb":{"@id":"https:\/\/rapidetech.com.br\/termos-e-condicoes\/#breadcrumb"},"inLanguage":"en-US","potentialAction":[{"@type":"ReadAction","target":["https:\/\/rapidetech.com.br\/termos-e-condicoes\/"]}]},{"@type":"BreadcrumbList","@id":"https:\/\/rapidetech.com.br\/termos-e-condicoes\/#breadcrumb","itemListElement":[{"@type":"ListItem","position":1,"name":"In\u00edcio","item":"https:\/\/rapidetech.com.br\/"},{"@type":"ListItem","position":2,"name":"Termos e condi\u00e7\u00f5es"}]},{"@type":"WebSite","@id":"https:\/\/rapidetech.com.br\/#website","url":"https:\/\/rapidetech.com.br\/","name":"Rapidetech","description":"Audio e video","publisher":{"@id":"https:\/\/rapidetech.com.br\/#organization"},"potentialAction":[{"@type":"SearchAction","target":{"@type":"EntryPoint","urlTemplate":"https:\/\/rapidetech.com.br\/?s={search_term_string}"},"query-input":{"@type":"PropertyValueSpecification","valueRequired":true,"valueName":"search_term_string"}}],"inLanguage":"en-US"},{"@type":"Organization","@id":"https:\/\/rapidetech.com.br\/#organization","name":"Rapidetech","url":"https:\/\/rapidetech.com.br\/","logo":{"@type":"ImageObject","inLanguage":"en-US","@id":"https:\/\/rapidetech.com.br\/#\/schema\/logo\/image\/","url":"https:\/\/rapidetech.com.br\/wp-content\/uploads\/2022\/08\/RAPIDETECH-AUDIO-E-VIDEO.jpg","contentUrl":"https:\/\/rapidetech.com.br\/wp-content\/uploads\/2022\/08\/RAPIDETECH-AUDIO-E-VIDEO.jpg","width":236,"height":213,"caption":"Rapidetech"},"image":{"@id":"https:\/\/rapidetech.com.br\/#\/schema\/logo\/image\/"},"sameAs":["https:\/\/rapidetech.com.br\/","https:\/\/www.youtube.com\/channel\/UCQWlsTr9MvbqwWAekYtMNLQ"]}]}},"_links":{"self":[{"href":"https:\/\/rapidetech.com.br\/en\/wp-json\/wp\/v2\/pages\/2183","targetHints":{"allow":["GET"]}}],"collection":[{"href":"https:\/\/rapidetech.com.br\/en\/wp-json\/wp\/v2\/pages"}],"about":[{"href":"https:\/\/rapidetech.com.br\/en\/wp-json\/wp\/v2\/types\/page"}],"author":[{"embeddable":true,"href":"https:\/\/rapidetech.com.br\/en\/wp-json\/wp\/v2\/users\/104"}],"replies":[{"embeddable":true,"href":"https:\/\/rapidetech.com.br\/en\/wp-json\/wp\/v2\/comments?post=2183"}],"version-history":[{"count":0,"href":"https:\/\/rapidetech.com.br\/en\/wp-json\/wp\/v2\/pages\/2183\/revisions"}],"wp:attachment":[{"href":"https:\/\/rapidetech.com.br\/en\/wp-json\/wp\/v2\/media?parent=2183"}],"curies":[{"name":"wp","href":"https:\/\/api.w.org\/{rel}","templated":true}]}}