{"id":3,"date":"2019-11-06T22:32:47","date_gmt":"2019-11-06T22:32:47","guid":{"rendered":"http:\/\/rapidetech.com.br\/?page_id=3"},"modified":"2023-11-09T18:45:36","modified_gmt":"2023-11-09T21:45:36","slug":"politica-de-privacidade","status":"publish","type":"page","link":"https:\/\/rapidetech.com.br\/en\/politica-de-privacidade\/","title":{"rendered":"Politica de privacidade"},"content":{"rendered":"<div data-elementor-type=\"wp-page\" data-elementor-id=\"3\" class=\"elementor elementor-3\" data-elementor-settings=\"{&quot;ha_cmc_init_switcher&quot;:&quot;no&quot;}\" data-elementor-post-type=\"page\">\n\t\t\t\t\t\t<section class=\"elementor-section elementor-top-section elementor-element elementor-element-55fbed6b elementor-section-boxed elementor-section-height-default elementor-section-height-default\" data-id=\"55fbed6b\" data-element_type=\"section\" data-e-type=\"section\" data-settings=\"{&quot;background_background&quot;:&quot;classic&quot;,&quot;_ha_eqh_enable&quot;:false}\">\n\t\t\t\t\t\t<div class=\"elementor-container elementor-column-gap-default\">\n\t\t\t\t\t<div class=\"elementor-column elementor-col-100 elementor-top-column elementor-element elementor-element-3617b86f\" data-id=\"3617b86f\" data-element_type=\"column\" data-e-type=\"column\" data-settings=\"{&quot;background_background&quot;:&quot;classic&quot;}\">\n\t\t\t<div class=\"elementor-widget-wrap elementor-element-populated\">\n\t\t\t\t\t\t<div class=\"elementor-element elementor-element-5ecf01de elementor-widget-mobile__width-initial ha-has-bg-overlay elementor-widget elementor-widget-text-editor\" data-id=\"5ecf01de\" data-element_type=\"widget\" data-e-type=\"widget\" data-widget_type=\"text-editor.default\">\n\t\t\t\t<div class=\"elementor-widget-container\">\n\t\t\t\t\t\t\t\t\t<p><u><i>Politica de privacidade<\/i><\/u>\u00a0:<\/p><p>Nosso endere\u00e7o do site \u00e9: <a href=\"http:\/\/rapidetech.com.br\/en\/\" target=\"_new\" rel=\"noopener\">https:\/\/rapidetech.com.br<\/a>.<\/p><p><u>Coment\u00e1rios<\/u><\/p><p>Quando os visitantes deixam coment\u00e1rios no site, so coletamos os dados mostrados no formul\u00e1rio de coment\u00e1rios,\u00a0 a idoneidade do endere\u00e7o IP do visitante e verificada automaticamente para ajudar na detec\u00e7\u00e3o de spam.Uma sequ\u00eancia anonimizada criada a partir do endere\u00e7o de e-mail informado\u00a0 (tamb\u00e9m chamada de hash) pode ser fornecida ao servi\u00e7o Gravatar para legitimar os dados . A pol\u00edtica de privacidade do servi\u00e7o Gravatar est\u00e1 dispon\u00edvel aqui: <a style=\"background-color: #ffffff;\" href=\"https:\/\/automattic.com\/privacy\/\" target=\"_new\" rel=\"noopener\">https:\/\/automattic.com\/privacy\/<\/a>.\u00a0<\/p><p><u>M\u00eddia<\/u><\/p><p>Se voc\u00ea enviar imagens para o site, evite enviar imagens com dados de localiza\u00e7\u00e3o incorporados (EXIF GPS). Os visitantes do site podem baixar e extrair quaisquer dados de localiza\u00e7\u00e3o das imagens do site.Ao utilizar os formul\u00e1rios de contato no site, os dados fornecidos pelo visitante ser\u00e3o utilizados para fins de comunica\u00e7\u00e3o e resposta.<\/p><p><u>Cookies<\/u><\/p><p>Se voc\u00ea deixar um coment\u00e1rio em nosso site, poder\u00e1 optar por salvar seu nome, endere\u00e7o de e-mail e site em cookies. Isso \u00e9 para sua conveni\u00eancia, para que voc\u00ea n\u00e3o precise preencher seus detalhes novamente ao deixar outro coment\u00e1rio. Esses cookies t\u00eam dura\u00e7\u00e3o de um ano.Se voc\u00ea visitar nossa p\u00e1gina de login, definiremos um cookie tempor\u00e1rio para determinar se seu navegador aceita cookies. Este cookie n\u00e3o cont\u00e9m dados pessoais e \u00e9 descartado quando voc\u00ea fecha o navegador.Ao fazer login, tamb\u00e9m configuraremos v\u00e1rios cookies para salvar suas informa\u00e7\u00f5es de login e suas escolhas de exibi\u00e7\u00e3o de tela. Os cookies de login t\u00eam dura\u00e7\u00e3o de dois dias, e os cookies de op\u00e7\u00f5es de tela t\u00eam dura\u00e7\u00e3o de um ano. Se voc\u00ea selecionar &#8220;Lembrar-me&#8221;, seu login persistir\u00e1 por duas semanas. Se voc\u00ea sair da sua conta, os cookies de login ser\u00e3o removidos.Se voc\u00ea editar ou publicar um artigo, um cookie adicional ser\u00e1 salvo no seu navegador. Esse cookie n\u00e3o cont\u00e9m dados pessoais e simplesmente indica o ID do artigo que voc\u00ea acabou de editar. Ele expira ap\u00f3s 1 dia.Os artigos deste site podem incluir conte\u00fado incorporado (por exemplo, v\u00eddeos, imagens, artigos etc.). O conte\u00fado incorporado de outros sites se comporta da mesma maneira como se o visitante estivesse visitando o outro site.<\/p><p>Esses sites podem coletar dados sobre voc\u00ea, usar cookies, incorporar rastreamento adicional de terceiros e monitorar sua intera\u00e7\u00e3o com o conte\u00fado incorporado, incluindo o rastreamento da sua intera\u00e7\u00e3o com o conte\u00fado incorporado se voc\u00ea tiver uma conta e estiver conectado a esse site.<\/p><p><u>An\u00e1lises<\/u><\/p><p>Se voc\u00ea deixar um coment\u00e1rio, o coment\u00e1rio e seus metadados s\u00e3o analisados ,isso \u00e9 feito para que possamos reconhecer e aprovar automaticamente quaisquer coment\u00e1rios de acompanhamento, em vez de mant\u00ea-los em uma fila de modera\u00e7\u00e3o.Para usu\u00e1rios que se registram em nosso site (se houver), tamb\u00e9m armazenamos as informa\u00e7\u00f5es pessoais que eles fornecem em seu perfil de usu\u00e1rio. Todos os usu\u00e1rios podem ver, editar ou excluir suas informa\u00e7\u00f5es pessoais a qualquer momento (exceto que n\u00e3o \u00e9 poss\u00edvel alterar o nome de usu\u00e1rio).<\/p><p><u>Quais s\u00e3o os seus direitos sobre seus dados<\/u><\/p><p>Se voc\u00ea tiver uma conta neste site ou tiver deixado coment\u00e1rios, os dados pessoais\u00a0 incluindo quaisquer dados que voc\u00ea nos tenha fornecido\u00a0 s\u00e3o restritos e reservados (O.b.s a exigencia de preenchimento de data de nascimento e uma imposi\u00e7\u00e3o\u00a0 do Pagseguro ) . Os dados sao mantidos para fins administrativos, legais ou de seguran\u00e7a .Os coment\u00e1rios dos visitantes podem ser verificados por um servi\u00e7o automatizado de detec\u00e7\u00e3o de spam.<\/p>\t\t\t\t\t\t\t\t<\/div>\n\t\t\t\t<\/div>\n\t\t\t\t\t<\/div>\n\t\t<\/div>\n\t\t\t\t\t<\/div>\n\t\t<\/section>\n\t\t\t\t<\/div>","protected":false},"excerpt":{"rendered":"<p>Politica de privacidade\u00a0: Nosso endere\u00e7o do site \u00e9: https:\/\/rapidetech.com.br. Coment\u00e1rios Quando os visitantes deixam coment\u00e1rios no site, so coletamos os dados mostrados no formul\u00e1rio de coment\u00e1rios,\u00a0 a idoneidade do endere\u00e7o IP do visitante e verificada automaticamente para ajudar na detec\u00e7\u00e3o de spam.Uma sequ\u00eancia anonimizada criada a partir do endere\u00e7o de e-mail informado\u00a0 (tamb\u00e9m chamada de [&hellip;]<\/p>\n","protected":false},"author":1,"featured_media":0,"parent":0,"menu_order":0,"comment_status":"closed","ping_status":"open","template":"","meta":{"footnotes":""},"class_list":["post-3","page","type-page","status-publish","hentry"],"yoast_head":"<!-- This site is optimized with the Yoast SEO plugin v27.4 - https:\/\/yoast.com\/product\/yoast-seo-wordpress\/ -->\n<title>Politica de privacidade - Rapidetech<\/title>\n<meta name=\"robots\" content=\"index, follow, max-snippet:-1, max-image-preview:large, max-video-preview:-1\" \/>\n<link rel=\"canonical\" href=\"https:\/\/rapidetech.com.br\/en\/politica-de-privacidade\/\" \/>\n<meta property=\"og:locale\" content=\"en_US\" \/>\n<meta property=\"og:type\" content=\"article\" \/>\n<meta property=\"og:title\" content=\"Politica de privacidade - Rapidetech\" \/>\n<meta property=\"og:description\" content=\"Politica de privacidade\u00a0: Nosso endere\u00e7o do site \u00e9: https:\/\/rapidetech.com.br. Coment\u00e1rios Quando os visitantes deixam coment\u00e1rios no site, so coletamos os dados mostrados no formul\u00e1rio de coment\u00e1rios,\u00a0 a idoneidade do endere\u00e7o IP do visitante e verificada automaticamente para ajudar na detec\u00e7\u00e3o de spam.Uma sequ\u00eancia anonimizada criada a partir do endere\u00e7o de e-mail informado\u00a0 (tamb\u00e9m chamada de [&hellip;]\" \/>\n<meta property=\"og:url\" content=\"https:\/\/rapidetech.com.br\/en\/politica-de-privacidade\/\" \/>\n<meta property=\"og:site_name\" content=\"Rapidetech\" \/>\n<meta property=\"article:modified_time\" content=\"2023-11-09T21:45:36+00:00\" \/>\n<meta property=\"og:image\" content=\"https:\/\/rapidetech.com.br\/wp-content\/uploads\/2023\/08\/AnyConv.com__BANNER-PRINCIPAL-1-e1662643682616-Copia.webp\" \/>\n\t<meta property=\"og:image:width\" content=\"1920\" \/>\n\t<meta property=\"og:image:height\" content=\"886\" \/>\n\t<meta property=\"og:image:type\" content=\"image\/webp\" \/>\n<meta name=\"twitter:card\" content=\"summary_large_image\" \/>\n<meta name=\"twitter:label1\" content=\"Est. reading time\" \/>\n\t<meta name=\"twitter:data1\" content=\"3 minutes\" \/>\n<script type=\"application\/ld+json\" class=\"yoast-schema-graph\">{\"@context\":\"https:\\\/\\\/schema.org\",\"@graph\":[{\"@type\":\"WebPage\",\"@id\":\"https:\\\/\\\/rapidetech.com.br\\\/politica-de-privacidade\\\/\",\"url\":\"https:\\\/\\\/rapidetech.com.br\\\/politica-de-privacidade\\\/\",\"name\":\"Politica de privacidade - Rapidetech\",\"isPartOf\":{\"@id\":\"https:\\\/\\\/rapidetech.com.br\\\/#website\"},\"datePublished\":\"2019-11-06T22:32:47+00:00\",\"dateModified\":\"2023-11-09T21:45:36+00:00\",\"breadcrumb\":{\"@id\":\"https:\\\/\\\/rapidetech.com.br\\\/politica-de-privacidade\\\/#breadcrumb\"},\"inLanguage\":\"en-US\",\"potentialAction\":[{\"@type\":\"ReadAction\",\"target\":[\"https:\\\/\\\/rapidetech.com.br\\\/politica-de-privacidade\\\/\"]}]},{\"@type\":\"BreadcrumbList\",\"@id\":\"https:\\\/\\\/rapidetech.com.br\\\/politica-de-privacidade\\\/#breadcrumb\",\"itemListElement\":[{\"@type\":\"ListItem\",\"position\":1,\"name\":\"In\u00edcio\",\"item\":\"https:\\\/\\\/rapidetech.com.br\\\/\"},{\"@type\":\"ListItem\",\"position\":2,\"name\":\"Politica de privacidade\"}]},{\"@type\":\"WebSite\",\"@id\":\"https:\\\/\\\/rapidetech.com.br\\\/#website\",\"url\":\"https:\\\/\\\/rapidetech.com.br\\\/\",\"name\":\"Rapidetech\",\"description\":\"Audio e video\",\"publisher\":{\"@id\":\"https:\\\/\\\/rapidetech.com.br\\\/#organization\"},\"potentialAction\":[{\"@type\":\"SearchAction\",\"target\":{\"@type\":\"EntryPoint\",\"urlTemplate\":\"https:\\\/\\\/rapidetech.com.br\\\/?s={search_term_string}\"},\"query-input\":{\"@type\":\"PropertyValueSpecification\",\"valueRequired\":true,\"valueName\":\"search_term_string\"}}],\"inLanguage\":\"en-US\"},{\"@type\":\"Organization\",\"@id\":\"https:\\\/\\\/rapidetech.com.br\\\/#organization\",\"name\":\"Rapidetech\",\"url\":\"https:\\\/\\\/rapidetech.com.br\\\/\",\"logo\":{\"@type\":\"ImageObject\",\"inLanguage\":\"en-US\",\"@id\":\"https:\\\/\\\/rapidetech.com.br\\\/#\\\/schema\\\/logo\\\/image\\\/\",\"url\":\"https:\\\/\\\/rapidetech.com.br\\\/wp-content\\\/uploads\\\/2022\\\/08\\\/RAPIDETECH-AUDIO-E-VIDEO.jpg\",\"contentUrl\":\"https:\\\/\\\/rapidetech.com.br\\\/wp-content\\\/uploads\\\/2022\\\/08\\\/RAPIDETECH-AUDIO-E-VIDEO.jpg\",\"width\":236,\"height\":213,\"caption\":\"Rapidetech\"},\"image\":{\"@id\":\"https:\\\/\\\/rapidetech.com.br\\\/#\\\/schema\\\/logo\\\/image\\\/\"},\"sameAs\":[\"https:\\\/\\\/rapidetech.com.br\\\/\",\"https:\\\/\\\/www.youtube.com\\\/channel\\\/UCQWlsTr9MvbqwWAekYtMNLQ\"]}]}<\/script>\n<!-- \/ Yoast SEO plugin. -->","yoast_head_json":{"title":"Politica de privacidade - Rapidetech","robots":{"index":"index","follow":"follow","max-snippet":"max-snippet:-1","max-image-preview":"max-image-preview:large","max-video-preview":"max-video-preview:-1"},"canonical":"https:\/\/rapidetech.com.br\/en\/politica-de-privacidade\/","og_locale":"en_US","og_type":"article","og_title":"Politica de privacidade - Rapidetech","og_description":"Politica de privacidade\u00a0: Nosso endere\u00e7o do site \u00e9: https:\/\/rapidetech.com.br. Coment\u00e1rios Quando os visitantes deixam coment\u00e1rios no site, so coletamos os dados mostrados no formul\u00e1rio de coment\u00e1rios,\u00a0 a idoneidade do endere\u00e7o IP do visitante e verificada automaticamente para ajudar na detec\u00e7\u00e3o de spam.Uma sequ\u00eancia anonimizada criada a partir do endere\u00e7o de e-mail informado\u00a0 (tamb\u00e9m chamada de [&hellip;]","og_url":"https:\/\/rapidetech.com.br\/en\/politica-de-privacidade\/","og_site_name":"Rapidetech","article_modified_time":"2023-11-09T21:45:36+00:00","og_image":[{"width":1920,"height":886,"url":"https:\/\/rapidetech.com.br\/wp-content\/uploads\/2023\/08\/AnyConv.com__BANNER-PRINCIPAL-1-e1662643682616-Copia.webp","type":"image\/webp"}],"twitter_card":"summary_large_image","twitter_misc":{"Est. reading time":"3 minutes"},"schema":{"@context":"https:\/\/schema.org","@graph":[{"@type":"WebPage","@id":"https:\/\/rapidetech.com.br\/politica-de-privacidade\/","url":"https:\/\/rapidetech.com.br\/politica-de-privacidade\/","name":"Politica de privacidade - Rapidetech","isPartOf":{"@id":"https:\/\/rapidetech.com.br\/#website"},"datePublished":"2019-11-06T22:32:47+00:00","dateModified":"2023-11-09T21:45:36+00:00","breadcrumb":{"@id":"https:\/\/rapidetech.com.br\/politica-de-privacidade\/#breadcrumb"},"inLanguage":"en-US","potentialAction":[{"@type":"ReadAction","target":["https:\/\/rapidetech.com.br\/politica-de-privacidade\/"]}]},{"@type":"BreadcrumbList","@id":"https:\/\/rapidetech.com.br\/politica-de-privacidade\/#breadcrumb","itemListElement":[{"@type":"ListItem","position":1,"name":"In\u00edcio","item":"https:\/\/rapidetech.com.br\/"},{"@type":"ListItem","position":2,"name":"Politica de privacidade"}]},{"@type":"WebSite","@id":"https:\/\/rapidetech.com.br\/#website","url":"https:\/\/rapidetech.com.br\/","name":"Rapidetech","description":"Audio e video","publisher":{"@id":"https:\/\/rapidetech.com.br\/#organization"},"potentialAction":[{"@type":"SearchAction","target":{"@type":"EntryPoint","urlTemplate":"https:\/\/rapidetech.com.br\/?s={search_term_string}"},"query-input":{"@type":"PropertyValueSpecification","valueRequired":true,"valueName":"search_term_string"}}],"inLanguage":"en-US"},{"@type":"Organization","@id":"https:\/\/rapidetech.com.br\/#organization","name":"Rapidetech","url":"https:\/\/rapidetech.com.br\/","logo":{"@type":"ImageObject","inLanguage":"en-US","@id":"https:\/\/rapidetech.com.br\/#\/schema\/logo\/image\/","url":"https:\/\/rapidetech.com.br\/wp-content\/uploads\/2022\/08\/RAPIDETECH-AUDIO-E-VIDEO.jpg","contentUrl":"https:\/\/rapidetech.com.br\/wp-content\/uploads\/2022\/08\/RAPIDETECH-AUDIO-E-VIDEO.jpg","width":236,"height":213,"caption":"Rapidetech"},"image":{"@id":"https:\/\/rapidetech.com.br\/#\/schema\/logo\/image\/"},"sameAs":["https:\/\/rapidetech.com.br\/","https:\/\/www.youtube.com\/channel\/UCQWlsTr9MvbqwWAekYtMNLQ"]}]}},"_links":{"self":[{"href":"https:\/\/rapidetech.com.br\/en\/wp-json\/wp\/v2\/pages\/3","targetHints":{"allow":["GET"]}}],"collection":[{"href":"https:\/\/rapidetech.com.br\/en\/wp-json\/wp\/v2\/pages"}],"about":[{"href":"https:\/\/rapidetech.com.br\/en\/wp-json\/wp\/v2\/types\/page"}],"author":[{"embeddable":true,"href":"https:\/\/rapidetech.com.br\/en\/wp-json\/wp\/v2\/users\/1"}],"replies":[{"embeddable":true,"href":"https:\/\/rapidetech.com.br\/en\/wp-json\/wp\/v2\/comments?post=3"}],"version-history":[{"count":0,"href":"https:\/\/rapidetech.com.br\/en\/wp-json\/wp\/v2\/pages\/3\/revisions"}],"wp:attachment":[{"href":"https:\/\/rapidetech.com.br\/en\/wp-json\/wp\/v2\/media?parent=3"}],"curies":[{"name":"wp","href":"https:\/\/api.w.org\/{rel}","templated":true}]}}