{"id":45113,"date":"2023-07-08T19:46:14","date_gmt":"2023-07-08T22:46:14","guid":{"rendered":"https:\/\/rapidetech.com.br\/?page_id=45113"},"modified":"2026-01-26T08:17:53","modified_gmt":"2026-01-26T11:17:53","slug":"reembolso_devolucoes","status":"publish","type":"page","link":"https:\/\/rapidetech.com.br\/en\/reembolso_devolucoes\/","title":{"rendered":"Pol\u00edtica de reembolso e devolu\u00e7\u00f5es"},"content":{"rendered":"<div data-elementor-type=\"wp-page\" data-elementor-id=\"45113\" class=\"elementor elementor-45113\" data-elementor-settings=\"{&quot;ha_cmc_init_switcher&quot;:&quot;no&quot;}\" data-elementor-post-type=\"page\">\n\t\t\t\t\t\t<section class=\"elementor-section elementor-top-section elementor-element elementor-element-2d2f21ec elementor-section-boxed elementor-section-height-default elementor-section-height-default\" data-id=\"2d2f21ec\" data-element_type=\"section\" data-e-type=\"section\" data-settings=\"{&quot;background_background&quot;:&quot;classic&quot;,&quot;_ha_eqh_enable&quot;:false}\">\n\t\t\t\t\t\t<div class=\"elementor-container elementor-column-gap-default\">\n\t\t\t\t\t<div class=\"elementor-column elementor-col-100 elementor-top-column elementor-element elementor-element-8d32e50\" data-id=\"8d32e50\" data-element_type=\"column\" data-e-type=\"column\">\n\t\t\t<div class=\"elementor-widget-wrap elementor-element-populated\">\n\t\t\t\t\t\t<div class=\"elementor-element elementor-element-2a268c44 elementor-widget elementor-widget-text-editor\" data-id=\"2a268c44\" data-element_type=\"widget\" data-e-type=\"widget\" data-widget_type=\"text-editor.default\">\n\t\t\t\t<div class=\"elementor-widget-container\">\n\t\t\t\t\t\t\t\t\t<p><em><u>Vis\u00e3o geral<\/u><\/em><\/p><p>Nossa pol\u00edtica de reembolso e devolu\u00e7\u00f5es dura 7 dias. Se j\u00e1 se passaram 7 dias desde a sua compra, n\u00e3o podemos oferecer um reembolso total ou troca.<\/p><p>Para ser eleg\u00edvel para devolu\u00e7\u00e3o, o item deve estar sem uso e nas mesmas condi\u00e7\u00f5es em que voc\u00ea o recebeu. Ele tamb\u00e9m deve estar na embalagem original.<\/p><p>Para concluir sua devolu\u00e7\u00e3o, exigimos comprovante de compra.<\/p><p>Qualquer item que n\u00e3o esteja em sua condi\u00e7\u00e3o original, esteja danificado ou com partes faltando por motivos n\u00e3o atribu\u00edveis a um erro nosso, n\u00e3o sera reembolsado.<\/p><p><em>\u00a0<\/em><em><u>Reembolsos<\/u><\/em><\/p><p>Assim que recebermos e inspecionarmos sua devolu\u00e7\u00e3o, enviaremos um e-mail para notific\u00e1-lo de que recebemos o item devolvido. Tamb\u00e9m iremos notific\u00e1-lo sobre a aprova\u00e7\u00e3o ou rejei\u00e7\u00e3o do seu reembolso.<\/p><p>Se for aprovado, seu reembolso ser\u00e1 processado e um cr\u00e9dito ser\u00e1 automaticamente aplicado ao seu cart\u00e3o de cr\u00e9dito ou m\u00e9todo de pagamento original, dentro de um determinado prazo.<\/p><p>Em seguida, entre em contato com sua operadora de cart\u00e3o de cr\u00e9dito, pois pode levar algum tempo at\u00e9 que o reembolso seja oficialmente registrado.<\/p><p>Depois, entre em contato com seu banco. Geralmente, h\u00e1 um tempo de processamento antes que um reembolso seja registrado.<\/p><p>Se voc\u00ea fez tudo isso e ainda n\u00e3o recebeu o reembolso, entre em contato conosco pelo e-mail :contato@rapidetech.com.br.<\/p><p><em>I<u>tens em promo\u00e7\u00e3o<\/u><\/em><\/p><p>Apenas itens com pre\u00e7o regular podem ser reembolsados. Itens em promo\u00e7\u00e3o n\u00e3o s\u00e3o reembols\u00e1veis.<\/p><p><u>Trocas<\/u><\/p><p>Substitu\u00edmos apenas os itens com defeito ou danificados. Se voc\u00ea precisar troc\u00e1-lo pelo mesmo item, envie-nos um e-mail para contato@rapidetech.com.br .<\/p><p>Se o item n\u00e3o foi marcado como presente no momento da compra, ou se o presenteador enviou o pedido para si mesmo para entreg\u00e1-lo posteriormente a voc\u00ea, reembolsaremos o presenteador e ele ser\u00e1 informado sobre a sua devolu\u00e7\u00e3o.<\/p><p><em><u>Devolu\u00e7\u00e3o de envios<\/u><\/em><\/p><p>Para devolver o produto, voc\u00ea deve envi\u00e1-lo para: rua inhambu 901 cep 04520911 S\u00e3o Paulo-sp<\/p><p>Voc\u00ea ser\u00e1 respons\u00e1vel pelo pagamento dos seus pr\u00f3prios custos de envio para devolver o item. Os custos de envio n\u00e3o s\u00e3o reembols\u00e1veis. Se voc\u00ea receber um reembolso, o valor do envio de devolu\u00e7\u00e3o ser\u00e1 deduzido do seu reembolso.<\/p><p>Dependendo de onde voc\u00ea mora, o tempo necess\u00e1rio para que o produto trocado chegue at\u00e9 voc\u00ea pode variar.<\/p><p>Se voc\u00ea estiver devolvendo itens mais caros, pode considerar o uso de um servi\u00e7o de envio rastre\u00e1vel ou adquirir um seguro de envio. N\u00e3o garantimos o recebimento do item devolvido.<\/p><p><em><u>Precisa de ajuda <\/u>?<\/em><\/p><p>Entre em contato conosco pelo e-mail\u00a0 contato@rapidetech.com.br para perguntas relacionadas a reembolsos e devolu\u00e7\u00f5es. Muito obrigado !<\/p>\t\t\t\t\t\t\t\t<\/div>\n\t\t\t\t<\/div>\n\t\t\t\t\t<\/div>\n\t\t<\/div>\n\t\t\t\t\t<\/div>\n\t\t<\/section>\n\t\t\t\t<\/div>","protected":false},"excerpt":{"rendered":"<p>Vis\u00e3o geral Nossa pol\u00edtica de reembolso e devolu\u00e7\u00f5es dura 7 dias. Se j\u00e1 se passaram 7 dias desde a sua compra, n\u00e3o podemos oferecer um reembolso total ou troca. Para ser eleg\u00edvel para devolu\u00e7\u00e3o, o item deve estar sem uso e nas mesmas condi\u00e7\u00f5es em que voc\u00ea o recebeu. Ele tamb\u00e9m deve estar na embalagem [&hellip;]<\/p>\n","protected":false},"author":1,"featured_media":0,"parent":0,"menu_order":0,"comment_status":"closed","ping_status":"closed","template":"","meta":{"footnotes":""},"class_list":["post-45113","page","type-page","status-publish","hentry"],"yoast_head":"<!-- This site is optimized with the Yoast SEO plugin v27.4 - https:\/\/yoast.com\/product\/yoast-seo-wordpress\/ -->\n<title>Pol\u00edtica de reembolso e devolu\u00e7\u00f5es - Rapidetech<\/title>\n<meta name=\"robots\" content=\"index, follow, max-snippet:-1, max-image-preview:large, max-video-preview:-1\" \/>\n<link rel=\"canonical\" href=\"https:\/\/rapidetech.com.br\/en\/reembolso_devolucoes\/\" \/>\n<meta property=\"og:locale\" content=\"en_US\" \/>\n<meta property=\"og:type\" content=\"article\" \/>\n<meta property=\"og:title\" content=\"Pol\u00edtica de reembolso e devolu\u00e7\u00f5es - Rapidetech\" \/>\n<meta property=\"og:description\" content=\"Vis\u00e3o geral Nossa pol\u00edtica de reembolso e devolu\u00e7\u00f5es dura 7 dias. Se j\u00e1 se passaram 7 dias desde a sua compra, n\u00e3o podemos oferecer um reembolso total ou troca. Para ser eleg\u00edvel para devolu\u00e7\u00e3o, o item deve estar sem uso e nas mesmas condi\u00e7\u00f5es em que voc\u00ea o recebeu. Ele tamb\u00e9m deve estar na embalagem [&hellip;]\" \/>\n<meta property=\"og:url\" content=\"https:\/\/rapidetech.com.br\/en\/reembolso_devolucoes\/\" \/>\n<meta property=\"og:site_name\" content=\"Rapidetech\" \/>\n<meta property=\"article:modified_time\" content=\"2026-01-26T11:17:53+00:00\" \/>\n<meta property=\"og:image\" content=\"https:\/\/rapidetech.com.br\/wp-content\/uploads\/2023\/08\/AnyConv.com__BANNER-PRINCIPAL-1-e1662643682616-Copia.webp\" \/>\n\t<meta property=\"og:image:width\" content=\"1920\" \/>\n\t<meta property=\"og:image:height\" content=\"886\" \/>\n\t<meta property=\"og:image:type\" content=\"image\/webp\" \/>\n<meta name=\"twitter:card\" content=\"summary_large_image\" \/>\n<meta name=\"twitter:label1\" content=\"Est. reading time\" \/>\n\t<meta name=\"twitter:data1\" content=\"3 minutes\" \/>\n<script type=\"application\/ld+json\" class=\"yoast-schema-graph\">{\"@context\":\"https:\\\/\\\/schema.org\",\"@graph\":[{\"@type\":\"WebPage\",\"@id\":\"https:\\\/\\\/rapidetech.com.br\\\/reembolso_devolucoes\\\/\",\"url\":\"https:\\\/\\\/rapidetech.com.br\\\/reembolso_devolucoes\\\/\",\"name\":\"Pol\u00edtica de reembolso e devolu\u00e7\u00f5es - Rapidetech\",\"isPartOf\":{\"@id\":\"https:\\\/\\\/rapidetech.com.br\\\/#website\"},\"datePublished\":\"2023-07-08T22:46:14+00:00\",\"dateModified\":\"2026-01-26T11:17:53+00:00\",\"breadcrumb\":{\"@id\":\"https:\\\/\\\/rapidetech.com.br\\\/reembolso_devolucoes\\\/#breadcrumb\"},\"inLanguage\":\"en-US\",\"potentialAction\":[{\"@type\":\"ReadAction\",\"target\":[\"https:\\\/\\\/rapidetech.com.br\\\/reembolso_devolucoes\\\/\"]}]},{\"@type\":\"BreadcrumbList\",\"@id\":\"https:\\\/\\\/rapidetech.com.br\\\/reembolso_devolucoes\\\/#breadcrumb\",\"itemListElement\":[{\"@type\":\"ListItem\",\"position\":1,\"name\":\"In\u00edcio\",\"item\":\"https:\\\/\\\/rapidetech.com.br\\\/\"},{\"@type\":\"ListItem\",\"position\":2,\"name\":\"Pol\u00edtica de reembolso e devolu\u00e7\u00f5es\"}]},{\"@type\":\"WebSite\",\"@id\":\"https:\\\/\\\/rapidetech.com.br\\\/#website\",\"url\":\"https:\\\/\\\/rapidetech.com.br\\\/\",\"name\":\"Rapidetech\",\"description\":\"Audio e video\",\"publisher\":{\"@id\":\"https:\\\/\\\/rapidetech.com.br\\\/#organization\"},\"potentialAction\":[{\"@type\":\"SearchAction\",\"target\":{\"@type\":\"EntryPoint\",\"urlTemplate\":\"https:\\\/\\\/rapidetech.com.br\\\/?s={search_term_string}\"},\"query-input\":{\"@type\":\"PropertyValueSpecification\",\"valueRequired\":true,\"valueName\":\"search_term_string\"}}],\"inLanguage\":\"en-US\"},{\"@type\":\"Organization\",\"@id\":\"https:\\\/\\\/rapidetech.com.br\\\/#organization\",\"name\":\"Rapidetech\",\"url\":\"https:\\\/\\\/rapidetech.com.br\\\/\",\"logo\":{\"@type\":\"ImageObject\",\"inLanguage\":\"en-US\",\"@id\":\"https:\\\/\\\/rapidetech.com.br\\\/#\\\/schema\\\/logo\\\/image\\\/\",\"url\":\"https:\\\/\\\/rapidetech.com.br\\\/wp-content\\\/uploads\\\/2022\\\/08\\\/RAPIDETECH-AUDIO-E-VIDEO.jpg\",\"contentUrl\":\"https:\\\/\\\/rapidetech.com.br\\\/wp-content\\\/uploads\\\/2022\\\/08\\\/RAPIDETECH-AUDIO-E-VIDEO.jpg\",\"width\":236,\"height\":213,\"caption\":\"Rapidetech\"},\"image\":{\"@id\":\"https:\\\/\\\/rapidetech.com.br\\\/#\\\/schema\\\/logo\\\/image\\\/\"},\"sameAs\":[\"https:\\\/\\\/rapidetech.com.br\\\/\",\"https:\\\/\\\/www.youtube.com\\\/channel\\\/UCQWlsTr9MvbqwWAekYtMNLQ\"]}]}<\/script>\n<!-- \/ Yoast SEO plugin. -->","yoast_head_json":{"title":"Pol\u00edtica de reembolso e devolu\u00e7\u00f5es - Rapidetech","robots":{"index":"index","follow":"follow","max-snippet":"max-snippet:-1","max-image-preview":"max-image-preview:large","max-video-preview":"max-video-preview:-1"},"canonical":"https:\/\/rapidetech.com.br\/en\/reembolso_devolucoes\/","og_locale":"en_US","og_type":"article","og_title":"Pol\u00edtica de reembolso e devolu\u00e7\u00f5es - Rapidetech","og_description":"Vis\u00e3o geral Nossa pol\u00edtica de reembolso e devolu\u00e7\u00f5es dura 7 dias. Se j\u00e1 se passaram 7 dias desde a sua compra, n\u00e3o podemos oferecer um reembolso total ou troca. Para ser eleg\u00edvel para devolu\u00e7\u00e3o, o item deve estar sem uso e nas mesmas condi\u00e7\u00f5es em que voc\u00ea o recebeu. Ele tamb\u00e9m deve estar na embalagem [&hellip;]","og_url":"https:\/\/rapidetech.com.br\/en\/reembolso_devolucoes\/","og_site_name":"Rapidetech","article_modified_time":"2026-01-26T11:17:53+00:00","og_image":[{"width":1920,"height":886,"url":"https:\/\/rapidetech.com.br\/wp-content\/uploads\/2023\/08\/AnyConv.com__BANNER-PRINCIPAL-1-e1662643682616-Copia.webp","type":"image\/webp"}],"twitter_card":"summary_large_image","twitter_misc":{"Est. reading time":"3 minutes"},"schema":{"@context":"https:\/\/schema.org","@graph":[{"@type":"WebPage","@id":"https:\/\/rapidetech.com.br\/reembolso_devolucoes\/","url":"https:\/\/rapidetech.com.br\/reembolso_devolucoes\/","name":"Pol\u00edtica de reembolso e devolu\u00e7\u00f5es - Rapidetech","isPartOf":{"@id":"https:\/\/rapidetech.com.br\/#website"},"datePublished":"2023-07-08T22:46:14+00:00","dateModified":"2026-01-26T11:17:53+00:00","breadcrumb":{"@id":"https:\/\/rapidetech.com.br\/reembolso_devolucoes\/#breadcrumb"},"inLanguage":"en-US","potentialAction":[{"@type":"ReadAction","target":["https:\/\/rapidetech.com.br\/reembolso_devolucoes\/"]}]},{"@type":"BreadcrumbList","@id":"https:\/\/rapidetech.com.br\/reembolso_devolucoes\/#breadcrumb","itemListElement":[{"@type":"ListItem","position":1,"name":"In\u00edcio","item":"https:\/\/rapidetech.com.br\/"},{"@type":"ListItem","position":2,"name":"Pol\u00edtica de reembolso e devolu\u00e7\u00f5es"}]},{"@type":"WebSite","@id":"https:\/\/rapidetech.com.br\/#website","url":"https:\/\/rapidetech.com.br\/","name":"Rapidetech","description":"Audio e video","publisher":{"@id":"https:\/\/rapidetech.com.br\/#organization"},"potentialAction":[{"@type":"SearchAction","target":{"@type":"EntryPoint","urlTemplate":"https:\/\/rapidetech.com.br\/?s={search_term_string}"},"query-input":{"@type":"PropertyValueSpecification","valueRequired":true,"valueName":"search_term_string"}}],"inLanguage":"en-US"},{"@type":"Organization","@id":"https:\/\/rapidetech.com.br\/#organization","name":"Rapidetech","url":"https:\/\/rapidetech.com.br\/","logo":{"@type":"ImageObject","inLanguage":"en-US","@id":"https:\/\/rapidetech.com.br\/#\/schema\/logo\/image\/","url":"https:\/\/rapidetech.com.br\/wp-content\/uploads\/2022\/08\/RAPIDETECH-AUDIO-E-VIDEO.jpg","contentUrl":"https:\/\/rapidetech.com.br\/wp-content\/uploads\/2022\/08\/RAPIDETECH-AUDIO-E-VIDEO.jpg","width":236,"height":213,"caption":"Rapidetech"},"image":{"@id":"https:\/\/rapidetech.com.br\/#\/schema\/logo\/image\/"},"sameAs":["https:\/\/rapidetech.com.br\/","https:\/\/www.youtube.com\/channel\/UCQWlsTr9MvbqwWAekYtMNLQ"]}]}},"_links":{"self":[{"href":"https:\/\/rapidetech.com.br\/en\/wp-json\/wp\/v2\/pages\/45113","targetHints":{"allow":["GET"]}}],"collection":[{"href":"https:\/\/rapidetech.com.br\/en\/wp-json\/wp\/v2\/pages"}],"about":[{"href":"https:\/\/rapidetech.com.br\/en\/wp-json\/wp\/v2\/types\/page"}],"author":[{"embeddable":true,"href":"https:\/\/rapidetech.com.br\/en\/wp-json\/wp\/v2\/users\/1"}],"replies":[{"embeddable":true,"href":"https:\/\/rapidetech.com.br\/en\/wp-json\/wp\/v2\/comments?post=45113"}],"version-history":[{"count":0,"href":"https:\/\/rapidetech.com.br\/en\/wp-json\/wp\/v2\/pages\/45113\/revisions"}],"wp:attachment":[{"href":"https:\/\/rapidetech.com.br\/en\/wp-json\/wp\/v2\/media?parent=45113"}],"curies":[{"name":"wp","href":"https:\/\/api.w.org\/{rel}","templated":true}]}}