{"id":1465,"date":"2020-02-10T22:10:37","date_gmt":"2020-02-11T01:10:37","guid":{"rendered":"http:\/\/rapidetech.com.br\/?post_type=product&#038;p=1465"},"modified":"2025-04-14T15:32:28","modified_gmt":"2025-04-14T18:32:28","slug":"novo-cabo-hdmi-2-1-8k-ugreen-2-m","status":"publish","type":"product","link":"https:\/\/rapidetech.com.br\/en\/product\/novo-cabo-hdmi-2-1-8k-ugreen-2-m\/","title":{"rendered":"Novo cabo HDMI 2.1 &#8211; 8k   &#8211; Ugreen &#8211; 2 m"},"content":{"rendered":"<h1><b>Cabo HDMI\u00a0 2.1 8k tran\u00e7ado prata\u00a0 &#8211; Ugreen- 2m:<\/b><\/h1>\n<h3><b>\u00a0Descri\u00e7\u00e3o do <\/b><b>cabo HDMI 2.18k:<\/b><\/h3>\n<ul>\n<li style=\"font-weight: 400;\"><span style=\"font-weight: 400;\">Cabo de prata alta qualidade Ultra HD (UHD)<\/span><\/li>\n<li style=\"font-weight: 400;\"><span style=\"font-weight: 400;\">Menos delay<\/span><\/li>\n<li style=\"font-weight: 400;\"><span style=\"font-weight: 400;\">Menos congelamento de imagem<\/span><\/li>\n<li style=\"font-weight: 400;\"><span style=\"font-weight: 400;\">Ideal para filmes e jogos<\/span><\/li>\n<li style=\"font-weight: 400;\"><span style=\"font-weight: 400;\">48 GBpS de largura da banda<\/span><\/li>\n<li style=\"font-weight: 400;\"><span style=\"font-weight: 400;\">HDMI suporta 8K<\/span><\/li>\n<li>2 metros<\/li>\n<\/ul>\n<p><span style=\"font-weight: 400;\">Conte\u00fado da embalagem:<\/span><\/p>\n<ul>\n<li style=\"font-weight: 400;\"><span style=\"font-weight: 400;\">Cabo HDMI 8k oficial Ugreen<\/span><\/li>\n<li>2 metros<\/li>\n<\/ul>\n<h3><b>Qualidade do Cabo HDMI prata Ugreen:<\/b><\/h3>\n<ul>\n<li><b>Transmiss\u00e3o:<\/b><\/li>\n<\/ul>\n<ul>\n<li style=\"list-style-type: none;\">\n<ul>\n<li style=\"list-style-type: none;\">\n<ul>\n<li style=\"font-weight: 400;\"><span style=\"font-weight: 400;\">padr\u00e3o 48 Gpbs v\u00eddeo largura de banda<\/span><\/li>\n<li style=\"font-weight: 400;\"><span style=\"font-weight: 400;\">sinal irrestrito de 4k\/8k em Ultra HD (UHD)<\/span><\/li>\n<li style=\"font-weight: 400;\"><span style=\"font-weight: 400;\">transmiss\u00e3o em 1440p (QHD)<\/span><\/li>\n<li style=\"font-weight: 400;\"><span style=\"font-weight: 400;\">transmiss\u00e3o em 1080p (HD)<\/span><\/li>\n<li style=\"font-weight: 400;\"><span style=\"font-weight: 400;\">alta qualidade e nitidez da imagem<\/span><\/li>\n<li style=\"font-weight: 400;\"><span style=\"font-weight: 400;\">alta velocidade de transmiss\u00e3o<\/span><\/li>\n<li style=\"font-weight: 400;\"><span style=\"font-weight: 400;\">precis\u00e3o de transmiss\u00e3o de \u00e1udio<\/span><\/li>\n<\/ul>\n<\/li>\n<\/ul>\n<\/li>\n<\/ul>\n<p>&nbsp;<\/p>\n<ul>\n<li><b>Conectores:<\/b><\/li>\n<li style=\"list-style-type: none;\"><\/li>\n<\/ul>\n<ul>\n<li style=\"list-style-type: none;\">\n<ul>\n<li style=\"font-weight: 400;\"><span style=\"font-weight: 400;\">banhados a ouro<\/span><\/li>\n<li style=\"font-weight: 400;\"><span style=\"font-weight: 400;\">conex\u00e3o s\u00f3lida com os dispositivos<\/span><\/li>\n<li style=\"font-weight: 400;\"><span style=\"font-weight: 400;\">design soldado e pesado para garantir longevidade<\/span><\/li>\n<li style=\"font-weight: 400;\"><span style=\"font-weight: 400;\">resist\u00eancia \u00e0 pux\u00f5es no cabo<\/span><\/li>\n<\/ul>\n<\/li>\n<\/ul>\n<p>&nbsp;<\/p>\n<ul>\n<li><b>Durabilidade:<\/b>\n<ul>\n<li style=\"font-weight: 400;\"><span style=\"font-weight: 400;\">longa durabilidade<\/span><\/li>\n<li style=\"font-weight: 400;\"><span style=\"font-weight: 400;\">conectores resistentes que protegem de pux\u00f5es no cabo.<\/span><\/li>\n<\/ul>\n<\/li>\n<\/ul>\n<h3><b>Cabo HDMI Ugreen compatibilidade:<\/b><\/h3>\n<p><span style=\"font-weight: 400;\">O cabo HDMI prata\u00a0 8k \u00e9 compat\u00edvel com todas as vers\u00f5es de HDMI:<\/span><\/p>\n<ul>\n<li style=\"font-weight: 400;\"><span style=\"font-weight: 400;\">HDMI 1.3<\/span><\/li>\n<li style=\"font-weight: 400;\"><span style=\"font-weight: 400;\">HDMI 1.4<\/span><\/li>\n<li style=\"font-weight: 400;\"><span style=\"font-weight: 400;\">HDMI 2.0<\/span><\/li>\n<li style=\"font-weight: 400;\"><span style=\"font-weight: 400;\">HDMI 2.0a<\/span><\/li>\n<li style=\"font-weight: 400;\"><span style=\"font-weight: 400;\">HDMI 2.0b<\/span><\/li>\n<li style=\"font-weight: 400;\">O cabo \u00e9 perfeito para ser usado com computadores, monitores, video games, TV plasma,led, Qled,Oled, Monitores, Computadores, PS3, PS4 pro , xbox one X, Bluray ultra hd.<\/li>\n<\/ul>\n<p>&nbsp;<\/p>","protected":false},"excerpt":{"rendered":"<h3><b>cabo HDMI 2.1\u00a0 \u00a08k:<\/b><\/h3>\n<ul>\n<li style=\"font-weight: 400;\"><span style=\"font-weight: 400;\">Cabo de prata alta qualidade Ultra HD (UHD)<\/span><\/li>\n<li style=\"font-weight: 400;\"><span style=\"font-weight: 400;\">Menos delay<\/span><\/li>\n<li style=\"font-weight: 400;\"><span style=\"font-weight: 400;\">Menos congelamento de imagem<\/span><\/li>\n<li style=\"font-weight: 400;\"><span style=\"font-weight: 400;\">Ideal para filmes e jogos<\/span><\/li>\n<li style=\"font-weight: 400;\"><span style=\"font-weight: 400;\">48 GBpS de largura da banda<\/span><\/li>\n<li style=\"font-weight: 400;\"><span style=\"font-weight: 400;\">HDMI suporta 8K<\/span><\/li>\n<li>2 metros<\/li>\n<\/ul>\n<p><span style=\"font-weight: 400;\">Conte\u00fado da embalagem:<\/span><\/p>\n<ul>\n<li style=\"font-weight: 400;\"><span style=\"font-weight: 400;\">Cabo HDMI 8k oficial Ugreen<\/span><\/li>\n<li>2 metros<\/li>\n<\/ul>","protected":false},"featured_media":46075,"comment_status":"closed","ping_status":"closed","template":"","meta":[],"product_brand":[],"product_cat":[37,21],"product_tag":[36,33,32],"class_list":{"0":"post-1465","1":"product","2":"type-product","3":"status-publish","4":"has-post-thumbnail","6":"product_cat-hdmi","7":"product_cat-video","8":"product_tag-8k","9":"product_tag-cabo","10":"product_tag-hdmi","11":"product_shipping_class-normal","13":"first","14":"outofstock","15":"purchasable","16":"product-type-simple"},"yoast_head":"<!-- This site is optimized with the Yoast SEO plugin v27.4 - https:\/\/yoast.com\/product\/yoast-seo-wordpress\/ -->\n<title>Novo cabo HDMI 2.1 - 8k  - Ugreen - 2 m - Rapidetech<\/title>\n<meta name=\"robots\" content=\"index, follow, max-snippet:-1, max-image-preview:large, max-video-preview:-1\" \/>\n<link rel=\"canonical\" href=\"https:\/\/rapidetech.com.br\/en\/product\/novo-cabo-hdmi-2-1-8k-ugreen-2-m\/\" \/>\n<meta property=\"og:locale\" content=\"en_US\" \/>\n<meta property=\"og:type\" content=\"article\" \/>\n<meta property=\"og:title\" content=\"Novo cabo HDMI 2.1 - 8k  - Ugreen - 2 m - Rapidetech\" \/>\n<meta property=\"og:description\" content=\"cabo HDMI 2.1\u00a0 \u00a08k:   Cabo de prata alta qualidade Ultra HD (UHD)  Menos delay  Menos congelamento de imagem  Ideal para filmes e jogos  48 GBpS de largura da banda  HDMI suporta 8K  2 metros  Conte\u00fado da embalagem:   Cabo HDMI 8k oficial Ugreen  2 metros\" \/>\n<meta property=\"og:url\" content=\"https:\/\/rapidetech.com.br\/en\/product\/novo-cabo-hdmi-2-1-8k-ugreen-2-m\/\" \/>\n<meta property=\"og:site_name\" content=\"Rapidetech\" \/>\n<meta property=\"article:modified_time\" content=\"2025-04-14T18:32:28+00:00\" \/>\n<meta property=\"og:image\" content=\"https:\/\/rapidetech.com.br\/wp-content\/uploads\/2020\/02\/AnyConv.com__cabo-2.1-UGREEN-Copia-Copia-5-e1699443858300.webp\" \/>\n\t<meta property=\"og:image:width\" content=\"600\" \/>\n\t<meta property=\"og:image:height\" content=\"546\" \/>\n\t<meta property=\"og:image:type\" content=\"image\/webp\" \/>\n<meta name=\"twitter:card\" content=\"summary_large_image\" \/>\n<meta name=\"twitter:label1\" content=\"Est. reading time\" \/>\n\t<meta name=\"twitter:data1\" content=\"2 minutes\" \/>\n<script type=\"application\/ld+json\" class=\"yoast-schema-graph\">{\"@context\":\"https:\\\/\\\/schema.org\",\"@graph\":[{\"@type\":\"WebPage\",\"@id\":\"https:\\\/\\\/rapidetech.com.br\\\/produto\\\/novo-cabo-hdmi-2-1-8k-ugreen-2-m\\\/\",\"url\":\"https:\\\/\\\/rapidetech.com.br\\\/produto\\\/novo-cabo-hdmi-2-1-8k-ugreen-2-m\\\/\",\"name\":\"Novo cabo HDMI 2.1 - 8k - Ugreen - 2 m - Rapidetech\",\"isPartOf\":{\"@id\":\"https:\\\/\\\/rapidetech.com.br\\\/#website\"},\"primaryImageOfPage\":{\"@id\":\"https:\\\/\\\/rapidetech.com.br\\\/produto\\\/novo-cabo-hdmi-2-1-8k-ugreen-2-m\\\/#primaryimage\"},\"image\":{\"@id\":\"https:\\\/\\\/rapidetech.com.br\\\/produto\\\/novo-cabo-hdmi-2-1-8k-ugreen-2-m\\\/#primaryimage\"},\"thumbnailUrl\":\"https:\\\/\\\/rapidetech.com.br\\\/wp-content\\\/uploads\\\/2020\\\/02\\\/AnyConv.com__cabo-2.1-UGREEN-Copia-Copia-5-e1699443858300.webp\",\"datePublished\":\"2020-02-11T01:10:37+00:00\",\"dateModified\":\"2025-04-14T18:32:28+00:00\",\"breadcrumb\":{\"@id\":\"https:\\\/\\\/rapidetech.com.br\\\/produto\\\/novo-cabo-hdmi-2-1-8k-ugreen-2-m\\\/#breadcrumb\"},\"inLanguage\":\"en-US\",\"potentialAction\":[{\"@type\":\"ReadAction\",\"target\":[\"https:\\\/\\\/rapidetech.com.br\\\/produto\\\/novo-cabo-hdmi-2-1-8k-ugreen-2-m\\\/\"]}]},{\"@type\":\"ImageObject\",\"inLanguage\":\"en-US\",\"@id\":\"https:\\\/\\\/rapidetech.com.br\\\/produto\\\/novo-cabo-hdmi-2-1-8k-ugreen-2-m\\\/#primaryimage\",\"url\":\"https:\\\/\\\/rapidetech.com.br\\\/wp-content\\\/uploads\\\/2020\\\/02\\\/AnyConv.com__cabo-2.1-UGREEN-Copia-Copia-5-e1699443858300.webp\",\"contentUrl\":\"https:\\\/\\\/rapidetech.com.br\\\/wp-content\\\/uploads\\\/2020\\\/02\\\/AnyConv.com__cabo-2.1-UGREEN-Copia-Copia-5-e1699443858300.webp\",\"width\":600,\"height\":546},{\"@type\":\"BreadcrumbList\",\"@id\":\"https:\\\/\\\/rapidetech.com.br\\\/produto\\\/novo-cabo-hdmi-2-1-8k-ugreen-2-m\\\/#breadcrumb\",\"itemListElement\":[{\"@type\":\"ListItem\",\"position\":1,\"name\":\"In\u00edcio\",\"item\":\"https:\\\/\\\/rapidetech.com.br\\\/\"},{\"@type\":\"ListItem\",\"position\":2,\"name\":\"Produtos\",\"item\":\"https:\\\/\\\/rapidetech.com.br\\\/produtos\\\/\"},{\"@type\":\"ListItem\",\"position\":3,\"name\":\"Novo cabo HDMI 2.1 &#8211; 8k &#8211; Ugreen &#8211; 2 m\"}]},{\"@type\":\"WebSite\",\"@id\":\"https:\\\/\\\/rapidetech.com.br\\\/#website\",\"url\":\"https:\\\/\\\/rapidetech.com.br\\\/\",\"name\":\"Rapidetech\",\"description\":\"Audio e video\",\"publisher\":{\"@id\":\"https:\\\/\\\/rapidetech.com.br\\\/#organization\"},\"potentialAction\":[{\"@type\":\"SearchAction\",\"target\":{\"@type\":\"EntryPoint\",\"urlTemplate\":\"https:\\\/\\\/rapidetech.com.br\\\/?s={search_term_string}\"},\"query-input\":{\"@type\":\"PropertyValueSpecification\",\"valueRequired\":true,\"valueName\":\"search_term_string\"}}],\"inLanguage\":\"en-US\"},{\"@type\":\"Organization\",\"@id\":\"https:\\\/\\\/rapidetech.com.br\\\/#organization\",\"name\":\"Rapidetech\",\"url\":\"https:\\\/\\\/rapidetech.com.br\\\/\",\"logo\":{\"@type\":\"ImageObject\",\"inLanguage\":\"en-US\",\"@id\":\"https:\\\/\\\/rapidetech.com.br\\\/#\\\/schema\\\/logo\\\/image\\\/\",\"url\":\"https:\\\/\\\/rapidetech.com.br\\\/wp-content\\\/uploads\\\/2022\\\/08\\\/RAPIDETECH-AUDIO-E-VIDEO.jpg\",\"contentUrl\":\"https:\\\/\\\/rapidetech.com.br\\\/wp-content\\\/uploads\\\/2022\\\/08\\\/RAPIDETECH-AUDIO-E-VIDEO.jpg\",\"width\":236,\"height\":213,\"caption\":\"Rapidetech\"},\"image\":{\"@id\":\"https:\\\/\\\/rapidetech.com.br\\\/#\\\/schema\\\/logo\\\/image\\\/\"},\"sameAs\":[\"https:\\\/\\\/rapidetech.com.br\\\/\",\"https:\\\/\\\/www.youtube.com\\\/channel\\\/UCQWlsTr9MvbqwWAekYtMNLQ\"]}]}<\/script>\n<!-- \/ Yoast SEO plugin. -->","yoast_head_json":{"title":"Novo cabo HDMI 2.1 - 8k  - Ugreen - 2 m - Rapidetech","robots":{"index":"index","follow":"follow","max-snippet":"max-snippet:-1","max-image-preview":"max-image-preview:large","max-video-preview":"max-video-preview:-1"},"canonical":"https:\/\/rapidetech.com.br\/en\/product\/novo-cabo-hdmi-2-1-8k-ugreen-2-m\/","og_locale":"en_US","og_type":"article","og_title":"Novo cabo HDMI 2.1 - 8k  - Ugreen - 2 m - Rapidetech","og_description":"cabo HDMI 2.1\u00a0 \u00a08k:   Cabo de prata alta qualidade Ultra HD (UHD)  Menos delay  Menos congelamento de imagem  Ideal para filmes e jogos  48 GBpS de largura da banda  HDMI suporta 8K  2 metros  Conte\u00fado da embalagem:   Cabo HDMI 8k oficial Ugreen  2 metros","og_url":"https:\/\/rapidetech.com.br\/en\/product\/novo-cabo-hdmi-2-1-8k-ugreen-2-m\/","og_site_name":"Rapidetech","article_modified_time":"2025-04-14T18:32:28+00:00","og_image":[{"width":600,"height":546,"url":"https:\/\/rapidetech.com.br\/wp-content\/uploads\/2020\/02\/AnyConv.com__cabo-2.1-UGREEN-Copia-Copia-5-e1699443858300.webp","type":"image\/webp"}],"twitter_card":"summary_large_image","twitter_misc":{"Est. reading time":"2 minutes"},"schema":{"@context":"https:\/\/schema.org","@graph":[{"@type":"WebPage","@id":"https:\/\/rapidetech.com.br\/produto\/novo-cabo-hdmi-2-1-8k-ugreen-2-m\/","url":"https:\/\/rapidetech.com.br\/produto\/novo-cabo-hdmi-2-1-8k-ugreen-2-m\/","name":"Novo cabo HDMI 2.1 - 8k - Ugreen - 2 m - Rapidetech","isPartOf":{"@id":"https:\/\/rapidetech.com.br\/#website"},"primaryImageOfPage":{"@id":"https:\/\/rapidetech.com.br\/produto\/novo-cabo-hdmi-2-1-8k-ugreen-2-m\/#primaryimage"},"image":{"@id":"https:\/\/rapidetech.com.br\/produto\/novo-cabo-hdmi-2-1-8k-ugreen-2-m\/#primaryimage"},"thumbnailUrl":"https:\/\/rapidetech.com.br\/wp-content\/uploads\/2020\/02\/AnyConv.com__cabo-2.1-UGREEN-Copia-Copia-5-e1699443858300.webp","datePublished":"2020-02-11T01:10:37+00:00","dateModified":"2025-04-14T18:32:28+00:00","breadcrumb":{"@id":"https:\/\/rapidetech.com.br\/produto\/novo-cabo-hdmi-2-1-8k-ugreen-2-m\/#breadcrumb"},"inLanguage":"en-US","potentialAction":[{"@type":"ReadAction","target":["https:\/\/rapidetech.com.br\/produto\/novo-cabo-hdmi-2-1-8k-ugreen-2-m\/"]}]},{"@type":"ImageObject","inLanguage":"en-US","@id":"https:\/\/rapidetech.com.br\/produto\/novo-cabo-hdmi-2-1-8k-ugreen-2-m\/#primaryimage","url":"https:\/\/rapidetech.com.br\/wp-content\/uploads\/2020\/02\/AnyConv.com__cabo-2.1-UGREEN-Copia-Copia-5-e1699443858300.webp","contentUrl":"https:\/\/rapidetech.com.br\/wp-content\/uploads\/2020\/02\/AnyConv.com__cabo-2.1-UGREEN-Copia-Copia-5-e1699443858300.webp","width":600,"height":546},{"@type":"BreadcrumbList","@id":"https:\/\/rapidetech.com.br\/produto\/novo-cabo-hdmi-2-1-8k-ugreen-2-m\/#breadcrumb","itemListElement":[{"@type":"ListItem","position":1,"name":"In\u00edcio","item":"https:\/\/rapidetech.com.br\/"},{"@type":"ListItem","position":2,"name":"Produtos","item":"https:\/\/rapidetech.com.br\/produtos\/"},{"@type":"ListItem","position":3,"name":"Novo cabo HDMI 2.1 &#8211; 8k &#8211; Ugreen &#8211; 2 m"}]},{"@type":"WebSite","@id":"https:\/\/rapidetech.com.br\/#website","url":"https:\/\/rapidetech.com.br\/","name":"Rapidetech","description":"Audio e video","publisher":{"@id":"https:\/\/rapidetech.com.br\/#organization"},"potentialAction":[{"@type":"SearchAction","target":{"@type":"EntryPoint","urlTemplate":"https:\/\/rapidetech.com.br\/?s={search_term_string}"},"query-input":{"@type":"PropertyValueSpecification","valueRequired":true,"valueName":"search_term_string"}}],"inLanguage":"en-US"},{"@type":"Organization","@id":"https:\/\/rapidetech.com.br\/#organization","name":"Rapidetech","url":"https:\/\/rapidetech.com.br\/","logo":{"@type":"ImageObject","inLanguage":"en-US","@id":"https:\/\/rapidetech.com.br\/#\/schema\/logo\/image\/","url":"https:\/\/rapidetech.com.br\/wp-content\/uploads\/2022\/08\/RAPIDETECH-AUDIO-E-VIDEO.jpg","contentUrl":"https:\/\/rapidetech.com.br\/wp-content\/uploads\/2022\/08\/RAPIDETECH-AUDIO-E-VIDEO.jpg","width":236,"height":213,"caption":"Rapidetech"},"image":{"@id":"https:\/\/rapidetech.com.br\/#\/schema\/logo\/image\/"},"sameAs":["https:\/\/rapidetech.com.br\/","https:\/\/www.youtube.com\/channel\/UCQWlsTr9MvbqwWAekYtMNLQ"]}]}},"_links":{"self":[{"href":"https:\/\/rapidetech.com.br\/en\/wp-json\/wp\/v2\/product\/1465","targetHints":{"allow":["GET"]}}],"collection":[{"href":"https:\/\/rapidetech.com.br\/en\/wp-json\/wp\/v2\/product"}],"about":[{"href":"https:\/\/rapidetech.com.br\/en\/wp-json\/wp\/v2\/types\/product"}],"replies":[{"embeddable":true,"href":"https:\/\/rapidetech.com.br\/en\/wp-json\/wp\/v2\/comments?post=1465"}],"version-history":[{"count":0,"href":"https:\/\/rapidetech.com.br\/en\/wp-json\/wp\/v2\/product\/1465\/revisions"}],"wp:featuredmedia":[{"embeddable":true,"href":"https:\/\/rapidetech.com.br\/en\/wp-json\/wp\/v2\/media\/46075"}],"wp:attachment":[{"href":"https:\/\/rapidetech.com.br\/en\/wp-json\/wp\/v2\/media?parent=1465"}],"wp:term":[{"taxonomy":"product_brand","embeddable":true,"href":"https:\/\/rapidetech.com.br\/en\/wp-json\/wp\/v2\/product_brand?post=1465"},{"taxonomy":"product_cat","embeddable":true,"href":"https:\/\/rapidetech.com.br\/en\/wp-json\/wp\/v2\/product_cat?post=1465"},{"taxonomy":"product_tag","embeddable":true,"href":"https:\/\/rapidetech.com.br\/en\/wp-json\/wp\/v2\/product_tag?post=1465"}],"curies":[{"name":"wp","href":"https:\/\/api.w.org\/{rel}","templated":true}]}}