{"id":15094,"date":"2021-01-14T19:00:26","date_gmt":"2021-01-14T22:00:26","guid":{"rendered":"http:\/\/rapidetech.com.br\/?post_type=product&#038;p=15094"},"modified":"2024-12-06T09:34:18","modified_gmt":"2024-12-06T12:34:18","slug":"bateria-gopro-9-10-11-black-original","status":"publish","type":"product","link":"https:\/\/rapidetech.com.br\/en\/product\/bateria-gopro-9-10-11-black-original\/","title":{"rendered":"Bateria Gopro 11 black Hero 9 \/10 &#8211; Original -lacrada"},"content":{"rendered":"<h1><b>Bateria Gopro 9 ,10 ,11 black\u00a0 Original\u00a0<\/b><\/h1>\n<h2><b>\u00a0 Descri\u00e7\u00e3o da <\/b><b>Bateria Go pro Original\u00a0<\/b><\/h2>\n<ul>\n<li style=\"font-weight: 400;\"><span style=\"font-weight: 400;\">Bateria original <\/span><span style=\"font-weight: 400;\">\u00a0<\/span><\/li>\n<li style=\"font-weight: 400;\"><span style=\"font-weight: 400;\">Recarreg\u00e1vel\u00a0<\/span><\/li>\n<li style=\"font-weight: 400;\"><span style=\"font-weight: 400;\">\u00a01720 mAh<\/span><\/li>\n<li style=\"font-weight: 400;\"><span style=\"font-weight: 400;\">Use a como Bateria sobressalente ou de reposi\u00e7\u00e3o para sua Hero 9 Black<\/span><\/li>\n<\/ul>\n<p><span style=\"font-weight: 400;\">Conte\u00fado da embalagem:<\/span><\/p>\n<ul>\n<li style=\"font-weight: 400;\"><span style=\"font-weight: 400;\">01 Bateria original gopro 9 <\/span><span style=\"font-weight: 400;\">\u00a0(serve na 10,11 )<\/span><\/li>\n<li style=\"font-weight: 400;\"><span style=\"font-weight: 400;\">\u00a001 Caixa<\/span><\/li>\n<\/ul>\n<p><strong>Vis\u00e3o geral da Gopro <\/strong>:<\/p>\n<p>Alimente c\u00e2meras GOPRO 9 e 10 ,11 com esta bateria recarreg\u00e1vel de \u00edons de l\u00edtio , que serve como sobressalente ou substituta da fornecida com a c\u00e2mera. Ele \u00e9 projetada para oferecer vida \u00fatil longa e pot\u00eancia consistente, mesmo quando voc\u00ea est\u00e1 gravando em condi\u00e7\u00f5es frias, e pode ser carregado ou descarregado a qualquer momento sem desenvolver efeitos de mem\u00f3ria.<\/p>\n<h2><b>\u00a0Bateria GOPRO \u00e9 compat\u00edvel com:<br \/>\n<\/b><\/h2>\n<p><span style=\"font-weight: 400;\">A Bateria \u00e9 compat\u00edvel com as c\u00e2meras Gopro :<\/span><\/p>\n<ul>\n<li style=\"font-weight: 400;\">Compat\u00edvel Com Hero 9 e 10,11\u00a0 Black.<\/li>\n<\/ul>\n<p>&nbsp;<\/p>\n<p><b>\u00a0<\/b><\/p>","protected":false},"excerpt":{"rendered":"<h3><b> <\/b><b>Bateria GOPRO 9 BLACK<\/b><\/h3>\n<ul>\n<li style=\"font-weight: 400;\"><span style=\"font-weight: 400;\">Bateria original GOPRO BLACK\u00a0 9<\/span><span style=\"font-weight: 400;\">\u00a0<\/span><\/li>\n<li style=\"font-weight: 400;\"><span style=\"font-weight: 400;\">Recarreg\u00e1vel<\/span><\/li>\n<li style=\"font-weight: 400;\"><span style=\"font-weight: 400;\">\u00a01720 MAH\u00a0<\/span><\/li>\n<\/ul>\n<p>Conte\u00fado da embalagem:<\/p>\n<ul>\n<li style=\"font-weight: 400;\"><span style=\"font-weight: 400;\">01 Bateria GOPRO 9 BLACK<\/span><span style=\"font-weight: 400;\">\u00a0<\/span><\/li>\n<li style=\"font-weight: 400;\"><span style=\"font-weight: 400;\">\u00a001 Caixa\u00a0<\/span><\/li>\n<\/ul>","protected":false},"featured_media":48203,"comment_status":"closed","ping_status":"closed","template":"","meta":[],"product_brand":[],"product_cat":[21],"product_tag":[23,86],"class_list":{"0":"post-15094","1":"product","2":"type-product","3":"status-publish","4":"has-post-thumbnail","6":"product_cat-video","7":"product_tag-bateria","8":"product_tag-go-pro","9":"product_shipping_class-normal","11":"first","12":"outofstock","13":"purchasable","14":"product-type-simple"},"yoast_head":"<!-- This site is optimized with the Yoast SEO plugin v27.4 - https:\/\/yoast.com\/product\/yoast-seo-wordpress\/ -->\n<title>Bateria Gopro 11 black Hero 9 \/10 - Original -lacrada - Rapidetech<\/title>\n<meta name=\"robots\" content=\"index, follow, max-snippet:-1, max-image-preview:large, max-video-preview:-1\" \/>\n<link rel=\"canonical\" href=\"https:\/\/rapidetech.com.br\/en\/product\/bateria-gopro-9-10-11-black-original\/\" \/>\n<meta property=\"og:locale\" content=\"en_US\" \/>\n<meta property=\"og:type\" content=\"article\" \/>\n<meta property=\"og:title\" content=\"Bateria Gopro 11 black Hero 9 \/10 - Original -lacrada - Rapidetech\" \/>\n<meta property=\"og:description\" content=\"Bateria GOPRO 9 BLACK   Bateria original GOPRO BLACK\u00a0 9\u00a0  Recarreg\u00e1vel  \u00a01720 MAH\u00a0  Conte\u00fado da embalagem:   01 Bateria GOPRO 9 BLACK\u00a0  \u00a001 Caixa\u00a0\" \/>\n<meta property=\"og:url\" content=\"https:\/\/rapidetech.com.br\/en\/product\/bateria-gopro-9-10-11-black-original\/\" \/>\n<meta property=\"og:site_name\" content=\"Rapidetech\" \/>\n<meta property=\"article:modified_time\" content=\"2024-12-06T12:34:18+00:00\" \/>\n<meta property=\"og:image\" content=\"https:\/\/rapidetech.com.br\/wp-content\/uploads\/2021\/01\/AnyConv.com__cabo-fibra-moshou-e1698350486782.webp\" \/>\n\t<meta property=\"og:image:width\" content=\"600\" \/>\n\t<meta property=\"og:image:height\" content=\"600\" \/>\n\t<meta property=\"og:image:type\" content=\"image\/webp\" \/>\n<meta name=\"twitter:card\" content=\"summary_large_image\" \/>\n<meta name=\"twitter:label1\" content=\"Est. reading time\" \/>\n\t<meta name=\"twitter:data1\" content=\"1 minute\" \/>\n<script type=\"application\/ld+json\" class=\"yoast-schema-graph\">{\"@context\":\"https:\\\/\\\/schema.org\",\"@graph\":[{\"@type\":\"WebPage\",\"@id\":\"https:\\\/\\\/rapidetech.com.br\\\/produto\\\/bateria-gopro-9-10-11-black-original\\\/\",\"url\":\"https:\\\/\\\/rapidetech.com.br\\\/produto\\\/bateria-gopro-9-10-11-black-original\\\/\",\"name\":\"Bateria Gopro 11 black Hero 9 \\\/10 - Original -lacrada - Rapidetech\",\"isPartOf\":{\"@id\":\"https:\\\/\\\/rapidetech.com.br\\\/#website\"},\"primaryImageOfPage\":{\"@id\":\"https:\\\/\\\/rapidetech.com.br\\\/produto\\\/bateria-gopro-9-10-11-black-original\\\/#primaryimage\"},\"image\":{\"@id\":\"https:\\\/\\\/rapidetech.com.br\\\/produto\\\/bateria-gopro-9-10-11-black-original\\\/#primaryimage\"},\"thumbnailUrl\":\"https:\\\/\\\/rapidetech.com.br\\\/wp-content\\\/uploads\\\/2021\\\/01\\\/AnyConv.com__cabo-fibra-moshou-e1698350486782.webp\",\"datePublished\":\"2021-01-14T22:00:26+00:00\",\"dateModified\":\"2024-12-06T12:34:18+00:00\",\"breadcrumb\":{\"@id\":\"https:\\\/\\\/rapidetech.com.br\\\/produto\\\/bateria-gopro-9-10-11-black-original\\\/#breadcrumb\"},\"inLanguage\":\"en-US\",\"potentialAction\":[{\"@type\":\"ReadAction\",\"target\":[\"https:\\\/\\\/rapidetech.com.br\\\/produto\\\/bateria-gopro-9-10-11-black-original\\\/\"]}]},{\"@type\":\"ImageObject\",\"inLanguage\":\"en-US\",\"@id\":\"https:\\\/\\\/rapidetech.com.br\\\/produto\\\/bateria-gopro-9-10-11-black-original\\\/#primaryimage\",\"url\":\"https:\\\/\\\/rapidetech.com.br\\\/wp-content\\\/uploads\\\/2021\\\/01\\\/AnyConv.com__cabo-fibra-moshou-e1698350486782.webp\",\"contentUrl\":\"https:\\\/\\\/rapidetech.com.br\\\/wp-content\\\/uploads\\\/2021\\\/01\\\/AnyConv.com__cabo-fibra-moshou-e1698350486782.webp\",\"width\":600,\"height\":600},{\"@type\":\"BreadcrumbList\",\"@id\":\"https:\\\/\\\/rapidetech.com.br\\\/produto\\\/bateria-gopro-9-10-11-black-original\\\/#breadcrumb\",\"itemListElement\":[{\"@type\":\"ListItem\",\"position\":1,\"name\":\"In\u00edcio\",\"item\":\"https:\\\/\\\/rapidetech.com.br\\\/\"},{\"@type\":\"ListItem\",\"position\":2,\"name\":\"Produtos\",\"item\":\"https:\\\/\\\/rapidetech.com.br\\\/produtos\\\/\"},{\"@type\":\"ListItem\",\"position\":3,\"name\":\"Bateria Gopro 11 black Hero 9 \\\/10 &#8211; Original -lacrada\"}]},{\"@type\":\"WebSite\",\"@id\":\"https:\\\/\\\/rapidetech.com.br\\\/#website\",\"url\":\"https:\\\/\\\/rapidetech.com.br\\\/\",\"name\":\"Rapidetech\",\"description\":\"Audio e video\",\"publisher\":{\"@id\":\"https:\\\/\\\/rapidetech.com.br\\\/#organization\"},\"potentialAction\":[{\"@type\":\"SearchAction\",\"target\":{\"@type\":\"EntryPoint\",\"urlTemplate\":\"https:\\\/\\\/rapidetech.com.br\\\/?s={search_term_string}\"},\"query-input\":{\"@type\":\"PropertyValueSpecification\",\"valueRequired\":true,\"valueName\":\"search_term_string\"}}],\"inLanguage\":\"en-US\"},{\"@type\":\"Organization\",\"@id\":\"https:\\\/\\\/rapidetech.com.br\\\/#organization\",\"name\":\"Rapidetech\",\"url\":\"https:\\\/\\\/rapidetech.com.br\\\/\",\"logo\":{\"@type\":\"ImageObject\",\"inLanguage\":\"en-US\",\"@id\":\"https:\\\/\\\/rapidetech.com.br\\\/#\\\/schema\\\/logo\\\/image\\\/\",\"url\":\"https:\\\/\\\/rapidetech.com.br\\\/wp-content\\\/uploads\\\/2022\\\/08\\\/RAPIDETECH-AUDIO-E-VIDEO.jpg\",\"contentUrl\":\"https:\\\/\\\/rapidetech.com.br\\\/wp-content\\\/uploads\\\/2022\\\/08\\\/RAPIDETECH-AUDIO-E-VIDEO.jpg\",\"width\":236,\"height\":213,\"caption\":\"Rapidetech\"},\"image\":{\"@id\":\"https:\\\/\\\/rapidetech.com.br\\\/#\\\/schema\\\/logo\\\/image\\\/\"},\"sameAs\":[\"https:\\\/\\\/rapidetech.com.br\\\/\",\"https:\\\/\\\/www.youtube.com\\\/channel\\\/UCQWlsTr9MvbqwWAekYtMNLQ\"]}]}<\/script>\n<!-- \/ Yoast SEO plugin. -->","yoast_head_json":{"title":"Bateria Gopro 11 black Hero 9 \/10 - Original -lacrada - Rapidetech","robots":{"index":"index","follow":"follow","max-snippet":"max-snippet:-1","max-image-preview":"max-image-preview:large","max-video-preview":"max-video-preview:-1"},"canonical":"https:\/\/rapidetech.com.br\/en\/product\/bateria-gopro-9-10-11-black-original\/","og_locale":"en_US","og_type":"article","og_title":"Bateria Gopro 11 black Hero 9 \/10 - Original -lacrada - Rapidetech","og_description":"Bateria GOPRO 9 BLACK   Bateria original GOPRO BLACK\u00a0 9\u00a0  Recarreg\u00e1vel  \u00a01720 MAH\u00a0  Conte\u00fado da embalagem:   01 Bateria GOPRO 9 BLACK\u00a0  \u00a001 Caixa\u00a0","og_url":"https:\/\/rapidetech.com.br\/en\/product\/bateria-gopro-9-10-11-black-original\/","og_site_name":"Rapidetech","article_modified_time":"2024-12-06T12:34:18+00:00","og_image":[{"width":600,"height":600,"url":"https:\/\/rapidetech.com.br\/wp-content\/uploads\/2021\/01\/AnyConv.com__cabo-fibra-moshou-e1698350486782.webp","type":"image\/webp"}],"twitter_card":"summary_large_image","twitter_misc":{"Est. reading time":"1 minute"},"schema":{"@context":"https:\/\/schema.org","@graph":[{"@type":"WebPage","@id":"https:\/\/rapidetech.com.br\/produto\/bateria-gopro-9-10-11-black-original\/","url":"https:\/\/rapidetech.com.br\/produto\/bateria-gopro-9-10-11-black-original\/","name":"Bateria Gopro 11 black Hero 9 \/10 - Original -lacrada - Rapidetech","isPartOf":{"@id":"https:\/\/rapidetech.com.br\/#website"},"primaryImageOfPage":{"@id":"https:\/\/rapidetech.com.br\/produto\/bateria-gopro-9-10-11-black-original\/#primaryimage"},"image":{"@id":"https:\/\/rapidetech.com.br\/produto\/bateria-gopro-9-10-11-black-original\/#primaryimage"},"thumbnailUrl":"https:\/\/rapidetech.com.br\/wp-content\/uploads\/2021\/01\/AnyConv.com__cabo-fibra-moshou-e1698350486782.webp","datePublished":"2021-01-14T22:00:26+00:00","dateModified":"2024-12-06T12:34:18+00:00","breadcrumb":{"@id":"https:\/\/rapidetech.com.br\/produto\/bateria-gopro-9-10-11-black-original\/#breadcrumb"},"inLanguage":"en-US","potentialAction":[{"@type":"ReadAction","target":["https:\/\/rapidetech.com.br\/produto\/bateria-gopro-9-10-11-black-original\/"]}]},{"@type":"ImageObject","inLanguage":"en-US","@id":"https:\/\/rapidetech.com.br\/produto\/bateria-gopro-9-10-11-black-original\/#primaryimage","url":"https:\/\/rapidetech.com.br\/wp-content\/uploads\/2021\/01\/AnyConv.com__cabo-fibra-moshou-e1698350486782.webp","contentUrl":"https:\/\/rapidetech.com.br\/wp-content\/uploads\/2021\/01\/AnyConv.com__cabo-fibra-moshou-e1698350486782.webp","width":600,"height":600},{"@type":"BreadcrumbList","@id":"https:\/\/rapidetech.com.br\/produto\/bateria-gopro-9-10-11-black-original\/#breadcrumb","itemListElement":[{"@type":"ListItem","position":1,"name":"In\u00edcio","item":"https:\/\/rapidetech.com.br\/"},{"@type":"ListItem","position":2,"name":"Produtos","item":"https:\/\/rapidetech.com.br\/produtos\/"},{"@type":"ListItem","position":3,"name":"Bateria Gopro 11 black Hero 9 \/10 &#8211; Original -lacrada"}]},{"@type":"WebSite","@id":"https:\/\/rapidetech.com.br\/#website","url":"https:\/\/rapidetech.com.br\/","name":"Rapidetech","description":"Audio e video","publisher":{"@id":"https:\/\/rapidetech.com.br\/#organization"},"potentialAction":[{"@type":"SearchAction","target":{"@type":"EntryPoint","urlTemplate":"https:\/\/rapidetech.com.br\/?s={search_term_string}"},"query-input":{"@type":"PropertyValueSpecification","valueRequired":true,"valueName":"search_term_string"}}],"inLanguage":"en-US"},{"@type":"Organization","@id":"https:\/\/rapidetech.com.br\/#organization","name":"Rapidetech","url":"https:\/\/rapidetech.com.br\/","logo":{"@type":"ImageObject","inLanguage":"en-US","@id":"https:\/\/rapidetech.com.br\/#\/schema\/logo\/image\/","url":"https:\/\/rapidetech.com.br\/wp-content\/uploads\/2022\/08\/RAPIDETECH-AUDIO-E-VIDEO.jpg","contentUrl":"https:\/\/rapidetech.com.br\/wp-content\/uploads\/2022\/08\/RAPIDETECH-AUDIO-E-VIDEO.jpg","width":236,"height":213,"caption":"Rapidetech"},"image":{"@id":"https:\/\/rapidetech.com.br\/#\/schema\/logo\/image\/"},"sameAs":["https:\/\/rapidetech.com.br\/","https:\/\/www.youtube.com\/channel\/UCQWlsTr9MvbqwWAekYtMNLQ"]}]}},"_links":{"self":[{"href":"https:\/\/rapidetech.com.br\/en\/wp-json\/wp\/v2\/product\/15094","targetHints":{"allow":["GET"]}}],"collection":[{"href":"https:\/\/rapidetech.com.br\/en\/wp-json\/wp\/v2\/product"}],"about":[{"href":"https:\/\/rapidetech.com.br\/en\/wp-json\/wp\/v2\/types\/product"}],"replies":[{"embeddable":true,"href":"https:\/\/rapidetech.com.br\/en\/wp-json\/wp\/v2\/comments?post=15094"}],"version-history":[{"count":0,"href":"https:\/\/rapidetech.com.br\/en\/wp-json\/wp\/v2\/product\/15094\/revisions"}],"wp:featuredmedia":[{"embeddable":true,"href":"https:\/\/rapidetech.com.br\/en\/wp-json\/wp\/v2\/media\/48203"}],"wp:attachment":[{"href":"https:\/\/rapidetech.com.br\/en\/wp-json\/wp\/v2\/media?parent=15094"}],"wp:term":[{"taxonomy":"product_brand","embeddable":true,"href":"https:\/\/rapidetech.com.br\/en\/wp-json\/wp\/v2\/product_brand?post=15094"},{"taxonomy":"product_cat","embeddable":true,"href":"https:\/\/rapidetech.com.br\/en\/wp-json\/wp\/v2\/product_cat?post=15094"},{"taxonomy":"product_tag","embeddable":true,"href":"https:\/\/rapidetech.com.br\/en\/wp-json\/wp\/v2\/product_tag?post=15094"}],"curies":[{"name":"wp","href":"https:\/\/api.w.org\/{rel}","templated":true}]}}