{"id":16816,"date":"2021-02-17T19:42:49","date_gmt":"2021-02-17T22:42:49","guid":{"rendered":"http:\/\/rapidetech.com.br\/?post_type=product&#038;p=16816"},"modified":"2024-12-06T09:34:17","modified_gmt":"2024-12-06T12:34:17","slug":"case-rigido-para-leitura-externa-orico-de-nvme-ssd-20-g","status":"publish","type":"product","link":"https:\/\/rapidetech.com.br\/en\/product\/case-rigido-para-leitura-externa-orico-de-nvme-ssd-20-g\/","title":{"rendered":"Case R\u00edgido para leitura externa Orico de NVME  SSD  20 G"},"content":{"rendered":"<h1>Case R\u00edgido para leitura externa Orico para NVME\u00a0 M2 (Nao SATA)<\/h1>\n<h3>Descri\u00e7\u00e3o do Case r\u00edgido para NVME :<\/h3>\n<ul>\n<li>Case de leitura externo para NVME \/SSD\/HD\u00a0 20G<\/li>\n<li>Modelo m2 ac3 g20<\/li>\n<li>Led de atividade azul<\/li>\n<li>projeto r\u00edgido<\/li>\n<li>\u00e0 prova de fogo<\/li>\n<li>\u00e0 prova de choque e riscos<\/li>\n<li>material ABS<\/li>\n<li>Super speed USB<\/li>\n<li>Taxa m\u00e1xima de transfer\u00eancia de dados de Gbps<\/li>\n<li>20 vezes mais r\u00e1pido que o USB 2.0<\/li>\n<li>UASP Protocolo de Transfer\u00eancia<\/li>\n<\/ul>\n<p>Conte\u00fado da embalagem:<\/p>\n<ul>\n<li>1 ORICO &#8211; NVME-\u00a0 Gabinete de Disco R\u00edgido<\/li>\n<li>2\u00a0 Cabos\u00a0 \u00a0(1 USB 3.0 e um tipo C 15 cm cada\u00a0 )<\/li>\n<li>1 Manual Do Usu\u00e1rio<\/li>\n<li>1 Cart\u00e3o de Servi\u00e7o<\/li>\n<\/ul>\n<h3>Case R\u00edgido para leitura externa Orico para SSD HD 3.0 \u00e9 compat\u00edvel com:<\/h3>\n<ul>\n<li>USB 3.2\u00a0 suporta Protocolo UASP<\/li>\n<li>padr\u00e3o NVME M2 (NAO SATA)<\/li>\n<li>up at\u00e9 2 TB (m\u00e1x)<\/li>\n<li>Compat\u00edvel com sistemas operacionais:\n<ul>\n<li>Windows 98<\/li>\n<li>Windows XP<\/li>\n<li>Windows Vista<\/li>\n<li>Windows 7<\/li>\n<li>Windows 8<\/li>\n<li>Windows 10<\/li>\n<li>Lunix<\/li>\n<li>Mac 9.1\/10.84 acima<\/li>\n<\/ul>\n<\/li>\n<\/ul>\n<h3>Protocolo UASP serve para:<\/h3>\n<p>O Protocolo UASP serve para reduzir a utiliza\u00e7\u00e3o da CPU, o atraso de dados e o tempo de espera, o que otimiza o processamento de dados e velocidade dos procedimentos.<\/p>\n<p>&nbsp;<\/p>","protected":false},"excerpt":{"rendered":"<h3>Case r\u00edgido para NVME M2\u00a0 SSD:<\/h3>\n<ul>\n<li>Case de leitura externo NVME<\/li>\n<li>Novo<\/li>\n<li>Led de atividade azul mais intenso<\/li>\n<li>projeto r\u00edgido<\/li>\n<li>\u00e0 prova de fogo<\/li>\n<li>\u00e0 prova de choque e riscos<\/li>\n<li>material ABS<\/li>\n<li>Super speed USB e Tipo C<\/li>\n<li>Taxa m\u00e1xima de transfer\u00eancia de dados de Gbps<\/li>\n<li>UASP Protocolo de Transfer\u00eancia<\/li>\n<\/ul>\n<p>Conte\u00fado da embalagem:<\/p>\n<ul>\n<li>1 ORICO\u00a0 Gabinete de Disco R\u00edgido NVME<\/li>\n<li>1 Cabo USB 3.0 e TIPO C<\/li>\n<li>1 Manual Do Usu\u00e1rio<\/li>\n<li>1 Cart\u00e3o de Servi\u00e7o<\/li>\n<\/ul>","protected":false},"featured_media":46769,"comment_status":"closed","ping_status":"closed","template":"","meta":[],"product_brand":[],"product_cat":[175,45],"product_tag":[65,52,66,63,56,64],"class_list":{"0":"post-16816","1":"product","2":"type-product","3":"status-publish","4":"has-post-thumbnail","6":"product_cat-cases","7":"product_cat-informatica","8":"product_tag-cpu","9":"product_tag-hd","10":"product_tag-midia-externa","11":"product_tag-servidor","12":"product_tag-ssd","13":"product_tag-ssd-externo","14":"product_shipping_class-normal","16":"first","17":"outofstock","18":"purchasable","19":"product-type-simple"},"yoast_head":"<!-- This site is optimized with the Yoast SEO plugin v27.5 - https:\/\/yoast.com\/product\/yoast-seo-wordpress\/ -->\n<title>Case R\u00edgido para leitura externa Orico de NVME SSD 20 G - Rapidetech<\/title>\n<meta name=\"robots\" content=\"index, follow, max-snippet:-1, max-image-preview:large, max-video-preview:-1\" \/>\n<link rel=\"canonical\" href=\"https:\/\/rapidetech.com.br\/en\/product\/case-rigido-para-leitura-externa-orico-de-nvme-ssd-20-g\/\" \/>\n<meta property=\"og:locale\" content=\"en_US\" \/>\n<meta property=\"og:type\" content=\"article\" \/>\n<meta property=\"og:title\" content=\"Case R\u00edgido para leitura externa Orico de NVME SSD 20 G - Rapidetech\" \/>\n<meta property=\"og:description\" content=\"Case r\u00edgido para NVME M2\u00a0 SSD:   Case de leitura externo NVME  Novo  Led de atividade azul mais intenso  projeto r\u00edgido  \u00e0 prova de fogo  \u00e0 prova de choque e riscos  material ABS  Super speed USB e Tipo C  Taxa m\u00e1xima de transfer\u00eancia de dados de Gbps  UASP Protocolo de Transfer\u00eancia  Conte\u00fado da embalagem:   1 ORICO\u00a0 Gabinete de Disco R\u00edgido NVME  1 Cabo USB 3.0 e TIPO C  1 Manual Do Usu\u00e1rio  1 Cart\u00e3o de Servi\u00e7o\" \/>\n<meta property=\"og:url\" content=\"https:\/\/rapidetech.com.br\/en\/product\/case-rigido-para-leitura-externa-orico-de-nvme-ssd-20-g\/\" \/>\n<meta property=\"og:site_name\" content=\"Rapidetech\" \/>\n<meta property=\"article:modified_time\" content=\"2024-12-06T12:34:17+00:00\" \/>\n<meta property=\"og:image\" content=\"https:\/\/rapidetech.com.br\/wp-content\/uploads\/2021\/02\/AnyConv.com__cabo-fibra-moshou-e1698456850815.webp\" \/>\n\t<meta property=\"og:image:width\" content=\"600\" \/>\n\t<meta property=\"og:image:height\" content=\"600\" \/>\n\t<meta property=\"og:image:type\" content=\"image\/webp\" \/>\n<meta name=\"twitter:card\" content=\"summary_large_image\" \/>\n<meta name=\"twitter:label1\" content=\"Est. reading time\" \/>\n\t<meta name=\"twitter:data1\" content=\"2 minutes\" \/>\n<script type=\"application\/ld+json\" class=\"yoast-schema-graph\">{\"@context\":\"https:\\\/\\\/schema.org\",\"@graph\":[{\"@type\":\"WebPage\",\"@id\":\"https:\\\/\\\/rapidetech.com.br\\\/produto\\\/case-rigido-para-leitura-externa-orico-de-nvme-ssd-20-g\\\/\",\"url\":\"https:\\\/\\\/rapidetech.com.br\\\/produto\\\/case-rigido-para-leitura-externa-orico-de-nvme-ssd-20-g\\\/\",\"name\":\"Case R\u00edgido para leitura externa Orico de NVME SSD 20 G - Rapidetech\",\"isPartOf\":{\"@id\":\"https:\\\/\\\/rapidetech.com.br\\\/#website\"},\"primaryImageOfPage\":{\"@id\":\"https:\\\/\\\/rapidetech.com.br\\\/produto\\\/case-rigido-para-leitura-externa-orico-de-nvme-ssd-20-g\\\/#primaryimage\"},\"image\":{\"@id\":\"https:\\\/\\\/rapidetech.com.br\\\/produto\\\/case-rigido-para-leitura-externa-orico-de-nvme-ssd-20-g\\\/#primaryimage\"},\"thumbnailUrl\":\"https:\\\/\\\/rapidetech.com.br\\\/wp-content\\\/uploads\\\/2021\\\/02\\\/AnyConv.com__cabo-fibra-moshou-e1698456850815.webp\",\"datePublished\":\"2021-02-17T22:42:49+00:00\",\"dateModified\":\"2024-12-06T12:34:17+00:00\",\"breadcrumb\":{\"@id\":\"https:\\\/\\\/rapidetech.com.br\\\/produto\\\/case-rigido-para-leitura-externa-orico-de-nvme-ssd-20-g\\\/#breadcrumb\"},\"inLanguage\":\"en-US\",\"potentialAction\":[{\"@type\":\"ReadAction\",\"target\":[\"https:\\\/\\\/rapidetech.com.br\\\/produto\\\/case-rigido-para-leitura-externa-orico-de-nvme-ssd-20-g\\\/\"]}]},{\"@type\":\"ImageObject\",\"inLanguage\":\"en-US\",\"@id\":\"https:\\\/\\\/rapidetech.com.br\\\/produto\\\/case-rigido-para-leitura-externa-orico-de-nvme-ssd-20-g\\\/#primaryimage\",\"url\":\"https:\\\/\\\/rapidetech.com.br\\\/wp-content\\\/uploads\\\/2021\\\/02\\\/AnyConv.com__cabo-fibra-moshou-e1698456850815.webp\",\"contentUrl\":\"https:\\\/\\\/rapidetech.com.br\\\/wp-content\\\/uploads\\\/2021\\\/02\\\/AnyConv.com__cabo-fibra-moshou-e1698456850815.webp\",\"width\":600,\"height\":600},{\"@type\":\"BreadcrumbList\",\"@id\":\"https:\\\/\\\/rapidetech.com.br\\\/produto\\\/case-rigido-para-leitura-externa-orico-de-nvme-ssd-20-g\\\/#breadcrumb\",\"itemListElement\":[{\"@type\":\"ListItem\",\"position\":1,\"name\":\"In\u00edcio\",\"item\":\"https:\\\/\\\/rapidetech.com.br\\\/\"},{\"@type\":\"ListItem\",\"position\":2,\"name\":\"Produtos\",\"item\":\"https:\\\/\\\/rapidetech.com.br\\\/produtos\\\/\"},{\"@type\":\"ListItem\",\"position\":3,\"name\":\"Case R\u00edgido para leitura externa Orico de NVME SSD 20 G\"}]},{\"@type\":\"WebSite\",\"@id\":\"https:\\\/\\\/rapidetech.com.br\\\/#website\",\"url\":\"https:\\\/\\\/rapidetech.com.br\\\/\",\"name\":\"Rapidetech\",\"description\":\"Audio e video\",\"publisher\":{\"@id\":\"https:\\\/\\\/rapidetech.com.br\\\/#organization\"},\"potentialAction\":[{\"@type\":\"SearchAction\",\"target\":{\"@type\":\"EntryPoint\",\"urlTemplate\":\"https:\\\/\\\/rapidetech.com.br\\\/?s={search_term_string}\"},\"query-input\":{\"@type\":\"PropertyValueSpecification\",\"valueRequired\":true,\"valueName\":\"search_term_string\"}}],\"inLanguage\":\"en-US\"},{\"@type\":\"Organization\",\"@id\":\"https:\\\/\\\/rapidetech.com.br\\\/#organization\",\"name\":\"Rapidetech\",\"url\":\"https:\\\/\\\/rapidetech.com.br\\\/\",\"logo\":{\"@type\":\"ImageObject\",\"inLanguage\":\"en-US\",\"@id\":\"https:\\\/\\\/rapidetech.com.br\\\/#\\\/schema\\\/logo\\\/image\\\/\",\"url\":\"https:\\\/\\\/rapidetech.com.br\\\/wp-content\\\/uploads\\\/2022\\\/08\\\/RAPIDETECH-AUDIO-E-VIDEO.jpg\",\"contentUrl\":\"https:\\\/\\\/rapidetech.com.br\\\/wp-content\\\/uploads\\\/2022\\\/08\\\/RAPIDETECH-AUDIO-E-VIDEO.jpg\",\"width\":236,\"height\":213,\"caption\":\"Rapidetech\"},\"image\":{\"@id\":\"https:\\\/\\\/rapidetech.com.br\\\/#\\\/schema\\\/logo\\\/image\\\/\"},\"sameAs\":[\"https:\\\/\\\/rapidetech.com.br\\\/\",\"https:\\\/\\\/www.youtube.com\\\/channel\\\/UCQWlsTr9MvbqwWAekYtMNLQ\"]}]}<\/script>\n<!-- \/ Yoast SEO plugin. -->","yoast_head_json":{"title":"Case R\u00edgido para leitura externa Orico de NVME SSD 20 G - Rapidetech","robots":{"index":"index","follow":"follow","max-snippet":"max-snippet:-1","max-image-preview":"max-image-preview:large","max-video-preview":"max-video-preview:-1"},"canonical":"https:\/\/rapidetech.com.br\/en\/product\/case-rigido-para-leitura-externa-orico-de-nvme-ssd-20-g\/","og_locale":"en_US","og_type":"article","og_title":"Case R\u00edgido para leitura externa Orico de NVME SSD 20 G - Rapidetech","og_description":"Case r\u00edgido para NVME M2\u00a0 SSD:   Case de leitura externo NVME  Novo  Led de atividade azul mais intenso  projeto r\u00edgido  \u00e0 prova de fogo  \u00e0 prova de choque e riscos  material ABS  Super speed USB e Tipo C  Taxa m\u00e1xima de transfer\u00eancia de dados de Gbps  UASP Protocolo de Transfer\u00eancia  Conte\u00fado da embalagem:   1 ORICO\u00a0 Gabinete de Disco R\u00edgido NVME  1 Cabo USB 3.0 e TIPO C  1 Manual Do Usu\u00e1rio  1 Cart\u00e3o de Servi\u00e7o","og_url":"https:\/\/rapidetech.com.br\/en\/product\/case-rigido-para-leitura-externa-orico-de-nvme-ssd-20-g\/","og_site_name":"Rapidetech","article_modified_time":"2024-12-06T12:34:17+00:00","og_image":[{"width":600,"height":600,"url":"https:\/\/rapidetech.com.br\/wp-content\/uploads\/2021\/02\/AnyConv.com__cabo-fibra-moshou-e1698456850815.webp","type":"image\/webp"}],"twitter_card":"summary_large_image","twitter_misc":{"Est. reading time":"2 minutes"},"schema":{"@context":"https:\/\/schema.org","@graph":[{"@type":"WebPage","@id":"https:\/\/rapidetech.com.br\/produto\/case-rigido-para-leitura-externa-orico-de-nvme-ssd-20-g\/","url":"https:\/\/rapidetech.com.br\/produto\/case-rigido-para-leitura-externa-orico-de-nvme-ssd-20-g\/","name":"Case R\u00edgido para leitura externa Orico de NVME SSD 20 G - Rapidetech","isPartOf":{"@id":"https:\/\/rapidetech.com.br\/#website"},"primaryImageOfPage":{"@id":"https:\/\/rapidetech.com.br\/produto\/case-rigido-para-leitura-externa-orico-de-nvme-ssd-20-g\/#primaryimage"},"image":{"@id":"https:\/\/rapidetech.com.br\/produto\/case-rigido-para-leitura-externa-orico-de-nvme-ssd-20-g\/#primaryimage"},"thumbnailUrl":"https:\/\/rapidetech.com.br\/wp-content\/uploads\/2021\/02\/AnyConv.com__cabo-fibra-moshou-e1698456850815.webp","datePublished":"2021-02-17T22:42:49+00:00","dateModified":"2024-12-06T12:34:17+00:00","breadcrumb":{"@id":"https:\/\/rapidetech.com.br\/produto\/case-rigido-para-leitura-externa-orico-de-nvme-ssd-20-g\/#breadcrumb"},"inLanguage":"en-US","potentialAction":[{"@type":"ReadAction","target":["https:\/\/rapidetech.com.br\/produto\/case-rigido-para-leitura-externa-orico-de-nvme-ssd-20-g\/"]}]},{"@type":"ImageObject","inLanguage":"en-US","@id":"https:\/\/rapidetech.com.br\/produto\/case-rigido-para-leitura-externa-orico-de-nvme-ssd-20-g\/#primaryimage","url":"https:\/\/rapidetech.com.br\/wp-content\/uploads\/2021\/02\/AnyConv.com__cabo-fibra-moshou-e1698456850815.webp","contentUrl":"https:\/\/rapidetech.com.br\/wp-content\/uploads\/2021\/02\/AnyConv.com__cabo-fibra-moshou-e1698456850815.webp","width":600,"height":600},{"@type":"BreadcrumbList","@id":"https:\/\/rapidetech.com.br\/produto\/case-rigido-para-leitura-externa-orico-de-nvme-ssd-20-g\/#breadcrumb","itemListElement":[{"@type":"ListItem","position":1,"name":"In\u00edcio","item":"https:\/\/rapidetech.com.br\/"},{"@type":"ListItem","position":2,"name":"Produtos","item":"https:\/\/rapidetech.com.br\/produtos\/"},{"@type":"ListItem","position":3,"name":"Case R\u00edgido para leitura externa Orico de NVME SSD 20 G"}]},{"@type":"WebSite","@id":"https:\/\/rapidetech.com.br\/#website","url":"https:\/\/rapidetech.com.br\/","name":"Rapidetech","description":"Audio e video","publisher":{"@id":"https:\/\/rapidetech.com.br\/#organization"},"potentialAction":[{"@type":"SearchAction","target":{"@type":"EntryPoint","urlTemplate":"https:\/\/rapidetech.com.br\/?s={search_term_string}"},"query-input":{"@type":"PropertyValueSpecification","valueRequired":true,"valueName":"search_term_string"}}],"inLanguage":"en-US"},{"@type":"Organization","@id":"https:\/\/rapidetech.com.br\/#organization","name":"Rapidetech","url":"https:\/\/rapidetech.com.br\/","logo":{"@type":"ImageObject","inLanguage":"en-US","@id":"https:\/\/rapidetech.com.br\/#\/schema\/logo\/image\/","url":"https:\/\/rapidetech.com.br\/wp-content\/uploads\/2022\/08\/RAPIDETECH-AUDIO-E-VIDEO.jpg","contentUrl":"https:\/\/rapidetech.com.br\/wp-content\/uploads\/2022\/08\/RAPIDETECH-AUDIO-E-VIDEO.jpg","width":236,"height":213,"caption":"Rapidetech"},"image":{"@id":"https:\/\/rapidetech.com.br\/#\/schema\/logo\/image\/"},"sameAs":["https:\/\/rapidetech.com.br\/","https:\/\/www.youtube.com\/channel\/UCQWlsTr9MvbqwWAekYtMNLQ"]}]}},"_links":{"self":[{"href":"https:\/\/rapidetech.com.br\/en\/wp-json\/wp\/v2\/product\/16816","targetHints":{"allow":["GET"]}}],"collection":[{"href":"https:\/\/rapidetech.com.br\/en\/wp-json\/wp\/v2\/product"}],"about":[{"href":"https:\/\/rapidetech.com.br\/en\/wp-json\/wp\/v2\/types\/product"}],"replies":[{"embeddable":true,"href":"https:\/\/rapidetech.com.br\/en\/wp-json\/wp\/v2\/comments?post=16816"}],"version-history":[{"count":0,"href":"https:\/\/rapidetech.com.br\/en\/wp-json\/wp\/v2\/product\/16816\/revisions"}],"wp:featuredmedia":[{"embeddable":true,"href":"https:\/\/rapidetech.com.br\/en\/wp-json\/wp\/v2\/media\/46769"}],"wp:attachment":[{"href":"https:\/\/rapidetech.com.br\/en\/wp-json\/wp\/v2\/media?parent=16816"}],"wp:term":[{"taxonomy":"product_brand","embeddable":true,"href":"https:\/\/rapidetech.com.br\/en\/wp-json\/wp\/v2\/product_brand?post=16816"},{"taxonomy":"product_cat","embeddable":true,"href":"https:\/\/rapidetech.com.br\/en\/wp-json\/wp\/v2\/product_cat?post=16816"},{"taxonomy":"product_tag","embeddable":true,"href":"https:\/\/rapidetech.com.br\/en\/wp-json\/wp\/v2\/product_tag?post=16816"}],"curies":[{"name":"wp","href":"https:\/\/api.w.org\/{rel}","templated":true}]}}