{"id":18093,"date":"2021-02-22T18:33:31","date_gmt":"2021-02-22T21:33:31","guid":{"rendered":"http:\/\/rapidetech.com.br\/?post_type=product&#038;p=18093"},"modified":"2026-04-23T15:00:28","modified_gmt":"2026-04-23T18:00:28","slug":"kit-4-pilhas-recarregaveis-aaa-panasonic-630-mah-12-v","status":"publish","type":"product","link":"https:\/\/rapidetech.com.br\/en\/product\/kit-4-pilhas-recarregaveis-aaa-panasonic-630-mah-12-v\/","title":{"rendered":"Kit 4 pilhas recarregaveis AAA Panasonic 630 mah 1,2 V originais"},"content":{"rendered":"<h1>Kit 4 Pilhas Panasonic AAA 630 mah recarregaveis para tels e secretaria Panasonic<\/h1>\n<h3><\/h3>\n<p>&nbsp;<\/p>\n<h3><\/h3>\n<h3><em>Descri\u00e7\u00e3o da pilha Panasonic AAA HHR -65 AAAB\u00a0 Original\u00a0 (bk-4ldaw\/2bc)<\/em> :<\/h3>\n<ul>\n<li style=\"font-weight: 400;\">Pilha original recarreg\u00e1vel<\/li>\n<li style=\"font-weight: 400;\">\u00a0630 mah (substituta da 550 mah)<\/li>\n<li style=\"font-weight: 400;\">Use a como pilha sobressalente ou de reposi\u00e7\u00e3o para todos os TELEFONES SEM FIO E SECRETARIA PANASONIC que usam pilhas AAA<\/li>\n<\/ul>\n<h3><\/h3>\n<h3><\/h3>\n<h3><em>Conte\u00fado da embalagem<\/em>:<\/h3>\n<ul>\n<li style=\"font-weight: 400;\">04 pilhas originais Panasonic 1,2 v 630 mah.<\/li>\n<\/ul>\n<h3><\/h3>\n<h3><em>Vis\u00e3o geral da pilha Panasonic<\/em> :<\/h3>\n<p>Alimente telefone e secretarias eletr\u00f4nicas com esta pilha recarreg\u00e1vel de \u00edons de l\u00edtio , que serve como sobressalente ou substituta da fornecida com o tel . Ela \u00e9 projetada para oferecer vida \u00fatil longa e pot\u00eancia consistente,\u00a0 e pode ser carregada ou descarregada a qualquer momento sem desenvolver efeitos de mem\u00f3ria.<\/p>\n<h3><\/h3>\n<h3><em>As pilhas Panasonic s\u00e3o compat\u00edveis\u00a0 com telefones e secretarias Panasonic e c\u00e2meras <\/em>:<b><br \/>\n<\/b><\/h3>\n<p>KX-TG1032\/33\/34<br \/>\nKX-TG823x Series<br \/>\nKX-TG63xx Series<br \/>\nKX-TG93xx Series<br \/>\nKX-TG43xx Series<br \/>\nKX-TH1211\/12<br \/>\nKX-TGA101\/430\/630\/930\/935<\/p>\n<p>KXTG1031S, KXTG1032B, KXTG1032BP, KXTG1032S, KXTG1033S, KXTG1034B, KXTG1034S, KXTG1035S, KXTG1061M,<br \/>\nKXTG1062M, KXTG4321B, KXTG4322B, KXTG4323B, KXTG4324B, KXTG6311S, KXTG6312S, KXTG6313S, KXTG6322S,<br \/>\nKXTG6323PK, KXTG6323S, KXTG6324, KXTG6324S, KXTG6434PK, KXTG6440PK, KXTG6473PK, KXTG8231B, KXTG8232B,<br \/>\nKXTG9331T, KXTG9332S, KXTG9332T, KXTG9333PK, KXTG9333T, KXTG9334PK, KXTG9334T, KXTG9341T, KXTG9342T,<br \/>\nKXTG9343S, KXTG9343T, KXTG9344PK, KXTG9344T, KXTG9345BP, KXTG9345PK, KXTG9361B, KXTG9371B, KXTG9372B,<br \/>\nKXTG9381T, KXTG9382T, KXTG9391T, KXTG9392T, v, KXTGA106M, KXTGA430B, KXTGA820B, KXTGA939T, KXTH1211B, KXTH1212B &#8230;<\/p>\n<p>&nbsp;<\/p>\n<p>Seu telefone n\u00e3o esta na lista ? Fique tranquilo ,as pilhas Panasonic seguem padr\u00e3o AAA e s\u00e3o compat\u00edveis com a maior parte dos modelos que usam AAA.<\/p>\n<p>&nbsp;<\/p>","protected":false},"excerpt":{"rendered":"<h2><b>Kit 4 Pilhas Panasonic AAA recarregaveis para tels e secretaria Panasonic<\/b><\/h2>\n<ul>\n<li style=\"font-weight: 400;\"><strong>Pilha original Panasonic \u00a0<\/strong><\/li>\n<li style=\"font-weight: 400;\"><strong>Recarreg\u00e1vel<\/strong><\/li>\n<li style=\"font-weight: 400;\"><strong>630\u00a0 MAH\u00a0<\/strong><\/li>\n<\/ul>\n<p><strong>Conte\u00fado da embalagem:<\/strong><\/p>\n<ul>\n<li style=\"font-weight: 400;\"><strong>04 pilhas PANASONIC AAA 1,2 v\u00a0<\/strong><\/li>\n<\/ul>\n<p>&nbsp;<\/p>","protected":false},"featured_media":46544,"comment_status":"open","ping_status":"closed","template":"","meta":[],"product_brand":[],"product_cat":[18,45,21],"product_tag":[450,411,410,23,91,348,453,452,451,90],"class_list":{"0":"post-18093","1":"product","2":"type-product","3":"status-publish","4":"has-post-thumbnail","6":"product_cat-accessorios","7":"product_cat-informatica","8":"product_cat-video","9":"product_tag-550-mah","10":"product_tag-630-mah","11":"product_tag-aaa","12":"product_tag-bateria","13":"product_tag-panasonic","14":"product_tag-pilhas","15":"product_tag-recarregaveis","16":"product_tag-recarregavel","17":"product_tag-secretaria-tel","18":"product_tag-tel-sem-fio","19":"product_shipping_class-normal","21":"first","22":"instock","23":"featured","24":"purchasable","25":"product-type-simple"},"yoast_head":"<!-- This site is optimized with the Yoast SEO plugin v27.4 - https:\/\/yoast.com\/product\/yoast-seo-wordpress\/ -->\n<title>Kit 4 pilhas recarregaveis AAA Panasonic 630 mah 1,2 V originais - Rapidetech<\/title>\n<meta name=\"description\" content=\"&quot;Obtenha energia confi\u00e1vel e duradoura com o Kit de 4 Pilhas Recarreg\u00e1veis AAA Panasonic, cada uma com uma capacidade de 630mAh e tens\u00e3o de 1,2V. Estas pilhas s\u00e3o ideais para dispositivos de uso di\u00e1rio, como controles remotos, brinquedos,tels sem fio, e muito mais. Economize dinheiro a longo prazo e reduza o desperd\u00edcio ambiental, pois essas pilhas podem ser recarregadas centenas de vezes. Mantenha seus dispositivos funcionando sem interrup\u00e7\u00f5es com o desempenho de qualidade da Panasonic.&quot;\" \/>\n<meta name=\"robots\" content=\"index, follow, max-snippet:-1, max-image-preview:large, max-video-preview:-1\" \/>\n<link rel=\"canonical\" href=\"https:\/\/rapidetech.com.br\/en\/product\/kit-4-pilhas-recarregaveis-aaa-panasonic-630-mah-12-v\/\" \/>\n<meta property=\"og:locale\" content=\"en_US\" \/>\n<meta property=\"og:type\" content=\"article\" \/>\n<meta property=\"og:title\" content=\"Kit 4 pilhas recarregaveis AAA Panasonic 630 mah 1,2 V originais - Rapidetech\" \/>\n<meta property=\"og:description\" content=\"&quot;Obtenha energia confi\u00e1vel e duradoura com o Kit de 4 Pilhas Recarreg\u00e1veis AAA Panasonic, cada uma com uma capacidade de 630mAh e tens\u00e3o de 1,2V. Estas pilhas s\u00e3o ideais para dispositivos de uso di\u00e1rio, como controles remotos, brinquedos,tels sem fio, e muito mais. Economize dinheiro a longo prazo e reduza o desperd\u00edcio ambiental, pois essas pilhas podem ser recarregadas centenas de vezes. Mantenha seus dispositivos funcionando sem interrup\u00e7\u00f5es com o desempenho de qualidade da Panasonic.&quot;\" \/>\n<meta property=\"og:url\" content=\"https:\/\/rapidetech.com.br\/en\/product\/kit-4-pilhas-recarregaveis-aaa-panasonic-630-mah-12-v\/\" \/>\n<meta property=\"og:site_name\" content=\"Rapidetech\" \/>\n<meta property=\"article:modified_time\" content=\"2026-04-23T18:00:28+00:00\" \/>\n<meta property=\"og:image\" content=\"https:\/\/rapidetech.com.br\/wp-content\/uploads\/2021\/02\/AnyConv.com___DSC1191-Copia-Copia-1-scaled-e1693946705121.webp\" \/>\n\t<meta property=\"og:image:width\" content=\"600\" \/>\n\t<meta property=\"og:image:height\" content=\"599\" \/>\n\t<meta property=\"og:image:type\" content=\"image\/webp\" \/>\n<meta name=\"twitter:card\" content=\"summary_large_image\" \/>\n<meta name=\"twitter:label1\" content=\"Est. reading time\" \/>\n\t<meta name=\"twitter:data1\" content=\"2 minutes\" \/>\n<script type=\"application\/ld+json\" class=\"yoast-schema-graph\">{\"@context\":\"https:\\\/\\\/schema.org\",\"@graph\":[{\"@type\":\"WebPage\",\"@id\":\"https:\\\/\\\/rapidetech.com.br\\\/produto\\\/kit-4-pilhas-recarregaveis-aaa-panasonic-630-mah-12-v\\\/\",\"url\":\"https:\\\/\\\/rapidetech.com.br\\\/produto\\\/kit-4-pilhas-recarregaveis-aaa-panasonic-630-mah-12-v\\\/\",\"name\":\"Kit 4 pilhas recarregaveis AAA Panasonic 630 mah 1,2 V originais - Rapidetech\",\"isPartOf\":{\"@id\":\"https:\\\/\\\/rapidetech.com.br\\\/#website\"},\"primaryImageOfPage\":{\"@id\":\"https:\\\/\\\/rapidetech.com.br\\\/produto\\\/kit-4-pilhas-recarregaveis-aaa-panasonic-630-mah-12-v\\\/#primaryimage\"},\"image\":{\"@id\":\"https:\\\/\\\/rapidetech.com.br\\\/produto\\\/kit-4-pilhas-recarregaveis-aaa-panasonic-630-mah-12-v\\\/#primaryimage\"},\"thumbnailUrl\":\"https:\\\/\\\/rapidetech.com.br\\\/wp-content\\\/uploads\\\/2021\\\/02\\\/AnyConv.com___DSC1191-Copia-Copia-1-scaled-e1693946705121.webp\",\"datePublished\":\"2021-02-22T21:33:31+00:00\",\"dateModified\":\"2026-04-23T18:00:28+00:00\",\"description\":\"\\\"Obtenha energia confi\u00e1vel e duradoura com o Kit de 4 Pilhas Recarreg\u00e1veis AAA Panasonic, cada uma com uma capacidade de 630mAh e tens\u00e3o de 1,2V. Estas pilhas s\u00e3o ideais para dispositivos de uso di\u00e1rio, como controles remotos, brinquedos,tels sem fio, e muito mais. Economize dinheiro a longo prazo e reduza o desperd\u00edcio ambiental, pois essas pilhas podem ser recarregadas centenas de vezes. Mantenha seus dispositivos funcionando sem interrup\u00e7\u00f5es com o desempenho de qualidade da Panasonic.\\\"\",\"breadcrumb\":{\"@id\":\"https:\\\/\\\/rapidetech.com.br\\\/produto\\\/kit-4-pilhas-recarregaveis-aaa-panasonic-630-mah-12-v\\\/#breadcrumb\"},\"inLanguage\":\"en-US\",\"potentialAction\":[{\"@type\":\"ReadAction\",\"target\":[\"https:\\\/\\\/rapidetech.com.br\\\/produto\\\/kit-4-pilhas-recarregaveis-aaa-panasonic-630-mah-12-v\\\/\"]}]},{\"@type\":\"ImageObject\",\"inLanguage\":\"en-US\",\"@id\":\"https:\\\/\\\/rapidetech.com.br\\\/produto\\\/kit-4-pilhas-recarregaveis-aaa-panasonic-630-mah-12-v\\\/#primaryimage\",\"url\":\"https:\\\/\\\/rapidetech.com.br\\\/wp-content\\\/uploads\\\/2021\\\/02\\\/AnyConv.com___DSC1191-Copia-Copia-1-scaled-e1693946705121.webp\",\"contentUrl\":\"https:\\\/\\\/rapidetech.com.br\\\/wp-content\\\/uploads\\\/2021\\\/02\\\/AnyConv.com___DSC1191-Copia-Copia-1-scaled-e1693946705121.webp\",\"width\":600,\"height\":599},{\"@type\":\"BreadcrumbList\",\"@id\":\"https:\\\/\\\/rapidetech.com.br\\\/produto\\\/kit-4-pilhas-recarregaveis-aaa-panasonic-630-mah-12-v\\\/#breadcrumb\",\"itemListElement\":[{\"@type\":\"ListItem\",\"position\":1,\"name\":\"In\u00edcio\",\"item\":\"https:\\\/\\\/rapidetech.com.br\\\/\"},{\"@type\":\"ListItem\",\"position\":2,\"name\":\"Produtos\",\"item\":\"https:\\\/\\\/rapidetech.com.br\\\/produtos\\\/\"},{\"@type\":\"ListItem\",\"position\":3,\"name\":\"Kit 4 pilhas recarregaveis AAA Panasonic 630 mah 1,2 V originais\"}]},{\"@type\":\"WebSite\",\"@id\":\"https:\\\/\\\/rapidetech.com.br\\\/#website\",\"url\":\"https:\\\/\\\/rapidetech.com.br\\\/\",\"name\":\"Rapidetech\",\"description\":\"Audio e video\",\"publisher\":{\"@id\":\"https:\\\/\\\/rapidetech.com.br\\\/#organization\"},\"potentialAction\":[{\"@type\":\"SearchAction\",\"target\":{\"@type\":\"EntryPoint\",\"urlTemplate\":\"https:\\\/\\\/rapidetech.com.br\\\/?s={search_term_string}\"},\"query-input\":{\"@type\":\"PropertyValueSpecification\",\"valueRequired\":true,\"valueName\":\"search_term_string\"}}],\"inLanguage\":\"en-US\"},{\"@type\":\"Organization\",\"@id\":\"https:\\\/\\\/rapidetech.com.br\\\/#organization\",\"name\":\"Rapidetech\",\"url\":\"https:\\\/\\\/rapidetech.com.br\\\/\",\"logo\":{\"@type\":\"ImageObject\",\"inLanguage\":\"en-US\",\"@id\":\"https:\\\/\\\/rapidetech.com.br\\\/#\\\/schema\\\/logo\\\/image\\\/\",\"url\":\"https:\\\/\\\/rapidetech.com.br\\\/wp-content\\\/uploads\\\/2022\\\/08\\\/RAPIDETECH-AUDIO-E-VIDEO.jpg\",\"contentUrl\":\"https:\\\/\\\/rapidetech.com.br\\\/wp-content\\\/uploads\\\/2022\\\/08\\\/RAPIDETECH-AUDIO-E-VIDEO.jpg\",\"width\":236,\"height\":213,\"caption\":\"Rapidetech\"},\"image\":{\"@id\":\"https:\\\/\\\/rapidetech.com.br\\\/#\\\/schema\\\/logo\\\/image\\\/\"},\"sameAs\":[\"https:\\\/\\\/rapidetech.com.br\\\/\",\"https:\\\/\\\/www.youtube.com\\\/channel\\\/UCQWlsTr9MvbqwWAekYtMNLQ\"]}]}<\/script>\n<!-- \/ Yoast SEO plugin. -->","yoast_head_json":{"title":"Kit 4 pilhas recarregaveis AAA Panasonic 630 mah 1,2 V originais - Rapidetech","description":"\"Obtenha energia confi\\u00e1vel e duradoura com o Kit de 4 Pilhas Recarreg\\u00e1veis AAA Panasonic, cada uma com uma capacidade de 630mAh e tens\\u00e3o de 1,2V. Estas pilhas s\\u00e3o ideais para dispositivos de uso di\\u00e1rio, como controles remotos, brinquedos,tels sem fio, e muito mais. Economize dinheiro a longo prazo e reduza o desperd\\u00edcio ambiental, pois essas pilhas podem ser recarregadas centenas de vezes. Mantenha seus dispositivos funcionando sem interrup\\u00e7\\u00f5es com o desempenho de qualidade da Panasonic.\"","robots":{"index":"index","follow":"follow","max-snippet":"max-snippet:-1","max-image-preview":"max-image-preview:large","max-video-preview":"max-video-preview:-1"},"canonical":"https:\/\/rapidetech.com.br\/en\/product\/kit-4-pilhas-recarregaveis-aaa-panasonic-630-mah-12-v\/","og_locale":"en_US","og_type":"article","og_title":"Kit 4 pilhas recarregaveis AAA Panasonic 630 mah 1,2 V originais - Rapidetech","og_description":"\"Obtenha energia confi\u00e1vel e duradoura com o Kit de 4 Pilhas Recarreg\u00e1veis AAA Panasonic, cada uma com uma capacidade de 630mAh e tens\u00e3o de 1,2V. Estas pilhas s\u00e3o ideais para dispositivos de uso di\u00e1rio, como controles remotos, brinquedos,tels sem fio, e muito mais. Economize dinheiro a longo prazo e reduza o desperd\u00edcio ambiental, pois essas pilhas podem ser recarregadas centenas de vezes. Mantenha seus dispositivos funcionando sem interrup\u00e7\u00f5es com o desempenho de qualidade da Panasonic.\"","og_url":"https:\/\/rapidetech.com.br\/en\/product\/kit-4-pilhas-recarregaveis-aaa-panasonic-630-mah-12-v\/","og_site_name":"Rapidetech","article_modified_time":"2026-04-23T18:00:28+00:00","og_image":[{"width":600,"height":599,"url":"https:\/\/rapidetech.com.br\/wp-content\/uploads\/2021\/02\/AnyConv.com___DSC1191-Copia-Copia-1-scaled-e1693946705121.webp","type":"image\/webp"}],"twitter_card":"summary_large_image","twitter_misc":{"Est. reading time":"2 minutes"},"schema":{"@context":"https:\/\/schema.org","@graph":[{"@type":"WebPage","@id":"https:\/\/rapidetech.com.br\/produto\/kit-4-pilhas-recarregaveis-aaa-panasonic-630-mah-12-v\/","url":"https:\/\/rapidetech.com.br\/produto\/kit-4-pilhas-recarregaveis-aaa-panasonic-630-mah-12-v\/","name":"Kit 4 pilhas recarregaveis AAA Panasonic 630 mah 1,2 V originais - Rapidetech","isPartOf":{"@id":"https:\/\/rapidetech.com.br\/#website"},"primaryImageOfPage":{"@id":"https:\/\/rapidetech.com.br\/produto\/kit-4-pilhas-recarregaveis-aaa-panasonic-630-mah-12-v\/#primaryimage"},"image":{"@id":"https:\/\/rapidetech.com.br\/produto\/kit-4-pilhas-recarregaveis-aaa-panasonic-630-mah-12-v\/#primaryimage"},"thumbnailUrl":"https:\/\/rapidetech.com.br\/wp-content\/uploads\/2021\/02\/AnyConv.com___DSC1191-Copia-Copia-1-scaled-e1693946705121.webp","datePublished":"2021-02-22T21:33:31+00:00","dateModified":"2026-04-23T18:00:28+00:00","description":"\"Obtenha energia confi\\u00e1vel e duradoura com o Kit de 4 Pilhas Recarreg\\u00e1veis AAA Panasonic, cada uma com uma capacidade de 630mAh e tens\\u00e3o de 1,2V. Estas pilhas s\\u00e3o ideais para dispositivos de uso di\\u00e1rio, como controles remotos, brinquedos,tels sem fio, e muito mais. Economize dinheiro a longo prazo e reduza o desperd\\u00edcio ambiental, pois essas pilhas podem ser recarregadas centenas de vezes. Mantenha seus dispositivos funcionando sem interrup\\u00e7\\u00f5es com o desempenho de qualidade da Panasonic.\"","breadcrumb":{"@id":"https:\/\/rapidetech.com.br\/produto\/kit-4-pilhas-recarregaveis-aaa-panasonic-630-mah-12-v\/#breadcrumb"},"inLanguage":"en-US","potentialAction":[{"@type":"ReadAction","target":["https:\/\/rapidetech.com.br\/produto\/kit-4-pilhas-recarregaveis-aaa-panasonic-630-mah-12-v\/"]}]},{"@type":"ImageObject","inLanguage":"en-US","@id":"https:\/\/rapidetech.com.br\/produto\/kit-4-pilhas-recarregaveis-aaa-panasonic-630-mah-12-v\/#primaryimage","url":"https:\/\/rapidetech.com.br\/wp-content\/uploads\/2021\/02\/AnyConv.com___DSC1191-Copia-Copia-1-scaled-e1693946705121.webp","contentUrl":"https:\/\/rapidetech.com.br\/wp-content\/uploads\/2021\/02\/AnyConv.com___DSC1191-Copia-Copia-1-scaled-e1693946705121.webp","width":600,"height":599},{"@type":"BreadcrumbList","@id":"https:\/\/rapidetech.com.br\/produto\/kit-4-pilhas-recarregaveis-aaa-panasonic-630-mah-12-v\/#breadcrumb","itemListElement":[{"@type":"ListItem","position":1,"name":"In\u00edcio","item":"https:\/\/rapidetech.com.br\/"},{"@type":"ListItem","position":2,"name":"Produtos","item":"https:\/\/rapidetech.com.br\/produtos\/"},{"@type":"ListItem","position":3,"name":"Kit 4 pilhas recarregaveis AAA Panasonic 630 mah 1,2 V originais"}]},{"@type":"WebSite","@id":"https:\/\/rapidetech.com.br\/#website","url":"https:\/\/rapidetech.com.br\/","name":"Rapidetech","description":"Audio e video","publisher":{"@id":"https:\/\/rapidetech.com.br\/#organization"},"potentialAction":[{"@type":"SearchAction","target":{"@type":"EntryPoint","urlTemplate":"https:\/\/rapidetech.com.br\/?s={search_term_string}"},"query-input":{"@type":"PropertyValueSpecification","valueRequired":true,"valueName":"search_term_string"}}],"inLanguage":"en-US"},{"@type":"Organization","@id":"https:\/\/rapidetech.com.br\/#organization","name":"Rapidetech","url":"https:\/\/rapidetech.com.br\/","logo":{"@type":"ImageObject","inLanguage":"en-US","@id":"https:\/\/rapidetech.com.br\/#\/schema\/logo\/image\/","url":"https:\/\/rapidetech.com.br\/wp-content\/uploads\/2022\/08\/RAPIDETECH-AUDIO-E-VIDEO.jpg","contentUrl":"https:\/\/rapidetech.com.br\/wp-content\/uploads\/2022\/08\/RAPIDETECH-AUDIO-E-VIDEO.jpg","width":236,"height":213,"caption":"Rapidetech"},"image":{"@id":"https:\/\/rapidetech.com.br\/#\/schema\/logo\/image\/"},"sameAs":["https:\/\/rapidetech.com.br\/","https:\/\/www.youtube.com\/channel\/UCQWlsTr9MvbqwWAekYtMNLQ"]}]}},"_links":{"self":[{"href":"https:\/\/rapidetech.com.br\/en\/wp-json\/wp\/v2\/product\/18093","targetHints":{"allow":["GET"]}}],"collection":[{"href":"https:\/\/rapidetech.com.br\/en\/wp-json\/wp\/v2\/product"}],"about":[{"href":"https:\/\/rapidetech.com.br\/en\/wp-json\/wp\/v2\/types\/product"}],"replies":[{"embeddable":true,"href":"https:\/\/rapidetech.com.br\/en\/wp-json\/wp\/v2\/comments?post=18093"}],"version-history":[{"count":1,"href":"https:\/\/rapidetech.com.br\/en\/wp-json\/wp\/v2\/product\/18093\/revisions"}],"predecessor-version":[{"id":58486,"href":"https:\/\/rapidetech.com.br\/en\/wp-json\/wp\/v2\/product\/18093\/revisions\/58486"}],"wp:featuredmedia":[{"embeddable":true,"href":"https:\/\/rapidetech.com.br\/en\/wp-json\/wp\/v2\/media\/46544"}],"wp:attachment":[{"href":"https:\/\/rapidetech.com.br\/en\/wp-json\/wp\/v2\/media?parent=18093"}],"wp:term":[{"taxonomy":"product_brand","embeddable":true,"href":"https:\/\/rapidetech.com.br\/en\/wp-json\/wp\/v2\/product_brand?post=18093"},{"taxonomy":"product_cat","embeddable":true,"href":"https:\/\/rapidetech.com.br\/en\/wp-json\/wp\/v2\/product_cat?post=18093"},{"taxonomy":"product_tag","embeddable":true,"href":"https:\/\/rapidetech.com.br\/en\/wp-json\/wp\/v2\/product_tag?post=18093"}],"curies":[{"name":"wp","href":"https:\/\/api.w.org\/{rel}","templated":true}]}}