{"id":203,"date":"2019-12-24T15:24:31","date_gmt":"2019-12-24T18:24:31","guid":{"rendered":"http:\/\/rapidetech.com.br\/?post_type=product&#038;p=203"},"modified":"2026-01-24T20:38:05","modified_gmt":"2026-01-24T23:38:05","slug":"bateria-nikon-en-el15a-original","status":"publish","type":"product","link":"https:\/\/rapidetech.com.br\/en\/product\/bateria-nikon-en-el15a-original\/","title":{"rendered":"Bateria Nikon En-el 15a &#8211; Original e lacrada &#8211;"},"content":{"rendered":"<h1><b>Bateria Nikon En-el15a Original\u00a0<\/b><\/h1>\n<h2><b>\u00a0 Descri\u00e7\u00e3o da <\/b><b>Bateria Nikon En-el15a Original\u00a0 e lacrada\u00a0<\/b><\/h2>\n<ul>\n<li style=\"font-weight: 400;\"><span style=\"font-weight: 400;\">Bateria original <\/span><span style=\"font-weight: 400;\">Nikon En-el15 a (maior potencia de arranque que modelo convencional En el 15)\u00a0<\/span><\/li>\n<li style=\"font-weight: 400;\"><span style=\"font-weight: 400;\">Recarreg\u00e1vel 7.0V<\/span><\/li>\n<li style=\"font-weight: 400;\"><span style=\"font-weight: 400;\">\u00a01900 mAh<\/span><\/li>\n<li style=\"font-weight: 400;\"><span style=\"font-weight: 400;\">14Wh<\/span><\/li>\n<li style=\"font-weight: 400;\"><span style=\"font-weight: 400;\">Capacidade da bateria: 1900 mAh<\/span><\/li>\n<li style=\"font-weight: 400;\"><span style=\"font-weight: 400;\">\u00a0Tens\u00e3o de sa\u00edda: 7,0 V<\/span><\/li>\n<\/ul>\n<p>&nbsp;<\/p>\n<p><strong>Conte\u00fado da embalagem:<\/strong><\/p>\n<ul>\n<li style=\"font-weight: 400;\"><span style=\"font-weight: 400;\">01 Bateria original <\/span><span style=\"font-weight: 400;\">Nikon En-el15a\u00a0<\/span><\/li>\n<li style=\"font-weight: 400;\"><span style=\"font-weight: 400;\">\u00a001 Caixa<\/span><\/li>\n<li style=\"font-weight: 400;\"><span style=\"font-weight: 400;\">\u00a001 Manual em ingl\u00eas<\/span><\/li>\n<\/ul>\n<p>&nbsp;<\/p>\n<p><strong>Vis\u00e3o geral da Nikon EN-EL15 A (evolucao do modelo EN-EL 15 )<\/strong>:<\/p>\n<p>Alimente c\u00e2meras DSLRs Nikon com esta bateria recarreg\u00e1vel de \u00edons de l\u00edtio EN-EL15a, que serve como sobressalente ou substituta da fornecida com a c\u00e2mera. Ele \u00e9 projetada para oferecer vida \u00fatil longa e pot\u00eancia consistente, mesmo quando voc\u00ea est\u00e1 gravando em condi\u00e7\u00f5es frias, e pode ser carregado ou descarregado a qualquer momento sem desenvolver efeitos de mem\u00f3ria.O.B.S Nikon recomenda carregar a primeira vez por 10 hrs e depois da descarga completa ,podera obter a estabilidade e carga maxima apos 4 a 5 recargas sucessivas de 5 a 6 horas . A bateria \u00e9 compat\u00edvel com o carregador MH-25a.<\/p>\n<p>&nbsp;<\/p>\n<h2><b>\u00a0Bateria Nikon En-el15a \u00e9 compat\u00edvel com:<br \/>\n<\/b><\/h2>\n<ul>\n<li style=\"font-weight: 400;\"><span style=\"font-weight: 400;\">Z 6 Mirrorless<\/span><\/li>\n<li style=\"font-weight: 400;\"><span style=\"font-weight: 400;\">Z 7 Mirrorless<\/span><\/li>\n<li style=\"font-weight: 400;\"><span style=\"font-weight: 400;\">D850<\/span><\/li>\n<li style=\"font-weight: 400;\"><span style=\"font-weight: 400;\">D810A<\/span><\/li>\n<li style=\"font-weight: 400;\"><span style=\"font-weight: 400;\">D810<\/span><\/li>\n<li style=\"font-weight: 400;\"><span style=\"font-weight: 400;\">D800E<\/span><\/li>\n<li style=\"font-weight: 400;\"><span style=\"font-weight: 400;\">D800<\/span><\/li>\n<li style=\"font-weight: 400;\"><span style=\"font-weight: 400;\">D750<\/span><\/li>\n<li style=\"font-weight: 400;\"><span style=\"font-weight: 400;\">D610<\/span><\/li>\n<li style=\"font-weight: 400;\"><span style=\"font-weight: 400;\">D7000<\/span><\/li>\n<li style=\"font-weight: 400;\"><span style=\"font-weight: 400;\">D7100<\/span><\/li>\n<li style=\"font-weight: 400;\"><span style=\"font-weight: 400;\">D7200<\/span><\/li>\n<li style=\"font-weight: 400;\"><span style=\"font-weight: 400;\">D7500<\/span><\/li>\n<li style=\"font-weight: 400;\"><span style=\"font-weight: 400;\">D500<\/span><\/li>\n<\/ul>\n<h3><b>\u00a0<\/b><\/h3>","protected":false},"excerpt":{"rendered":"<h3><b> <\/b><b>Bateria Nikon En-el15a Original\u00a0<\/b><\/h3>\n<ul>\n<li style=\"font-weight: 400;\"><span style=\"font-weight: 400;\">Bateria original <\/span><span style=\"font-weight: 400;\">Nikon En-el15 a (maior potencia de arranque que modelo convencional En el 15)\u00a0<\/span><\/li>\n<li style=\"font-weight: 400;\"><span style=\"font-weight: 400;\">Recarreg\u00e1vel 7.0V<\/span><\/li>\n<li style=\"font-weight: 400;\"><span style=\"font-weight: 400;\">\u00a01900 mAh<\/span><\/li>\n<li style=\"font-weight: 400;\"><span style=\"font-weight: 400;\">14Wh<\/span><\/li>\n<li style=\"font-weight: 400;\"><span style=\"font-weight: 400;\">Capacidade da bateria: 1900 mAh<\/span><\/li>\n<li style=\"font-weight: 400;\"><span style=\"font-weight: 400;\">\u00a0Tens\u00e3o de sa\u00edda: 7,0 V<\/span><\/li>\n<\/ul>\n<p><span style=\"font-weight: 400;\">Conte\u00fado da embalagem:<\/span><\/p>\n<ul>\n<li style=\"font-weight: 400;\"><span style=\"font-weight: 400;\">01 Bateria original <\/span><span style=\"font-weight: 400;\">Nikon En-el15a\u00a0<\/span><\/li>\n<li style=\"font-weight: 400;\"><span style=\"font-weight: 400;\">\u00a001 Caixa<\/span><\/li>\n<li style=\"font-weight: 400;\"><span style=\"font-weight: 400;\">\u00a001 Manual em ingl\u00eas<\/span><\/li>\n<\/ul>","protected":false},"featured_media":48467,"comment_status":"closed","ping_status":"closed","template":"","meta":[],"product_brand":[],"product_cat":[125,21],"product_tag":[23,24],"class_list":{"0":"post-203","1":"product","2":"type-product","3":"status-publish","4":"has-post-thumbnail","6":"product_cat-fotografia","7":"product_cat-video","8":"product_tag-bateria","9":"product_tag-nikon","11":"first","12":"instock","13":"purchasable","14":"product-type-simple"},"yoast_head":"<!-- This site is optimized with the Yoast SEO plugin v27.3 - https:\/\/yoast.com\/product\/yoast-seo-wordpress\/ -->\n<title>Bateria Nikon En-el 15a - Original e lacrada - Rapidetech<\/title>\n<meta name=\"robots\" content=\"index, follow, max-snippet:-1, max-image-preview:large, max-video-preview:-1\" \/>\n<link rel=\"canonical\" href=\"https:\/\/rapidetech.com.br\/en\/product\/bateria-nikon-en-el15a-original\/\" \/>\n<meta property=\"og:locale\" content=\"en_US\" \/>\n<meta property=\"og:type\" content=\"article\" \/>\n<meta property=\"og:title\" content=\"Bateria Nikon En-el 15a - Original e lacrada - Rapidetech\" \/>\n<meta property=\"og:description\" content=\"Bateria Nikon En-el15a Original\u00a0   Bateria original Nikon En-el15 a (maior potencia de arranque que modelo convencional En el 15)\u00a0  Recarreg\u00e1vel 7.0V  \u00a01900 mAh  14Wh  Capacidade da bateria: 1900 mAh  \u00a0Tens\u00e3o de sa\u00edda: 7,0 V  Conte\u00fado da embalagem:   01 Bateria original Nikon En-el15a\u00a0  \u00a001 Caixa  \u00a001 Manual em ingl\u00eas\" \/>\n<meta property=\"og:url\" content=\"https:\/\/rapidetech.com.br\/en\/product\/bateria-nikon-en-el15a-original\/\" \/>\n<meta property=\"og:site_name\" content=\"Rapidetech\" \/>\n<meta property=\"article:modified_time\" content=\"2026-01-24T23:38:05+00:00\" \/>\n<meta property=\"og:image\" content=\"https:\/\/rapidetech.com.br\/wp-content\/uploads\/2019\/12\/AnyConv.com__IMG_5694-Copia.webp\" \/>\n\t<meta property=\"og:image:width\" content=\"640\" \/>\n\t<meta property=\"og:image:height\" content=\"544\" \/>\n\t<meta property=\"og:image:type\" content=\"image\/webp\" \/>\n<meta name=\"twitter:card\" content=\"summary_large_image\" \/>\n<meta name=\"twitter:label1\" content=\"Est. reading time\" \/>\n\t<meta name=\"twitter:data1\" content=\"2 minutes\" \/>\n<script type=\"application\/ld+json\" class=\"yoast-schema-graph\">{\"@context\":\"https:\\\/\\\/schema.org\",\"@graph\":[{\"@type\":\"WebPage\",\"@id\":\"https:\\\/\\\/rapidetech.com.br\\\/produto\\\/bateria-nikon-en-el15a-original\\\/\",\"url\":\"https:\\\/\\\/rapidetech.com.br\\\/produto\\\/bateria-nikon-en-el15a-original\\\/\",\"name\":\"Bateria Nikon En-el 15a - Original e lacrada - Rapidetech\",\"isPartOf\":{\"@id\":\"https:\\\/\\\/rapidetech.com.br\\\/#website\"},\"primaryImageOfPage\":{\"@id\":\"https:\\\/\\\/rapidetech.com.br\\\/produto\\\/bateria-nikon-en-el15a-original\\\/#primaryimage\"},\"image\":{\"@id\":\"https:\\\/\\\/rapidetech.com.br\\\/produto\\\/bateria-nikon-en-el15a-original\\\/#primaryimage\"},\"thumbnailUrl\":\"https:\\\/\\\/rapidetech.com.br\\\/wp-content\\\/uploads\\\/2019\\\/12\\\/AnyConv.com__IMG_5694-Copia.webp\",\"datePublished\":\"2019-12-24T18:24:31+00:00\",\"dateModified\":\"2026-01-24T23:38:05+00:00\",\"breadcrumb\":{\"@id\":\"https:\\\/\\\/rapidetech.com.br\\\/produto\\\/bateria-nikon-en-el15a-original\\\/#breadcrumb\"},\"inLanguage\":\"en-US\",\"potentialAction\":[{\"@type\":\"ReadAction\",\"target\":[\"https:\\\/\\\/rapidetech.com.br\\\/produto\\\/bateria-nikon-en-el15a-original\\\/\"]}]},{\"@type\":\"ImageObject\",\"inLanguage\":\"en-US\",\"@id\":\"https:\\\/\\\/rapidetech.com.br\\\/produto\\\/bateria-nikon-en-el15a-original\\\/#primaryimage\",\"url\":\"https:\\\/\\\/rapidetech.com.br\\\/wp-content\\\/uploads\\\/2019\\\/12\\\/AnyConv.com__IMG_5694-Copia.webp\",\"contentUrl\":\"https:\\\/\\\/rapidetech.com.br\\\/wp-content\\\/uploads\\\/2019\\\/12\\\/AnyConv.com__IMG_5694-Copia.webp\",\"width\":640,\"height\":544},{\"@type\":\"BreadcrumbList\",\"@id\":\"https:\\\/\\\/rapidetech.com.br\\\/produto\\\/bateria-nikon-en-el15a-original\\\/#breadcrumb\",\"itemListElement\":[{\"@type\":\"ListItem\",\"position\":1,\"name\":\"In\u00edcio\",\"item\":\"https:\\\/\\\/rapidetech.com.br\\\/\"},{\"@type\":\"ListItem\",\"position\":2,\"name\":\"Produtos\",\"item\":\"https:\\\/\\\/rapidetech.com.br\\\/produtos\\\/\"},{\"@type\":\"ListItem\",\"position\":3,\"name\":\"Bateria Nikon En-el 15a &#8211; Original e lacrada &#8211;\"}]},{\"@type\":\"WebSite\",\"@id\":\"https:\\\/\\\/rapidetech.com.br\\\/#website\",\"url\":\"https:\\\/\\\/rapidetech.com.br\\\/\",\"name\":\"Rapidetech\",\"description\":\"Audio e video\",\"publisher\":{\"@id\":\"https:\\\/\\\/rapidetech.com.br\\\/#organization\"},\"potentialAction\":[{\"@type\":\"SearchAction\",\"target\":{\"@type\":\"EntryPoint\",\"urlTemplate\":\"https:\\\/\\\/rapidetech.com.br\\\/?s={search_term_string}\"},\"query-input\":{\"@type\":\"PropertyValueSpecification\",\"valueRequired\":true,\"valueName\":\"search_term_string\"}}],\"inLanguage\":\"en-US\"},{\"@type\":\"Organization\",\"@id\":\"https:\\\/\\\/rapidetech.com.br\\\/#organization\",\"name\":\"Rapidetech\",\"url\":\"https:\\\/\\\/rapidetech.com.br\\\/\",\"logo\":{\"@type\":\"ImageObject\",\"inLanguage\":\"en-US\",\"@id\":\"https:\\\/\\\/rapidetech.com.br\\\/#\\\/schema\\\/logo\\\/image\\\/\",\"url\":\"https:\\\/\\\/rapidetech.com.br\\\/wp-content\\\/uploads\\\/2022\\\/08\\\/RAPIDETECH-AUDIO-E-VIDEO.jpg\",\"contentUrl\":\"https:\\\/\\\/rapidetech.com.br\\\/wp-content\\\/uploads\\\/2022\\\/08\\\/RAPIDETECH-AUDIO-E-VIDEO.jpg\",\"width\":236,\"height\":213,\"caption\":\"Rapidetech\"},\"image\":{\"@id\":\"https:\\\/\\\/rapidetech.com.br\\\/#\\\/schema\\\/logo\\\/image\\\/\"},\"sameAs\":[\"https:\\\/\\\/rapidetech.com.br\\\/\",\"https:\\\/\\\/www.youtube.com\\\/channel\\\/UCQWlsTr9MvbqwWAekYtMNLQ\"]}]}<\/script>\n<!-- \/ Yoast SEO plugin. -->","yoast_head_json":{"title":"Bateria Nikon En-el 15a - Original e lacrada - Rapidetech","robots":{"index":"index","follow":"follow","max-snippet":"max-snippet:-1","max-image-preview":"max-image-preview:large","max-video-preview":"max-video-preview:-1"},"canonical":"https:\/\/rapidetech.com.br\/en\/product\/bateria-nikon-en-el15a-original\/","og_locale":"en_US","og_type":"article","og_title":"Bateria Nikon En-el 15a - Original e lacrada - Rapidetech","og_description":"Bateria Nikon En-el15a Original\u00a0   Bateria original Nikon En-el15 a (maior potencia de arranque que modelo convencional En el 15)\u00a0  Recarreg\u00e1vel 7.0V  \u00a01900 mAh  14Wh  Capacidade da bateria: 1900 mAh  \u00a0Tens\u00e3o de sa\u00edda: 7,0 V  Conte\u00fado da embalagem:   01 Bateria original Nikon En-el15a\u00a0  \u00a001 Caixa  \u00a001 Manual em ingl\u00eas","og_url":"https:\/\/rapidetech.com.br\/en\/product\/bateria-nikon-en-el15a-original\/","og_site_name":"Rapidetech","article_modified_time":"2026-01-24T23:38:05+00:00","og_image":[{"width":640,"height":544,"url":"https:\/\/rapidetech.com.br\/wp-content\/uploads\/2019\/12\/AnyConv.com__IMG_5694-Copia.webp","type":"image\/webp"}],"twitter_card":"summary_large_image","twitter_misc":{"Est. reading time":"2 minutes"},"schema":{"@context":"https:\/\/schema.org","@graph":[{"@type":"WebPage","@id":"https:\/\/rapidetech.com.br\/produto\/bateria-nikon-en-el15a-original\/","url":"https:\/\/rapidetech.com.br\/produto\/bateria-nikon-en-el15a-original\/","name":"Bateria Nikon En-el 15a - Original e lacrada - Rapidetech","isPartOf":{"@id":"https:\/\/rapidetech.com.br\/#website"},"primaryImageOfPage":{"@id":"https:\/\/rapidetech.com.br\/produto\/bateria-nikon-en-el15a-original\/#primaryimage"},"image":{"@id":"https:\/\/rapidetech.com.br\/produto\/bateria-nikon-en-el15a-original\/#primaryimage"},"thumbnailUrl":"https:\/\/rapidetech.com.br\/wp-content\/uploads\/2019\/12\/AnyConv.com__IMG_5694-Copia.webp","datePublished":"2019-12-24T18:24:31+00:00","dateModified":"2026-01-24T23:38:05+00:00","breadcrumb":{"@id":"https:\/\/rapidetech.com.br\/produto\/bateria-nikon-en-el15a-original\/#breadcrumb"},"inLanguage":"en-US","potentialAction":[{"@type":"ReadAction","target":["https:\/\/rapidetech.com.br\/produto\/bateria-nikon-en-el15a-original\/"]}]},{"@type":"ImageObject","inLanguage":"en-US","@id":"https:\/\/rapidetech.com.br\/produto\/bateria-nikon-en-el15a-original\/#primaryimage","url":"https:\/\/rapidetech.com.br\/wp-content\/uploads\/2019\/12\/AnyConv.com__IMG_5694-Copia.webp","contentUrl":"https:\/\/rapidetech.com.br\/wp-content\/uploads\/2019\/12\/AnyConv.com__IMG_5694-Copia.webp","width":640,"height":544},{"@type":"BreadcrumbList","@id":"https:\/\/rapidetech.com.br\/produto\/bateria-nikon-en-el15a-original\/#breadcrumb","itemListElement":[{"@type":"ListItem","position":1,"name":"In\u00edcio","item":"https:\/\/rapidetech.com.br\/"},{"@type":"ListItem","position":2,"name":"Produtos","item":"https:\/\/rapidetech.com.br\/produtos\/"},{"@type":"ListItem","position":3,"name":"Bateria Nikon En-el 15a &#8211; Original e lacrada &#8211;"}]},{"@type":"WebSite","@id":"https:\/\/rapidetech.com.br\/#website","url":"https:\/\/rapidetech.com.br\/","name":"Rapidetech","description":"Audio e video","publisher":{"@id":"https:\/\/rapidetech.com.br\/#organization"},"potentialAction":[{"@type":"SearchAction","target":{"@type":"EntryPoint","urlTemplate":"https:\/\/rapidetech.com.br\/?s={search_term_string}"},"query-input":{"@type":"PropertyValueSpecification","valueRequired":true,"valueName":"search_term_string"}}],"inLanguage":"en-US"},{"@type":"Organization","@id":"https:\/\/rapidetech.com.br\/#organization","name":"Rapidetech","url":"https:\/\/rapidetech.com.br\/","logo":{"@type":"ImageObject","inLanguage":"en-US","@id":"https:\/\/rapidetech.com.br\/#\/schema\/logo\/image\/","url":"https:\/\/rapidetech.com.br\/wp-content\/uploads\/2022\/08\/RAPIDETECH-AUDIO-E-VIDEO.jpg","contentUrl":"https:\/\/rapidetech.com.br\/wp-content\/uploads\/2022\/08\/RAPIDETECH-AUDIO-E-VIDEO.jpg","width":236,"height":213,"caption":"Rapidetech"},"image":{"@id":"https:\/\/rapidetech.com.br\/#\/schema\/logo\/image\/"},"sameAs":["https:\/\/rapidetech.com.br\/","https:\/\/www.youtube.com\/channel\/UCQWlsTr9MvbqwWAekYtMNLQ"]}]}},"_links":{"self":[{"href":"https:\/\/rapidetech.com.br\/en\/wp-json\/wp\/v2\/product\/203","targetHints":{"allow":["GET"]}}],"collection":[{"href":"https:\/\/rapidetech.com.br\/en\/wp-json\/wp\/v2\/product"}],"about":[{"href":"https:\/\/rapidetech.com.br\/en\/wp-json\/wp\/v2\/types\/product"}],"replies":[{"embeddable":true,"href":"https:\/\/rapidetech.com.br\/en\/wp-json\/wp\/v2\/comments?post=203"}],"version-history":[{"count":0,"href":"https:\/\/rapidetech.com.br\/en\/wp-json\/wp\/v2\/product\/203\/revisions"}],"wp:featuredmedia":[{"embeddable":true,"href":"https:\/\/rapidetech.com.br\/en\/wp-json\/wp\/v2\/media\/48467"}],"wp:attachment":[{"href":"https:\/\/rapidetech.com.br\/en\/wp-json\/wp\/v2\/media?parent=203"}],"wp:term":[{"taxonomy":"product_brand","embeddable":true,"href":"https:\/\/rapidetech.com.br\/en\/wp-json\/wp\/v2\/product_brand?post=203"},{"taxonomy":"product_cat","embeddable":true,"href":"https:\/\/rapidetech.com.br\/en\/wp-json\/wp\/v2\/product_cat?post=203"},{"taxonomy":"product_tag","embeddable":true,"href":"https:\/\/rapidetech.com.br\/en\/wp-json\/wp\/v2\/product_tag?post=203"}],"curies":[{"name":"wp","href":"https:\/\/api.w.org\/{rel}","templated":true}]}}