{"id":307,"date":"2019-12-26T18:20:19","date_gmt":"2019-12-26T21:20:19","guid":{"rendered":"http:\/\/rapidetech.com.br\/?post_type=product&#038;p=307"},"modified":"2026-01-26T15:07:17","modified_gmt":"2026-01-26T18:07:17","slug":"case-top-para-hd-samsung-wd-elements-toshiba-canvio-em-eva-alta-qualidade","status":"publish","type":"product","link":"https:\/\/rapidetech.com.br\/en\/product\/case-top-para-hd-samsung-wd-elements-toshiba-canvio-em-eva-alta-qualidade\/","title":{"rendered":"Estojo \/Case multiuso de protecao com ziper para transporte de HD ou SSD ou NVME  &#8211; acolchoado &#8211;  Top de linha"},"content":{"rendered":"<p><iframe title=\"Case Eva top de linha para hd portatil !  maxima protecao para transporte !\" width=\"800\" height=\"450\" src=\"https:\/\/www.youtube.com\/embed\/RKt8yNhE1K8?feature=oembed\" frameborder=\"0\" allow=\"accelerometer; autoplay; clipboard-write; encrypted-media; gyroscope; picture-in-picture; web-share\" referrerpolicy=\"strict-origin-when-cross-origin\" allowfullscreen><\/iframe><\/p>\n<h1><b>Estojo \/ Case top para proteger\u00a0 HD \/SSD\/ NVME em EVA\u00a0 :<\/b><span style=\"font-weight: 400;\">\u00a0<\/span><\/h1>\n<h3><b>\u00a0Descri\u00e7\u00e3o do <\/b><b>Case para HD em EVA top<\/b><\/h3>\n<ul>\n<li style=\"font-weight: 400;\"><span style=\"font-weight: 400;\">Case para prote\u00e7\u00e3o de HD externo<\/span><\/li>\n<li style=\"font-weight: 400;\"><span style=\"font-weight: 400;\">Material: EVA e Nylon<\/span><\/li>\n<li style=\"font-weight: 400;\"><span style=\"font-weight: 400;\">Dimens\u00e3o: 14,5 x 9,5 x 3,5 cm (Comprimento * Largura * Altura)<\/span><\/li>\n<li style=\"font-weight: 400;\"><span style=\"font-weight: 400;\">Espa\u00e7o Interno: 12,8 cm x 8,8 cm x 1,25 cm (cada lado)<\/span><\/li>\n<li style=\"font-weight: 400;\"><span style=\"font-weight: 400;\">Compartimentos internos de prote\u00e7\u00e3o e acomoda\u00e7\u00e3o de cabos do HD acolchoado\u00a0<\/span><\/li>\n<\/ul>\n<p>&nbsp;<\/p>\n<p><strong>Conte\u00fado da embalagem:<\/strong><\/p>\n<ul>\n<li style=\"font-weight: 400;\"><span style=\"font-weight: 400;\">Case para HD externo em EVA cor preta ,internamente prata, acolchoado\u00a0<\/span><\/li>\n<\/ul>\n<p>&nbsp;<\/p>\n<p><b>Como proteger HD externo<\/b><\/p>\n<p><span style=\"font-weight: 400;\">HDs externos port\u00e1teis s\u00e3o extremamente fr\u00e1geis. Por se tratar de uma mem\u00f3ria f\u00edsica estruturada no conte\u00fado do aparelho, a pe\u00e7a n\u00e3o pode sofrer danos a fim de n\u00e3o perder o conte\u00fado que guarda.<\/span><\/p>\n<p><span style=\"font-weight: 400;\">Para transportar HDs externos \u00e9 essencial envolv\u00ea-los em material protetor para que n\u00e3o haja nenhum impacto no dispositivo interno do HD.\u00a0<\/span><\/p>\n<p><span style=\"font-weight: 400;\">Capa para armazenar HDs Externos Port\u00e1til USB (Sem fonte) ou HD de Notebook ou NVME ou SSD.<\/span><\/p>\n<p>&nbsp;<\/p>\n<p><b>Case para HD Externo tamanhos\u00a0<\/b><\/p>\n<p><span style=\"font-weight: 400;\">O case para HD externo serve para HDs externos sem fonte, com fio USB, ou HDs de notebooks.Ele comporta:<\/span><\/p>\n<ul>\n<li style=\"font-weight: 400;\"><span style=\"font-weight: 400;\">HD 2,5 polegadas e outros dispositivos digitais<\/span><\/li>\n<li style=\"font-weight: 400;\"><span style=\"font-weight: 400;\">Dimens\u00f5es: 14,5 x 9,5 x 3,5 cm (Comprimento * Largura * Altura)<\/span><\/li>\n<li style=\"font-weight: 400;\"><span style=\"font-weight: 400;\">Espa\u00e7o Interno: 12,8 cm x 8,8 cm x 1,25 cm (cada lado)<\/span><\/li>\n<\/ul>\n<p><span style=\"font-weight: 400;\">\u00a0<\/span><\/p>","protected":false},"excerpt":{"rendered":"<h3><b>Estojo \/ Case para HD em EVA top<\/b><\/h3>\n<ul>\n<li style=\"font-weight: 400;\"><span style=\"font-weight: 400;\">Case para prote\u00e7\u00e3o de HD externo<\/span><\/li>\n<li style=\"font-weight: 400;\"><span style=\"font-weight: 400;\">Material: EVA e Nylon<\/span><\/li>\n<li style=\"font-weight: 400;\"><span style=\"font-weight: 400;\">Dimens\u00e3o: 14,5 x 9,5 x 3,5 cm (Comprimento * Largura * Altura)<\/span><\/li>\n<li style=\"font-weight: 400;\"><span style=\"font-weight: 400;\">Espa\u00e7o Interno: 12,8 cm x 8,8 cm x 1,25 cm (cada lado)<\/span><\/li>\n<li style=\"font-weight: 400;\"><span style=\"font-weight: 400;\">Compartimentos internos de prote\u00e7\u00e3o e acomoda\u00e7\u00e3o de cabos do HD acolchoado\u00a0<\/span><\/li>\n<\/ul>\n<p>&nbsp;<\/p>\n<p><strong>Conte\u00fado da embalagem:<\/strong><\/p>\n<ul>\n<li style=\"font-weight: 400;\"><span style=\"font-weight: 400;\">Case para HD \/SSD\/ NVME\u00a0 externo em EVA cor preta ,internamente prata, acolchoado\u00a0<\/span><\/li>\n<\/ul>","protected":false},"featured_media":45549,"comment_status":"closed","ping_status":"closed","template":"","meta":[],"product_brand":[],"product_cat":[18,175,45],"product_tag":[55,430,52,374,72,56,53,54],"class_list":{"0":"post-307","1":"product","2":"type-product","3":"status-publish","4":"has-post-thumbnail","6":"product_cat-accessorios","7":"product_cat-cases","8":"product_cat-informatica","9":"product_tag-canvio","10":"product_tag-crucial","11":"product_tag-hd","12":"product_tag-nvme","13":"product_tag-samsung","14":"product_tag-ssd","15":"product_tag-toshiba","16":"product_tag-wd","17":"product_shipping_class-normal","19":"first","20":"instock","21":"purchasable","22":"product-type-simple"},"yoast_head":"<!-- This site is optimized with the Yoast SEO plugin v27.4 - https:\/\/yoast.com\/product\/yoast-seo-wordpress\/ -->\n<title>Estojo \/Case multiuso de protecao com ziper para transporte de HD ou SSD ou NVME - acolchoado - Top de linha - Rapidetech<\/title>\n<meta name=\"robots\" content=\"index, follow, max-snippet:-1, max-image-preview:large, max-video-preview:-1\" \/>\n<link rel=\"canonical\" href=\"https:\/\/rapidetech.com.br\/en\/product\/case-top-para-hd-samsung-wd-elements-toshiba-canvio-em-eva-alta-qualidade\/\" \/>\n<meta property=\"og:locale\" content=\"en_US\" \/>\n<meta property=\"og:type\" content=\"article\" \/>\n<meta property=\"og:title\" content=\"Estojo \/Case multiuso de protecao com ziper para transporte de HD ou SSD ou NVME - acolchoado - Top de linha - Rapidetech\" \/>\n<meta property=\"og:description\" content=\"Estojo \/ Case para HD em EVA top   Case para prote\u00e7\u00e3o de HD externo  Material: EVA e Nylon  Dimens\u00e3o: 14,5 x 9,5 x 3,5 cm (Comprimento * Largura * Altura)  Espa\u00e7o Interno: 12,8 cm x 8,8 cm x 1,25 cm (cada lado)  Compartimentos internos de prote\u00e7\u00e3o e acomoda\u00e7\u00e3o de cabos do HD acolchoado\u00a0  &nbsp;  Conte\u00fado da embalagem:   Case para HD \/SSD\/ NVME\u00a0 externo em EVA cor preta ,internamente prata, acolchoado\u00a0\" \/>\n<meta property=\"og:url\" content=\"https:\/\/rapidetech.com.br\/en\/product\/case-top-para-hd-samsung-wd-elements-toshiba-canvio-em-eva-alta-qualidade\/\" \/>\n<meta property=\"og:site_name\" content=\"Rapidetech\" \/>\n<meta property=\"article:modified_time\" content=\"2026-01-26T18:07:17+00:00\" \/>\n<meta property=\"og:image\" content=\"https:\/\/rapidetech.com.br\/wp-content\/uploads\/2019\/12\/AnyConv.com__s-l500-Copia-4-Copia.webp\" \/>\n\t<meta property=\"og:image:width\" content=\"500\" \/>\n\t<meta property=\"og:image:height\" content=\"500\" \/>\n\t<meta property=\"og:image:type\" content=\"image\/webp\" \/>\n<meta name=\"twitter:card\" content=\"summary_large_image\" \/>\n<meta name=\"twitter:label1\" content=\"Est. reading time\" \/>\n\t<meta name=\"twitter:data1\" content=\"2 minutes\" \/>\n<script type=\"application\/ld+json\" class=\"yoast-schema-graph\">{\"@context\":\"https:\\\/\\\/schema.org\",\"@graph\":[{\"@type\":\"WebPage\",\"@id\":\"https:\\\/\\\/rapidetech.com.br\\\/produto\\\/case-top-para-hd-samsung-wd-elements-toshiba-canvio-em-eva-alta-qualidade\\\/\",\"url\":\"https:\\\/\\\/rapidetech.com.br\\\/produto\\\/case-top-para-hd-samsung-wd-elements-toshiba-canvio-em-eva-alta-qualidade\\\/\",\"name\":\"Estojo \\\/Case multiuso de protecao com ziper para transporte de HD ou SSD ou NVME - acolchoado - Top de linha - Rapidetech\",\"isPartOf\":{\"@id\":\"https:\\\/\\\/rapidetech.com.br\\\/#website\"},\"primaryImageOfPage\":{\"@id\":\"https:\\\/\\\/rapidetech.com.br\\\/produto\\\/case-top-para-hd-samsung-wd-elements-toshiba-canvio-em-eva-alta-qualidade\\\/#primaryimage\"},\"image\":{\"@id\":\"https:\\\/\\\/rapidetech.com.br\\\/produto\\\/case-top-para-hd-samsung-wd-elements-toshiba-canvio-em-eva-alta-qualidade\\\/#primaryimage\"},\"thumbnailUrl\":\"https:\\\/\\\/rapidetech.com.br\\\/wp-content\\\/uploads\\\/2019\\\/12\\\/AnyConv.com__s-l500-Copia-4-Copia.webp\",\"datePublished\":\"2019-12-26T21:20:19+00:00\",\"dateModified\":\"2026-01-26T18:07:17+00:00\",\"breadcrumb\":{\"@id\":\"https:\\\/\\\/rapidetech.com.br\\\/produto\\\/case-top-para-hd-samsung-wd-elements-toshiba-canvio-em-eva-alta-qualidade\\\/#breadcrumb\"},\"inLanguage\":\"en-US\",\"potentialAction\":[{\"@type\":\"ReadAction\",\"target\":[\"https:\\\/\\\/rapidetech.com.br\\\/produto\\\/case-top-para-hd-samsung-wd-elements-toshiba-canvio-em-eva-alta-qualidade\\\/\"]}]},{\"@type\":\"ImageObject\",\"inLanguage\":\"en-US\",\"@id\":\"https:\\\/\\\/rapidetech.com.br\\\/produto\\\/case-top-para-hd-samsung-wd-elements-toshiba-canvio-em-eva-alta-qualidade\\\/#primaryimage\",\"url\":\"https:\\\/\\\/rapidetech.com.br\\\/wp-content\\\/uploads\\\/2019\\\/12\\\/AnyConv.com__s-l500-Copia-4-Copia.webp\",\"contentUrl\":\"https:\\\/\\\/rapidetech.com.br\\\/wp-content\\\/uploads\\\/2019\\\/12\\\/AnyConv.com__s-l500-Copia-4-Copia.webp\",\"width\":500,\"height\":500},{\"@type\":\"BreadcrumbList\",\"@id\":\"https:\\\/\\\/rapidetech.com.br\\\/produto\\\/case-top-para-hd-samsung-wd-elements-toshiba-canvio-em-eva-alta-qualidade\\\/#breadcrumb\",\"itemListElement\":[{\"@type\":\"ListItem\",\"position\":1,\"name\":\"In\u00edcio\",\"item\":\"https:\\\/\\\/rapidetech.com.br\\\/\"},{\"@type\":\"ListItem\",\"position\":2,\"name\":\"Produtos\",\"item\":\"https:\\\/\\\/rapidetech.com.br\\\/produtos\\\/\"},{\"@type\":\"ListItem\",\"position\":3,\"name\":\"Estojo \\\/Case multiuso de protecao com ziper para transporte de HD ou SSD ou NVME &#8211; acolchoado &#8211; Top de linha\"}]},{\"@type\":\"WebSite\",\"@id\":\"https:\\\/\\\/rapidetech.com.br\\\/#website\",\"url\":\"https:\\\/\\\/rapidetech.com.br\\\/\",\"name\":\"Rapidetech\",\"description\":\"Audio e video\",\"publisher\":{\"@id\":\"https:\\\/\\\/rapidetech.com.br\\\/#organization\"},\"potentialAction\":[{\"@type\":\"SearchAction\",\"target\":{\"@type\":\"EntryPoint\",\"urlTemplate\":\"https:\\\/\\\/rapidetech.com.br\\\/?s={search_term_string}\"},\"query-input\":{\"@type\":\"PropertyValueSpecification\",\"valueRequired\":true,\"valueName\":\"search_term_string\"}}],\"inLanguage\":\"en-US\"},{\"@type\":\"Organization\",\"@id\":\"https:\\\/\\\/rapidetech.com.br\\\/#organization\",\"name\":\"Rapidetech\",\"url\":\"https:\\\/\\\/rapidetech.com.br\\\/\",\"logo\":{\"@type\":\"ImageObject\",\"inLanguage\":\"en-US\",\"@id\":\"https:\\\/\\\/rapidetech.com.br\\\/#\\\/schema\\\/logo\\\/image\\\/\",\"url\":\"https:\\\/\\\/rapidetech.com.br\\\/wp-content\\\/uploads\\\/2022\\\/08\\\/RAPIDETECH-AUDIO-E-VIDEO.jpg\",\"contentUrl\":\"https:\\\/\\\/rapidetech.com.br\\\/wp-content\\\/uploads\\\/2022\\\/08\\\/RAPIDETECH-AUDIO-E-VIDEO.jpg\",\"width\":236,\"height\":213,\"caption\":\"Rapidetech\"},\"image\":{\"@id\":\"https:\\\/\\\/rapidetech.com.br\\\/#\\\/schema\\\/logo\\\/image\\\/\"},\"sameAs\":[\"https:\\\/\\\/rapidetech.com.br\\\/\",\"https:\\\/\\\/www.youtube.com\\\/channel\\\/UCQWlsTr9MvbqwWAekYtMNLQ\"]}]}<\/script>\n<!-- \/ Yoast SEO plugin. -->","yoast_head_json":{"title":"Estojo \/Case multiuso de protecao com ziper para transporte de HD ou SSD ou NVME - acolchoado - Top de linha - Rapidetech","robots":{"index":"index","follow":"follow","max-snippet":"max-snippet:-1","max-image-preview":"max-image-preview:large","max-video-preview":"max-video-preview:-1"},"canonical":"https:\/\/rapidetech.com.br\/en\/product\/case-top-para-hd-samsung-wd-elements-toshiba-canvio-em-eva-alta-qualidade\/","og_locale":"en_US","og_type":"article","og_title":"Estojo \/Case multiuso de protecao com ziper para transporte de HD ou SSD ou NVME - acolchoado - Top de linha - Rapidetech","og_description":"Estojo \/ Case para HD em EVA top   Case para prote\u00e7\u00e3o de HD externo  Material: EVA e Nylon  Dimens\u00e3o: 14,5 x 9,5 x 3,5 cm (Comprimento * Largura * Altura)  Espa\u00e7o Interno: 12,8 cm x 8,8 cm x 1,25 cm (cada lado)  Compartimentos internos de prote\u00e7\u00e3o e acomoda\u00e7\u00e3o de cabos do HD acolchoado\u00a0  &nbsp;  Conte\u00fado da embalagem:   Case para HD \/SSD\/ NVME\u00a0 externo em EVA cor preta ,internamente prata, acolchoado\u00a0","og_url":"https:\/\/rapidetech.com.br\/en\/product\/case-top-para-hd-samsung-wd-elements-toshiba-canvio-em-eva-alta-qualidade\/","og_site_name":"Rapidetech","article_modified_time":"2026-01-26T18:07:17+00:00","og_image":[{"width":500,"height":500,"url":"https:\/\/rapidetech.com.br\/wp-content\/uploads\/2019\/12\/AnyConv.com__s-l500-Copia-4-Copia.webp","type":"image\/webp"}],"twitter_card":"summary_large_image","twitter_misc":{"Est. reading time":"2 minutes"},"schema":{"@context":"https:\/\/schema.org","@graph":[{"@type":"WebPage","@id":"https:\/\/rapidetech.com.br\/produto\/case-top-para-hd-samsung-wd-elements-toshiba-canvio-em-eva-alta-qualidade\/","url":"https:\/\/rapidetech.com.br\/produto\/case-top-para-hd-samsung-wd-elements-toshiba-canvio-em-eva-alta-qualidade\/","name":"Estojo \/Case multiuso de protecao com ziper para transporte de HD ou SSD ou NVME - acolchoado - Top de linha - Rapidetech","isPartOf":{"@id":"https:\/\/rapidetech.com.br\/#website"},"primaryImageOfPage":{"@id":"https:\/\/rapidetech.com.br\/produto\/case-top-para-hd-samsung-wd-elements-toshiba-canvio-em-eva-alta-qualidade\/#primaryimage"},"image":{"@id":"https:\/\/rapidetech.com.br\/produto\/case-top-para-hd-samsung-wd-elements-toshiba-canvio-em-eva-alta-qualidade\/#primaryimage"},"thumbnailUrl":"https:\/\/rapidetech.com.br\/wp-content\/uploads\/2019\/12\/AnyConv.com__s-l500-Copia-4-Copia.webp","datePublished":"2019-12-26T21:20:19+00:00","dateModified":"2026-01-26T18:07:17+00:00","breadcrumb":{"@id":"https:\/\/rapidetech.com.br\/produto\/case-top-para-hd-samsung-wd-elements-toshiba-canvio-em-eva-alta-qualidade\/#breadcrumb"},"inLanguage":"en-US","potentialAction":[{"@type":"ReadAction","target":["https:\/\/rapidetech.com.br\/produto\/case-top-para-hd-samsung-wd-elements-toshiba-canvio-em-eva-alta-qualidade\/"]}]},{"@type":"ImageObject","inLanguage":"en-US","@id":"https:\/\/rapidetech.com.br\/produto\/case-top-para-hd-samsung-wd-elements-toshiba-canvio-em-eva-alta-qualidade\/#primaryimage","url":"https:\/\/rapidetech.com.br\/wp-content\/uploads\/2019\/12\/AnyConv.com__s-l500-Copia-4-Copia.webp","contentUrl":"https:\/\/rapidetech.com.br\/wp-content\/uploads\/2019\/12\/AnyConv.com__s-l500-Copia-4-Copia.webp","width":500,"height":500},{"@type":"BreadcrumbList","@id":"https:\/\/rapidetech.com.br\/produto\/case-top-para-hd-samsung-wd-elements-toshiba-canvio-em-eva-alta-qualidade\/#breadcrumb","itemListElement":[{"@type":"ListItem","position":1,"name":"In\u00edcio","item":"https:\/\/rapidetech.com.br\/"},{"@type":"ListItem","position":2,"name":"Produtos","item":"https:\/\/rapidetech.com.br\/produtos\/"},{"@type":"ListItem","position":3,"name":"Estojo \/Case multiuso de protecao com ziper para transporte de HD ou SSD ou NVME &#8211; acolchoado &#8211; Top de linha"}]},{"@type":"WebSite","@id":"https:\/\/rapidetech.com.br\/#website","url":"https:\/\/rapidetech.com.br\/","name":"Rapidetech","description":"Audio e video","publisher":{"@id":"https:\/\/rapidetech.com.br\/#organization"},"potentialAction":[{"@type":"SearchAction","target":{"@type":"EntryPoint","urlTemplate":"https:\/\/rapidetech.com.br\/?s={search_term_string}"},"query-input":{"@type":"PropertyValueSpecification","valueRequired":true,"valueName":"search_term_string"}}],"inLanguage":"en-US"},{"@type":"Organization","@id":"https:\/\/rapidetech.com.br\/#organization","name":"Rapidetech","url":"https:\/\/rapidetech.com.br\/","logo":{"@type":"ImageObject","inLanguage":"en-US","@id":"https:\/\/rapidetech.com.br\/#\/schema\/logo\/image\/","url":"https:\/\/rapidetech.com.br\/wp-content\/uploads\/2022\/08\/RAPIDETECH-AUDIO-E-VIDEO.jpg","contentUrl":"https:\/\/rapidetech.com.br\/wp-content\/uploads\/2022\/08\/RAPIDETECH-AUDIO-E-VIDEO.jpg","width":236,"height":213,"caption":"Rapidetech"},"image":{"@id":"https:\/\/rapidetech.com.br\/#\/schema\/logo\/image\/"},"sameAs":["https:\/\/rapidetech.com.br\/","https:\/\/www.youtube.com\/channel\/UCQWlsTr9MvbqwWAekYtMNLQ"]}]}},"_links":{"self":[{"href":"https:\/\/rapidetech.com.br\/en\/wp-json\/wp\/v2\/product\/307","targetHints":{"allow":["GET"]}}],"collection":[{"href":"https:\/\/rapidetech.com.br\/en\/wp-json\/wp\/v2\/product"}],"about":[{"href":"https:\/\/rapidetech.com.br\/en\/wp-json\/wp\/v2\/types\/product"}],"replies":[{"embeddable":true,"href":"https:\/\/rapidetech.com.br\/en\/wp-json\/wp\/v2\/comments?post=307"}],"version-history":[{"count":0,"href":"https:\/\/rapidetech.com.br\/en\/wp-json\/wp\/v2\/product\/307\/revisions"}],"wp:featuredmedia":[{"embeddable":true,"href":"https:\/\/rapidetech.com.br\/en\/wp-json\/wp\/v2\/media\/45549"}],"wp:attachment":[{"href":"https:\/\/rapidetech.com.br\/en\/wp-json\/wp\/v2\/media?parent=307"}],"wp:term":[{"taxonomy":"product_brand","embeddable":true,"href":"https:\/\/rapidetech.com.br\/en\/wp-json\/wp\/v2\/product_brand?post=307"},{"taxonomy":"product_cat","embeddable":true,"href":"https:\/\/rapidetech.com.br\/en\/wp-json\/wp\/v2\/product_cat?post=307"},{"taxonomy":"product_tag","embeddable":true,"href":"https:\/\/rapidetech.com.br\/en\/wp-json\/wp\/v2\/product_tag?post=307"}],"curies":[{"name":"wp","href":"https:\/\/api.w.org\/{rel}","templated":true}]}}