{"id":352,"date":"2019-12-27T15:24:34","date_gmt":"2019-12-27T18:24:34","guid":{"rendered":"http:\/\/rapidetech.com.br\/?post_type=product&#038;p=352"},"modified":"2026-01-24T20:35:40","modified_gmt":"2026-01-24T23:35:40","slug":"terminal-de-caixas-importado-para-plugs-banana-nakamichi","status":"publish","type":"product","link":"https:\/\/rapidetech.com.br\/en\/product\/terminal-de-caixas-importado-para-plugs-banana-nakamichi\/","title":{"rendered":"Terminal de Caixas Importado para plugs banana Nakamichi"},"content":{"rendered":"<h1>Terminal de caixas importado para plugs banana Nakamichi<\/h1>\n<h3>Descri\u00e7\u00e3o do terminal de caixas para plugs banana Nakamichi:<\/h3>\n<ul>\n<li>\u00a0100% novo importado e de alta qualidade<\/li>\n<li>Terminal copo para montagem de caixas ac\u00fasticas e subwoofer<\/li>\n<li>Compacto, confi\u00e1vel e dur\u00e1vel<\/li>\n<li>Contatos banhados a ouro 24 k para melhor transfer\u00eancia de sinal<\/li>\n<li>Terminais de parafuso garantir uma conex\u00e3o firme e seguro<\/li>\n<li>Positivo (vermelho) e negativo (preto) indicadores para garantir polaridade<\/li>\n<li>F\u00e1cil instala\u00e7\u00e3o com parafusos de fixa\u00e7\u00e3o e f\u00e1cil de usar<\/li>\n<li>Adequado para 4 MM Banana plugs Nakamichi ou fixa\u00e7\u00e3o de fios\/cabos desencapados<\/li>\n<li>Material: Pl\u00e1stico e resistente \u00e0 corros\u00e3o banhado a ouro<\/li>\n<li>Recorte di\u00e2metro: 45 mm\/1 7\/8 &amp; prime<\/li>\n<li>Di\u00e2metro total: 75 mm\/3 &amp; prime<\/li>\n<li>Top Mount profundidade: 20 mm\/7\/8 &amp; prime<\/li>\n<\/ul>\n<p>&nbsp;<\/p>\n<p><strong>Conte\u00fado da embalagem:<\/strong><\/p>\n<ul>\n<li>01 Terminal Round parafuso copo 2 conectores 24 k<\/li>\n<li>di\u00e2metro externo 81 mm = 8,1 cmts<\/li>\n<li>di\u00e2metro interno de corte para encaixe na madeira 58 mm = 5,8 cmts<\/li>\n<li>profundidade 20 mm = 2,0 cmts<\/li>\n<li>profundidade para rebaixo em madeira (faciamento do borne na caixa) 3 mm<\/li>\n<\/ul>\n<p><span style=\"font-weight: 400;\">\u00a0<\/span><\/p>","protected":false},"excerpt":{"rendered":"<h3>Terminal de caixas para plugs banana Nakamichi:<\/h3>\n<ul>\n<li>\u00a0100% novo importado e de alta qualidade<\/li>\n<li>Terminal copo para montagem de caixas ac\u00fasticas e subwoofer<\/li>\n<li>Compacto, confi\u00e1vel e dur\u00e1vel<\/li>\n<li>Contatos banhados a ouro 24 k para melhor transfer\u00eancia de sinal<\/li>\n<li>Terminais de parafuso garantir uma conex\u00e3o firme e seguro<\/li>\n<li>Positivo (vermelho) e negativo (preto) indicadores para garantir polaridade<\/li>\n<li>F\u00e1cil instala\u00e7\u00e3o com parafusos de fixa\u00e7\u00e3o e f\u00e1cil de usar<\/li>\n<li>Adequado para 4 MM Banana plugs Nakamichi ou fixa\u00e7\u00e3o de fios\/cabos desencapados<\/li>\n<li>Material: Pl\u00e1stico e resistente \u00e0 corros\u00e3o banhado a ouro<\/li>\n<li>Recorte di\u00e2metro: 45 mm\/1 7\/8 &amp; prime<\/li>\n<li>Di\u00e2metro total: 75 mm\/3 &amp; prime<\/li>\n<li>Top Mount profundidade: 20 mm\/7\/8 &amp; prime<\/li>\n<\/ul>\n<p>&nbsp;<\/p>\n<p><strong>Conte\u00fado da embalagem:<\/strong><\/p>\n<ul>\n<li>01 Terminal Round parafuso copo 2 conectores 24 k<\/li>\n<li>di\u00e2metro externo 81 mm = 8,1 cmts<\/li>\n<li>di\u00e2metro interno de corte para encaixe na madeira 58 mm = 5,8 cmts<\/li>\n<li>profundidade 20 mm = 2,0 cmts<\/li>\n<li>profundidade para rebaixo em madeira (faciamento do borne na caixa) 3 mm<\/li>\n<\/ul>","protected":false},"featured_media":45427,"comment_status":"closed","ping_status":"closed","template":"","meta":[],"product_brand":[],"product_cat":[18,22],"product_tag":[44,60,25,26],"class_list":{"0":"post-352","1":"product","2":"type-product","3":"status-publish","4":"has-post-thumbnail","6":"product_cat-accessorios","7":"product_cat-audio","8":"product_tag-banana","9":"product_tag-caixas","10":"product_tag-nakamichi","11":"product_tag-plugs","13":"first","14":"instock","15":"purchasable","16":"product-type-simple"},"yoast_head":"<!-- This site is optimized with the Yoast SEO plugin v27.4 - https:\/\/yoast.com\/product\/yoast-seo-wordpress\/ -->\n<title>Terminal de Caixas Importado para plugs banana Nakamichi - Rapidetech<\/title>\n<meta name=\"robots\" content=\"index, follow, max-snippet:-1, max-image-preview:large, max-video-preview:-1\" \/>\n<link rel=\"canonical\" href=\"https:\/\/rapidetech.com.br\/en\/product\/terminal-de-caixas-importado-para-plugs-banana-nakamichi\/\" \/>\n<meta property=\"og:locale\" content=\"en_US\" \/>\n<meta property=\"og:type\" content=\"article\" \/>\n<meta property=\"og:title\" content=\"Terminal de Caixas Importado para plugs banana Nakamichi - Rapidetech\" \/>\n<meta property=\"og:description\" content=\"Terminal de caixas para plugs banana Nakamichi:   \u00a0100% novo importado e de alta qualidade  Terminal copo para montagem de caixas ac\u00fasticas e subwoofer  Compacto, confi\u00e1vel e dur\u00e1vel  Contatos banhados a ouro 24 k para melhor transfer\u00eancia de sinal  Terminais de parafuso garantir uma conex\u00e3o firme e seguro  Positivo (vermelho) e negativo (preto) indicadores para garantir polaridade  F\u00e1cil instala\u00e7\u00e3o com parafusos de fixa\u00e7\u00e3o e f\u00e1cil de usar  Adequado para 4 MM Banana plugs Nakamichi ou fixa\u00e7\u00e3o de fios\/cabos desencapados  Material: Pl\u00e1stico e resistente \u00e0 corros\u00e3o banhado a ouro  Recorte di\u00e2metro: 45 mm\/1 7\/8 &amp; prime  Di\u00e2metro total: 75 mm\/3 &amp; prime  Top Mount profundidade: 20 mm\/7\/8 &amp; prime  &nbsp;  Conte\u00fado da embalagem:   01 Terminal Round parafuso copo 2 conectores 24 k  di\u00e2metro externo 81 mm = 8,1 cmts  di\u00e2metro interno de corte para encaixe na madeira 58 mm = 5,8 cmts  profundidade 20 mm = 2,0 cmts  profundidade para rebaixo em madeira (faciamento do borne na caixa) 3 mm\" \/>\n<meta property=\"og:url\" content=\"https:\/\/rapidetech.com.br\/en\/product\/terminal-de-caixas-importado-para-plugs-banana-nakamichi\/\" \/>\n<meta property=\"og:site_name\" content=\"Rapidetech\" \/>\n<meta property=\"article:modified_time\" content=\"2026-01-24T23:35:40+00:00\" \/>\n<meta property=\"og:image\" content=\"https:\/\/rapidetech.com.br\/wp-content\/uploads\/2019\/12\/AnyConv.com__DSC_0623-Copia-Copia-Copia-4-e1693946781595.webp\" \/>\n\t<meta property=\"og:image:width\" content=\"500\" \/>\n\t<meta property=\"og:image:height\" content=\"500\" \/>\n\t<meta property=\"og:image:type\" content=\"image\/webp\" \/>\n<meta name=\"twitter:card\" content=\"summary_large_image\" \/>\n<meta name=\"twitter:label1\" content=\"Est. reading time\" \/>\n\t<meta name=\"twitter:data1\" content=\"1 minute\" \/>\n<script type=\"application\/ld+json\" class=\"yoast-schema-graph\">{\"@context\":\"https:\\\/\\\/schema.org\",\"@graph\":[{\"@type\":\"WebPage\",\"@id\":\"https:\\\/\\\/rapidetech.com.br\\\/produto\\\/terminal-de-caixas-importado-para-plugs-banana-nakamichi\\\/\",\"url\":\"https:\\\/\\\/rapidetech.com.br\\\/produto\\\/terminal-de-caixas-importado-para-plugs-banana-nakamichi\\\/\",\"name\":\"Terminal de Caixas Importado para plugs banana Nakamichi - Rapidetech\",\"isPartOf\":{\"@id\":\"https:\\\/\\\/rapidetech.com.br\\\/#website\"},\"primaryImageOfPage\":{\"@id\":\"https:\\\/\\\/rapidetech.com.br\\\/produto\\\/terminal-de-caixas-importado-para-plugs-banana-nakamichi\\\/#primaryimage\"},\"image\":{\"@id\":\"https:\\\/\\\/rapidetech.com.br\\\/produto\\\/terminal-de-caixas-importado-para-plugs-banana-nakamichi\\\/#primaryimage\"},\"thumbnailUrl\":\"https:\\\/\\\/rapidetech.com.br\\\/wp-content\\\/uploads\\\/2019\\\/12\\\/AnyConv.com__DSC_0623-Copia-Copia-Copia-4-e1693946781595.webp\",\"datePublished\":\"2019-12-27T18:24:34+00:00\",\"dateModified\":\"2026-01-24T23:35:40+00:00\",\"breadcrumb\":{\"@id\":\"https:\\\/\\\/rapidetech.com.br\\\/produto\\\/terminal-de-caixas-importado-para-plugs-banana-nakamichi\\\/#breadcrumb\"},\"inLanguage\":\"en-US\",\"potentialAction\":[{\"@type\":\"ReadAction\",\"target\":[\"https:\\\/\\\/rapidetech.com.br\\\/produto\\\/terminal-de-caixas-importado-para-plugs-banana-nakamichi\\\/\"]}]},{\"@type\":\"ImageObject\",\"inLanguage\":\"en-US\",\"@id\":\"https:\\\/\\\/rapidetech.com.br\\\/produto\\\/terminal-de-caixas-importado-para-plugs-banana-nakamichi\\\/#primaryimage\",\"url\":\"https:\\\/\\\/rapidetech.com.br\\\/wp-content\\\/uploads\\\/2019\\\/12\\\/AnyConv.com__DSC_0623-Copia-Copia-Copia-4-e1693946781595.webp\",\"contentUrl\":\"https:\\\/\\\/rapidetech.com.br\\\/wp-content\\\/uploads\\\/2019\\\/12\\\/AnyConv.com__DSC_0623-Copia-Copia-Copia-4-e1693946781595.webp\",\"width\":500,\"height\":500},{\"@type\":\"BreadcrumbList\",\"@id\":\"https:\\\/\\\/rapidetech.com.br\\\/produto\\\/terminal-de-caixas-importado-para-plugs-banana-nakamichi\\\/#breadcrumb\",\"itemListElement\":[{\"@type\":\"ListItem\",\"position\":1,\"name\":\"In\u00edcio\",\"item\":\"https:\\\/\\\/rapidetech.com.br\\\/\"},{\"@type\":\"ListItem\",\"position\":2,\"name\":\"Produtos\",\"item\":\"https:\\\/\\\/rapidetech.com.br\\\/produtos\\\/\"},{\"@type\":\"ListItem\",\"position\":3,\"name\":\"Terminal de Caixas Importado para plugs banana Nakamichi\"}]},{\"@type\":\"WebSite\",\"@id\":\"https:\\\/\\\/rapidetech.com.br\\\/#website\",\"url\":\"https:\\\/\\\/rapidetech.com.br\\\/\",\"name\":\"Rapidetech\",\"description\":\"Audio e video\",\"publisher\":{\"@id\":\"https:\\\/\\\/rapidetech.com.br\\\/#organization\"},\"potentialAction\":[{\"@type\":\"SearchAction\",\"target\":{\"@type\":\"EntryPoint\",\"urlTemplate\":\"https:\\\/\\\/rapidetech.com.br\\\/?s={search_term_string}\"},\"query-input\":{\"@type\":\"PropertyValueSpecification\",\"valueRequired\":true,\"valueName\":\"search_term_string\"}}],\"inLanguage\":\"en-US\"},{\"@type\":\"Organization\",\"@id\":\"https:\\\/\\\/rapidetech.com.br\\\/#organization\",\"name\":\"Rapidetech\",\"url\":\"https:\\\/\\\/rapidetech.com.br\\\/\",\"logo\":{\"@type\":\"ImageObject\",\"inLanguage\":\"en-US\",\"@id\":\"https:\\\/\\\/rapidetech.com.br\\\/#\\\/schema\\\/logo\\\/image\\\/\",\"url\":\"https:\\\/\\\/rapidetech.com.br\\\/wp-content\\\/uploads\\\/2022\\\/08\\\/RAPIDETECH-AUDIO-E-VIDEO.jpg\",\"contentUrl\":\"https:\\\/\\\/rapidetech.com.br\\\/wp-content\\\/uploads\\\/2022\\\/08\\\/RAPIDETECH-AUDIO-E-VIDEO.jpg\",\"width\":236,\"height\":213,\"caption\":\"Rapidetech\"},\"image\":{\"@id\":\"https:\\\/\\\/rapidetech.com.br\\\/#\\\/schema\\\/logo\\\/image\\\/\"},\"sameAs\":[\"https:\\\/\\\/rapidetech.com.br\\\/\",\"https:\\\/\\\/www.youtube.com\\\/channel\\\/UCQWlsTr9MvbqwWAekYtMNLQ\"]}]}<\/script>\n<!-- \/ Yoast SEO plugin. -->","yoast_head_json":{"title":"Terminal de Caixas Importado para plugs banana Nakamichi - Rapidetech","robots":{"index":"index","follow":"follow","max-snippet":"max-snippet:-1","max-image-preview":"max-image-preview:large","max-video-preview":"max-video-preview:-1"},"canonical":"https:\/\/rapidetech.com.br\/en\/product\/terminal-de-caixas-importado-para-plugs-banana-nakamichi\/","og_locale":"en_US","og_type":"article","og_title":"Terminal de Caixas Importado para plugs banana Nakamichi - Rapidetech","og_description":"Terminal de caixas para plugs banana Nakamichi:   \u00a0100% novo importado e de alta qualidade  Terminal copo para montagem de caixas ac\u00fasticas e subwoofer  Compacto, confi\u00e1vel e dur\u00e1vel  Contatos banhados a ouro 24 k para melhor transfer\u00eancia de sinal  Terminais de parafuso garantir uma conex\u00e3o firme e seguro  Positivo (vermelho) e negativo (preto) indicadores para garantir polaridade  F\u00e1cil instala\u00e7\u00e3o com parafusos de fixa\u00e7\u00e3o e f\u00e1cil de usar  Adequado para 4 MM Banana plugs Nakamichi ou fixa\u00e7\u00e3o de fios\/cabos desencapados  Material: Pl\u00e1stico e resistente \u00e0 corros\u00e3o banhado a ouro  Recorte di\u00e2metro: 45 mm\/1 7\/8 &amp; prime  Di\u00e2metro total: 75 mm\/3 &amp; prime  Top Mount profundidade: 20 mm\/7\/8 &amp; prime  &nbsp;  Conte\u00fado da embalagem:   01 Terminal Round parafuso copo 2 conectores 24 k  di\u00e2metro externo 81 mm = 8,1 cmts  di\u00e2metro interno de corte para encaixe na madeira 58 mm = 5,8 cmts  profundidade 20 mm = 2,0 cmts  profundidade para rebaixo em madeira (faciamento do borne na caixa) 3 mm","og_url":"https:\/\/rapidetech.com.br\/en\/product\/terminal-de-caixas-importado-para-plugs-banana-nakamichi\/","og_site_name":"Rapidetech","article_modified_time":"2026-01-24T23:35:40+00:00","og_image":[{"width":500,"height":500,"url":"https:\/\/rapidetech.com.br\/wp-content\/uploads\/2019\/12\/AnyConv.com__DSC_0623-Copia-Copia-Copia-4-e1693946781595.webp","type":"image\/webp"}],"twitter_card":"summary_large_image","twitter_misc":{"Est. reading time":"1 minute"},"schema":{"@context":"https:\/\/schema.org","@graph":[{"@type":"WebPage","@id":"https:\/\/rapidetech.com.br\/produto\/terminal-de-caixas-importado-para-plugs-banana-nakamichi\/","url":"https:\/\/rapidetech.com.br\/produto\/terminal-de-caixas-importado-para-plugs-banana-nakamichi\/","name":"Terminal de Caixas Importado para plugs banana Nakamichi - Rapidetech","isPartOf":{"@id":"https:\/\/rapidetech.com.br\/#website"},"primaryImageOfPage":{"@id":"https:\/\/rapidetech.com.br\/produto\/terminal-de-caixas-importado-para-plugs-banana-nakamichi\/#primaryimage"},"image":{"@id":"https:\/\/rapidetech.com.br\/produto\/terminal-de-caixas-importado-para-plugs-banana-nakamichi\/#primaryimage"},"thumbnailUrl":"https:\/\/rapidetech.com.br\/wp-content\/uploads\/2019\/12\/AnyConv.com__DSC_0623-Copia-Copia-Copia-4-e1693946781595.webp","datePublished":"2019-12-27T18:24:34+00:00","dateModified":"2026-01-24T23:35:40+00:00","breadcrumb":{"@id":"https:\/\/rapidetech.com.br\/produto\/terminal-de-caixas-importado-para-plugs-banana-nakamichi\/#breadcrumb"},"inLanguage":"en-US","potentialAction":[{"@type":"ReadAction","target":["https:\/\/rapidetech.com.br\/produto\/terminal-de-caixas-importado-para-plugs-banana-nakamichi\/"]}]},{"@type":"ImageObject","inLanguage":"en-US","@id":"https:\/\/rapidetech.com.br\/produto\/terminal-de-caixas-importado-para-plugs-banana-nakamichi\/#primaryimage","url":"https:\/\/rapidetech.com.br\/wp-content\/uploads\/2019\/12\/AnyConv.com__DSC_0623-Copia-Copia-Copia-4-e1693946781595.webp","contentUrl":"https:\/\/rapidetech.com.br\/wp-content\/uploads\/2019\/12\/AnyConv.com__DSC_0623-Copia-Copia-Copia-4-e1693946781595.webp","width":500,"height":500},{"@type":"BreadcrumbList","@id":"https:\/\/rapidetech.com.br\/produto\/terminal-de-caixas-importado-para-plugs-banana-nakamichi\/#breadcrumb","itemListElement":[{"@type":"ListItem","position":1,"name":"In\u00edcio","item":"https:\/\/rapidetech.com.br\/"},{"@type":"ListItem","position":2,"name":"Produtos","item":"https:\/\/rapidetech.com.br\/produtos\/"},{"@type":"ListItem","position":3,"name":"Terminal de Caixas Importado para plugs banana Nakamichi"}]},{"@type":"WebSite","@id":"https:\/\/rapidetech.com.br\/#website","url":"https:\/\/rapidetech.com.br\/","name":"Rapidetech","description":"Audio e video","publisher":{"@id":"https:\/\/rapidetech.com.br\/#organization"},"potentialAction":[{"@type":"SearchAction","target":{"@type":"EntryPoint","urlTemplate":"https:\/\/rapidetech.com.br\/?s={search_term_string}"},"query-input":{"@type":"PropertyValueSpecification","valueRequired":true,"valueName":"search_term_string"}}],"inLanguage":"en-US"},{"@type":"Organization","@id":"https:\/\/rapidetech.com.br\/#organization","name":"Rapidetech","url":"https:\/\/rapidetech.com.br\/","logo":{"@type":"ImageObject","inLanguage":"en-US","@id":"https:\/\/rapidetech.com.br\/#\/schema\/logo\/image\/","url":"https:\/\/rapidetech.com.br\/wp-content\/uploads\/2022\/08\/RAPIDETECH-AUDIO-E-VIDEO.jpg","contentUrl":"https:\/\/rapidetech.com.br\/wp-content\/uploads\/2022\/08\/RAPIDETECH-AUDIO-E-VIDEO.jpg","width":236,"height":213,"caption":"Rapidetech"},"image":{"@id":"https:\/\/rapidetech.com.br\/#\/schema\/logo\/image\/"},"sameAs":["https:\/\/rapidetech.com.br\/","https:\/\/www.youtube.com\/channel\/UCQWlsTr9MvbqwWAekYtMNLQ"]}]}},"_links":{"self":[{"href":"https:\/\/rapidetech.com.br\/en\/wp-json\/wp\/v2\/product\/352","targetHints":{"allow":["GET"]}}],"collection":[{"href":"https:\/\/rapidetech.com.br\/en\/wp-json\/wp\/v2\/product"}],"about":[{"href":"https:\/\/rapidetech.com.br\/en\/wp-json\/wp\/v2\/types\/product"}],"replies":[{"embeddable":true,"href":"https:\/\/rapidetech.com.br\/en\/wp-json\/wp\/v2\/comments?post=352"}],"version-history":[{"count":0,"href":"https:\/\/rapidetech.com.br\/en\/wp-json\/wp\/v2\/product\/352\/revisions"}],"wp:featuredmedia":[{"embeddable":true,"href":"https:\/\/rapidetech.com.br\/en\/wp-json\/wp\/v2\/media\/45427"}],"wp:attachment":[{"href":"https:\/\/rapidetech.com.br\/en\/wp-json\/wp\/v2\/media?parent=352"}],"wp:term":[{"taxonomy":"product_brand","embeddable":true,"href":"https:\/\/rapidetech.com.br\/en\/wp-json\/wp\/v2\/product_brand?post=352"},{"taxonomy":"product_cat","embeddable":true,"href":"https:\/\/rapidetech.com.br\/en\/wp-json\/wp\/v2\/product_cat?post=352"},{"taxonomy":"product_tag","embeddable":true,"href":"https:\/\/rapidetech.com.br\/en\/wp-json\/wp\/v2\/product_tag?post=352"}],"curies":[{"name":"wp","href":"https:\/\/api.w.org\/{rel}","templated":true}]}}