{"id":43751,"date":"2021-06-26T12:03:12","date_gmt":"2021-06-26T15:03:12","guid":{"rendered":"http:\/\/rapidetech.com.br\/?post_type=product&#038;p=43751"},"modified":"2026-01-24T20:19:39","modified_gmt":"2026-01-24T23:19:39","slug":"novo-cabo-de-alimentacao-high-end-audiophile-serie-cobre-puro-padrao-us-1m","status":"publish","type":"product","link":"https:\/\/rapidetech.com.br\/en\/product\/novo-cabo-de-alimentacao-high-end-audiophile-serie-cobre-puro-padrao-us-1m\/","title":{"rendered":"Novo cabo de for\u00e7a \/ alimenta\u00e7\u00e3o High end &#8211; Audiophile serie cobre puro &#8211; Padr\u00e3o US -1m\u00a0\u00a0"},"content":{"rendered":"<h1>Novo cabo de for\u00e7a \/ alimenta\u00e7\u00e3o -vers\u00e3o Audiophile serie &#8211; Padrao US &#8211; 1 m<\/h1>\n<h3><em>Descri\u00e7\u00e3o do cabo :<\/em><\/h3>\n<ul>\n<li>Novo cabo de for\u00e7a \u00a0audio<\/li>\n<li>vers\u00e3o Audiophile serie<\/li>\n<li>Revestido e blindado<\/li>\n<li>Comprimento : 1 metro<\/li>\n<li>Cobre de alta pureza,o2 free<\/li>\n<\/ul>\n<p>Este cabo de alimenta\u00e7\u00e3o AC de alta qualidade lida com alta corrente e efetivamente reduz o ru\u00eddo de todo o sistema com din\u00e2mica mais ampla, ritmo melhorado e ganhos globais al\u00e9m da expectativa. \u00c9 uma combina\u00e7\u00e3o perfeita para filtro de energia, plataforma girat\u00f3ria, amplificador, leitor de cd, dac e todos os componentes hi fi ou streamer top ou pc gamer .<\/p>\n<ul>\n<li>Di\u00e2metro do cabo: 3x4mm \u00b2 \/\u00a0 16,7 mm total<\/li>\n<li>Material do cabo: cobre puro super multi pot\u00eancia do condutor<\/li>\n<li>Cabo plug a: p029e padr\u00e3o US<\/li>\n<li>Tomada b: c029<\/li>\n<li>Especifica\u00e7\u00f5es: 110 \/220-250v, 16a<\/li>\n<li>Entrada m\u00e1xima: &lt; 5500w<\/li>\n<li>Cobertura externa do cabo: sleeving expans\u00edvel tran\u00e7ado<\/li>\n<\/ul>\n<p><em><strong>Conte\u00fado da embalagem:<\/strong><\/em><\/p>\n<ul>\n<li>1 m<\/li>\n<\/ul>\n<h3>Novo cabo de alimenta\u00e7\u00e3o \u00e9 compat\u00edvel com todos equipamentos de audio padr\u00e3o US\u00a0 :<\/h3>\n<ul>\n<li>Receiver,cd player ,amplificador,subwoofer ,pc gamer<\/li>\n<\/ul>\n<p>&nbsp;<\/p>","protected":false},"excerpt":{"rendered":"<h3>Cabo de alimentacao high end\u00a0 :<\/h3>\n<ul>\n<li>Novo cabo de alimentacao de alta qualidade para amplificador,receiver,subwoofer<\/li>\n<li>Comprimento : 1 metro<\/li>\n<li>Cobre de alta pureza, O2 free,padrao US<\/li>\n<\/ul>\n<p>Conte\u00fado da embalagem:<\/p>\n<ul>\n<li>1 m de comprimento<\/li>\n<\/ul>","protected":false},"featured_media":46055,"comment_status":"closed","ping_status":"closed","template":"","meta":[],"product_brand":[],"product_cat":[18,22,45],"product_tag":[92,60],"class_list":{"0":"post-43751","1":"product","2":"type-product","3":"status-publish","4":"has-post-thumbnail","6":"product_cat-accessorios","7":"product_cat-audio","8":"product_cat-informatica","9":"product_tag-audio","10":"product_tag-caixas","11":"product_shipping_class-normal","13":"first","14":"instock","15":"purchasable","16":"product-type-simple"},"yoast_head":"<!-- This site is optimized with the Yoast SEO plugin v27.3 - https:\/\/yoast.com\/product\/yoast-seo-wordpress\/ -->\n<title>Novo cabo de for\u00e7a \/ alimenta\u00e7\u00e3o High end - Audiophile serie cobre puro - Padr\u00e3o US -1m\u00a0\u00a0 - Rapidetech<\/title>\n<meta name=\"robots\" content=\"index, follow, max-snippet:-1, max-image-preview:large, max-video-preview:-1\" \/>\n<link rel=\"canonical\" href=\"https:\/\/rapidetech.com.br\/en\/product\/novo-cabo-de-alimentacao-high-end-audiophile-serie-cobre-puro-padrao-us-1m\/\" \/>\n<meta property=\"og:locale\" content=\"en_US\" \/>\n<meta property=\"og:type\" content=\"article\" \/>\n<meta property=\"og:title\" content=\"Novo cabo de for\u00e7a \/ alimenta\u00e7\u00e3o High end - Audiophile serie cobre puro - Padr\u00e3o US -1m\u00a0\u00a0 - Rapidetech\" \/>\n<meta property=\"og:description\" content=\"Cabo de alimentacao high end\u00a0 :   Novo cabo de alimentacao de alta qualidade para amplificador,receiver,subwoofer  Comprimento : 1 metro  Cobre de alta pureza, O2 free,padrao US  Conte\u00fado da embalagem:   1 m de comprimento\" \/>\n<meta property=\"og:url\" content=\"https:\/\/rapidetech.com.br\/en\/product\/novo-cabo-de-alimentacao-high-end-audiophile-serie-cobre-puro-padrao-us-1m\/\" \/>\n<meta property=\"og:site_name\" content=\"Rapidetech\" \/>\n<meta property=\"article:modified_time\" content=\"2026-01-24T23:19:39+00:00\" \/>\n<meta property=\"og:image\" content=\"https:\/\/rapidetech.com.br\/wp-content\/uploads\/2021\/06\/AnyConv.com__jpeg-Copia-4-e1693946751197.webp\" \/>\n\t<meta property=\"og:image:width\" content=\"500\" \/>\n\t<meta property=\"og:image:height\" content=\"500\" \/>\n\t<meta property=\"og:image:type\" content=\"image\/webp\" \/>\n<meta name=\"twitter:card\" content=\"summary_large_image\" \/>\n<meta name=\"twitter:label1\" content=\"Est. reading time\" \/>\n\t<meta name=\"twitter:data1\" content=\"2 minutes\" \/>\n<script type=\"application\/ld+json\" class=\"yoast-schema-graph\">{\"@context\":\"https:\\\/\\\/schema.org\",\"@graph\":[{\"@type\":\"WebPage\",\"@id\":\"https:\\\/\\\/rapidetech.com.br\\\/produto\\\/novo-cabo-de-alimentacao-high-end-audiophile-serie-cobre-puro-padrao-us-1m\\\/\",\"url\":\"https:\\\/\\\/rapidetech.com.br\\\/produto\\\/novo-cabo-de-alimentacao-high-end-audiophile-serie-cobre-puro-padrao-us-1m\\\/\",\"name\":\"Novo cabo de for\u00e7a \\\/ alimenta\u00e7\u00e3o High end - Audiophile serie cobre puro - Padr\u00e3o US -1m\u00a0\u00a0 - Rapidetech\",\"isPartOf\":{\"@id\":\"https:\\\/\\\/rapidetech.com.br\\\/#website\"},\"primaryImageOfPage\":{\"@id\":\"https:\\\/\\\/rapidetech.com.br\\\/produto\\\/novo-cabo-de-alimentacao-high-end-audiophile-serie-cobre-puro-padrao-us-1m\\\/#primaryimage\"},\"image\":{\"@id\":\"https:\\\/\\\/rapidetech.com.br\\\/produto\\\/novo-cabo-de-alimentacao-high-end-audiophile-serie-cobre-puro-padrao-us-1m\\\/#primaryimage\"},\"thumbnailUrl\":\"https:\\\/\\\/rapidetech.com.br\\\/wp-content\\\/uploads\\\/2021\\\/06\\\/AnyConv.com__jpeg-Copia-4-e1693946751197.webp\",\"datePublished\":\"2021-06-26T15:03:12+00:00\",\"dateModified\":\"2026-01-24T23:19:39+00:00\",\"breadcrumb\":{\"@id\":\"https:\\\/\\\/rapidetech.com.br\\\/produto\\\/novo-cabo-de-alimentacao-high-end-audiophile-serie-cobre-puro-padrao-us-1m\\\/#breadcrumb\"},\"inLanguage\":\"en-US\",\"potentialAction\":[{\"@type\":\"ReadAction\",\"target\":[\"https:\\\/\\\/rapidetech.com.br\\\/produto\\\/novo-cabo-de-alimentacao-high-end-audiophile-serie-cobre-puro-padrao-us-1m\\\/\"]}]},{\"@type\":\"ImageObject\",\"inLanguage\":\"en-US\",\"@id\":\"https:\\\/\\\/rapidetech.com.br\\\/produto\\\/novo-cabo-de-alimentacao-high-end-audiophile-serie-cobre-puro-padrao-us-1m\\\/#primaryimage\",\"url\":\"https:\\\/\\\/rapidetech.com.br\\\/wp-content\\\/uploads\\\/2021\\\/06\\\/AnyConv.com__jpeg-Copia-4-e1693946751197.webp\",\"contentUrl\":\"https:\\\/\\\/rapidetech.com.br\\\/wp-content\\\/uploads\\\/2021\\\/06\\\/AnyConv.com__jpeg-Copia-4-e1693946751197.webp\",\"width\":500,\"height\":500},{\"@type\":\"BreadcrumbList\",\"@id\":\"https:\\\/\\\/rapidetech.com.br\\\/produto\\\/novo-cabo-de-alimentacao-high-end-audiophile-serie-cobre-puro-padrao-us-1m\\\/#breadcrumb\",\"itemListElement\":[{\"@type\":\"ListItem\",\"position\":1,\"name\":\"In\u00edcio\",\"item\":\"https:\\\/\\\/rapidetech.com.br\\\/\"},{\"@type\":\"ListItem\",\"position\":2,\"name\":\"Produtos\",\"item\":\"https:\\\/\\\/rapidetech.com.br\\\/produtos\\\/\"},{\"@type\":\"ListItem\",\"position\":3,\"name\":\"Novo cabo de for\u00e7a \\\/ alimenta\u00e7\u00e3o High end &#8211; Audiophile serie cobre puro &#8211; Padr\u00e3o US -1m\u00a0\u00a0\"}]},{\"@type\":\"WebSite\",\"@id\":\"https:\\\/\\\/rapidetech.com.br\\\/#website\",\"url\":\"https:\\\/\\\/rapidetech.com.br\\\/\",\"name\":\"Rapidetech\",\"description\":\"Audio e video\",\"publisher\":{\"@id\":\"https:\\\/\\\/rapidetech.com.br\\\/#organization\"},\"potentialAction\":[{\"@type\":\"SearchAction\",\"target\":{\"@type\":\"EntryPoint\",\"urlTemplate\":\"https:\\\/\\\/rapidetech.com.br\\\/?s={search_term_string}\"},\"query-input\":{\"@type\":\"PropertyValueSpecification\",\"valueRequired\":true,\"valueName\":\"search_term_string\"}}],\"inLanguage\":\"en-US\"},{\"@type\":\"Organization\",\"@id\":\"https:\\\/\\\/rapidetech.com.br\\\/#organization\",\"name\":\"Rapidetech\",\"url\":\"https:\\\/\\\/rapidetech.com.br\\\/\",\"logo\":{\"@type\":\"ImageObject\",\"inLanguage\":\"en-US\",\"@id\":\"https:\\\/\\\/rapidetech.com.br\\\/#\\\/schema\\\/logo\\\/image\\\/\",\"url\":\"https:\\\/\\\/rapidetech.com.br\\\/wp-content\\\/uploads\\\/2022\\\/08\\\/RAPIDETECH-AUDIO-E-VIDEO.jpg\",\"contentUrl\":\"https:\\\/\\\/rapidetech.com.br\\\/wp-content\\\/uploads\\\/2022\\\/08\\\/RAPIDETECH-AUDIO-E-VIDEO.jpg\",\"width\":236,\"height\":213,\"caption\":\"Rapidetech\"},\"image\":{\"@id\":\"https:\\\/\\\/rapidetech.com.br\\\/#\\\/schema\\\/logo\\\/image\\\/\"},\"sameAs\":[\"https:\\\/\\\/rapidetech.com.br\\\/\",\"https:\\\/\\\/www.youtube.com\\\/channel\\\/UCQWlsTr9MvbqwWAekYtMNLQ\"]}]}<\/script>\n<!-- \/ Yoast SEO plugin. -->","yoast_head_json":{"title":"Novo cabo de for\u00e7a \/ alimenta\u00e7\u00e3o High end - Audiophile serie cobre puro - Padr\u00e3o US -1m\u00a0\u00a0 - Rapidetech","robots":{"index":"index","follow":"follow","max-snippet":"max-snippet:-1","max-image-preview":"max-image-preview:large","max-video-preview":"max-video-preview:-1"},"canonical":"https:\/\/rapidetech.com.br\/en\/product\/novo-cabo-de-alimentacao-high-end-audiophile-serie-cobre-puro-padrao-us-1m\/","og_locale":"en_US","og_type":"article","og_title":"Novo cabo de for\u00e7a \/ alimenta\u00e7\u00e3o High end - Audiophile serie cobre puro - Padr\u00e3o US -1m\u00a0\u00a0 - Rapidetech","og_description":"Cabo de alimentacao high end\u00a0 :   Novo cabo de alimentacao de alta qualidade para amplificador,receiver,subwoofer  Comprimento : 1 metro  Cobre de alta pureza, O2 free,padrao US  Conte\u00fado da embalagem:   1 m de comprimento","og_url":"https:\/\/rapidetech.com.br\/en\/product\/novo-cabo-de-alimentacao-high-end-audiophile-serie-cobre-puro-padrao-us-1m\/","og_site_name":"Rapidetech","article_modified_time":"2026-01-24T23:19:39+00:00","og_image":[{"width":500,"height":500,"url":"https:\/\/rapidetech.com.br\/wp-content\/uploads\/2021\/06\/AnyConv.com__jpeg-Copia-4-e1693946751197.webp","type":"image\/webp"}],"twitter_card":"summary_large_image","twitter_misc":{"Est. reading time":"2 minutes"},"schema":{"@context":"https:\/\/schema.org","@graph":[{"@type":"WebPage","@id":"https:\/\/rapidetech.com.br\/produto\/novo-cabo-de-alimentacao-high-end-audiophile-serie-cobre-puro-padrao-us-1m\/","url":"https:\/\/rapidetech.com.br\/produto\/novo-cabo-de-alimentacao-high-end-audiophile-serie-cobre-puro-padrao-us-1m\/","name":"Novo cabo de for\u00e7a \/ alimenta\u00e7\u00e3o High end - Audiophile serie cobre puro - Padr\u00e3o US -1m\u00a0\u00a0 - Rapidetech","isPartOf":{"@id":"https:\/\/rapidetech.com.br\/#website"},"primaryImageOfPage":{"@id":"https:\/\/rapidetech.com.br\/produto\/novo-cabo-de-alimentacao-high-end-audiophile-serie-cobre-puro-padrao-us-1m\/#primaryimage"},"image":{"@id":"https:\/\/rapidetech.com.br\/produto\/novo-cabo-de-alimentacao-high-end-audiophile-serie-cobre-puro-padrao-us-1m\/#primaryimage"},"thumbnailUrl":"https:\/\/rapidetech.com.br\/wp-content\/uploads\/2021\/06\/AnyConv.com__jpeg-Copia-4-e1693946751197.webp","datePublished":"2021-06-26T15:03:12+00:00","dateModified":"2026-01-24T23:19:39+00:00","breadcrumb":{"@id":"https:\/\/rapidetech.com.br\/produto\/novo-cabo-de-alimentacao-high-end-audiophile-serie-cobre-puro-padrao-us-1m\/#breadcrumb"},"inLanguage":"en-US","potentialAction":[{"@type":"ReadAction","target":["https:\/\/rapidetech.com.br\/produto\/novo-cabo-de-alimentacao-high-end-audiophile-serie-cobre-puro-padrao-us-1m\/"]}]},{"@type":"ImageObject","inLanguage":"en-US","@id":"https:\/\/rapidetech.com.br\/produto\/novo-cabo-de-alimentacao-high-end-audiophile-serie-cobre-puro-padrao-us-1m\/#primaryimage","url":"https:\/\/rapidetech.com.br\/wp-content\/uploads\/2021\/06\/AnyConv.com__jpeg-Copia-4-e1693946751197.webp","contentUrl":"https:\/\/rapidetech.com.br\/wp-content\/uploads\/2021\/06\/AnyConv.com__jpeg-Copia-4-e1693946751197.webp","width":500,"height":500},{"@type":"BreadcrumbList","@id":"https:\/\/rapidetech.com.br\/produto\/novo-cabo-de-alimentacao-high-end-audiophile-serie-cobre-puro-padrao-us-1m\/#breadcrumb","itemListElement":[{"@type":"ListItem","position":1,"name":"In\u00edcio","item":"https:\/\/rapidetech.com.br\/"},{"@type":"ListItem","position":2,"name":"Produtos","item":"https:\/\/rapidetech.com.br\/produtos\/"},{"@type":"ListItem","position":3,"name":"Novo cabo de for\u00e7a \/ alimenta\u00e7\u00e3o High end &#8211; Audiophile serie cobre puro &#8211; Padr\u00e3o US -1m\u00a0\u00a0"}]},{"@type":"WebSite","@id":"https:\/\/rapidetech.com.br\/#website","url":"https:\/\/rapidetech.com.br\/","name":"Rapidetech","description":"Audio e video","publisher":{"@id":"https:\/\/rapidetech.com.br\/#organization"},"potentialAction":[{"@type":"SearchAction","target":{"@type":"EntryPoint","urlTemplate":"https:\/\/rapidetech.com.br\/?s={search_term_string}"},"query-input":{"@type":"PropertyValueSpecification","valueRequired":true,"valueName":"search_term_string"}}],"inLanguage":"en-US"},{"@type":"Organization","@id":"https:\/\/rapidetech.com.br\/#organization","name":"Rapidetech","url":"https:\/\/rapidetech.com.br\/","logo":{"@type":"ImageObject","inLanguage":"en-US","@id":"https:\/\/rapidetech.com.br\/#\/schema\/logo\/image\/","url":"https:\/\/rapidetech.com.br\/wp-content\/uploads\/2022\/08\/RAPIDETECH-AUDIO-E-VIDEO.jpg","contentUrl":"https:\/\/rapidetech.com.br\/wp-content\/uploads\/2022\/08\/RAPIDETECH-AUDIO-E-VIDEO.jpg","width":236,"height":213,"caption":"Rapidetech"},"image":{"@id":"https:\/\/rapidetech.com.br\/#\/schema\/logo\/image\/"},"sameAs":["https:\/\/rapidetech.com.br\/","https:\/\/www.youtube.com\/channel\/UCQWlsTr9MvbqwWAekYtMNLQ"]}]}},"_links":{"self":[{"href":"https:\/\/rapidetech.com.br\/en\/wp-json\/wp\/v2\/product\/43751","targetHints":{"allow":["GET"]}}],"collection":[{"href":"https:\/\/rapidetech.com.br\/en\/wp-json\/wp\/v2\/product"}],"about":[{"href":"https:\/\/rapidetech.com.br\/en\/wp-json\/wp\/v2\/types\/product"}],"replies":[{"embeddable":true,"href":"https:\/\/rapidetech.com.br\/en\/wp-json\/wp\/v2\/comments?post=43751"}],"version-history":[{"count":0,"href":"https:\/\/rapidetech.com.br\/en\/wp-json\/wp\/v2\/product\/43751\/revisions"}],"wp:featuredmedia":[{"embeddable":true,"href":"https:\/\/rapidetech.com.br\/en\/wp-json\/wp\/v2\/media\/46055"}],"wp:attachment":[{"href":"https:\/\/rapidetech.com.br\/en\/wp-json\/wp\/v2\/media?parent=43751"}],"wp:term":[{"taxonomy":"product_brand","embeddable":true,"href":"https:\/\/rapidetech.com.br\/en\/wp-json\/wp\/v2\/product_brand?post=43751"},{"taxonomy":"product_cat","embeddable":true,"href":"https:\/\/rapidetech.com.br\/en\/wp-json\/wp\/v2\/product_cat?post=43751"},{"taxonomy":"product_tag","embeddable":true,"href":"https:\/\/rapidetech.com.br\/en\/wp-json\/wp\/v2\/product_tag?post=43751"}],"curies":[{"name":"wp","href":"https:\/\/api.w.org\/{rel}","templated":true}]}}