{"id":43753,"date":"2021-07-01T13:58:56","date_gmt":"2021-07-01T16:58:56","guid":{"rendered":"http:\/\/rapidetech.com.br\/?post_type=product&#038;p=43753"},"modified":"2026-01-26T14:15:40","modified_gmt":"2026-01-26T17:15:40","slug":"extensor-cabo-de-rede-ugreen-rj-45-para-cat-5-cat-6-cat-7-cat-8-pronta-entrega-sp","status":"publish","type":"product","link":"https:\/\/rapidetech.com.br\/en\/product\/extensor-cabo-de-rede-ugreen-rj-45-para-cat-5-cat-6-cat-7-cat-8-pronta-entrega-sp\/","title":{"rendered":"Extensor cabo de rede Ugreen RJ 45 &#8211; PARA CAT 5 CAT 6 CAT 7 CAT 8"},"content":{"rendered":"<h1>Extensor Cabo de rede UGREEN RJ 45<\/h1>\n<h3>Descri\u00e7\u00e3o do EXTENSOR Ugreen<\/h3>\n<ul>\n<li>RJ 45 EXTENSOR de Alto Desempenho<\/li>\n<li>\u00a0Contatos Blindados e Banhados a Ouro 24K<\/li>\n<li>100% Compatibilidade com Entradas RJ45<\/li>\n<li>Conectores Protegidos contra Interfer\u00eancias EMI \/ RFI<\/li>\n<li>\u00a0100% Cobre (Livre de Oxida\u00e7\u00e3o)<\/li>\n<li>\u00a0Transmiss\u00e3o mais r\u00e1pida, est\u00e1vel e confi\u00e1vel<\/li>\n<li>Taxa Transmiss\u00e3o: 1000 MBPS<\/li>\n<\/ul>\n<p>&nbsp;<\/p>\n<p><strong>Conte\u00fado da embalagem:<\/strong><\/p>\n<ul>\n<li>embalagem original lacrada<\/li>\n<li>1 Extensor de cabo de Rede &#8211; Ugreen<\/li>\n<\/ul>\n<h3>Cabo de rede UGREEN cat \u00e9 compat\u00edvel com:<\/h3>\n<ul>\n<li>Entradas RJ45<\/li>\n<li>Gamer<\/li>\n<li>Streaming PS5 \/ 4 Pro<\/li>\n<li>X Box X<\/li>\n<li>TV Box<\/li>\n<li>Cat 7 cat 6 cat 5 cat 5e cat 7 cat 8 de alta velocidade<\/li>\n<\/ul>\n<p>&nbsp;<\/p>","protected":false},"excerpt":{"rendered":"<h3>Extensor Ugreen RJ 45<\/h3>\n<ul>\n<li>Alto Desempenho<\/li>\n<li>\u00a0Contatos Blindados e Banhados a Ouro 24K<\/li>\n<li>100% Compatibilidade com Entradas RJ45<\/li>\n<li>Conectores Protegidos contra Interfer\u00eancias EMI \/ RFI<\/li>\n<li>\u00a0100% Cobre (Livre de Oxida\u00e7\u00e3o)<\/li>\n<li>\u00a0Transmiss\u00e3o mais r\u00e1pida, est\u00e1vel e confi\u00e1vel<\/li>\n<li>Conectores: RJ45<\/li>\n<li>embalagem original lacrada<\/li>\n<\/ul>\n<ul>\n<li>1 Extensor de Rede Cat 5 cat 6 cat 7 cat 8\u00a0 &#8211; Ugreen<\/li>\n<\/ul>","protected":false},"featured_media":46049,"comment_status":"open","ping_status":"closed","template":"","meta":[],"product_brand":[],"product_cat":[18,45],"product_tag":[46,47,50,87,48,49],"class_list":{"0":"post-43753","1":"product","2":"type-product","3":"status-publish","4":"has-post-thumbnail","6":"product_cat-accessorios","7":"product_cat-informatica","8":"product_tag-cabo-de-rede","9":"product_tag-cat-8","10":"product_tag-ps4-pro","11":"product_tag-ps5","12":"product_tag-roteador","13":"product_tag-xbox","14":"product_shipping_class-normal","16":"first","17":"instock","18":"purchasable","19":"product-type-simple"},"yoast_head":"<!-- This site is optimized with the Yoast SEO plugin v27.4 - https:\/\/yoast.com\/product\/yoast-seo-wordpress\/ -->\n<title>Extensor cabo de rede Ugreen RJ 45 - PARA CAT 5 CAT 6 CAT 7 CAT 8 - Rapidetech<\/title>\n<meta name=\"description\" content=\"adaptador extensor-cabo-de-rede-ugreen-rj-45-para-cat-5-cat-6-cat-7-cat-8-pronta-entrega-sp\" \/>\n<meta name=\"robots\" content=\"index, follow, max-snippet:-1, max-image-preview:large, max-video-preview:-1\" \/>\n<link rel=\"canonical\" href=\"https:\/\/rapidetech.com.br\/en\/product\/extensor-cabo-de-rede-ugreen-rj-45-para-cat-5-cat-6-cat-7-cat-8-pronta-entrega-sp\/\" \/>\n<meta property=\"og:locale\" content=\"en_US\" \/>\n<meta property=\"og:type\" content=\"article\" \/>\n<meta property=\"og:title\" content=\"Extensor cabo de rede Ugreen RJ 45 - PARA CAT 5 CAT 6 CAT 7 CAT 8 - Rapidetech\" \/>\n<meta property=\"og:description\" content=\"adaptador extensor-cabo-de-rede-ugreen-rj-45-para-cat-5-cat-6-cat-7-cat-8-pronta-entrega-sp\" \/>\n<meta property=\"og:url\" content=\"https:\/\/rapidetech.com.br\/en\/product\/extensor-cabo-de-rede-ugreen-rj-45-para-cat-5-cat-6-cat-7-cat-8-pronta-entrega-sp\/\" \/>\n<meta property=\"og:site_name\" content=\"Rapidetech\" \/>\n<meta property=\"article:modified_time\" content=\"2026-01-26T17:15:40+00:00\" \/>\n<meta property=\"og:image\" content=\"https:\/\/rapidetech.com.br\/wp-content\/uploads\/2021\/07\/Cabo-de-extens-o-do-extensor-da-rede-do-adaptador-8p8c-dos-ethernet-do-conector-cat7.png_-e1699443945255.webp\" \/>\n\t<meta property=\"og:image:width\" content=\"600\" \/>\n\t<meta property=\"og:image:height\" content=\"600\" \/>\n\t<meta property=\"og:image:type\" content=\"image\/webp\" \/>\n<meta name=\"twitter:card\" content=\"summary_large_image\" \/>\n<meta name=\"twitter:label1\" content=\"Est. reading time\" \/>\n\t<meta name=\"twitter:data1\" content=\"1 minute\" \/>\n<script type=\"application\/ld+json\" class=\"yoast-schema-graph\">{\"@context\":\"https:\\\/\\\/schema.org\",\"@graph\":[{\"@type\":\"WebPage\",\"@id\":\"https:\\\/\\\/rapidetech.com.br\\\/produto\\\/extensor-cabo-de-rede-ugreen-rj-45-para-cat-5-cat-6-cat-7-cat-8-pronta-entrega-sp\\\/\",\"url\":\"https:\\\/\\\/rapidetech.com.br\\\/produto\\\/extensor-cabo-de-rede-ugreen-rj-45-para-cat-5-cat-6-cat-7-cat-8-pronta-entrega-sp\\\/\",\"name\":\"Extensor cabo de rede Ugreen RJ 45 - PARA CAT 5 CAT 6 CAT 7 CAT 8 - Rapidetech\",\"isPartOf\":{\"@id\":\"https:\\\/\\\/rapidetech.com.br\\\/#website\"},\"primaryImageOfPage\":{\"@id\":\"https:\\\/\\\/rapidetech.com.br\\\/produto\\\/extensor-cabo-de-rede-ugreen-rj-45-para-cat-5-cat-6-cat-7-cat-8-pronta-entrega-sp\\\/#primaryimage\"},\"image\":{\"@id\":\"https:\\\/\\\/rapidetech.com.br\\\/produto\\\/extensor-cabo-de-rede-ugreen-rj-45-para-cat-5-cat-6-cat-7-cat-8-pronta-entrega-sp\\\/#primaryimage\"},\"thumbnailUrl\":\"https:\\\/\\\/rapidetech.com.br\\\/wp-content\\\/uploads\\\/2021\\\/07\\\/Cabo-de-extens-o-do-extensor-da-rede-do-adaptador-8p8c-dos-ethernet-do-conector-cat7.png_-e1699443945255.webp\",\"datePublished\":\"2021-07-01T16:58:56+00:00\",\"dateModified\":\"2026-01-26T17:15:40+00:00\",\"description\":\"adaptador extensor-cabo-de-rede-ugreen-rj-45-para-cat-5-cat-6-cat-7-cat-8-pronta-entrega-sp\",\"breadcrumb\":{\"@id\":\"https:\\\/\\\/rapidetech.com.br\\\/produto\\\/extensor-cabo-de-rede-ugreen-rj-45-para-cat-5-cat-6-cat-7-cat-8-pronta-entrega-sp\\\/#breadcrumb\"},\"inLanguage\":\"en-US\",\"potentialAction\":[{\"@type\":\"ReadAction\",\"target\":[\"https:\\\/\\\/rapidetech.com.br\\\/produto\\\/extensor-cabo-de-rede-ugreen-rj-45-para-cat-5-cat-6-cat-7-cat-8-pronta-entrega-sp\\\/\"]}]},{\"@type\":\"ImageObject\",\"inLanguage\":\"en-US\",\"@id\":\"https:\\\/\\\/rapidetech.com.br\\\/produto\\\/extensor-cabo-de-rede-ugreen-rj-45-para-cat-5-cat-6-cat-7-cat-8-pronta-entrega-sp\\\/#primaryimage\",\"url\":\"https:\\\/\\\/rapidetech.com.br\\\/wp-content\\\/uploads\\\/2021\\\/07\\\/Cabo-de-extens-o-do-extensor-da-rede-do-adaptador-8p8c-dos-ethernet-do-conector-cat7.png_-e1699443945255.webp\",\"contentUrl\":\"https:\\\/\\\/rapidetech.com.br\\\/wp-content\\\/uploads\\\/2021\\\/07\\\/Cabo-de-extens-o-do-extensor-da-rede-do-adaptador-8p8c-dos-ethernet-do-conector-cat7.png_-e1699443945255.webp\",\"width\":600,\"height\":600},{\"@type\":\"BreadcrumbList\",\"@id\":\"https:\\\/\\\/rapidetech.com.br\\\/produto\\\/extensor-cabo-de-rede-ugreen-rj-45-para-cat-5-cat-6-cat-7-cat-8-pronta-entrega-sp\\\/#breadcrumb\",\"itemListElement\":[{\"@type\":\"ListItem\",\"position\":1,\"name\":\"In\u00edcio\",\"item\":\"https:\\\/\\\/rapidetech.com.br\\\/\"},{\"@type\":\"ListItem\",\"position\":2,\"name\":\"Produtos\",\"item\":\"https:\\\/\\\/rapidetech.com.br\\\/produtos\\\/\"},{\"@type\":\"ListItem\",\"position\":3,\"name\":\"Extensor cabo de rede Ugreen RJ 45 &#8211; PARA CAT 5 CAT 6 CAT 7 CAT 8\"}]},{\"@type\":\"WebSite\",\"@id\":\"https:\\\/\\\/rapidetech.com.br\\\/#website\",\"url\":\"https:\\\/\\\/rapidetech.com.br\\\/\",\"name\":\"Rapidetech\",\"description\":\"Audio e video\",\"publisher\":{\"@id\":\"https:\\\/\\\/rapidetech.com.br\\\/#organization\"},\"potentialAction\":[{\"@type\":\"SearchAction\",\"target\":{\"@type\":\"EntryPoint\",\"urlTemplate\":\"https:\\\/\\\/rapidetech.com.br\\\/?s={search_term_string}\"},\"query-input\":{\"@type\":\"PropertyValueSpecification\",\"valueRequired\":true,\"valueName\":\"search_term_string\"}}],\"inLanguage\":\"en-US\"},{\"@type\":\"Organization\",\"@id\":\"https:\\\/\\\/rapidetech.com.br\\\/#organization\",\"name\":\"Rapidetech\",\"url\":\"https:\\\/\\\/rapidetech.com.br\\\/\",\"logo\":{\"@type\":\"ImageObject\",\"inLanguage\":\"en-US\",\"@id\":\"https:\\\/\\\/rapidetech.com.br\\\/#\\\/schema\\\/logo\\\/image\\\/\",\"url\":\"https:\\\/\\\/rapidetech.com.br\\\/wp-content\\\/uploads\\\/2022\\\/08\\\/RAPIDETECH-AUDIO-E-VIDEO.jpg\",\"contentUrl\":\"https:\\\/\\\/rapidetech.com.br\\\/wp-content\\\/uploads\\\/2022\\\/08\\\/RAPIDETECH-AUDIO-E-VIDEO.jpg\",\"width\":236,\"height\":213,\"caption\":\"Rapidetech\"},\"image\":{\"@id\":\"https:\\\/\\\/rapidetech.com.br\\\/#\\\/schema\\\/logo\\\/image\\\/\"},\"sameAs\":[\"https:\\\/\\\/rapidetech.com.br\\\/\",\"https:\\\/\\\/www.youtube.com\\\/channel\\\/UCQWlsTr9MvbqwWAekYtMNLQ\"]}]}<\/script>\n<!-- \/ Yoast SEO plugin. -->","yoast_head_json":{"title":"Extensor cabo de rede Ugreen RJ 45 - PARA CAT 5 CAT 6 CAT 7 CAT 8 - Rapidetech","description":"adaptador extensor-cabo-de-rede-ugreen-rj-45-para-cat-5-cat-6-cat-7-cat-8-pronta-entrega-sp","robots":{"index":"index","follow":"follow","max-snippet":"max-snippet:-1","max-image-preview":"max-image-preview:large","max-video-preview":"max-video-preview:-1"},"canonical":"https:\/\/rapidetech.com.br\/en\/product\/extensor-cabo-de-rede-ugreen-rj-45-para-cat-5-cat-6-cat-7-cat-8-pronta-entrega-sp\/","og_locale":"en_US","og_type":"article","og_title":"Extensor cabo de rede Ugreen RJ 45 - PARA CAT 5 CAT 6 CAT 7 CAT 8 - Rapidetech","og_description":"adaptador extensor-cabo-de-rede-ugreen-rj-45-para-cat-5-cat-6-cat-7-cat-8-pronta-entrega-sp","og_url":"https:\/\/rapidetech.com.br\/en\/product\/extensor-cabo-de-rede-ugreen-rj-45-para-cat-5-cat-6-cat-7-cat-8-pronta-entrega-sp\/","og_site_name":"Rapidetech","article_modified_time":"2026-01-26T17:15:40+00:00","og_image":[{"width":600,"height":600,"url":"https:\/\/rapidetech.com.br\/wp-content\/uploads\/2021\/07\/Cabo-de-extens-o-do-extensor-da-rede-do-adaptador-8p8c-dos-ethernet-do-conector-cat7.png_-e1699443945255.webp","type":"image\/webp"}],"twitter_card":"summary_large_image","twitter_misc":{"Est. reading time":"1 minute"},"schema":{"@context":"https:\/\/schema.org","@graph":[{"@type":"WebPage","@id":"https:\/\/rapidetech.com.br\/produto\/extensor-cabo-de-rede-ugreen-rj-45-para-cat-5-cat-6-cat-7-cat-8-pronta-entrega-sp\/","url":"https:\/\/rapidetech.com.br\/produto\/extensor-cabo-de-rede-ugreen-rj-45-para-cat-5-cat-6-cat-7-cat-8-pronta-entrega-sp\/","name":"Extensor cabo de rede Ugreen RJ 45 - PARA CAT 5 CAT 6 CAT 7 CAT 8 - Rapidetech","isPartOf":{"@id":"https:\/\/rapidetech.com.br\/#website"},"primaryImageOfPage":{"@id":"https:\/\/rapidetech.com.br\/produto\/extensor-cabo-de-rede-ugreen-rj-45-para-cat-5-cat-6-cat-7-cat-8-pronta-entrega-sp\/#primaryimage"},"image":{"@id":"https:\/\/rapidetech.com.br\/produto\/extensor-cabo-de-rede-ugreen-rj-45-para-cat-5-cat-6-cat-7-cat-8-pronta-entrega-sp\/#primaryimage"},"thumbnailUrl":"https:\/\/rapidetech.com.br\/wp-content\/uploads\/2021\/07\/Cabo-de-extens-o-do-extensor-da-rede-do-adaptador-8p8c-dos-ethernet-do-conector-cat7.png_-e1699443945255.webp","datePublished":"2021-07-01T16:58:56+00:00","dateModified":"2026-01-26T17:15:40+00:00","description":"adaptador extensor-cabo-de-rede-ugreen-rj-45-para-cat-5-cat-6-cat-7-cat-8-pronta-entrega-sp","breadcrumb":{"@id":"https:\/\/rapidetech.com.br\/produto\/extensor-cabo-de-rede-ugreen-rj-45-para-cat-5-cat-6-cat-7-cat-8-pronta-entrega-sp\/#breadcrumb"},"inLanguage":"en-US","potentialAction":[{"@type":"ReadAction","target":["https:\/\/rapidetech.com.br\/produto\/extensor-cabo-de-rede-ugreen-rj-45-para-cat-5-cat-6-cat-7-cat-8-pronta-entrega-sp\/"]}]},{"@type":"ImageObject","inLanguage":"en-US","@id":"https:\/\/rapidetech.com.br\/produto\/extensor-cabo-de-rede-ugreen-rj-45-para-cat-5-cat-6-cat-7-cat-8-pronta-entrega-sp\/#primaryimage","url":"https:\/\/rapidetech.com.br\/wp-content\/uploads\/2021\/07\/Cabo-de-extens-o-do-extensor-da-rede-do-adaptador-8p8c-dos-ethernet-do-conector-cat7.png_-e1699443945255.webp","contentUrl":"https:\/\/rapidetech.com.br\/wp-content\/uploads\/2021\/07\/Cabo-de-extens-o-do-extensor-da-rede-do-adaptador-8p8c-dos-ethernet-do-conector-cat7.png_-e1699443945255.webp","width":600,"height":600},{"@type":"BreadcrumbList","@id":"https:\/\/rapidetech.com.br\/produto\/extensor-cabo-de-rede-ugreen-rj-45-para-cat-5-cat-6-cat-7-cat-8-pronta-entrega-sp\/#breadcrumb","itemListElement":[{"@type":"ListItem","position":1,"name":"In\u00edcio","item":"https:\/\/rapidetech.com.br\/"},{"@type":"ListItem","position":2,"name":"Produtos","item":"https:\/\/rapidetech.com.br\/produtos\/"},{"@type":"ListItem","position":3,"name":"Extensor cabo de rede Ugreen RJ 45 &#8211; PARA CAT 5 CAT 6 CAT 7 CAT 8"}]},{"@type":"WebSite","@id":"https:\/\/rapidetech.com.br\/#website","url":"https:\/\/rapidetech.com.br\/","name":"Rapidetech","description":"Audio e video","publisher":{"@id":"https:\/\/rapidetech.com.br\/#organization"},"potentialAction":[{"@type":"SearchAction","target":{"@type":"EntryPoint","urlTemplate":"https:\/\/rapidetech.com.br\/?s={search_term_string}"},"query-input":{"@type":"PropertyValueSpecification","valueRequired":true,"valueName":"search_term_string"}}],"inLanguage":"en-US"},{"@type":"Organization","@id":"https:\/\/rapidetech.com.br\/#organization","name":"Rapidetech","url":"https:\/\/rapidetech.com.br\/","logo":{"@type":"ImageObject","inLanguage":"en-US","@id":"https:\/\/rapidetech.com.br\/#\/schema\/logo\/image\/","url":"https:\/\/rapidetech.com.br\/wp-content\/uploads\/2022\/08\/RAPIDETECH-AUDIO-E-VIDEO.jpg","contentUrl":"https:\/\/rapidetech.com.br\/wp-content\/uploads\/2022\/08\/RAPIDETECH-AUDIO-E-VIDEO.jpg","width":236,"height":213,"caption":"Rapidetech"},"image":{"@id":"https:\/\/rapidetech.com.br\/#\/schema\/logo\/image\/"},"sameAs":["https:\/\/rapidetech.com.br\/","https:\/\/www.youtube.com\/channel\/UCQWlsTr9MvbqwWAekYtMNLQ"]}]}},"_links":{"self":[{"href":"https:\/\/rapidetech.com.br\/en\/wp-json\/wp\/v2\/product\/43753","targetHints":{"allow":["GET"]}}],"collection":[{"href":"https:\/\/rapidetech.com.br\/en\/wp-json\/wp\/v2\/product"}],"about":[{"href":"https:\/\/rapidetech.com.br\/en\/wp-json\/wp\/v2\/types\/product"}],"replies":[{"embeddable":true,"href":"https:\/\/rapidetech.com.br\/en\/wp-json\/wp\/v2\/comments?post=43753"}],"version-history":[{"count":0,"href":"https:\/\/rapidetech.com.br\/en\/wp-json\/wp\/v2\/product\/43753\/revisions"}],"wp:featuredmedia":[{"embeddable":true,"href":"https:\/\/rapidetech.com.br\/en\/wp-json\/wp\/v2\/media\/46049"}],"wp:attachment":[{"href":"https:\/\/rapidetech.com.br\/en\/wp-json\/wp\/v2\/media?parent=43753"}],"wp:term":[{"taxonomy":"product_brand","embeddable":true,"href":"https:\/\/rapidetech.com.br\/en\/wp-json\/wp\/v2\/product_brand?post=43753"},{"taxonomy":"product_cat","embeddable":true,"href":"https:\/\/rapidetech.com.br\/en\/wp-json\/wp\/v2\/product_cat?post=43753"},{"taxonomy":"product_tag","embeddable":true,"href":"https:\/\/rapidetech.com.br\/en\/wp-json\/wp\/v2\/product_tag?post=43753"}],"curies":[{"name":"wp","href":"https:\/\/api.w.org\/{rel}","templated":true}]}}