{"id":43901,"date":"2021-09-19T14:06:05","date_gmt":"2021-09-19T17:06:05","guid":{"rendered":"http:\/\/rapidetech.com.br\/?post_type=product&#038;p=43901"},"modified":"2026-01-24T20:18:46","modified_gmt":"2026-01-24T23:18:46","slug":"kit-de-20-capas-protetores-rca-vermelhos-e-brancos","status":"publish","type":"product","link":"https:\/\/rapidetech.com.br\/en\/product\/kit-de-20-capas-protetores-rca-vermelhos-e-brancos\/","title":{"rendered":"Kit de 20 capas protetores RCA silicone  vermelhos e brancos"},"content":{"rendered":"<p><iframe title=\"Capas de prote\u00e7\u00e3o silicone  para protecao de entradas RCA ociosas (+ cabo cardas hexlink top ! )\" width=\"800\" height=\"450\" src=\"https:\/\/www.youtube.com\/embed\/dtzB19Ojim8?feature=oembed\" frameborder=\"0\" allow=\"accelerometer; autoplay; clipboard-write; encrypted-media; gyroscope; picture-in-picture; web-share\" referrerpolicy=\"strict-origin-when-cross-origin\" allowfullscreen><\/iframe><\/p>\n<h2><b>20\u00a0 capas RCA\u00a0 silicone para protecao de plugs ociosos :<\/b><\/h2>\n<h3><b>\u00a0Descri\u00e7\u00e3o das capas <\/b><b>\u00a0<\/b><\/h3>\n<ul>\n<li style=\"font-weight: 400;\">\n<h4><span style=\"font-weight: 400;\">Produto importado\u00a0 \u00a0<\/span><\/h4>\n<\/li>\n<li style=\"font-weight: 400;\">\n<h4><span style=\"font-weight: 400;\">Capas de silicone para plugs com maior durabilidade e resist\u00eancia \u00e0 corros\u00e3o<\/span><\/h4>\n<\/li>\n<li style=\"font-weight: 400;\">\n<h3><span style=\"font-weight: 400;\">Permite colocar em receiver ,amplificador,cd player\u00a0<\/span><\/h3>\n<\/li>\n<\/ul>\n<h3><strong>Conte\u00fado da embalagem<\/strong>:<\/h3>\n<ul>\n<li style=\"font-weight: 400;\">\n<h4><span style=\"font-weight: 400;\">10 capas plugs RCA\u00a0 vermelhos<\/span><\/h4>\n<\/li>\n<li style=\"font-weight: 400;\">\n<h4><span style=\"font-weight: 400;\">10 capas plugs RCA brancos\u00a0<\/span><\/h4>\n<\/li>\n<\/ul>\n<p>&nbsp;<\/p>","protected":false},"excerpt":{"rendered":"<h3><b>Capas de silicone de protecao para plugs RCA ociosos\u00a0 \u00a0<\/b><b>\u00a0<\/b><\/h3>\n<ul>\n<li style=\"font-weight: 400;\"><span style=\"font-weight: 400;\">\u00a020 capas (10 brancos e 10 vermelhos)\u00a0\u00a0<\/span><\/li>\n<li style=\"font-weight: 400;\"><span style=\"font-weight: 400;\">Permite colocar atras dos equipamentos para proteger da corrosao e evitar entrada de ruidos externos nos plugs ociosos na traseira dos receivers ,amplificadores , integrados e cd player etc &#8230;\u00a0<\/span><\/li>\n<\/ul>\n<p>Conte\u00fado da embalagem:<\/p>\n<ul>\n<li style=\"font-weight: 400;\"><span style=\"font-weight: 400;\">10 capas para\u00a0 plugs\u00a0 RCA\u00a0 vermelhos\u00a0<\/span><\/li>\n<li style=\"font-weight: 400;\"><span style=\"font-weight: 400;\">10 capas para plugs RCA brancos\u00a0<\/span><\/li>\n<\/ul>","protected":false},"featured_media":49791,"comment_status":"closed","ping_status":"closed","template":"","meta":[],"product_brand":[],"product_cat":[18,22,21],"product_tag":[25,26,62],"class_list":{"0":"post-43901","1":"product","2":"type-product","3":"status-publish","4":"has-post-thumbnail","6":"product_cat-accessorios","7":"product_cat-audio","8":"product_cat-video","9":"product_tag-nakamichi","10":"product_tag-plugs","11":"product_tag-protetores","12":"product_shipping_class-normal","14":"first","15":"instock","16":"purchasable","17":"product-type-simple"},"yoast_head":"<!-- This site is optimized with the Yoast SEO plugin v27.4 - https:\/\/yoast.com\/product\/yoast-seo-wordpress\/ -->\n<title>Kit de 20 capas protetores RCA silicone vermelhos e brancos - Rapidetech<\/title>\n<meta name=\"robots\" content=\"index, follow, max-snippet:-1, max-image-preview:large, max-video-preview:-1\" \/>\n<link rel=\"canonical\" href=\"https:\/\/rapidetech.com.br\/en\/product\/kit-de-20-capas-protetores-rca-vermelhos-e-brancos\/\" \/>\n<meta property=\"og:locale\" content=\"en_US\" \/>\n<meta property=\"og:type\" content=\"article\" \/>\n<meta property=\"og:title\" content=\"Kit de 20 capas protetores RCA silicone vermelhos e brancos - Rapidetech\" \/>\n<meta property=\"og:description\" content=\"Capas de silicone de protecao para plugs RCA ociosos\u00a0 \u00a0\u00a0   \u00a020 capas (10 brancos e 10 vermelhos)\u00a0\u00a0  Permite colocar atras dos equipamentos para proteger da corrosao e evitar entrada de ruidos externos nos plugs ociosos na traseira dos receivers ,amplificadores , integrados e cd player etc ...\u00a0  Conte\u00fado da embalagem:   10 capas para\u00a0 plugs\u00a0 RCA\u00a0 vermelhos\u00a0  10 capas para plugs RCA brancos\u00a0\" \/>\n<meta property=\"og:url\" content=\"https:\/\/rapidetech.com.br\/en\/product\/kit-de-20-capas-protetores-rca-vermelhos-e-brancos\/\" \/>\n<meta property=\"og:site_name\" content=\"Rapidetech\" \/>\n<meta property=\"article:modified_time\" content=\"2026-01-24T23:18:46+00:00\" \/>\n<meta property=\"og:image\" content=\"https:\/\/rapidetech.com.br\/wp-content\/uploads\/2021\/09\/AnyConv.com__HTB1kkaiSpXXXXboXVXXq6xXFXXXj-Copia-Copia-Copia.webp\" \/>\n\t<meta property=\"og:image:width\" content=\"533\" \/>\n\t<meta property=\"og:image:height\" content=\"533\" \/>\n\t<meta property=\"og:image:type\" content=\"image\/webp\" \/>\n<meta name=\"twitter:card\" content=\"summary_large_image\" \/>\n<meta name=\"twitter:label1\" content=\"Est. reading time\" \/>\n\t<meta name=\"twitter:data1\" content=\"1 minute\" \/>\n<script type=\"application\/ld+json\" class=\"yoast-schema-graph\">{\"@context\":\"https:\\\/\\\/schema.org\",\"@graph\":[{\"@type\":\"WebPage\",\"@id\":\"https:\\\/\\\/rapidetech.com.br\\\/produto\\\/kit-de-20-capas-protetores-rca-vermelhos-e-brancos\\\/\",\"url\":\"https:\\\/\\\/rapidetech.com.br\\\/produto\\\/kit-de-20-capas-protetores-rca-vermelhos-e-brancos\\\/\",\"name\":\"Kit de 20 capas protetores RCA silicone vermelhos e brancos - Rapidetech\",\"isPartOf\":{\"@id\":\"https:\\\/\\\/rapidetech.com.br\\\/#website\"},\"primaryImageOfPage\":{\"@id\":\"https:\\\/\\\/rapidetech.com.br\\\/produto\\\/kit-de-20-capas-protetores-rca-vermelhos-e-brancos\\\/#primaryimage\"},\"image\":{\"@id\":\"https:\\\/\\\/rapidetech.com.br\\\/produto\\\/kit-de-20-capas-protetores-rca-vermelhos-e-brancos\\\/#primaryimage\"},\"thumbnailUrl\":\"https:\\\/\\\/rapidetech.com.br\\\/wp-content\\\/uploads\\\/2021\\\/09\\\/AnyConv.com__HTB1kkaiSpXXXXboXVXXq6xXFXXXj-Copia-Copia-Copia.webp\",\"datePublished\":\"2021-09-19T17:06:05+00:00\",\"dateModified\":\"2026-01-24T23:18:46+00:00\",\"breadcrumb\":{\"@id\":\"https:\\\/\\\/rapidetech.com.br\\\/produto\\\/kit-de-20-capas-protetores-rca-vermelhos-e-brancos\\\/#breadcrumb\"},\"inLanguage\":\"en-US\",\"potentialAction\":[{\"@type\":\"ReadAction\",\"target\":[\"https:\\\/\\\/rapidetech.com.br\\\/produto\\\/kit-de-20-capas-protetores-rca-vermelhos-e-brancos\\\/\"]}]},{\"@type\":\"ImageObject\",\"inLanguage\":\"en-US\",\"@id\":\"https:\\\/\\\/rapidetech.com.br\\\/produto\\\/kit-de-20-capas-protetores-rca-vermelhos-e-brancos\\\/#primaryimage\",\"url\":\"https:\\\/\\\/rapidetech.com.br\\\/wp-content\\\/uploads\\\/2021\\\/09\\\/AnyConv.com__HTB1kkaiSpXXXXboXVXXq6xXFXXXj-Copia-Copia-Copia.webp\",\"contentUrl\":\"https:\\\/\\\/rapidetech.com.br\\\/wp-content\\\/uploads\\\/2021\\\/09\\\/AnyConv.com__HTB1kkaiSpXXXXboXVXXq6xXFXXXj-Copia-Copia-Copia.webp\",\"width\":533,\"height\":533},{\"@type\":\"BreadcrumbList\",\"@id\":\"https:\\\/\\\/rapidetech.com.br\\\/produto\\\/kit-de-20-capas-protetores-rca-vermelhos-e-brancos\\\/#breadcrumb\",\"itemListElement\":[{\"@type\":\"ListItem\",\"position\":1,\"name\":\"In\u00edcio\",\"item\":\"https:\\\/\\\/rapidetech.com.br\\\/\"},{\"@type\":\"ListItem\",\"position\":2,\"name\":\"Produtos\",\"item\":\"https:\\\/\\\/rapidetech.com.br\\\/produtos\\\/\"},{\"@type\":\"ListItem\",\"position\":3,\"name\":\"Kit de 20 capas protetores RCA silicone vermelhos e brancos\"}]},{\"@type\":\"WebSite\",\"@id\":\"https:\\\/\\\/rapidetech.com.br\\\/#website\",\"url\":\"https:\\\/\\\/rapidetech.com.br\\\/\",\"name\":\"Rapidetech\",\"description\":\"Audio e video\",\"publisher\":{\"@id\":\"https:\\\/\\\/rapidetech.com.br\\\/#organization\"},\"potentialAction\":[{\"@type\":\"SearchAction\",\"target\":{\"@type\":\"EntryPoint\",\"urlTemplate\":\"https:\\\/\\\/rapidetech.com.br\\\/?s={search_term_string}\"},\"query-input\":{\"@type\":\"PropertyValueSpecification\",\"valueRequired\":true,\"valueName\":\"search_term_string\"}}],\"inLanguage\":\"en-US\"},{\"@type\":\"Organization\",\"@id\":\"https:\\\/\\\/rapidetech.com.br\\\/#organization\",\"name\":\"Rapidetech\",\"url\":\"https:\\\/\\\/rapidetech.com.br\\\/\",\"logo\":{\"@type\":\"ImageObject\",\"inLanguage\":\"en-US\",\"@id\":\"https:\\\/\\\/rapidetech.com.br\\\/#\\\/schema\\\/logo\\\/image\\\/\",\"url\":\"https:\\\/\\\/rapidetech.com.br\\\/wp-content\\\/uploads\\\/2022\\\/08\\\/RAPIDETECH-AUDIO-E-VIDEO.jpg\",\"contentUrl\":\"https:\\\/\\\/rapidetech.com.br\\\/wp-content\\\/uploads\\\/2022\\\/08\\\/RAPIDETECH-AUDIO-E-VIDEO.jpg\",\"width\":236,\"height\":213,\"caption\":\"Rapidetech\"},\"image\":{\"@id\":\"https:\\\/\\\/rapidetech.com.br\\\/#\\\/schema\\\/logo\\\/image\\\/\"},\"sameAs\":[\"https:\\\/\\\/rapidetech.com.br\\\/\",\"https:\\\/\\\/www.youtube.com\\\/channel\\\/UCQWlsTr9MvbqwWAekYtMNLQ\"]}]}<\/script>\n<!-- \/ Yoast SEO plugin. -->","yoast_head_json":{"title":"Kit de 20 capas protetores RCA silicone vermelhos e brancos - Rapidetech","robots":{"index":"index","follow":"follow","max-snippet":"max-snippet:-1","max-image-preview":"max-image-preview:large","max-video-preview":"max-video-preview:-1"},"canonical":"https:\/\/rapidetech.com.br\/en\/product\/kit-de-20-capas-protetores-rca-vermelhos-e-brancos\/","og_locale":"en_US","og_type":"article","og_title":"Kit de 20 capas protetores RCA silicone vermelhos e brancos - Rapidetech","og_description":"Capas de silicone de protecao para plugs RCA ociosos\u00a0 \u00a0\u00a0   \u00a020 capas (10 brancos e 10 vermelhos)\u00a0\u00a0  Permite colocar atras dos equipamentos para proteger da corrosao e evitar entrada de ruidos externos nos plugs ociosos na traseira dos receivers ,amplificadores , integrados e cd player etc ...\u00a0  Conte\u00fado da embalagem:   10 capas para\u00a0 plugs\u00a0 RCA\u00a0 vermelhos\u00a0  10 capas para plugs RCA brancos\u00a0","og_url":"https:\/\/rapidetech.com.br\/en\/product\/kit-de-20-capas-protetores-rca-vermelhos-e-brancos\/","og_site_name":"Rapidetech","article_modified_time":"2026-01-24T23:18:46+00:00","og_image":[{"width":533,"height":533,"url":"https:\/\/rapidetech.com.br\/wp-content\/uploads\/2021\/09\/AnyConv.com__HTB1kkaiSpXXXXboXVXXq6xXFXXXj-Copia-Copia-Copia.webp","type":"image\/webp"}],"twitter_card":"summary_large_image","twitter_misc":{"Est. reading time":"1 minute"},"schema":{"@context":"https:\/\/schema.org","@graph":[{"@type":"WebPage","@id":"https:\/\/rapidetech.com.br\/produto\/kit-de-20-capas-protetores-rca-vermelhos-e-brancos\/","url":"https:\/\/rapidetech.com.br\/produto\/kit-de-20-capas-protetores-rca-vermelhos-e-brancos\/","name":"Kit de 20 capas protetores RCA silicone vermelhos e brancos - Rapidetech","isPartOf":{"@id":"https:\/\/rapidetech.com.br\/#website"},"primaryImageOfPage":{"@id":"https:\/\/rapidetech.com.br\/produto\/kit-de-20-capas-protetores-rca-vermelhos-e-brancos\/#primaryimage"},"image":{"@id":"https:\/\/rapidetech.com.br\/produto\/kit-de-20-capas-protetores-rca-vermelhos-e-brancos\/#primaryimage"},"thumbnailUrl":"https:\/\/rapidetech.com.br\/wp-content\/uploads\/2021\/09\/AnyConv.com__HTB1kkaiSpXXXXboXVXXq6xXFXXXj-Copia-Copia-Copia.webp","datePublished":"2021-09-19T17:06:05+00:00","dateModified":"2026-01-24T23:18:46+00:00","breadcrumb":{"@id":"https:\/\/rapidetech.com.br\/produto\/kit-de-20-capas-protetores-rca-vermelhos-e-brancos\/#breadcrumb"},"inLanguage":"en-US","potentialAction":[{"@type":"ReadAction","target":["https:\/\/rapidetech.com.br\/produto\/kit-de-20-capas-protetores-rca-vermelhos-e-brancos\/"]}]},{"@type":"ImageObject","inLanguage":"en-US","@id":"https:\/\/rapidetech.com.br\/produto\/kit-de-20-capas-protetores-rca-vermelhos-e-brancos\/#primaryimage","url":"https:\/\/rapidetech.com.br\/wp-content\/uploads\/2021\/09\/AnyConv.com__HTB1kkaiSpXXXXboXVXXq6xXFXXXj-Copia-Copia-Copia.webp","contentUrl":"https:\/\/rapidetech.com.br\/wp-content\/uploads\/2021\/09\/AnyConv.com__HTB1kkaiSpXXXXboXVXXq6xXFXXXj-Copia-Copia-Copia.webp","width":533,"height":533},{"@type":"BreadcrumbList","@id":"https:\/\/rapidetech.com.br\/produto\/kit-de-20-capas-protetores-rca-vermelhos-e-brancos\/#breadcrumb","itemListElement":[{"@type":"ListItem","position":1,"name":"In\u00edcio","item":"https:\/\/rapidetech.com.br\/"},{"@type":"ListItem","position":2,"name":"Produtos","item":"https:\/\/rapidetech.com.br\/produtos\/"},{"@type":"ListItem","position":3,"name":"Kit de 20 capas protetores RCA silicone vermelhos e brancos"}]},{"@type":"WebSite","@id":"https:\/\/rapidetech.com.br\/#website","url":"https:\/\/rapidetech.com.br\/","name":"Rapidetech","description":"Audio e video","publisher":{"@id":"https:\/\/rapidetech.com.br\/#organization"},"potentialAction":[{"@type":"SearchAction","target":{"@type":"EntryPoint","urlTemplate":"https:\/\/rapidetech.com.br\/?s={search_term_string}"},"query-input":{"@type":"PropertyValueSpecification","valueRequired":true,"valueName":"search_term_string"}}],"inLanguage":"en-US"},{"@type":"Organization","@id":"https:\/\/rapidetech.com.br\/#organization","name":"Rapidetech","url":"https:\/\/rapidetech.com.br\/","logo":{"@type":"ImageObject","inLanguage":"en-US","@id":"https:\/\/rapidetech.com.br\/#\/schema\/logo\/image\/","url":"https:\/\/rapidetech.com.br\/wp-content\/uploads\/2022\/08\/RAPIDETECH-AUDIO-E-VIDEO.jpg","contentUrl":"https:\/\/rapidetech.com.br\/wp-content\/uploads\/2022\/08\/RAPIDETECH-AUDIO-E-VIDEO.jpg","width":236,"height":213,"caption":"Rapidetech"},"image":{"@id":"https:\/\/rapidetech.com.br\/#\/schema\/logo\/image\/"},"sameAs":["https:\/\/rapidetech.com.br\/","https:\/\/www.youtube.com\/channel\/UCQWlsTr9MvbqwWAekYtMNLQ"]}]}},"_links":{"self":[{"href":"https:\/\/rapidetech.com.br\/en\/wp-json\/wp\/v2\/product\/43901","targetHints":{"allow":["GET"]}}],"collection":[{"href":"https:\/\/rapidetech.com.br\/en\/wp-json\/wp\/v2\/product"}],"about":[{"href":"https:\/\/rapidetech.com.br\/en\/wp-json\/wp\/v2\/types\/product"}],"replies":[{"embeddable":true,"href":"https:\/\/rapidetech.com.br\/en\/wp-json\/wp\/v2\/comments?post=43901"}],"version-history":[{"count":0,"href":"https:\/\/rapidetech.com.br\/en\/wp-json\/wp\/v2\/product\/43901\/revisions"}],"wp:featuredmedia":[{"embeddable":true,"href":"https:\/\/rapidetech.com.br\/en\/wp-json\/wp\/v2\/media\/49791"}],"wp:attachment":[{"href":"https:\/\/rapidetech.com.br\/en\/wp-json\/wp\/v2\/media?parent=43901"}],"wp:term":[{"taxonomy":"product_brand","embeddable":true,"href":"https:\/\/rapidetech.com.br\/en\/wp-json\/wp\/v2\/product_brand?post=43901"},{"taxonomy":"product_cat","embeddable":true,"href":"https:\/\/rapidetech.com.br\/en\/wp-json\/wp\/v2\/product_cat?post=43901"},{"taxonomy":"product_tag","embeddable":true,"href":"https:\/\/rapidetech.com.br\/en\/wp-json\/wp\/v2\/product_tag?post=43901"}],"curies":[{"name":"wp","href":"https:\/\/api.w.org\/{rel}","templated":true}]}}