{"id":43910,"date":"2021-09-21T19:40:47","date_gmt":"2021-09-21T22:40:47","guid":{"rendered":"http:\/\/rapidetech.com.br\/?post_type=product&#038;p=43910"},"modified":"2024-12-06T09:34:07","modified_gmt":"2024-12-06T12:34:07","slug":"tomada-furutech-high-end-fs01-audiophile-serie-cobre-puro-gold-plated-padrao-us","status":"publish","type":"product","link":"https:\/\/rapidetech.com.br\/en\/product\/tomada-furutech-high-end-fs01-audiophile-serie-cobre-puro-gold-plated-padrao-us\/","title":{"rendered":"Tomada Furutech High end fs01 &#8211; Audiophile serie cobre puro gold plated + 1 placa acabamento aluminio preto &#8211; Padrao US"},"content":{"rendered":"<h1>Tomada Furutech dupla -vers\u00e3o Audiophile serie &#8211; fs01 &#8211; Padrao US Descri\u00e7\u00e3o :<\/h1>\n<ul>\n<li>\n<h5>Nova tomada para cabo de forca ate 20 amp<\/h5>\n<\/li>\n<li>\n<h5>vers\u00e3o Audiophile serie<\/h5>\n<\/li>\n<li>\n<h5>Gold plated<\/h5>\n<\/li>\n<li>\n<h5>Comprimento : 10,4 cm<\/h5>\n<\/li>\n<li>\n<h5>Cobre de alta pureza,gold plated ,o2 free<\/h5>\n<\/li>\n<\/ul>\n<h5>Esta tomada serve para espetar\u00a0 cabo de alimenta\u00e7\u00e3o AC de alta qualidade pois lida com alta corrente e efetivamente reduz o ru\u00eddo de todo o sistema com din\u00e2mica mais ampla, ritmo melhorado e ganhos globais al\u00e9m da expectativa. \u00c9 uma combina\u00e7\u00e3o perfeita para filtro de energia, plataforma girat\u00f3ria, amplificador, leitor de cd, dac e todos os componentes hi fi ou streamer top ou pc gamer .<\/h5>\n<ul>\n<li>\n<h5>Material do cabo: cobre puro super multi pot\u00eancia do condutor<\/h5>\n<\/li>\n<li>\n<h5>plug duplo hospital grade ,hometheater : padr\u00e3o US<\/h5>\n<\/li>\n<li>\n<h5>Especifica\u00e7\u00f5es: 110 \/220-250v, 20a<\/h5>\n<\/li>\n<li>\n<h5>Entrada m\u00e1xima: &lt; 5500w<\/h5>\n<\/li>\n<\/ul>\n<p>&nbsp;<\/p>\n<h3><strong>Conte\u00fado da embalagem<\/strong>:<\/h3>\n<ul>\n<li>1 tomada dupla + 1 acabamento aluminio preto<\/li>\n<li>Nova tomada dupla e compat\u00edvel com todos equipamentos de audio padrao US\u00a0 :Receiver,cd player ,amplificador,subwoofer ,pc gamer<\/li>\n<\/ul>\n<p>&nbsp;<\/p>","protected":false},"excerpt":{"rendered":"<h3>Tomada high end Furutech fs 01 gold plated padrao USA + 1 acabamento aluminio escovado preto\u00a0 :<\/h3>\n<ul>\n<li>Nova tomada dupla padrao USA\u00a0 high end Furutech para\u00a0 cabo de alimentacao de alta qualidade para amplificador,receiver,subwoofer<\/li>\n<li>Cobre de alta pureza, gold plated ,O2 free,<\/li>\n<\/ul>\n<p>Conte\u00fado da embalagem:<\/p>\n<ul>\n<li>1 tomada dupla USA com parafusos + 1 Acabamento de aluminio escovado preto<\/li>\n<\/ul>","protected":false},"featured_media":45224,"comment_status":"closed","ping_status":"closed","template":"","meta":[],"product_brand":[],"product_cat":[18,22],"product_tag":[92,107,110,60,108,109,83],"class_list":{"0":"post-43910","1":"product","2":"type-product","3":"status-publish","4":"has-post-thumbnail","6":"product_cat-accessorios","7":"product_cat-audio","8":"product_tag-audio","9":"product_tag-automacao","10":"product_tag-cabos","11":"product_tag-caixas","12":"product_tag-eletrica","13":"product_tag-energia","14":"product_tag-rede","15":"product_shipping_class-normal","17":"first","18":"outofstock","19":"purchasable","20":"product-type-simple"},"yoast_head":"<!-- This site is optimized with the Yoast SEO plugin v27.5 - https:\/\/yoast.com\/product\/yoast-seo-wordpress\/ -->\n<title>Tomada Furutech High end fs01 - Audiophile serie cobre puro gold plated + 1 placa acabamento aluminio preto - Padrao US - Rapidetech<\/title>\n<meta name=\"robots\" content=\"index, follow, max-snippet:-1, max-image-preview:large, max-video-preview:-1\" \/>\n<link rel=\"canonical\" href=\"https:\/\/rapidetech.com.br\/en\/product\/tomada-furutech-high-end-fs01-audiophile-serie-cobre-puro-gold-plated-padrao-us\/\" \/>\n<meta property=\"og:locale\" content=\"en_US\" \/>\n<meta property=\"og:type\" content=\"article\" \/>\n<meta property=\"og:title\" content=\"Tomada Furutech High end fs01 - Audiophile serie cobre puro gold plated + 1 placa acabamento aluminio preto - Padrao US - Rapidetech\" \/>\n<meta property=\"og:description\" content=\"Tomada high end Furutech fs 01 gold plated padrao USA + 1 acabamento aluminio escovado preto\u00a0 :   Nova tomada dupla padrao USA\u00a0 high end Furutech para\u00a0 cabo de alimentacao de alta qualidade para amplificador,receiver,subwoofer  Cobre de alta pureza, gold plated ,O2 free,  Conte\u00fado da embalagem:   1 tomada dupla USA com parafusos + 1 Acabamento de aluminio escovado preto\" \/>\n<meta property=\"og:url\" content=\"https:\/\/rapidetech.com.br\/en\/product\/tomada-furutech-high-end-fs01-audiophile-serie-cobre-puro-gold-plated-padrao-us\/\" \/>\n<meta property=\"og:site_name\" content=\"Rapidetech\" \/>\n<meta property=\"article:modified_time\" content=\"2024-12-06T12:34:07+00:00\" \/>\n<meta property=\"og:image\" content=\"https:\/\/rapidetech.com.br\/wp-content\/uploads\/2021\/09\/AnyConv.com__IMG_2267-e1699798831223.webp\" \/>\n\t<meta property=\"og:image:width\" content=\"600\" \/>\n\t<meta property=\"og:image:height\" content=\"600\" \/>\n\t<meta property=\"og:image:type\" content=\"image\/webp\" \/>\n<meta name=\"twitter:card\" content=\"summary_large_image\" \/>\n<meta name=\"twitter:label1\" content=\"Est. reading time\" \/>\n\t<meta name=\"twitter:data1\" content=\"2 minutes\" \/>\n<script type=\"application\/ld+json\" class=\"yoast-schema-graph\">{\"@context\":\"https:\\\/\\\/schema.org\",\"@graph\":[{\"@type\":\"WebPage\",\"@id\":\"https:\\\/\\\/rapidetech.com.br\\\/produto\\\/tomada-furutech-high-end-fs01-audiophile-serie-cobre-puro-gold-plated-padrao-us\\\/\",\"url\":\"https:\\\/\\\/rapidetech.com.br\\\/produto\\\/tomada-furutech-high-end-fs01-audiophile-serie-cobre-puro-gold-plated-padrao-us\\\/\",\"name\":\"Tomada Furutech High end fs01 - Audiophile serie cobre puro gold plated + 1 placa acabamento aluminio preto - Padrao US - Rapidetech\",\"isPartOf\":{\"@id\":\"https:\\\/\\\/rapidetech.com.br\\\/#website\"},\"primaryImageOfPage\":{\"@id\":\"https:\\\/\\\/rapidetech.com.br\\\/produto\\\/tomada-furutech-high-end-fs01-audiophile-serie-cobre-puro-gold-plated-padrao-us\\\/#primaryimage\"},\"image\":{\"@id\":\"https:\\\/\\\/rapidetech.com.br\\\/produto\\\/tomada-furutech-high-end-fs01-audiophile-serie-cobre-puro-gold-plated-padrao-us\\\/#primaryimage\"},\"thumbnailUrl\":\"https:\\\/\\\/rapidetech.com.br\\\/wp-content\\\/uploads\\\/2021\\\/09\\\/AnyConv.com__IMG_2267-e1699798831223.webp\",\"datePublished\":\"2021-09-21T22:40:47+00:00\",\"dateModified\":\"2024-12-06T12:34:07+00:00\",\"breadcrumb\":{\"@id\":\"https:\\\/\\\/rapidetech.com.br\\\/produto\\\/tomada-furutech-high-end-fs01-audiophile-serie-cobre-puro-gold-plated-padrao-us\\\/#breadcrumb\"},\"inLanguage\":\"en-US\",\"potentialAction\":[{\"@type\":\"ReadAction\",\"target\":[\"https:\\\/\\\/rapidetech.com.br\\\/produto\\\/tomada-furutech-high-end-fs01-audiophile-serie-cobre-puro-gold-plated-padrao-us\\\/\"]}]},{\"@type\":\"ImageObject\",\"inLanguage\":\"en-US\",\"@id\":\"https:\\\/\\\/rapidetech.com.br\\\/produto\\\/tomada-furutech-high-end-fs01-audiophile-serie-cobre-puro-gold-plated-padrao-us\\\/#primaryimage\",\"url\":\"https:\\\/\\\/rapidetech.com.br\\\/wp-content\\\/uploads\\\/2021\\\/09\\\/AnyConv.com__IMG_2267-e1699798831223.webp\",\"contentUrl\":\"https:\\\/\\\/rapidetech.com.br\\\/wp-content\\\/uploads\\\/2021\\\/09\\\/AnyConv.com__IMG_2267-e1699798831223.webp\",\"width\":600,\"height\":600},{\"@type\":\"BreadcrumbList\",\"@id\":\"https:\\\/\\\/rapidetech.com.br\\\/produto\\\/tomada-furutech-high-end-fs01-audiophile-serie-cobre-puro-gold-plated-padrao-us\\\/#breadcrumb\",\"itemListElement\":[{\"@type\":\"ListItem\",\"position\":1,\"name\":\"In\u00edcio\",\"item\":\"https:\\\/\\\/rapidetech.com.br\\\/\"},{\"@type\":\"ListItem\",\"position\":2,\"name\":\"Produtos\",\"item\":\"https:\\\/\\\/rapidetech.com.br\\\/produtos\\\/\"},{\"@type\":\"ListItem\",\"position\":3,\"name\":\"Tomada Furutech High end fs01 &#8211; Audiophile serie cobre puro gold plated + 1 placa acabamento aluminio preto &#8211; Padrao US\"}]},{\"@type\":\"WebSite\",\"@id\":\"https:\\\/\\\/rapidetech.com.br\\\/#website\",\"url\":\"https:\\\/\\\/rapidetech.com.br\\\/\",\"name\":\"Rapidetech\",\"description\":\"Audio e video\",\"publisher\":{\"@id\":\"https:\\\/\\\/rapidetech.com.br\\\/#organization\"},\"potentialAction\":[{\"@type\":\"SearchAction\",\"target\":{\"@type\":\"EntryPoint\",\"urlTemplate\":\"https:\\\/\\\/rapidetech.com.br\\\/?s={search_term_string}\"},\"query-input\":{\"@type\":\"PropertyValueSpecification\",\"valueRequired\":true,\"valueName\":\"search_term_string\"}}],\"inLanguage\":\"en-US\"},{\"@type\":\"Organization\",\"@id\":\"https:\\\/\\\/rapidetech.com.br\\\/#organization\",\"name\":\"Rapidetech\",\"url\":\"https:\\\/\\\/rapidetech.com.br\\\/\",\"logo\":{\"@type\":\"ImageObject\",\"inLanguage\":\"en-US\",\"@id\":\"https:\\\/\\\/rapidetech.com.br\\\/#\\\/schema\\\/logo\\\/image\\\/\",\"url\":\"https:\\\/\\\/rapidetech.com.br\\\/wp-content\\\/uploads\\\/2022\\\/08\\\/RAPIDETECH-AUDIO-E-VIDEO.jpg\",\"contentUrl\":\"https:\\\/\\\/rapidetech.com.br\\\/wp-content\\\/uploads\\\/2022\\\/08\\\/RAPIDETECH-AUDIO-E-VIDEO.jpg\",\"width\":236,\"height\":213,\"caption\":\"Rapidetech\"},\"image\":{\"@id\":\"https:\\\/\\\/rapidetech.com.br\\\/#\\\/schema\\\/logo\\\/image\\\/\"},\"sameAs\":[\"https:\\\/\\\/rapidetech.com.br\\\/\",\"https:\\\/\\\/www.youtube.com\\\/channel\\\/UCQWlsTr9MvbqwWAekYtMNLQ\"]}]}<\/script>\n<!-- \/ Yoast SEO plugin. -->","yoast_head_json":{"title":"Tomada Furutech High end fs01 - Audiophile serie cobre puro gold plated + 1 placa acabamento aluminio preto - Padrao US - Rapidetech","robots":{"index":"index","follow":"follow","max-snippet":"max-snippet:-1","max-image-preview":"max-image-preview:large","max-video-preview":"max-video-preview:-1"},"canonical":"https:\/\/rapidetech.com.br\/en\/product\/tomada-furutech-high-end-fs01-audiophile-serie-cobre-puro-gold-plated-padrao-us\/","og_locale":"en_US","og_type":"article","og_title":"Tomada Furutech High end fs01 - Audiophile serie cobre puro gold plated + 1 placa acabamento aluminio preto - Padrao US - Rapidetech","og_description":"Tomada high end Furutech fs 01 gold plated padrao USA + 1 acabamento aluminio escovado preto\u00a0 :   Nova tomada dupla padrao USA\u00a0 high end Furutech para\u00a0 cabo de alimentacao de alta qualidade para amplificador,receiver,subwoofer  Cobre de alta pureza, gold plated ,O2 free,  Conte\u00fado da embalagem:   1 tomada dupla USA com parafusos + 1 Acabamento de aluminio escovado preto","og_url":"https:\/\/rapidetech.com.br\/en\/product\/tomada-furutech-high-end-fs01-audiophile-serie-cobre-puro-gold-plated-padrao-us\/","og_site_name":"Rapidetech","article_modified_time":"2024-12-06T12:34:07+00:00","og_image":[{"width":600,"height":600,"url":"https:\/\/rapidetech.com.br\/wp-content\/uploads\/2021\/09\/AnyConv.com__IMG_2267-e1699798831223.webp","type":"image\/webp"}],"twitter_card":"summary_large_image","twitter_misc":{"Est. reading time":"2 minutes"},"schema":{"@context":"https:\/\/schema.org","@graph":[{"@type":"WebPage","@id":"https:\/\/rapidetech.com.br\/produto\/tomada-furutech-high-end-fs01-audiophile-serie-cobre-puro-gold-plated-padrao-us\/","url":"https:\/\/rapidetech.com.br\/produto\/tomada-furutech-high-end-fs01-audiophile-serie-cobre-puro-gold-plated-padrao-us\/","name":"Tomada Furutech High end fs01 - Audiophile serie cobre puro gold plated + 1 placa acabamento aluminio preto - Padrao US - Rapidetech","isPartOf":{"@id":"https:\/\/rapidetech.com.br\/#website"},"primaryImageOfPage":{"@id":"https:\/\/rapidetech.com.br\/produto\/tomada-furutech-high-end-fs01-audiophile-serie-cobre-puro-gold-plated-padrao-us\/#primaryimage"},"image":{"@id":"https:\/\/rapidetech.com.br\/produto\/tomada-furutech-high-end-fs01-audiophile-serie-cobre-puro-gold-plated-padrao-us\/#primaryimage"},"thumbnailUrl":"https:\/\/rapidetech.com.br\/wp-content\/uploads\/2021\/09\/AnyConv.com__IMG_2267-e1699798831223.webp","datePublished":"2021-09-21T22:40:47+00:00","dateModified":"2024-12-06T12:34:07+00:00","breadcrumb":{"@id":"https:\/\/rapidetech.com.br\/produto\/tomada-furutech-high-end-fs01-audiophile-serie-cobre-puro-gold-plated-padrao-us\/#breadcrumb"},"inLanguage":"en-US","potentialAction":[{"@type":"ReadAction","target":["https:\/\/rapidetech.com.br\/produto\/tomada-furutech-high-end-fs01-audiophile-serie-cobre-puro-gold-plated-padrao-us\/"]}]},{"@type":"ImageObject","inLanguage":"en-US","@id":"https:\/\/rapidetech.com.br\/produto\/tomada-furutech-high-end-fs01-audiophile-serie-cobre-puro-gold-plated-padrao-us\/#primaryimage","url":"https:\/\/rapidetech.com.br\/wp-content\/uploads\/2021\/09\/AnyConv.com__IMG_2267-e1699798831223.webp","contentUrl":"https:\/\/rapidetech.com.br\/wp-content\/uploads\/2021\/09\/AnyConv.com__IMG_2267-e1699798831223.webp","width":600,"height":600},{"@type":"BreadcrumbList","@id":"https:\/\/rapidetech.com.br\/produto\/tomada-furutech-high-end-fs01-audiophile-serie-cobre-puro-gold-plated-padrao-us\/#breadcrumb","itemListElement":[{"@type":"ListItem","position":1,"name":"In\u00edcio","item":"https:\/\/rapidetech.com.br\/"},{"@type":"ListItem","position":2,"name":"Produtos","item":"https:\/\/rapidetech.com.br\/produtos\/"},{"@type":"ListItem","position":3,"name":"Tomada Furutech High end fs01 &#8211; Audiophile serie cobre puro gold plated + 1 placa acabamento aluminio preto &#8211; Padrao US"}]},{"@type":"WebSite","@id":"https:\/\/rapidetech.com.br\/#website","url":"https:\/\/rapidetech.com.br\/","name":"Rapidetech","description":"Audio e video","publisher":{"@id":"https:\/\/rapidetech.com.br\/#organization"},"potentialAction":[{"@type":"SearchAction","target":{"@type":"EntryPoint","urlTemplate":"https:\/\/rapidetech.com.br\/?s={search_term_string}"},"query-input":{"@type":"PropertyValueSpecification","valueRequired":true,"valueName":"search_term_string"}}],"inLanguage":"en-US"},{"@type":"Organization","@id":"https:\/\/rapidetech.com.br\/#organization","name":"Rapidetech","url":"https:\/\/rapidetech.com.br\/","logo":{"@type":"ImageObject","inLanguage":"en-US","@id":"https:\/\/rapidetech.com.br\/#\/schema\/logo\/image\/","url":"https:\/\/rapidetech.com.br\/wp-content\/uploads\/2022\/08\/RAPIDETECH-AUDIO-E-VIDEO.jpg","contentUrl":"https:\/\/rapidetech.com.br\/wp-content\/uploads\/2022\/08\/RAPIDETECH-AUDIO-E-VIDEO.jpg","width":236,"height":213,"caption":"Rapidetech"},"image":{"@id":"https:\/\/rapidetech.com.br\/#\/schema\/logo\/image\/"},"sameAs":["https:\/\/rapidetech.com.br\/","https:\/\/www.youtube.com\/channel\/UCQWlsTr9MvbqwWAekYtMNLQ"]}]}},"_links":{"self":[{"href":"https:\/\/rapidetech.com.br\/en\/wp-json\/wp\/v2\/product\/43910","targetHints":{"allow":["GET"]}}],"collection":[{"href":"https:\/\/rapidetech.com.br\/en\/wp-json\/wp\/v2\/product"}],"about":[{"href":"https:\/\/rapidetech.com.br\/en\/wp-json\/wp\/v2\/types\/product"}],"replies":[{"embeddable":true,"href":"https:\/\/rapidetech.com.br\/en\/wp-json\/wp\/v2\/comments?post=43910"}],"version-history":[{"count":0,"href":"https:\/\/rapidetech.com.br\/en\/wp-json\/wp\/v2\/product\/43910\/revisions"}],"wp:featuredmedia":[{"embeddable":true,"href":"https:\/\/rapidetech.com.br\/en\/wp-json\/wp\/v2\/media\/45224"}],"wp:attachment":[{"href":"https:\/\/rapidetech.com.br\/en\/wp-json\/wp\/v2\/media?parent=43910"}],"wp:term":[{"taxonomy":"product_brand","embeddable":true,"href":"https:\/\/rapidetech.com.br\/en\/wp-json\/wp\/v2\/product_brand?post=43910"},{"taxonomy":"product_cat","embeddable":true,"href":"https:\/\/rapidetech.com.br\/en\/wp-json\/wp\/v2\/product_cat?post=43910"},{"taxonomy":"product_tag","embeddable":true,"href":"https:\/\/rapidetech.com.br\/en\/wp-json\/wp\/v2\/product_tag?post=43910"}],"curies":[{"name":"wp","href":"https:\/\/api.w.org\/{rel}","templated":true}]}}