{"id":43931,"date":"2021-10-13T12:57:37","date_gmt":"2021-10-13T15:57:37","guid":{"rendered":"http:\/\/rapidetech.com.br\/?post_type=product&#038;p=43931"},"modified":"2025-10-03T12:09:25","modified_gmt":"2025-10-03T15:09:25","slug":"4-plugs-banana-nakamichi-pin-angel-2-mm","status":"publish","type":"product","link":"https:\/\/rapidetech.com.br\/en\/product\/4-plugs-banana-nakamichi-pin-angel-2-mm\/","title":{"rendered":"4 Plugs Banana Nakamichi pin angel 2 mm"},"content":{"rendered":"<h1><b>4 Plugs Banana Nakamichi Pin angel 2 mm vermelhos e pretos\u00a0<\/b><\/h1>\n<h3><b>\u00a0Descri\u00e7\u00e3o dos <\/b><b>Plugs Banana Nakamichi Nova Liga<\/b><b> 2 mm pin angel\u00a0\u00a0<\/b><\/h3>\n<ul>\n<li style=\"font-weight: 400;\"><span style=\"font-weight: 400;\">Produto 100% original Nakamichi MADE IN JAPAN\u00a0<\/span><\/li>\n<li style=\"font-weight: 400;\"><span style=\"font-weight: 400;\">Pacote com 2 plugs pretos + 2 plugs vermelhos\u00a0<\/span><\/li>\n<li style=\"font-weight: 400;\"><span style=\"font-weight: 400;\">Plugs da Nova Liga Nakamichi com maior durabilidade e resist\u00eancia \u00e0 corros\u00e3o<\/span><\/li>\n<li style=\"font-weight: 400;\"><span style=\"font-weight: 400;\">Pino de cobre revestido em ouro 24k<\/span><\/li>\n<li style=\"font-weight: 400;\"><span style=\"font-weight: 400;\">Aceita cabos de caixas de at\u00e9 4mm\u00b2<\/span><\/li>\n<li style=\"font-weight: 400;\"><span style=\"font-weight: 400;\">Conex\u00e3o por parafusos duplos &#8211; n\u00e3o necessita de solda<\/span><\/li>\n<\/ul>\n<p><span style=\"font-weight: 400;\">Conte\u00fado da embalagem:<\/span><\/p>\n<ul>\n<li style=\"font-weight: 400;\"><span style=\"font-weight: 400;\">2 plugs banana Nakamichi originais pretos<\/span><\/li>\n<li style=\"font-weight: 400;\"><span style=\"font-weight: 400;\">2 plugs banana Nakamichi originais vermelhos<\/span><\/li>\n<\/ul>\n<p>&nbsp;<\/p>\n<ul>\n<li style=\"font-weight: 400;\"><b>Deseja uma quantidade maior de plugs?<\/b><span style=\"font-weight: 400;\"> Basta aumentar a quantidade no seu carrinho de compras!<\/span><\/li>\n<\/ul>\n<h3><b>Plug Banana para caixa de som<\/b><\/h3>\n<p><span style=\"font-weight: 400;\">O Plug Banana Nakamichi pode ser utilizado em uma ponta com qualquer receiver de:<\/span><\/p>\n<ul>\n<li style=\"font-weight: 400;\"><span style=\"font-weight: 400;\">Home Theater (Marantz, Denon, Pioneer, Yamaha e outros) &#8211; basta a sa\u00edda do aparelho ser compat\u00edvel com o pino Banana e a entrada da caixa de som tamb\u00e9m.\u00a0<\/span><\/li>\n<\/ul>\n<h3><b>Qual a diferen\u00e7a do Plug Banana Nakamichi Nova Liga?<\/b><\/h3>\n<p><span style=\"font-weight: 400;\">O Plug Banana Nakamichi Nova Liga oferece maior durabilidade e sinal limpo e estavel\u00a0 , \u00e9 mais resistente \u00e0 corros\u00e3o e entrega os melhores resultados a longo prazo para a sua reprodu\u00e7\u00e3o de som.\u00a0<\/span><\/p>\n<h3><b>Protetor de Plug Banana Nakamichi, por que usar?<\/b><\/h3>\n<p><span style=\"font-weight: 400;\">Os protetores de Plug Banana Nakamichi s\u00e3o essenciais para conservar, proteger e dar acabamento aos seus fios de caixa de som. Caso deseje comprar protetores para os seus plugs, visite a nossa aba \u201cPromo\u00e7\u00f5es\u201d e confira os kits de Plugs + Protetores.<\/span><\/p>\n<p>&nbsp;<\/p>\n<p>&nbsp;<\/p>","protected":false},"excerpt":{"rendered":"<h1><b>\u00a0<\/b><b>Plugs Banana Nakamichi Nova Liga<\/b><b>\u00a0 2 mm pin angel<\/b><\/h1>\n<h1>Produto 100% original Nakamichi MADE IN JAPAN<\/h1>\n<ul>\n<li style=\"font-weight: 400;\"><span style=\"font-weight: 400;\">Pacote com 2 plugs pretos + 2 plugs vermelhos\u00a0<\/span><\/li>\n<li style=\"font-weight: 400;\"><span style=\"font-weight: 400;\">Plugs da Nova Liga Nakamichi com maior durabilidade e resist\u00eancia \u00e0 corros\u00e3o<\/span><\/li>\n<li style=\"font-weight: 400;\"><span style=\"font-weight: 400;\">Pino de cobre revestido em ouro 24k<\/span><\/li>\n<li style=\"font-weight: 400;\"><span style=\"font-weight: 400;\">Aceita cabos de caixas de at\u00e9 4mm\u00b2<\/span><\/li>\n<li style=\"font-weight: 400;\"><span style=\"font-weight: 400;\">Conex\u00e3o por parafusos duplos &#8211; n\u00e3o necessita de solda<\/span><\/li>\n<\/ul>\n<p><span style=\"font-weight: 400;\">Conte\u00fado da embalagem:<\/span><\/p>\n<ul>\n<li style=\"font-weight: 400;\"><span style=\"font-weight: 400;\">2 plugs banana Nakamichi originais pretos<\/span><\/li>\n<li style=\"font-weight: 400;\"><span style=\"font-weight: 400;\">2 plugs banana Nakamichi originais vermelhos<\/span><\/li>\n<\/ul>\n<p><b>Deseja uma quantidade maior de plugs?<\/b><span style=\"font-weight: 400;\"> Basta aumentar a quantidade no seu carrinho de compras!<\/span><\/p>","protected":false},"featured_media":45214,"comment_status":"closed","ping_status":"closed","template":"","meta":[],"product_brand":[],"product_cat":[18,22,515],"product_tag":[25,105,26],"class_list":{"0":"post-43931","1":"product","2":"type-product","3":"status-publish","4":"has-post-thumbnail","6":"product_cat-accessorios","7":"product_cat-audio","8":"product_cat-plugs","9":"product_tag-nakamichi","10":"product_tag-pin-2mm","11":"product_tag-plugs","12":"product_shipping_class-normal","14":"first","15":"onbackorder","16":"purchasable","17":"product-type-simple"},"yoast_head":"<!-- This site is optimized with the Yoast SEO plugin v27.4 - https:\/\/yoast.com\/product\/yoast-seo-wordpress\/ -->\n<title>4 Plugs Banana Nakamichi pin angel 2 mm - Rapidetech<\/title>\n<meta name=\"robots\" content=\"index, follow, max-snippet:-1, max-image-preview:large, max-video-preview:-1\" \/>\n<link rel=\"canonical\" href=\"https:\/\/rapidetech.com.br\/en\/product\/4-plugs-banana-nakamichi-pin-angel-2-mm\/\" \/>\n<meta property=\"og:locale\" content=\"en_US\" \/>\n<meta property=\"og:type\" content=\"article\" \/>\n<meta property=\"og:title\" content=\"4 Plugs Banana Nakamichi pin angel 2 mm - Rapidetech\" \/>\n<meta property=\"og:description\" content=\"\u00a0Plugs Banana Nakamichi Nova Liga\u00a0 2 mm pin angel Produto 100% original Nakamichi MADE IN JAPAN   Pacote com 2 plugs pretos + 2 plugs vermelhos\u00a0  Plugs da Nova Liga Nakamichi com maior durabilidade e resist\u00eancia \u00e0 corros\u00e3o  Pino de cobre revestido em ouro 24k  Aceita cabos de caixas de at\u00e9 4mm\u00b2  Conex\u00e3o por parafusos duplos - n\u00e3o necessita de solda  Conte\u00fado da embalagem:   2 plugs banana Nakamichi originais pretos  2 plugs banana Nakamichi originais vermelhos  Deseja uma quantidade maior de plugs? Basta aumentar a quantidade no seu carrinho de compras!\" \/>\n<meta property=\"og:url\" content=\"https:\/\/rapidetech.com.br\/en\/product\/4-plugs-banana-nakamichi-pin-angel-2-mm\/\" \/>\n<meta property=\"og:site_name\" content=\"Rapidetech\" \/>\n<meta property=\"article:modified_time\" content=\"2025-10-03T15:09:25+00:00\" \/>\n<meta property=\"og:image\" content=\"https:\/\/rapidetech.com.br\/wp-content\/uploads\/2021\/10\/AnyConv.com__DSC_3986-e1694003496282.webp\" \/>\n\t<meta property=\"og:image:width\" content=\"500\" \/>\n\t<meta property=\"og:image:height\" content=\"500\" \/>\n\t<meta property=\"og:image:type\" content=\"image\/webp\" \/>\n<meta name=\"twitter:card\" content=\"summary_large_image\" \/>\n<meta name=\"twitter:label1\" content=\"Est. reading time\" \/>\n\t<meta name=\"twitter:data1\" content=\"2 minutes\" \/>\n<script type=\"application\/ld+json\" class=\"yoast-schema-graph\">{\"@context\":\"https:\\\/\\\/schema.org\",\"@graph\":[{\"@type\":\"WebPage\",\"@id\":\"https:\\\/\\\/rapidetech.com.br\\\/produto\\\/4-plugs-banana-nakamichi-pin-angel-2-mm\\\/\",\"url\":\"https:\\\/\\\/rapidetech.com.br\\\/produto\\\/4-plugs-banana-nakamichi-pin-angel-2-mm\\\/\",\"name\":\"4 Plugs Banana Nakamichi pin angel 2 mm - Rapidetech\",\"isPartOf\":{\"@id\":\"https:\\\/\\\/rapidetech.com.br\\\/#website\"},\"primaryImageOfPage\":{\"@id\":\"https:\\\/\\\/rapidetech.com.br\\\/produto\\\/4-plugs-banana-nakamichi-pin-angel-2-mm\\\/#primaryimage\"},\"image\":{\"@id\":\"https:\\\/\\\/rapidetech.com.br\\\/produto\\\/4-plugs-banana-nakamichi-pin-angel-2-mm\\\/#primaryimage\"},\"thumbnailUrl\":\"https:\\\/\\\/rapidetech.com.br\\\/wp-content\\\/uploads\\\/2021\\\/10\\\/AnyConv.com__DSC_3986-e1694003496282.webp\",\"datePublished\":\"2021-10-13T15:57:37+00:00\",\"dateModified\":\"2025-10-03T15:09:25+00:00\",\"breadcrumb\":{\"@id\":\"https:\\\/\\\/rapidetech.com.br\\\/produto\\\/4-plugs-banana-nakamichi-pin-angel-2-mm\\\/#breadcrumb\"},\"inLanguage\":\"en-US\",\"potentialAction\":[{\"@type\":\"ReadAction\",\"target\":[\"https:\\\/\\\/rapidetech.com.br\\\/produto\\\/4-plugs-banana-nakamichi-pin-angel-2-mm\\\/\"]}]},{\"@type\":\"ImageObject\",\"inLanguage\":\"en-US\",\"@id\":\"https:\\\/\\\/rapidetech.com.br\\\/produto\\\/4-plugs-banana-nakamichi-pin-angel-2-mm\\\/#primaryimage\",\"url\":\"https:\\\/\\\/rapidetech.com.br\\\/wp-content\\\/uploads\\\/2021\\\/10\\\/AnyConv.com__DSC_3986-e1694003496282.webp\",\"contentUrl\":\"https:\\\/\\\/rapidetech.com.br\\\/wp-content\\\/uploads\\\/2021\\\/10\\\/AnyConv.com__DSC_3986-e1694003496282.webp\",\"width\":500,\"height\":500},{\"@type\":\"BreadcrumbList\",\"@id\":\"https:\\\/\\\/rapidetech.com.br\\\/produto\\\/4-plugs-banana-nakamichi-pin-angel-2-mm\\\/#breadcrumb\",\"itemListElement\":[{\"@type\":\"ListItem\",\"position\":1,\"name\":\"In\u00edcio\",\"item\":\"https:\\\/\\\/rapidetech.com.br\\\/\"},{\"@type\":\"ListItem\",\"position\":2,\"name\":\"Produtos\",\"item\":\"https:\\\/\\\/rapidetech.com.br\\\/produtos\\\/\"},{\"@type\":\"ListItem\",\"position\":3,\"name\":\"4 Plugs Banana Nakamichi pin angel 2 mm\"}]},{\"@type\":\"WebSite\",\"@id\":\"https:\\\/\\\/rapidetech.com.br\\\/#website\",\"url\":\"https:\\\/\\\/rapidetech.com.br\\\/\",\"name\":\"Rapidetech\",\"description\":\"Audio e video\",\"publisher\":{\"@id\":\"https:\\\/\\\/rapidetech.com.br\\\/#organization\"},\"potentialAction\":[{\"@type\":\"SearchAction\",\"target\":{\"@type\":\"EntryPoint\",\"urlTemplate\":\"https:\\\/\\\/rapidetech.com.br\\\/?s={search_term_string}\"},\"query-input\":{\"@type\":\"PropertyValueSpecification\",\"valueRequired\":true,\"valueName\":\"search_term_string\"}}],\"inLanguage\":\"en-US\"},{\"@type\":\"Organization\",\"@id\":\"https:\\\/\\\/rapidetech.com.br\\\/#organization\",\"name\":\"Rapidetech\",\"url\":\"https:\\\/\\\/rapidetech.com.br\\\/\",\"logo\":{\"@type\":\"ImageObject\",\"inLanguage\":\"en-US\",\"@id\":\"https:\\\/\\\/rapidetech.com.br\\\/#\\\/schema\\\/logo\\\/image\\\/\",\"url\":\"https:\\\/\\\/rapidetech.com.br\\\/wp-content\\\/uploads\\\/2022\\\/08\\\/RAPIDETECH-AUDIO-E-VIDEO.jpg\",\"contentUrl\":\"https:\\\/\\\/rapidetech.com.br\\\/wp-content\\\/uploads\\\/2022\\\/08\\\/RAPIDETECH-AUDIO-E-VIDEO.jpg\",\"width\":236,\"height\":213,\"caption\":\"Rapidetech\"},\"image\":{\"@id\":\"https:\\\/\\\/rapidetech.com.br\\\/#\\\/schema\\\/logo\\\/image\\\/\"},\"sameAs\":[\"https:\\\/\\\/rapidetech.com.br\\\/\",\"https:\\\/\\\/www.youtube.com\\\/channel\\\/UCQWlsTr9MvbqwWAekYtMNLQ\"]}]}<\/script>\n<!-- \/ Yoast SEO plugin. -->","yoast_head_json":{"title":"4 Plugs Banana Nakamichi pin angel 2 mm - Rapidetech","robots":{"index":"index","follow":"follow","max-snippet":"max-snippet:-1","max-image-preview":"max-image-preview:large","max-video-preview":"max-video-preview:-1"},"canonical":"https:\/\/rapidetech.com.br\/en\/product\/4-plugs-banana-nakamichi-pin-angel-2-mm\/","og_locale":"en_US","og_type":"article","og_title":"4 Plugs Banana Nakamichi pin angel 2 mm - Rapidetech","og_description":"\u00a0Plugs Banana Nakamichi Nova Liga\u00a0 2 mm pin angel Produto 100% original Nakamichi MADE IN JAPAN   Pacote com 2 plugs pretos + 2 plugs vermelhos\u00a0  Plugs da Nova Liga Nakamichi com maior durabilidade e resist\u00eancia \u00e0 corros\u00e3o  Pino de cobre revestido em ouro 24k  Aceita cabos de caixas de at\u00e9 4mm\u00b2  Conex\u00e3o por parafusos duplos - n\u00e3o necessita de solda  Conte\u00fado da embalagem:   2 plugs banana Nakamichi originais pretos  2 plugs banana Nakamichi originais vermelhos  Deseja uma quantidade maior de plugs? Basta aumentar a quantidade no seu carrinho de compras!","og_url":"https:\/\/rapidetech.com.br\/en\/product\/4-plugs-banana-nakamichi-pin-angel-2-mm\/","og_site_name":"Rapidetech","article_modified_time":"2025-10-03T15:09:25+00:00","og_image":[{"width":500,"height":500,"url":"https:\/\/rapidetech.com.br\/wp-content\/uploads\/2021\/10\/AnyConv.com__DSC_3986-e1694003496282.webp","type":"image\/webp"}],"twitter_card":"summary_large_image","twitter_misc":{"Est. reading time":"2 minutes"},"schema":{"@context":"https:\/\/schema.org","@graph":[{"@type":"WebPage","@id":"https:\/\/rapidetech.com.br\/produto\/4-plugs-banana-nakamichi-pin-angel-2-mm\/","url":"https:\/\/rapidetech.com.br\/produto\/4-plugs-banana-nakamichi-pin-angel-2-mm\/","name":"4 Plugs Banana Nakamichi pin angel 2 mm - Rapidetech","isPartOf":{"@id":"https:\/\/rapidetech.com.br\/#website"},"primaryImageOfPage":{"@id":"https:\/\/rapidetech.com.br\/produto\/4-plugs-banana-nakamichi-pin-angel-2-mm\/#primaryimage"},"image":{"@id":"https:\/\/rapidetech.com.br\/produto\/4-plugs-banana-nakamichi-pin-angel-2-mm\/#primaryimage"},"thumbnailUrl":"https:\/\/rapidetech.com.br\/wp-content\/uploads\/2021\/10\/AnyConv.com__DSC_3986-e1694003496282.webp","datePublished":"2021-10-13T15:57:37+00:00","dateModified":"2025-10-03T15:09:25+00:00","breadcrumb":{"@id":"https:\/\/rapidetech.com.br\/produto\/4-plugs-banana-nakamichi-pin-angel-2-mm\/#breadcrumb"},"inLanguage":"en-US","potentialAction":[{"@type":"ReadAction","target":["https:\/\/rapidetech.com.br\/produto\/4-plugs-banana-nakamichi-pin-angel-2-mm\/"]}]},{"@type":"ImageObject","inLanguage":"en-US","@id":"https:\/\/rapidetech.com.br\/produto\/4-plugs-banana-nakamichi-pin-angel-2-mm\/#primaryimage","url":"https:\/\/rapidetech.com.br\/wp-content\/uploads\/2021\/10\/AnyConv.com__DSC_3986-e1694003496282.webp","contentUrl":"https:\/\/rapidetech.com.br\/wp-content\/uploads\/2021\/10\/AnyConv.com__DSC_3986-e1694003496282.webp","width":500,"height":500},{"@type":"BreadcrumbList","@id":"https:\/\/rapidetech.com.br\/produto\/4-plugs-banana-nakamichi-pin-angel-2-mm\/#breadcrumb","itemListElement":[{"@type":"ListItem","position":1,"name":"In\u00edcio","item":"https:\/\/rapidetech.com.br\/"},{"@type":"ListItem","position":2,"name":"Produtos","item":"https:\/\/rapidetech.com.br\/produtos\/"},{"@type":"ListItem","position":3,"name":"4 Plugs Banana Nakamichi pin angel 2 mm"}]},{"@type":"WebSite","@id":"https:\/\/rapidetech.com.br\/#website","url":"https:\/\/rapidetech.com.br\/","name":"Rapidetech","description":"Audio e video","publisher":{"@id":"https:\/\/rapidetech.com.br\/#organization"},"potentialAction":[{"@type":"SearchAction","target":{"@type":"EntryPoint","urlTemplate":"https:\/\/rapidetech.com.br\/?s={search_term_string}"},"query-input":{"@type":"PropertyValueSpecification","valueRequired":true,"valueName":"search_term_string"}}],"inLanguage":"en-US"},{"@type":"Organization","@id":"https:\/\/rapidetech.com.br\/#organization","name":"Rapidetech","url":"https:\/\/rapidetech.com.br\/","logo":{"@type":"ImageObject","inLanguage":"en-US","@id":"https:\/\/rapidetech.com.br\/#\/schema\/logo\/image\/","url":"https:\/\/rapidetech.com.br\/wp-content\/uploads\/2022\/08\/RAPIDETECH-AUDIO-E-VIDEO.jpg","contentUrl":"https:\/\/rapidetech.com.br\/wp-content\/uploads\/2022\/08\/RAPIDETECH-AUDIO-E-VIDEO.jpg","width":236,"height":213,"caption":"Rapidetech"},"image":{"@id":"https:\/\/rapidetech.com.br\/#\/schema\/logo\/image\/"},"sameAs":["https:\/\/rapidetech.com.br\/","https:\/\/www.youtube.com\/channel\/UCQWlsTr9MvbqwWAekYtMNLQ"]}]}},"_links":{"self":[{"href":"https:\/\/rapidetech.com.br\/en\/wp-json\/wp\/v2\/product\/43931","targetHints":{"allow":["GET"]}}],"collection":[{"href":"https:\/\/rapidetech.com.br\/en\/wp-json\/wp\/v2\/product"}],"about":[{"href":"https:\/\/rapidetech.com.br\/en\/wp-json\/wp\/v2\/types\/product"}],"replies":[{"embeddable":true,"href":"https:\/\/rapidetech.com.br\/en\/wp-json\/wp\/v2\/comments?post=43931"}],"version-history":[{"count":0,"href":"https:\/\/rapidetech.com.br\/en\/wp-json\/wp\/v2\/product\/43931\/revisions"}],"wp:featuredmedia":[{"embeddable":true,"href":"https:\/\/rapidetech.com.br\/en\/wp-json\/wp\/v2\/media\/45214"}],"wp:attachment":[{"href":"https:\/\/rapidetech.com.br\/en\/wp-json\/wp\/v2\/media?parent=43931"}],"wp:term":[{"taxonomy":"product_brand","embeddable":true,"href":"https:\/\/rapidetech.com.br\/en\/wp-json\/wp\/v2\/product_brand?post=43931"},{"taxonomy":"product_cat","embeddable":true,"href":"https:\/\/rapidetech.com.br\/en\/wp-json\/wp\/v2\/product_cat?post=43931"},{"taxonomy":"product_tag","embeddable":true,"href":"https:\/\/rapidetech.com.br\/en\/wp-json\/wp\/v2\/product_tag?post=43931"}],"curies":[{"name":"wp","href":"https:\/\/api.w.org\/{rel}","templated":true}]}}