{"id":43963,"date":"2021-10-28T18:42:46","date_gmt":"2021-10-28T21:42:46","guid":{"rendered":"http:\/\/rapidetech.com.br\/?post_type=product&#038;p=43963"},"modified":"2025-11-28T09:38:14","modified_gmt":"2025-11-28T12:38:14","slug":"cabo-adaptador-tipo-c-x-displayport-8k-1m","status":"publish","type":"product","link":"https:\/\/rapidetech.com.br\/en\/product\/cabo-adaptador-tipo-c-x-displayport-8k-1m\/","title":{"rendered":"Cabo adaptador Tipo c X   displayport 1.4 8k  &#8211; 1m"},"content":{"rendered":"<h1>Novo Cabo tipo C\u00a0 x displayport 8k -1 metro<\/h1>\n<h3>*************************************************************<\/h3>\n<p>&nbsp;<\/p>\n<h3><em>Descri\u00e7\u00e3o do cabo\u00a0<\/em> :<\/h3>\n<p>1\u00a0 Cabo tipo C x de alta qualidade para transmissao de dados\u00a0 ,leitura audio e video ate 8 k ,permite transmissao de 2 monitores 4 k.<\/p>\n<p>Blindado de alta qualidade\u00a0 <span style=\"font-size: 10.5pt; font-family: 'Arial',sans-serif; color: #242424;\"><span style=\"font-size: 10.5pt; font-family: 'Arial',sans-serif; color: #242424;\">\u00a0<\/span><\/span><\/p>\n<p>Extens\u00e3o: 1 m<\/p>\n<p>&nbsp;<\/p>\n<p><em><strong>Conte\u00fado da embalagem:<\/strong><\/em><\/p>\n<p>Cabo multiuso\u00a0 tipo C x displayport 8k\u00a0 \u00a0&#8211; 1 m<\/p>\n<p>O Cabo tipo C tem alta qualidade de transmissao multipla de \u00e1udio e video \u00e9 ideal para efeito est\u00e9reo e realidade aumentada.<\/p>\n<p>O Cabo tipo C x displayport\u00a0 8k\u00a0 e ideal para conectar lap top a monitor 4k (permite 2 simultaneos) ou 1 monitor 8k\u00a0 .<\/p>\n<p>&nbsp;<\/p>","protected":false},"excerpt":{"rendered":"<h3>Cabo tipo C x display port 1.4 8k\u00a0 \u00a0:<\/h3>\n<ul>\n<li>Cabo tipo C x\u00a0 displayport 1.4 8k<\/li>\n<li>Blindado de alta qualidade<\/li>\n<li>Extens\u00e3o: 1 m<\/li>\n<\/ul>\n<p>Conte\u00fado da embalagem:<\/p>\n<ul>\n<li>Cabo tipo C\u00a0 x Displayport\u00a0 1.4\u00a0 8K<\/li>\n<\/ul>","protected":false},"featured_media":46409,"comment_status":"closed","ping_status":"closed","template":"","meta":[],"product_brand":[],"product_cat":[18,22,282,45,21],"product_tag":[94,36,93,95,57,97],"class_list":{"0":"post-43963","1":"product","2":"type-product","3":"status-publish","4":"has-post-thumbnail","6":"product_cat-accessorios","7":"product_cat-audio","8":"product_cat-cabos-pc","9":"product_cat-informatica","10":"product_cat-video","11":"product_tag-4k","12":"product_tag-8k","13":"product_tag-apple","14":"product_tag-cabo-tipo-c","15":"product_tag-monitor","16":"product_tag-thunderbolt-4","17":"product_shipping_class-normal","19":"first","20":"instock","21":"purchasable","22":"product-type-simple"},"yoast_head":"<!-- This site is optimized with the Yoast SEO plugin v27.4 - https:\/\/yoast.com\/product\/yoast-seo-wordpress\/ -->\n<title>Cabo adaptador Tipo c X  displayport 1.4 8k - 1m - Rapidetech<\/title>\n<meta name=\"robots\" content=\"index, follow, max-snippet:-1, max-image-preview:large, max-video-preview:-1\" \/>\n<link rel=\"canonical\" href=\"https:\/\/rapidetech.com.br\/en\/product\/cabo-adaptador-tipo-c-x-displayport-8k-1m\/\" \/>\n<meta property=\"og:locale\" content=\"en_US\" \/>\n<meta property=\"og:type\" content=\"article\" \/>\n<meta property=\"og:title\" content=\"Cabo adaptador Tipo c X  displayport 1.4 8k - 1m - Rapidetech\" \/>\n<meta property=\"og:description\" content=\"Cabo tipo C x display port 1.4 8k\u00a0 \u00a0:   Cabo tipo C x\u00a0 displayport 1.4 8k  Blindado de alta qualidade  Extens\u00e3o: 1 m  Conte\u00fado da embalagem:   Cabo tipo C\u00a0 x Displayport\u00a0 1.4\u00a0 8K\" \/>\n<meta property=\"og:url\" content=\"https:\/\/rapidetech.com.br\/en\/product\/cabo-adaptador-tipo-c-x-displayport-8k-1m\/\" \/>\n<meta property=\"og:site_name\" content=\"Rapidetech\" \/>\n<meta property=\"article:modified_time\" content=\"2025-11-28T12:38:14+00:00\" \/>\n<meta property=\"og:image\" content=\"https:\/\/rapidetech.com.br\/wp-content\/uploads\/2020\/01\/AnyConv.com__He4498a93dfaf4bbfa4e42e7e3e1c0258o.webp\" \/>\n\t<meta property=\"og:image:width\" content=\"1000\" \/>\n\t<meta property=\"og:image:height\" content=\"1000\" \/>\n\t<meta property=\"og:image:type\" content=\"image\/webp\" \/>\n<meta name=\"twitter:card\" content=\"summary_large_image\" \/>\n<meta name=\"twitter:label1\" content=\"Est. reading time\" \/>\n\t<meta name=\"twitter:data1\" content=\"1 minute\" \/>\n<script type=\"application\/ld+json\" class=\"yoast-schema-graph\">{\"@context\":\"https:\\\/\\\/schema.org\",\"@graph\":[{\"@type\":\"WebPage\",\"@id\":\"https:\\\/\\\/rapidetech.com.br\\\/produto\\\/cabo-adaptador-tipo-c-x-displayport-8k-1m\\\/\",\"url\":\"https:\\\/\\\/rapidetech.com.br\\\/produto\\\/cabo-adaptador-tipo-c-x-displayport-8k-1m\\\/\",\"name\":\"Cabo adaptador Tipo c X displayport 1.4 8k - 1m - Rapidetech\",\"isPartOf\":{\"@id\":\"https:\\\/\\\/rapidetech.com.br\\\/#website\"},\"primaryImageOfPage\":{\"@id\":\"https:\\\/\\\/rapidetech.com.br\\\/produto\\\/cabo-adaptador-tipo-c-x-displayport-8k-1m\\\/#primaryimage\"},\"image\":{\"@id\":\"https:\\\/\\\/rapidetech.com.br\\\/produto\\\/cabo-adaptador-tipo-c-x-displayport-8k-1m\\\/#primaryimage\"},\"thumbnailUrl\":\"https:\\\/\\\/rapidetech.com.br\\\/wp-content\\\/uploads\\\/2020\\\/01\\\/AnyConv.com__He4498a93dfaf4bbfa4e42e7e3e1c0258o.webp\",\"datePublished\":\"2021-10-28T21:42:46+00:00\",\"dateModified\":\"2025-11-28T12:38:14+00:00\",\"breadcrumb\":{\"@id\":\"https:\\\/\\\/rapidetech.com.br\\\/produto\\\/cabo-adaptador-tipo-c-x-displayport-8k-1m\\\/#breadcrumb\"},\"inLanguage\":\"en-US\",\"potentialAction\":[{\"@type\":\"ReadAction\",\"target\":[\"https:\\\/\\\/rapidetech.com.br\\\/produto\\\/cabo-adaptador-tipo-c-x-displayport-8k-1m\\\/\"]}]},{\"@type\":\"ImageObject\",\"inLanguage\":\"en-US\",\"@id\":\"https:\\\/\\\/rapidetech.com.br\\\/produto\\\/cabo-adaptador-tipo-c-x-displayport-8k-1m\\\/#primaryimage\",\"url\":\"https:\\\/\\\/rapidetech.com.br\\\/wp-content\\\/uploads\\\/2020\\\/01\\\/AnyConv.com__He4498a93dfaf4bbfa4e42e7e3e1c0258o.webp\",\"contentUrl\":\"https:\\\/\\\/rapidetech.com.br\\\/wp-content\\\/uploads\\\/2020\\\/01\\\/AnyConv.com__He4498a93dfaf4bbfa4e42e7e3e1c0258o.webp\",\"width\":1000,\"height\":1000},{\"@type\":\"BreadcrumbList\",\"@id\":\"https:\\\/\\\/rapidetech.com.br\\\/produto\\\/cabo-adaptador-tipo-c-x-displayport-8k-1m\\\/#breadcrumb\",\"itemListElement\":[{\"@type\":\"ListItem\",\"position\":1,\"name\":\"In\u00edcio\",\"item\":\"https:\\\/\\\/rapidetech.com.br\\\/\"},{\"@type\":\"ListItem\",\"position\":2,\"name\":\"Produtos\",\"item\":\"https:\\\/\\\/rapidetech.com.br\\\/produtos\\\/\"},{\"@type\":\"ListItem\",\"position\":3,\"name\":\"Cabo adaptador Tipo c X displayport 1.4 8k &#8211; 1m\"}]},{\"@type\":\"WebSite\",\"@id\":\"https:\\\/\\\/rapidetech.com.br\\\/#website\",\"url\":\"https:\\\/\\\/rapidetech.com.br\\\/\",\"name\":\"Rapidetech\",\"description\":\"Audio e video\",\"publisher\":{\"@id\":\"https:\\\/\\\/rapidetech.com.br\\\/#organization\"},\"potentialAction\":[{\"@type\":\"SearchAction\",\"target\":{\"@type\":\"EntryPoint\",\"urlTemplate\":\"https:\\\/\\\/rapidetech.com.br\\\/?s={search_term_string}\"},\"query-input\":{\"@type\":\"PropertyValueSpecification\",\"valueRequired\":true,\"valueName\":\"search_term_string\"}}],\"inLanguage\":\"en-US\"},{\"@type\":\"Organization\",\"@id\":\"https:\\\/\\\/rapidetech.com.br\\\/#organization\",\"name\":\"Rapidetech\",\"url\":\"https:\\\/\\\/rapidetech.com.br\\\/\",\"logo\":{\"@type\":\"ImageObject\",\"inLanguage\":\"en-US\",\"@id\":\"https:\\\/\\\/rapidetech.com.br\\\/#\\\/schema\\\/logo\\\/image\\\/\",\"url\":\"https:\\\/\\\/rapidetech.com.br\\\/wp-content\\\/uploads\\\/2022\\\/08\\\/RAPIDETECH-AUDIO-E-VIDEO.jpg\",\"contentUrl\":\"https:\\\/\\\/rapidetech.com.br\\\/wp-content\\\/uploads\\\/2022\\\/08\\\/RAPIDETECH-AUDIO-E-VIDEO.jpg\",\"width\":236,\"height\":213,\"caption\":\"Rapidetech\"},\"image\":{\"@id\":\"https:\\\/\\\/rapidetech.com.br\\\/#\\\/schema\\\/logo\\\/image\\\/\"},\"sameAs\":[\"https:\\\/\\\/rapidetech.com.br\\\/\",\"https:\\\/\\\/www.youtube.com\\\/channel\\\/UCQWlsTr9MvbqwWAekYtMNLQ\"]}]}<\/script>\n<!-- \/ Yoast SEO plugin. -->","yoast_head_json":{"title":"Cabo adaptador Tipo c X  displayport 1.4 8k - 1m - Rapidetech","robots":{"index":"index","follow":"follow","max-snippet":"max-snippet:-1","max-image-preview":"max-image-preview:large","max-video-preview":"max-video-preview:-1"},"canonical":"https:\/\/rapidetech.com.br\/en\/product\/cabo-adaptador-tipo-c-x-displayport-8k-1m\/","og_locale":"en_US","og_type":"article","og_title":"Cabo adaptador Tipo c X  displayport 1.4 8k - 1m - Rapidetech","og_description":"Cabo tipo C x display port 1.4 8k\u00a0 \u00a0:   Cabo tipo C x\u00a0 displayport 1.4 8k  Blindado de alta qualidade  Extens\u00e3o: 1 m  Conte\u00fado da embalagem:   Cabo tipo C\u00a0 x Displayport\u00a0 1.4\u00a0 8K","og_url":"https:\/\/rapidetech.com.br\/en\/product\/cabo-adaptador-tipo-c-x-displayport-8k-1m\/","og_site_name":"Rapidetech","article_modified_time":"2025-11-28T12:38:14+00:00","og_image":[{"width":1000,"height":1000,"url":"https:\/\/rapidetech.com.br\/wp-content\/uploads\/2020\/01\/AnyConv.com__He4498a93dfaf4bbfa4e42e7e3e1c0258o.webp","type":"image\/webp"}],"twitter_card":"summary_large_image","twitter_misc":{"Est. reading time":"1 minute"},"schema":{"@context":"https:\/\/schema.org","@graph":[{"@type":"WebPage","@id":"https:\/\/rapidetech.com.br\/produto\/cabo-adaptador-tipo-c-x-displayport-8k-1m\/","url":"https:\/\/rapidetech.com.br\/produto\/cabo-adaptador-tipo-c-x-displayport-8k-1m\/","name":"Cabo adaptador Tipo c X displayport 1.4 8k - 1m - Rapidetech","isPartOf":{"@id":"https:\/\/rapidetech.com.br\/#website"},"primaryImageOfPage":{"@id":"https:\/\/rapidetech.com.br\/produto\/cabo-adaptador-tipo-c-x-displayport-8k-1m\/#primaryimage"},"image":{"@id":"https:\/\/rapidetech.com.br\/produto\/cabo-adaptador-tipo-c-x-displayport-8k-1m\/#primaryimage"},"thumbnailUrl":"https:\/\/rapidetech.com.br\/wp-content\/uploads\/2020\/01\/AnyConv.com__He4498a93dfaf4bbfa4e42e7e3e1c0258o.webp","datePublished":"2021-10-28T21:42:46+00:00","dateModified":"2025-11-28T12:38:14+00:00","breadcrumb":{"@id":"https:\/\/rapidetech.com.br\/produto\/cabo-adaptador-tipo-c-x-displayport-8k-1m\/#breadcrumb"},"inLanguage":"en-US","potentialAction":[{"@type":"ReadAction","target":["https:\/\/rapidetech.com.br\/produto\/cabo-adaptador-tipo-c-x-displayport-8k-1m\/"]}]},{"@type":"ImageObject","inLanguage":"en-US","@id":"https:\/\/rapidetech.com.br\/produto\/cabo-adaptador-tipo-c-x-displayport-8k-1m\/#primaryimage","url":"https:\/\/rapidetech.com.br\/wp-content\/uploads\/2020\/01\/AnyConv.com__He4498a93dfaf4bbfa4e42e7e3e1c0258o.webp","contentUrl":"https:\/\/rapidetech.com.br\/wp-content\/uploads\/2020\/01\/AnyConv.com__He4498a93dfaf4bbfa4e42e7e3e1c0258o.webp","width":1000,"height":1000},{"@type":"BreadcrumbList","@id":"https:\/\/rapidetech.com.br\/produto\/cabo-adaptador-tipo-c-x-displayport-8k-1m\/#breadcrumb","itemListElement":[{"@type":"ListItem","position":1,"name":"In\u00edcio","item":"https:\/\/rapidetech.com.br\/"},{"@type":"ListItem","position":2,"name":"Produtos","item":"https:\/\/rapidetech.com.br\/produtos\/"},{"@type":"ListItem","position":3,"name":"Cabo adaptador Tipo c X displayport 1.4 8k &#8211; 1m"}]},{"@type":"WebSite","@id":"https:\/\/rapidetech.com.br\/#website","url":"https:\/\/rapidetech.com.br\/","name":"Rapidetech","description":"Audio e video","publisher":{"@id":"https:\/\/rapidetech.com.br\/#organization"},"potentialAction":[{"@type":"SearchAction","target":{"@type":"EntryPoint","urlTemplate":"https:\/\/rapidetech.com.br\/?s={search_term_string}"},"query-input":{"@type":"PropertyValueSpecification","valueRequired":true,"valueName":"search_term_string"}}],"inLanguage":"en-US"},{"@type":"Organization","@id":"https:\/\/rapidetech.com.br\/#organization","name":"Rapidetech","url":"https:\/\/rapidetech.com.br\/","logo":{"@type":"ImageObject","inLanguage":"en-US","@id":"https:\/\/rapidetech.com.br\/#\/schema\/logo\/image\/","url":"https:\/\/rapidetech.com.br\/wp-content\/uploads\/2022\/08\/RAPIDETECH-AUDIO-E-VIDEO.jpg","contentUrl":"https:\/\/rapidetech.com.br\/wp-content\/uploads\/2022\/08\/RAPIDETECH-AUDIO-E-VIDEO.jpg","width":236,"height":213,"caption":"Rapidetech"},"image":{"@id":"https:\/\/rapidetech.com.br\/#\/schema\/logo\/image\/"},"sameAs":["https:\/\/rapidetech.com.br\/","https:\/\/www.youtube.com\/channel\/UCQWlsTr9MvbqwWAekYtMNLQ"]}]}},"_links":{"self":[{"href":"https:\/\/rapidetech.com.br\/en\/wp-json\/wp\/v2\/product\/43963","targetHints":{"allow":["GET"]}}],"collection":[{"href":"https:\/\/rapidetech.com.br\/en\/wp-json\/wp\/v2\/product"}],"about":[{"href":"https:\/\/rapidetech.com.br\/en\/wp-json\/wp\/v2\/types\/product"}],"replies":[{"embeddable":true,"href":"https:\/\/rapidetech.com.br\/en\/wp-json\/wp\/v2\/comments?post=43963"}],"version-history":[{"count":0,"href":"https:\/\/rapidetech.com.br\/en\/wp-json\/wp\/v2\/product\/43963\/revisions"}],"wp:featuredmedia":[{"embeddable":true,"href":"https:\/\/rapidetech.com.br\/en\/wp-json\/wp\/v2\/media\/46409"}],"wp:attachment":[{"href":"https:\/\/rapidetech.com.br\/en\/wp-json\/wp\/v2\/media?parent=43963"}],"wp:term":[{"taxonomy":"product_brand","embeddable":true,"href":"https:\/\/rapidetech.com.br\/en\/wp-json\/wp\/v2\/product_brand?post=43963"},{"taxonomy":"product_cat","embeddable":true,"href":"https:\/\/rapidetech.com.br\/en\/wp-json\/wp\/v2\/product_cat?post=43963"},{"taxonomy":"product_tag","embeddable":true,"href":"https:\/\/rapidetech.com.br\/en\/wp-json\/wp\/v2\/product_tag?post=43963"}],"curies":[{"name":"wp","href":"https:\/\/api.w.org\/{rel}","templated":true}]}}