{"id":44027,"date":"2021-11-16T18:31:04","date_gmt":"2021-11-16T21:31:04","guid":{"rendered":"http:\/\/rapidetech.com.br\/?post_type=product&#038;p=44027"},"modified":"2024-12-06T09:34:03","modified_gmt":"2024-12-06T12:34:03","slug":"cabo-tipo-c-x-tipo-c-pd-100-w-ugreen-2-m","status":"publish","type":"product","link":"https:\/\/rapidetech.com.br\/en\/product\/cabo-tipo-c-x-tipo-c-pd-100-w-ugreen-2-m\/","title":{"rendered":"Cabo Tipo c x Tipo c  pd 100 w  Ugreen\/   macbook pro Apple &#8211; 2 m"},"content":{"rendered":"<h1>Novo Cabo tipo C\u00a0 x tipo C\u00a0 pd 100 w &#8211; 2 metros<\/h1>\n<h3>Descri\u00e7\u00e3o do cabo\u00a0 :<\/h3>\n<ul>\n<li>1\u00a0 Cabo tipo c x tipo c\u00a0 de alta qualidade para transmissao de dados e carregamento ate 100 w.<\/li>\n<li>Blindado de alta qualidade\u00a0 <span style=\"font-size: 10.5pt; font-family: 'Arial',sans-serif; color: #242424;\"><span style=\"font-size: 10.5pt; font-family: 'Arial',sans-serif; color: #242424;\">\u00a0<\/span><\/span><\/li>\n<li style=\"line-height: 16.5pt; background: white;\"><span style=\"font-size: 10.5pt; font-family: 'Arial',sans-serif; color: #242424;\">Dissipa\u00e7\u00e3o de Ru\u00eddos (NDS) , imagem mais nitida , polivalencia de telas\u00a0<\/span><\/li>\n<li>Extens\u00e3o: 2 m<\/li>\n<\/ul>\n<p>Conte\u00fado da embalagem:<\/p>\n<p>Cabo multiuso\u00a0 Tipo c\u00a0 &#8211; 2 m<\/p>\n<p>O Cabo tipo c tem alta qualidade de transmissao multipla de \u00e1udio e video \u00e9 ideal para efeito est\u00e9reo e realidade aumentada.<\/p>\n<p>O Cabo tipo c x tipo c e ideal para conectar lap top a monitor 4k (permite 2 simultaneos) ou 1 monitor 8k\u00a0 .<\/p>\n<p>&nbsp;<\/p>","protected":false},"excerpt":{"rendered":"<h3>Novo Cabo tipo c\u00a0 x tipo c\u00a0 Ugreen pd 100 w top de alta qualidade\u00a0 \u00a0:<\/h3>\n<ul>\n<li>Cabo tipo c x tipo c<\/li>\n<li>Blindado de alta qualidade<\/li>\n<li>Extens\u00e3o: 2 m<\/li>\n<\/ul>\n<p>Conte\u00fado da embalagem:<\/p>\n<ul>\n<li>Cabo tipo c x tipo c<\/li>\n<\/ul>","protected":false},"featured_media":46754,"comment_status":"closed","ping_status":"closed","template":"","meta":[],"product_brand":[],"product_cat":[18,22,116,45,21],"product_tag":[94,36,93,95,57,97],"class_list":{"0":"post-44027","1":"product","2":"type-product","3":"status-publish","4":"has-post-thumbnail","6":"product_cat-accessorios","7":"product_cat-audio","8":"product_cat-celulares","9":"product_cat-informatica","10":"product_cat-video","11":"product_tag-4k","12":"product_tag-8k","13":"product_tag-apple","14":"product_tag-cabo-tipo-c","15":"product_tag-monitor","16":"product_tag-thunderbolt-4","17":"product_shipping_class-normal","19":"first","20":"outofstock","21":"purchasable","22":"product-type-simple"},"yoast_head":"<!-- This site is optimized with the Yoast SEO plugin v27.5 - https:\/\/yoast.com\/product\/yoast-seo-wordpress\/ -->\n<title>Cabo Tipo c x Tipo c pd 100 w Ugreen\/  macbook pro Apple - 2 m - Rapidetech<\/title>\n<meta name=\"robots\" content=\"index, follow, max-snippet:-1, max-image-preview:large, max-video-preview:-1\" \/>\n<link rel=\"canonical\" href=\"https:\/\/rapidetech.com.br\/en\/product\/cabo-tipo-c-x-tipo-c-pd-100-w-ugreen-2-m\/\" \/>\n<meta property=\"og:locale\" content=\"en_US\" \/>\n<meta property=\"og:type\" content=\"article\" \/>\n<meta property=\"og:title\" content=\"Cabo Tipo c x Tipo c pd 100 w Ugreen\/  macbook pro Apple - 2 m - Rapidetech\" \/>\n<meta property=\"og:description\" content=\"Novo Cabo tipo c\u00a0 x tipo c\u00a0 Ugreen pd 100 w top de alta qualidade\u00a0 \u00a0:   Cabo tipo c x tipo c  Blindado de alta qualidade  Extens\u00e3o: 2 m  Conte\u00fado da embalagem:   Cabo tipo c x tipo c\" \/>\n<meta property=\"og:url\" content=\"https:\/\/rapidetech.com.br\/en\/product\/cabo-tipo-c-x-tipo-c-pd-100-w-ugreen-2-m\/\" \/>\n<meta property=\"og:site_name\" content=\"Rapidetech\" \/>\n<meta property=\"article:modified_time\" content=\"2024-12-06T12:34:03+00:00\" \/>\n<meta property=\"og:image\" content=\"https:\/\/rapidetech.com.br\/wp-content\/uploads\/2021\/11\/AnyConv.com__jpeg_1-Copia-e1698456925404.webp\" \/>\n\t<meta property=\"og:image:width\" content=\"600\" \/>\n\t<meta property=\"og:image:height\" content=\"600\" \/>\n\t<meta property=\"og:image:type\" content=\"image\/webp\" \/>\n<meta name=\"twitter:card\" content=\"summary_large_image\" \/>\n<meta name=\"twitter:label1\" content=\"Est. reading time\" \/>\n\t<meta name=\"twitter:data1\" content=\"2 minutes\" \/>\n<script type=\"application\/ld+json\" class=\"yoast-schema-graph\">{\"@context\":\"https:\\\/\\\/schema.org\",\"@graph\":[{\"@type\":\"WebPage\",\"@id\":\"https:\\\/\\\/rapidetech.com.br\\\/produto\\\/cabo-tipo-c-x-tipo-c-pd-100-w-ugreen-2-m\\\/\",\"url\":\"https:\\\/\\\/rapidetech.com.br\\\/produto\\\/cabo-tipo-c-x-tipo-c-pd-100-w-ugreen-2-m\\\/\",\"name\":\"Cabo Tipo c x Tipo c pd 100 w Ugreen\\\/ macbook pro Apple - 2 m - Rapidetech\",\"isPartOf\":{\"@id\":\"https:\\\/\\\/rapidetech.com.br\\\/#website\"},\"primaryImageOfPage\":{\"@id\":\"https:\\\/\\\/rapidetech.com.br\\\/produto\\\/cabo-tipo-c-x-tipo-c-pd-100-w-ugreen-2-m\\\/#primaryimage\"},\"image\":{\"@id\":\"https:\\\/\\\/rapidetech.com.br\\\/produto\\\/cabo-tipo-c-x-tipo-c-pd-100-w-ugreen-2-m\\\/#primaryimage\"},\"thumbnailUrl\":\"https:\\\/\\\/rapidetech.com.br\\\/wp-content\\\/uploads\\\/2021\\\/11\\\/AnyConv.com__jpeg_1-Copia-e1698456925404.webp\",\"datePublished\":\"2021-11-16T21:31:04+00:00\",\"dateModified\":\"2024-12-06T12:34:03+00:00\",\"breadcrumb\":{\"@id\":\"https:\\\/\\\/rapidetech.com.br\\\/produto\\\/cabo-tipo-c-x-tipo-c-pd-100-w-ugreen-2-m\\\/#breadcrumb\"},\"inLanguage\":\"en-US\",\"potentialAction\":[{\"@type\":\"ReadAction\",\"target\":[\"https:\\\/\\\/rapidetech.com.br\\\/produto\\\/cabo-tipo-c-x-tipo-c-pd-100-w-ugreen-2-m\\\/\"]}]},{\"@type\":\"ImageObject\",\"inLanguage\":\"en-US\",\"@id\":\"https:\\\/\\\/rapidetech.com.br\\\/produto\\\/cabo-tipo-c-x-tipo-c-pd-100-w-ugreen-2-m\\\/#primaryimage\",\"url\":\"https:\\\/\\\/rapidetech.com.br\\\/wp-content\\\/uploads\\\/2021\\\/11\\\/AnyConv.com__jpeg_1-Copia-e1698456925404.webp\",\"contentUrl\":\"https:\\\/\\\/rapidetech.com.br\\\/wp-content\\\/uploads\\\/2021\\\/11\\\/AnyConv.com__jpeg_1-Copia-e1698456925404.webp\",\"width\":600,\"height\":600},{\"@type\":\"BreadcrumbList\",\"@id\":\"https:\\\/\\\/rapidetech.com.br\\\/produto\\\/cabo-tipo-c-x-tipo-c-pd-100-w-ugreen-2-m\\\/#breadcrumb\",\"itemListElement\":[{\"@type\":\"ListItem\",\"position\":1,\"name\":\"In\u00edcio\",\"item\":\"https:\\\/\\\/rapidetech.com.br\\\/\"},{\"@type\":\"ListItem\",\"position\":2,\"name\":\"Produtos\",\"item\":\"https:\\\/\\\/rapidetech.com.br\\\/produtos\\\/\"},{\"@type\":\"ListItem\",\"position\":3,\"name\":\"Cabo Tipo c x Tipo c pd 100 w Ugreen\\\/ macbook pro Apple &#8211; 2 m\"}]},{\"@type\":\"WebSite\",\"@id\":\"https:\\\/\\\/rapidetech.com.br\\\/#website\",\"url\":\"https:\\\/\\\/rapidetech.com.br\\\/\",\"name\":\"Rapidetech\",\"description\":\"Audio e video\",\"publisher\":{\"@id\":\"https:\\\/\\\/rapidetech.com.br\\\/#organization\"},\"potentialAction\":[{\"@type\":\"SearchAction\",\"target\":{\"@type\":\"EntryPoint\",\"urlTemplate\":\"https:\\\/\\\/rapidetech.com.br\\\/?s={search_term_string}\"},\"query-input\":{\"@type\":\"PropertyValueSpecification\",\"valueRequired\":true,\"valueName\":\"search_term_string\"}}],\"inLanguage\":\"en-US\"},{\"@type\":\"Organization\",\"@id\":\"https:\\\/\\\/rapidetech.com.br\\\/#organization\",\"name\":\"Rapidetech\",\"url\":\"https:\\\/\\\/rapidetech.com.br\\\/\",\"logo\":{\"@type\":\"ImageObject\",\"inLanguage\":\"en-US\",\"@id\":\"https:\\\/\\\/rapidetech.com.br\\\/#\\\/schema\\\/logo\\\/image\\\/\",\"url\":\"https:\\\/\\\/rapidetech.com.br\\\/wp-content\\\/uploads\\\/2022\\\/08\\\/RAPIDETECH-AUDIO-E-VIDEO.jpg\",\"contentUrl\":\"https:\\\/\\\/rapidetech.com.br\\\/wp-content\\\/uploads\\\/2022\\\/08\\\/RAPIDETECH-AUDIO-E-VIDEO.jpg\",\"width\":236,\"height\":213,\"caption\":\"Rapidetech\"},\"image\":{\"@id\":\"https:\\\/\\\/rapidetech.com.br\\\/#\\\/schema\\\/logo\\\/image\\\/\"},\"sameAs\":[\"https:\\\/\\\/rapidetech.com.br\\\/\",\"https:\\\/\\\/www.youtube.com\\\/channel\\\/UCQWlsTr9MvbqwWAekYtMNLQ\"]}]}<\/script>\n<!-- \/ Yoast SEO plugin. -->","yoast_head_json":{"title":"Cabo Tipo c x Tipo c pd 100 w Ugreen\/  macbook pro Apple - 2 m - Rapidetech","robots":{"index":"index","follow":"follow","max-snippet":"max-snippet:-1","max-image-preview":"max-image-preview:large","max-video-preview":"max-video-preview:-1"},"canonical":"https:\/\/rapidetech.com.br\/en\/product\/cabo-tipo-c-x-tipo-c-pd-100-w-ugreen-2-m\/","og_locale":"en_US","og_type":"article","og_title":"Cabo Tipo c x Tipo c pd 100 w Ugreen\/  macbook pro Apple - 2 m - Rapidetech","og_description":"Novo Cabo tipo c\u00a0 x tipo c\u00a0 Ugreen pd 100 w top de alta qualidade\u00a0 \u00a0:   Cabo tipo c x tipo c  Blindado de alta qualidade  Extens\u00e3o: 2 m  Conte\u00fado da embalagem:   Cabo tipo c x tipo c","og_url":"https:\/\/rapidetech.com.br\/en\/product\/cabo-tipo-c-x-tipo-c-pd-100-w-ugreen-2-m\/","og_site_name":"Rapidetech","article_modified_time":"2024-12-06T12:34:03+00:00","og_image":[{"width":600,"height":600,"url":"https:\/\/rapidetech.com.br\/wp-content\/uploads\/2021\/11\/AnyConv.com__jpeg_1-Copia-e1698456925404.webp","type":"image\/webp"}],"twitter_card":"summary_large_image","twitter_misc":{"Est. reading time":"2 minutes"},"schema":{"@context":"https:\/\/schema.org","@graph":[{"@type":"WebPage","@id":"https:\/\/rapidetech.com.br\/produto\/cabo-tipo-c-x-tipo-c-pd-100-w-ugreen-2-m\/","url":"https:\/\/rapidetech.com.br\/produto\/cabo-tipo-c-x-tipo-c-pd-100-w-ugreen-2-m\/","name":"Cabo Tipo c x Tipo c pd 100 w Ugreen\/ macbook pro Apple - 2 m - Rapidetech","isPartOf":{"@id":"https:\/\/rapidetech.com.br\/#website"},"primaryImageOfPage":{"@id":"https:\/\/rapidetech.com.br\/produto\/cabo-tipo-c-x-tipo-c-pd-100-w-ugreen-2-m\/#primaryimage"},"image":{"@id":"https:\/\/rapidetech.com.br\/produto\/cabo-tipo-c-x-tipo-c-pd-100-w-ugreen-2-m\/#primaryimage"},"thumbnailUrl":"https:\/\/rapidetech.com.br\/wp-content\/uploads\/2021\/11\/AnyConv.com__jpeg_1-Copia-e1698456925404.webp","datePublished":"2021-11-16T21:31:04+00:00","dateModified":"2024-12-06T12:34:03+00:00","breadcrumb":{"@id":"https:\/\/rapidetech.com.br\/produto\/cabo-tipo-c-x-tipo-c-pd-100-w-ugreen-2-m\/#breadcrumb"},"inLanguage":"en-US","potentialAction":[{"@type":"ReadAction","target":["https:\/\/rapidetech.com.br\/produto\/cabo-tipo-c-x-tipo-c-pd-100-w-ugreen-2-m\/"]}]},{"@type":"ImageObject","inLanguage":"en-US","@id":"https:\/\/rapidetech.com.br\/produto\/cabo-tipo-c-x-tipo-c-pd-100-w-ugreen-2-m\/#primaryimage","url":"https:\/\/rapidetech.com.br\/wp-content\/uploads\/2021\/11\/AnyConv.com__jpeg_1-Copia-e1698456925404.webp","contentUrl":"https:\/\/rapidetech.com.br\/wp-content\/uploads\/2021\/11\/AnyConv.com__jpeg_1-Copia-e1698456925404.webp","width":600,"height":600},{"@type":"BreadcrumbList","@id":"https:\/\/rapidetech.com.br\/produto\/cabo-tipo-c-x-tipo-c-pd-100-w-ugreen-2-m\/#breadcrumb","itemListElement":[{"@type":"ListItem","position":1,"name":"In\u00edcio","item":"https:\/\/rapidetech.com.br\/"},{"@type":"ListItem","position":2,"name":"Produtos","item":"https:\/\/rapidetech.com.br\/produtos\/"},{"@type":"ListItem","position":3,"name":"Cabo Tipo c x Tipo c pd 100 w Ugreen\/ macbook pro Apple &#8211; 2 m"}]},{"@type":"WebSite","@id":"https:\/\/rapidetech.com.br\/#website","url":"https:\/\/rapidetech.com.br\/","name":"Rapidetech","description":"Audio e video","publisher":{"@id":"https:\/\/rapidetech.com.br\/#organization"},"potentialAction":[{"@type":"SearchAction","target":{"@type":"EntryPoint","urlTemplate":"https:\/\/rapidetech.com.br\/?s={search_term_string}"},"query-input":{"@type":"PropertyValueSpecification","valueRequired":true,"valueName":"search_term_string"}}],"inLanguage":"en-US"},{"@type":"Organization","@id":"https:\/\/rapidetech.com.br\/#organization","name":"Rapidetech","url":"https:\/\/rapidetech.com.br\/","logo":{"@type":"ImageObject","inLanguage":"en-US","@id":"https:\/\/rapidetech.com.br\/#\/schema\/logo\/image\/","url":"https:\/\/rapidetech.com.br\/wp-content\/uploads\/2022\/08\/RAPIDETECH-AUDIO-E-VIDEO.jpg","contentUrl":"https:\/\/rapidetech.com.br\/wp-content\/uploads\/2022\/08\/RAPIDETECH-AUDIO-E-VIDEO.jpg","width":236,"height":213,"caption":"Rapidetech"},"image":{"@id":"https:\/\/rapidetech.com.br\/#\/schema\/logo\/image\/"},"sameAs":["https:\/\/rapidetech.com.br\/","https:\/\/www.youtube.com\/channel\/UCQWlsTr9MvbqwWAekYtMNLQ"]}]}},"_links":{"self":[{"href":"https:\/\/rapidetech.com.br\/en\/wp-json\/wp\/v2\/product\/44027","targetHints":{"allow":["GET"]}}],"collection":[{"href":"https:\/\/rapidetech.com.br\/en\/wp-json\/wp\/v2\/product"}],"about":[{"href":"https:\/\/rapidetech.com.br\/en\/wp-json\/wp\/v2\/types\/product"}],"replies":[{"embeddable":true,"href":"https:\/\/rapidetech.com.br\/en\/wp-json\/wp\/v2\/comments?post=44027"}],"version-history":[{"count":0,"href":"https:\/\/rapidetech.com.br\/en\/wp-json\/wp\/v2\/product\/44027\/revisions"}],"wp:featuredmedia":[{"embeddable":true,"href":"https:\/\/rapidetech.com.br\/en\/wp-json\/wp\/v2\/media\/46754"}],"wp:attachment":[{"href":"https:\/\/rapidetech.com.br\/en\/wp-json\/wp\/v2\/media?parent=44027"}],"wp:term":[{"taxonomy":"product_brand","embeddable":true,"href":"https:\/\/rapidetech.com.br\/en\/wp-json\/wp\/v2\/product_brand?post=44027"},{"taxonomy":"product_cat","embeddable":true,"href":"https:\/\/rapidetech.com.br\/en\/wp-json\/wp\/v2\/product_cat?post=44027"},{"taxonomy":"product_tag","embeddable":true,"href":"https:\/\/rapidetech.com.br\/en\/wp-json\/wp\/v2\/product_tag?post=44027"}],"curies":[{"name":"wp","href":"https:\/\/api.w.org\/{rel}","templated":true}]}}