{"id":44217,"date":"2022-06-03T14:03:21","date_gmt":"2022-06-03T17:03:21","guid":{"rendered":"http:\/\/rapidetech.com.br\/?post_type=product&#038;p=44217"},"modified":"2025-12-07T18:33:07","modified_gmt":"2025-12-07T21:33:07","slug":"1-par-de-cabos-de-interconexao-rca-candas-hexlink-5c-com-plugs-nakamichi-8-00-mm-cobre-puro-high-end-05-m","status":"publish","type":"product","link":"https:\/\/rapidetech.com.br\/en\/product\/1-par-de-cabos-de-interconexao-rca-candas-hexlink-5c-com-plugs-nakamichi-8-00-mm-cobre-puro-high-end-05-m\/","title":{"rendered":"1 Par de Cabos interconexao RCA Candas hexlink 5c com plugs Nakamichi   8.00 mm cobre puro high end &#8211; 0,5 m\u00a0"},"content":{"rendered":"<h1>\u00a0Par de Cabos Cardas Hexlink 5 c com plugs Nakamichi RCA<\/h1>\n<h2>Descri\u00e7\u00e3o do cabo :<\/h2>\n<ul>\n<li>Novo cabo RCA de audio com blindagem reforcada<\/li>\n<li>vers\u00e3o OF8N Audiophile serie 8.00mm<\/li>\n<li>Revestido e blindado svpe<\/li>\n<li>Comprimento : 0.5 metros<\/li>\n<li>Cobre de alta pureza,o2 free<\/li>\n<\/ul>\n<p>Este cabo rca\u00a0 de alta qualidade\u00a0 reduz o ru\u00eddo de todo o sistema com din\u00e2mica mais ampla, ritmo melhorado e ganhos globais al\u00e9m da expectativa. \u00c9 uma combina\u00e7\u00e3o perfeita para o subwoofer ativo , amplificador, leitor de cd, dac e todos os componentes hi fi ou streamer top ou pc gamer .<\/p>\n<ul>\n<li>Di\u00e2metro do cabo: 8 mm<\/li>\n<li>Material do cabo: cobre puro super multi pot\u00eancia do condutor<\/li>\n<li>Cobertura externa do cabo: sleeving expans\u00edvel tran\u00e7ado duplo<\/li>\n<\/ul>\n<h3>Conte\u00fado da embalagem:<\/h3>\n<ul>\n<li>0.5\u00a0 m<\/li>\n<\/ul>\n<h3>Novo cabo rca\u00a0 \u00e9 compat\u00edvel com todos equipamentos de audio padrao analogico e digital :<\/h3>\n<ul>\n<li>Receiver,cd player ,amplificador,subwoofer ,pc gamer<\/li>\n<\/ul>\n<p>&nbsp;<\/p>","protected":false},"excerpt":{"rendered":"<h3><\/h3>\n<h3>1 par de Cabos rca Cardas Hexlink 5c de alta qualidade com plugs Nakamichi\u00a0 :<\/h3>\n<ul>\n<li>Novo cabo coaxial Cardas Hexlink 5 c Made in Usa com plugs Nakamichi Rca (Made in Japan) serve para amplificador,receiver,subwoofer,cd player ,equipamentos musicais etc&#8230;<\/li>\n<li>Comprimento : 0,5\u00a0 metros<\/li>\n<li>Cobre de alta pureza, O2 free<\/li>\n<li>O.B.S A cor dos plugs dos terminais do cabo podem ser ALEATORIA\u00a0 isto e branca,vermelha ou preta.<\/li>\n<\/ul>\n<p>&nbsp;<\/p>\n<p><strong>Conte\u00fado da embalagem:<\/strong><\/p>\n<ul>\n<li>1 par de cabos Carda Hexlink 5 c com 2 plugs Nakamichi RCA\u00a0 Made in Japan ,cada ,nas extremidades<\/li>\n<li>Comprimento: 0, 5 M<\/li>\n<\/ul>","protected":false},"featured_media":46065,"comment_status":"open","ping_status":"closed","template":"","meta":[],"product_brand":[],"product_cat":[18,22,21],"product_tag":[92,119,60],"class_list":{"0":"post-44217","1":"product","2":"type-product","3":"status-publish","4":"has-post-thumbnail","6":"product_cat-accessorios","7":"product_cat-audio","8":"product_cat-video","9":"product_tag-audio","10":"product_tag-cabo-subwoofer","11":"product_tag-caixas","12":"product_shipping_class-normal","14":"first","15":"instock","16":"featured","17":"purchasable","18":"product-type-simple"},"yoast_head":"<!-- This site is optimized with the Yoast SEO plugin v27.4 - https:\/\/yoast.com\/product\/yoast-seo-wordpress\/ -->\n<title>1 Par de Cabos interconexao RCA Candas hexlink 5c com plugs Nakamichi  8.00 mm cobre puro high end - 0,5 m\u00a0 - Rapidetech<\/title>\n<meta name=\"description\" content=\"&quot;Desfrute de qualidade de \u00e1udio excepcional com o nosso 1 Par de Cabos Interconex\u00e3o RCA Candas Hexlink 5C. Com plugs Nakamichi de alta qualidade, esses cabos de 0,5 metros de comprimento proporcionam uma liga\u00e7\u00e3o confi\u00e1vel entre os seus dispositivos de \u00e1udio. Com 8,00 mm de espessura e constru\u00e7\u00e3o em cobre puro de alta qualidade, voc\u00ea experimentar\u00e1 um som cristalino e sem interfer\u00eancias, tornando-os ideais para sistemas de \u00e1udio de alta fidelidade e home theaters de alta gama. Eleve a sua experi\u00eancia sonora com esses cabos de interconex\u00e3o de alta qualidade.&quot;\" \/>\n<meta name=\"robots\" content=\"index, follow, max-snippet:-1, max-image-preview:large, max-video-preview:-1\" \/>\n<link rel=\"canonical\" href=\"https:\/\/rapidetech.com.br\/en\/product\/1-par-de-cabos-de-interconexao-rca-candas-hexlink-5c-com-plugs-nakamichi-8-00-mm-cobre-puro-high-end-05-m\/\" \/>\n<meta property=\"og:locale\" content=\"en_US\" \/>\n<meta property=\"og:type\" content=\"article\" \/>\n<meta property=\"og:title\" content=\"1 Par de Cabos interconexao RCA Candas hexlink 5c com plugs Nakamichi  8.00 mm cobre puro high end - 0,5 m\u00a0 - Rapidetech\" \/>\n<meta property=\"og:description\" content=\"&quot;Desfrute de qualidade de \u00e1udio excepcional com o nosso 1 Par de Cabos Interconex\u00e3o RCA Candas Hexlink 5C. Com plugs Nakamichi de alta qualidade, esses cabos de 0,5 metros de comprimento proporcionam uma liga\u00e7\u00e3o confi\u00e1vel entre os seus dispositivos de \u00e1udio. Com 8,00 mm de espessura e constru\u00e7\u00e3o em cobre puro de alta qualidade, voc\u00ea experimentar\u00e1 um som cristalino e sem interfer\u00eancias, tornando-os ideais para sistemas de \u00e1udio de alta fidelidade e home theaters de alta gama. Eleve a sua experi\u00eancia sonora com esses cabos de interconex\u00e3o de alta qualidade.&quot;\" \/>\n<meta property=\"og:url\" content=\"https:\/\/rapidetech.com.br\/en\/product\/1-par-de-cabos-de-interconexao-rca-candas-hexlink-5c-com-plugs-nakamichi-8-00-mm-cobre-puro-high-end-05-m\/\" \/>\n<meta property=\"og:site_name\" content=\"Rapidetech\" \/>\n<meta property=\"article:modified_time\" content=\"2025-12-07T21:33:07+00:00\" \/>\n<meta property=\"og:image\" content=\"https:\/\/rapidetech.com.br\/wp-content\/uploads\/2022\/06\/AnyConv.com__H9e581a0c28d04e3aaafef2f28f9ac91dI-Copia-Copia-e1699443919741.webp\" \/>\n\t<meta property=\"og:image:width\" content=\"600\" \/>\n\t<meta property=\"og:image:height\" content=\"600\" \/>\n\t<meta property=\"og:image:type\" content=\"image\/webp\" \/>\n<meta name=\"twitter:card\" content=\"summary_large_image\" \/>\n<meta name=\"twitter:label1\" content=\"Est. reading time\" \/>\n\t<meta name=\"twitter:data1\" content=\"1 minute\" \/>\n<script type=\"application\/ld+json\" class=\"yoast-schema-graph\">{\"@context\":\"https:\\\/\\\/schema.org\",\"@graph\":[{\"@type\":\"WebPage\",\"@id\":\"https:\\\/\\\/rapidetech.com.br\\\/produto\\\/1-par-de-cabos-de-interconexao-rca-candas-hexlink-5c-com-plugs-nakamichi-8-00-mm-cobre-puro-high-end-05-m\\\/\",\"url\":\"https:\\\/\\\/rapidetech.com.br\\\/produto\\\/1-par-de-cabos-de-interconexao-rca-candas-hexlink-5c-com-plugs-nakamichi-8-00-mm-cobre-puro-high-end-05-m\\\/\",\"name\":\"1 Par de Cabos interconexao RCA Candas hexlink 5c com plugs Nakamichi 8.00 mm cobre puro high end - 0,5 m\u00a0 - Rapidetech\",\"isPartOf\":{\"@id\":\"https:\\\/\\\/rapidetech.com.br\\\/#website\"},\"primaryImageOfPage\":{\"@id\":\"https:\\\/\\\/rapidetech.com.br\\\/produto\\\/1-par-de-cabos-de-interconexao-rca-candas-hexlink-5c-com-plugs-nakamichi-8-00-mm-cobre-puro-high-end-05-m\\\/#primaryimage\"},\"image\":{\"@id\":\"https:\\\/\\\/rapidetech.com.br\\\/produto\\\/1-par-de-cabos-de-interconexao-rca-candas-hexlink-5c-com-plugs-nakamichi-8-00-mm-cobre-puro-high-end-05-m\\\/#primaryimage\"},\"thumbnailUrl\":\"https:\\\/\\\/rapidetech.com.br\\\/wp-content\\\/uploads\\\/2022\\\/06\\\/AnyConv.com__H9e581a0c28d04e3aaafef2f28f9ac91dI-Copia-Copia-e1699443919741.webp\",\"datePublished\":\"2022-06-03T17:03:21+00:00\",\"dateModified\":\"2025-12-07T21:33:07+00:00\",\"description\":\"\\\"Desfrute de qualidade de \u00e1udio excepcional com o nosso 1 Par de Cabos Interconex\u00e3o RCA Candas Hexlink 5C. Com plugs Nakamichi de alta qualidade, esses cabos de 0,5 metros de comprimento proporcionam uma liga\u00e7\u00e3o confi\u00e1vel entre os seus dispositivos de \u00e1udio. Com 8,00 mm de espessura e constru\u00e7\u00e3o em cobre puro de alta qualidade, voc\u00ea experimentar\u00e1 um som cristalino e sem interfer\u00eancias, tornando-os ideais para sistemas de \u00e1udio de alta fidelidade e home theaters de alta gama. Eleve a sua experi\u00eancia sonora com esses cabos de interconex\u00e3o de alta qualidade.\\\"\",\"breadcrumb\":{\"@id\":\"https:\\\/\\\/rapidetech.com.br\\\/produto\\\/1-par-de-cabos-de-interconexao-rca-candas-hexlink-5c-com-plugs-nakamichi-8-00-mm-cobre-puro-high-end-05-m\\\/#breadcrumb\"},\"inLanguage\":\"en-US\",\"potentialAction\":[{\"@type\":\"ReadAction\",\"target\":[\"https:\\\/\\\/rapidetech.com.br\\\/produto\\\/1-par-de-cabos-de-interconexao-rca-candas-hexlink-5c-com-plugs-nakamichi-8-00-mm-cobre-puro-high-end-05-m\\\/\"]}]},{\"@type\":\"ImageObject\",\"inLanguage\":\"en-US\",\"@id\":\"https:\\\/\\\/rapidetech.com.br\\\/produto\\\/1-par-de-cabos-de-interconexao-rca-candas-hexlink-5c-com-plugs-nakamichi-8-00-mm-cobre-puro-high-end-05-m\\\/#primaryimage\",\"url\":\"https:\\\/\\\/rapidetech.com.br\\\/wp-content\\\/uploads\\\/2022\\\/06\\\/AnyConv.com__H9e581a0c28d04e3aaafef2f28f9ac91dI-Copia-Copia-e1699443919741.webp\",\"contentUrl\":\"https:\\\/\\\/rapidetech.com.br\\\/wp-content\\\/uploads\\\/2022\\\/06\\\/AnyConv.com__H9e581a0c28d04e3aaafef2f28f9ac91dI-Copia-Copia-e1699443919741.webp\",\"width\":600,\"height\":600},{\"@type\":\"BreadcrumbList\",\"@id\":\"https:\\\/\\\/rapidetech.com.br\\\/produto\\\/1-par-de-cabos-de-interconexao-rca-candas-hexlink-5c-com-plugs-nakamichi-8-00-mm-cobre-puro-high-end-05-m\\\/#breadcrumb\",\"itemListElement\":[{\"@type\":\"ListItem\",\"position\":1,\"name\":\"In\u00edcio\",\"item\":\"https:\\\/\\\/rapidetech.com.br\\\/\"},{\"@type\":\"ListItem\",\"position\":2,\"name\":\"Produtos\",\"item\":\"https:\\\/\\\/rapidetech.com.br\\\/produtos\\\/\"},{\"@type\":\"ListItem\",\"position\":3,\"name\":\"1 Par de Cabos interconexao RCA Candas hexlink 5c com plugs Nakamichi 8.00 mm cobre puro high end &#8211; 0,5 m\u00a0\"}]},{\"@type\":\"WebSite\",\"@id\":\"https:\\\/\\\/rapidetech.com.br\\\/#website\",\"url\":\"https:\\\/\\\/rapidetech.com.br\\\/\",\"name\":\"Rapidetech\",\"description\":\"Audio e video\",\"publisher\":{\"@id\":\"https:\\\/\\\/rapidetech.com.br\\\/#organization\"},\"potentialAction\":[{\"@type\":\"SearchAction\",\"target\":{\"@type\":\"EntryPoint\",\"urlTemplate\":\"https:\\\/\\\/rapidetech.com.br\\\/?s={search_term_string}\"},\"query-input\":{\"@type\":\"PropertyValueSpecification\",\"valueRequired\":true,\"valueName\":\"search_term_string\"}}],\"inLanguage\":\"en-US\"},{\"@type\":\"Organization\",\"@id\":\"https:\\\/\\\/rapidetech.com.br\\\/#organization\",\"name\":\"Rapidetech\",\"url\":\"https:\\\/\\\/rapidetech.com.br\\\/\",\"logo\":{\"@type\":\"ImageObject\",\"inLanguage\":\"en-US\",\"@id\":\"https:\\\/\\\/rapidetech.com.br\\\/#\\\/schema\\\/logo\\\/image\\\/\",\"url\":\"https:\\\/\\\/rapidetech.com.br\\\/wp-content\\\/uploads\\\/2022\\\/08\\\/RAPIDETECH-AUDIO-E-VIDEO.jpg\",\"contentUrl\":\"https:\\\/\\\/rapidetech.com.br\\\/wp-content\\\/uploads\\\/2022\\\/08\\\/RAPIDETECH-AUDIO-E-VIDEO.jpg\",\"width\":236,\"height\":213,\"caption\":\"Rapidetech\"},\"image\":{\"@id\":\"https:\\\/\\\/rapidetech.com.br\\\/#\\\/schema\\\/logo\\\/image\\\/\"},\"sameAs\":[\"https:\\\/\\\/rapidetech.com.br\\\/\",\"https:\\\/\\\/www.youtube.com\\\/channel\\\/UCQWlsTr9MvbqwWAekYtMNLQ\"]}]}<\/script>\n<!-- \/ Yoast SEO plugin. -->","yoast_head_json":{"title":"1 Par de Cabos interconexao RCA Candas hexlink 5c com plugs Nakamichi  8.00 mm cobre puro high end - 0,5 m\u00a0 - Rapidetech","description":"\"Desfrute de qualidade de \\u00e1udio excepcional com o nosso 1 Par de Cabos Interconex\\u00e3o RCA Candas Hexlink 5C. Com plugs Nakamichi de alta qualidade, esses cabos de 0,5 metros de comprimento proporcionam uma liga\\u00e7\\u00e3o confi\\u00e1vel entre os seus dispositivos de \\u00e1udio. Com 8,00 mm de espessura e constru\\u00e7\\u00e3o em cobre puro de alta qualidade, voc\\u00ea experimentar\\u00e1 um som cristalino e sem interfer\\u00eancias, tornando-os ideais para sistemas de \\u00e1udio de alta fidelidade e home theaters de alta gama. Eleve a sua experi\\u00eancia sonora com esses cabos de interconex\\u00e3o de alta qualidade.\"","robots":{"index":"index","follow":"follow","max-snippet":"max-snippet:-1","max-image-preview":"max-image-preview:large","max-video-preview":"max-video-preview:-1"},"canonical":"https:\/\/rapidetech.com.br\/en\/product\/1-par-de-cabos-de-interconexao-rca-candas-hexlink-5c-com-plugs-nakamichi-8-00-mm-cobre-puro-high-end-05-m\/","og_locale":"en_US","og_type":"article","og_title":"1 Par de Cabos interconexao RCA Candas hexlink 5c com plugs Nakamichi  8.00 mm cobre puro high end - 0,5 m\u00a0 - Rapidetech","og_description":"\"Desfrute de qualidade de \u00e1udio excepcional com o nosso 1 Par de Cabos Interconex\u00e3o RCA Candas Hexlink 5C. Com plugs Nakamichi de alta qualidade, esses cabos de 0,5 metros de comprimento proporcionam uma liga\u00e7\u00e3o confi\u00e1vel entre os seus dispositivos de \u00e1udio. Com 8,00 mm de espessura e constru\u00e7\u00e3o em cobre puro de alta qualidade, voc\u00ea experimentar\u00e1 um som cristalino e sem interfer\u00eancias, tornando-os ideais para sistemas de \u00e1udio de alta fidelidade e home theaters de alta gama. Eleve a sua experi\u00eancia sonora com esses cabos de interconex\u00e3o de alta qualidade.\"","og_url":"https:\/\/rapidetech.com.br\/en\/product\/1-par-de-cabos-de-interconexao-rca-candas-hexlink-5c-com-plugs-nakamichi-8-00-mm-cobre-puro-high-end-05-m\/","og_site_name":"Rapidetech","article_modified_time":"2025-12-07T21:33:07+00:00","og_image":[{"width":600,"height":600,"url":"https:\/\/rapidetech.com.br\/wp-content\/uploads\/2022\/06\/AnyConv.com__H9e581a0c28d04e3aaafef2f28f9ac91dI-Copia-Copia-e1699443919741.webp","type":"image\/webp"}],"twitter_card":"summary_large_image","twitter_misc":{"Est. reading time":"1 minute"},"schema":{"@context":"https:\/\/schema.org","@graph":[{"@type":"WebPage","@id":"https:\/\/rapidetech.com.br\/produto\/1-par-de-cabos-de-interconexao-rca-candas-hexlink-5c-com-plugs-nakamichi-8-00-mm-cobre-puro-high-end-05-m\/","url":"https:\/\/rapidetech.com.br\/produto\/1-par-de-cabos-de-interconexao-rca-candas-hexlink-5c-com-plugs-nakamichi-8-00-mm-cobre-puro-high-end-05-m\/","name":"1 Par de Cabos interconexao RCA Candas hexlink 5c com plugs Nakamichi 8.00 mm cobre puro high end - 0,5 m\u00a0 - Rapidetech","isPartOf":{"@id":"https:\/\/rapidetech.com.br\/#website"},"primaryImageOfPage":{"@id":"https:\/\/rapidetech.com.br\/produto\/1-par-de-cabos-de-interconexao-rca-candas-hexlink-5c-com-plugs-nakamichi-8-00-mm-cobre-puro-high-end-05-m\/#primaryimage"},"image":{"@id":"https:\/\/rapidetech.com.br\/produto\/1-par-de-cabos-de-interconexao-rca-candas-hexlink-5c-com-plugs-nakamichi-8-00-mm-cobre-puro-high-end-05-m\/#primaryimage"},"thumbnailUrl":"https:\/\/rapidetech.com.br\/wp-content\/uploads\/2022\/06\/AnyConv.com__H9e581a0c28d04e3aaafef2f28f9ac91dI-Copia-Copia-e1699443919741.webp","datePublished":"2022-06-03T17:03:21+00:00","dateModified":"2025-12-07T21:33:07+00:00","description":"\"Desfrute de qualidade de \\u00e1udio excepcional com o nosso 1 Par de Cabos Interconex\\u00e3o RCA Candas Hexlink 5C. Com plugs Nakamichi de alta qualidade, esses cabos de 0,5 metros de comprimento proporcionam uma liga\\u00e7\\u00e3o confi\\u00e1vel entre os seus dispositivos de \\u00e1udio. Com 8,00 mm de espessura e constru\\u00e7\\u00e3o em cobre puro de alta qualidade, voc\\u00ea experimentar\\u00e1 um som cristalino e sem interfer\\u00eancias, tornando-os ideais para sistemas de \\u00e1udio de alta fidelidade e home theaters de alta gama. Eleve a sua experi\\u00eancia sonora com esses cabos de interconex\\u00e3o de alta qualidade.\"","breadcrumb":{"@id":"https:\/\/rapidetech.com.br\/produto\/1-par-de-cabos-de-interconexao-rca-candas-hexlink-5c-com-plugs-nakamichi-8-00-mm-cobre-puro-high-end-05-m\/#breadcrumb"},"inLanguage":"en-US","potentialAction":[{"@type":"ReadAction","target":["https:\/\/rapidetech.com.br\/produto\/1-par-de-cabos-de-interconexao-rca-candas-hexlink-5c-com-plugs-nakamichi-8-00-mm-cobre-puro-high-end-05-m\/"]}]},{"@type":"ImageObject","inLanguage":"en-US","@id":"https:\/\/rapidetech.com.br\/produto\/1-par-de-cabos-de-interconexao-rca-candas-hexlink-5c-com-plugs-nakamichi-8-00-mm-cobre-puro-high-end-05-m\/#primaryimage","url":"https:\/\/rapidetech.com.br\/wp-content\/uploads\/2022\/06\/AnyConv.com__H9e581a0c28d04e3aaafef2f28f9ac91dI-Copia-Copia-e1699443919741.webp","contentUrl":"https:\/\/rapidetech.com.br\/wp-content\/uploads\/2022\/06\/AnyConv.com__H9e581a0c28d04e3aaafef2f28f9ac91dI-Copia-Copia-e1699443919741.webp","width":600,"height":600},{"@type":"BreadcrumbList","@id":"https:\/\/rapidetech.com.br\/produto\/1-par-de-cabos-de-interconexao-rca-candas-hexlink-5c-com-plugs-nakamichi-8-00-mm-cobre-puro-high-end-05-m\/#breadcrumb","itemListElement":[{"@type":"ListItem","position":1,"name":"In\u00edcio","item":"https:\/\/rapidetech.com.br\/"},{"@type":"ListItem","position":2,"name":"Produtos","item":"https:\/\/rapidetech.com.br\/produtos\/"},{"@type":"ListItem","position":3,"name":"1 Par de Cabos interconexao RCA Candas hexlink 5c com plugs Nakamichi 8.00 mm cobre puro high end &#8211; 0,5 m\u00a0"}]},{"@type":"WebSite","@id":"https:\/\/rapidetech.com.br\/#website","url":"https:\/\/rapidetech.com.br\/","name":"Rapidetech","description":"Audio e video","publisher":{"@id":"https:\/\/rapidetech.com.br\/#organization"},"potentialAction":[{"@type":"SearchAction","target":{"@type":"EntryPoint","urlTemplate":"https:\/\/rapidetech.com.br\/?s={search_term_string}"},"query-input":{"@type":"PropertyValueSpecification","valueRequired":true,"valueName":"search_term_string"}}],"inLanguage":"en-US"},{"@type":"Organization","@id":"https:\/\/rapidetech.com.br\/#organization","name":"Rapidetech","url":"https:\/\/rapidetech.com.br\/","logo":{"@type":"ImageObject","inLanguage":"en-US","@id":"https:\/\/rapidetech.com.br\/#\/schema\/logo\/image\/","url":"https:\/\/rapidetech.com.br\/wp-content\/uploads\/2022\/08\/RAPIDETECH-AUDIO-E-VIDEO.jpg","contentUrl":"https:\/\/rapidetech.com.br\/wp-content\/uploads\/2022\/08\/RAPIDETECH-AUDIO-E-VIDEO.jpg","width":236,"height":213,"caption":"Rapidetech"},"image":{"@id":"https:\/\/rapidetech.com.br\/#\/schema\/logo\/image\/"},"sameAs":["https:\/\/rapidetech.com.br\/","https:\/\/www.youtube.com\/channel\/UCQWlsTr9MvbqwWAekYtMNLQ"]}]}},"_links":{"self":[{"href":"https:\/\/rapidetech.com.br\/en\/wp-json\/wp\/v2\/product\/44217","targetHints":{"allow":["GET"]}}],"collection":[{"href":"https:\/\/rapidetech.com.br\/en\/wp-json\/wp\/v2\/product"}],"about":[{"href":"https:\/\/rapidetech.com.br\/en\/wp-json\/wp\/v2\/types\/product"}],"replies":[{"embeddable":true,"href":"https:\/\/rapidetech.com.br\/en\/wp-json\/wp\/v2\/comments?post=44217"}],"version-history":[{"count":0,"href":"https:\/\/rapidetech.com.br\/en\/wp-json\/wp\/v2\/product\/44217\/revisions"}],"wp:featuredmedia":[{"embeddable":true,"href":"https:\/\/rapidetech.com.br\/en\/wp-json\/wp\/v2\/media\/46065"}],"wp:attachment":[{"href":"https:\/\/rapidetech.com.br\/en\/wp-json\/wp\/v2\/media?parent=44217"}],"wp:term":[{"taxonomy":"product_brand","embeddable":true,"href":"https:\/\/rapidetech.com.br\/en\/wp-json\/wp\/v2\/product_brand?post=44217"},{"taxonomy":"product_cat","embeddable":true,"href":"https:\/\/rapidetech.com.br\/en\/wp-json\/wp\/v2\/product_cat?post=44217"},{"taxonomy":"product_tag","embeddable":true,"href":"https:\/\/rapidetech.com.br\/en\/wp-json\/wp\/v2\/product_tag?post=44217"}],"curies":[{"name":"wp","href":"https:\/\/api.w.org\/{rel}","templated":true}]}}