{"id":44230,"date":"2022-06-15T18:51:46","date_gmt":"2022-06-15T21:51:46","guid":{"rendered":"http:\/\/rapidetech.com.br\/?post_type=product&#038;p=44230"},"modified":"2024-12-06T09:33:57","modified_gmt":"2024-12-06T12:33:57","slug":"adaptador-dock-thunderbolt3-usb-c-hdmi-p-macbook-air-pro-m1","status":"publish","type":"product","link":"https:\/\/rapidetech.com.br\/en\/product\/adaptador-dock-thunderbolt3-usb-c-hdmi-p-macbook-air-pro-m1\/","title":{"rendered":"Adaptador Dock Thunderbolt 3 Usb C Hdmi P\/ Macbook Air Pro M1"},"content":{"rendered":"<h1><strong>Adaptador Dock Thunderbolt 3 Usb C Hdmi P\/ Macbook Air Pro M1<\/strong><\/h1>\n<h2>Descri\u00e7\u00e3o<\/h2>\n<ul>\n<li>Material: Liga de alum\u00ednio + Pl\u00e1stico<br \/>\nHub 8 em 1 USB-C BASEUS C\/ HDMI + 3 USB 3.0 + RJ45 + SD + TFInterfaces:<br \/>\n1 Cabo conector USB 3.1 Tipo-C<br \/>\n3 Porta USB 3.0 Tipo A<br \/>\n1 Porta de sa\u00edda HDMI 4K \/ 30hz<br \/>\n1 Porta RJ45 1Gb &#8211; 1000mbps\/100mbps\/10mbps<br \/>\n1 Porta SD Card &#8211; 60 MB\/s<br \/>\n1 Porta TF Card &#8211; 60 MB\/s<br \/>\n1 Porta USB-C PD 100W Fast Charge(Max)<\/li>\n<\/ul>\n<h2>Conte\u00fado da embalagem:<\/h2>\n<ul>\n<li>embalagem original lacrada<\/li>\n<li>1 Hub Baseus modelo 8 em 1<\/li>\n<\/ul>\n<h2>Hub Baseus 8 em 1 e\u00a0 compat\u00edvel com:<\/h2>\n<ul>\n<li>&#8211; Notebooks, Tablets e Smartphones com entrada USB-C Thunderbolt 3 \/ USB-C 3.2<br \/>\n-Permite que Estenda a Tela de seu equipamento e possa utilizar diversos telef\u00e9ricos atrav\u00e9s de suas diversas portas dispon\u00edveis: HDMI \/ RJ45 \/ USB 3.0 \/ SD \/ TF.<br \/>\n&#8211; Alta resolu\u00e7\u00e3o 4K HDMI 30 HZ &#8211; O adaptador C\/ HDMI USB C permite que voc\u00ea espelhe ou estenda a tela do seu MacBook \/ Outro dispositivo Usb Tipo-C para uma TV, monitor ou projetor com resolu\u00e7\u00e3o de at\u00e9 4K UHD.<br \/>\n-Transfer\u00eancia de dados com 3 portas USB 3.0 que suportam transfer\u00eancia de dados em velocidade de at\u00e9 5 Gbps e permitem que voc\u00ea conecte tr\u00eas perif\u00e9ricos simultaneamente, incluindo teclados, mouses, HD Externos, Etc.<br \/>\n&#8211; Interface de rede RJ45 1Gb permitindo conex\u00e3o cabeada com alta performance e expans\u00e3o de porta-Produto Compat\u00edvel com Notebook, Tablets, Smartphones ou qualquer equipamento que possua entrada USB-C Thunderbolt 3 ou USB C 3.2 Gen 2.MacBook Air M1<br \/>\nMacBook Pro M1<br \/>\nMac Mini M1<br \/>\nMacBook Pro 2020 Thunderbolt 3<br \/>\nMacBook Air 2020 Thunderbolt 3<br \/>\nMacBook Pro 2019<br \/>\nMacBook Air 2019<br \/>\nMacBook Air 2018<br \/>\nMacBook Pro 2018<br \/>\nMacBook Pro 2017<br \/>\nMacBook Pro 2016<br \/>\niMac C\/ Portas usb-c Thunderbolt 3.<br \/>\niPad Pro 2018, 2019, 2020 (12,9 polegadas, 5\u00aa gera\u00e7\u00e3o)<br \/>\niPad pro 2018, 2019, 2020 (11 polegadas, 3\u00aa gera\u00e7\u00e3o)<br \/>\niPad air 2020 (10.9 Polegadas)Smartphones Samsung:<br \/>\nFunciona Modo DEX os modelos: S8\/S8+, S9\/S9+, S10\/S10+, S20\/S20+, S20 Ultra 5G, S21, Note 9, Note10\/Note10+\/Note10+ 5G, Note 20\/Note 20 5G\/Note 20 Ultra\/Note 20 Ultra 5G) + Tablet Samsung Galax S7****N\u00e3o \u00e9 compat\u00edvel: S20 FE, S10 lite, note 10 lite, Tablet S6 LITE, ou Galaxy TAB A\/A7****Lenovo:<br \/>\nYoga5 Pro<br \/>\nYoga 900 13&#8242;<br \/>\nYoga 6 Pro<br \/>\nThinkPad X1 Carbon\/Yoga<br \/>\nAir 12<br \/>\nLenovo E490Dell:<br \/>\nG3\/G5\/G7 series<br \/>\nInspirion 5000<br \/>\nInspirion 7000<br \/>\nXPS13<br \/>\nXPS15Huawei:<br \/>\nMateBook X<br \/>\nMatebook X Pro (2019 Models)<br \/>\nMatebook E<br \/>\nMate 10,<br \/>\nMate 10 Pro,<br \/>\nP20,<br \/>\nP20 Pro HTC-Ultra,<br \/>\nHTC 10Xiaomi:<br \/>\nAir 12.5\/13.3-inch.<br \/>\nPro 15 (Enhanced Edition).ASUS:<br \/>\nLingyao X Series<br \/>\nU4100UN<br \/>\nU5100UQ<br \/>\nROG series<br \/>\nZenbook 3<br \/>\nU306<br \/>\nU4100<\/p>\n<p>Razer:<br \/>\nBlade, Blade Stealth<\/p>\n<p>Microsoft:<br \/>\nSuface Laptop 3, Suface Book 2<\/p>\n<p>Google:<br \/>\nChrome Book Pixels, Pixels book pen<\/p>\n<p>HUAWEI:<br \/>\nSuporte para Huawei Mate 10, Mate20\/Mate 20 Pro, Mate30\/Mate30 Pro, Mate40\/Mate40 Pro\/Mate40 Pro+, P20\/P20 Pro, P30\/P30 Pro, P40\/P40 Pro<\/p>\n<p>HONOR:<br \/>\n30\/30 Pro\/30 Pro+, V30\/V30 Pro, 20S, 20 Pro, Note 10<\/p>\n<p>Oneplus:<br \/>\n8\/8 Pro, 8T Pro;<\/p>\n<p>Microsoft:<br \/>\nSuface GO, Suface Pro 7<\/li>\n<\/ul>\n<p>&nbsp;<\/p>","protected":false},"excerpt":{"rendered":"<h2>HUB Baseus 8 em 1<\/h2>\n<h2><strong>Adaptador Dock Thunderbolt 3 Usb C Hdmi P\/ Macbook Air Pro M1<\/strong><\/h2>\n<ul>\n<li>1 Cabo conector USB 3.1 Tipo-C<br \/>\n3 Porta USB 3.0 Tipo A<br \/>\n1 Porta de sa\u00edda HDMI 4K \/ 30hz<br \/>\n1 Porta RJ45 1Gb &#8211; 1000mbps\/100mbps\/10mbps<br \/>\n1 Porta SD Card &#8211; 60 MB\/s<br \/>\n1 Porta TF Card &#8211; 60 MB\/s<br \/>\n1 Porta USB-C PD 100W Fast Charge(Max)<\/li>\n<\/ul>\n<p>&nbsp;<\/p>\n<p>&nbsp;<\/p>\n<p>Conte\u00fado da embalagem:<\/p>\n<ul>\n<li>Embalagem original lacrada<\/li>\n<li>Hub Baseus 8 em 1<\/li>\n<\/ul>\n<p>&nbsp;<\/p>","protected":false},"featured_media":46995,"comment_status":"closed","ping_status":"closed","template":"","meta":[],"product_brand":[],"product_cat":[37,45,21],"product_tag":[46,47,122,123,121,57,48,49],"class_list":{"0":"post-44230","1":"product","2":"type-product","3":"status-publish","4":"has-post-thumbnail","6":"product_cat-hdmi","7":"product_cat-informatica","8":"product_cat-video","9":"product_tag-cabo-de-rede","10":"product_tag-cat-8","11":"product_tag-laptop","12":"product_tag-leitor-de-cartoes","13":"product_tag-m1","14":"product_tag-monitor","15":"product_tag-roteador","16":"product_tag-xbox","17":"product_shipping_class-normal","19":"first","20":"outofstock","21":"purchasable","22":"product-type-simple"},"yoast_head":"<!-- This site is optimized with the Yoast SEO plugin v27.4 - https:\/\/yoast.com\/product\/yoast-seo-wordpress\/ -->\n<title>Adaptador Dock Thunderbolt 3 Usb C Hdmi P\/ Macbook Air Pro M1 - Rapidetech<\/title>\n<meta name=\"robots\" content=\"index, follow, max-snippet:-1, max-image-preview:large, max-video-preview:-1\" \/>\n<link rel=\"canonical\" href=\"https:\/\/rapidetech.com.br\/en\/product\/adaptador-dock-thunderbolt3-usb-c-hdmi-p-macbook-air-pro-m1\/\" \/>\n<meta property=\"og:locale\" content=\"en_US\" \/>\n<meta property=\"og:type\" content=\"article\" \/>\n<meta property=\"og:title\" content=\"Adaptador Dock Thunderbolt 3 Usb C Hdmi P\/ Macbook Air Pro M1 - Rapidetech\" \/>\n<meta property=\"og:description\" content=\"HUB Baseus 8 em 1 Adaptador Dock Thunderbolt 3 Usb C Hdmi P\/ Macbook Air Pro M1   1 Cabo conector USB 3.1 Tipo-C 3 Porta USB 3.0 Tipo A 1 Porta de sa\u00edda HDMI 4K \/ 30hz 1 Porta RJ45 1Gb - 1000mbps\/100mbps\/10mbps 1 Porta SD Card - 60 MB\/s 1 Porta TF Card - 60 MB\/s 1 Porta USB-C PD 100W Fast Charge(Max)  &nbsp;  &nbsp;  Conte\u00fado da embalagem:   Embalagem original lacrada  Hub Baseus 8 em 1  &nbsp;\" \/>\n<meta property=\"og:url\" content=\"https:\/\/rapidetech.com.br\/en\/product\/adaptador-dock-thunderbolt3-usb-c-hdmi-p-macbook-air-pro-m1\/\" \/>\n<meta property=\"og:site_name\" content=\"Rapidetech\" \/>\n<meta property=\"article:modified_time\" content=\"2024-12-06T12:33:57+00:00\" \/>\n<meta property=\"og:image\" content=\"https:\/\/rapidetech.com.br\/wp-content\/uploads\/2022\/06\/D_NQ_NP_2X_996092-MLB47137224633_082021-F-e1698367607618.webp\" \/>\n\t<meta property=\"og:image:width\" content=\"600\" \/>\n\t<meta property=\"og:image:height\" content=\"609\" \/>\n\t<meta property=\"og:image:type\" content=\"image\/webp\" \/>\n<meta name=\"twitter:card\" content=\"summary_large_image\" \/>\n<meta name=\"twitter:label1\" content=\"Est. reading time\" \/>\n\t<meta name=\"twitter:data1\" content=\"3 minutes\" \/>\n<script type=\"application\/ld+json\" class=\"yoast-schema-graph\">{\"@context\":\"https:\\\/\\\/schema.org\",\"@graph\":[{\"@type\":\"WebPage\",\"@id\":\"https:\\\/\\\/rapidetech.com.br\\\/produto\\\/adaptador-dock-thunderbolt3-usb-c-hdmi-p-macbook-air-pro-m1\\\/\",\"url\":\"https:\\\/\\\/rapidetech.com.br\\\/produto\\\/adaptador-dock-thunderbolt3-usb-c-hdmi-p-macbook-air-pro-m1\\\/\",\"name\":\"Adaptador Dock Thunderbolt 3 Usb C Hdmi P\\\/ Macbook Air Pro M1 - Rapidetech\",\"isPartOf\":{\"@id\":\"https:\\\/\\\/rapidetech.com.br\\\/#website\"},\"primaryImageOfPage\":{\"@id\":\"https:\\\/\\\/rapidetech.com.br\\\/produto\\\/adaptador-dock-thunderbolt3-usb-c-hdmi-p-macbook-air-pro-m1\\\/#primaryimage\"},\"image\":{\"@id\":\"https:\\\/\\\/rapidetech.com.br\\\/produto\\\/adaptador-dock-thunderbolt3-usb-c-hdmi-p-macbook-air-pro-m1\\\/#primaryimage\"},\"thumbnailUrl\":\"https:\\\/\\\/rapidetech.com.br\\\/wp-content\\\/uploads\\\/2022\\\/06\\\/D_NQ_NP_2X_996092-MLB47137224633_082021-F-e1698367607618.webp\",\"datePublished\":\"2022-06-15T21:51:46+00:00\",\"dateModified\":\"2024-12-06T12:33:57+00:00\",\"breadcrumb\":{\"@id\":\"https:\\\/\\\/rapidetech.com.br\\\/produto\\\/adaptador-dock-thunderbolt3-usb-c-hdmi-p-macbook-air-pro-m1\\\/#breadcrumb\"},\"inLanguage\":\"en-US\",\"potentialAction\":[{\"@type\":\"ReadAction\",\"target\":[\"https:\\\/\\\/rapidetech.com.br\\\/produto\\\/adaptador-dock-thunderbolt3-usb-c-hdmi-p-macbook-air-pro-m1\\\/\"]}]},{\"@type\":\"ImageObject\",\"inLanguage\":\"en-US\",\"@id\":\"https:\\\/\\\/rapidetech.com.br\\\/produto\\\/adaptador-dock-thunderbolt3-usb-c-hdmi-p-macbook-air-pro-m1\\\/#primaryimage\",\"url\":\"https:\\\/\\\/rapidetech.com.br\\\/wp-content\\\/uploads\\\/2022\\\/06\\\/D_NQ_NP_2X_996092-MLB47137224633_082021-F-e1698367607618.webp\",\"contentUrl\":\"https:\\\/\\\/rapidetech.com.br\\\/wp-content\\\/uploads\\\/2022\\\/06\\\/D_NQ_NP_2X_996092-MLB47137224633_082021-F-e1698367607618.webp\",\"width\":600,\"height\":609},{\"@type\":\"BreadcrumbList\",\"@id\":\"https:\\\/\\\/rapidetech.com.br\\\/produto\\\/adaptador-dock-thunderbolt3-usb-c-hdmi-p-macbook-air-pro-m1\\\/#breadcrumb\",\"itemListElement\":[{\"@type\":\"ListItem\",\"position\":1,\"name\":\"In\u00edcio\",\"item\":\"https:\\\/\\\/rapidetech.com.br\\\/\"},{\"@type\":\"ListItem\",\"position\":2,\"name\":\"Produtos\",\"item\":\"https:\\\/\\\/rapidetech.com.br\\\/produtos\\\/\"},{\"@type\":\"ListItem\",\"position\":3,\"name\":\"Adaptador Dock Thunderbolt 3 Usb C Hdmi P\\\/ Macbook Air Pro M1\"}]},{\"@type\":\"WebSite\",\"@id\":\"https:\\\/\\\/rapidetech.com.br\\\/#website\",\"url\":\"https:\\\/\\\/rapidetech.com.br\\\/\",\"name\":\"Rapidetech\",\"description\":\"Audio e video\",\"publisher\":{\"@id\":\"https:\\\/\\\/rapidetech.com.br\\\/#organization\"},\"potentialAction\":[{\"@type\":\"SearchAction\",\"target\":{\"@type\":\"EntryPoint\",\"urlTemplate\":\"https:\\\/\\\/rapidetech.com.br\\\/?s={search_term_string}\"},\"query-input\":{\"@type\":\"PropertyValueSpecification\",\"valueRequired\":true,\"valueName\":\"search_term_string\"}}],\"inLanguage\":\"en-US\"},{\"@type\":\"Organization\",\"@id\":\"https:\\\/\\\/rapidetech.com.br\\\/#organization\",\"name\":\"Rapidetech\",\"url\":\"https:\\\/\\\/rapidetech.com.br\\\/\",\"logo\":{\"@type\":\"ImageObject\",\"inLanguage\":\"en-US\",\"@id\":\"https:\\\/\\\/rapidetech.com.br\\\/#\\\/schema\\\/logo\\\/image\\\/\",\"url\":\"https:\\\/\\\/rapidetech.com.br\\\/wp-content\\\/uploads\\\/2022\\\/08\\\/RAPIDETECH-AUDIO-E-VIDEO.jpg\",\"contentUrl\":\"https:\\\/\\\/rapidetech.com.br\\\/wp-content\\\/uploads\\\/2022\\\/08\\\/RAPIDETECH-AUDIO-E-VIDEO.jpg\",\"width\":236,\"height\":213,\"caption\":\"Rapidetech\"},\"image\":{\"@id\":\"https:\\\/\\\/rapidetech.com.br\\\/#\\\/schema\\\/logo\\\/image\\\/\"},\"sameAs\":[\"https:\\\/\\\/rapidetech.com.br\\\/\",\"https:\\\/\\\/www.youtube.com\\\/channel\\\/UCQWlsTr9MvbqwWAekYtMNLQ\"]}]}<\/script>\n<!-- \/ Yoast SEO plugin. -->","yoast_head_json":{"title":"Adaptador Dock Thunderbolt 3 Usb C Hdmi P\/ Macbook Air Pro M1 - Rapidetech","robots":{"index":"index","follow":"follow","max-snippet":"max-snippet:-1","max-image-preview":"max-image-preview:large","max-video-preview":"max-video-preview:-1"},"canonical":"https:\/\/rapidetech.com.br\/en\/product\/adaptador-dock-thunderbolt3-usb-c-hdmi-p-macbook-air-pro-m1\/","og_locale":"en_US","og_type":"article","og_title":"Adaptador Dock Thunderbolt 3 Usb C Hdmi P\/ Macbook Air Pro M1 - Rapidetech","og_description":"HUB Baseus 8 em 1 Adaptador Dock Thunderbolt 3 Usb C Hdmi P\/ Macbook Air Pro M1   1 Cabo conector USB 3.1 Tipo-C 3 Porta USB 3.0 Tipo A 1 Porta de sa\u00edda HDMI 4K \/ 30hz 1 Porta RJ45 1Gb - 1000mbps\/100mbps\/10mbps 1 Porta SD Card - 60 MB\/s 1 Porta TF Card - 60 MB\/s 1 Porta USB-C PD 100W Fast Charge(Max)  &nbsp;  &nbsp;  Conte\u00fado da embalagem:   Embalagem original lacrada  Hub Baseus 8 em 1  &nbsp;","og_url":"https:\/\/rapidetech.com.br\/en\/product\/adaptador-dock-thunderbolt3-usb-c-hdmi-p-macbook-air-pro-m1\/","og_site_name":"Rapidetech","article_modified_time":"2024-12-06T12:33:57+00:00","og_image":[{"width":600,"height":609,"url":"https:\/\/rapidetech.com.br\/wp-content\/uploads\/2022\/06\/D_NQ_NP_2X_996092-MLB47137224633_082021-F-e1698367607618.webp","type":"image\/webp"}],"twitter_card":"summary_large_image","twitter_misc":{"Est. reading time":"3 minutes"},"schema":{"@context":"https:\/\/schema.org","@graph":[{"@type":"WebPage","@id":"https:\/\/rapidetech.com.br\/produto\/adaptador-dock-thunderbolt3-usb-c-hdmi-p-macbook-air-pro-m1\/","url":"https:\/\/rapidetech.com.br\/produto\/adaptador-dock-thunderbolt3-usb-c-hdmi-p-macbook-air-pro-m1\/","name":"Adaptador Dock Thunderbolt 3 Usb C Hdmi P\/ Macbook Air Pro M1 - Rapidetech","isPartOf":{"@id":"https:\/\/rapidetech.com.br\/#website"},"primaryImageOfPage":{"@id":"https:\/\/rapidetech.com.br\/produto\/adaptador-dock-thunderbolt3-usb-c-hdmi-p-macbook-air-pro-m1\/#primaryimage"},"image":{"@id":"https:\/\/rapidetech.com.br\/produto\/adaptador-dock-thunderbolt3-usb-c-hdmi-p-macbook-air-pro-m1\/#primaryimage"},"thumbnailUrl":"https:\/\/rapidetech.com.br\/wp-content\/uploads\/2022\/06\/D_NQ_NP_2X_996092-MLB47137224633_082021-F-e1698367607618.webp","datePublished":"2022-06-15T21:51:46+00:00","dateModified":"2024-12-06T12:33:57+00:00","breadcrumb":{"@id":"https:\/\/rapidetech.com.br\/produto\/adaptador-dock-thunderbolt3-usb-c-hdmi-p-macbook-air-pro-m1\/#breadcrumb"},"inLanguage":"en-US","potentialAction":[{"@type":"ReadAction","target":["https:\/\/rapidetech.com.br\/produto\/adaptador-dock-thunderbolt3-usb-c-hdmi-p-macbook-air-pro-m1\/"]}]},{"@type":"ImageObject","inLanguage":"en-US","@id":"https:\/\/rapidetech.com.br\/produto\/adaptador-dock-thunderbolt3-usb-c-hdmi-p-macbook-air-pro-m1\/#primaryimage","url":"https:\/\/rapidetech.com.br\/wp-content\/uploads\/2022\/06\/D_NQ_NP_2X_996092-MLB47137224633_082021-F-e1698367607618.webp","contentUrl":"https:\/\/rapidetech.com.br\/wp-content\/uploads\/2022\/06\/D_NQ_NP_2X_996092-MLB47137224633_082021-F-e1698367607618.webp","width":600,"height":609},{"@type":"BreadcrumbList","@id":"https:\/\/rapidetech.com.br\/produto\/adaptador-dock-thunderbolt3-usb-c-hdmi-p-macbook-air-pro-m1\/#breadcrumb","itemListElement":[{"@type":"ListItem","position":1,"name":"In\u00edcio","item":"https:\/\/rapidetech.com.br\/"},{"@type":"ListItem","position":2,"name":"Produtos","item":"https:\/\/rapidetech.com.br\/produtos\/"},{"@type":"ListItem","position":3,"name":"Adaptador Dock Thunderbolt 3 Usb C Hdmi P\/ Macbook Air Pro M1"}]},{"@type":"WebSite","@id":"https:\/\/rapidetech.com.br\/#website","url":"https:\/\/rapidetech.com.br\/","name":"Rapidetech","description":"Audio e video","publisher":{"@id":"https:\/\/rapidetech.com.br\/#organization"},"potentialAction":[{"@type":"SearchAction","target":{"@type":"EntryPoint","urlTemplate":"https:\/\/rapidetech.com.br\/?s={search_term_string}"},"query-input":{"@type":"PropertyValueSpecification","valueRequired":true,"valueName":"search_term_string"}}],"inLanguage":"en-US"},{"@type":"Organization","@id":"https:\/\/rapidetech.com.br\/#organization","name":"Rapidetech","url":"https:\/\/rapidetech.com.br\/","logo":{"@type":"ImageObject","inLanguage":"en-US","@id":"https:\/\/rapidetech.com.br\/#\/schema\/logo\/image\/","url":"https:\/\/rapidetech.com.br\/wp-content\/uploads\/2022\/08\/RAPIDETECH-AUDIO-E-VIDEO.jpg","contentUrl":"https:\/\/rapidetech.com.br\/wp-content\/uploads\/2022\/08\/RAPIDETECH-AUDIO-E-VIDEO.jpg","width":236,"height":213,"caption":"Rapidetech"},"image":{"@id":"https:\/\/rapidetech.com.br\/#\/schema\/logo\/image\/"},"sameAs":["https:\/\/rapidetech.com.br\/","https:\/\/www.youtube.com\/channel\/UCQWlsTr9MvbqwWAekYtMNLQ"]}]}},"_links":{"self":[{"href":"https:\/\/rapidetech.com.br\/en\/wp-json\/wp\/v2\/product\/44230","targetHints":{"allow":["GET"]}}],"collection":[{"href":"https:\/\/rapidetech.com.br\/en\/wp-json\/wp\/v2\/product"}],"about":[{"href":"https:\/\/rapidetech.com.br\/en\/wp-json\/wp\/v2\/types\/product"}],"replies":[{"embeddable":true,"href":"https:\/\/rapidetech.com.br\/en\/wp-json\/wp\/v2\/comments?post=44230"}],"version-history":[{"count":0,"href":"https:\/\/rapidetech.com.br\/en\/wp-json\/wp\/v2\/product\/44230\/revisions"}],"wp:featuredmedia":[{"embeddable":true,"href":"https:\/\/rapidetech.com.br\/en\/wp-json\/wp\/v2\/media\/46995"}],"wp:attachment":[{"href":"https:\/\/rapidetech.com.br\/en\/wp-json\/wp\/v2\/media?parent=44230"}],"wp:term":[{"taxonomy":"product_brand","embeddable":true,"href":"https:\/\/rapidetech.com.br\/en\/wp-json\/wp\/v2\/product_brand?post=44230"},{"taxonomy":"product_cat","embeddable":true,"href":"https:\/\/rapidetech.com.br\/en\/wp-json\/wp\/v2\/product_cat?post=44230"},{"taxonomy":"product_tag","embeddable":true,"href":"https:\/\/rapidetech.com.br\/en\/wp-json\/wp\/v2\/product_tag?post=44230"}],"curies":[{"name":"wp","href":"https:\/\/api.w.org\/{rel}","templated":true}]}}