{"id":44239,"date":"2022-06-21T00:08:48","date_gmt":"2022-06-21T03:08:48","guid":{"rendered":"http:\/\/rapidetech.com.br\/?post_type=product&#038;p=44239"},"modified":"2026-01-24T20:17:39","modified_gmt":"2026-01-24T23:17:39","slug":"cabo-carregador-3-em1-baseus-flash-triplo-100w-usb-c-micro-usb-lightning-iphone-upgraded","status":"publish","type":"product","link":"https:\/\/rapidetech.com.br\/en\/product\/cabo-carregador-3-em1-baseus-flash-triplo-100w-usb-c-micro-usb-lightning-iphone-upgraded\/","title":{"rendered":"Cabo Carregador 3 em 2 Baseus Flash Triplo 100w Usb C \/ Micro USB \/ Lightning Iphone UPGRADED"},"content":{"rendered":"<h1><strong>Cabo Carregador Baseus Flash Triplo 100w Usb C Micro iPhone UPGRADED<\/strong><\/h1>\n<p>&nbsp;<\/p>\n<p>100w de alta pot\u00eancia<br \/>\n* 5A carga r\u00e1pida<br \/>\n* Compat\u00edvel com pd 20w 18w\/qc 18w<br \/>\n* 8 fios de n\u00facleos engrossadosUsb para tipo-c: 5a<br \/>\nUsb para ip: 2.4a<br \/>\nUsb para micro: 2a (qc 18w)<br \/>\nTipo-c para tipo-c: pd 100w<br \/>\nTipo-c para ip: pd 20w<br \/>\nTipo-c ao micro: qc 18w<br \/>\nEntrada: usb + tipo-c<br \/>\nSa\u00edda: micro + ip + tipo-c<br \/>\nCor: pretoComprimento: 120cm<br \/>\nMaterial: liga de alum\u00ednio + n\u00e1ilon tran\u00e7ado<br \/>\nMarca: Baseus<\/p>\n<p><em><strong>Conte\u00fado da embalagem:<\/strong><\/em><\/p>\n<p>embalagem original lacrada<\/p>\n<p>1 cabo\u00a0 Baseus modelo 3 em 2<\/p>\n<h3><\/h3>\n<p>&nbsp;<\/p>\n<h3><em>Cabo Baseus 3 em 2 e\u00a0 compat\u00edvel com:<\/em><\/h3>\n<p>&#8211; Notebooks, Tablets e Smartphones com entrada USB-C \/ USB-C \/ lightning<br \/>\n&#8211;<br \/>\nMacBook Pro M1, m2, m3<br \/>\nMac Mini M1<br \/>\nMacBook Pro 2020 Thunderbolt 3,4<br \/>\nMacBook Air 2020 Thunderbolt 3,4<br \/>\nMacBook Pro 2019<br \/>\nMacBook Air 2019<br \/>\nMacBook Air 2018<br \/>\nMacBook Pro 2018<br \/>\nMacBook Pro 2017<br \/>\nMacBook Pro 2016<br \/>\niMac C\/ Portas usb-c Thunderbolt 3,4.<br \/>\niPad Pro 2018, 2019, 2020 (12,9 polegadas, 5\u00aa gera\u00e7\u00e3o)<br \/>\niPad pro 2018, 2019, 2020 (11 polegadas, 3\u00aa gera\u00e7\u00e3o)<br \/>\niPad air 2020 (10.9 Polegadas)<\/p>\n<p>Iphone 11 ,12, 13,14,15,16,17<\/p>\n<p>&nbsp;<\/p>\n<p>Smartphones Samsung:<br \/>\nFunciona Modo DEX os modelos: S8\/S8+, S9\/S9+, S10\/S10+, S20\/S20+, S20 Ultra 5G, S21, Note 9, Note10\/Note10+\/Note10+ 5G, Note 20\/Note 20 5G\/Note 20 Ultra\/Note 20 Ultra 5G) + Tablet Samsung Galax S7****<br \/>\nYoga5 Pro<br \/>\nYoga 900 13&#8242;<br \/>\nYoga 6 Pro<br \/>\nThinkPad X1 Carbon\/Yoga<br \/>\nAir 12<br \/>\nLenovo E490Dell:<br \/>\nG3\/G5\/G7 series<br \/>\nInspirion 5000<br \/>\nInspirion 7000<br \/>\nXPS13<br \/>\nXPS15Huawei:<br \/>\nMateBook X<br \/>\nMatebook X Pro (2019 Models)<br \/>\nMatebook E<br \/>\nMate 10,<br \/>\nMate 10 Pro,<br \/>\nP20,<br \/>\nP20 Pro HTC-Ultra,<br \/>\nHTC 10Xiaomi:<br \/>\nAir 12.5\/13.3-inch.<br \/>\nPro 15 (Enhanced Edition).ASUS:<br \/>\nLingyao X Series<br \/>\nU4100UN<br \/>\nU5100UQ<br \/>\nROG series<br \/>\nZenbook 3<br \/>\nU306<br \/>\nU4100Razer:<br \/>\nBlade, Blade StealthMicrosoft:<br \/>\nSuface Laptop 3, Suface Book 2Google:<br \/>\nChrome Book Pixels, Pixels book penHUAWEI:<br \/>\nSuporte para Huawei Mate 10, Mate20\/Mate 20 Pro, Mate30\/Mate30 Pro, Mate40\/Mate40 Pro\/Mate40 Pro+, P20\/P20 Pro, P30\/P30 Pro, P40\/P40 ProHONOR:<br \/>\n30\/30 Pro\/30 Pro+, V30\/V30 Pro, 20S, 20 Pro, Note 10Oneplus:<br \/>\n8\/8 Pro, 8T Pro;Microsoft:<br \/>\nSuface GO, Suface Pro 7Ao carregar um dispositivo e ligar no segundo dispositivo, o primeiro dispositivo pode ser desconectado. Ao carregar dois dispositivos e ligar o terceiro, n\u00e3o h\u00e1 lembrete de desconex\u00e3o. Se a pot\u00eancia dos adaptadores for insuficiente, a desconex\u00e3o pode ocorrer devido a sobre corrente. 100w totalmente compat\u00edvel dois-para-tr\u00eas cabo de carregamento r\u00e1pido. 5a alta corrente de carregamento r\u00e1pido para dispositivos Huawei. Avan\u00e7o na tecnologia de carregamento r\u00e1pido de dois para tr\u00eas cabos, o usb para tipo-c porta suporta 5a sa\u00edda para carregamento r\u00e1pido em telefones, tablets, bancos de energia, etc.<\/p>\n<p>&nbsp;<\/p>","protected":false},"excerpt":{"rendered":"<h3>Cabo Baseus 3 em 1<\/h3>\n<h4><strong>Cabo Carregador Baseus Flash Triplo 100w Usb C Micro iPhone UPGRADED<\/strong><\/h4>\n<ul>\n<li>100w de alta pot\u00eancia<br \/>\n* 5A carga r\u00e1pida<br \/>\n* Compat\u00edvel com pd 20w 18w\/qc 18w<br \/>\n* 8 fios de n\u00facleos engrossadosUsb para tipo-c: 5a<br \/>\nUsb para ip: 2.4a<br \/>\nUsb para micro: 2a (qc 18w)<br \/>\nTipo-c para tipo-c: pd 100w<br \/>\nTipo-c para ip: pd 20w<br \/>\nTipo-c ao micro: qc 18w<br \/>\nEntrada: usb + tipo-c<br \/>\nSa\u00edda: micro + ip + tipo-c<br \/>\nCor: pretoComprimento: 120cm<br \/>\nMaterial: liga de alum\u00ednio + n\u00e1ilon tran\u00e7ado<br \/>\nMarca: Baseus<\/li>\n<\/ul>\n<p>Conte\u00fado da embalagem:<\/p>\n<ul>\n<li>Embalagem original lacrada<\/li>\n<li>Cabo Baseus 3 em 1<\/li>\n<\/ul>\n<p>&nbsp;<\/p>","protected":false},"featured_media":46600,"comment_status":"closed","ping_status":"closed","template":"","meta":[],"product_brand":[],"product_cat":[18,45],"product_tag":[46,47,122,123,121,57,48,49],"class_list":{"0":"post-44239","1":"product","2":"type-product","3":"status-publish","4":"has-post-thumbnail","6":"product_cat-accessorios","7":"product_cat-informatica","8":"product_tag-cabo-de-rede","9":"product_tag-cat-8","10":"product_tag-laptop","11":"product_tag-leitor-de-cartoes","12":"product_tag-m1","13":"product_tag-monitor","14":"product_tag-roteador","15":"product_tag-xbox","16":"product_shipping_class-normal","18":"first","19":"instock","20":"purchasable","21":"product-type-simple"},"yoast_head":"<!-- This site is optimized with the Yoast SEO plugin v27.4 - https:\/\/yoast.com\/product\/yoast-seo-wordpress\/ -->\n<title>Cabo Carregador 3 em 2 Baseus Flash Triplo 100w Usb C \/ Micro USB \/ Lightning Iphone UPGRADED - Rapidetech<\/title>\n<meta name=\"robots\" content=\"index, follow, max-snippet:-1, max-image-preview:large, max-video-preview:-1\" \/>\n<link rel=\"canonical\" href=\"https:\/\/rapidetech.com.br\/en\/product\/cabo-carregador-3-em1-baseus-flash-triplo-100w-usb-c-micro-usb-lightning-iphone-upgraded\/\" \/>\n<meta property=\"og:locale\" content=\"en_US\" \/>\n<meta property=\"og:type\" content=\"article\" \/>\n<meta property=\"og:title\" content=\"Cabo Carregador 3 em 2 Baseus Flash Triplo 100w Usb C \/ Micro USB \/ Lightning Iphone UPGRADED - Rapidetech\" \/>\n<meta property=\"og:description\" content=\"Cabo Baseus 3 em 1 Cabo Carregador Baseus Flash Triplo 100w Usb C Micro iPhone UPGRADED   100w de alta pot\u00eancia * 5A carga r\u00e1pida * Compat\u00edvel com pd 20w 18w\/qc 18w * 8 fios de n\u00facleos engrossadosUsb para tipo-c: 5a Usb para ip: 2.4a Usb para micro: 2a (qc 18w) Tipo-c para tipo-c: pd 100w Tipo-c para ip: pd 20w Tipo-c ao micro: qc 18w Entrada: usb + tipo-c Sa\u00edda: micro + ip + tipo-c Cor: pretoComprimento: 120cm Material: liga de alum\u00ednio + n\u00e1ilon tran\u00e7ado Marca: Baseus  Conte\u00fado da embalagem:   Embalagem original lacrada  Cabo Baseus 3 em 1  &nbsp;\" \/>\n<meta property=\"og:url\" content=\"https:\/\/rapidetech.com.br\/en\/product\/cabo-carregador-3-em1-baseus-flash-triplo-100w-usb-c-micro-usb-lightning-iphone-upgraded\/\" \/>\n<meta property=\"og:site_name\" content=\"Rapidetech\" \/>\n<meta property=\"article:modified_time\" content=\"2026-01-24T23:17:39+00:00\" \/>\n<meta property=\"og:image\" content=\"https:\/\/rapidetech.com.br\/wp-content\/uploads\/2022\/06\/AnyConv.com__Baseus-3-em-1-cabo-usb-c-para-iphone-13-12-pro-11-xr-carregador-cabo.jpg_640x640-Copia-2-1.webp\" \/>\n\t<meta property=\"og:image:width\" content=\"640\" \/>\n\t<meta property=\"og:image:height\" content=\"640\" \/>\n\t<meta property=\"og:image:type\" content=\"image\/webp\" \/>\n<meta name=\"twitter:card\" content=\"summary_large_image\" \/>\n<meta name=\"twitter:label1\" content=\"Est. reading time\" \/>\n\t<meta name=\"twitter:data1\" content=\"3 minutes\" \/>\n<script type=\"application\/ld+json\" class=\"yoast-schema-graph\">{\"@context\":\"https:\\\/\\\/schema.org\",\"@graph\":[{\"@type\":\"WebPage\",\"@id\":\"https:\\\/\\\/rapidetech.com.br\\\/produto\\\/cabo-carregador-3-em1-baseus-flash-triplo-100w-usb-c-micro-usb-lightning-iphone-upgraded\\\/\",\"url\":\"https:\\\/\\\/rapidetech.com.br\\\/produto\\\/cabo-carregador-3-em1-baseus-flash-triplo-100w-usb-c-micro-usb-lightning-iphone-upgraded\\\/\",\"name\":\"Cabo Carregador 3 em 2 Baseus Flash Triplo 100w Usb C \\\/ Micro USB \\\/ Lightning Iphone UPGRADED - Rapidetech\",\"isPartOf\":{\"@id\":\"https:\\\/\\\/rapidetech.com.br\\\/#website\"},\"primaryImageOfPage\":{\"@id\":\"https:\\\/\\\/rapidetech.com.br\\\/produto\\\/cabo-carregador-3-em1-baseus-flash-triplo-100w-usb-c-micro-usb-lightning-iphone-upgraded\\\/#primaryimage\"},\"image\":{\"@id\":\"https:\\\/\\\/rapidetech.com.br\\\/produto\\\/cabo-carregador-3-em1-baseus-flash-triplo-100w-usb-c-micro-usb-lightning-iphone-upgraded\\\/#primaryimage\"},\"thumbnailUrl\":\"https:\\\/\\\/rapidetech.com.br\\\/wp-content\\\/uploads\\\/2022\\\/06\\\/AnyConv.com__Baseus-3-em-1-cabo-usb-c-para-iphone-13-12-pro-11-xr-carregador-cabo.jpg_640x640-Copia-2-1.webp\",\"datePublished\":\"2022-06-21T03:08:48+00:00\",\"dateModified\":\"2026-01-24T23:17:39+00:00\",\"breadcrumb\":{\"@id\":\"https:\\\/\\\/rapidetech.com.br\\\/produto\\\/cabo-carregador-3-em1-baseus-flash-triplo-100w-usb-c-micro-usb-lightning-iphone-upgraded\\\/#breadcrumb\"},\"inLanguage\":\"en-US\",\"potentialAction\":[{\"@type\":\"ReadAction\",\"target\":[\"https:\\\/\\\/rapidetech.com.br\\\/produto\\\/cabo-carregador-3-em1-baseus-flash-triplo-100w-usb-c-micro-usb-lightning-iphone-upgraded\\\/\"]}]},{\"@type\":\"ImageObject\",\"inLanguage\":\"en-US\",\"@id\":\"https:\\\/\\\/rapidetech.com.br\\\/produto\\\/cabo-carregador-3-em1-baseus-flash-triplo-100w-usb-c-micro-usb-lightning-iphone-upgraded\\\/#primaryimage\",\"url\":\"https:\\\/\\\/rapidetech.com.br\\\/wp-content\\\/uploads\\\/2022\\\/06\\\/AnyConv.com__Baseus-3-em-1-cabo-usb-c-para-iphone-13-12-pro-11-xr-carregador-cabo.jpg_640x640-Copia-2-1.webp\",\"contentUrl\":\"https:\\\/\\\/rapidetech.com.br\\\/wp-content\\\/uploads\\\/2022\\\/06\\\/AnyConv.com__Baseus-3-em-1-cabo-usb-c-para-iphone-13-12-pro-11-xr-carregador-cabo.jpg_640x640-Copia-2-1.webp\",\"width\":640,\"height\":640},{\"@type\":\"BreadcrumbList\",\"@id\":\"https:\\\/\\\/rapidetech.com.br\\\/produto\\\/cabo-carregador-3-em1-baseus-flash-triplo-100w-usb-c-micro-usb-lightning-iphone-upgraded\\\/#breadcrumb\",\"itemListElement\":[{\"@type\":\"ListItem\",\"position\":1,\"name\":\"In\u00edcio\",\"item\":\"https:\\\/\\\/rapidetech.com.br\\\/\"},{\"@type\":\"ListItem\",\"position\":2,\"name\":\"Produtos\",\"item\":\"https:\\\/\\\/rapidetech.com.br\\\/produtos\\\/\"},{\"@type\":\"ListItem\",\"position\":3,\"name\":\"Cabo Carregador 3 em 2 Baseus Flash Triplo 100w Usb C \\\/ Micro USB \\\/ Lightning Iphone UPGRADED\"}]},{\"@type\":\"WebSite\",\"@id\":\"https:\\\/\\\/rapidetech.com.br\\\/#website\",\"url\":\"https:\\\/\\\/rapidetech.com.br\\\/\",\"name\":\"Rapidetech\",\"description\":\"Audio e video\",\"publisher\":{\"@id\":\"https:\\\/\\\/rapidetech.com.br\\\/#organization\"},\"potentialAction\":[{\"@type\":\"SearchAction\",\"target\":{\"@type\":\"EntryPoint\",\"urlTemplate\":\"https:\\\/\\\/rapidetech.com.br\\\/?s={search_term_string}\"},\"query-input\":{\"@type\":\"PropertyValueSpecification\",\"valueRequired\":true,\"valueName\":\"search_term_string\"}}],\"inLanguage\":\"en-US\"},{\"@type\":\"Organization\",\"@id\":\"https:\\\/\\\/rapidetech.com.br\\\/#organization\",\"name\":\"Rapidetech\",\"url\":\"https:\\\/\\\/rapidetech.com.br\\\/\",\"logo\":{\"@type\":\"ImageObject\",\"inLanguage\":\"en-US\",\"@id\":\"https:\\\/\\\/rapidetech.com.br\\\/#\\\/schema\\\/logo\\\/image\\\/\",\"url\":\"https:\\\/\\\/rapidetech.com.br\\\/wp-content\\\/uploads\\\/2022\\\/08\\\/RAPIDETECH-AUDIO-E-VIDEO.jpg\",\"contentUrl\":\"https:\\\/\\\/rapidetech.com.br\\\/wp-content\\\/uploads\\\/2022\\\/08\\\/RAPIDETECH-AUDIO-E-VIDEO.jpg\",\"width\":236,\"height\":213,\"caption\":\"Rapidetech\"},\"image\":{\"@id\":\"https:\\\/\\\/rapidetech.com.br\\\/#\\\/schema\\\/logo\\\/image\\\/\"},\"sameAs\":[\"https:\\\/\\\/rapidetech.com.br\\\/\",\"https:\\\/\\\/www.youtube.com\\\/channel\\\/UCQWlsTr9MvbqwWAekYtMNLQ\"]}]}<\/script>\n<!-- \/ Yoast SEO plugin. -->","yoast_head_json":{"title":"Cabo Carregador 3 em 2 Baseus Flash Triplo 100w Usb C \/ Micro USB \/ Lightning Iphone UPGRADED - Rapidetech","robots":{"index":"index","follow":"follow","max-snippet":"max-snippet:-1","max-image-preview":"max-image-preview:large","max-video-preview":"max-video-preview:-1"},"canonical":"https:\/\/rapidetech.com.br\/en\/product\/cabo-carregador-3-em1-baseus-flash-triplo-100w-usb-c-micro-usb-lightning-iphone-upgraded\/","og_locale":"en_US","og_type":"article","og_title":"Cabo Carregador 3 em 2 Baseus Flash Triplo 100w Usb C \/ Micro USB \/ Lightning Iphone UPGRADED - Rapidetech","og_description":"Cabo Baseus 3 em 1 Cabo Carregador Baseus Flash Triplo 100w Usb C Micro iPhone UPGRADED   100w de alta pot\u00eancia * 5A carga r\u00e1pida * Compat\u00edvel com pd 20w 18w\/qc 18w * 8 fios de n\u00facleos engrossadosUsb para tipo-c: 5a Usb para ip: 2.4a Usb para micro: 2a (qc 18w) Tipo-c para tipo-c: pd 100w Tipo-c para ip: pd 20w Tipo-c ao micro: qc 18w Entrada: usb + tipo-c Sa\u00edda: micro + ip + tipo-c Cor: pretoComprimento: 120cm Material: liga de alum\u00ednio + n\u00e1ilon tran\u00e7ado Marca: Baseus  Conte\u00fado da embalagem:   Embalagem original lacrada  Cabo Baseus 3 em 1  &nbsp;","og_url":"https:\/\/rapidetech.com.br\/en\/product\/cabo-carregador-3-em1-baseus-flash-triplo-100w-usb-c-micro-usb-lightning-iphone-upgraded\/","og_site_name":"Rapidetech","article_modified_time":"2026-01-24T23:17:39+00:00","og_image":[{"width":640,"height":640,"url":"https:\/\/rapidetech.com.br\/wp-content\/uploads\/2022\/06\/AnyConv.com__Baseus-3-em-1-cabo-usb-c-para-iphone-13-12-pro-11-xr-carregador-cabo.jpg_640x640-Copia-2-1.webp","type":"image\/webp"}],"twitter_card":"summary_large_image","twitter_misc":{"Est. reading time":"3 minutes"},"schema":{"@context":"https:\/\/schema.org","@graph":[{"@type":"WebPage","@id":"https:\/\/rapidetech.com.br\/produto\/cabo-carregador-3-em1-baseus-flash-triplo-100w-usb-c-micro-usb-lightning-iphone-upgraded\/","url":"https:\/\/rapidetech.com.br\/produto\/cabo-carregador-3-em1-baseus-flash-triplo-100w-usb-c-micro-usb-lightning-iphone-upgraded\/","name":"Cabo Carregador 3 em 2 Baseus Flash Triplo 100w Usb C \/ Micro USB \/ Lightning Iphone UPGRADED - Rapidetech","isPartOf":{"@id":"https:\/\/rapidetech.com.br\/#website"},"primaryImageOfPage":{"@id":"https:\/\/rapidetech.com.br\/produto\/cabo-carregador-3-em1-baseus-flash-triplo-100w-usb-c-micro-usb-lightning-iphone-upgraded\/#primaryimage"},"image":{"@id":"https:\/\/rapidetech.com.br\/produto\/cabo-carregador-3-em1-baseus-flash-triplo-100w-usb-c-micro-usb-lightning-iphone-upgraded\/#primaryimage"},"thumbnailUrl":"https:\/\/rapidetech.com.br\/wp-content\/uploads\/2022\/06\/AnyConv.com__Baseus-3-em-1-cabo-usb-c-para-iphone-13-12-pro-11-xr-carregador-cabo.jpg_640x640-Copia-2-1.webp","datePublished":"2022-06-21T03:08:48+00:00","dateModified":"2026-01-24T23:17:39+00:00","breadcrumb":{"@id":"https:\/\/rapidetech.com.br\/produto\/cabo-carregador-3-em1-baseus-flash-triplo-100w-usb-c-micro-usb-lightning-iphone-upgraded\/#breadcrumb"},"inLanguage":"en-US","potentialAction":[{"@type":"ReadAction","target":["https:\/\/rapidetech.com.br\/produto\/cabo-carregador-3-em1-baseus-flash-triplo-100w-usb-c-micro-usb-lightning-iphone-upgraded\/"]}]},{"@type":"ImageObject","inLanguage":"en-US","@id":"https:\/\/rapidetech.com.br\/produto\/cabo-carregador-3-em1-baseus-flash-triplo-100w-usb-c-micro-usb-lightning-iphone-upgraded\/#primaryimage","url":"https:\/\/rapidetech.com.br\/wp-content\/uploads\/2022\/06\/AnyConv.com__Baseus-3-em-1-cabo-usb-c-para-iphone-13-12-pro-11-xr-carregador-cabo.jpg_640x640-Copia-2-1.webp","contentUrl":"https:\/\/rapidetech.com.br\/wp-content\/uploads\/2022\/06\/AnyConv.com__Baseus-3-em-1-cabo-usb-c-para-iphone-13-12-pro-11-xr-carregador-cabo.jpg_640x640-Copia-2-1.webp","width":640,"height":640},{"@type":"BreadcrumbList","@id":"https:\/\/rapidetech.com.br\/produto\/cabo-carregador-3-em1-baseus-flash-triplo-100w-usb-c-micro-usb-lightning-iphone-upgraded\/#breadcrumb","itemListElement":[{"@type":"ListItem","position":1,"name":"In\u00edcio","item":"https:\/\/rapidetech.com.br\/"},{"@type":"ListItem","position":2,"name":"Produtos","item":"https:\/\/rapidetech.com.br\/produtos\/"},{"@type":"ListItem","position":3,"name":"Cabo Carregador 3 em 2 Baseus Flash Triplo 100w Usb C \/ Micro USB \/ Lightning Iphone UPGRADED"}]},{"@type":"WebSite","@id":"https:\/\/rapidetech.com.br\/#website","url":"https:\/\/rapidetech.com.br\/","name":"Rapidetech","description":"Audio e video","publisher":{"@id":"https:\/\/rapidetech.com.br\/#organization"},"potentialAction":[{"@type":"SearchAction","target":{"@type":"EntryPoint","urlTemplate":"https:\/\/rapidetech.com.br\/?s={search_term_string}"},"query-input":{"@type":"PropertyValueSpecification","valueRequired":true,"valueName":"search_term_string"}}],"inLanguage":"en-US"},{"@type":"Organization","@id":"https:\/\/rapidetech.com.br\/#organization","name":"Rapidetech","url":"https:\/\/rapidetech.com.br\/","logo":{"@type":"ImageObject","inLanguage":"en-US","@id":"https:\/\/rapidetech.com.br\/#\/schema\/logo\/image\/","url":"https:\/\/rapidetech.com.br\/wp-content\/uploads\/2022\/08\/RAPIDETECH-AUDIO-E-VIDEO.jpg","contentUrl":"https:\/\/rapidetech.com.br\/wp-content\/uploads\/2022\/08\/RAPIDETECH-AUDIO-E-VIDEO.jpg","width":236,"height":213,"caption":"Rapidetech"},"image":{"@id":"https:\/\/rapidetech.com.br\/#\/schema\/logo\/image\/"},"sameAs":["https:\/\/rapidetech.com.br\/","https:\/\/www.youtube.com\/channel\/UCQWlsTr9MvbqwWAekYtMNLQ"]}]}},"_links":{"self":[{"href":"https:\/\/rapidetech.com.br\/en\/wp-json\/wp\/v2\/product\/44239","targetHints":{"allow":["GET"]}}],"collection":[{"href":"https:\/\/rapidetech.com.br\/en\/wp-json\/wp\/v2\/product"}],"about":[{"href":"https:\/\/rapidetech.com.br\/en\/wp-json\/wp\/v2\/types\/product"}],"replies":[{"embeddable":true,"href":"https:\/\/rapidetech.com.br\/en\/wp-json\/wp\/v2\/comments?post=44239"}],"version-history":[{"count":0,"href":"https:\/\/rapidetech.com.br\/en\/wp-json\/wp\/v2\/product\/44239\/revisions"}],"wp:featuredmedia":[{"embeddable":true,"href":"https:\/\/rapidetech.com.br\/en\/wp-json\/wp\/v2\/media\/46600"}],"wp:attachment":[{"href":"https:\/\/rapidetech.com.br\/en\/wp-json\/wp\/v2\/media?parent=44239"}],"wp:term":[{"taxonomy":"product_brand","embeddable":true,"href":"https:\/\/rapidetech.com.br\/en\/wp-json\/wp\/v2\/product_brand?post=44239"},{"taxonomy":"product_cat","embeddable":true,"href":"https:\/\/rapidetech.com.br\/en\/wp-json\/wp\/v2\/product_cat?post=44239"},{"taxonomy":"product_tag","embeddable":true,"href":"https:\/\/rapidetech.com.br\/en\/wp-json\/wp\/v2\/product_tag?post=44239"}],"curies":[{"name":"wp","href":"https:\/\/api.w.org\/{rel}","templated":true}]}}