{"id":45059,"date":"2022-08-16T08:19:25","date_gmt":"2022-08-16T11:19:25","guid":{"rendered":"http:\/\/rapidetech.com.br\/?post_type=product&#038;p=45059"},"modified":"2026-04-23T15:00:12","modified_gmt":"2026-04-23T18:00:12","slug":"kit-de-2-baterias-recarregaveis-aaa-panasonic-630-mah-12-v","status":"publish","type":"product","link":"https:\/\/rapidetech.com.br\/en\/product\/kit-de-2-baterias-recarregaveis-aaa-panasonic-630-mah-12-v\/","title":{"rendered":"Kit 2 pilhas recarregaveis AAA Panasonic serve 550 \/630 \/650\/ 700 mah 1,2 V"},"content":{"rendered":"<h1><b>KIT de 2 pilhas\u00a0 \u00a0AAA\u00a0 PANASONIC 1,2 V\u00a0 RECARREGAVEIS<\/b><\/h1>\n<h3>Descri\u00e7\u00e3o da pilha Panasonic AAA HHR 55 ou 65 AAAB\u00a0 ou\u00a0 HR M03 (Made in Japan) 1,2 v\u00a0 Original<\/h3>\n<ul>\n<li style=\"font-weight: 400;\">Pilha original<\/li>\n<li style=\"font-weight: 400;\">Recarreg\u00e1vel<\/li>\n<li style=\"font-weight: 400;\">\u00a0630 \/ 650 \/700 mAh (nomenclatura modelo e numeracao pode ser diferente dependendo do pais de origem mas nao interfere no funcionamento 1,2 v)<\/li>\n<li style=\"font-weight: 400;\"><span style=\"font-weight: 400;\">Use a como pilha sobressalente ou de reposi\u00e7\u00e3o para TELEFONES SEM FIO E SECRETARIA PANASONIC\u00a0<\/span><\/li>\n<\/ul>\n<h3><\/h3>\n<h3>Conte\u00fado da embalagem:<\/h3>\n<ul>\n<li>02 pilhas originais Panasonic\u00a0 (em pack ou 2 separadas modo aleat\u00f3rio)<\/li>\n<li>O.b.s (O lay out pode ser diferente dependendo do pais de origem da fabrica<span style=\"font-weight: 400;\">\u00e7\u00e3o<\/span> ,mas em nada afeta o produto Panasonic)<\/li>\n<\/ul>\n<p>&nbsp;<\/p>\n<h3>Vis\u00e3o geral da pilha Panasonic :<\/h3>\n<p>Alimente telefone e secretarias eletronicas com esta pilha bateria recarreg\u00e1vel de \u00edons de l\u00edtio (aaa hhr- 55 ou aaa hhr 65 ou hr -m03 adota nomenclatura diferente dependendo do pais de fabrica<span style=\"font-weight: 400;\">\u00e7\u00e3o<\/span> ), que serve como sobressalente ou substituta da fornecida com o tel . Ela \u00e9 projetada para oferecer vida \u00fatil longa e pot\u00eancia consistente,\u00a0 e pode ser carregada ou descarregada a qualquer momento sem desenvolver efeitos de mem\u00f3ria.<\/p>\n<h3><b>\u00a0Pilhas Panasonic sao compat\u00edveis\u00a0 com:<br \/>\n<\/b><\/h3>\n<p>Todos os\u00a0 telefones e secretarias Panasonic e c\u00e2meras :<\/p>\n<p>KX-TG1032\/33\/34<br \/>\nKX-TG823x Series<br \/>\nKX-TG63xx Series<br \/>\nKX-TG93xx Series<br \/>\nKX-TG43xx Series<br \/>\nKX-TH1211\/12<br \/>\nKX-TGA101\/430\/630\/930\/935<\/p>\n<p>KXTG1031S, KXTG1032B, KXTG1032BP, KXTG1032S, KXTG1033S, KXTG1034B, KXTG1034S, KXTG1035S, KXTG1061M,<br \/>\nKXTG1062M, KXTG4321B, KXTG4322B, KXTG4323B, KXTG4324B, KXTG6311S, KXTG6312S, KXTG6313S, KXTG6322S,<br \/>\nKXTG6323PK, KXTG6323S, KXTG6324, KXTG6324S, KXTG6434PK, KXTG6440PK, KXTG6473PK, KXTG8231B, KXTG8232B,<br \/>\nKXTG9331T, KXTG9332S, KXTG9332T, KXTG9333PK, KXTG9333T, KXTG9334PK, KXTG9334T, KXTG9341T, KXTG9342T,<br \/>\nKXTG9343S, KXTG9343T, KXTG9344PK, KXTG9344T, KXTG9345BP, KXTG9345PK, KXTG9361B, KXTG9371B, KXTG9372B,<br \/>\nKXTG9381T, KXTG9382T, KXTG9391T, KXTG9392T, v, KXTGA106M, KXTGA430B, KXTGA820B, KXTGA939T, KXTH1211B, KXTH1212B<\/p>\n<p>&nbsp;<\/p>","protected":false},"excerpt":{"rendered":"<h3><b><\/b><b>Pilha Panasonic AAA 1,2 V 630 mah recarregavel\u00a0<\/b><\/h3>\n<ul>\n<li style=\"font-weight: 400;\">Recarreg\u00e1vel<\/li>\n<li style=\"font-weight: 400;\">630\/650\/700 MAH<\/li>\n<\/ul>\n<h3>Conte\u00fado da embalagem:<\/h3>\n<ul>\n<li style=\"font-weight: 400;\">02 pilhas PANASONIC AAA (em pack ou 2 separadas)<\/li>\n<\/ul>\n<p>&nbsp;<\/p>","protected":false},"featured_media":50791,"comment_status":"closed","ping_status":"closed","template":"","meta":[],"product_brand":[],"product_cat":[18,22,45,21],"product_tag":[23,91,348,90],"class_list":{"0":"post-45059","1":"product","2":"type-product","3":"status-publish","4":"has-post-thumbnail","6":"product_cat-accessorios","7":"product_cat-audio","8":"product_cat-informatica","9":"product_cat-video","10":"product_tag-bateria","11":"product_tag-panasonic","12":"product_tag-pilhas","13":"product_tag-tel-sem-fio","14":"product_shipping_class-normal","16":"first","17":"instock","18":"purchasable","19":"product-type-simple"},"yoast_head":"<!-- This site is optimized with the Yoast SEO plugin v27.4 - https:\/\/yoast.com\/product\/yoast-seo-wordpress\/ -->\n<title>Kit 2 pilhas recarregaveis AAA Panasonic serve 550 \/630 \/650\/ 700 mah 1,2 V - Rapidetech<\/title>\n<meta name=\"description\" content=\"&quot;Obtenha energia confi\u00e1vel e duradoura com o Kit de 2 Pilhas Recarreg\u00e1veis AAA Panasonic, cada uma com uma capacidade de 630mAh e tens\u00e3o de 1,2V. Estas pilhas s\u00e3o ideais para dispositivos de uso di\u00e1rio, como controles remotos, brinquedos,tels sem fio, e muito mais. Economize dinheiro a longo prazo e reduza o desperd\u00edcio ambiental, pois essas pilhas podem ser recarregadas centenas de vezes. Mantenha seus dispositivos funcionando sem interrup\u00e7\u00f5es com o desempenho de qualidade da Panasonic.&quot;\" \/>\n<meta name=\"robots\" content=\"index, follow, max-snippet:-1, max-image-preview:large, max-video-preview:-1\" \/>\n<link rel=\"canonical\" href=\"https:\/\/rapidetech.com.br\/en\/product\/kit-de-2-baterias-recarregaveis-aaa-panasonic-630-mah-12-v\/\" \/>\n<meta property=\"og:locale\" content=\"en_US\" \/>\n<meta property=\"og:type\" content=\"article\" \/>\n<meta property=\"og:title\" content=\"Kit 2 pilhas recarregaveis AAA Panasonic serve 550 \/630 \/650\/ 700 mah 1,2 V - Rapidetech\" \/>\n<meta property=\"og:description\" content=\"&quot;Obtenha energia confi\u00e1vel e duradoura com o Kit de 2 Pilhas Recarreg\u00e1veis AAA Panasonic, cada uma com uma capacidade de 630mAh e tens\u00e3o de 1,2V. Estas pilhas s\u00e3o ideais para dispositivos de uso di\u00e1rio, como controles remotos, brinquedos,tels sem fio, e muito mais. Economize dinheiro a longo prazo e reduza o desperd\u00edcio ambiental, pois essas pilhas podem ser recarregadas centenas de vezes. Mantenha seus dispositivos funcionando sem interrup\u00e7\u00f5es com o desempenho de qualidade da Panasonic.&quot;\" \/>\n<meta property=\"og:url\" content=\"https:\/\/rapidetech.com.br\/en\/product\/kit-de-2-baterias-recarregaveis-aaa-panasonic-630-mah-12-v\/\" \/>\n<meta property=\"og:site_name\" content=\"Rapidetech\" \/>\n<meta property=\"article:modified_time\" content=\"2026-04-23T18:00:12+00:00\" \/>\n<meta property=\"og:image\" content=\"https:\/\/rapidetech.com.br\/wp-content\/uploads\/2022\/08\/D_NQ_NP_2X_753661-MLB46120102881_052021-F-e1693605132351.webp\" \/>\n\t<meta property=\"og:image:width\" content=\"626\" \/>\n\t<meta property=\"og:image:height\" content=\"728\" \/>\n\t<meta property=\"og:image:type\" content=\"image\/webp\" \/>\n<meta name=\"twitter:card\" content=\"summary_large_image\" \/>\n<meta name=\"twitter:label1\" content=\"Est. reading time\" \/>\n\t<meta name=\"twitter:data1\" content=\"2 minutes\" \/>\n<script type=\"application\/ld+json\" class=\"yoast-schema-graph\">{\"@context\":\"https:\\\/\\\/schema.org\",\"@graph\":[{\"@type\":\"WebPage\",\"@id\":\"https:\\\/\\\/rapidetech.com.br\\\/produto\\\/kit-de-2-baterias-recarregaveis-aaa-panasonic-630-mah-12-v\\\/\",\"url\":\"https:\\\/\\\/rapidetech.com.br\\\/produto\\\/kit-de-2-baterias-recarregaveis-aaa-panasonic-630-mah-12-v\\\/\",\"name\":\"Kit 2 pilhas recarregaveis AAA Panasonic serve 550 \\\/630 \\\/650\\\/ 700 mah 1,2 V - Rapidetech\",\"isPartOf\":{\"@id\":\"https:\\\/\\\/rapidetech.com.br\\\/#website\"},\"primaryImageOfPage\":{\"@id\":\"https:\\\/\\\/rapidetech.com.br\\\/produto\\\/kit-de-2-baterias-recarregaveis-aaa-panasonic-630-mah-12-v\\\/#primaryimage\"},\"image\":{\"@id\":\"https:\\\/\\\/rapidetech.com.br\\\/produto\\\/kit-de-2-baterias-recarregaveis-aaa-panasonic-630-mah-12-v\\\/#primaryimage\"},\"thumbnailUrl\":\"https:\\\/\\\/rapidetech.com.br\\\/wp-content\\\/uploads\\\/2022\\\/08\\\/D_NQ_NP_2X_753661-MLB46120102881_052021-F-e1693605132351.webp\",\"datePublished\":\"2022-08-16T11:19:25+00:00\",\"dateModified\":\"2026-04-23T18:00:12+00:00\",\"description\":\"\\\"Obtenha energia confi\u00e1vel e duradoura com o Kit de 2 Pilhas Recarreg\u00e1veis AAA Panasonic, cada uma com uma capacidade de 630mAh e tens\u00e3o de 1,2V. Estas pilhas s\u00e3o ideais para dispositivos de uso di\u00e1rio, como controles remotos, brinquedos,tels sem fio, e muito mais. Economize dinheiro a longo prazo e reduza o desperd\u00edcio ambiental, pois essas pilhas podem ser recarregadas centenas de vezes. Mantenha seus dispositivos funcionando sem interrup\u00e7\u00f5es com o desempenho de qualidade da Panasonic.\\\"\",\"breadcrumb\":{\"@id\":\"https:\\\/\\\/rapidetech.com.br\\\/produto\\\/kit-de-2-baterias-recarregaveis-aaa-panasonic-630-mah-12-v\\\/#breadcrumb\"},\"inLanguage\":\"en-US\",\"potentialAction\":[{\"@type\":\"ReadAction\",\"target\":[\"https:\\\/\\\/rapidetech.com.br\\\/produto\\\/kit-de-2-baterias-recarregaveis-aaa-panasonic-630-mah-12-v\\\/\"]}]},{\"@type\":\"ImageObject\",\"inLanguage\":\"en-US\",\"@id\":\"https:\\\/\\\/rapidetech.com.br\\\/produto\\\/kit-de-2-baterias-recarregaveis-aaa-panasonic-630-mah-12-v\\\/#primaryimage\",\"url\":\"https:\\\/\\\/rapidetech.com.br\\\/wp-content\\\/uploads\\\/2022\\\/08\\\/D_NQ_NP_2X_753661-MLB46120102881_052021-F-e1693605132351.webp\",\"contentUrl\":\"https:\\\/\\\/rapidetech.com.br\\\/wp-content\\\/uploads\\\/2022\\\/08\\\/D_NQ_NP_2X_753661-MLB46120102881_052021-F-e1693605132351.webp\",\"width\":626,\"height\":728},{\"@type\":\"BreadcrumbList\",\"@id\":\"https:\\\/\\\/rapidetech.com.br\\\/produto\\\/kit-de-2-baterias-recarregaveis-aaa-panasonic-630-mah-12-v\\\/#breadcrumb\",\"itemListElement\":[{\"@type\":\"ListItem\",\"position\":1,\"name\":\"In\u00edcio\",\"item\":\"https:\\\/\\\/rapidetech.com.br\\\/\"},{\"@type\":\"ListItem\",\"position\":2,\"name\":\"Produtos\",\"item\":\"https:\\\/\\\/rapidetech.com.br\\\/produtos\\\/\"},{\"@type\":\"ListItem\",\"position\":3,\"name\":\"Kit 2 pilhas recarregaveis AAA Panasonic serve 550 \\\/630 \\\/650\\\/ 700 mah 1,2 V\"}]},{\"@type\":\"WebSite\",\"@id\":\"https:\\\/\\\/rapidetech.com.br\\\/#website\",\"url\":\"https:\\\/\\\/rapidetech.com.br\\\/\",\"name\":\"Rapidetech\",\"description\":\"Audio e video\",\"publisher\":{\"@id\":\"https:\\\/\\\/rapidetech.com.br\\\/#organization\"},\"potentialAction\":[{\"@type\":\"SearchAction\",\"target\":{\"@type\":\"EntryPoint\",\"urlTemplate\":\"https:\\\/\\\/rapidetech.com.br\\\/?s={search_term_string}\"},\"query-input\":{\"@type\":\"PropertyValueSpecification\",\"valueRequired\":true,\"valueName\":\"search_term_string\"}}],\"inLanguage\":\"en-US\"},{\"@type\":\"Organization\",\"@id\":\"https:\\\/\\\/rapidetech.com.br\\\/#organization\",\"name\":\"Rapidetech\",\"url\":\"https:\\\/\\\/rapidetech.com.br\\\/\",\"logo\":{\"@type\":\"ImageObject\",\"inLanguage\":\"en-US\",\"@id\":\"https:\\\/\\\/rapidetech.com.br\\\/#\\\/schema\\\/logo\\\/image\\\/\",\"url\":\"https:\\\/\\\/rapidetech.com.br\\\/wp-content\\\/uploads\\\/2022\\\/08\\\/RAPIDETECH-AUDIO-E-VIDEO.jpg\",\"contentUrl\":\"https:\\\/\\\/rapidetech.com.br\\\/wp-content\\\/uploads\\\/2022\\\/08\\\/RAPIDETECH-AUDIO-E-VIDEO.jpg\",\"width\":236,\"height\":213,\"caption\":\"Rapidetech\"},\"image\":{\"@id\":\"https:\\\/\\\/rapidetech.com.br\\\/#\\\/schema\\\/logo\\\/image\\\/\"},\"sameAs\":[\"https:\\\/\\\/rapidetech.com.br\\\/\",\"https:\\\/\\\/www.youtube.com\\\/channel\\\/UCQWlsTr9MvbqwWAekYtMNLQ\"]}]}<\/script>\n<!-- \/ Yoast SEO plugin. -->","yoast_head_json":{"title":"Kit 2 pilhas recarregaveis AAA Panasonic serve 550 \/630 \/650\/ 700 mah 1,2 V - Rapidetech","description":"\"Obtenha energia confi\\u00e1vel e duradoura com o Kit de 2 Pilhas Recarreg\\u00e1veis AAA Panasonic, cada uma com uma capacidade de 630mAh e tens\\u00e3o de 1,2V. Estas pilhas s\\u00e3o ideais para dispositivos de uso di\\u00e1rio, como controles remotos, brinquedos,tels sem fio, e muito mais. Economize dinheiro a longo prazo e reduza o desperd\\u00edcio ambiental, pois essas pilhas podem ser recarregadas centenas de vezes. Mantenha seus dispositivos funcionando sem interrup\\u00e7\\u00f5es com o desempenho de qualidade da Panasonic.\"","robots":{"index":"index","follow":"follow","max-snippet":"max-snippet:-1","max-image-preview":"max-image-preview:large","max-video-preview":"max-video-preview:-1"},"canonical":"https:\/\/rapidetech.com.br\/en\/product\/kit-de-2-baterias-recarregaveis-aaa-panasonic-630-mah-12-v\/","og_locale":"en_US","og_type":"article","og_title":"Kit 2 pilhas recarregaveis AAA Panasonic serve 550 \/630 \/650\/ 700 mah 1,2 V - Rapidetech","og_description":"\"Obtenha energia confi\u00e1vel e duradoura com o Kit de 2 Pilhas Recarreg\u00e1veis AAA Panasonic, cada uma com uma capacidade de 630mAh e tens\u00e3o de 1,2V. Estas pilhas s\u00e3o ideais para dispositivos de uso di\u00e1rio, como controles remotos, brinquedos,tels sem fio, e muito mais. Economize dinheiro a longo prazo e reduza o desperd\u00edcio ambiental, pois essas pilhas podem ser recarregadas centenas de vezes. Mantenha seus dispositivos funcionando sem interrup\u00e7\u00f5es com o desempenho de qualidade da Panasonic.\"","og_url":"https:\/\/rapidetech.com.br\/en\/product\/kit-de-2-baterias-recarregaveis-aaa-panasonic-630-mah-12-v\/","og_site_name":"Rapidetech","article_modified_time":"2026-04-23T18:00:12+00:00","og_image":[{"width":626,"height":728,"url":"https:\/\/rapidetech.com.br\/wp-content\/uploads\/2022\/08\/D_NQ_NP_2X_753661-MLB46120102881_052021-F-e1693605132351.webp","type":"image\/webp"}],"twitter_card":"summary_large_image","twitter_misc":{"Est. reading time":"2 minutes"},"schema":{"@context":"https:\/\/schema.org","@graph":[{"@type":"WebPage","@id":"https:\/\/rapidetech.com.br\/produto\/kit-de-2-baterias-recarregaveis-aaa-panasonic-630-mah-12-v\/","url":"https:\/\/rapidetech.com.br\/produto\/kit-de-2-baterias-recarregaveis-aaa-panasonic-630-mah-12-v\/","name":"Kit 2 pilhas recarregaveis AAA Panasonic serve 550 \/630 \/650\/ 700 mah 1,2 V - Rapidetech","isPartOf":{"@id":"https:\/\/rapidetech.com.br\/#website"},"primaryImageOfPage":{"@id":"https:\/\/rapidetech.com.br\/produto\/kit-de-2-baterias-recarregaveis-aaa-panasonic-630-mah-12-v\/#primaryimage"},"image":{"@id":"https:\/\/rapidetech.com.br\/produto\/kit-de-2-baterias-recarregaveis-aaa-panasonic-630-mah-12-v\/#primaryimage"},"thumbnailUrl":"https:\/\/rapidetech.com.br\/wp-content\/uploads\/2022\/08\/D_NQ_NP_2X_753661-MLB46120102881_052021-F-e1693605132351.webp","datePublished":"2022-08-16T11:19:25+00:00","dateModified":"2026-04-23T18:00:12+00:00","description":"\"Obtenha energia confi\\u00e1vel e duradoura com o Kit de 2 Pilhas Recarreg\\u00e1veis AAA Panasonic, cada uma com uma capacidade de 630mAh e tens\\u00e3o de 1,2V. Estas pilhas s\\u00e3o ideais para dispositivos de uso di\\u00e1rio, como controles remotos, brinquedos,tels sem fio, e muito mais. Economize dinheiro a longo prazo e reduza o desperd\\u00edcio ambiental, pois essas pilhas podem ser recarregadas centenas de vezes. Mantenha seus dispositivos funcionando sem interrup\\u00e7\\u00f5es com o desempenho de qualidade da Panasonic.\"","breadcrumb":{"@id":"https:\/\/rapidetech.com.br\/produto\/kit-de-2-baterias-recarregaveis-aaa-panasonic-630-mah-12-v\/#breadcrumb"},"inLanguage":"en-US","potentialAction":[{"@type":"ReadAction","target":["https:\/\/rapidetech.com.br\/produto\/kit-de-2-baterias-recarregaveis-aaa-panasonic-630-mah-12-v\/"]}]},{"@type":"ImageObject","inLanguage":"en-US","@id":"https:\/\/rapidetech.com.br\/produto\/kit-de-2-baterias-recarregaveis-aaa-panasonic-630-mah-12-v\/#primaryimage","url":"https:\/\/rapidetech.com.br\/wp-content\/uploads\/2022\/08\/D_NQ_NP_2X_753661-MLB46120102881_052021-F-e1693605132351.webp","contentUrl":"https:\/\/rapidetech.com.br\/wp-content\/uploads\/2022\/08\/D_NQ_NP_2X_753661-MLB46120102881_052021-F-e1693605132351.webp","width":626,"height":728},{"@type":"BreadcrumbList","@id":"https:\/\/rapidetech.com.br\/produto\/kit-de-2-baterias-recarregaveis-aaa-panasonic-630-mah-12-v\/#breadcrumb","itemListElement":[{"@type":"ListItem","position":1,"name":"In\u00edcio","item":"https:\/\/rapidetech.com.br\/"},{"@type":"ListItem","position":2,"name":"Produtos","item":"https:\/\/rapidetech.com.br\/produtos\/"},{"@type":"ListItem","position":3,"name":"Kit 2 pilhas recarregaveis AAA Panasonic serve 550 \/630 \/650\/ 700 mah 1,2 V"}]},{"@type":"WebSite","@id":"https:\/\/rapidetech.com.br\/#website","url":"https:\/\/rapidetech.com.br\/","name":"Rapidetech","description":"Audio e video","publisher":{"@id":"https:\/\/rapidetech.com.br\/#organization"},"potentialAction":[{"@type":"SearchAction","target":{"@type":"EntryPoint","urlTemplate":"https:\/\/rapidetech.com.br\/?s={search_term_string}"},"query-input":{"@type":"PropertyValueSpecification","valueRequired":true,"valueName":"search_term_string"}}],"inLanguage":"en-US"},{"@type":"Organization","@id":"https:\/\/rapidetech.com.br\/#organization","name":"Rapidetech","url":"https:\/\/rapidetech.com.br\/","logo":{"@type":"ImageObject","inLanguage":"en-US","@id":"https:\/\/rapidetech.com.br\/#\/schema\/logo\/image\/","url":"https:\/\/rapidetech.com.br\/wp-content\/uploads\/2022\/08\/RAPIDETECH-AUDIO-E-VIDEO.jpg","contentUrl":"https:\/\/rapidetech.com.br\/wp-content\/uploads\/2022\/08\/RAPIDETECH-AUDIO-E-VIDEO.jpg","width":236,"height":213,"caption":"Rapidetech"},"image":{"@id":"https:\/\/rapidetech.com.br\/#\/schema\/logo\/image\/"},"sameAs":["https:\/\/rapidetech.com.br\/","https:\/\/www.youtube.com\/channel\/UCQWlsTr9MvbqwWAekYtMNLQ"]}]}},"_links":{"self":[{"href":"https:\/\/rapidetech.com.br\/en\/wp-json\/wp\/v2\/product\/45059","targetHints":{"allow":["GET"]}}],"collection":[{"href":"https:\/\/rapidetech.com.br\/en\/wp-json\/wp\/v2\/product"}],"about":[{"href":"https:\/\/rapidetech.com.br\/en\/wp-json\/wp\/v2\/types\/product"}],"replies":[{"embeddable":true,"href":"https:\/\/rapidetech.com.br\/en\/wp-json\/wp\/v2\/comments?post=45059"}],"version-history":[{"count":1,"href":"https:\/\/rapidetech.com.br\/en\/wp-json\/wp\/v2\/product\/45059\/revisions"}],"predecessor-version":[{"id":58492,"href":"https:\/\/rapidetech.com.br\/en\/wp-json\/wp\/v2\/product\/45059\/revisions\/58492"}],"wp:featuredmedia":[{"embeddable":true,"href":"https:\/\/rapidetech.com.br\/en\/wp-json\/wp\/v2\/media\/50791"}],"wp:attachment":[{"href":"https:\/\/rapidetech.com.br\/en\/wp-json\/wp\/v2\/media?parent=45059"}],"wp:term":[{"taxonomy":"product_brand","embeddable":true,"href":"https:\/\/rapidetech.com.br\/en\/wp-json\/wp\/v2\/product_brand?post=45059"},{"taxonomy":"product_cat","embeddable":true,"href":"https:\/\/rapidetech.com.br\/en\/wp-json\/wp\/v2\/product_cat?post=45059"},{"taxonomy":"product_tag","embeddable":true,"href":"https:\/\/rapidetech.com.br\/en\/wp-json\/wp\/v2\/product_tag?post=45059"}],"curies":[{"name":"wp","href":"https:\/\/api.w.org\/{rel}","templated":true}]}}