{"id":46475,"date":"2022-10-18T11:07:36","date_gmt":"2022-10-18T14:07:36","guid":{"rendered":"https:\/\/rapidetech.com.br\/?post_type=product&#038;p=46475"},"modified":"2025-04-08T14:56:29","modified_gmt":"2025-04-08T17:56:29","slug":"32-protetores-termoretrateis-para-plug-banana-ou-spade-nakamichi","status":"publish","type":"product","link":"https:\/\/rapidetech.com.br\/en\/product\/32-protetores-termoretrateis-para-plug-banana-ou-spade-nakamichi\/","title":{"rendered":"32 protetores termoretrateis para plug banana ou spade Nakamichi"},"content":{"rendered":"<h1><b>32 Protetores Plug Banana Nakamichi<\/b><\/h1>\n<h3><b>\u00a0Descri\u00e7\u00e3o dos Protetores de <\/b><b>Plug Banana Nakamichi\u00a0<\/b><\/h3>\n<ul>\n<li style=\"font-weight: 400;\"><span style=\"font-weight: 400;\">Produto importado<\/span><\/li>\n<li style=\"font-weight: 400;\"><span style=\"font-weight: 400;\">Termo Retr\u00e1til\u00a0<\/span><\/li>\n<li style=\"font-weight: 400;\"><span style=\"font-weight: 400;\">10 cm de comprimento<\/span><\/li>\n<li style=\"font-weight: 400;\"><span style=\"font-weight: 400;\">Isolante retr\u00e1til de alta qualidade para plugs de \u00e1udio (Nakamichi,Wbt).<\/span><\/li>\n<li style=\"font-weight: 400;\"><span style=\"font-weight: 400;\">Livre de halog\u00eanios e de metais pesados.<\/span><\/li>\n<li style=\"font-weight: 400;\"><span style=\"font-weight: 400;\">Atende a norma Rohs.<\/span><\/li>\n<li style=\"font-weight: 400;\"><span style=\"font-weight: 400;\">Temperatura de Utiliza\u00e7\u00e3o = -55\u00b0C a +125\u00b0C.<\/span><\/li>\n<li style=\"font-weight: 400;\"><span style=\"font-weight: 400;\">Temperatura de Contra\u00e7\u00e3o = 90\u00b0C.<\/span><\/li>\n<li style=\"font-weight: 400;\"><span style=\"font-weight: 400;\">Flamabilidade = UL vW-1.<\/span><\/li>\n<li style=\"font-weight: 400;\"><span style=\"font-weight: 400;\">Contra\u00e7\u00e3o Longitudinal Inferior a 5%.<\/span><\/li>\n<\/ul>\n<p><span style=\"font-weight: 400;\">Conte\u00fado da embalagem:<\/span><\/p>\n<ul>\n<li style=\"font-weight: 400;\"><span style=\"font-weight: 400;\">16 protetores<\/span><span style=\"font-weight: 400;\">\u00a0de plugs pretos<\/span><\/li>\n<li style=\"font-weight: 400;\"><span style=\"font-weight: 400;\">16 <\/span>protetores de plugs vermelhos<\/li>\n<li style=\"font-weight: 400;\"><b>Deseja uma quantidade maior de protetores de plug?<\/b><span style=\"font-weight: 400;\"> Basta aumentar a quantidade no seu carrinho de compras!<\/span><\/li>\n<\/ul>\n<h3><b>Protetor de Plug Banana compat\u00edvel<\/b><\/h3>\n<p><b><br \/>\n<\/b><span style=\"font-weight: 400;\">Os protetores de plug vendidos pela Rapide Tech s\u00e3o compat\u00edveis com plugs Nakamichi e Wbt.<\/span><\/p>\n<h3><b>Protetor de Plug Banana, por que usar?<\/b><\/h3>\n<p><span style=\"font-weight: 400;\"><br \/>\n<\/span><span style=\"font-weight: 400;\">Os protetores de Plug Banana s\u00e3o essenciais para conservar, proteger e dar acabamento aos seus fios de caixa de som. Caso deseje comprar protetores para os seus plugs, visite a nossa aba \u201cPromo\u00e7\u00f5es\u201d e confira os kits de Plugs + Protetores.<\/span><\/p>\n<p>&nbsp;<\/p>","protected":false},"excerpt":{"rendered":"<h3><b>\u00a0Protetores de <\/b><b>Plug Banana Nakamichi\u00a0<\/b><\/h3>\n<ul>\n<li style=\"font-weight: 400;\"><span style=\"font-weight: 400;\">Produto importado<\/span><\/li>\n<li style=\"font-weight: 400;\"><span style=\"font-weight: 400;\">Termo Retr\u00e1til\u00a0<\/span><\/li>\n<li style=\"font-weight: 400;\"><span style=\"font-weight: 400;\">10 cm de comprimento<\/span><\/li>\n<li style=\"font-weight: 400;\"><span style=\"font-weight: 400;\">Isolante retr\u00e1til de alta qualidade para plugs de \u00e1udio (Nakamichi,Wbt).<\/span><\/li>\n<li style=\"font-weight: 400;\"><span style=\"font-weight: 400;\">Livre de halog\u00eanios e de metais pesados.<\/span><\/li>\n<li style=\"font-weight: 400;\"><span style=\"font-weight: 400;\">Atende a norma Rohs.<\/span><\/li>\n<li style=\"font-weight: 400;\"><span style=\"font-weight: 400;\">Temperatura de Utiliza\u00e7\u00e3o = -55\u00b0C a +125\u00b0C.<\/span><\/li>\n<li style=\"font-weight: 400;\"><span style=\"font-weight: 400;\">Temperatura de Contra\u00e7\u00e3o = 90\u00b0C.<\/span><\/li>\n<li style=\"font-weight: 400;\"><span style=\"font-weight: 400;\">Flamabilidade = UL vW-1.<\/span><\/li>\n<li style=\"font-weight: 400;\"><span style=\"font-weight: 400;\">Contra\u00e7\u00e3o Longitudinal Inferior a 5%.<\/span><\/li>\n<\/ul>\n<p><span style=\"font-weight: 400;\">Conte\u00fado da embalagem:<\/span><\/p>\n<ul>\n<li style=\"font-weight: 400;\"><span style=\"font-weight: 400;\">10 protetores de plugs pretos<\/span><\/li>\n<li style=\"font-weight: 400;\"><span style=\"font-weight: 400;\">10 protetores de plugs vermelhos<\/span><\/li>\n<li style=\"font-weight: 400;\"><b>Deseja uma quantidade maior de protetores de plug?<\/b><span style=\"font-weight: 400;\"> Basta aumentar a quantidade no seu carrinho de compras!<\/span><\/li>\n<\/ul>","protected":false},"featured_media":46478,"comment_status":"closed","ping_status":"closed","template":"","meta":[],"product_brand":[],"product_cat":[18,22],"product_tag":[44,25,26],"class_list":{"0":"post-46475","1":"product","2":"type-product","3":"status-publish","4":"has-post-thumbnail","6":"product_cat-accessorios","7":"product_cat-audio","8":"product_tag-banana","9":"product_tag-nakamichi","10":"product_tag-plugs","11":"product_shipping_class-normal","13":"first","14":"instock","15":"purchasable","16":"product-type-simple"},"yoast_head":"<!-- This site is optimized with the Yoast SEO plugin v27.4 - https:\/\/yoast.com\/product\/yoast-seo-wordpress\/ -->\n<title>32 protetores termoretrateis para plug banana ou spade Nakamichi - Rapidetech<\/title>\n<meta name=\"robots\" content=\"index, follow, max-snippet:-1, max-image-preview:large, max-video-preview:-1\" \/>\n<link rel=\"canonical\" href=\"https:\/\/rapidetech.com.br\/en\/product\/32-protetores-termoretrateis-para-plug-banana-ou-spade-nakamichi\/\" \/>\n<meta property=\"og:locale\" content=\"en_US\" \/>\n<meta property=\"og:type\" content=\"article\" \/>\n<meta property=\"og:title\" content=\"32 protetores termoretrateis para plug banana ou spade Nakamichi - Rapidetech\" \/>\n<meta property=\"og:description\" content=\"\u00a0Protetores de Plug Banana Nakamichi\u00a0   Produto importado  Termo Retr\u00e1til\u00a0  10 cm de comprimento  Isolante retr\u00e1til de alta qualidade para plugs de \u00e1udio (Nakamichi,Wbt).  Livre de halog\u00eanios e de metais pesados.  Atende a norma Rohs.  Temperatura de Utiliza\u00e7\u00e3o = -55\u00b0C a +125\u00b0C.  Temperatura de Contra\u00e7\u00e3o = 90\u00b0C.  Flamabilidade = UL vW-1.  Contra\u00e7\u00e3o Longitudinal Inferior a 5%.  Conte\u00fado da embalagem:   10 protetores de plugs pretos  10 protetores de plugs vermelhos  Deseja uma quantidade maior de protetores de plug? Basta aumentar a quantidade no seu carrinho de compras!\" \/>\n<meta property=\"og:url\" content=\"https:\/\/rapidetech.com.br\/en\/product\/32-protetores-termoretrateis-para-plug-banana-ou-spade-nakamichi\/\" \/>\n<meta property=\"og:site_name\" content=\"Rapidetech\" \/>\n<meta property=\"article:modified_time\" content=\"2025-04-08T17:56:29+00:00\" \/>\n<meta property=\"og:image\" content=\"https:\/\/rapidetech.com.br\/wp-content\/uploads\/2022\/10\/AnyConv.com___DSC0821-e1693946625246.webp\" \/>\n\t<meta property=\"og:image:width\" content=\"500\" \/>\n\t<meta property=\"og:image:height\" content=\"500\" \/>\n\t<meta property=\"og:image:type\" content=\"image\/webp\" \/>\n<meta name=\"twitter:card\" content=\"summary_large_image\" \/>\n<meta name=\"twitter:label1\" content=\"Est. reading time\" \/>\n\t<meta name=\"twitter:data1\" content=\"2 minutes\" \/>\n<script type=\"application\/ld+json\" class=\"yoast-schema-graph\">{\"@context\":\"https:\\\/\\\/schema.org\",\"@graph\":[{\"@type\":\"WebPage\",\"@id\":\"https:\\\/\\\/rapidetech.com.br\\\/produto\\\/32-protetores-termoretrateis-para-plug-banana-ou-spade-nakamichi\\\/\",\"url\":\"https:\\\/\\\/rapidetech.com.br\\\/produto\\\/32-protetores-termoretrateis-para-plug-banana-ou-spade-nakamichi\\\/\",\"name\":\"32 protetores termoretrateis para plug banana ou spade Nakamichi - Rapidetech\",\"isPartOf\":{\"@id\":\"https:\\\/\\\/rapidetech.com.br\\\/#website\"},\"primaryImageOfPage\":{\"@id\":\"https:\\\/\\\/rapidetech.com.br\\\/produto\\\/32-protetores-termoretrateis-para-plug-banana-ou-spade-nakamichi\\\/#primaryimage\"},\"image\":{\"@id\":\"https:\\\/\\\/rapidetech.com.br\\\/produto\\\/32-protetores-termoretrateis-para-plug-banana-ou-spade-nakamichi\\\/#primaryimage\"},\"thumbnailUrl\":\"https:\\\/\\\/rapidetech.com.br\\\/wp-content\\\/uploads\\\/2022\\\/10\\\/AnyConv.com___DSC0821-e1693946625246.webp\",\"datePublished\":\"2022-10-18T14:07:36+00:00\",\"dateModified\":\"2025-04-08T17:56:29+00:00\",\"breadcrumb\":{\"@id\":\"https:\\\/\\\/rapidetech.com.br\\\/produto\\\/32-protetores-termoretrateis-para-plug-banana-ou-spade-nakamichi\\\/#breadcrumb\"},\"inLanguage\":\"en-US\",\"potentialAction\":[{\"@type\":\"ReadAction\",\"target\":[\"https:\\\/\\\/rapidetech.com.br\\\/produto\\\/32-protetores-termoretrateis-para-plug-banana-ou-spade-nakamichi\\\/\"]}]},{\"@type\":\"ImageObject\",\"inLanguage\":\"en-US\",\"@id\":\"https:\\\/\\\/rapidetech.com.br\\\/produto\\\/32-protetores-termoretrateis-para-plug-banana-ou-spade-nakamichi\\\/#primaryimage\",\"url\":\"https:\\\/\\\/rapidetech.com.br\\\/wp-content\\\/uploads\\\/2022\\\/10\\\/AnyConv.com___DSC0821-e1693946625246.webp\",\"contentUrl\":\"https:\\\/\\\/rapidetech.com.br\\\/wp-content\\\/uploads\\\/2022\\\/10\\\/AnyConv.com___DSC0821-e1693946625246.webp\",\"width\":500,\"height\":500},{\"@type\":\"BreadcrumbList\",\"@id\":\"https:\\\/\\\/rapidetech.com.br\\\/produto\\\/32-protetores-termoretrateis-para-plug-banana-ou-spade-nakamichi\\\/#breadcrumb\",\"itemListElement\":[{\"@type\":\"ListItem\",\"position\":1,\"name\":\"In\u00edcio\",\"item\":\"https:\\\/\\\/rapidetech.com.br\\\/\"},{\"@type\":\"ListItem\",\"position\":2,\"name\":\"Produtos\",\"item\":\"https:\\\/\\\/rapidetech.com.br\\\/produtos\\\/\"},{\"@type\":\"ListItem\",\"position\":3,\"name\":\"32 protetores termoretrateis para plug banana ou spade Nakamichi\"}]},{\"@type\":\"WebSite\",\"@id\":\"https:\\\/\\\/rapidetech.com.br\\\/#website\",\"url\":\"https:\\\/\\\/rapidetech.com.br\\\/\",\"name\":\"Rapidetech\",\"description\":\"Audio e video\",\"publisher\":{\"@id\":\"https:\\\/\\\/rapidetech.com.br\\\/#organization\"},\"potentialAction\":[{\"@type\":\"SearchAction\",\"target\":{\"@type\":\"EntryPoint\",\"urlTemplate\":\"https:\\\/\\\/rapidetech.com.br\\\/?s={search_term_string}\"},\"query-input\":{\"@type\":\"PropertyValueSpecification\",\"valueRequired\":true,\"valueName\":\"search_term_string\"}}],\"inLanguage\":\"en-US\"},{\"@type\":\"Organization\",\"@id\":\"https:\\\/\\\/rapidetech.com.br\\\/#organization\",\"name\":\"Rapidetech\",\"url\":\"https:\\\/\\\/rapidetech.com.br\\\/\",\"logo\":{\"@type\":\"ImageObject\",\"inLanguage\":\"en-US\",\"@id\":\"https:\\\/\\\/rapidetech.com.br\\\/#\\\/schema\\\/logo\\\/image\\\/\",\"url\":\"https:\\\/\\\/rapidetech.com.br\\\/wp-content\\\/uploads\\\/2022\\\/08\\\/RAPIDETECH-AUDIO-E-VIDEO.jpg\",\"contentUrl\":\"https:\\\/\\\/rapidetech.com.br\\\/wp-content\\\/uploads\\\/2022\\\/08\\\/RAPIDETECH-AUDIO-E-VIDEO.jpg\",\"width\":236,\"height\":213,\"caption\":\"Rapidetech\"},\"image\":{\"@id\":\"https:\\\/\\\/rapidetech.com.br\\\/#\\\/schema\\\/logo\\\/image\\\/\"},\"sameAs\":[\"https:\\\/\\\/rapidetech.com.br\\\/\",\"https:\\\/\\\/www.youtube.com\\\/channel\\\/UCQWlsTr9MvbqwWAekYtMNLQ\"]}]}<\/script>\n<!-- \/ Yoast SEO plugin. -->","yoast_head_json":{"title":"32 protetores termoretrateis para plug banana ou spade Nakamichi - Rapidetech","robots":{"index":"index","follow":"follow","max-snippet":"max-snippet:-1","max-image-preview":"max-image-preview:large","max-video-preview":"max-video-preview:-1"},"canonical":"https:\/\/rapidetech.com.br\/en\/product\/32-protetores-termoretrateis-para-plug-banana-ou-spade-nakamichi\/","og_locale":"en_US","og_type":"article","og_title":"32 protetores termoretrateis para plug banana ou spade Nakamichi - Rapidetech","og_description":"\u00a0Protetores de Plug Banana Nakamichi\u00a0   Produto importado  Termo Retr\u00e1til\u00a0  10 cm de comprimento  Isolante retr\u00e1til de alta qualidade para plugs de \u00e1udio (Nakamichi,Wbt).  Livre de halog\u00eanios e de metais pesados.  Atende a norma Rohs.  Temperatura de Utiliza\u00e7\u00e3o = -55\u00b0C a +125\u00b0C.  Temperatura de Contra\u00e7\u00e3o = 90\u00b0C.  Flamabilidade = UL vW-1.  Contra\u00e7\u00e3o Longitudinal Inferior a 5%.  Conte\u00fado da embalagem:   10 protetores de plugs pretos  10 protetores de plugs vermelhos  Deseja uma quantidade maior de protetores de plug? Basta aumentar a quantidade no seu carrinho de compras!","og_url":"https:\/\/rapidetech.com.br\/en\/product\/32-protetores-termoretrateis-para-plug-banana-ou-spade-nakamichi\/","og_site_name":"Rapidetech","article_modified_time":"2025-04-08T17:56:29+00:00","og_image":[{"width":500,"height":500,"url":"https:\/\/rapidetech.com.br\/wp-content\/uploads\/2022\/10\/AnyConv.com___DSC0821-e1693946625246.webp","type":"image\/webp"}],"twitter_card":"summary_large_image","twitter_misc":{"Est. reading time":"2 minutes"},"schema":{"@context":"https:\/\/schema.org","@graph":[{"@type":"WebPage","@id":"https:\/\/rapidetech.com.br\/produto\/32-protetores-termoretrateis-para-plug-banana-ou-spade-nakamichi\/","url":"https:\/\/rapidetech.com.br\/produto\/32-protetores-termoretrateis-para-plug-banana-ou-spade-nakamichi\/","name":"32 protetores termoretrateis para plug banana ou spade Nakamichi - Rapidetech","isPartOf":{"@id":"https:\/\/rapidetech.com.br\/#website"},"primaryImageOfPage":{"@id":"https:\/\/rapidetech.com.br\/produto\/32-protetores-termoretrateis-para-plug-banana-ou-spade-nakamichi\/#primaryimage"},"image":{"@id":"https:\/\/rapidetech.com.br\/produto\/32-protetores-termoretrateis-para-plug-banana-ou-spade-nakamichi\/#primaryimage"},"thumbnailUrl":"https:\/\/rapidetech.com.br\/wp-content\/uploads\/2022\/10\/AnyConv.com___DSC0821-e1693946625246.webp","datePublished":"2022-10-18T14:07:36+00:00","dateModified":"2025-04-08T17:56:29+00:00","breadcrumb":{"@id":"https:\/\/rapidetech.com.br\/produto\/32-protetores-termoretrateis-para-plug-banana-ou-spade-nakamichi\/#breadcrumb"},"inLanguage":"en-US","potentialAction":[{"@type":"ReadAction","target":["https:\/\/rapidetech.com.br\/produto\/32-protetores-termoretrateis-para-plug-banana-ou-spade-nakamichi\/"]}]},{"@type":"ImageObject","inLanguage":"en-US","@id":"https:\/\/rapidetech.com.br\/produto\/32-protetores-termoretrateis-para-plug-banana-ou-spade-nakamichi\/#primaryimage","url":"https:\/\/rapidetech.com.br\/wp-content\/uploads\/2022\/10\/AnyConv.com___DSC0821-e1693946625246.webp","contentUrl":"https:\/\/rapidetech.com.br\/wp-content\/uploads\/2022\/10\/AnyConv.com___DSC0821-e1693946625246.webp","width":500,"height":500},{"@type":"BreadcrumbList","@id":"https:\/\/rapidetech.com.br\/produto\/32-protetores-termoretrateis-para-plug-banana-ou-spade-nakamichi\/#breadcrumb","itemListElement":[{"@type":"ListItem","position":1,"name":"In\u00edcio","item":"https:\/\/rapidetech.com.br\/"},{"@type":"ListItem","position":2,"name":"Produtos","item":"https:\/\/rapidetech.com.br\/produtos\/"},{"@type":"ListItem","position":3,"name":"32 protetores termoretrateis para plug banana ou spade Nakamichi"}]},{"@type":"WebSite","@id":"https:\/\/rapidetech.com.br\/#website","url":"https:\/\/rapidetech.com.br\/","name":"Rapidetech","description":"Audio e video","publisher":{"@id":"https:\/\/rapidetech.com.br\/#organization"},"potentialAction":[{"@type":"SearchAction","target":{"@type":"EntryPoint","urlTemplate":"https:\/\/rapidetech.com.br\/?s={search_term_string}"},"query-input":{"@type":"PropertyValueSpecification","valueRequired":true,"valueName":"search_term_string"}}],"inLanguage":"en-US"},{"@type":"Organization","@id":"https:\/\/rapidetech.com.br\/#organization","name":"Rapidetech","url":"https:\/\/rapidetech.com.br\/","logo":{"@type":"ImageObject","inLanguage":"en-US","@id":"https:\/\/rapidetech.com.br\/#\/schema\/logo\/image\/","url":"https:\/\/rapidetech.com.br\/wp-content\/uploads\/2022\/08\/RAPIDETECH-AUDIO-E-VIDEO.jpg","contentUrl":"https:\/\/rapidetech.com.br\/wp-content\/uploads\/2022\/08\/RAPIDETECH-AUDIO-E-VIDEO.jpg","width":236,"height":213,"caption":"Rapidetech"},"image":{"@id":"https:\/\/rapidetech.com.br\/#\/schema\/logo\/image\/"},"sameAs":["https:\/\/rapidetech.com.br\/","https:\/\/www.youtube.com\/channel\/UCQWlsTr9MvbqwWAekYtMNLQ"]}]}},"_links":{"self":[{"href":"https:\/\/rapidetech.com.br\/en\/wp-json\/wp\/v2\/product\/46475","targetHints":{"allow":["GET"]}}],"collection":[{"href":"https:\/\/rapidetech.com.br\/en\/wp-json\/wp\/v2\/product"}],"about":[{"href":"https:\/\/rapidetech.com.br\/en\/wp-json\/wp\/v2\/types\/product"}],"replies":[{"embeddable":true,"href":"https:\/\/rapidetech.com.br\/en\/wp-json\/wp\/v2\/comments?post=46475"}],"version-history":[{"count":0,"href":"https:\/\/rapidetech.com.br\/en\/wp-json\/wp\/v2\/product\/46475\/revisions"}],"wp:featuredmedia":[{"embeddable":true,"href":"https:\/\/rapidetech.com.br\/en\/wp-json\/wp\/v2\/media\/46478"}],"wp:attachment":[{"href":"https:\/\/rapidetech.com.br\/en\/wp-json\/wp\/v2\/media?parent=46475"}],"wp:term":[{"taxonomy":"product_brand","embeddable":true,"href":"https:\/\/rapidetech.com.br\/en\/wp-json\/wp\/v2\/product_brand?post=46475"},{"taxonomy":"product_cat","embeddable":true,"href":"https:\/\/rapidetech.com.br\/en\/wp-json\/wp\/v2\/product_cat?post=46475"},{"taxonomy":"product_tag","embeddable":true,"href":"https:\/\/rapidetech.com.br\/en\/wp-json\/wp\/v2\/product_tag?post=46475"}],"curies":[{"name":"wp","href":"https:\/\/api.w.org\/{rel}","templated":true}]}}