{"id":46492,"date":"2022-10-19T13:16:02","date_gmt":"2022-10-19T16:16:02","guid":{"rendered":"https:\/\/rapidetech.com.br\/?post_type=product&#038;p=46492"},"modified":"2026-04-17T12:23:56","modified_gmt":"2026-04-17T15:23:56","slug":"bateria-canon-lp-e6nh","status":"publish","type":"product","link":"https:\/\/rapidetech.com.br\/en\/product\/bateria-canon-lp-e6nh\/","title":{"rendered":"Bateria Canon LP-E6NH R5 ,R6, 5D MARK IV\/III\/II,90 D, 80D, 70D, 60D, 7D , 6D\/ 6D MARK II (original )"},"content":{"rendered":"<h1><b>Bateria Canon\u00a0 LP-E6NH &#8211; (original )-<\/b><\/h1>\n<h3><em><b>\u00a0 Descri\u00e7\u00e3o da <\/b><b>Bateria LP-E6NH\u00a0<\/b><\/em><\/h3>\n<ul>\n<li style=\"font-weight: 400;\"><span style=\"font-weight: 400;\">Bateria Canon LP-E6NH\u00a0<\/span><span style=\"font-weight: 400;\"> (h\u00e1 diferentes layouts a partir de agosto 2025 dependendo do pais de origem )<\/span><\/li>\n<li style=\"font-weight: 400;\"><span style=\"font-weight: 400;\">Recarreg\u00e1vel 7.2V<\/span><\/li>\n<li style=\"font-weight: 400;\"><span style=\"font-weight: 400;\">Capacidade da bateria: 2130 mAh a 2750 mah(Depende do pais de fabrica\u00e7\u00e3o de origem)<\/span><\/li>\n<li style=\"font-weight: 400;\"><span style=\"font-weight: 400;\">\u00a0Tens\u00e3o de sa\u00edda: 7,2 V<\/span><\/li>\n<\/ul>\n<p><span style=\"font-weight: 400;\">\u00a0<\/span><\/p>\n<p><em><span style=\"font-weight: 400;\"><strong>Conte\u00fado da embalagem<\/strong>:<\/span><\/em><\/p>\n<ul>\n<li style=\"font-weight: 400;\"><span style=\"font-weight: 400;\">01 Bateria Canon LP-E6NH<\/span><span style=\"font-weight: 400;\">\u00a0<\/span><\/li>\n<li style=\"font-weight: 400;\"><span style=\"font-weight: 400;\">\u00a001 Caixa lacrada<\/span><\/li>\n<li style=\"font-weight: 400;\"><span style=\"font-weight: 400;\">\u00a001 Manual em ingl\u00eas<\/span><\/li>\n<li>Dimens\u00f5es aprox.: (L x A x P)<br \/>\n38.4 x 21 x 56.8 mm<br \/>\nPeso aprox.: entre 90g e 110g<\/li>\n<\/ul>\n<h3><\/h3>\n<p>&nbsp;<\/p>\n<h3>Bateria<b> Canon LP-E6NH \u00e9 compat\u00edvel com:\u00a0<\/b><\/h3>\n<ul>\n<li>R7<\/li>\n<li>R5<\/li>\n<li style=\"font-weight: 400;\"><span style=\"font-weight: 400;\">R6<\/span><\/li>\n<li style=\"font-weight: 400;\"><span style=\"font-weight: 400;\">5D MARK IV \/ III \/ II<\/span><\/li>\n<li style=\"font-weight: 400;\"><span style=\"font-weight: 400;\">90 D<\/span><\/li>\n<li style=\"font-weight: 400;\"><span style=\"font-weight: 400;\">80 D<\/span><\/li>\n<li style=\"font-weight: 400;\"><span style=\"font-weight: 400;\">70 D<\/span><\/li>\n<li style=\"font-weight: 400;\"><span style=\"font-weight: 400;\">60 D<\/span><\/li>\n<li style=\"font-weight: 400;\"><span style=\"font-weight: 400;\">7 D<\/span><\/li>\n<li style=\"font-weight: 400;\"><span style=\"font-weight: 400;\">6D\/6D MARK II<\/span><\/li>\n<li style=\"font-weight: 400;\"><span style=\"font-weight: 400;\">Ou seja compat\u00edvel com todas as c\u00e2meras Canon que usam ainda a bateria LP-E6.<\/span><\/li>\n<\/ul>\n<p>&nbsp;<\/p>\n<p>O.b.s\u00a0 <em>Promo\u00e7\u00e3o tempor\u00e1ria direto fornecedor Canon , poucas unidades\u00a0 !\u00a0 Aproveite\u00a0 !<\/em><\/p>\n<h3><em><b>\u00a0<\/b><\/em><\/h3>","protected":false},"excerpt":{"rendered":"<h3><b>Bateria LP-E6NH\u00a0<\/b><\/h3>\n<ul>\n<li style=\"font-weight: 400;\"><span style=\"font-weight: 400;\">Bateria original Canon <\/span><span style=\"font-weight: 400;\">\u00a0<\/span><\/li>\n<li style=\"font-weight: 400;\"><span style=\"font-weight: 400;\">Recarreg\u00e1vel: 7.2V<\/span><\/li>\n<li style=\"font-weight: 400;\"><span style=\"font-weight: 400;\">\u00a02130 mAh<\/span><\/li>\n<li><span style=\"font-weight: 400;\">Capacidade da bateria: 2130 mAh<\/span><\/li>\n<li style=\"font-weight: 400;\">Dimens\u00f5es aprox.: (L x A x P)<br \/>\n38.4 x 21 x 56.8 mm<br \/>\nPeso aprox.: 90g<\/li>\n<\/ul>\n<p><strong>Conte\u00fado da embalagem:<\/strong><\/p>\n<ul>\n<li style=\"font-weight: 400;\"><span style=\"font-weight: 400;\">01 Bateria original Canon\u00a0<\/span><\/li>\n<li style=\"font-weight: 400;\"><span style=\"font-weight: 400;\">\u00a001 Caixa<\/span><\/li>\n<\/ul>\n<p><span style=\"font-weight: 400;\">\u00a0<\/span><\/p>","protected":false},"featured_media":55647,"comment_status":"open","ping_status":"closed","template":"","meta":[],"product_brand":[],"product_cat":[125,21],"product_tag":[23,357,513,358],"class_list":{"0":"post-46492","1":"product","2":"type-product","3":"status-publish","4":"has-post-thumbnail","6":"product_cat-fotografia","7":"product_cat-video","8":"product_tag-bateria","9":"product_tag-canon","10":"product_tag-canon-lp-e6nh","11":"product_tag-lp-e6nh","12":"product_shipping_class-normal","14":"first","15":"instock","16":"featured","17":"purchasable","18":"product-type-simple"},"yoast_head":"<!-- This site is optimized with the Yoast SEO plugin v27.4 - https:\/\/yoast.com\/product\/yoast-seo-wordpress\/ -->\n<title>Bateria Canon LP-E6NH R5 ,R6, 5D MARK IV\/III\/II,90 D, 80D, 70D, 60D, 7D , 6D\/ 6D MARK II (original ) - Rapidetech<\/title>\n<meta name=\"description\" content=\"&quot;Potencialize seu equipamento fotogr\u00e1fico com a Bateria Canon LP-E6NH. Com uma capacidade de 2130mAh e uma tens\u00e3o de sa\u00edda de 7,2V, esta bateria \u00e9 uma escolha confi\u00e1vel para alimentar suas aventuras fotogr\u00e1ficas. Este pacote inclui a bateria LP-E6NH, uma caixa de prote\u00e7\u00e3o e um manual em ingl\u00eas. A melhor parte ? Ela \u00e9 compat\u00edvel com uma ampla gama de c\u00e2meras, incluindo a R5, R6, 5D Mark IV\/III\/II, 90D, 80D, 70D, 60D, 7D, 6D, e 6D Mark II. N\u00e3o importa qual seja o seu equipamento, a LP-E6NH est\u00e1 pronta para atender \u00e0s suas necessidades de energia, mantendo suas fotos fluindo sem interrup\u00e7\u00f5es.&quot;\" \/>\n<meta name=\"robots\" content=\"index, follow, max-snippet:-1, max-image-preview:large, max-video-preview:-1\" \/>\n<link rel=\"canonical\" href=\"https:\/\/rapidetech.com.br\/en\/product\/bateria-canon-lp-e6nh\/\" \/>\n<meta property=\"og:locale\" content=\"en_US\" \/>\n<meta property=\"og:type\" content=\"article\" \/>\n<meta property=\"og:title\" content=\"Bateria Canon LP-E6NH R5 ,R6, 5D MARK IV\/III\/II,90 D, 80D, 70D, 60D, 7D , 6D\/ 6D MARK II (original ) - Rapidetech\" \/>\n<meta property=\"og:description\" content=\"&quot;Potencialize seu equipamento fotogr\u00e1fico com a Bateria Canon LP-E6NH. Com uma capacidade de 2130mAh e uma tens\u00e3o de sa\u00edda de 7,2V, esta bateria \u00e9 uma escolha confi\u00e1vel para alimentar suas aventuras fotogr\u00e1ficas. Este pacote inclui a bateria LP-E6NH, uma caixa de prote\u00e7\u00e3o e um manual em ingl\u00eas. A melhor parte ? Ela \u00e9 compat\u00edvel com uma ampla gama de c\u00e2meras, incluindo a R5, R6, 5D Mark IV\/III\/II, 90D, 80D, 70D, 60D, 7D, 6D, e 6D Mark II. N\u00e3o importa qual seja o seu equipamento, a LP-E6NH est\u00e1 pronta para atender \u00e0s suas necessidades de energia, mantendo suas fotos fluindo sem interrup\u00e7\u00f5es.&quot;\" \/>\n<meta property=\"og:url\" content=\"https:\/\/rapidetech.com.br\/en\/product\/bateria-canon-lp-e6nh\/\" \/>\n<meta property=\"og:site_name\" content=\"Rapidetech\" \/>\n<meta property=\"article:modified_time\" content=\"2026-04-17T15:23:56+00:00\" \/>\n<meta property=\"og:image\" content=\"https:\/\/rapidetech.com.br\/wp-content\/uploads\/2022\/10\/IMG-20250706-WA0023-Copia-1.jpg\" \/>\n\t<meta property=\"og:image:width\" content=\"960\" \/>\n\t<meta property=\"og:image:height\" content=\"1280\" \/>\n\t<meta property=\"og:image:type\" content=\"image\/jpeg\" \/>\n<meta name=\"twitter:card\" content=\"summary_large_image\" \/>\n<meta name=\"twitter:label1\" content=\"Est. reading time\" \/>\n\t<meta name=\"twitter:data1\" content=\"1 minute\" \/>\n<script type=\"application\/ld+json\" class=\"yoast-schema-graph\">{\"@context\":\"https:\\\/\\\/schema.org\",\"@graph\":[{\"@type\":\"WebPage\",\"@id\":\"https:\\\/\\\/rapidetech.com.br\\\/produto\\\/bateria-canon-lp-e6nh\\\/\",\"url\":\"https:\\\/\\\/rapidetech.com.br\\\/produto\\\/bateria-canon-lp-e6nh\\\/\",\"name\":\"Bateria Canon LP-E6NH R5 ,R6, 5D MARK IV\\\/III\\\/II,90 D, 80D, 70D, 60D, 7D , 6D\\\/ 6D MARK II (original ) - Rapidetech\",\"isPartOf\":{\"@id\":\"https:\\\/\\\/rapidetech.com.br\\\/#website\"},\"primaryImageOfPage\":{\"@id\":\"https:\\\/\\\/rapidetech.com.br\\\/produto\\\/bateria-canon-lp-e6nh\\\/#primaryimage\"},\"image\":{\"@id\":\"https:\\\/\\\/rapidetech.com.br\\\/produto\\\/bateria-canon-lp-e6nh\\\/#primaryimage\"},\"thumbnailUrl\":\"https:\\\/\\\/rapidetech.com.br\\\/wp-content\\\/uploads\\\/2022\\\/10\\\/IMG-20250706-WA0023-Copia-1.jpg\",\"datePublished\":\"2022-10-19T16:16:02+00:00\",\"dateModified\":\"2026-04-17T15:23:56+00:00\",\"description\":\"\\\"Potencialize seu equipamento fotogr\u00e1fico com a Bateria Canon LP-E6NH. Com uma capacidade de 2130mAh e uma tens\u00e3o de sa\u00edda de 7,2V, esta bateria \u00e9 uma escolha confi\u00e1vel para alimentar suas aventuras fotogr\u00e1ficas. Este pacote inclui a bateria LP-E6NH, uma caixa de prote\u00e7\u00e3o e um manual em ingl\u00eas. A melhor parte ? Ela \u00e9 compat\u00edvel com uma ampla gama de c\u00e2meras, incluindo a R5, R6, 5D Mark IV\\\/III\\\/II, 90D, 80D, 70D, 60D, 7D, 6D, e 6D Mark II. N\u00e3o importa qual seja o seu equipamento, a LP-E6NH est\u00e1 pronta para atender \u00e0s suas necessidades de energia, mantendo suas fotos fluindo sem interrup\u00e7\u00f5es.\\\"\",\"breadcrumb\":{\"@id\":\"https:\\\/\\\/rapidetech.com.br\\\/produto\\\/bateria-canon-lp-e6nh\\\/#breadcrumb\"},\"inLanguage\":\"en-US\",\"potentialAction\":[{\"@type\":\"ReadAction\",\"target\":[\"https:\\\/\\\/rapidetech.com.br\\\/produto\\\/bateria-canon-lp-e6nh\\\/\"]}]},{\"@type\":\"ImageObject\",\"inLanguage\":\"en-US\",\"@id\":\"https:\\\/\\\/rapidetech.com.br\\\/produto\\\/bateria-canon-lp-e6nh\\\/#primaryimage\",\"url\":\"https:\\\/\\\/rapidetech.com.br\\\/wp-content\\\/uploads\\\/2022\\\/10\\\/IMG-20250706-WA0023-Copia-1.jpg\",\"contentUrl\":\"https:\\\/\\\/rapidetech.com.br\\\/wp-content\\\/uploads\\\/2022\\\/10\\\/IMG-20250706-WA0023-Copia-1.jpg\",\"width\":960,\"height\":1280},{\"@type\":\"BreadcrumbList\",\"@id\":\"https:\\\/\\\/rapidetech.com.br\\\/produto\\\/bateria-canon-lp-e6nh\\\/#breadcrumb\",\"itemListElement\":[{\"@type\":\"ListItem\",\"position\":1,\"name\":\"In\u00edcio\",\"item\":\"https:\\\/\\\/rapidetech.com.br\\\/\"},{\"@type\":\"ListItem\",\"position\":2,\"name\":\"Produtos\",\"item\":\"https:\\\/\\\/rapidetech.com.br\\\/produtos\\\/\"},{\"@type\":\"ListItem\",\"position\":3,\"name\":\"Bateria Canon LP-E6NH R5 ,R6, 5D MARK IV\\\/III\\\/II,90 D, 80D, 70D, 60D, 7D , 6D\\\/ 6D MARK II (original )\"}]},{\"@type\":\"WebSite\",\"@id\":\"https:\\\/\\\/rapidetech.com.br\\\/#website\",\"url\":\"https:\\\/\\\/rapidetech.com.br\\\/\",\"name\":\"Rapidetech\",\"description\":\"Audio e video\",\"publisher\":{\"@id\":\"https:\\\/\\\/rapidetech.com.br\\\/#organization\"},\"potentialAction\":[{\"@type\":\"SearchAction\",\"target\":{\"@type\":\"EntryPoint\",\"urlTemplate\":\"https:\\\/\\\/rapidetech.com.br\\\/?s={search_term_string}\"},\"query-input\":{\"@type\":\"PropertyValueSpecification\",\"valueRequired\":true,\"valueName\":\"search_term_string\"}}],\"inLanguage\":\"en-US\"},{\"@type\":\"Organization\",\"@id\":\"https:\\\/\\\/rapidetech.com.br\\\/#organization\",\"name\":\"Rapidetech\",\"url\":\"https:\\\/\\\/rapidetech.com.br\\\/\",\"logo\":{\"@type\":\"ImageObject\",\"inLanguage\":\"en-US\",\"@id\":\"https:\\\/\\\/rapidetech.com.br\\\/#\\\/schema\\\/logo\\\/image\\\/\",\"url\":\"https:\\\/\\\/rapidetech.com.br\\\/wp-content\\\/uploads\\\/2022\\\/08\\\/RAPIDETECH-AUDIO-E-VIDEO.jpg\",\"contentUrl\":\"https:\\\/\\\/rapidetech.com.br\\\/wp-content\\\/uploads\\\/2022\\\/08\\\/RAPIDETECH-AUDIO-E-VIDEO.jpg\",\"width\":236,\"height\":213,\"caption\":\"Rapidetech\"},\"image\":{\"@id\":\"https:\\\/\\\/rapidetech.com.br\\\/#\\\/schema\\\/logo\\\/image\\\/\"},\"sameAs\":[\"https:\\\/\\\/rapidetech.com.br\\\/\",\"https:\\\/\\\/www.youtube.com\\\/channel\\\/UCQWlsTr9MvbqwWAekYtMNLQ\"]}]}<\/script>\n<!-- \/ Yoast SEO plugin. -->","yoast_head_json":{"title":"Bateria Canon LP-E6NH R5 ,R6, 5D MARK IV\/III\/II,90 D, 80D, 70D, 60D, 7D , 6D\/ 6D MARK II (original ) - Rapidetech","description":"\"Potencialize seu equipamento fotogr\\u00e1fico com a Bateria Canon LP-E6NH. Com uma capacidade de 2130mAh e uma tens\\u00e3o de sa\\u00edda de 7,2V, esta bateria \\u00e9 uma escolha confi\\u00e1vel para alimentar suas aventuras fotogr\\u00e1ficas. Este pacote inclui a bateria LP-E6NH, uma caixa de prote\\u00e7\\u00e3o e um manual em ingl\\u00eas. A melhor parte ? Ela \\u00e9 compat\\u00edvel com uma ampla gama de c\\u00e2meras, incluindo a R5, R6, 5D Mark IV\\\/III\\\/II, 90D, 80D, 70D, 60D, 7D, 6D, e 6D Mark II. N\\u00e3o importa qual seja o seu equipamento, a LP-E6NH est\\u00e1 pronta para atender \\u00e0s suas necessidades de energia, mantendo suas fotos fluindo sem interrup\\u00e7\\u00f5es.\"","robots":{"index":"index","follow":"follow","max-snippet":"max-snippet:-1","max-image-preview":"max-image-preview:large","max-video-preview":"max-video-preview:-1"},"canonical":"https:\/\/rapidetech.com.br\/en\/product\/bateria-canon-lp-e6nh\/","og_locale":"en_US","og_type":"article","og_title":"Bateria Canon LP-E6NH R5 ,R6, 5D MARK IV\/III\/II,90 D, 80D, 70D, 60D, 7D , 6D\/ 6D MARK II (original ) - Rapidetech","og_description":"\"Potencialize seu equipamento fotogr\u00e1fico com a Bateria Canon LP-E6NH. Com uma capacidade de 2130mAh e uma tens\u00e3o de sa\u00edda de 7,2V, esta bateria \u00e9 uma escolha confi\u00e1vel para alimentar suas aventuras fotogr\u00e1ficas. Este pacote inclui a bateria LP-E6NH, uma caixa de prote\u00e7\u00e3o e um manual em ingl\u00eas. A melhor parte ? Ela \u00e9 compat\u00edvel com uma ampla gama de c\u00e2meras, incluindo a R5, R6, 5D Mark IV\/III\/II, 90D, 80D, 70D, 60D, 7D, 6D, e 6D Mark II. N\u00e3o importa qual seja o seu equipamento, a LP-E6NH est\u00e1 pronta para atender \u00e0s suas necessidades de energia, mantendo suas fotos fluindo sem interrup\u00e7\u00f5es.\"","og_url":"https:\/\/rapidetech.com.br\/en\/product\/bateria-canon-lp-e6nh\/","og_site_name":"Rapidetech","article_modified_time":"2026-04-17T15:23:56+00:00","og_image":[{"width":960,"height":1280,"url":"https:\/\/rapidetech.com.br\/wp-content\/uploads\/2022\/10\/IMG-20250706-WA0023-Copia-1.jpg","type":"image\/jpeg"}],"twitter_card":"summary_large_image","twitter_misc":{"Est. reading time":"1 minute"},"schema":{"@context":"https:\/\/schema.org","@graph":[{"@type":"WebPage","@id":"https:\/\/rapidetech.com.br\/produto\/bateria-canon-lp-e6nh\/","url":"https:\/\/rapidetech.com.br\/produto\/bateria-canon-lp-e6nh\/","name":"Bateria Canon LP-E6NH R5 ,R6, 5D MARK IV\/III\/II,90 D, 80D, 70D, 60D, 7D , 6D\/ 6D MARK II (original ) - Rapidetech","isPartOf":{"@id":"https:\/\/rapidetech.com.br\/#website"},"primaryImageOfPage":{"@id":"https:\/\/rapidetech.com.br\/produto\/bateria-canon-lp-e6nh\/#primaryimage"},"image":{"@id":"https:\/\/rapidetech.com.br\/produto\/bateria-canon-lp-e6nh\/#primaryimage"},"thumbnailUrl":"https:\/\/rapidetech.com.br\/wp-content\/uploads\/2022\/10\/IMG-20250706-WA0023-Copia-1.jpg","datePublished":"2022-10-19T16:16:02+00:00","dateModified":"2026-04-17T15:23:56+00:00","description":"\"Potencialize seu equipamento fotogr\\u00e1fico com a Bateria Canon LP-E6NH. Com uma capacidade de 2130mAh e uma tens\\u00e3o de sa\\u00edda de 7,2V, esta bateria \\u00e9 uma escolha confi\\u00e1vel para alimentar suas aventuras fotogr\\u00e1ficas. Este pacote inclui a bateria LP-E6NH, uma caixa de prote\\u00e7\\u00e3o e um manual em ingl\\u00eas. A melhor parte ? Ela \\u00e9 compat\\u00edvel com uma ampla gama de c\\u00e2meras, incluindo a R5, R6, 5D Mark IV\\\/III\\\/II, 90D, 80D, 70D, 60D, 7D, 6D, e 6D Mark II. N\\u00e3o importa qual seja o seu equipamento, a LP-E6NH est\\u00e1 pronta para atender \\u00e0s suas necessidades de energia, mantendo suas fotos fluindo sem interrup\\u00e7\\u00f5es.\"","breadcrumb":{"@id":"https:\/\/rapidetech.com.br\/produto\/bateria-canon-lp-e6nh\/#breadcrumb"},"inLanguage":"en-US","potentialAction":[{"@type":"ReadAction","target":["https:\/\/rapidetech.com.br\/produto\/bateria-canon-lp-e6nh\/"]}]},{"@type":"ImageObject","inLanguage":"en-US","@id":"https:\/\/rapidetech.com.br\/produto\/bateria-canon-lp-e6nh\/#primaryimage","url":"https:\/\/rapidetech.com.br\/wp-content\/uploads\/2022\/10\/IMG-20250706-WA0023-Copia-1.jpg","contentUrl":"https:\/\/rapidetech.com.br\/wp-content\/uploads\/2022\/10\/IMG-20250706-WA0023-Copia-1.jpg","width":960,"height":1280},{"@type":"BreadcrumbList","@id":"https:\/\/rapidetech.com.br\/produto\/bateria-canon-lp-e6nh\/#breadcrumb","itemListElement":[{"@type":"ListItem","position":1,"name":"In\u00edcio","item":"https:\/\/rapidetech.com.br\/"},{"@type":"ListItem","position":2,"name":"Produtos","item":"https:\/\/rapidetech.com.br\/produtos\/"},{"@type":"ListItem","position":3,"name":"Bateria Canon LP-E6NH R5 ,R6, 5D MARK IV\/III\/II,90 D, 80D, 70D, 60D, 7D , 6D\/ 6D MARK II (original )"}]},{"@type":"WebSite","@id":"https:\/\/rapidetech.com.br\/#website","url":"https:\/\/rapidetech.com.br\/","name":"Rapidetech","description":"Audio e video","publisher":{"@id":"https:\/\/rapidetech.com.br\/#organization"},"potentialAction":[{"@type":"SearchAction","target":{"@type":"EntryPoint","urlTemplate":"https:\/\/rapidetech.com.br\/?s={search_term_string}"},"query-input":{"@type":"PropertyValueSpecification","valueRequired":true,"valueName":"search_term_string"}}],"inLanguage":"en-US"},{"@type":"Organization","@id":"https:\/\/rapidetech.com.br\/#organization","name":"Rapidetech","url":"https:\/\/rapidetech.com.br\/","logo":{"@type":"ImageObject","inLanguage":"en-US","@id":"https:\/\/rapidetech.com.br\/#\/schema\/logo\/image\/","url":"https:\/\/rapidetech.com.br\/wp-content\/uploads\/2022\/08\/RAPIDETECH-AUDIO-E-VIDEO.jpg","contentUrl":"https:\/\/rapidetech.com.br\/wp-content\/uploads\/2022\/08\/RAPIDETECH-AUDIO-E-VIDEO.jpg","width":236,"height":213,"caption":"Rapidetech"},"image":{"@id":"https:\/\/rapidetech.com.br\/#\/schema\/logo\/image\/"},"sameAs":["https:\/\/rapidetech.com.br\/","https:\/\/www.youtube.com\/channel\/UCQWlsTr9MvbqwWAekYtMNLQ"]}]}},"_links":{"self":[{"href":"https:\/\/rapidetech.com.br\/en\/wp-json\/wp\/v2\/product\/46492","targetHints":{"allow":["GET"]}}],"collection":[{"href":"https:\/\/rapidetech.com.br\/en\/wp-json\/wp\/v2\/product"}],"about":[{"href":"https:\/\/rapidetech.com.br\/en\/wp-json\/wp\/v2\/types\/product"}],"replies":[{"embeddable":true,"href":"https:\/\/rapidetech.com.br\/en\/wp-json\/wp\/v2\/comments?post=46492"}],"version-history":[{"count":0,"href":"https:\/\/rapidetech.com.br\/en\/wp-json\/wp\/v2\/product\/46492\/revisions"}],"wp:featuredmedia":[{"embeddable":true,"href":"https:\/\/rapidetech.com.br\/en\/wp-json\/wp\/v2\/media\/55647"}],"wp:attachment":[{"href":"https:\/\/rapidetech.com.br\/en\/wp-json\/wp\/v2\/media?parent=46492"}],"wp:term":[{"taxonomy":"product_brand","embeddable":true,"href":"https:\/\/rapidetech.com.br\/en\/wp-json\/wp\/v2\/product_brand?post=46492"},{"taxonomy":"product_cat","embeddable":true,"href":"https:\/\/rapidetech.com.br\/en\/wp-json\/wp\/v2\/product_cat?post=46492"},{"taxonomy":"product_tag","embeddable":true,"href":"https:\/\/rapidetech.com.br\/en\/wp-json\/wp\/v2\/product_tag?post=46492"}],"curies":[{"name":"wp","href":"https:\/\/api.w.org\/{rel}","templated":true}]}}