{"id":46818,"date":"2022-11-01T09:20:07","date_gmt":"2022-11-01T12:20:07","guid":{"rendered":"https:\/\/rapidetech.com.br\/?post_type=product&#038;p=46818"},"modified":"2026-01-24T20:17:16","modified_gmt":"2026-01-24T23:17:16","slug":"novo-adaptador-de-lentes-ftz-mark-ii-nikon-para-linha-z","status":"publish","type":"product","link":"https:\/\/rapidetech.com.br\/en\/product\/novo-adaptador-de-lentes-ftz-mark-ii-nikon-para-linha-z\/","title":{"rendered":"Novo adaptador de lentes FTZ mark II (upgraded) Nikon para linha Z"},"content":{"rendered":"<h1><strong>Adaptador Nikon FTZ MARK II (NOVO MODELO UPGRADED)- LACRADO<\/strong><\/h1>\n<h2>Descri\u00e7\u00e3o<\/h2>\n<p>Apresentando um design simplificado com proje\u00e7\u00f5es m\u00ednimas, o Adaptador de Montagem Nikon FTZ mark II\u00a0 oferece a mesma funcionalidade que o FTZ original mark I , mas com um design mais elegante para se adequar ao uso em c\u00e2meras com utiliza\u00e7\u00e3o de battery grip. Este adaptador remove a montagem do trip\u00e9 e tem um tamanho geral reduzido para maior conforto ao fotografar com c\u00e2meras com uma al\u00e7a embutida ou anexada ou transmissor sem fio.<\/p>\n<p>Como adaptador, o FTZ II permite o uso de praticamente qualquer lente de montagem F em corpos de c\u00e2mera sem espelho de montagem Z. Embora compat\u00edvel com aproximadamente 360 lentes de montagem F distintas, este adaptador \u00e9 especialmente ideal para uso com mais de 90 lentes AF-S e AF-P tipo D, E e G, onde mant\u00e9m totalmente os recursos de foco autom\u00e1tico e exposi\u00e7\u00e3o autom\u00e1tica para uso cont\u00ednuo das lentes SLR no corpo sem espelho. O adaptador \u00e9 constru\u00eddo em liga de magn\u00e9sio e \u00e9 vedado contra intemp\u00e9ries.<\/p>\n<p>Compatibilidade da lente<\/p>\n<p>Lentes de foco autom\u00e1tico<br \/>\nAF-S Tipo G, E e D; AF-P Tipo G e E; AF-I Tipo D: Suporte total de foco autom\u00e1tico, MF (com suporte para tel\u00eametro eletr\u00f4nico), modos de exposi\u00e7\u00e3o autom\u00e1tica completos e medi\u00e7\u00e3o de exposi\u00e7\u00e3o<br \/>\nAF Tipo G e D: apenas foco manual (com suporte para tel\u00eametro eletr\u00f4nico), modos de exposi\u00e7\u00e3o autom\u00e1tica total e medi\u00e7\u00e3o de exposi\u00e7\u00e3o<br \/>\nOutras lentes AF: apenas foco manual, modos de exposi\u00e7\u00e3o autom\u00e1tica total e medi\u00e7\u00e3o de exposi\u00e7\u00e3o<\/p>\n<p>Lentes de foco manual<br \/>\nS\u00e9rie PC-E NIKKOR e PC NIKKOR 19mm f\/4E ED: somente foco manual, modos de exposi\u00e7\u00e3o autom\u00e1tica total e medi\u00e7\u00e3o de exposi\u00e7\u00e3o<br \/>\nPC Micro 85mm f\/2.8D: Somente foco manual, somente exposi\u00e7\u00e3o manual e medi\u00e7\u00e3o de exposi\u00e7\u00e3o<br \/>\nAI-P: Apenas foco manual, modos de exposi\u00e7\u00e3o autom\u00e1tica total e medi\u00e7\u00e3o de exposi\u00e7\u00e3o<br \/>\nLentes sem CPU AI, AI-Modified NIKKOR ou Nikon Series E: Somente foco manual, modos de prioridade de abertura e exposi\u00e7\u00e3o manual e todos os modos de medi\u00e7\u00e3o de exposi\u00e7\u00e3o, exceto medi\u00e7\u00e3o ponderada de realce<\/p>\n<p>Itens inclusos:<br \/>\n1x adaptador Nikon FTZ II<br \/>\n1x tampa de corpo Nikon BF-1B<br \/>\n1x tampa traseira Nikon LF-N1<\/p>\n<p>Obs: Imagens meramente ilustrativas. C\u00e2mera e Acess\u00f3rios Fotogr\u00e1ficos n\u00e3o acompanham o produto.<\/p>\n<p>Envio r\u00e1pido &#8211; Rapidetech<\/p>","protected":false},"excerpt":{"rendered":"<h2>NIKON Adaptador de lentes para linha Z<\/h2>\n<h2><strong>Adaptador Nikon FTZ MARK II\u00a0<\/strong><\/h2>\n<ul>\n<li>Para uso com a linha Z ,novo modelo upgraded ,permite da maioria das lentes Nikon<\/li>\n<\/ul>\n<p>Conte\u00fado da embalagem:<\/p>\n<ul>\n<li>1 adapatador FTZ II , Embalagem original Nikon<\/li>\n<\/ul>\n<p>&nbsp;<\/p>\n<p>&nbsp;<\/p>","protected":false},"featured_media":46820,"comment_status":"closed","ping_status":"closed","template":"","meta":[],"product_brand":[],"product_cat":[18,21],"product_tag":[352,23,24],"class_list":{"0":"post-46818","1":"product","2":"type-product","3":"status-publish","4":"has-post-thumbnail","6":"product_cat-accessorios","7":"product_cat-video","8":"product_tag-adaptador","9":"product_tag-bateria","10":"product_tag-nikon","11":"product_shipping_class-normal","13":"first","14":"instock","15":"purchasable","16":"product-type-simple"},"yoast_head":"<!-- This site is optimized with the Yoast SEO plugin v27.4 - https:\/\/yoast.com\/product\/yoast-seo-wordpress\/ -->\n<title>Novo adaptador de lentes FTZ mark II (upgraded) Nikon para linha Z - Rapidetech<\/title>\n<meta name=\"robots\" content=\"index, follow, max-snippet:-1, max-image-preview:large, max-video-preview:-1\" \/>\n<link rel=\"canonical\" href=\"https:\/\/rapidetech.com.br\/en\/product\/novo-adaptador-de-lentes-ftz-mark-ii-nikon-para-linha-z\/\" \/>\n<meta property=\"og:locale\" content=\"en_US\" \/>\n<meta property=\"og:type\" content=\"article\" \/>\n<meta property=\"og:title\" content=\"Novo adaptador de lentes FTZ mark II (upgraded) Nikon para linha Z - Rapidetech\" \/>\n<meta property=\"og:description\" content=\"NIKON Adaptador de lentes para linha Z Adaptador Nikon FTZ MARK II\u00a0   Para uso com a linha Z ,novo modelo upgraded ,permite da maioria das lentes Nikon  Conte\u00fado da embalagem:   1 adapatador FTZ II , Embalagem original Nikon  &nbsp;  &nbsp;\" \/>\n<meta property=\"og:url\" content=\"https:\/\/rapidetech.com.br\/en\/product\/novo-adaptador-de-lentes-ftz-mark-ii-nikon-para-linha-z\/\" \/>\n<meta property=\"og:site_name\" content=\"Rapidetech\" \/>\n<meta property=\"article:modified_time\" content=\"2026-01-24T23:17:16+00:00\" \/>\n<meta property=\"og:image\" content=\"https:\/\/rapidetech.com.br\/wp-content\/uploads\/2022\/11\/Sd2d8392e15f2442fb155543c9b095c79h-e1698456735403.webp\" \/>\n\t<meta property=\"og:image:width\" content=\"600\" \/>\n\t<meta property=\"og:image:height\" content=\"600\" \/>\n\t<meta property=\"og:image:type\" content=\"image\/webp\" \/>\n<meta name=\"twitter:card\" content=\"summary_large_image\" \/>\n<meta name=\"twitter:label1\" content=\"Est. reading time\" \/>\n\t<meta name=\"twitter:data1\" content=\"3 minutes\" \/>\n<script type=\"application\/ld+json\" class=\"yoast-schema-graph\">{\"@context\":\"https:\\\/\\\/schema.org\",\"@graph\":[{\"@type\":\"WebPage\",\"@id\":\"https:\\\/\\\/rapidetech.com.br\\\/produto\\\/novo-adaptador-de-lentes-ftz-mark-ii-nikon-para-linha-z\\\/\",\"url\":\"https:\\\/\\\/rapidetech.com.br\\\/produto\\\/novo-adaptador-de-lentes-ftz-mark-ii-nikon-para-linha-z\\\/\",\"name\":\"Novo adaptador de lentes FTZ mark II (upgraded) Nikon para linha Z - Rapidetech\",\"isPartOf\":{\"@id\":\"https:\\\/\\\/rapidetech.com.br\\\/#website\"},\"primaryImageOfPage\":{\"@id\":\"https:\\\/\\\/rapidetech.com.br\\\/produto\\\/novo-adaptador-de-lentes-ftz-mark-ii-nikon-para-linha-z\\\/#primaryimage\"},\"image\":{\"@id\":\"https:\\\/\\\/rapidetech.com.br\\\/produto\\\/novo-adaptador-de-lentes-ftz-mark-ii-nikon-para-linha-z\\\/#primaryimage\"},\"thumbnailUrl\":\"https:\\\/\\\/rapidetech.com.br\\\/wp-content\\\/uploads\\\/2022\\\/11\\\/Sd2d8392e15f2442fb155543c9b095c79h-e1698456735403.webp\",\"datePublished\":\"2022-11-01T12:20:07+00:00\",\"dateModified\":\"2026-01-24T23:17:16+00:00\",\"breadcrumb\":{\"@id\":\"https:\\\/\\\/rapidetech.com.br\\\/produto\\\/novo-adaptador-de-lentes-ftz-mark-ii-nikon-para-linha-z\\\/#breadcrumb\"},\"inLanguage\":\"en-US\",\"potentialAction\":[{\"@type\":\"ReadAction\",\"target\":[\"https:\\\/\\\/rapidetech.com.br\\\/produto\\\/novo-adaptador-de-lentes-ftz-mark-ii-nikon-para-linha-z\\\/\"]}]},{\"@type\":\"ImageObject\",\"inLanguage\":\"en-US\",\"@id\":\"https:\\\/\\\/rapidetech.com.br\\\/produto\\\/novo-adaptador-de-lentes-ftz-mark-ii-nikon-para-linha-z\\\/#primaryimage\",\"url\":\"https:\\\/\\\/rapidetech.com.br\\\/wp-content\\\/uploads\\\/2022\\\/11\\\/Sd2d8392e15f2442fb155543c9b095c79h-e1698456735403.webp\",\"contentUrl\":\"https:\\\/\\\/rapidetech.com.br\\\/wp-content\\\/uploads\\\/2022\\\/11\\\/Sd2d8392e15f2442fb155543c9b095c79h-e1698456735403.webp\",\"width\":600,\"height\":600},{\"@type\":\"BreadcrumbList\",\"@id\":\"https:\\\/\\\/rapidetech.com.br\\\/produto\\\/novo-adaptador-de-lentes-ftz-mark-ii-nikon-para-linha-z\\\/#breadcrumb\",\"itemListElement\":[{\"@type\":\"ListItem\",\"position\":1,\"name\":\"In\u00edcio\",\"item\":\"https:\\\/\\\/rapidetech.com.br\\\/\"},{\"@type\":\"ListItem\",\"position\":2,\"name\":\"Produtos\",\"item\":\"https:\\\/\\\/rapidetech.com.br\\\/produtos\\\/\"},{\"@type\":\"ListItem\",\"position\":3,\"name\":\"Novo adaptador de lentes FTZ mark II (upgraded) Nikon para linha Z\"}]},{\"@type\":\"WebSite\",\"@id\":\"https:\\\/\\\/rapidetech.com.br\\\/#website\",\"url\":\"https:\\\/\\\/rapidetech.com.br\\\/\",\"name\":\"Rapidetech\",\"description\":\"Audio e video\",\"publisher\":{\"@id\":\"https:\\\/\\\/rapidetech.com.br\\\/#organization\"},\"potentialAction\":[{\"@type\":\"SearchAction\",\"target\":{\"@type\":\"EntryPoint\",\"urlTemplate\":\"https:\\\/\\\/rapidetech.com.br\\\/?s={search_term_string}\"},\"query-input\":{\"@type\":\"PropertyValueSpecification\",\"valueRequired\":true,\"valueName\":\"search_term_string\"}}],\"inLanguage\":\"en-US\"},{\"@type\":\"Organization\",\"@id\":\"https:\\\/\\\/rapidetech.com.br\\\/#organization\",\"name\":\"Rapidetech\",\"url\":\"https:\\\/\\\/rapidetech.com.br\\\/\",\"logo\":{\"@type\":\"ImageObject\",\"inLanguage\":\"en-US\",\"@id\":\"https:\\\/\\\/rapidetech.com.br\\\/#\\\/schema\\\/logo\\\/image\\\/\",\"url\":\"https:\\\/\\\/rapidetech.com.br\\\/wp-content\\\/uploads\\\/2022\\\/08\\\/RAPIDETECH-AUDIO-E-VIDEO.jpg\",\"contentUrl\":\"https:\\\/\\\/rapidetech.com.br\\\/wp-content\\\/uploads\\\/2022\\\/08\\\/RAPIDETECH-AUDIO-E-VIDEO.jpg\",\"width\":236,\"height\":213,\"caption\":\"Rapidetech\"},\"image\":{\"@id\":\"https:\\\/\\\/rapidetech.com.br\\\/#\\\/schema\\\/logo\\\/image\\\/\"},\"sameAs\":[\"https:\\\/\\\/rapidetech.com.br\\\/\",\"https:\\\/\\\/www.youtube.com\\\/channel\\\/UCQWlsTr9MvbqwWAekYtMNLQ\"]}]}<\/script>\n<!-- \/ Yoast SEO plugin. -->","yoast_head_json":{"title":"Novo adaptador de lentes FTZ mark II (upgraded) Nikon para linha Z - Rapidetech","robots":{"index":"index","follow":"follow","max-snippet":"max-snippet:-1","max-image-preview":"max-image-preview:large","max-video-preview":"max-video-preview:-1"},"canonical":"https:\/\/rapidetech.com.br\/en\/product\/novo-adaptador-de-lentes-ftz-mark-ii-nikon-para-linha-z\/","og_locale":"en_US","og_type":"article","og_title":"Novo adaptador de lentes FTZ mark II (upgraded) Nikon para linha Z - Rapidetech","og_description":"NIKON Adaptador de lentes para linha Z Adaptador Nikon FTZ MARK II\u00a0   Para uso com a linha Z ,novo modelo upgraded ,permite da maioria das lentes Nikon  Conte\u00fado da embalagem:   1 adapatador FTZ II , Embalagem original Nikon  &nbsp;  &nbsp;","og_url":"https:\/\/rapidetech.com.br\/en\/product\/novo-adaptador-de-lentes-ftz-mark-ii-nikon-para-linha-z\/","og_site_name":"Rapidetech","article_modified_time":"2026-01-24T23:17:16+00:00","og_image":[{"width":600,"height":600,"url":"https:\/\/rapidetech.com.br\/wp-content\/uploads\/2022\/11\/Sd2d8392e15f2442fb155543c9b095c79h-e1698456735403.webp","type":"image\/webp"}],"twitter_card":"summary_large_image","twitter_misc":{"Est. reading time":"3 minutes"},"schema":{"@context":"https:\/\/schema.org","@graph":[{"@type":"WebPage","@id":"https:\/\/rapidetech.com.br\/produto\/novo-adaptador-de-lentes-ftz-mark-ii-nikon-para-linha-z\/","url":"https:\/\/rapidetech.com.br\/produto\/novo-adaptador-de-lentes-ftz-mark-ii-nikon-para-linha-z\/","name":"Novo adaptador de lentes FTZ mark II (upgraded) Nikon para linha Z - Rapidetech","isPartOf":{"@id":"https:\/\/rapidetech.com.br\/#website"},"primaryImageOfPage":{"@id":"https:\/\/rapidetech.com.br\/produto\/novo-adaptador-de-lentes-ftz-mark-ii-nikon-para-linha-z\/#primaryimage"},"image":{"@id":"https:\/\/rapidetech.com.br\/produto\/novo-adaptador-de-lentes-ftz-mark-ii-nikon-para-linha-z\/#primaryimage"},"thumbnailUrl":"https:\/\/rapidetech.com.br\/wp-content\/uploads\/2022\/11\/Sd2d8392e15f2442fb155543c9b095c79h-e1698456735403.webp","datePublished":"2022-11-01T12:20:07+00:00","dateModified":"2026-01-24T23:17:16+00:00","breadcrumb":{"@id":"https:\/\/rapidetech.com.br\/produto\/novo-adaptador-de-lentes-ftz-mark-ii-nikon-para-linha-z\/#breadcrumb"},"inLanguage":"en-US","potentialAction":[{"@type":"ReadAction","target":["https:\/\/rapidetech.com.br\/produto\/novo-adaptador-de-lentes-ftz-mark-ii-nikon-para-linha-z\/"]}]},{"@type":"ImageObject","inLanguage":"en-US","@id":"https:\/\/rapidetech.com.br\/produto\/novo-adaptador-de-lentes-ftz-mark-ii-nikon-para-linha-z\/#primaryimage","url":"https:\/\/rapidetech.com.br\/wp-content\/uploads\/2022\/11\/Sd2d8392e15f2442fb155543c9b095c79h-e1698456735403.webp","contentUrl":"https:\/\/rapidetech.com.br\/wp-content\/uploads\/2022\/11\/Sd2d8392e15f2442fb155543c9b095c79h-e1698456735403.webp","width":600,"height":600},{"@type":"BreadcrumbList","@id":"https:\/\/rapidetech.com.br\/produto\/novo-adaptador-de-lentes-ftz-mark-ii-nikon-para-linha-z\/#breadcrumb","itemListElement":[{"@type":"ListItem","position":1,"name":"In\u00edcio","item":"https:\/\/rapidetech.com.br\/"},{"@type":"ListItem","position":2,"name":"Produtos","item":"https:\/\/rapidetech.com.br\/produtos\/"},{"@type":"ListItem","position":3,"name":"Novo adaptador de lentes FTZ mark II (upgraded) Nikon para linha Z"}]},{"@type":"WebSite","@id":"https:\/\/rapidetech.com.br\/#website","url":"https:\/\/rapidetech.com.br\/","name":"Rapidetech","description":"Audio e video","publisher":{"@id":"https:\/\/rapidetech.com.br\/#organization"},"potentialAction":[{"@type":"SearchAction","target":{"@type":"EntryPoint","urlTemplate":"https:\/\/rapidetech.com.br\/?s={search_term_string}"},"query-input":{"@type":"PropertyValueSpecification","valueRequired":true,"valueName":"search_term_string"}}],"inLanguage":"en-US"},{"@type":"Organization","@id":"https:\/\/rapidetech.com.br\/#organization","name":"Rapidetech","url":"https:\/\/rapidetech.com.br\/","logo":{"@type":"ImageObject","inLanguage":"en-US","@id":"https:\/\/rapidetech.com.br\/#\/schema\/logo\/image\/","url":"https:\/\/rapidetech.com.br\/wp-content\/uploads\/2022\/08\/RAPIDETECH-AUDIO-E-VIDEO.jpg","contentUrl":"https:\/\/rapidetech.com.br\/wp-content\/uploads\/2022\/08\/RAPIDETECH-AUDIO-E-VIDEO.jpg","width":236,"height":213,"caption":"Rapidetech"},"image":{"@id":"https:\/\/rapidetech.com.br\/#\/schema\/logo\/image\/"},"sameAs":["https:\/\/rapidetech.com.br\/","https:\/\/www.youtube.com\/channel\/UCQWlsTr9MvbqwWAekYtMNLQ"]}]}},"_links":{"self":[{"href":"https:\/\/rapidetech.com.br\/en\/wp-json\/wp\/v2\/product\/46818","targetHints":{"allow":["GET"]}}],"collection":[{"href":"https:\/\/rapidetech.com.br\/en\/wp-json\/wp\/v2\/product"}],"about":[{"href":"https:\/\/rapidetech.com.br\/en\/wp-json\/wp\/v2\/types\/product"}],"replies":[{"embeddable":true,"href":"https:\/\/rapidetech.com.br\/en\/wp-json\/wp\/v2\/comments?post=46818"}],"version-history":[{"count":0,"href":"https:\/\/rapidetech.com.br\/en\/wp-json\/wp\/v2\/product\/46818\/revisions"}],"wp:featuredmedia":[{"embeddable":true,"href":"https:\/\/rapidetech.com.br\/en\/wp-json\/wp\/v2\/media\/46820"}],"wp:attachment":[{"href":"https:\/\/rapidetech.com.br\/en\/wp-json\/wp\/v2\/media?parent=46818"}],"wp:term":[{"taxonomy":"product_brand","embeddable":true,"href":"https:\/\/rapidetech.com.br\/en\/wp-json\/wp\/v2\/product_brand?post=46818"},{"taxonomy":"product_cat","embeddable":true,"href":"https:\/\/rapidetech.com.br\/en\/wp-json\/wp\/v2\/product_cat?post=46818"},{"taxonomy":"product_tag","embeddable":true,"href":"https:\/\/rapidetech.com.br\/en\/wp-json\/wp\/v2\/product_tag?post=46818"}],"curies":[{"name":"wp","href":"https:\/\/api.w.org\/{rel}","templated":true}]}}