{"id":470,"date":"2019-12-30T10:47:40","date_gmt":"2019-12-30T13:47:40","guid":{"rendered":"http:\/\/rapidetech.com.br\/?post_type=product&#038;p=470"},"modified":"2026-01-24T20:33:14","modified_gmt":"2026-01-24T23:33:14","slug":"case-rigido-para-leitura-externa-orico-para-ssd-hd-3-0","status":"publish","type":"product","link":"https:\/\/rapidetech.com.br\/en\/product\/case-rigido-para-leitura-externa-orico-para-ssd-hd-3-0\/","title":{"rendered":"Case R\u00edgido para leitura externa Orico para SSD HD 3.0 Adata\/ Crucial\/ WD\/Samsung"},"content":{"rendered":"<h1>Case R\u00edgido para leitura externa Orico para SSD HD 3.0<\/h1>\n<h3>Descri\u00e7\u00e3o do Case r\u00edgido para SSD:<\/h3>\n<ul>\n<li>Case de leitura externo 3.0 para SSD\/HD<\/li>\n<li>Novo Firmware\u00a0 2577 vers\u00e3o 2026<\/li>\n<li>Led de atividade azul mais intenso<\/li>\n<li>projeto r\u00edgido<\/li>\n<li>\u00e0 prova de fogo<\/li>\n<li>\u00e0 prova de choque e riscos<\/li>\n<li>material ABS<\/li>\n<li>Super speed USB 3.0<\/li>\n<li>Taxa m\u00e1xima de transfer\u00eancia de dados de Gbps<\/li>\n<li>10 vezes mais r\u00e1pido que o USB 2.0<\/li>\n<li>20% mais r\u00e1pido que USB 3.0 tradicional<\/li>\n<li>UASP Protocolo de Transfer\u00eancia<\/li>\n<\/ul>\n<p>Conte\u00fado da embalagem:<\/p>\n<ul>\n<li>1 ORICO 2.5 &#8221; Gabinete de Disco R\u00edgido<\/li>\n<li>1 Cabo USB 3.0<\/li>\n<li>1 Manual Do Usu\u00e1rio<\/li>\n<li>1 Cart\u00e3o de Servi\u00e7o<\/li>\n<\/ul>\n<h3>Case R\u00edgido para leitura externa Orico para SSD HD 3.0 \u00e9 compat\u00edvel com:<\/h3>\n<ul>\n<li>USB 3.0 para SATA III suporta Protocolo UASP<\/li>\n<li>padr\u00e3o 7mm\/9.5mm<\/li>\n<li>2.5 polegada SATA I\/II\/III HDD e SSD up at\u00e9 2 TB (m\u00e1x)<\/li>\n<li>Compat\u00edvel com sistemas operacionais:\n<ul>\n<li>Windows 98<\/li>\n<li>Windows XP<\/li>\n<li>Windows Vista<\/li>\n<li>Windows 7<\/li>\n<li>Windows 8<\/li>\n<li>Windows 10 \/11<\/li>\n<li>Lunix<\/li>\n<li>Mac 9.1\/10.84 acima<\/li>\n<\/ul>\n<\/li>\n<\/ul>\n<h3>Protocolo UASP serve para:<\/h3>\n<p>O Protocolo UASP serve para reduzir a utiliza\u00e7\u00e3o da CPU, o atraso de dados e o tempo de espera, o que otimiza o processamento de dados e velocidade dos procedimentos.<\/p>\n<p>&nbsp;<\/p>","protected":false},"excerpt":{"rendered":"<h3>Case r\u00edgido para SSD:<\/h3>\n<ul>\n<li>Case de leitura externo 3.0 para SSD\/HD<\/li>\n<li>Novo Firmware\u00a0 2577 vers\u00e3o 2026<\/li>\n<li>Led de atividade azul mais intenso<\/li>\n<li>projeto r\u00edgido<\/li>\n<li>\u00e0 prova de fogo<\/li>\n<li>\u00e0 prova de choque e riscos<\/li>\n<li>material ABS<\/li>\n<li>Super speed USB 3.0<\/li>\n<li>Taxa m\u00e1xima de transfer\u00eancia de dados de Gbps<\/li>\n<li>10 vezes mais r\u00e1pido que o USB 2.0<\/li>\n<li>20% mais r\u00e1pido que USB 3.0 tradicional<\/li>\n<li>UASP Protocolo de Transfer\u00eancia<\/li>\n<\/ul>\n<p>Conte\u00fado da embalagem:<\/p>\n<ul>\n<li>1 ORICO 2.5 &#8221; Gabinete de Disco R\u00edgido<\/li>\n<li>1 Cabo USB 3.0<\/li>\n<li>1 Manual Do Usu\u00e1rio<\/li>\n<li>1 Cart\u00e3o de Servi\u00e7o<\/li>\n<\/ul>","protected":false},"featured_media":45205,"comment_status":"closed","ping_status":"closed","template":"","meta":[],"product_brand":[],"product_cat":[175,45],"product_tag":[65,52,66,72,63,56,64],"class_list":{"0":"post-470","1":"product","2":"type-product","3":"status-publish","4":"has-post-thumbnail","6":"product_cat-cases","7":"product_cat-informatica","8":"product_tag-cpu","9":"product_tag-hd","10":"product_tag-midia-externa","11":"product_tag-samsung","12":"product_tag-servidor","13":"product_tag-ssd","14":"product_tag-ssd-externo","15":"product_shipping_class-normal","17":"first","18":"instock","19":"purchasable","20":"product-type-simple"},"yoast_head":"<!-- This site is optimized with the Yoast SEO plugin v27.4 - https:\/\/yoast.com\/product\/yoast-seo-wordpress\/ -->\n<title>Case R\u00edgido para leitura externa Orico para SSD HD 3.0 Adata\/ Crucial\/ WD\/Samsung - Rapidetech<\/title>\n<meta name=\"robots\" content=\"index, follow, max-snippet:-1, max-image-preview:large, max-video-preview:-1\" \/>\n<link rel=\"canonical\" href=\"https:\/\/rapidetech.com.br\/en\/product\/case-rigido-para-leitura-externa-orico-para-ssd-hd-3-0\/\" \/>\n<meta property=\"og:locale\" content=\"en_US\" \/>\n<meta property=\"og:type\" content=\"article\" \/>\n<meta property=\"og:title\" content=\"Case R\u00edgido para leitura externa Orico para SSD HD 3.0 Adata\/ Crucial\/ WD\/Samsung - Rapidetech\" \/>\n<meta property=\"og:description\" content=\"Case r\u00edgido para SSD:   Case de leitura externo 3.0 para SSD\/HD  Novo Firmware\u00a0 2577 vers\u00e3o 2026  Led de atividade azul mais intenso  projeto r\u00edgido  \u00e0 prova de fogo  \u00e0 prova de choque e riscos  material ABS  Super speed USB 3.0  Taxa m\u00e1xima de transfer\u00eancia de dados de Gbps  10 vezes mais r\u00e1pido que o USB 2.0  20% mais r\u00e1pido que USB 3.0 tradicional  UASP Protocolo de Transfer\u00eancia  Conte\u00fado da embalagem:   1 ORICO 2.5 &quot; Gabinete de Disco R\u00edgido  1 Cabo USB 3.0  1 Manual Do Usu\u00e1rio  1 Cart\u00e3o de Servi\u00e7o\" \/>\n<meta property=\"og:url\" content=\"https:\/\/rapidetech.com.br\/en\/product\/case-rigido-para-leitura-externa-orico-para-ssd-hd-3-0\/\" \/>\n<meta property=\"og:site_name\" content=\"Rapidetech\" \/>\n<meta property=\"article:modified_time\" content=\"2026-01-24T23:33:14+00:00\" \/>\n<meta property=\"og:image\" content=\"https:\/\/rapidetech.com.br\/wp-content\/uploads\/2019\/12\/HTB1CzxTsFGWBuNjy0Fbq6z4sXXaj-e1694003584143.jpg\" \/>\n\t<meta property=\"og:image:width\" content=\"500\" \/>\n\t<meta property=\"og:image:height\" content=\"500\" \/>\n\t<meta property=\"og:image:type\" content=\"image\/jpeg\" \/>\n<meta name=\"twitter:card\" content=\"summary_large_image\" \/>\n<meta name=\"twitter:label1\" content=\"Est. reading time\" \/>\n\t<meta name=\"twitter:data1\" content=\"2 minutes\" \/>\n<script type=\"application\/ld+json\" class=\"yoast-schema-graph\">{\"@context\":\"https:\\\/\\\/schema.org\",\"@graph\":[{\"@type\":\"WebPage\",\"@id\":\"https:\\\/\\\/rapidetech.com.br\\\/produto\\\/case-rigido-para-leitura-externa-orico-para-ssd-hd-3-0\\\/\",\"url\":\"https:\\\/\\\/rapidetech.com.br\\\/produto\\\/case-rigido-para-leitura-externa-orico-para-ssd-hd-3-0\\\/\",\"name\":\"Case R\u00edgido para leitura externa Orico para SSD HD 3.0 Adata\\\/ Crucial\\\/ WD\\\/Samsung - Rapidetech\",\"isPartOf\":{\"@id\":\"https:\\\/\\\/rapidetech.com.br\\\/#website\"},\"primaryImageOfPage\":{\"@id\":\"https:\\\/\\\/rapidetech.com.br\\\/produto\\\/case-rigido-para-leitura-externa-orico-para-ssd-hd-3-0\\\/#primaryimage\"},\"image\":{\"@id\":\"https:\\\/\\\/rapidetech.com.br\\\/produto\\\/case-rigido-para-leitura-externa-orico-para-ssd-hd-3-0\\\/#primaryimage\"},\"thumbnailUrl\":\"https:\\\/\\\/rapidetech.com.br\\\/wp-content\\\/uploads\\\/2019\\\/12\\\/HTB1CzxTsFGWBuNjy0Fbq6z4sXXaj-e1694003584143.jpg\",\"datePublished\":\"2019-12-30T13:47:40+00:00\",\"dateModified\":\"2026-01-24T23:33:14+00:00\",\"breadcrumb\":{\"@id\":\"https:\\\/\\\/rapidetech.com.br\\\/produto\\\/case-rigido-para-leitura-externa-orico-para-ssd-hd-3-0\\\/#breadcrumb\"},\"inLanguage\":\"en-US\",\"potentialAction\":[{\"@type\":\"ReadAction\",\"target\":[\"https:\\\/\\\/rapidetech.com.br\\\/produto\\\/case-rigido-para-leitura-externa-orico-para-ssd-hd-3-0\\\/\"]}]},{\"@type\":\"ImageObject\",\"inLanguage\":\"en-US\",\"@id\":\"https:\\\/\\\/rapidetech.com.br\\\/produto\\\/case-rigido-para-leitura-externa-orico-para-ssd-hd-3-0\\\/#primaryimage\",\"url\":\"https:\\\/\\\/rapidetech.com.br\\\/wp-content\\\/uploads\\\/2019\\\/12\\\/HTB1CzxTsFGWBuNjy0Fbq6z4sXXaj-e1694003584143.jpg\",\"contentUrl\":\"https:\\\/\\\/rapidetech.com.br\\\/wp-content\\\/uploads\\\/2019\\\/12\\\/HTB1CzxTsFGWBuNjy0Fbq6z4sXXaj-e1694003584143.jpg\",\"width\":500,\"height\":500},{\"@type\":\"BreadcrumbList\",\"@id\":\"https:\\\/\\\/rapidetech.com.br\\\/produto\\\/case-rigido-para-leitura-externa-orico-para-ssd-hd-3-0\\\/#breadcrumb\",\"itemListElement\":[{\"@type\":\"ListItem\",\"position\":1,\"name\":\"In\u00edcio\",\"item\":\"https:\\\/\\\/rapidetech.com.br\\\/\"},{\"@type\":\"ListItem\",\"position\":2,\"name\":\"Produtos\",\"item\":\"https:\\\/\\\/rapidetech.com.br\\\/produtos\\\/\"},{\"@type\":\"ListItem\",\"position\":3,\"name\":\"Case R\u00edgido para leitura externa Orico para SSD HD 3.0 Adata\\\/ Crucial\\\/ WD\\\/Samsung\"}]},{\"@type\":\"WebSite\",\"@id\":\"https:\\\/\\\/rapidetech.com.br\\\/#website\",\"url\":\"https:\\\/\\\/rapidetech.com.br\\\/\",\"name\":\"Rapidetech\",\"description\":\"Audio e video\",\"publisher\":{\"@id\":\"https:\\\/\\\/rapidetech.com.br\\\/#organization\"},\"potentialAction\":[{\"@type\":\"SearchAction\",\"target\":{\"@type\":\"EntryPoint\",\"urlTemplate\":\"https:\\\/\\\/rapidetech.com.br\\\/?s={search_term_string}\"},\"query-input\":{\"@type\":\"PropertyValueSpecification\",\"valueRequired\":true,\"valueName\":\"search_term_string\"}}],\"inLanguage\":\"en-US\"},{\"@type\":\"Organization\",\"@id\":\"https:\\\/\\\/rapidetech.com.br\\\/#organization\",\"name\":\"Rapidetech\",\"url\":\"https:\\\/\\\/rapidetech.com.br\\\/\",\"logo\":{\"@type\":\"ImageObject\",\"inLanguage\":\"en-US\",\"@id\":\"https:\\\/\\\/rapidetech.com.br\\\/#\\\/schema\\\/logo\\\/image\\\/\",\"url\":\"https:\\\/\\\/rapidetech.com.br\\\/wp-content\\\/uploads\\\/2022\\\/08\\\/RAPIDETECH-AUDIO-E-VIDEO.jpg\",\"contentUrl\":\"https:\\\/\\\/rapidetech.com.br\\\/wp-content\\\/uploads\\\/2022\\\/08\\\/RAPIDETECH-AUDIO-E-VIDEO.jpg\",\"width\":236,\"height\":213,\"caption\":\"Rapidetech\"},\"image\":{\"@id\":\"https:\\\/\\\/rapidetech.com.br\\\/#\\\/schema\\\/logo\\\/image\\\/\"},\"sameAs\":[\"https:\\\/\\\/rapidetech.com.br\\\/\",\"https:\\\/\\\/www.youtube.com\\\/channel\\\/UCQWlsTr9MvbqwWAekYtMNLQ\"]}]}<\/script>\n<!-- \/ Yoast SEO plugin. -->","yoast_head_json":{"title":"Case R\u00edgido para leitura externa Orico para SSD HD 3.0 Adata\/ Crucial\/ WD\/Samsung - Rapidetech","robots":{"index":"index","follow":"follow","max-snippet":"max-snippet:-1","max-image-preview":"max-image-preview:large","max-video-preview":"max-video-preview:-1"},"canonical":"https:\/\/rapidetech.com.br\/en\/product\/case-rigido-para-leitura-externa-orico-para-ssd-hd-3-0\/","og_locale":"en_US","og_type":"article","og_title":"Case R\u00edgido para leitura externa Orico para SSD HD 3.0 Adata\/ Crucial\/ WD\/Samsung - Rapidetech","og_description":"Case r\u00edgido para SSD:   Case de leitura externo 3.0 para SSD\/HD  Novo Firmware\u00a0 2577 vers\u00e3o 2026  Led de atividade azul mais intenso  projeto r\u00edgido  \u00e0 prova de fogo  \u00e0 prova de choque e riscos  material ABS  Super speed USB 3.0  Taxa m\u00e1xima de transfer\u00eancia de dados de Gbps  10 vezes mais r\u00e1pido que o USB 2.0  20% mais r\u00e1pido que USB 3.0 tradicional  UASP Protocolo de Transfer\u00eancia  Conte\u00fado da embalagem:   1 ORICO 2.5 \" Gabinete de Disco R\u00edgido  1 Cabo USB 3.0  1 Manual Do Usu\u00e1rio  1 Cart\u00e3o de Servi\u00e7o","og_url":"https:\/\/rapidetech.com.br\/en\/product\/case-rigido-para-leitura-externa-orico-para-ssd-hd-3-0\/","og_site_name":"Rapidetech","article_modified_time":"2026-01-24T23:33:14+00:00","og_image":[{"width":500,"height":500,"url":"https:\/\/rapidetech.com.br\/wp-content\/uploads\/2019\/12\/HTB1CzxTsFGWBuNjy0Fbq6z4sXXaj-e1694003584143.jpg","type":"image\/jpeg"}],"twitter_card":"summary_large_image","twitter_misc":{"Est. reading time":"2 minutes"},"schema":{"@context":"https:\/\/schema.org","@graph":[{"@type":"WebPage","@id":"https:\/\/rapidetech.com.br\/produto\/case-rigido-para-leitura-externa-orico-para-ssd-hd-3-0\/","url":"https:\/\/rapidetech.com.br\/produto\/case-rigido-para-leitura-externa-orico-para-ssd-hd-3-0\/","name":"Case R\u00edgido para leitura externa Orico para SSD HD 3.0 Adata\/ Crucial\/ WD\/Samsung - Rapidetech","isPartOf":{"@id":"https:\/\/rapidetech.com.br\/#website"},"primaryImageOfPage":{"@id":"https:\/\/rapidetech.com.br\/produto\/case-rigido-para-leitura-externa-orico-para-ssd-hd-3-0\/#primaryimage"},"image":{"@id":"https:\/\/rapidetech.com.br\/produto\/case-rigido-para-leitura-externa-orico-para-ssd-hd-3-0\/#primaryimage"},"thumbnailUrl":"https:\/\/rapidetech.com.br\/wp-content\/uploads\/2019\/12\/HTB1CzxTsFGWBuNjy0Fbq6z4sXXaj-e1694003584143.jpg","datePublished":"2019-12-30T13:47:40+00:00","dateModified":"2026-01-24T23:33:14+00:00","breadcrumb":{"@id":"https:\/\/rapidetech.com.br\/produto\/case-rigido-para-leitura-externa-orico-para-ssd-hd-3-0\/#breadcrumb"},"inLanguage":"en-US","potentialAction":[{"@type":"ReadAction","target":["https:\/\/rapidetech.com.br\/produto\/case-rigido-para-leitura-externa-orico-para-ssd-hd-3-0\/"]}]},{"@type":"ImageObject","inLanguage":"en-US","@id":"https:\/\/rapidetech.com.br\/produto\/case-rigido-para-leitura-externa-orico-para-ssd-hd-3-0\/#primaryimage","url":"https:\/\/rapidetech.com.br\/wp-content\/uploads\/2019\/12\/HTB1CzxTsFGWBuNjy0Fbq6z4sXXaj-e1694003584143.jpg","contentUrl":"https:\/\/rapidetech.com.br\/wp-content\/uploads\/2019\/12\/HTB1CzxTsFGWBuNjy0Fbq6z4sXXaj-e1694003584143.jpg","width":500,"height":500},{"@type":"BreadcrumbList","@id":"https:\/\/rapidetech.com.br\/produto\/case-rigido-para-leitura-externa-orico-para-ssd-hd-3-0\/#breadcrumb","itemListElement":[{"@type":"ListItem","position":1,"name":"In\u00edcio","item":"https:\/\/rapidetech.com.br\/"},{"@type":"ListItem","position":2,"name":"Produtos","item":"https:\/\/rapidetech.com.br\/produtos\/"},{"@type":"ListItem","position":3,"name":"Case R\u00edgido para leitura externa Orico para SSD HD 3.0 Adata\/ Crucial\/ WD\/Samsung"}]},{"@type":"WebSite","@id":"https:\/\/rapidetech.com.br\/#website","url":"https:\/\/rapidetech.com.br\/","name":"Rapidetech","description":"Audio e video","publisher":{"@id":"https:\/\/rapidetech.com.br\/#organization"},"potentialAction":[{"@type":"SearchAction","target":{"@type":"EntryPoint","urlTemplate":"https:\/\/rapidetech.com.br\/?s={search_term_string}"},"query-input":{"@type":"PropertyValueSpecification","valueRequired":true,"valueName":"search_term_string"}}],"inLanguage":"en-US"},{"@type":"Organization","@id":"https:\/\/rapidetech.com.br\/#organization","name":"Rapidetech","url":"https:\/\/rapidetech.com.br\/","logo":{"@type":"ImageObject","inLanguage":"en-US","@id":"https:\/\/rapidetech.com.br\/#\/schema\/logo\/image\/","url":"https:\/\/rapidetech.com.br\/wp-content\/uploads\/2022\/08\/RAPIDETECH-AUDIO-E-VIDEO.jpg","contentUrl":"https:\/\/rapidetech.com.br\/wp-content\/uploads\/2022\/08\/RAPIDETECH-AUDIO-E-VIDEO.jpg","width":236,"height":213,"caption":"Rapidetech"},"image":{"@id":"https:\/\/rapidetech.com.br\/#\/schema\/logo\/image\/"},"sameAs":["https:\/\/rapidetech.com.br\/","https:\/\/www.youtube.com\/channel\/UCQWlsTr9MvbqwWAekYtMNLQ"]}]}},"_links":{"self":[{"href":"https:\/\/rapidetech.com.br\/en\/wp-json\/wp\/v2\/product\/470","targetHints":{"allow":["GET"]}}],"collection":[{"href":"https:\/\/rapidetech.com.br\/en\/wp-json\/wp\/v2\/product"}],"about":[{"href":"https:\/\/rapidetech.com.br\/en\/wp-json\/wp\/v2\/types\/product"}],"replies":[{"embeddable":true,"href":"https:\/\/rapidetech.com.br\/en\/wp-json\/wp\/v2\/comments?post=470"}],"version-history":[{"count":0,"href":"https:\/\/rapidetech.com.br\/en\/wp-json\/wp\/v2\/product\/470\/revisions"}],"wp:featuredmedia":[{"embeddable":true,"href":"https:\/\/rapidetech.com.br\/en\/wp-json\/wp\/v2\/media\/45205"}],"wp:attachment":[{"href":"https:\/\/rapidetech.com.br\/en\/wp-json\/wp\/v2\/media?parent=470"}],"wp:term":[{"taxonomy":"product_brand","embeddable":true,"href":"https:\/\/rapidetech.com.br\/en\/wp-json\/wp\/v2\/product_brand?post=470"},{"taxonomy":"product_cat","embeddable":true,"href":"https:\/\/rapidetech.com.br\/en\/wp-json\/wp\/v2\/product_cat?post=470"},{"taxonomy":"product_tag","embeddable":true,"href":"https:\/\/rapidetech.com.br\/en\/wp-json\/wp\/v2\/product_tag?post=470"}],"curies":[{"name":"wp","href":"https:\/\/api.w.org\/{rel}","templated":true}]}}