{"id":47634,"date":"2023-01-16T09:09:00","date_gmt":"2023-01-16T12:09:00","guid":{"rendered":"https:\/\/rapidetech.com.br\/?post_type=product&#038;p=47634"},"modified":"2025-10-19T10:34:54","modified_gmt":"2025-10-19T13:34:54","slug":"cabo-para-subwoofer-ativo-e-passivo-de-8-00-mm-cobre-puro-5m","status":"publish","type":"product","link":"https:\/\/rapidetech.com.br\/en\/product\/cabo-para-subwoofer-ativo-e-passivo-de-8-00-mm-cobre-puro-5m\/","title":{"rendered":"Cabo para subwoofer ativo e passivo de 8.00 mm cobre puro &#8211; 5m\u00a0"},"content":{"rendered":"<h1>Cabo coaxial para subwoofer ativo e outros equipamentos de audio<\/h1>\n<h3>Descri\u00e7\u00e3o do cabo :<\/h3>\n<ul>\n<li>Novo cabo coaxial de\u00a0 audio com blindagem reforcada e filtro removivel anti interferencia<\/li>\n<li>vers\u00e3o Audiophile serie 8.00mm<\/li>\n<li>Revestido e blindado<\/li>\n<li>Comprimento : 5 metros<\/li>\n<li>Cobre de alta pureza,o2 free<\/li>\n<\/ul>\n<p>Este cabo coaxial de alta qualidade\u00a0 reduz o ru\u00eddo de todo o sistema com din\u00e2mica mais ampla, ritmo melhorado e ganhos globais al\u00e9m da expectativa. \u00c9 uma combina\u00e7\u00e3o perfeita para o subwoofer ativo , amplificador, leitor de cd, dac e todos os componentes hi fi ou streamer top ou pc gamer .<\/p>\n<ul>\n<li>Di\u00e2metro do cabo: 8 mm<\/li>\n<li>Material do cabo: cobre puro super multi pot\u00eancia do condutor<\/li>\n<li>Cobertura externa do cabo: sleeving expans\u00edvel tran\u00e7ado duplo<\/li>\n<\/ul>\n<p>Conte\u00fado da embalagem:<\/p>\n<ul>\n<li>5 m<\/li>\n<\/ul>\n<h3>Novo cabo coaxial\u00a0 \u00e9 compat\u00edvel com todos equipamentos de audio padrao digital :<\/h3>\n<ul>\n<li>Receiver,cd player ,amplificador,subwoofer ,pc gamer<\/li>\n<\/ul>\n<p>&nbsp;<\/p>","protected":false},"excerpt":{"rendered":"<h3>Cabo coaxial EMK\u00a0 de alta qualidade para subwoofer ativo\u00a0 :<\/h3>\n<ul>\n<li>Novo cabo coaxial serve para amplificador,receiver,subwoofer,equipamentos musicais<\/li>\n<li>Comprimento : 5 metros<\/li>\n<li>Cobre de alta pureza, O2 free<\/li>\n<\/ul>\n<p>Conte\u00fado da embalagem:<\/p>\n<ul>\n<li>3 m de comprimento<\/li>\n<\/ul>","protected":false},"featured_media":46763,"comment_status":"closed","ping_status":"closed","template":"","meta":[],"product_brand":[],"product_cat":[18,22,45,21],"product_tag":[92,60],"class_list":{"0":"post-47634","1":"product","2":"type-product","3":"status-publish","4":"has-post-thumbnail","6":"product_cat-accessorios","7":"product_cat-audio","8":"product_cat-informatica","9":"product_cat-video","10":"product_tag-audio","11":"product_tag-caixas","12":"product_shipping_class-normal","14":"first","15":"instock","16":"purchasable","17":"product-type-simple"},"yoast_head":"<!-- This site is optimized with the Yoast SEO plugin v27.3 - https:\/\/yoast.com\/product\/yoast-seo-wordpress\/ -->\n<title>Cabo para subwoofer ativo e passivo de 8.00 mm cobre puro - 5m\u00a0 - Rapidetech<\/title>\n<meta name=\"robots\" content=\"index, follow, max-snippet:-1, max-image-preview:large, max-video-preview:-1\" \/>\n<link rel=\"canonical\" href=\"https:\/\/rapidetech.com.br\/en\/product\/cabo-para-subwoofer-ativo-e-passivo-de-8-00-mm-cobre-puro-5m\/\" \/>\n<meta property=\"og:locale\" content=\"en_US\" \/>\n<meta property=\"og:type\" content=\"article\" \/>\n<meta property=\"og:title\" content=\"Cabo para subwoofer ativo e passivo de 8.00 mm cobre puro - 5m\u00a0 - Rapidetech\" \/>\n<meta property=\"og:description\" content=\"Cabo coaxial EMK\u00a0 de alta qualidade para subwoofer ativo\u00a0 :   Novo cabo coaxial serve para amplificador,receiver,subwoofer,equipamentos musicais  Comprimento : 5 metros  Cobre de alta pureza, O2 free  Conte\u00fado da embalagem:   3 m de comprimento\" \/>\n<meta property=\"og:url\" content=\"https:\/\/rapidetech.com.br\/en\/product\/cabo-para-subwoofer-ativo-e-passivo-de-8-00-mm-cobre-puro-5m\/\" \/>\n<meta property=\"og:site_name\" content=\"Rapidetech\" \/>\n<meta property=\"article:modified_time\" content=\"2025-10-19T13:34:54+00:00\" \/>\n<meta property=\"og:image\" content=\"https:\/\/rapidetech.com.br\/wp-content\/uploads\/2021\/12\/AnyConv.com__HTB1fGLiadjvK1RjSspiq6AEqXXam-e1698456887203.webp\" \/>\n\t<meta property=\"og:image:width\" content=\"600\" \/>\n\t<meta property=\"og:image:height\" content=\"600\" \/>\n\t<meta property=\"og:image:type\" content=\"image\/webp\" \/>\n<meta name=\"twitter:card\" content=\"summary_large_image\" \/>\n<meta name=\"twitter:label1\" content=\"Est. reading time\" \/>\n\t<meta name=\"twitter:data1\" content=\"2 minutes\" \/>\n<script type=\"application\/ld+json\" class=\"yoast-schema-graph\">{\"@context\":\"https:\\\/\\\/schema.org\",\"@graph\":[{\"@type\":\"WebPage\",\"@id\":\"https:\\\/\\\/rapidetech.com.br\\\/produto\\\/cabo-para-subwoofer-ativo-e-passivo-de-8-00-mm-cobre-puro-5m\\\/\",\"url\":\"https:\\\/\\\/rapidetech.com.br\\\/produto\\\/cabo-para-subwoofer-ativo-e-passivo-de-8-00-mm-cobre-puro-5m\\\/\",\"name\":\"Cabo para subwoofer ativo e passivo de 8.00 mm cobre puro - 5m\u00a0 - Rapidetech\",\"isPartOf\":{\"@id\":\"https:\\\/\\\/rapidetech.com.br\\\/#website\"},\"primaryImageOfPage\":{\"@id\":\"https:\\\/\\\/rapidetech.com.br\\\/produto\\\/cabo-para-subwoofer-ativo-e-passivo-de-8-00-mm-cobre-puro-5m\\\/#primaryimage\"},\"image\":{\"@id\":\"https:\\\/\\\/rapidetech.com.br\\\/produto\\\/cabo-para-subwoofer-ativo-e-passivo-de-8-00-mm-cobre-puro-5m\\\/#primaryimage\"},\"thumbnailUrl\":\"https:\\\/\\\/rapidetech.com.br\\\/wp-content\\\/uploads\\\/2021\\\/12\\\/AnyConv.com__HTB1fGLiadjvK1RjSspiq6AEqXXam-e1698456887203.webp\",\"datePublished\":\"2023-01-16T12:09:00+00:00\",\"dateModified\":\"2025-10-19T13:34:54+00:00\",\"breadcrumb\":{\"@id\":\"https:\\\/\\\/rapidetech.com.br\\\/produto\\\/cabo-para-subwoofer-ativo-e-passivo-de-8-00-mm-cobre-puro-5m\\\/#breadcrumb\"},\"inLanguage\":\"en-US\",\"potentialAction\":[{\"@type\":\"ReadAction\",\"target\":[\"https:\\\/\\\/rapidetech.com.br\\\/produto\\\/cabo-para-subwoofer-ativo-e-passivo-de-8-00-mm-cobre-puro-5m\\\/\"]}]},{\"@type\":\"ImageObject\",\"inLanguage\":\"en-US\",\"@id\":\"https:\\\/\\\/rapidetech.com.br\\\/produto\\\/cabo-para-subwoofer-ativo-e-passivo-de-8-00-mm-cobre-puro-5m\\\/#primaryimage\",\"url\":\"https:\\\/\\\/rapidetech.com.br\\\/wp-content\\\/uploads\\\/2021\\\/12\\\/AnyConv.com__HTB1fGLiadjvK1RjSspiq6AEqXXam-e1698456887203.webp\",\"contentUrl\":\"https:\\\/\\\/rapidetech.com.br\\\/wp-content\\\/uploads\\\/2021\\\/12\\\/AnyConv.com__HTB1fGLiadjvK1RjSspiq6AEqXXam-e1698456887203.webp\",\"width\":600,\"height\":600},{\"@type\":\"BreadcrumbList\",\"@id\":\"https:\\\/\\\/rapidetech.com.br\\\/produto\\\/cabo-para-subwoofer-ativo-e-passivo-de-8-00-mm-cobre-puro-5m\\\/#breadcrumb\",\"itemListElement\":[{\"@type\":\"ListItem\",\"position\":1,\"name\":\"In\u00edcio\",\"item\":\"https:\\\/\\\/rapidetech.com.br\\\/\"},{\"@type\":\"ListItem\",\"position\":2,\"name\":\"Produtos\",\"item\":\"https:\\\/\\\/rapidetech.com.br\\\/produtos\\\/\"},{\"@type\":\"ListItem\",\"position\":3,\"name\":\"Cabo para subwoofer ativo e passivo de 8.00 mm cobre puro &#8211; 5m\u00a0\"}]},{\"@type\":\"WebSite\",\"@id\":\"https:\\\/\\\/rapidetech.com.br\\\/#website\",\"url\":\"https:\\\/\\\/rapidetech.com.br\\\/\",\"name\":\"Rapidetech\",\"description\":\"Audio e video\",\"publisher\":{\"@id\":\"https:\\\/\\\/rapidetech.com.br\\\/#organization\"},\"potentialAction\":[{\"@type\":\"SearchAction\",\"target\":{\"@type\":\"EntryPoint\",\"urlTemplate\":\"https:\\\/\\\/rapidetech.com.br\\\/?s={search_term_string}\"},\"query-input\":{\"@type\":\"PropertyValueSpecification\",\"valueRequired\":true,\"valueName\":\"search_term_string\"}}],\"inLanguage\":\"en-US\"},{\"@type\":\"Organization\",\"@id\":\"https:\\\/\\\/rapidetech.com.br\\\/#organization\",\"name\":\"Rapidetech\",\"url\":\"https:\\\/\\\/rapidetech.com.br\\\/\",\"logo\":{\"@type\":\"ImageObject\",\"inLanguage\":\"en-US\",\"@id\":\"https:\\\/\\\/rapidetech.com.br\\\/#\\\/schema\\\/logo\\\/image\\\/\",\"url\":\"https:\\\/\\\/rapidetech.com.br\\\/wp-content\\\/uploads\\\/2022\\\/08\\\/RAPIDETECH-AUDIO-E-VIDEO.jpg\",\"contentUrl\":\"https:\\\/\\\/rapidetech.com.br\\\/wp-content\\\/uploads\\\/2022\\\/08\\\/RAPIDETECH-AUDIO-E-VIDEO.jpg\",\"width\":236,\"height\":213,\"caption\":\"Rapidetech\"},\"image\":{\"@id\":\"https:\\\/\\\/rapidetech.com.br\\\/#\\\/schema\\\/logo\\\/image\\\/\"},\"sameAs\":[\"https:\\\/\\\/rapidetech.com.br\\\/\",\"https:\\\/\\\/www.youtube.com\\\/channel\\\/UCQWlsTr9MvbqwWAekYtMNLQ\"]}]}<\/script>\n<!-- \/ Yoast SEO plugin. -->","yoast_head_json":{"title":"Cabo para subwoofer ativo e passivo de 8.00 mm cobre puro - 5m\u00a0 - Rapidetech","robots":{"index":"index","follow":"follow","max-snippet":"max-snippet:-1","max-image-preview":"max-image-preview:large","max-video-preview":"max-video-preview:-1"},"canonical":"https:\/\/rapidetech.com.br\/en\/product\/cabo-para-subwoofer-ativo-e-passivo-de-8-00-mm-cobre-puro-5m\/","og_locale":"en_US","og_type":"article","og_title":"Cabo para subwoofer ativo e passivo de 8.00 mm cobre puro - 5m\u00a0 - Rapidetech","og_description":"Cabo coaxial EMK\u00a0 de alta qualidade para subwoofer ativo\u00a0 :   Novo cabo coaxial serve para amplificador,receiver,subwoofer,equipamentos musicais  Comprimento : 5 metros  Cobre de alta pureza, O2 free  Conte\u00fado da embalagem:   3 m de comprimento","og_url":"https:\/\/rapidetech.com.br\/en\/product\/cabo-para-subwoofer-ativo-e-passivo-de-8-00-mm-cobre-puro-5m\/","og_site_name":"Rapidetech","article_modified_time":"2025-10-19T13:34:54+00:00","og_image":[{"width":600,"height":600,"url":"https:\/\/rapidetech.com.br\/wp-content\/uploads\/2021\/12\/AnyConv.com__HTB1fGLiadjvK1RjSspiq6AEqXXam-e1698456887203.webp","type":"image\/webp"}],"twitter_card":"summary_large_image","twitter_misc":{"Est. reading time":"2 minutes"},"schema":{"@context":"https:\/\/schema.org","@graph":[{"@type":"WebPage","@id":"https:\/\/rapidetech.com.br\/produto\/cabo-para-subwoofer-ativo-e-passivo-de-8-00-mm-cobre-puro-5m\/","url":"https:\/\/rapidetech.com.br\/produto\/cabo-para-subwoofer-ativo-e-passivo-de-8-00-mm-cobre-puro-5m\/","name":"Cabo para subwoofer ativo e passivo de 8.00 mm cobre puro - 5m\u00a0 - Rapidetech","isPartOf":{"@id":"https:\/\/rapidetech.com.br\/#website"},"primaryImageOfPage":{"@id":"https:\/\/rapidetech.com.br\/produto\/cabo-para-subwoofer-ativo-e-passivo-de-8-00-mm-cobre-puro-5m\/#primaryimage"},"image":{"@id":"https:\/\/rapidetech.com.br\/produto\/cabo-para-subwoofer-ativo-e-passivo-de-8-00-mm-cobre-puro-5m\/#primaryimage"},"thumbnailUrl":"https:\/\/rapidetech.com.br\/wp-content\/uploads\/2021\/12\/AnyConv.com__HTB1fGLiadjvK1RjSspiq6AEqXXam-e1698456887203.webp","datePublished":"2023-01-16T12:09:00+00:00","dateModified":"2025-10-19T13:34:54+00:00","breadcrumb":{"@id":"https:\/\/rapidetech.com.br\/produto\/cabo-para-subwoofer-ativo-e-passivo-de-8-00-mm-cobre-puro-5m\/#breadcrumb"},"inLanguage":"en-US","potentialAction":[{"@type":"ReadAction","target":["https:\/\/rapidetech.com.br\/produto\/cabo-para-subwoofer-ativo-e-passivo-de-8-00-mm-cobre-puro-5m\/"]}]},{"@type":"ImageObject","inLanguage":"en-US","@id":"https:\/\/rapidetech.com.br\/produto\/cabo-para-subwoofer-ativo-e-passivo-de-8-00-mm-cobre-puro-5m\/#primaryimage","url":"https:\/\/rapidetech.com.br\/wp-content\/uploads\/2021\/12\/AnyConv.com__HTB1fGLiadjvK1RjSspiq6AEqXXam-e1698456887203.webp","contentUrl":"https:\/\/rapidetech.com.br\/wp-content\/uploads\/2021\/12\/AnyConv.com__HTB1fGLiadjvK1RjSspiq6AEqXXam-e1698456887203.webp","width":600,"height":600},{"@type":"BreadcrumbList","@id":"https:\/\/rapidetech.com.br\/produto\/cabo-para-subwoofer-ativo-e-passivo-de-8-00-mm-cobre-puro-5m\/#breadcrumb","itemListElement":[{"@type":"ListItem","position":1,"name":"In\u00edcio","item":"https:\/\/rapidetech.com.br\/"},{"@type":"ListItem","position":2,"name":"Produtos","item":"https:\/\/rapidetech.com.br\/produtos\/"},{"@type":"ListItem","position":3,"name":"Cabo para subwoofer ativo e passivo de 8.00 mm cobre puro &#8211; 5m\u00a0"}]},{"@type":"WebSite","@id":"https:\/\/rapidetech.com.br\/#website","url":"https:\/\/rapidetech.com.br\/","name":"Rapidetech","description":"Audio e video","publisher":{"@id":"https:\/\/rapidetech.com.br\/#organization"},"potentialAction":[{"@type":"SearchAction","target":{"@type":"EntryPoint","urlTemplate":"https:\/\/rapidetech.com.br\/?s={search_term_string}"},"query-input":{"@type":"PropertyValueSpecification","valueRequired":true,"valueName":"search_term_string"}}],"inLanguage":"en-US"},{"@type":"Organization","@id":"https:\/\/rapidetech.com.br\/#organization","name":"Rapidetech","url":"https:\/\/rapidetech.com.br\/","logo":{"@type":"ImageObject","inLanguage":"en-US","@id":"https:\/\/rapidetech.com.br\/#\/schema\/logo\/image\/","url":"https:\/\/rapidetech.com.br\/wp-content\/uploads\/2022\/08\/RAPIDETECH-AUDIO-E-VIDEO.jpg","contentUrl":"https:\/\/rapidetech.com.br\/wp-content\/uploads\/2022\/08\/RAPIDETECH-AUDIO-E-VIDEO.jpg","width":236,"height":213,"caption":"Rapidetech"},"image":{"@id":"https:\/\/rapidetech.com.br\/#\/schema\/logo\/image\/"},"sameAs":["https:\/\/rapidetech.com.br\/","https:\/\/www.youtube.com\/channel\/UCQWlsTr9MvbqwWAekYtMNLQ"]}]}},"_links":{"self":[{"href":"https:\/\/rapidetech.com.br\/en\/wp-json\/wp\/v2\/product\/47634","targetHints":{"allow":["GET"]}}],"collection":[{"href":"https:\/\/rapidetech.com.br\/en\/wp-json\/wp\/v2\/product"}],"about":[{"href":"https:\/\/rapidetech.com.br\/en\/wp-json\/wp\/v2\/types\/product"}],"replies":[{"embeddable":true,"href":"https:\/\/rapidetech.com.br\/en\/wp-json\/wp\/v2\/comments?post=47634"}],"version-history":[{"count":0,"href":"https:\/\/rapidetech.com.br\/en\/wp-json\/wp\/v2\/product\/47634\/revisions"}],"wp:featuredmedia":[{"embeddable":true,"href":"https:\/\/rapidetech.com.br\/en\/wp-json\/wp\/v2\/media\/46763"}],"wp:attachment":[{"href":"https:\/\/rapidetech.com.br\/en\/wp-json\/wp\/v2\/media?parent=47634"}],"wp:term":[{"taxonomy":"product_brand","embeddable":true,"href":"https:\/\/rapidetech.com.br\/en\/wp-json\/wp\/v2\/product_brand?post=47634"},{"taxonomy":"product_cat","embeddable":true,"href":"https:\/\/rapidetech.com.br\/en\/wp-json\/wp\/v2\/product_cat?post=47634"},{"taxonomy":"product_tag","embeddable":true,"href":"https:\/\/rapidetech.com.br\/en\/wp-json\/wp\/v2\/product_tag?post=47634"}],"curies":[{"name":"wp","href":"https:\/\/api.w.org\/{rel}","templated":true}]}}