{"id":47637,"date":"2023-01-16T12:45:27","date_gmt":"2023-01-16T15:45:27","guid":{"rendered":"https:\/\/rapidetech.com.br\/?post_type=product&#038;p=47637"},"modified":"2024-12-06T09:33:50","modified_gmt":"2024-12-06T12:33:50","slug":"fone-bose-700-nc-cancelamento-de-ruido-pronta-entrega","status":"publish","type":"product","link":"https:\/\/rapidetech.com.br\/en\/product\/fone-bose-700-nc-cancelamento-de-ruido-pronta-entrega\/","title":{"rendered":"Fone Bose 700 nc black &#8211; cancelamento de ruido top  &#8211; pronta entrega"},"content":{"rendered":"<h1>Novo fone Bose 700 NC BLACK<\/h1>\n<h1>Descri\u00e7\u00e3o :<\/h1>\n<p><strong>O QUE TEM NA CAIXA ?\u00a0<\/strong><\/p>\n<ul>\n<li>Bose Noise Cancelling Headphones 700<\/li>\n<li>Audio cable<\/li>\n<li>USB-C charging cable<\/li>\n<li>Carrying case<\/li>\n<li>Quick start guide<\/li>\n<\/ul>\n<p>&nbsp;<\/p>\n<p>Dimensions:<\/p>\n<ul>\n<li><strong>Headphones:<\/strong>8&#8243; H x 6.5&#8243; W x 2&#8243; D (0.56 lbs)<\/li>\n<li><strong>Carrying case:<\/strong>6&#8243; H x 7&#8243; W x 2.4&#8243; D (6.25 oz)<\/li>\n<li><strong>Audio cable:<\/strong>42 in<\/li>\n<li><strong>USB cable:<\/strong>20 in<\/li>\n<\/ul>\n<p>&nbsp;<\/p>\n<p>Fone de ouvido poderoso de redu\u00e7\u00e3o de ru\u00eddo: 11 n\u00edveis de redu\u00e7\u00e3o ativa de ru\u00eddo, permitindo que voc\u00ea desfrute de m\u00fasica, podcasts, v\u00eddeos e chamadas sem interfer\u00eancia<\/p>\n<p>Voz incr\u00edvel: detalhes n\u00edtidos e claros. Baixo profundo. Esses fones de ouvido sem fio produzem sons emocionantes e realistas que s\u00e3o perfeitamente equilibrados em cada n\u00edvel de volume<\/p>\n<p>Capta\u00e7\u00e3o de voz incompar\u00e1vel: o revolucion\u00e1rio sistema de microfone adapta-se ao ambiente barulhento e ventoso, tornando a sua voz sempre clara ao falar<\/p>\n<p>Liberte sua mente: obtenha m\u00fasica, navega\u00e7\u00e3o, clima, etc., bem como controle intuitivo de toque no fone de ouvido acessando facilmente assistentes de voz como Alexa e Google Assistant &#8211; voc\u00ea pode permanecer conectado sem conectar seu telefone.<\/p>\n<p>Design e conforto de alta qualidade: A faixa leve de a\u00e7o inoxid\u00e1vel e os protetores auriculares inclinam-se para um ajuste perfeito, e voc\u00ea pode usar confortavelmente esses fones de ouvido Bluetooth por horas<\/p>\n<p>At\u00e9 20 horas de m\u00fasica ininterrupta: at\u00e9 20 horas de dura\u00e7\u00e3o da bateria sem fios podem ser obtidas com uma carga<\/p>\n<p>Um clique ouvindo o Spotify: ou\u00e7a sua \u00faltima conversa do Spotify instantaneamente ou descubra novas m\u00fasicas tocando e segurando o fone de ouvido apropriado. Atualmente, apenas ao usar dispositivos iOS com fones de ouvido<\/p>\n<p>Combina\u00e7\u00e3o com altifalante inteligente Bose: utilize a tecnologia Bose SimpleSync para emparelhar estes auscultadores Bluetooth sem fios com altifalante inteligente Bose 300, 500 ou 700 para uma experi\u00eancia de audi\u00e7\u00e3o pessoal.<\/p>\n<p>Chamada Alexa para Alexa: use esses fones de ouvido sem fio de redu\u00e7\u00e3o de ru\u00eddo para chamar dispositivos inteligentes Bose ou dispositivos Amazon Echo por meio de aplicativos m\u00f3veis Alexa<\/p>\n<p>&nbsp;<\/p>","protected":false},"excerpt":{"rendered":"<h3>Fone Bose 700 nc\u00a0 noise cancelling \/\u00a0 high resolution :<\/h3>\n<ul>\n<li>Couro sintetico e macio de alta qualidade<\/li>\n<li>Bluetooth 5.1<\/li>\n<li>Driver 40mm<\/li>\n<li>Resposta frequencia de 20 hz ate 60000 hz<\/li>\n<li>Impedancia :32 ohm<\/li>\n<\/ul>\n<p><strong>Conte\u00fado da embalagem:<\/strong><\/p>\n<ul>\n<li>1 fones Bose\u00a0 e cabos de carregamento tipo c<\/li>\n<\/ul>","protected":false},"featured_media":47638,"comment_status":"closed","ping_status":"closed","template":"","meta":[],"product_brand":[],"product_cat":[18,22,45],"product_tag":[360,39,361,88],"class_list":{"0":"post-47637","1":"product","2":"type-product","3":"status-publish","4":"has-post-thumbnail","6":"product_cat-accessorios","7":"product_cat-audio","8":"product_cat-informatica","9":"product_tag-700-nc","10":"product_tag-bose","11":"product_tag-cancelamento-de-ruido","12":"product_tag-fone-de-ouvido","13":"product_shipping_class-normal","15":"first","16":"outofstock","17":"purchasable","18":"product-type-simple"},"yoast_head":"<!-- This site is optimized with the Yoast SEO plugin v27.4 - https:\/\/yoast.com\/product\/yoast-seo-wordpress\/ -->\n<title>Fone Bose 700 nc black - cancelamento de ruido top - pronta entrega - Rapidetech<\/title>\n<meta name=\"description\" content=\"Melhor fone de ouvido com cancelamento de ruido do mercado , Bose tem tradicao ha anos e nenhuma marca de fones conseguiu chegar no seu patamar !\" \/>\n<meta name=\"robots\" content=\"index, follow, max-snippet:-1, max-image-preview:large, max-video-preview:-1\" \/>\n<link rel=\"canonical\" href=\"https:\/\/rapidetech.com.br\/en\/product\/fone-bose-700-nc-cancelamento-de-ruido-pronta-entrega\/\" \/>\n<meta property=\"og:locale\" content=\"en_US\" \/>\n<meta property=\"og:type\" content=\"article\" \/>\n<meta property=\"og:title\" content=\"Fone Bose 700 nc black - cancelamento de ruido top - pronta entrega - Rapidetech\" \/>\n<meta property=\"og:description\" content=\"Melhor fone de ouvido com cancelamento de ruido do mercado , Bose tem tradicao ha anos e nenhuma marca de fones conseguiu chegar no seu patamar !\" \/>\n<meta property=\"og:url\" content=\"https:\/\/rapidetech.com.br\/en\/product\/fone-bose-700-nc-cancelamento-de-ruido-pronta-entrega\/\" \/>\n<meta property=\"og:site_name\" content=\"Rapidetech\" \/>\n<meta property=\"article:modified_time\" content=\"2024-12-06T12:33:50+00:00\" \/>\n<meta property=\"og:image\" content=\"https:\/\/rapidetech.com.br\/wp-content\/uploads\/2023\/01\/6610765676_1-1.webp\" \/>\n\t<meta property=\"og:image:width\" content=\"500\" \/>\n\t<meta property=\"og:image:height\" content=\"500\" \/>\n\t<meta property=\"og:image:type\" content=\"image\/webp\" \/>\n<meta name=\"twitter:card\" content=\"summary_large_image\" \/>\n<meta name=\"twitter:label1\" content=\"Est. reading time\" \/>\n\t<meta name=\"twitter:data1\" content=\"2 minutes\" \/>\n<script type=\"application\/ld+json\" class=\"yoast-schema-graph\">{\"@context\":\"https:\\\/\\\/schema.org\",\"@graph\":[{\"@type\":\"WebPage\",\"@id\":\"https:\\\/\\\/rapidetech.com.br\\\/produto\\\/fone-bose-700-nc-cancelamento-de-ruido-pronta-entrega\\\/\",\"url\":\"https:\\\/\\\/rapidetech.com.br\\\/produto\\\/fone-bose-700-nc-cancelamento-de-ruido-pronta-entrega\\\/\",\"name\":\"Fone Bose 700 nc black - cancelamento de ruido top - pronta entrega - Rapidetech\",\"isPartOf\":{\"@id\":\"https:\\\/\\\/rapidetech.com.br\\\/#website\"},\"primaryImageOfPage\":{\"@id\":\"https:\\\/\\\/rapidetech.com.br\\\/produto\\\/fone-bose-700-nc-cancelamento-de-ruido-pronta-entrega\\\/#primaryimage\"},\"image\":{\"@id\":\"https:\\\/\\\/rapidetech.com.br\\\/produto\\\/fone-bose-700-nc-cancelamento-de-ruido-pronta-entrega\\\/#primaryimage\"},\"thumbnailUrl\":\"https:\\\/\\\/rapidetech.com.br\\\/wp-content\\\/uploads\\\/2023\\\/01\\\/6610765676_1-1.webp\",\"datePublished\":\"2023-01-16T15:45:27+00:00\",\"dateModified\":\"2024-12-06T12:33:50+00:00\",\"description\":\"Melhor fone de ouvido com cancelamento de ruido do mercado , Bose tem tradicao ha anos e nenhuma marca de fones conseguiu chegar no seu patamar !\",\"breadcrumb\":{\"@id\":\"https:\\\/\\\/rapidetech.com.br\\\/produto\\\/fone-bose-700-nc-cancelamento-de-ruido-pronta-entrega\\\/#breadcrumb\"},\"inLanguage\":\"en-US\",\"potentialAction\":[{\"@type\":\"ReadAction\",\"target\":[\"https:\\\/\\\/rapidetech.com.br\\\/produto\\\/fone-bose-700-nc-cancelamento-de-ruido-pronta-entrega\\\/\"]}]},{\"@type\":\"ImageObject\",\"inLanguage\":\"en-US\",\"@id\":\"https:\\\/\\\/rapidetech.com.br\\\/produto\\\/fone-bose-700-nc-cancelamento-de-ruido-pronta-entrega\\\/#primaryimage\",\"url\":\"https:\\\/\\\/rapidetech.com.br\\\/wp-content\\\/uploads\\\/2023\\\/01\\\/6610765676_1-1.webp\",\"contentUrl\":\"https:\\\/\\\/rapidetech.com.br\\\/wp-content\\\/uploads\\\/2023\\\/01\\\/6610765676_1-1.webp\",\"width\":500,\"height\":500},{\"@type\":\"BreadcrumbList\",\"@id\":\"https:\\\/\\\/rapidetech.com.br\\\/produto\\\/fone-bose-700-nc-cancelamento-de-ruido-pronta-entrega\\\/#breadcrumb\",\"itemListElement\":[{\"@type\":\"ListItem\",\"position\":1,\"name\":\"In\u00edcio\",\"item\":\"https:\\\/\\\/rapidetech.com.br\\\/\"},{\"@type\":\"ListItem\",\"position\":2,\"name\":\"Produtos\",\"item\":\"https:\\\/\\\/rapidetech.com.br\\\/produtos\\\/\"},{\"@type\":\"ListItem\",\"position\":3,\"name\":\"Fone Bose 700 nc black &#8211; cancelamento de ruido top &#8211; pronta entrega\"}]},{\"@type\":\"WebSite\",\"@id\":\"https:\\\/\\\/rapidetech.com.br\\\/#website\",\"url\":\"https:\\\/\\\/rapidetech.com.br\\\/\",\"name\":\"Rapidetech\",\"description\":\"Audio e video\",\"publisher\":{\"@id\":\"https:\\\/\\\/rapidetech.com.br\\\/#organization\"},\"potentialAction\":[{\"@type\":\"SearchAction\",\"target\":{\"@type\":\"EntryPoint\",\"urlTemplate\":\"https:\\\/\\\/rapidetech.com.br\\\/?s={search_term_string}\"},\"query-input\":{\"@type\":\"PropertyValueSpecification\",\"valueRequired\":true,\"valueName\":\"search_term_string\"}}],\"inLanguage\":\"en-US\"},{\"@type\":\"Organization\",\"@id\":\"https:\\\/\\\/rapidetech.com.br\\\/#organization\",\"name\":\"Rapidetech\",\"url\":\"https:\\\/\\\/rapidetech.com.br\\\/\",\"logo\":{\"@type\":\"ImageObject\",\"inLanguage\":\"en-US\",\"@id\":\"https:\\\/\\\/rapidetech.com.br\\\/#\\\/schema\\\/logo\\\/image\\\/\",\"url\":\"https:\\\/\\\/rapidetech.com.br\\\/wp-content\\\/uploads\\\/2022\\\/08\\\/RAPIDETECH-AUDIO-E-VIDEO.jpg\",\"contentUrl\":\"https:\\\/\\\/rapidetech.com.br\\\/wp-content\\\/uploads\\\/2022\\\/08\\\/RAPIDETECH-AUDIO-E-VIDEO.jpg\",\"width\":236,\"height\":213,\"caption\":\"Rapidetech\"},\"image\":{\"@id\":\"https:\\\/\\\/rapidetech.com.br\\\/#\\\/schema\\\/logo\\\/image\\\/\"},\"sameAs\":[\"https:\\\/\\\/rapidetech.com.br\\\/\",\"https:\\\/\\\/www.youtube.com\\\/channel\\\/UCQWlsTr9MvbqwWAekYtMNLQ\"]}]}<\/script>\n<!-- \/ Yoast SEO plugin. -->","yoast_head_json":{"title":"Fone Bose 700 nc black - cancelamento de ruido top - pronta entrega - Rapidetech","description":"Melhor fone de ouvido com cancelamento de ruido do mercado , Bose tem tradicao ha anos e nenhuma marca de fones conseguiu chegar no seu patamar !","robots":{"index":"index","follow":"follow","max-snippet":"max-snippet:-1","max-image-preview":"max-image-preview:large","max-video-preview":"max-video-preview:-1"},"canonical":"https:\/\/rapidetech.com.br\/en\/product\/fone-bose-700-nc-cancelamento-de-ruido-pronta-entrega\/","og_locale":"en_US","og_type":"article","og_title":"Fone Bose 700 nc black - cancelamento de ruido top - pronta entrega - Rapidetech","og_description":"Melhor fone de ouvido com cancelamento de ruido do mercado , Bose tem tradicao ha anos e nenhuma marca de fones conseguiu chegar no seu patamar !","og_url":"https:\/\/rapidetech.com.br\/en\/product\/fone-bose-700-nc-cancelamento-de-ruido-pronta-entrega\/","og_site_name":"Rapidetech","article_modified_time":"2024-12-06T12:33:50+00:00","og_image":[{"width":500,"height":500,"url":"https:\/\/rapidetech.com.br\/wp-content\/uploads\/2023\/01\/6610765676_1-1.webp","type":"image\/webp"}],"twitter_card":"summary_large_image","twitter_misc":{"Est. reading time":"2 minutes"},"schema":{"@context":"https:\/\/schema.org","@graph":[{"@type":"WebPage","@id":"https:\/\/rapidetech.com.br\/produto\/fone-bose-700-nc-cancelamento-de-ruido-pronta-entrega\/","url":"https:\/\/rapidetech.com.br\/produto\/fone-bose-700-nc-cancelamento-de-ruido-pronta-entrega\/","name":"Fone Bose 700 nc black - cancelamento de ruido top - pronta entrega - Rapidetech","isPartOf":{"@id":"https:\/\/rapidetech.com.br\/#website"},"primaryImageOfPage":{"@id":"https:\/\/rapidetech.com.br\/produto\/fone-bose-700-nc-cancelamento-de-ruido-pronta-entrega\/#primaryimage"},"image":{"@id":"https:\/\/rapidetech.com.br\/produto\/fone-bose-700-nc-cancelamento-de-ruido-pronta-entrega\/#primaryimage"},"thumbnailUrl":"https:\/\/rapidetech.com.br\/wp-content\/uploads\/2023\/01\/6610765676_1-1.webp","datePublished":"2023-01-16T15:45:27+00:00","dateModified":"2024-12-06T12:33:50+00:00","description":"Melhor fone de ouvido com cancelamento de ruido do mercado , Bose tem tradicao ha anos e nenhuma marca de fones conseguiu chegar no seu patamar !","breadcrumb":{"@id":"https:\/\/rapidetech.com.br\/produto\/fone-bose-700-nc-cancelamento-de-ruido-pronta-entrega\/#breadcrumb"},"inLanguage":"en-US","potentialAction":[{"@type":"ReadAction","target":["https:\/\/rapidetech.com.br\/produto\/fone-bose-700-nc-cancelamento-de-ruido-pronta-entrega\/"]}]},{"@type":"ImageObject","inLanguage":"en-US","@id":"https:\/\/rapidetech.com.br\/produto\/fone-bose-700-nc-cancelamento-de-ruido-pronta-entrega\/#primaryimage","url":"https:\/\/rapidetech.com.br\/wp-content\/uploads\/2023\/01\/6610765676_1-1.webp","contentUrl":"https:\/\/rapidetech.com.br\/wp-content\/uploads\/2023\/01\/6610765676_1-1.webp","width":500,"height":500},{"@type":"BreadcrumbList","@id":"https:\/\/rapidetech.com.br\/produto\/fone-bose-700-nc-cancelamento-de-ruido-pronta-entrega\/#breadcrumb","itemListElement":[{"@type":"ListItem","position":1,"name":"In\u00edcio","item":"https:\/\/rapidetech.com.br\/"},{"@type":"ListItem","position":2,"name":"Produtos","item":"https:\/\/rapidetech.com.br\/produtos\/"},{"@type":"ListItem","position":3,"name":"Fone Bose 700 nc black &#8211; cancelamento de ruido top &#8211; pronta entrega"}]},{"@type":"WebSite","@id":"https:\/\/rapidetech.com.br\/#website","url":"https:\/\/rapidetech.com.br\/","name":"Rapidetech","description":"Audio e video","publisher":{"@id":"https:\/\/rapidetech.com.br\/#organization"},"potentialAction":[{"@type":"SearchAction","target":{"@type":"EntryPoint","urlTemplate":"https:\/\/rapidetech.com.br\/?s={search_term_string}"},"query-input":{"@type":"PropertyValueSpecification","valueRequired":true,"valueName":"search_term_string"}}],"inLanguage":"en-US"},{"@type":"Organization","@id":"https:\/\/rapidetech.com.br\/#organization","name":"Rapidetech","url":"https:\/\/rapidetech.com.br\/","logo":{"@type":"ImageObject","inLanguage":"en-US","@id":"https:\/\/rapidetech.com.br\/#\/schema\/logo\/image\/","url":"https:\/\/rapidetech.com.br\/wp-content\/uploads\/2022\/08\/RAPIDETECH-AUDIO-E-VIDEO.jpg","contentUrl":"https:\/\/rapidetech.com.br\/wp-content\/uploads\/2022\/08\/RAPIDETECH-AUDIO-E-VIDEO.jpg","width":236,"height":213,"caption":"Rapidetech"},"image":{"@id":"https:\/\/rapidetech.com.br\/#\/schema\/logo\/image\/"},"sameAs":["https:\/\/rapidetech.com.br\/","https:\/\/www.youtube.com\/channel\/UCQWlsTr9MvbqwWAekYtMNLQ"]}]}},"_links":{"self":[{"href":"https:\/\/rapidetech.com.br\/en\/wp-json\/wp\/v2\/product\/47637","targetHints":{"allow":["GET"]}}],"collection":[{"href":"https:\/\/rapidetech.com.br\/en\/wp-json\/wp\/v2\/product"}],"about":[{"href":"https:\/\/rapidetech.com.br\/en\/wp-json\/wp\/v2\/types\/product"}],"replies":[{"embeddable":true,"href":"https:\/\/rapidetech.com.br\/en\/wp-json\/wp\/v2\/comments?post=47637"}],"version-history":[{"count":0,"href":"https:\/\/rapidetech.com.br\/en\/wp-json\/wp\/v2\/product\/47637\/revisions"}],"wp:featuredmedia":[{"embeddable":true,"href":"https:\/\/rapidetech.com.br\/en\/wp-json\/wp\/v2\/media\/47638"}],"wp:attachment":[{"href":"https:\/\/rapidetech.com.br\/en\/wp-json\/wp\/v2\/media?parent=47637"}],"wp:term":[{"taxonomy":"product_brand","embeddable":true,"href":"https:\/\/rapidetech.com.br\/en\/wp-json\/wp\/v2\/product_brand?post=47637"},{"taxonomy":"product_cat","embeddable":true,"href":"https:\/\/rapidetech.com.br\/en\/wp-json\/wp\/v2\/product_cat?post=47637"},{"taxonomy":"product_tag","embeddable":true,"href":"https:\/\/rapidetech.com.br\/en\/wp-json\/wp\/v2\/product_tag?post=47637"}],"curies":[{"name":"wp","href":"https:\/\/api.w.org\/{rel}","templated":true}]}}