{"id":47831,"date":"2023-01-26T11:59:11","date_gmt":"2023-01-26T14:59:11","guid":{"rendered":"https:\/\/rapidetech.com.br\/?post_type=product&#038;p=47831"},"modified":"2026-02-04T13:27:06","modified_gmt":"2026-02-04T16:27:06","slug":"bateria-gopro-enduro-12-11-black-hero-9-10-original-lacrada","status":"publish","type":"product","link":"https:\/\/rapidetech.com.br\/en\/product\/bateria-gopro-enduro-12-11-black-hero-9-10-original-lacrada\/","title":{"rendered":"Bateria Gopro ENDURO 12,11 black Hero 9 \/10 &#8211; Original e Lacrada"},"content":{"rendered":"<h1><b>Bateria Gopro 9 ,10 ,11 ,12 black\u00a0 ENDURO &#8211;<\/b><b>ADBAT 011 &#8211; ORIGINAL e Lacrada\u00a0<\/b><\/h1>\n<p>&nbsp;<\/p>\n<p><strong>Descri\u00e7\u00e3o da Bateria Go pro ENDURO\u00a0<\/strong><\/p>\n<ul>\n<li style=\"font-weight: 400;\"><span style=\"font-weight: 400;\">Bateria original <\/span><span style=\"font-weight: 400;\">\u00a0<\/span><\/li>\n<li style=\"font-weight: 400;\"><span style=\"font-weight: 400;\">Recarreg\u00e1vel\u00a0<\/span><\/li>\n<li style=\"font-weight: 400;\"><span style=\"font-weight: 400;\">\u00a01720 mAh<\/span><\/li>\n<li style=\"font-weight: 400;\"><span style=\"font-weight: 400;\">Use a como Bateria sobressalente ou de reposi\u00e7\u00e3o para sua Hero 9 ,10,11,12 Black<\/span><\/li>\n<li>Bateria ENDURO Gopro s\u00e3o baterias que duram longos per\u00edodos em temperaturas frias<\/li>\n<li>Amplia o tempo de grava\u00e7\u00e3o em ambos os modelos HERO 10 Black + HERO 9 Black com at\u00e9 40% de melhoria na HERO 10 Black, usando configura\u00e7\u00f5es de alto desempenho<\/li>\n<li>Aumenta o tempo de grava\u00e7\u00e3o da HERO 12 Black em at\u00e9 38% em temperaturas moderadas em compara\u00e7\u00e3o com baterias e c\u00e2meras GoPro anteriores<\/li>\n<\/ul>\n<p>&nbsp;<\/p>\n<p><span style=\"font-weight: 400;\"><strong>Conte\u00fado da embalagem<\/strong>:<\/span><\/p>\n<ul>\n<li style=\"font-weight: 400;\"><span style=\"font-weight: 400;\">01 Bateria original gopro Enduro<\/span><span style=\"font-weight: 400;\"> (serve na Gopro 9, 10,11 ,12)<\/span><\/li>\n<li style=\"font-weight: 400;\"><span style=\"font-weight: 400;\">\u00a001 Caixa<\/span><\/li>\n<\/ul>\n<p>&nbsp;<\/p>\n<p><strong>Vis\u00e3o geral da Gopro <\/strong>:<\/p>\n<p>Alimente c\u00e2meras GOPRO 9 e 10 ,11 ,12 com esta bateria recarreg\u00e1vel de \u00edons de l\u00edtio , que serve como sobressalente ou substituta da fornecida com a c\u00e2mera. Ele \u00e9 projetada para oferecer vida \u00fatil longa e pot\u00eancia consistente, mesmo quando voc\u00ea est\u00e1 gravando em condi\u00e7\u00f5es frias, e pode ser carregado ou descarregado a qualquer momento sem desenvolver efeitos de mem\u00f3ria. A bateria ENDURO tamb\u00e9m carrega at\u00e9 13% mais r\u00e1pido do que a bateria comum ADBAT 001 da HERO 12\/11\/10\/9.<\/p>\n<p><b>\u00a0<\/b><\/p>\n<p><b>Bateria GOPRO \u00e9 compat\u00edvel com:<br \/>\n<\/b><\/p>\n<ul>\n<li style=\"font-weight: 400;\">\u00a0Hero 9 e 10,11 ,12 Black.<\/li>\n<\/ul>\n<p>&nbsp;<\/p>\n<p><b>\u00a0<\/b><\/p>\n<p>&nbsp;<\/p>","protected":false},"excerpt":{"rendered":"<h3><b> <\/b><b>Bateria GOPRO ENDURO &#8211; 11 BLACK<\/b><\/h3>\n<ul>\n<li style=\"font-weight: 400;\"><span style=\"font-weight: 400;\">Bateria original GOPRO BLACK 11,10,9<\/span><span style=\"font-weight: 400;\">\u00a0<\/span><\/li>\n<li style=\"font-weight: 400;\"><span style=\"font-weight: 400;\">Recarreg\u00e1vel<\/span><\/li>\n<li style=\"font-weight: 400;\"><span style=\"font-weight: 400;\">\u00a01720 MAH\u00a0<\/span><\/li>\n<\/ul>\n<p><strong>Conte\u00fado da embalagem:<\/strong><\/p>\n<ul>\n<li style=\"font-weight: 400;\"><span style=\"font-weight: 400;\">01 Bateria GOPRO 9 11,10,9BLACK<\/span><span style=\"font-weight: 400;\">\u00a0<\/span><\/li>\n<li style=\"font-weight: 400;\"><span style=\"font-weight: 400;\">\u00a001 Caixa\u00a0<\/span><\/li>\n<\/ul>","protected":false},"featured_media":47832,"comment_status":"closed","ping_status":"closed","template":"","meta":[],"product_brand":[],"product_cat":[21],"product_tag":[23,369,86,364],"class_list":{"0":"post-47831","1":"product","2":"type-product","3":"status-publish","4":"has-post-thumbnail","6":"product_cat-video","7":"product_tag-bateria","8":"product_tag-enduro","9":"product_tag-go-pro","10":"product_tag-gopro","11":"product_shipping_class-normal","13":"first","14":"instock","15":"featured","16":"purchasable","17":"product-type-simple"},"yoast_head":"<!-- This site is optimized with the Yoast SEO plugin v27.4 - https:\/\/yoast.com\/product\/yoast-seo-wordpress\/ -->\n<title>Bateria Gopro ENDURO 12,11 black Hero 9 \/10 - Original e Lacrada - Rapidetech<\/title>\n<meta name=\"description\" content=\"bateria Gopro Enduro top de linha ,maior durabilidade e tempo de recarga melhorada,pronta entrega(Todos os impostos pagos)\" \/>\n<meta name=\"robots\" content=\"index, follow, max-snippet:-1, max-image-preview:large, max-video-preview:-1\" \/>\n<link rel=\"canonical\" href=\"https:\/\/rapidetech.com.br\/en\/product\/bateria-gopro-enduro-12-11-black-hero-9-10-original-lacrada\/\" \/>\n<meta property=\"og:locale\" content=\"en_US\" \/>\n<meta property=\"og:type\" content=\"article\" \/>\n<meta property=\"og:title\" content=\"Bateria Gopro ENDURO 12,11 black Hero 9 \/10 - Original e Lacrada - Rapidetech\" \/>\n<meta property=\"og:description\" content=\"bateria Gopro Enduro top de linha ,maior durabilidade e tempo de recarga melhorada,pronta entrega(Todos os impostos pagos)\" \/>\n<meta property=\"og:url\" content=\"https:\/\/rapidetech.com.br\/en\/product\/bateria-gopro-enduro-12-11-black-hero-9-10-original-lacrada\/\" \/>\n<meta property=\"og:site_name\" content=\"Rapidetech\" \/>\n<meta property=\"article:modified_time\" content=\"2026-02-04T16:27:06+00:00\" \/>\n<meta property=\"og:image\" content=\"https:\/\/rapidetech.com.br\/wp-content\/uploads\/2023\/01\/D_NQ_NP_2X_604814-MLB53041998539_122022-F-e1698350705904.webp\" \/>\n\t<meta property=\"og:image:width\" content=\"600\" \/>\n\t<meta property=\"og:image:height\" content=\"585\" \/>\n\t<meta property=\"og:image:type\" content=\"image\/webp\" \/>\n<meta name=\"twitter:card\" content=\"summary_large_image\" \/>\n<meta name=\"twitter:label1\" content=\"Est. reading time\" \/>\n\t<meta name=\"twitter:data1\" content=\"2 minutes\" \/>\n<script type=\"application\/ld+json\" class=\"yoast-schema-graph\">{\"@context\":\"https:\\\/\\\/schema.org\",\"@graph\":[{\"@type\":\"WebPage\",\"@id\":\"https:\\\/\\\/rapidetech.com.br\\\/produto\\\/bateria-gopro-enduro-12-11-black-hero-9-10-original-lacrada\\\/\",\"url\":\"https:\\\/\\\/rapidetech.com.br\\\/produto\\\/bateria-gopro-enduro-12-11-black-hero-9-10-original-lacrada\\\/\",\"name\":\"Bateria Gopro ENDURO 12,11 black Hero 9 \\\/10 - Original e Lacrada - Rapidetech\",\"isPartOf\":{\"@id\":\"https:\\\/\\\/rapidetech.com.br\\\/#website\"},\"primaryImageOfPage\":{\"@id\":\"https:\\\/\\\/rapidetech.com.br\\\/produto\\\/bateria-gopro-enduro-12-11-black-hero-9-10-original-lacrada\\\/#primaryimage\"},\"image\":{\"@id\":\"https:\\\/\\\/rapidetech.com.br\\\/produto\\\/bateria-gopro-enduro-12-11-black-hero-9-10-original-lacrada\\\/#primaryimage\"},\"thumbnailUrl\":\"https:\\\/\\\/rapidetech.com.br\\\/wp-content\\\/uploads\\\/2023\\\/01\\\/D_NQ_NP_2X_604814-MLB53041998539_122022-F-e1698350705904.webp\",\"datePublished\":\"2023-01-26T14:59:11+00:00\",\"dateModified\":\"2026-02-04T16:27:06+00:00\",\"description\":\"bateria Gopro Enduro top de linha ,maior durabilidade e tempo de recarga melhorada,pronta entrega(Todos os impostos pagos)\",\"breadcrumb\":{\"@id\":\"https:\\\/\\\/rapidetech.com.br\\\/produto\\\/bateria-gopro-enduro-12-11-black-hero-9-10-original-lacrada\\\/#breadcrumb\"},\"inLanguage\":\"en-US\",\"potentialAction\":[{\"@type\":\"ReadAction\",\"target\":[\"https:\\\/\\\/rapidetech.com.br\\\/produto\\\/bateria-gopro-enduro-12-11-black-hero-9-10-original-lacrada\\\/\"]}]},{\"@type\":\"ImageObject\",\"inLanguage\":\"en-US\",\"@id\":\"https:\\\/\\\/rapidetech.com.br\\\/produto\\\/bateria-gopro-enduro-12-11-black-hero-9-10-original-lacrada\\\/#primaryimage\",\"url\":\"https:\\\/\\\/rapidetech.com.br\\\/wp-content\\\/uploads\\\/2023\\\/01\\\/D_NQ_NP_2X_604814-MLB53041998539_122022-F-e1698350705904.webp\",\"contentUrl\":\"https:\\\/\\\/rapidetech.com.br\\\/wp-content\\\/uploads\\\/2023\\\/01\\\/D_NQ_NP_2X_604814-MLB53041998539_122022-F-e1698350705904.webp\",\"width\":600,\"height\":585},{\"@type\":\"BreadcrumbList\",\"@id\":\"https:\\\/\\\/rapidetech.com.br\\\/produto\\\/bateria-gopro-enduro-12-11-black-hero-9-10-original-lacrada\\\/#breadcrumb\",\"itemListElement\":[{\"@type\":\"ListItem\",\"position\":1,\"name\":\"In\u00edcio\",\"item\":\"https:\\\/\\\/rapidetech.com.br\\\/\"},{\"@type\":\"ListItem\",\"position\":2,\"name\":\"Produtos\",\"item\":\"https:\\\/\\\/rapidetech.com.br\\\/produtos\\\/\"},{\"@type\":\"ListItem\",\"position\":3,\"name\":\"Bateria Gopro ENDURO 12,11 black Hero 9 \\\/10 &#8211; Original e Lacrada\"}]},{\"@type\":\"WebSite\",\"@id\":\"https:\\\/\\\/rapidetech.com.br\\\/#website\",\"url\":\"https:\\\/\\\/rapidetech.com.br\\\/\",\"name\":\"Rapidetech\",\"description\":\"Audio e video\",\"publisher\":{\"@id\":\"https:\\\/\\\/rapidetech.com.br\\\/#organization\"},\"potentialAction\":[{\"@type\":\"SearchAction\",\"target\":{\"@type\":\"EntryPoint\",\"urlTemplate\":\"https:\\\/\\\/rapidetech.com.br\\\/?s={search_term_string}\"},\"query-input\":{\"@type\":\"PropertyValueSpecification\",\"valueRequired\":true,\"valueName\":\"search_term_string\"}}],\"inLanguage\":\"en-US\"},{\"@type\":\"Organization\",\"@id\":\"https:\\\/\\\/rapidetech.com.br\\\/#organization\",\"name\":\"Rapidetech\",\"url\":\"https:\\\/\\\/rapidetech.com.br\\\/\",\"logo\":{\"@type\":\"ImageObject\",\"inLanguage\":\"en-US\",\"@id\":\"https:\\\/\\\/rapidetech.com.br\\\/#\\\/schema\\\/logo\\\/image\\\/\",\"url\":\"https:\\\/\\\/rapidetech.com.br\\\/wp-content\\\/uploads\\\/2022\\\/08\\\/RAPIDETECH-AUDIO-E-VIDEO.jpg\",\"contentUrl\":\"https:\\\/\\\/rapidetech.com.br\\\/wp-content\\\/uploads\\\/2022\\\/08\\\/RAPIDETECH-AUDIO-E-VIDEO.jpg\",\"width\":236,\"height\":213,\"caption\":\"Rapidetech\"},\"image\":{\"@id\":\"https:\\\/\\\/rapidetech.com.br\\\/#\\\/schema\\\/logo\\\/image\\\/\"},\"sameAs\":[\"https:\\\/\\\/rapidetech.com.br\\\/\",\"https:\\\/\\\/www.youtube.com\\\/channel\\\/UCQWlsTr9MvbqwWAekYtMNLQ\"]}]}<\/script>\n<!-- \/ Yoast SEO plugin. -->","yoast_head_json":{"title":"Bateria Gopro ENDURO 12,11 black Hero 9 \/10 - Original e Lacrada - Rapidetech","description":"bateria Gopro Enduro top de linha ,maior durabilidade e tempo de recarga melhorada,pronta entrega(Todos os impostos pagos)","robots":{"index":"index","follow":"follow","max-snippet":"max-snippet:-1","max-image-preview":"max-image-preview:large","max-video-preview":"max-video-preview:-1"},"canonical":"https:\/\/rapidetech.com.br\/en\/product\/bateria-gopro-enduro-12-11-black-hero-9-10-original-lacrada\/","og_locale":"en_US","og_type":"article","og_title":"Bateria Gopro ENDURO 12,11 black Hero 9 \/10 - Original e Lacrada - Rapidetech","og_description":"bateria Gopro Enduro top de linha ,maior durabilidade e tempo de recarga melhorada,pronta entrega(Todos os impostos pagos)","og_url":"https:\/\/rapidetech.com.br\/en\/product\/bateria-gopro-enduro-12-11-black-hero-9-10-original-lacrada\/","og_site_name":"Rapidetech","article_modified_time":"2026-02-04T16:27:06+00:00","og_image":[{"width":600,"height":585,"url":"https:\/\/rapidetech.com.br\/wp-content\/uploads\/2023\/01\/D_NQ_NP_2X_604814-MLB53041998539_122022-F-e1698350705904.webp","type":"image\/webp"}],"twitter_card":"summary_large_image","twitter_misc":{"Est. reading time":"2 minutes"},"schema":{"@context":"https:\/\/schema.org","@graph":[{"@type":"WebPage","@id":"https:\/\/rapidetech.com.br\/produto\/bateria-gopro-enduro-12-11-black-hero-9-10-original-lacrada\/","url":"https:\/\/rapidetech.com.br\/produto\/bateria-gopro-enduro-12-11-black-hero-9-10-original-lacrada\/","name":"Bateria Gopro ENDURO 12,11 black Hero 9 \/10 - Original e Lacrada - Rapidetech","isPartOf":{"@id":"https:\/\/rapidetech.com.br\/#website"},"primaryImageOfPage":{"@id":"https:\/\/rapidetech.com.br\/produto\/bateria-gopro-enduro-12-11-black-hero-9-10-original-lacrada\/#primaryimage"},"image":{"@id":"https:\/\/rapidetech.com.br\/produto\/bateria-gopro-enduro-12-11-black-hero-9-10-original-lacrada\/#primaryimage"},"thumbnailUrl":"https:\/\/rapidetech.com.br\/wp-content\/uploads\/2023\/01\/D_NQ_NP_2X_604814-MLB53041998539_122022-F-e1698350705904.webp","datePublished":"2023-01-26T14:59:11+00:00","dateModified":"2026-02-04T16:27:06+00:00","description":"bateria Gopro Enduro top de linha ,maior durabilidade e tempo de recarga melhorada,pronta entrega(Todos os impostos pagos)","breadcrumb":{"@id":"https:\/\/rapidetech.com.br\/produto\/bateria-gopro-enduro-12-11-black-hero-9-10-original-lacrada\/#breadcrumb"},"inLanguage":"en-US","potentialAction":[{"@type":"ReadAction","target":["https:\/\/rapidetech.com.br\/produto\/bateria-gopro-enduro-12-11-black-hero-9-10-original-lacrada\/"]}]},{"@type":"ImageObject","inLanguage":"en-US","@id":"https:\/\/rapidetech.com.br\/produto\/bateria-gopro-enduro-12-11-black-hero-9-10-original-lacrada\/#primaryimage","url":"https:\/\/rapidetech.com.br\/wp-content\/uploads\/2023\/01\/D_NQ_NP_2X_604814-MLB53041998539_122022-F-e1698350705904.webp","contentUrl":"https:\/\/rapidetech.com.br\/wp-content\/uploads\/2023\/01\/D_NQ_NP_2X_604814-MLB53041998539_122022-F-e1698350705904.webp","width":600,"height":585},{"@type":"BreadcrumbList","@id":"https:\/\/rapidetech.com.br\/produto\/bateria-gopro-enduro-12-11-black-hero-9-10-original-lacrada\/#breadcrumb","itemListElement":[{"@type":"ListItem","position":1,"name":"In\u00edcio","item":"https:\/\/rapidetech.com.br\/"},{"@type":"ListItem","position":2,"name":"Produtos","item":"https:\/\/rapidetech.com.br\/produtos\/"},{"@type":"ListItem","position":3,"name":"Bateria Gopro ENDURO 12,11 black Hero 9 \/10 &#8211; Original e Lacrada"}]},{"@type":"WebSite","@id":"https:\/\/rapidetech.com.br\/#website","url":"https:\/\/rapidetech.com.br\/","name":"Rapidetech","description":"Audio e video","publisher":{"@id":"https:\/\/rapidetech.com.br\/#organization"},"potentialAction":[{"@type":"SearchAction","target":{"@type":"EntryPoint","urlTemplate":"https:\/\/rapidetech.com.br\/?s={search_term_string}"},"query-input":{"@type":"PropertyValueSpecification","valueRequired":true,"valueName":"search_term_string"}}],"inLanguage":"en-US"},{"@type":"Organization","@id":"https:\/\/rapidetech.com.br\/#organization","name":"Rapidetech","url":"https:\/\/rapidetech.com.br\/","logo":{"@type":"ImageObject","inLanguage":"en-US","@id":"https:\/\/rapidetech.com.br\/#\/schema\/logo\/image\/","url":"https:\/\/rapidetech.com.br\/wp-content\/uploads\/2022\/08\/RAPIDETECH-AUDIO-E-VIDEO.jpg","contentUrl":"https:\/\/rapidetech.com.br\/wp-content\/uploads\/2022\/08\/RAPIDETECH-AUDIO-E-VIDEO.jpg","width":236,"height":213,"caption":"Rapidetech"},"image":{"@id":"https:\/\/rapidetech.com.br\/#\/schema\/logo\/image\/"},"sameAs":["https:\/\/rapidetech.com.br\/","https:\/\/www.youtube.com\/channel\/UCQWlsTr9MvbqwWAekYtMNLQ"]}]}},"_links":{"self":[{"href":"https:\/\/rapidetech.com.br\/en\/wp-json\/wp\/v2\/product\/47831","targetHints":{"allow":["GET"]}}],"collection":[{"href":"https:\/\/rapidetech.com.br\/en\/wp-json\/wp\/v2\/product"}],"about":[{"href":"https:\/\/rapidetech.com.br\/en\/wp-json\/wp\/v2\/types\/product"}],"replies":[{"embeddable":true,"href":"https:\/\/rapidetech.com.br\/en\/wp-json\/wp\/v2\/comments?post=47831"}],"version-history":[{"count":0,"href":"https:\/\/rapidetech.com.br\/en\/wp-json\/wp\/v2\/product\/47831\/revisions"}],"wp:featuredmedia":[{"embeddable":true,"href":"https:\/\/rapidetech.com.br\/en\/wp-json\/wp\/v2\/media\/47832"}],"wp:attachment":[{"href":"https:\/\/rapidetech.com.br\/en\/wp-json\/wp\/v2\/media?parent=47831"}],"wp:term":[{"taxonomy":"product_brand","embeddable":true,"href":"https:\/\/rapidetech.com.br\/en\/wp-json\/wp\/v2\/product_brand?post=47831"},{"taxonomy":"product_cat","embeddable":true,"href":"https:\/\/rapidetech.com.br\/en\/wp-json\/wp\/v2\/product_cat?post=47831"},{"taxonomy":"product_tag","embeddable":true,"href":"https:\/\/rapidetech.com.br\/en\/wp-json\/wp\/v2\/product_tag?post=47831"}],"curies":[{"name":"wp","href":"https:\/\/api.w.org\/{rel}","templated":true}]}}