{"id":480,"date":"2019-12-30T12:56:05","date_gmt":"2019-12-30T15:56:05","guid":{"rendered":"http:\/\/rapidetech.com.br\/?post_type=product&#038;p=480"},"modified":"2024-12-06T09:34:30","modified_gmt":"2024-12-06T12:34:30","slug":"cabo-otico-de-audio-digital-unnlink-top-de-linha-15-m","status":"publish","type":"product","link":"https:\/\/rapidetech.com.br\/en\/product\/cabo-otico-de-audio-digital-unnlink-top-de-linha-15-m\/","title":{"rendered":"Cabo \u00f3tico de audio digital Unnlink \u2013 1,5\u00a0m"},"content":{"rendered":"<h1>Cabo \u00f3tico de audio digital Unnlink \u2013 1,5 m<\/h1>\n<h3>Descri\u00e7\u00e3o do cabo \u00f3tico Unnlink:<\/h3>\n<ul>\n<li>Cabo de fibra\u00a0 \u00f3tica de\u00a0 alta resolu\u00e7\u00e3o de \u00e1udio<\/li>\n<li>Efeito est\u00e9reo e de realidade aumentada<\/li>\n<li>Blindado de alta qualidade<\/li>\n<li>Cobre e Gold Plated 24k<\/li>\n<li>comprimento: 1,5 metros<\/li>\n<\/ul>\n<p>Conte\u00fado da embalagem:<\/p>\n<ul>\n<li>Um cabo de fibra \u00f3tica original Unnlink de 1,5 metro.<\/li>\n<\/ul>\n<h3>Cabo de audio digital Unnlink \u00e9 compat\u00edvel com:<\/h3>\n<ul>\n<li>PS5<\/li>\n<li>X BOX X<\/li>\n<\/ul>\n<p>&nbsp;<\/p>","protected":false},"excerpt":{"rendered":"<h3>cabo \u00f3tico Unnlink:<\/h3>\n<ul>\n<li>Cabo de fibra\u00a0 \u00f3tica de\u00a0 alta resolu\u00e7\u00e3o de \u00e1udio<\/li>\n<li>Efeito est\u00e9reo e de realidade aumentada<\/li>\n<li>Blindado de alta qualidade<\/li>\n<li>Cobre e Gold Plated 24k<\/li>\n<li>comprimento: 1,5 metros<\/li>\n<\/ul>\n<p>Conte\u00fado da embalagem:<\/p>\n<ul>\n<li>Um cabo de fibra \u00f3tica original Unnlink de 1,5 metro.<\/li>\n<\/ul>","protected":false},"featured_media":46404,"comment_status":"closed","ping_status":"closed","template":"","meta":[],"product_brand":[],"product_cat":[18,22],"product_tag":[69,68,70,50,61,67,71],"class_list":{"0":"post-480","1":"product","2":"type-product","3":"status-publish","4":"has-post-thumbnail","6":"product_cat-accessorios","7":"product_cat-audio","8":"product_tag-marantz","9":"product_tag-onkyo","10":"product_tag-pioneer","11":"product_tag-ps4-pro","12":"product_tag-receiver","13":"product_tag-x-box","14":"product_tag-yamaha","15":"product_shipping_class-normal","17":"first","18":"outofstock","19":"purchasable","20":"product-type-simple"},"yoast_head":"<!-- This site is optimized with the Yoast SEO plugin v27.4 - https:\/\/yoast.com\/product\/yoast-seo-wordpress\/ -->\n<title>Cabo \u00f3tico de audio digital Unnlink \u2013 1,5\u00a0m - Rapidetech<\/title>\n<meta name=\"robots\" content=\"index, follow, max-snippet:-1, max-image-preview:large, max-video-preview:-1\" \/>\n<link rel=\"canonical\" href=\"https:\/\/rapidetech.com.br\/en\/product\/cabo-otico-de-audio-digital-unnlink-top-de-linha-15-m\/\" \/>\n<meta property=\"og:locale\" content=\"en_US\" \/>\n<meta property=\"og:type\" content=\"article\" \/>\n<meta property=\"og:title\" content=\"Cabo \u00f3tico de audio digital Unnlink \u2013 1,5\u00a0m - Rapidetech\" \/>\n<meta property=\"og:description\" content=\"cabo \u00f3tico Unnlink:   Cabo de fibra\u00a0 \u00f3tica de\u00a0 alta resolu\u00e7\u00e3o de \u00e1udio  Efeito est\u00e9reo e de realidade aumentada  Blindado de alta qualidade  Cobre e Gold Plated 24k  comprimento: 1,5 metros  Conte\u00fado da embalagem:   Um cabo de fibra \u00f3tica original Unnlink de 1,5 metro.\" \/>\n<meta property=\"og:url\" content=\"https:\/\/rapidetech.com.br\/en\/product\/cabo-otico-de-audio-digital-unnlink-top-de-linha-15-m\/\" \/>\n<meta property=\"og:site_name\" content=\"Rapidetech\" \/>\n<meta property=\"article:modified_time\" content=\"2024-12-06T12:34:30+00:00\" \/>\n<meta property=\"og:image\" content=\"https:\/\/rapidetech.com.br\/wp-content\/uploads\/2019\/12\/AnyConv.com__HTB10bRyasnrK1RjSspkq6yuvXXaz.jpg_q90-Copia-2-Copia.webp\" \/>\n\t<meta property=\"og:image:width\" content=\"1000\" \/>\n\t<meta property=\"og:image:height\" content=\"1000\" \/>\n\t<meta property=\"og:image:type\" content=\"image\/webp\" \/>\n<meta name=\"twitter:card\" content=\"summary_large_image\" \/>\n<meta name=\"twitter:label1\" content=\"Est. reading time\" \/>\n\t<meta name=\"twitter:data1\" content=\"1 minute\" \/>\n<script type=\"application\/ld+json\" class=\"yoast-schema-graph\">{\"@context\":\"https:\\\/\\\/schema.org\",\"@graph\":[{\"@type\":\"WebPage\",\"@id\":\"https:\\\/\\\/rapidetech.com.br\\\/produto\\\/cabo-otico-de-audio-digital-unnlink-top-de-linha-15-m\\\/\",\"url\":\"https:\\\/\\\/rapidetech.com.br\\\/produto\\\/cabo-otico-de-audio-digital-unnlink-top-de-linha-15-m\\\/\",\"name\":\"Cabo \u00f3tico de audio digital Unnlink \u2013 1,5\u00a0m - Rapidetech\",\"isPartOf\":{\"@id\":\"https:\\\/\\\/rapidetech.com.br\\\/#website\"},\"primaryImageOfPage\":{\"@id\":\"https:\\\/\\\/rapidetech.com.br\\\/produto\\\/cabo-otico-de-audio-digital-unnlink-top-de-linha-15-m\\\/#primaryimage\"},\"image\":{\"@id\":\"https:\\\/\\\/rapidetech.com.br\\\/produto\\\/cabo-otico-de-audio-digital-unnlink-top-de-linha-15-m\\\/#primaryimage\"},\"thumbnailUrl\":\"https:\\\/\\\/rapidetech.com.br\\\/wp-content\\\/uploads\\\/2019\\\/12\\\/AnyConv.com__HTB10bRyasnrK1RjSspkq6yuvXXaz.jpg_q90-Copia-2-Copia.webp\",\"datePublished\":\"2019-12-30T15:56:05+00:00\",\"dateModified\":\"2024-12-06T12:34:30+00:00\",\"breadcrumb\":{\"@id\":\"https:\\\/\\\/rapidetech.com.br\\\/produto\\\/cabo-otico-de-audio-digital-unnlink-top-de-linha-15-m\\\/#breadcrumb\"},\"inLanguage\":\"en-US\",\"potentialAction\":[{\"@type\":\"ReadAction\",\"target\":[\"https:\\\/\\\/rapidetech.com.br\\\/produto\\\/cabo-otico-de-audio-digital-unnlink-top-de-linha-15-m\\\/\"]}]},{\"@type\":\"ImageObject\",\"inLanguage\":\"en-US\",\"@id\":\"https:\\\/\\\/rapidetech.com.br\\\/produto\\\/cabo-otico-de-audio-digital-unnlink-top-de-linha-15-m\\\/#primaryimage\",\"url\":\"https:\\\/\\\/rapidetech.com.br\\\/wp-content\\\/uploads\\\/2019\\\/12\\\/AnyConv.com__HTB10bRyasnrK1RjSspkq6yuvXXaz.jpg_q90-Copia-2-Copia.webp\",\"contentUrl\":\"https:\\\/\\\/rapidetech.com.br\\\/wp-content\\\/uploads\\\/2019\\\/12\\\/AnyConv.com__HTB10bRyasnrK1RjSspkq6yuvXXaz.jpg_q90-Copia-2-Copia.webp\",\"width\":1000,\"height\":1000},{\"@type\":\"BreadcrumbList\",\"@id\":\"https:\\\/\\\/rapidetech.com.br\\\/produto\\\/cabo-otico-de-audio-digital-unnlink-top-de-linha-15-m\\\/#breadcrumb\",\"itemListElement\":[{\"@type\":\"ListItem\",\"position\":1,\"name\":\"In\u00edcio\",\"item\":\"https:\\\/\\\/rapidetech.com.br\\\/\"},{\"@type\":\"ListItem\",\"position\":2,\"name\":\"Produtos\",\"item\":\"https:\\\/\\\/rapidetech.com.br\\\/produtos\\\/\"},{\"@type\":\"ListItem\",\"position\":3,\"name\":\"Cabo \u00f3tico de audio digital Unnlink \u2013 1,5\u00a0m\"}]},{\"@type\":\"WebSite\",\"@id\":\"https:\\\/\\\/rapidetech.com.br\\\/#website\",\"url\":\"https:\\\/\\\/rapidetech.com.br\\\/\",\"name\":\"Rapidetech\",\"description\":\"Audio e video\",\"publisher\":{\"@id\":\"https:\\\/\\\/rapidetech.com.br\\\/#organization\"},\"potentialAction\":[{\"@type\":\"SearchAction\",\"target\":{\"@type\":\"EntryPoint\",\"urlTemplate\":\"https:\\\/\\\/rapidetech.com.br\\\/?s={search_term_string}\"},\"query-input\":{\"@type\":\"PropertyValueSpecification\",\"valueRequired\":true,\"valueName\":\"search_term_string\"}}],\"inLanguage\":\"en-US\"},{\"@type\":\"Organization\",\"@id\":\"https:\\\/\\\/rapidetech.com.br\\\/#organization\",\"name\":\"Rapidetech\",\"url\":\"https:\\\/\\\/rapidetech.com.br\\\/\",\"logo\":{\"@type\":\"ImageObject\",\"inLanguage\":\"en-US\",\"@id\":\"https:\\\/\\\/rapidetech.com.br\\\/#\\\/schema\\\/logo\\\/image\\\/\",\"url\":\"https:\\\/\\\/rapidetech.com.br\\\/wp-content\\\/uploads\\\/2022\\\/08\\\/RAPIDETECH-AUDIO-E-VIDEO.jpg\",\"contentUrl\":\"https:\\\/\\\/rapidetech.com.br\\\/wp-content\\\/uploads\\\/2022\\\/08\\\/RAPIDETECH-AUDIO-E-VIDEO.jpg\",\"width\":236,\"height\":213,\"caption\":\"Rapidetech\"},\"image\":{\"@id\":\"https:\\\/\\\/rapidetech.com.br\\\/#\\\/schema\\\/logo\\\/image\\\/\"},\"sameAs\":[\"https:\\\/\\\/rapidetech.com.br\\\/\",\"https:\\\/\\\/www.youtube.com\\\/channel\\\/UCQWlsTr9MvbqwWAekYtMNLQ\"]}]}<\/script>\n<!-- \/ Yoast SEO plugin. -->","yoast_head_json":{"title":"Cabo \u00f3tico de audio digital Unnlink \u2013 1,5\u00a0m - Rapidetech","robots":{"index":"index","follow":"follow","max-snippet":"max-snippet:-1","max-image-preview":"max-image-preview:large","max-video-preview":"max-video-preview:-1"},"canonical":"https:\/\/rapidetech.com.br\/en\/product\/cabo-otico-de-audio-digital-unnlink-top-de-linha-15-m\/","og_locale":"en_US","og_type":"article","og_title":"Cabo \u00f3tico de audio digital Unnlink \u2013 1,5\u00a0m - Rapidetech","og_description":"cabo \u00f3tico Unnlink:   Cabo de fibra\u00a0 \u00f3tica de\u00a0 alta resolu\u00e7\u00e3o de \u00e1udio  Efeito est\u00e9reo e de realidade aumentada  Blindado de alta qualidade  Cobre e Gold Plated 24k  comprimento: 1,5 metros  Conte\u00fado da embalagem:   Um cabo de fibra \u00f3tica original Unnlink de 1,5 metro.","og_url":"https:\/\/rapidetech.com.br\/en\/product\/cabo-otico-de-audio-digital-unnlink-top-de-linha-15-m\/","og_site_name":"Rapidetech","article_modified_time":"2024-12-06T12:34:30+00:00","og_image":[{"width":1000,"height":1000,"url":"https:\/\/rapidetech.com.br\/wp-content\/uploads\/2019\/12\/AnyConv.com__HTB10bRyasnrK1RjSspkq6yuvXXaz.jpg_q90-Copia-2-Copia.webp","type":"image\/webp"}],"twitter_card":"summary_large_image","twitter_misc":{"Est. reading time":"1 minute"},"schema":{"@context":"https:\/\/schema.org","@graph":[{"@type":"WebPage","@id":"https:\/\/rapidetech.com.br\/produto\/cabo-otico-de-audio-digital-unnlink-top-de-linha-15-m\/","url":"https:\/\/rapidetech.com.br\/produto\/cabo-otico-de-audio-digital-unnlink-top-de-linha-15-m\/","name":"Cabo \u00f3tico de audio digital Unnlink \u2013 1,5\u00a0m - Rapidetech","isPartOf":{"@id":"https:\/\/rapidetech.com.br\/#website"},"primaryImageOfPage":{"@id":"https:\/\/rapidetech.com.br\/produto\/cabo-otico-de-audio-digital-unnlink-top-de-linha-15-m\/#primaryimage"},"image":{"@id":"https:\/\/rapidetech.com.br\/produto\/cabo-otico-de-audio-digital-unnlink-top-de-linha-15-m\/#primaryimage"},"thumbnailUrl":"https:\/\/rapidetech.com.br\/wp-content\/uploads\/2019\/12\/AnyConv.com__HTB10bRyasnrK1RjSspkq6yuvXXaz.jpg_q90-Copia-2-Copia.webp","datePublished":"2019-12-30T15:56:05+00:00","dateModified":"2024-12-06T12:34:30+00:00","breadcrumb":{"@id":"https:\/\/rapidetech.com.br\/produto\/cabo-otico-de-audio-digital-unnlink-top-de-linha-15-m\/#breadcrumb"},"inLanguage":"en-US","potentialAction":[{"@type":"ReadAction","target":["https:\/\/rapidetech.com.br\/produto\/cabo-otico-de-audio-digital-unnlink-top-de-linha-15-m\/"]}]},{"@type":"ImageObject","inLanguage":"en-US","@id":"https:\/\/rapidetech.com.br\/produto\/cabo-otico-de-audio-digital-unnlink-top-de-linha-15-m\/#primaryimage","url":"https:\/\/rapidetech.com.br\/wp-content\/uploads\/2019\/12\/AnyConv.com__HTB10bRyasnrK1RjSspkq6yuvXXaz.jpg_q90-Copia-2-Copia.webp","contentUrl":"https:\/\/rapidetech.com.br\/wp-content\/uploads\/2019\/12\/AnyConv.com__HTB10bRyasnrK1RjSspkq6yuvXXaz.jpg_q90-Copia-2-Copia.webp","width":1000,"height":1000},{"@type":"BreadcrumbList","@id":"https:\/\/rapidetech.com.br\/produto\/cabo-otico-de-audio-digital-unnlink-top-de-linha-15-m\/#breadcrumb","itemListElement":[{"@type":"ListItem","position":1,"name":"In\u00edcio","item":"https:\/\/rapidetech.com.br\/"},{"@type":"ListItem","position":2,"name":"Produtos","item":"https:\/\/rapidetech.com.br\/produtos\/"},{"@type":"ListItem","position":3,"name":"Cabo \u00f3tico de audio digital Unnlink \u2013 1,5\u00a0m"}]},{"@type":"WebSite","@id":"https:\/\/rapidetech.com.br\/#website","url":"https:\/\/rapidetech.com.br\/","name":"Rapidetech","description":"Audio e video","publisher":{"@id":"https:\/\/rapidetech.com.br\/#organization"},"potentialAction":[{"@type":"SearchAction","target":{"@type":"EntryPoint","urlTemplate":"https:\/\/rapidetech.com.br\/?s={search_term_string}"},"query-input":{"@type":"PropertyValueSpecification","valueRequired":true,"valueName":"search_term_string"}}],"inLanguage":"en-US"},{"@type":"Organization","@id":"https:\/\/rapidetech.com.br\/#organization","name":"Rapidetech","url":"https:\/\/rapidetech.com.br\/","logo":{"@type":"ImageObject","inLanguage":"en-US","@id":"https:\/\/rapidetech.com.br\/#\/schema\/logo\/image\/","url":"https:\/\/rapidetech.com.br\/wp-content\/uploads\/2022\/08\/RAPIDETECH-AUDIO-E-VIDEO.jpg","contentUrl":"https:\/\/rapidetech.com.br\/wp-content\/uploads\/2022\/08\/RAPIDETECH-AUDIO-E-VIDEO.jpg","width":236,"height":213,"caption":"Rapidetech"},"image":{"@id":"https:\/\/rapidetech.com.br\/#\/schema\/logo\/image\/"},"sameAs":["https:\/\/rapidetech.com.br\/","https:\/\/www.youtube.com\/channel\/UCQWlsTr9MvbqwWAekYtMNLQ"]}]}},"_links":{"self":[{"href":"https:\/\/rapidetech.com.br\/en\/wp-json\/wp\/v2\/product\/480","targetHints":{"allow":["GET"]}}],"collection":[{"href":"https:\/\/rapidetech.com.br\/en\/wp-json\/wp\/v2\/product"}],"about":[{"href":"https:\/\/rapidetech.com.br\/en\/wp-json\/wp\/v2\/types\/product"}],"replies":[{"embeddable":true,"href":"https:\/\/rapidetech.com.br\/en\/wp-json\/wp\/v2\/comments?post=480"}],"version-history":[{"count":0,"href":"https:\/\/rapidetech.com.br\/en\/wp-json\/wp\/v2\/product\/480\/revisions"}],"wp:featuredmedia":[{"embeddable":true,"href":"https:\/\/rapidetech.com.br\/en\/wp-json\/wp\/v2\/media\/46404"}],"wp:attachment":[{"href":"https:\/\/rapidetech.com.br\/en\/wp-json\/wp\/v2\/media?parent=480"}],"wp:term":[{"taxonomy":"product_brand","embeddable":true,"href":"https:\/\/rapidetech.com.br\/en\/wp-json\/wp\/v2\/product_brand?post=480"},{"taxonomy":"product_cat","embeddable":true,"href":"https:\/\/rapidetech.com.br\/en\/wp-json\/wp\/v2\/product_cat?post=480"},{"taxonomy":"product_tag","embeddable":true,"href":"https:\/\/rapidetech.com.br\/en\/wp-json\/wp\/v2\/product_tag?post=480"}],"curies":[{"name":"wp","href":"https:\/\/api.w.org\/{rel}","templated":true}]}}