{"id":48998,"date":"2023-05-05T06:04:46","date_gmt":"2023-05-05T09:04:46","guid":{"rendered":"https:\/\/rapidetech.com.br\/?post_type=product&#038;p=48998"},"modified":"2024-12-06T09:33:47","modified_gmt":"2024-12-06T12:33:47","slug":"cabo-hdmi-2-1-8k-240hz-fibra-otica-top-de-linha-fdbro-15m","status":"publish","type":"product","link":"https:\/\/rapidetech.com.br\/en\/product\/cabo-hdmi-2-1-8k-240hz-fibra-otica-top-de-linha-fdbro-15m\/","title":{"rendered":"Cabo HDMI 2.1 8k\/240Hz Fibra \u00d3tica top de linha &#8211; 15m"},"content":{"rendered":"<h1><b>Cabo HDMI 2.1 8k\/240Hz Fibra \u00d3tica\u00a0<\/b><\/h1>\n<h1><b>\u00a0Descri\u00e7\u00e3o do <\/b><b>Cabo HDMI 2.1 8k\/240Hz Fibra \u00d3tica &#8211;\u00a0<\/b><\/h1>\n<ul>\n<li><span style=\"font-weight: 400;\">Cabo de fibra \u00f3tica Ultra HD (UHD)<\/span><\/li>\n<li><span style=\"font-weight: 400;\">Tem delay reduzido devido a fibra otica\u00a0\u00a0<\/span><\/li>\n<li><span style=\"font-weight: 400;\">N\u00e3o tem congelamento de imagem<\/span><\/li>\n<li><span style=\"font-weight: 400;\">Ideal para filmes e jogos , projetores de longa distancia 4 e 8k e placas de video gforce RTX\u00a0 e AMD top\u00a0<\/span><\/li>\n<li><span style=\"font-weight: 400;\">48 Gbps de largura da banda<\/span><\/li>\n<li><span style=\"font-weight: 400;\">HDMI 2.1 8K<\/span><\/li>\n<li>15 metros<\/li>\n<\/ul>\n<p>&nbsp;<\/p>\n<h2><strong>Conte\u00fado da embalagem:<\/strong><\/h2>\n<ul>\n<li style=\"font-weight: 400;\"><span style=\"font-weight: 400;\">Cabo HDMI 2.1 8k\/240Hz fibra \u00f3tica oficial Ugreen\u00a0 \u00a0<\/span><\/li>\n<li>15\u00a0 metros<\/li>\n<\/ul>\n<h3><\/h3>\n<h3><b>Qualidade do Cabo HDMI fibra \u00f3tica\u00a0\u00a0<\/b><\/h3>\n<p>&nbsp;<\/p>\n<ul>\n<li style=\"list-style-type: none;\">\n<ul>\n<li style=\"list-style-type: none;\">\n<ul>\n<li style=\"font-weight: 400;\"><span style=\"font-weight: 400;\">padr\u00e3o 48Gbs v\u00eddeo largura de banda<\/span><\/li>\n<li style=\"font-weight: 400;\"><span style=\"font-weight: 400;\">sinal irrestrito de 8k em Ultra HD (UHD)<\/span><\/li>\n<li style=\"font-weight: 400;\"><span style=\"font-weight: 400;\">transmiss\u00e3o em 1440p (QHD)<\/span><\/li>\n<li style=\"font-weight: 400;\"><span style=\"font-weight: 400;\">transmiss\u00e3o em 1080p (HD)<\/span><\/li>\n<li style=\"font-weight: 400;\"><span style=\"font-weight: 400;\">alta qualidade e nitidez da imagem<\/span><\/li>\n<li style=\"font-weight: 400;\"><span style=\"font-weight: 400;\">alta velocidade de transmiss\u00e3o unidirecional<\/span><\/li>\n<li style=\"font-weight: 400;\"><span style=\"font-weight: 400;\">precis\u00e3o de transmiss\u00e3o de \u00e1udio<\/span><\/li>\n<li style=\"font-weight: 400;\"><span style=\"font-weight: 400;\">fibra \u00f3tica buffer-free ethernet<\/span><\/li>\n<\/ul>\n<\/li>\n<\/ul>\n<\/li>\n<\/ul>\n<p>&nbsp;<\/p>\n<p><b>Conectores:<\/b><\/p>\n<p>&nbsp;<\/p>\n<ul>\n<li><span style=\"font-weight: 400;\">banhados a ouro<\/span><\/li>\n<li><span style=\"font-weight: 400;\">conex\u00e3o s\u00f3lida com os dispositivos<\/span><\/li>\n<li><span style=\"font-weight: 400;\">design soldado e pesado para garantir longevidade<\/span><\/li>\n<li><span style=\"font-weight: 400;\">resist\u00eancia \u00e0 pux\u00f5es no cabo<\/span><\/li>\n<\/ul>\n<p>&nbsp;<\/p>\n<p><b>Durabilidade:<\/b><\/p>\n<ul>\n<li><span style=\"font-weight: 400;\">longa durabilidade<\/span><\/li>\n<li><span style=\"font-weight: 400;\">conectores resistentes que protegem de pux\u00f5es no cabo.<\/span><\/li>\n<\/ul>\n<h3><\/h3>\n<h3><b>Cabo HDMI fibra \u00f3tica ,compatibilidade\u00a0<\/b><\/h3>\n<p><span style=\"font-weight: 400;\">O cabo HDMI fibra \u00f3tica 2.1 8k\/240Hz \u00e9 compat\u00edvel com todas as vers\u00f5es de HDMI( atencao ao sentido do sinal e unidirecional ):<\/span><\/p>\n<ul>\n<li style=\"font-weight: 400;\"><span style=\"font-weight: 400;\">HDMI 1.3<\/span><\/li>\n<li style=\"font-weight: 400;\"><span style=\"font-weight: 400;\">HDMI 1.4<\/span><\/li>\n<li style=\"font-weight: 400;\"><span style=\"font-weight: 400;\">HDMI 2.0<\/span><\/li>\n<li style=\"font-weight: 400;\"><span style=\"font-weight: 400;\">HDMI 2.0a<\/span><\/li>\n<li style=\"font-weight: 400;\"><span style=\"font-weight: 400;\">HDMI 2.0b<\/span><\/li>\n<li style=\"font-weight: 400;\"><span style=\"font-weight: 400;\">HDMI 2.1<\/span><\/li>\n<\/ul>\n<p><span style=\"font-weight: 400;\">O cabo \u00e9 perfeito para ser usado com computadores, monitores, video games, TV plasma,led, Qled,Oled, Monitores, Computadores, PS3, PS4 pro , ps 5 ,xbox one X, Bluray ultra hd.<\/span><\/p>\n<h3><\/h3>\n<p>&nbsp;<\/p>","protected":false},"excerpt":{"rendered":"<h3><b><\/b><b>Cabo HDMI 2.1 8k\/240Hz Fibra \u00d3tica &#8211; Fdbro\u00a0<\/b><\/h3>\n<ul>\n<li style=\"font-weight: 400;\"><span style=\"font-weight: 400;\">Cabo de fibra \u00f3tica Ultra HD (UHD)<\/span><\/li>\n<li style=\"font-weight: 400;\"><span style=\"font-weight: 400;\">N\u00e3o tem delay<\/span><\/li>\n<li style=\"font-weight: 400;\"><span style=\"font-weight: 400;\">N\u00e3o tem congelamento de imagem<\/span><\/li>\n<li style=\"font-weight: 400;\"><span style=\"font-weight: 400;\">Ideal para filmes e jogos<\/span><\/li>\n<li style=\"font-weight: 400;\"><span style=\"font-weight: 400;\">48 GBpS de largura da banda<\/span><\/li>\n<li style=\"font-weight: 400;\"><span style=\"font-weight: 400;\">HDMI 2.1 8K<\/span><\/li>\n<li>15 metros<\/li>\n<\/ul>\n<p><span style=\"font-weight: 400;\">Conte\u00fado da embalagem:<\/span><\/p>\n<ul>\n<li style=\"font-weight: 400;\"><span style=\"font-weight: 400;\">Cabo HDMI 2.1 8k\/240Hz fibra \u00f3tica oficial Fdbro<\/span><\/li>\n<li>15 metros<\/li>\n<\/ul>","protected":false},"featured_media":48999,"comment_status":"closed","ping_status":"closed","template":"","meta":[],"product_brand":[],"product_cat":[37,21],"product_tag":[379,36,33,391,34,32,35,377,378],"class_list":{"0":"post-48998","1":"product","2":"type-product","3":"status-publish","4":"has-post-thumbnail","6":"product_cat-hdmi","7":"product_cat-video","8":"product_tag-2-1","9":"product_tag-8k","10":"product_tag-cabo","11":"product_tag-fdbro","12":"product_tag-fibra-otica","13":"product_tag-hdmi","14":"product_tag-moshou","15":"product_tag-ugreen","16":"product_tag-vention","17":"product_shipping_class-normal","19":"first","20":"outofstock","21":"purchasable","22":"product-type-simple"},"yoast_head":"<!-- This site is optimized with the Yoast SEO plugin v27.4 - https:\/\/yoast.com\/product\/yoast-seo-wordpress\/ -->\n<title>Cabo HDMI 2.1 8k\/240Hz Fibra \u00d3tica top de linha - 15m - Rapidetech<\/title>\n<meta name=\"description\" content=\"Um cabo HDMI 2.1 de alta qualidade com suporte a resolu\u00e7\u00e3o 8K a 240Hz, constru\u00eddo com fibra \u00f3tica de \u00faltima gera\u00e7\u00e3o. O topo de linha flagship gold para a melhor experi\u00eancia em \u00e1udio e v\u00eddeo.\" \/>\n<meta name=\"robots\" content=\"index, follow, max-snippet:-1, max-image-preview:large, max-video-preview:-1\" \/>\n<link rel=\"canonical\" href=\"https:\/\/rapidetech.com.br\/en\/product\/cabo-hdmi-2-1-8k-240hz-fibra-otica-top-de-linha-fdbro-15m\/\" \/>\n<meta property=\"og:locale\" content=\"en_US\" \/>\n<meta property=\"og:type\" content=\"article\" \/>\n<meta property=\"og:title\" content=\"Cabo HDMI 2.1 8k\/240Hz Fibra \u00d3tica top de linha - 15m - Rapidetech\" \/>\n<meta property=\"og:description\" content=\"Um cabo HDMI 2.1 de alta qualidade com suporte a resolu\u00e7\u00e3o 8K a 240Hz, constru\u00eddo com fibra \u00f3tica de \u00faltima gera\u00e7\u00e3o. O topo de linha flagship gold para a melhor experi\u00eancia em \u00e1udio e v\u00eddeo.\" \/>\n<meta property=\"og:url\" content=\"https:\/\/rapidetech.com.br\/en\/product\/cabo-hdmi-2-1-8k-240hz-fibra-otica-top-de-linha-fdbro-15m\/\" \/>\n<meta property=\"og:site_name\" content=\"Rapidetech\" \/>\n<meta property=\"article:modified_time\" content=\"2024-12-06T12:33:47+00:00\" \/>\n<meta property=\"og:image\" content=\"https:\/\/rapidetech.com.br\/wp-content\/uploads\/2023\/05\/AnyConv.com__S634477ae9f55472e93b0af5c33eec76fs-Copia-2-1-e1693485157608.webp\" \/>\n\t<meta property=\"og:image:width\" content=\"500\" \/>\n\t<meta property=\"og:image:height\" content=\"500\" \/>\n\t<meta property=\"og:image:type\" content=\"image\/webp\" \/>\n<meta name=\"twitter:card\" content=\"summary_large_image\" \/>\n<meta name=\"twitter:label1\" content=\"Est. reading time\" \/>\n\t<meta name=\"twitter:data1\" content=\"2 minutes\" \/>\n<script type=\"application\/ld+json\" class=\"yoast-schema-graph\">{\"@context\":\"https:\\\/\\\/schema.org\",\"@graph\":[{\"@type\":\"WebPage\",\"@id\":\"https:\\\/\\\/rapidetech.com.br\\\/produto\\\/cabo-hdmi-2-1-8k-240hz-fibra-otica-top-de-linha-fdbro-15m\\\/\",\"url\":\"https:\\\/\\\/rapidetech.com.br\\\/produto\\\/cabo-hdmi-2-1-8k-240hz-fibra-otica-top-de-linha-fdbro-15m\\\/\",\"name\":\"Cabo HDMI 2.1 8k\\\/240Hz Fibra \u00d3tica top de linha - 15m - Rapidetech\",\"isPartOf\":{\"@id\":\"https:\\\/\\\/rapidetech.com.br\\\/#website\"},\"primaryImageOfPage\":{\"@id\":\"https:\\\/\\\/rapidetech.com.br\\\/produto\\\/cabo-hdmi-2-1-8k-240hz-fibra-otica-top-de-linha-fdbro-15m\\\/#primaryimage\"},\"image\":{\"@id\":\"https:\\\/\\\/rapidetech.com.br\\\/produto\\\/cabo-hdmi-2-1-8k-240hz-fibra-otica-top-de-linha-fdbro-15m\\\/#primaryimage\"},\"thumbnailUrl\":\"https:\\\/\\\/rapidetech.com.br\\\/wp-content\\\/uploads\\\/2023\\\/05\\\/AnyConv.com__S634477ae9f55472e93b0af5c33eec76fs-Copia-2-1-e1693485157608.webp\",\"datePublished\":\"2023-05-05T09:04:46+00:00\",\"dateModified\":\"2024-12-06T12:33:47+00:00\",\"description\":\"Um cabo HDMI 2.1 de alta qualidade com suporte a resolu\u00e7\u00e3o 8K a 240Hz, constru\u00eddo com fibra \u00f3tica de \u00faltima gera\u00e7\u00e3o. O topo de linha flagship gold para a melhor experi\u00eancia em \u00e1udio e v\u00eddeo.\",\"breadcrumb\":{\"@id\":\"https:\\\/\\\/rapidetech.com.br\\\/produto\\\/cabo-hdmi-2-1-8k-240hz-fibra-otica-top-de-linha-fdbro-15m\\\/#breadcrumb\"},\"inLanguage\":\"en-US\",\"potentialAction\":[{\"@type\":\"ReadAction\",\"target\":[\"https:\\\/\\\/rapidetech.com.br\\\/produto\\\/cabo-hdmi-2-1-8k-240hz-fibra-otica-top-de-linha-fdbro-15m\\\/\"]}]},{\"@type\":\"ImageObject\",\"inLanguage\":\"en-US\",\"@id\":\"https:\\\/\\\/rapidetech.com.br\\\/produto\\\/cabo-hdmi-2-1-8k-240hz-fibra-otica-top-de-linha-fdbro-15m\\\/#primaryimage\",\"url\":\"https:\\\/\\\/rapidetech.com.br\\\/wp-content\\\/uploads\\\/2023\\\/05\\\/AnyConv.com__S634477ae9f55472e93b0af5c33eec76fs-Copia-2-1-e1693485157608.webp\",\"contentUrl\":\"https:\\\/\\\/rapidetech.com.br\\\/wp-content\\\/uploads\\\/2023\\\/05\\\/AnyConv.com__S634477ae9f55472e93b0af5c33eec76fs-Copia-2-1-e1693485157608.webp\",\"width\":500,\"height\":500},{\"@type\":\"BreadcrumbList\",\"@id\":\"https:\\\/\\\/rapidetech.com.br\\\/produto\\\/cabo-hdmi-2-1-8k-240hz-fibra-otica-top-de-linha-fdbro-15m\\\/#breadcrumb\",\"itemListElement\":[{\"@type\":\"ListItem\",\"position\":1,\"name\":\"In\u00edcio\",\"item\":\"https:\\\/\\\/rapidetech.com.br\\\/\"},{\"@type\":\"ListItem\",\"position\":2,\"name\":\"Produtos\",\"item\":\"https:\\\/\\\/rapidetech.com.br\\\/produtos\\\/\"},{\"@type\":\"ListItem\",\"position\":3,\"name\":\"Cabo HDMI 2.1 8k\\\/240Hz Fibra \u00d3tica top de linha &#8211; 15m\"}]},{\"@type\":\"WebSite\",\"@id\":\"https:\\\/\\\/rapidetech.com.br\\\/#website\",\"url\":\"https:\\\/\\\/rapidetech.com.br\\\/\",\"name\":\"Rapidetech\",\"description\":\"Audio e video\",\"publisher\":{\"@id\":\"https:\\\/\\\/rapidetech.com.br\\\/#organization\"},\"potentialAction\":[{\"@type\":\"SearchAction\",\"target\":{\"@type\":\"EntryPoint\",\"urlTemplate\":\"https:\\\/\\\/rapidetech.com.br\\\/?s={search_term_string}\"},\"query-input\":{\"@type\":\"PropertyValueSpecification\",\"valueRequired\":true,\"valueName\":\"search_term_string\"}}],\"inLanguage\":\"en-US\"},{\"@type\":\"Organization\",\"@id\":\"https:\\\/\\\/rapidetech.com.br\\\/#organization\",\"name\":\"Rapidetech\",\"url\":\"https:\\\/\\\/rapidetech.com.br\\\/\",\"logo\":{\"@type\":\"ImageObject\",\"inLanguage\":\"en-US\",\"@id\":\"https:\\\/\\\/rapidetech.com.br\\\/#\\\/schema\\\/logo\\\/image\\\/\",\"url\":\"https:\\\/\\\/rapidetech.com.br\\\/wp-content\\\/uploads\\\/2022\\\/08\\\/RAPIDETECH-AUDIO-E-VIDEO.jpg\",\"contentUrl\":\"https:\\\/\\\/rapidetech.com.br\\\/wp-content\\\/uploads\\\/2022\\\/08\\\/RAPIDETECH-AUDIO-E-VIDEO.jpg\",\"width\":236,\"height\":213,\"caption\":\"Rapidetech\"},\"image\":{\"@id\":\"https:\\\/\\\/rapidetech.com.br\\\/#\\\/schema\\\/logo\\\/image\\\/\"},\"sameAs\":[\"https:\\\/\\\/rapidetech.com.br\\\/\",\"https:\\\/\\\/www.youtube.com\\\/channel\\\/UCQWlsTr9MvbqwWAekYtMNLQ\"]}]}<\/script>\n<!-- \/ Yoast SEO plugin. -->","yoast_head_json":{"title":"Cabo HDMI 2.1 8k\/240Hz Fibra \u00d3tica top de linha - 15m - Rapidetech","description":"Um cabo HDMI 2.1 de alta qualidade com suporte a resolu\u00e7\u00e3o 8K a 240Hz, constru\u00eddo com fibra \u00f3tica de \u00faltima gera\u00e7\u00e3o. O topo de linha flagship gold para a melhor experi\u00eancia em \u00e1udio e v\u00eddeo.","robots":{"index":"index","follow":"follow","max-snippet":"max-snippet:-1","max-image-preview":"max-image-preview:large","max-video-preview":"max-video-preview:-1"},"canonical":"https:\/\/rapidetech.com.br\/en\/product\/cabo-hdmi-2-1-8k-240hz-fibra-otica-top-de-linha-fdbro-15m\/","og_locale":"en_US","og_type":"article","og_title":"Cabo HDMI 2.1 8k\/240Hz Fibra \u00d3tica top de linha - 15m - Rapidetech","og_description":"Um cabo HDMI 2.1 de alta qualidade com suporte a resolu\u00e7\u00e3o 8K a 240Hz, constru\u00eddo com fibra \u00f3tica de \u00faltima gera\u00e7\u00e3o. O topo de linha flagship gold para a melhor experi\u00eancia em \u00e1udio e v\u00eddeo.","og_url":"https:\/\/rapidetech.com.br\/en\/product\/cabo-hdmi-2-1-8k-240hz-fibra-otica-top-de-linha-fdbro-15m\/","og_site_name":"Rapidetech","article_modified_time":"2024-12-06T12:33:47+00:00","og_image":[{"width":500,"height":500,"url":"https:\/\/rapidetech.com.br\/wp-content\/uploads\/2023\/05\/AnyConv.com__S634477ae9f55472e93b0af5c33eec76fs-Copia-2-1-e1693485157608.webp","type":"image\/webp"}],"twitter_card":"summary_large_image","twitter_misc":{"Est. reading time":"2 minutes"},"schema":{"@context":"https:\/\/schema.org","@graph":[{"@type":"WebPage","@id":"https:\/\/rapidetech.com.br\/produto\/cabo-hdmi-2-1-8k-240hz-fibra-otica-top-de-linha-fdbro-15m\/","url":"https:\/\/rapidetech.com.br\/produto\/cabo-hdmi-2-1-8k-240hz-fibra-otica-top-de-linha-fdbro-15m\/","name":"Cabo HDMI 2.1 8k\/240Hz Fibra \u00d3tica top de linha - 15m - Rapidetech","isPartOf":{"@id":"https:\/\/rapidetech.com.br\/#website"},"primaryImageOfPage":{"@id":"https:\/\/rapidetech.com.br\/produto\/cabo-hdmi-2-1-8k-240hz-fibra-otica-top-de-linha-fdbro-15m\/#primaryimage"},"image":{"@id":"https:\/\/rapidetech.com.br\/produto\/cabo-hdmi-2-1-8k-240hz-fibra-otica-top-de-linha-fdbro-15m\/#primaryimage"},"thumbnailUrl":"https:\/\/rapidetech.com.br\/wp-content\/uploads\/2023\/05\/AnyConv.com__S634477ae9f55472e93b0af5c33eec76fs-Copia-2-1-e1693485157608.webp","datePublished":"2023-05-05T09:04:46+00:00","dateModified":"2024-12-06T12:33:47+00:00","description":"Um cabo HDMI 2.1 de alta qualidade com suporte a resolu\u00e7\u00e3o 8K a 240Hz, constru\u00eddo com fibra \u00f3tica de \u00faltima gera\u00e7\u00e3o. O topo de linha flagship gold para a melhor experi\u00eancia em \u00e1udio e v\u00eddeo.","breadcrumb":{"@id":"https:\/\/rapidetech.com.br\/produto\/cabo-hdmi-2-1-8k-240hz-fibra-otica-top-de-linha-fdbro-15m\/#breadcrumb"},"inLanguage":"en-US","potentialAction":[{"@type":"ReadAction","target":["https:\/\/rapidetech.com.br\/produto\/cabo-hdmi-2-1-8k-240hz-fibra-otica-top-de-linha-fdbro-15m\/"]}]},{"@type":"ImageObject","inLanguage":"en-US","@id":"https:\/\/rapidetech.com.br\/produto\/cabo-hdmi-2-1-8k-240hz-fibra-otica-top-de-linha-fdbro-15m\/#primaryimage","url":"https:\/\/rapidetech.com.br\/wp-content\/uploads\/2023\/05\/AnyConv.com__S634477ae9f55472e93b0af5c33eec76fs-Copia-2-1-e1693485157608.webp","contentUrl":"https:\/\/rapidetech.com.br\/wp-content\/uploads\/2023\/05\/AnyConv.com__S634477ae9f55472e93b0af5c33eec76fs-Copia-2-1-e1693485157608.webp","width":500,"height":500},{"@type":"BreadcrumbList","@id":"https:\/\/rapidetech.com.br\/produto\/cabo-hdmi-2-1-8k-240hz-fibra-otica-top-de-linha-fdbro-15m\/#breadcrumb","itemListElement":[{"@type":"ListItem","position":1,"name":"In\u00edcio","item":"https:\/\/rapidetech.com.br\/"},{"@type":"ListItem","position":2,"name":"Produtos","item":"https:\/\/rapidetech.com.br\/produtos\/"},{"@type":"ListItem","position":3,"name":"Cabo HDMI 2.1 8k\/240Hz Fibra \u00d3tica top de linha &#8211; 15m"}]},{"@type":"WebSite","@id":"https:\/\/rapidetech.com.br\/#website","url":"https:\/\/rapidetech.com.br\/","name":"Rapidetech","description":"Audio e video","publisher":{"@id":"https:\/\/rapidetech.com.br\/#organization"},"potentialAction":[{"@type":"SearchAction","target":{"@type":"EntryPoint","urlTemplate":"https:\/\/rapidetech.com.br\/?s={search_term_string}"},"query-input":{"@type":"PropertyValueSpecification","valueRequired":true,"valueName":"search_term_string"}}],"inLanguage":"en-US"},{"@type":"Organization","@id":"https:\/\/rapidetech.com.br\/#organization","name":"Rapidetech","url":"https:\/\/rapidetech.com.br\/","logo":{"@type":"ImageObject","inLanguage":"en-US","@id":"https:\/\/rapidetech.com.br\/#\/schema\/logo\/image\/","url":"https:\/\/rapidetech.com.br\/wp-content\/uploads\/2022\/08\/RAPIDETECH-AUDIO-E-VIDEO.jpg","contentUrl":"https:\/\/rapidetech.com.br\/wp-content\/uploads\/2022\/08\/RAPIDETECH-AUDIO-E-VIDEO.jpg","width":236,"height":213,"caption":"Rapidetech"},"image":{"@id":"https:\/\/rapidetech.com.br\/#\/schema\/logo\/image\/"},"sameAs":["https:\/\/rapidetech.com.br\/","https:\/\/www.youtube.com\/channel\/UCQWlsTr9MvbqwWAekYtMNLQ"]}]}},"_links":{"self":[{"href":"https:\/\/rapidetech.com.br\/en\/wp-json\/wp\/v2\/product\/48998","targetHints":{"allow":["GET"]}}],"collection":[{"href":"https:\/\/rapidetech.com.br\/en\/wp-json\/wp\/v2\/product"}],"about":[{"href":"https:\/\/rapidetech.com.br\/en\/wp-json\/wp\/v2\/types\/product"}],"replies":[{"embeddable":true,"href":"https:\/\/rapidetech.com.br\/en\/wp-json\/wp\/v2\/comments?post=48998"}],"version-history":[{"count":0,"href":"https:\/\/rapidetech.com.br\/en\/wp-json\/wp\/v2\/product\/48998\/revisions"}],"wp:featuredmedia":[{"embeddable":true,"href":"https:\/\/rapidetech.com.br\/en\/wp-json\/wp\/v2\/media\/48999"}],"wp:attachment":[{"href":"https:\/\/rapidetech.com.br\/en\/wp-json\/wp\/v2\/media?parent=48998"}],"wp:term":[{"taxonomy":"product_brand","embeddable":true,"href":"https:\/\/rapidetech.com.br\/en\/wp-json\/wp\/v2\/product_brand?post=48998"},{"taxonomy":"product_cat","embeddable":true,"href":"https:\/\/rapidetech.com.br\/en\/wp-json\/wp\/v2\/product_cat?post=48998"},{"taxonomy":"product_tag","embeddable":true,"href":"https:\/\/rapidetech.com.br\/en\/wp-json\/wp\/v2\/product_tag?post=48998"}],"curies":[{"name":"wp","href":"https:\/\/api.w.org\/{rel}","templated":true}]}}