{"id":49045,"date":"2023-05-08T19:00:07","date_gmt":"2023-05-08T22:00:07","guid":{"rendered":"https:\/\/rapidetech.com.br\/?post_type=product&#038;p=49045"},"modified":"2026-01-24T20:16:52","modified_gmt":"2026-01-24T23:16:52","slug":"bateria-para-fanuc-br-agcf2w-6v-pronta-entrega-original","status":"publish","type":"product","link":"https:\/\/rapidetech.com.br\/en\/product\/bateria-para-fanuc-br-agcf2w-6v-pronta-entrega-original\/","title":{"rendered":"Bateria P\/ Cnc Fanuc Br-2\/3agct4a -Pronta entrega"},"content":{"rendered":"<h1><b>Bateria p \/Fanuc Br-agcf2w 6v &#8211; Pronta Entrega<\/b><\/h1>\n<p><strong>Descri\u00e7\u00e3o da Bateria\u00a0<\/strong><\/p>\n<ul>\n<li>Modelo: Br-AGCF2W<br \/>\nTens\u00e3o: 6,0 V<\/li>\n<\/ul>\n<p>&nbsp;<\/p>\n<p><strong>INFORMA\u00c7\u00d5ES DO PRODUTO<\/strong><\/p>\n<p>&nbsp;<\/p>\n<p>&#8211; Bateria Original<br \/>\n&#8211; Fanuc<br \/>\n&#8211; BR-AGCF2W<br \/>\n&#8211; BR-AGCF2W<br \/>\n&#8211; Modelo: BR-AGCF2W<br \/>\n&#8211; Tens\u00e3o:6V<br \/>\n&#8211; Capacidade:2200mAh<br \/>\n&#8211; Marca:Panasonic<br \/>\n&#8211; Made in Japan<\/p>\n<p>BR-AGCF2W &#8211; Bateria A98L00310011<br \/>\nBR-AGCF2W &#8211; Genuine FANUC Parts(Japan)<br \/>\nBR-AGCF2W &#8211; BATERIA 6V MACHINE,CNC,PLC<br \/>\nCNC<br \/>\nBATTERY BR-AGCF2W<br \/>\nLithium 6V CNC bateria<br \/>\nN\u00famero modelo: 2 BATERIAS DE 3VOLTS = A 6VOLTS<br \/>\nBR-AGCF2W<br \/>\nA98L-0031-0011<\/p>\n<p><span style=\"font-weight: 400;\"><strong>Conte\u00fado da embalagem<\/strong>:<\/span><\/p>\n<ul>\n<li style=\"font-weight: 400;\"><span style=\"font-weight: 400;\">01 Bateria original Panasonic\u00a0<\/span><\/li>\n<li style=\"font-weight: 400;\"><span style=\"font-weight: 400;\">\u00a001 Caixa<\/span><\/li>\n<\/ul>\n<p>&nbsp;<\/p>\n<p><strong>Vis\u00e3o geral :\u00a0<\/strong><\/p>\n<p>Ambito de aplica\u00e7\u00e3o:<br \/>\nRel\u00f3gio de tempo Real, sistema de alarme, o PLC fonte de alimenta\u00e7\u00e3o de backup de mem\u00f3ria, FANUC sistema do nc, servo motor, equipamentos de m\u00e1quinas-ferramenta, todos os tipos de instrumento de medi\u00e7\u00e3o, equipamento eletr\u00f4nico especial, etc ..<\/p>","protected":false},"excerpt":{"rendered":"<h3><b> <\/b><b>Bateria\u00a0 <span style=\"font-weight: 400;\">BR-AGCF2W<\/span><\/b><\/h3>\n<ul>\n<li style=\"font-weight: 400;\"><span style=\"font-weight: 400;\">Bateria original 6 v\u00a0<\/span><\/li>\n<li style=\"font-weight: 400;\"><span style=\"font-weight: 400;\">\u00a02200 MAH\u00a0<\/span><\/li>\n<\/ul>\n<p>Conte\u00fado da embalagem:<\/p>\n<ul>\n<li style=\"font-weight: 400;\"><span style=\"font-weight: 400;\">01 Bateria\u00a0<\/span><\/li>\n<\/ul>\n<p>&nbsp;<\/p>","protected":false},"featured_media":49132,"comment_status":"closed","ping_status":"closed","template":"","meta":[],"product_brand":[],"product_cat":[21],"product_tag":[23,369,86,364],"class_list":{"0":"post-49045","1":"product","2":"type-product","3":"status-publish","4":"has-post-thumbnail","6":"product_cat-video","7":"product_tag-bateria","8":"product_tag-enduro","9":"product_tag-go-pro","10":"product_tag-gopro","11":"product_shipping_class-normal","13":"first","14":"instock","15":"purchasable","16":"product-type-simple"},"yoast_head":"<!-- This site is optimized with the Yoast SEO plugin v27.4 - https:\/\/yoast.com\/product\/yoast-seo-wordpress\/ -->\n<title>Bateria P\/ Cnc Fanuc Br-2\/3agct4a -Pronta entrega - Rapidetech<\/title>\n<meta name=\"robots\" content=\"index, follow, max-snippet:-1, max-image-preview:large, max-video-preview:-1\" \/>\n<link rel=\"canonical\" href=\"https:\/\/rapidetech.com.br\/en\/product\/bateria-para-fanuc-br-agcf2w-6v-pronta-entrega-original\/\" \/>\n<meta property=\"og:locale\" content=\"en_US\" \/>\n<meta property=\"og:type\" content=\"article\" \/>\n<meta property=\"og:title\" content=\"Bateria P\/ Cnc Fanuc Br-2\/3agct4a -Pronta entrega - Rapidetech\" \/>\n<meta property=\"og:description\" content=\"Bateria\u00a0 BR-AGCF2W   Bateria original 6 v\u00a0  \u00a02200 MAH\u00a0  Conte\u00fado da embalagem:   01 Bateria\u00a0  &nbsp;\" \/>\n<meta property=\"og:url\" content=\"https:\/\/rapidetech.com.br\/en\/product\/bateria-para-fanuc-br-agcf2w-6v-pronta-entrega-original\/\" \/>\n<meta property=\"og:site_name\" content=\"Rapidetech\" \/>\n<meta property=\"article:modified_time\" content=\"2026-01-24T23:16:52+00:00\" \/>\n<meta property=\"og:image\" content=\"https:\/\/rapidetech.com.br\/wp-content\/uploads\/2023\/05\/D_NQ_NP_2X_883045-MLB51700843958_092022-F-e1693606070222.webp\" \/>\n\t<meta property=\"og:image:width\" content=\"500\" \/>\n\t<meta property=\"og:image:height\" content=\"469\" \/>\n\t<meta property=\"og:image:type\" content=\"image\/webp\" \/>\n<meta name=\"twitter:card\" content=\"summary_large_image\" \/>\n<meta name=\"twitter:label1\" content=\"Est. reading time\" \/>\n\t<meta name=\"twitter:data1\" content=\"1 minute\" \/>\n<script type=\"application\/ld+json\" class=\"yoast-schema-graph\">{\"@context\":\"https:\\\/\\\/schema.org\",\"@graph\":[{\"@type\":\"WebPage\",\"@id\":\"https:\\\/\\\/rapidetech.com.br\\\/produto\\\/bateria-para-fanuc-br-agcf2w-6v-pronta-entrega-original\\\/\",\"url\":\"https:\\\/\\\/rapidetech.com.br\\\/produto\\\/bateria-para-fanuc-br-agcf2w-6v-pronta-entrega-original\\\/\",\"name\":\"Bateria P\\\/ Cnc Fanuc Br-2\\\/3agct4a -Pronta entrega - Rapidetech\",\"isPartOf\":{\"@id\":\"https:\\\/\\\/rapidetech.com.br\\\/#website\"},\"primaryImageOfPage\":{\"@id\":\"https:\\\/\\\/rapidetech.com.br\\\/produto\\\/bateria-para-fanuc-br-agcf2w-6v-pronta-entrega-original\\\/#primaryimage\"},\"image\":{\"@id\":\"https:\\\/\\\/rapidetech.com.br\\\/produto\\\/bateria-para-fanuc-br-agcf2w-6v-pronta-entrega-original\\\/#primaryimage\"},\"thumbnailUrl\":\"https:\\\/\\\/rapidetech.com.br\\\/wp-content\\\/uploads\\\/2023\\\/05\\\/D_NQ_NP_2X_883045-MLB51700843958_092022-F-e1693606070222.webp\",\"datePublished\":\"2023-05-08T22:00:07+00:00\",\"dateModified\":\"2026-01-24T23:16:52+00:00\",\"breadcrumb\":{\"@id\":\"https:\\\/\\\/rapidetech.com.br\\\/produto\\\/bateria-para-fanuc-br-agcf2w-6v-pronta-entrega-original\\\/#breadcrumb\"},\"inLanguage\":\"en-US\",\"potentialAction\":[{\"@type\":\"ReadAction\",\"target\":[\"https:\\\/\\\/rapidetech.com.br\\\/produto\\\/bateria-para-fanuc-br-agcf2w-6v-pronta-entrega-original\\\/\"]}]},{\"@type\":\"ImageObject\",\"inLanguage\":\"en-US\",\"@id\":\"https:\\\/\\\/rapidetech.com.br\\\/produto\\\/bateria-para-fanuc-br-agcf2w-6v-pronta-entrega-original\\\/#primaryimage\",\"url\":\"https:\\\/\\\/rapidetech.com.br\\\/wp-content\\\/uploads\\\/2023\\\/05\\\/D_NQ_NP_2X_883045-MLB51700843958_092022-F-e1693606070222.webp\",\"contentUrl\":\"https:\\\/\\\/rapidetech.com.br\\\/wp-content\\\/uploads\\\/2023\\\/05\\\/D_NQ_NP_2X_883045-MLB51700843958_092022-F-e1693606070222.webp\",\"width\":500,\"height\":469},{\"@type\":\"BreadcrumbList\",\"@id\":\"https:\\\/\\\/rapidetech.com.br\\\/produto\\\/bateria-para-fanuc-br-agcf2w-6v-pronta-entrega-original\\\/#breadcrumb\",\"itemListElement\":[{\"@type\":\"ListItem\",\"position\":1,\"name\":\"In\u00edcio\",\"item\":\"https:\\\/\\\/rapidetech.com.br\\\/\"},{\"@type\":\"ListItem\",\"position\":2,\"name\":\"Produtos\",\"item\":\"https:\\\/\\\/rapidetech.com.br\\\/produtos\\\/\"},{\"@type\":\"ListItem\",\"position\":3,\"name\":\"Bateria P\\\/ Cnc Fanuc Br-2\\\/3agct4a -Pronta entrega\"}]},{\"@type\":\"WebSite\",\"@id\":\"https:\\\/\\\/rapidetech.com.br\\\/#website\",\"url\":\"https:\\\/\\\/rapidetech.com.br\\\/\",\"name\":\"Rapidetech\",\"description\":\"Audio e video\",\"publisher\":{\"@id\":\"https:\\\/\\\/rapidetech.com.br\\\/#organization\"},\"potentialAction\":[{\"@type\":\"SearchAction\",\"target\":{\"@type\":\"EntryPoint\",\"urlTemplate\":\"https:\\\/\\\/rapidetech.com.br\\\/?s={search_term_string}\"},\"query-input\":{\"@type\":\"PropertyValueSpecification\",\"valueRequired\":true,\"valueName\":\"search_term_string\"}}],\"inLanguage\":\"en-US\"},{\"@type\":\"Organization\",\"@id\":\"https:\\\/\\\/rapidetech.com.br\\\/#organization\",\"name\":\"Rapidetech\",\"url\":\"https:\\\/\\\/rapidetech.com.br\\\/\",\"logo\":{\"@type\":\"ImageObject\",\"inLanguage\":\"en-US\",\"@id\":\"https:\\\/\\\/rapidetech.com.br\\\/#\\\/schema\\\/logo\\\/image\\\/\",\"url\":\"https:\\\/\\\/rapidetech.com.br\\\/wp-content\\\/uploads\\\/2022\\\/08\\\/RAPIDETECH-AUDIO-E-VIDEO.jpg\",\"contentUrl\":\"https:\\\/\\\/rapidetech.com.br\\\/wp-content\\\/uploads\\\/2022\\\/08\\\/RAPIDETECH-AUDIO-E-VIDEO.jpg\",\"width\":236,\"height\":213,\"caption\":\"Rapidetech\"},\"image\":{\"@id\":\"https:\\\/\\\/rapidetech.com.br\\\/#\\\/schema\\\/logo\\\/image\\\/\"},\"sameAs\":[\"https:\\\/\\\/rapidetech.com.br\\\/\",\"https:\\\/\\\/www.youtube.com\\\/channel\\\/UCQWlsTr9MvbqwWAekYtMNLQ\"]}]}<\/script>\n<!-- \/ Yoast SEO plugin. -->","yoast_head_json":{"title":"Bateria P\/ Cnc Fanuc Br-2\/3agct4a -Pronta entrega - Rapidetech","robots":{"index":"index","follow":"follow","max-snippet":"max-snippet:-1","max-image-preview":"max-image-preview:large","max-video-preview":"max-video-preview:-1"},"canonical":"https:\/\/rapidetech.com.br\/en\/product\/bateria-para-fanuc-br-agcf2w-6v-pronta-entrega-original\/","og_locale":"en_US","og_type":"article","og_title":"Bateria P\/ Cnc Fanuc Br-2\/3agct4a -Pronta entrega - Rapidetech","og_description":"Bateria\u00a0 BR-AGCF2W   Bateria original 6 v\u00a0  \u00a02200 MAH\u00a0  Conte\u00fado da embalagem:   01 Bateria\u00a0  &nbsp;","og_url":"https:\/\/rapidetech.com.br\/en\/product\/bateria-para-fanuc-br-agcf2w-6v-pronta-entrega-original\/","og_site_name":"Rapidetech","article_modified_time":"2026-01-24T23:16:52+00:00","og_image":[{"width":500,"height":469,"url":"https:\/\/rapidetech.com.br\/wp-content\/uploads\/2023\/05\/D_NQ_NP_2X_883045-MLB51700843958_092022-F-e1693606070222.webp","type":"image\/webp"}],"twitter_card":"summary_large_image","twitter_misc":{"Est. reading time":"1 minute"},"schema":{"@context":"https:\/\/schema.org","@graph":[{"@type":"WebPage","@id":"https:\/\/rapidetech.com.br\/produto\/bateria-para-fanuc-br-agcf2w-6v-pronta-entrega-original\/","url":"https:\/\/rapidetech.com.br\/produto\/bateria-para-fanuc-br-agcf2w-6v-pronta-entrega-original\/","name":"Bateria P\/ Cnc Fanuc Br-2\/3agct4a -Pronta entrega - Rapidetech","isPartOf":{"@id":"https:\/\/rapidetech.com.br\/#website"},"primaryImageOfPage":{"@id":"https:\/\/rapidetech.com.br\/produto\/bateria-para-fanuc-br-agcf2w-6v-pronta-entrega-original\/#primaryimage"},"image":{"@id":"https:\/\/rapidetech.com.br\/produto\/bateria-para-fanuc-br-agcf2w-6v-pronta-entrega-original\/#primaryimage"},"thumbnailUrl":"https:\/\/rapidetech.com.br\/wp-content\/uploads\/2023\/05\/D_NQ_NP_2X_883045-MLB51700843958_092022-F-e1693606070222.webp","datePublished":"2023-05-08T22:00:07+00:00","dateModified":"2026-01-24T23:16:52+00:00","breadcrumb":{"@id":"https:\/\/rapidetech.com.br\/produto\/bateria-para-fanuc-br-agcf2w-6v-pronta-entrega-original\/#breadcrumb"},"inLanguage":"en-US","potentialAction":[{"@type":"ReadAction","target":["https:\/\/rapidetech.com.br\/produto\/bateria-para-fanuc-br-agcf2w-6v-pronta-entrega-original\/"]}]},{"@type":"ImageObject","inLanguage":"en-US","@id":"https:\/\/rapidetech.com.br\/produto\/bateria-para-fanuc-br-agcf2w-6v-pronta-entrega-original\/#primaryimage","url":"https:\/\/rapidetech.com.br\/wp-content\/uploads\/2023\/05\/D_NQ_NP_2X_883045-MLB51700843958_092022-F-e1693606070222.webp","contentUrl":"https:\/\/rapidetech.com.br\/wp-content\/uploads\/2023\/05\/D_NQ_NP_2X_883045-MLB51700843958_092022-F-e1693606070222.webp","width":500,"height":469},{"@type":"BreadcrumbList","@id":"https:\/\/rapidetech.com.br\/produto\/bateria-para-fanuc-br-agcf2w-6v-pronta-entrega-original\/#breadcrumb","itemListElement":[{"@type":"ListItem","position":1,"name":"In\u00edcio","item":"https:\/\/rapidetech.com.br\/"},{"@type":"ListItem","position":2,"name":"Produtos","item":"https:\/\/rapidetech.com.br\/produtos\/"},{"@type":"ListItem","position":3,"name":"Bateria P\/ Cnc Fanuc Br-2\/3agct4a -Pronta entrega"}]},{"@type":"WebSite","@id":"https:\/\/rapidetech.com.br\/#website","url":"https:\/\/rapidetech.com.br\/","name":"Rapidetech","description":"Audio e video","publisher":{"@id":"https:\/\/rapidetech.com.br\/#organization"},"potentialAction":[{"@type":"SearchAction","target":{"@type":"EntryPoint","urlTemplate":"https:\/\/rapidetech.com.br\/?s={search_term_string}"},"query-input":{"@type":"PropertyValueSpecification","valueRequired":true,"valueName":"search_term_string"}}],"inLanguage":"en-US"},{"@type":"Organization","@id":"https:\/\/rapidetech.com.br\/#organization","name":"Rapidetech","url":"https:\/\/rapidetech.com.br\/","logo":{"@type":"ImageObject","inLanguage":"en-US","@id":"https:\/\/rapidetech.com.br\/#\/schema\/logo\/image\/","url":"https:\/\/rapidetech.com.br\/wp-content\/uploads\/2022\/08\/RAPIDETECH-AUDIO-E-VIDEO.jpg","contentUrl":"https:\/\/rapidetech.com.br\/wp-content\/uploads\/2022\/08\/RAPIDETECH-AUDIO-E-VIDEO.jpg","width":236,"height":213,"caption":"Rapidetech"},"image":{"@id":"https:\/\/rapidetech.com.br\/#\/schema\/logo\/image\/"},"sameAs":["https:\/\/rapidetech.com.br\/","https:\/\/www.youtube.com\/channel\/UCQWlsTr9MvbqwWAekYtMNLQ"]}]}},"_links":{"self":[{"href":"https:\/\/rapidetech.com.br\/en\/wp-json\/wp\/v2\/product\/49045","targetHints":{"allow":["GET"]}}],"collection":[{"href":"https:\/\/rapidetech.com.br\/en\/wp-json\/wp\/v2\/product"}],"about":[{"href":"https:\/\/rapidetech.com.br\/en\/wp-json\/wp\/v2\/types\/product"}],"replies":[{"embeddable":true,"href":"https:\/\/rapidetech.com.br\/en\/wp-json\/wp\/v2\/comments?post=49045"}],"version-history":[{"count":0,"href":"https:\/\/rapidetech.com.br\/en\/wp-json\/wp\/v2\/product\/49045\/revisions"}],"wp:featuredmedia":[{"embeddable":true,"href":"https:\/\/rapidetech.com.br\/en\/wp-json\/wp\/v2\/media\/49132"}],"wp:attachment":[{"href":"https:\/\/rapidetech.com.br\/en\/wp-json\/wp\/v2\/media?parent=49045"}],"wp:term":[{"taxonomy":"product_brand","embeddable":true,"href":"https:\/\/rapidetech.com.br\/en\/wp-json\/wp\/v2\/product_brand?post=49045"},{"taxonomy":"product_cat","embeddable":true,"href":"https:\/\/rapidetech.com.br\/en\/wp-json\/wp\/v2\/product_cat?post=49045"},{"taxonomy":"product_tag","embeddable":true,"href":"https:\/\/rapidetech.com.br\/en\/wp-json\/wp\/v2\/product_tag?post=49045"}],"curies":[{"name":"wp","href":"https:\/\/api.w.org\/{rel}","templated":true}]}}