{"id":49795,"date":"2023-07-17T15:45:48","date_gmt":"2023-07-17T18:45:48","guid":{"rendered":"https:\/\/rapidetech.com.br\/?post_type=product&#038;p=49795"},"modified":"2025-11-16T16:52:15","modified_gmt":"2025-11-16T19:52:15","slug":"smart-tag","status":"publish","type":"product","link":"https:\/\/rapidetech.com.br\/en\/product\/smart-tag\/","title":{"rendered":"Smart tag para IOS Apple gps localizador para bagagens ,carro, coleira,carteira"},"content":{"rendered":"<h1><b>1 smart Tag Preto para IOS gps para localizacao de bagagens , pet, carteira :<\/b><\/h1>\n<h2><b>\u00a0Descri\u00e7\u00e3o:<\/b><\/h2>\n<ul>\n<li>Produto\u00a0 Importado<\/li>\n<li style=\"font-weight: 400;\"><span style=\"font-weight: 400;\">Funciona com IOS linha Apple\u00a0 I Phone\u00a0 \u00a0 (O.B.S N\u00e3o funciona com Android ,cuidado ! ).\u00a0<\/span><\/li>\n<li style=\"font-weight: 400;\"><span style=\"font-weight: 400;\">Permite ser colocado em bagagem de mao , carro,chaveiro ,super pratico\u00a0<\/span><\/li>\n<\/ul>\n<p>&nbsp;<\/p>\n<h2><strong>RASTREADOR sem fio Localizador inteligente compat\u00edvel com sistema iOS<\/strong><\/h2>\n<p>&nbsp;<\/p>\n<p>* Registro de localiza\u00e7\u00e3o perdida, renomear item, personalizar \u00edcone do item<br \/>\n* Manter o rastreamento e encontrar seus itens ao lado de amigos e dispositivos no encontrar meu aplicativo<br \/>\n* A instala\u00e7\u00e3o simples com apenas um toque conecta instantaneamente o airtag com seu telefone<br \/>\n* Tocar um som no alto-falante embutido para ajudar a encontrar suas coisas<br \/>\n* A descoberta de precis\u00e3o com tecnologia ultra wideband leva voc\u00ea diretamente ao seu airtag<br \/>\n* Encontre itens mais longe com a ajuda de centenas de milh\u00f5es na Apple Find My<br \/>\n* Coloque o airtag no modo perdido para ser notificado automaticamente quando for detectado no encontrar minha rede<br \/>\n* Toda a comunica\u00e7\u00e3o com o find my network \u00e9 an\u00f4nima e criptografada para privacidade, dados de localiza\u00e7\u00e3o e hist\u00f3rico nunca s\u00e3o armazenados no airtag<br \/>\n* Bateria substitu\u00edvel (Dura\u00e7\u00e3o media de 1 ano).<\/p>\n<p>&nbsp;<\/p>\n<p><strong>Especifica\u00e7\u00e3o:<\/strong><\/p>\n<p>Conectividade: bluetooth<br \/>\nSensor: aceler\u00f4metro<br \/>\nAlto-falante: alto-falante embutido<br \/>\nRequriements do sistema: apple id iphone e ipod touch modelos com ios 14.5 ou mais tarde ipad modelos com ipad os 14.5 ou mais tarde.<br \/>\nBateria: bateria de pilha de moeda cr 2032 substitu\u00edvel pelo usu\u00e1rio.<\/p>\n<p>&nbsp;<\/p>\n<p><strong>Conte\u00fado da embalagem:<\/strong><\/p>\n<ul>\n<li style=\"font-weight: 400;\">1 unidade Smart Tag(com bateria) + correia de seguranca+ 1 paleta de abertura(para troca de bateria) +manual de instru\u00e7\u00f5es<\/li>\n<li style=\"font-weight: 400;\">36 x 36 x 7.8mm , peso: 11g<\/li>\n<\/ul>\n<p>&nbsp;<\/p>\n<p>&nbsp;<\/p>","protected":false},"excerpt":{"rendered":"<h3>RASTREADOR sem fio Localizador inteligente compat\u00edvel com sistema iOS<\/h3>\n<ul>\n<li style=\"font-weight: 400;\">RASTREADOR BLUETOOTH INTELIGENTE PARA APPLE WATCH<\/li>\n<\/ul>\n<p>&nbsp;<\/p>\n<p><strong>Conte\u00fado da embalagem:<\/strong><\/p>\n<ul>\n<li>1 smart tag (com bateria)<br \/>\n\u2022 1 correia de seguran\u00e7a<br \/>\n\u2022 1 paleta de abertura (para troca de bateria)<br \/>\n\u2022 1 Manual de instru\u00e7\u00f5es<\/li>\n<\/ul>","protected":false},"featured_media":49796,"comment_status":"closed","ping_status":"closed","template":"","meta":[],"product_brand":[],"product_cat":[18],"product_tag":[405,406,407],"class_list":{"0":"post-49795","1":"product","2":"type-product","3":"status-publish","4":"has-post-thumbnail","6":"product_cat-accessorios","7":"product_tag-bagagem","8":"product_tag-seguranca-de-bagagem","9":"product_tag-smart-tag","10":"product_shipping_class-normal","12":"first","13":"instock","14":"purchasable","15":"product-type-simple"},"yoast_head":"<!-- This site is optimized with the Yoast SEO plugin v27.5 - https:\/\/yoast.com\/product\/yoast-seo-wordpress\/ -->\n<title>Smart tag para IOS Apple gps localizador para bagagens ,carro, coleira,carteira - Rapidetech<\/title>\n<meta name=\"description\" content=\"Uma Smart Tag GPS vers\u00e1til para rastrear localiza\u00e7\u00f5es, adequada para bagagens, carros e coleiras de animais de estima\u00e7\u00e3o. M\u00e1xima seguran\u00e7a e localiza\u00e7\u00e3o precisa ao seu alcance.\" \/>\n<meta name=\"robots\" content=\"index, follow, max-snippet:-1, max-image-preview:large, max-video-preview:-1\" \/>\n<link rel=\"canonical\" href=\"https:\/\/rapidetech.com.br\/en\/product\/smart-tag\/\" \/>\n<meta property=\"og:locale\" content=\"en_US\" \/>\n<meta property=\"og:type\" content=\"article\" \/>\n<meta property=\"og:title\" content=\"Smart tag para IOS Apple gps localizador para bagagens ,carro, coleira,carteira - Rapidetech\" \/>\n<meta property=\"og:description\" content=\"Uma Smart Tag GPS vers\u00e1til para rastrear localiza\u00e7\u00f5es, adequada para bagagens, carros e coleiras de animais de estima\u00e7\u00e3o. M\u00e1xima seguran\u00e7a e localiza\u00e7\u00e3o precisa ao seu alcance.\" \/>\n<meta property=\"og:url\" content=\"https:\/\/rapidetech.com.br\/en\/product\/smart-tag\/\" \/>\n<meta property=\"og:site_name\" content=\"Rapidetech\" \/>\n<meta property=\"article:modified_time\" content=\"2025-11-16T19:52:15+00:00\" \/>\n<meta property=\"og:image\" content=\"https:\/\/rapidetech.com.br\/wp-content\/uploads\/2023\/07\/D_NQ_NP_2X_751357-MLB70042244950_062023-F-e1693605600178.webp\" \/>\n\t<meta property=\"og:image:width\" content=\"511\" \/>\n\t<meta property=\"og:image:height\" content=\"511\" \/>\n\t<meta property=\"og:image:type\" content=\"image\/webp\" \/>\n<meta name=\"twitter:card\" content=\"summary_large_image\" \/>\n<meta name=\"twitter:label1\" content=\"Est. reading time\" \/>\n\t<meta name=\"twitter:data1\" content=\"2 minutes\" \/>\n<script type=\"application\/ld+json\" class=\"yoast-schema-graph\">{\"@context\":\"https:\\\/\\\/schema.org\",\"@graph\":[{\"@type\":\"WebPage\",\"@id\":\"https:\\\/\\\/rapidetech.com.br\\\/produto\\\/smart-tag\\\/\",\"url\":\"https:\\\/\\\/rapidetech.com.br\\\/produto\\\/smart-tag\\\/\",\"name\":\"Smart tag para IOS Apple gps localizador para bagagens ,carro, coleira,carteira - Rapidetech\",\"isPartOf\":{\"@id\":\"https:\\\/\\\/rapidetech.com.br\\\/#website\"},\"primaryImageOfPage\":{\"@id\":\"https:\\\/\\\/rapidetech.com.br\\\/produto\\\/smart-tag\\\/#primaryimage\"},\"image\":{\"@id\":\"https:\\\/\\\/rapidetech.com.br\\\/produto\\\/smart-tag\\\/#primaryimage\"},\"thumbnailUrl\":\"https:\\\/\\\/rapidetech.com.br\\\/wp-content\\\/uploads\\\/2023\\\/07\\\/D_NQ_NP_2X_751357-MLB70042244950_062023-F-e1693605600178.webp\",\"datePublished\":\"2023-07-17T18:45:48+00:00\",\"dateModified\":\"2025-11-16T19:52:15+00:00\",\"description\":\"Uma Smart Tag GPS vers\u00e1til para rastrear localiza\u00e7\u00f5es, adequada para bagagens, carros e coleiras de animais de estima\u00e7\u00e3o. M\u00e1xima seguran\u00e7a e localiza\u00e7\u00e3o precisa ao seu alcance.\",\"breadcrumb\":{\"@id\":\"https:\\\/\\\/rapidetech.com.br\\\/produto\\\/smart-tag\\\/#breadcrumb\"},\"inLanguage\":\"en-US\",\"potentialAction\":[{\"@type\":\"ReadAction\",\"target\":[\"https:\\\/\\\/rapidetech.com.br\\\/produto\\\/smart-tag\\\/\"]}]},{\"@type\":\"ImageObject\",\"inLanguage\":\"en-US\",\"@id\":\"https:\\\/\\\/rapidetech.com.br\\\/produto\\\/smart-tag\\\/#primaryimage\",\"url\":\"https:\\\/\\\/rapidetech.com.br\\\/wp-content\\\/uploads\\\/2023\\\/07\\\/D_NQ_NP_2X_751357-MLB70042244950_062023-F-e1693605600178.webp\",\"contentUrl\":\"https:\\\/\\\/rapidetech.com.br\\\/wp-content\\\/uploads\\\/2023\\\/07\\\/D_NQ_NP_2X_751357-MLB70042244950_062023-F-e1693605600178.webp\",\"width\":511,\"height\":511},{\"@type\":\"BreadcrumbList\",\"@id\":\"https:\\\/\\\/rapidetech.com.br\\\/produto\\\/smart-tag\\\/#breadcrumb\",\"itemListElement\":[{\"@type\":\"ListItem\",\"position\":1,\"name\":\"In\u00edcio\",\"item\":\"https:\\\/\\\/rapidetech.com.br\\\/\"},{\"@type\":\"ListItem\",\"position\":2,\"name\":\"Produtos\",\"item\":\"https:\\\/\\\/rapidetech.com.br\\\/produtos\\\/\"},{\"@type\":\"ListItem\",\"position\":3,\"name\":\"Smart tag para IOS Apple gps localizador para bagagens ,carro, coleira,carteira\"}]},{\"@type\":\"WebSite\",\"@id\":\"https:\\\/\\\/rapidetech.com.br\\\/#website\",\"url\":\"https:\\\/\\\/rapidetech.com.br\\\/\",\"name\":\"Rapidetech\",\"description\":\"Audio e video\",\"publisher\":{\"@id\":\"https:\\\/\\\/rapidetech.com.br\\\/#organization\"},\"potentialAction\":[{\"@type\":\"SearchAction\",\"target\":{\"@type\":\"EntryPoint\",\"urlTemplate\":\"https:\\\/\\\/rapidetech.com.br\\\/?s={search_term_string}\"},\"query-input\":{\"@type\":\"PropertyValueSpecification\",\"valueRequired\":true,\"valueName\":\"search_term_string\"}}],\"inLanguage\":\"en-US\"},{\"@type\":\"Organization\",\"@id\":\"https:\\\/\\\/rapidetech.com.br\\\/#organization\",\"name\":\"Rapidetech\",\"url\":\"https:\\\/\\\/rapidetech.com.br\\\/\",\"logo\":{\"@type\":\"ImageObject\",\"inLanguage\":\"en-US\",\"@id\":\"https:\\\/\\\/rapidetech.com.br\\\/#\\\/schema\\\/logo\\\/image\\\/\",\"url\":\"https:\\\/\\\/rapidetech.com.br\\\/wp-content\\\/uploads\\\/2022\\\/08\\\/RAPIDETECH-AUDIO-E-VIDEO.jpg\",\"contentUrl\":\"https:\\\/\\\/rapidetech.com.br\\\/wp-content\\\/uploads\\\/2022\\\/08\\\/RAPIDETECH-AUDIO-E-VIDEO.jpg\",\"width\":236,\"height\":213,\"caption\":\"Rapidetech\"},\"image\":{\"@id\":\"https:\\\/\\\/rapidetech.com.br\\\/#\\\/schema\\\/logo\\\/image\\\/\"},\"sameAs\":[\"https:\\\/\\\/rapidetech.com.br\\\/\",\"https:\\\/\\\/www.youtube.com\\\/channel\\\/UCQWlsTr9MvbqwWAekYtMNLQ\"]}]}<\/script>\n<!-- \/ Yoast SEO plugin. -->","yoast_head_json":{"title":"Smart tag para IOS Apple gps localizador para bagagens ,carro, coleira,carteira - Rapidetech","description":"Uma Smart Tag GPS vers\u00e1til para rastrear localiza\u00e7\u00f5es, adequada para bagagens, carros e coleiras de animais de estima\u00e7\u00e3o. M\u00e1xima seguran\u00e7a e localiza\u00e7\u00e3o precisa ao seu alcance.","robots":{"index":"index","follow":"follow","max-snippet":"max-snippet:-1","max-image-preview":"max-image-preview:large","max-video-preview":"max-video-preview:-1"},"canonical":"https:\/\/rapidetech.com.br\/en\/product\/smart-tag\/","og_locale":"en_US","og_type":"article","og_title":"Smart tag para IOS Apple gps localizador para bagagens ,carro, coleira,carteira - Rapidetech","og_description":"Uma Smart Tag GPS vers\u00e1til para rastrear localiza\u00e7\u00f5es, adequada para bagagens, carros e coleiras de animais de estima\u00e7\u00e3o. M\u00e1xima seguran\u00e7a e localiza\u00e7\u00e3o precisa ao seu alcance.","og_url":"https:\/\/rapidetech.com.br\/en\/product\/smart-tag\/","og_site_name":"Rapidetech","article_modified_time":"2025-11-16T19:52:15+00:00","og_image":[{"width":511,"height":511,"url":"https:\/\/rapidetech.com.br\/wp-content\/uploads\/2023\/07\/D_NQ_NP_2X_751357-MLB70042244950_062023-F-e1693605600178.webp","type":"image\/webp"}],"twitter_card":"summary_large_image","twitter_misc":{"Est. reading time":"2 minutes"},"schema":{"@context":"https:\/\/schema.org","@graph":[{"@type":"WebPage","@id":"https:\/\/rapidetech.com.br\/produto\/smart-tag\/","url":"https:\/\/rapidetech.com.br\/produto\/smart-tag\/","name":"Smart tag para IOS Apple gps localizador para bagagens ,carro, coleira,carteira - Rapidetech","isPartOf":{"@id":"https:\/\/rapidetech.com.br\/#website"},"primaryImageOfPage":{"@id":"https:\/\/rapidetech.com.br\/produto\/smart-tag\/#primaryimage"},"image":{"@id":"https:\/\/rapidetech.com.br\/produto\/smart-tag\/#primaryimage"},"thumbnailUrl":"https:\/\/rapidetech.com.br\/wp-content\/uploads\/2023\/07\/D_NQ_NP_2X_751357-MLB70042244950_062023-F-e1693605600178.webp","datePublished":"2023-07-17T18:45:48+00:00","dateModified":"2025-11-16T19:52:15+00:00","description":"Uma Smart Tag GPS vers\u00e1til para rastrear localiza\u00e7\u00f5es, adequada para bagagens, carros e coleiras de animais de estima\u00e7\u00e3o. M\u00e1xima seguran\u00e7a e localiza\u00e7\u00e3o precisa ao seu alcance.","breadcrumb":{"@id":"https:\/\/rapidetech.com.br\/produto\/smart-tag\/#breadcrumb"},"inLanguage":"en-US","potentialAction":[{"@type":"ReadAction","target":["https:\/\/rapidetech.com.br\/produto\/smart-tag\/"]}]},{"@type":"ImageObject","inLanguage":"en-US","@id":"https:\/\/rapidetech.com.br\/produto\/smart-tag\/#primaryimage","url":"https:\/\/rapidetech.com.br\/wp-content\/uploads\/2023\/07\/D_NQ_NP_2X_751357-MLB70042244950_062023-F-e1693605600178.webp","contentUrl":"https:\/\/rapidetech.com.br\/wp-content\/uploads\/2023\/07\/D_NQ_NP_2X_751357-MLB70042244950_062023-F-e1693605600178.webp","width":511,"height":511},{"@type":"BreadcrumbList","@id":"https:\/\/rapidetech.com.br\/produto\/smart-tag\/#breadcrumb","itemListElement":[{"@type":"ListItem","position":1,"name":"In\u00edcio","item":"https:\/\/rapidetech.com.br\/"},{"@type":"ListItem","position":2,"name":"Produtos","item":"https:\/\/rapidetech.com.br\/produtos\/"},{"@type":"ListItem","position":3,"name":"Smart tag para IOS Apple gps localizador para bagagens ,carro, coleira,carteira"}]},{"@type":"WebSite","@id":"https:\/\/rapidetech.com.br\/#website","url":"https:\/\/rapidetech.com.br\/","name":"Rapidetech","description":"Audio e video","publisher":{"@id":"https:\/\/rapidetech.com.br\/#organization"},"potentialAction":[{"@type":"SearchAction","target":{"@type":"EntryPoint","urlTemplate":"https:\/\/rapidetech.com.br\/?s={search_term_string}"},"query-input":{"@type":"PropertyValueSpecification","valueRequired":true,"valueName":"search_term_string"}}],"inLanguage":"en-US"},{"@type":"Organization","@id":"https:\/\/rapidetech.com.br\/#organization","name":"Rapidetech","url":"https:\/\/rapidetech.com.br\/","logo":{"@type":"ImageObject","inLanguage":"en-US","@id":"https:\/\/rapidetech.com.br\/#\/schema\/logo\/image\/","url":"https:\/\/rapidetech.com.br\/wp-content\/uploads\/2022\/08\/RAPIDETECH-AUDIO-E-VIDEO.jpg","contentUrl":"https:\/\/rapidetech.com.br\/wp-content\/uploads\/2022\/08\/RAPIDETECH-AUDIO-E-VIDEO.jpg","width":236,"height":213,"caption":"Rapidetech"},"image":{"@id":"https:\/\/rapidetech.com.br\/#\/schema\/logo\/image\/"},"sameAs":["https:\/\/rapidetech.com.br\/","https:\/\/www.youtube.com\/channel\/UCQWlsTr9MvbqwWAekYtMNLQ"]}]}},"_links":{"self":[{"href":"https:\/\/rapidetech.com.br\/en\/wp-json\/wp\/v2\/product\/49795","targetHints":{"allow":["GET"]}}],"collection":[{"href":"https:\/\/rapidetech.com.br\/en\/wp-json\/wp\/v2\/product"}],"about":[{"href":"https:\/\/rapidetech.com.br\/en\/wp-json\/wp\/v2\/types\/product"}],"replies":[{"embeddable":true,"href":"https:\/\/rapidetech.com.br\/en\/wp-json\/wp\/v2\/comments?post=49795"}],"version-history":[{"count":0,"href":"https:\/\/rapidetech.com.br\/en\/wp-json\/wp\/v2\/product\/49795\/revisions"}],"wp:featuredmedia":[{"embeddable":true,"href":"https:\/\/rapidetech.com.br\/en\/wp-json\/wp\/v2\/media\/49796"}],"wp:attachment":[{"href":"https:\/\/rapidetech.com.br\/en\/wp-json\/wp\/v2\/media?parent=49795"}],"wp:term":[{"taxonomy":"product_brand","embeddable":true,"href":"https:\/\/rapidetech.com.br\/en\/wp-json\/wp\/v2\/product_brand?post=49795"},{"taxonomy":"product_cat","embeddable":true,"href":"https:\/\/rapidetech.com.br\/en\/wp-json\/wp\/v2\/product_cat?post=49795"},{"taxonomy":"product_tag","embeddable":true,"href":"https:\/\/rapidetech.com.br\/en\/wp-json\/wp\/v2\/product_tag?post=49795"}],"curies":[{"name":"wp","href":"https:\/\/api.w.org\/{rel}","templated":true}]}}