{"id":51219,"date":"2023-10-18T15:51:07","date_gmt":"2023-10-18T18:51:07","guid":{"rendered":"https:\/\/rapidetech.com.br\/?post_type=product&#038;p=51219"},"modified":"2026-02-25T12:53:26","modified_gmt":"2026-02-25T15:53:26","slug":"novo-pendrive-pioneer-dj-3-0-64g-xdj-rx-xdj-r2-ddjrb-box","status":"publish","type":"product","link":"https:\/\/rapidetech.com.br\/en\/product\/novo-pendrive-pioneer-dj-3-0-64g-xdj-rx-xdj-r2-ddjrb-box\/","title":{"rendered":"Novo Pendrive Pioneer Dj 3.0 64g Xdj Rx Xdj R3 Ddjrb +box"},"content":{"rendered":"<p><iframe title=\"Pendrive DJ Pioneer 3.0  32g \/64g   ideal para Xdj Rx Xdj R1 Ddj Rb + box pioneer !\" width=\"800\" height=\"450\" src=\"https:\/\/www.youtube.com\/embed\/M5LTFY1uh7w?feature=oembed&#038;enablejsapi=1&#038;origin=https:\/\/rapidetech.com.br\" frameborder=\"0\" allow=\"accelerometer; autoplay; clipboard-write; encrypted-media; gyroscope; picture-in-picture; web-share\" referrerpolicy=\"strict-origin-when-cross-origin\" allowfullscreen><\/iframe><\/p>\n<p>&nbsp;<\/p>\n<h1>Pendrive Pioneer Dj\u00a0 3.0 64 g\u00a0 (new version) Xdj Rx Xdj R3 Ddj rb +box<\/h1>\n<h3><b>\u00a0Descri\u00e7\u00e3o do <\/b><b>\u00a0PenDrive DJ Pioneer 64 GB 3.0<\/b><b>\u00a0<\/b><\/h3>\n<ul>\n<li style=\"font-weight: 400;\"><span style=\"font-weight: 400;\">Pen Drive Led<\/span><\/li>\n<li style=\"font-weight: 400;\"><span style=\"font-weight: 400;\">Box protetor formato quadrado para entrega e transporte do pen drive<\/span><\/li>\n<li style=\"font-weight: 400;\"><span style=\"font-weight: 400;\">Envolvido por material de cristal transparente<\/span><\/li>\n<li style=\"font-weight: 400;\"><span style=\"font-weight: 400;\">Capacidade do pendrive: 64 GB<\/span><\/li>\n<li style=\"font-weight: 400;\"><span style=\"font-weight: 400;\">Conex\u00e3o tipo USB 3.0 &#8211; r\u00e1pida e moderna<\/span><\/li>\n<li style=\"font-weight: 400;\"><span style=\"font-weight: 400;\">Sistema de arquivos FAT32<\/span><\/li>\n<li style=\"font-weight: 400;\"><span style=\"font-weight: 400;\">Cor do led: Azul (mod 20)<\/span><\/li>\n<\/ul>\n<p>&nbsp;<\/p>\n<h3><span style=\"font-weight: 400;\"><strong>Conte\u00fado da embalagem<\/strong>:<\/span><\/h3>\n<ul>\n<li style=\"font-weight: 400;\"><span style=\"font-weight: 400;\">Box oficial Pioneer preto quadrado com espuma interna. Dimens\u00f5es do box: altura 25mm x largura 87mm x comprimento 112mm<\/span><\/li>\n<li style=\"font-weight: 400;\"><span style=\"font-weight: 400;\">Pen Drive DJ Pioneer\u00a0 3.0 64 GB Led Azul<\/span><\/li>\n<\/ul>\n<h3><\/h3>\n<h3><b>Pendrive DJ Pioneer 3.0 compatibilidade<\/b><\/h3>\n<p><span style=\"font-weight: 400;\">O pendrive DJ Pioneer 64 GB 3.0 \u00e9 ideal para ser usado com players diversos e muito usado para apresenta\u00e7\u00f5es de DJ\u2019s em suas mesas de som. E compat\u00edvel com o equipamento original de DJ da Pioneer e o Rekordbox DJ.\u00a0<\/span><\/p>\n<h3><b>PenDrive estiloso para DJs<\/b><\/h3>\n<p><span style=\"font-weight: 400;\">O pendrive Pioneer DJ \u00e9 diferenciado e chama a aten\u00e7\u00e3o no escuro. Ao ser conectado \u00e0 porta USB o pen drive acende em azul neon piscante e faz parte do show.\u00a0<\/span><\/p>\n<h3><b>Capacidade da mem\u00f3ria Flash<\/b><\/h3>\n<p><span style=\"font-weight: 400;\">Os pendrives 3.0 64 GB DJ da Pioneer cont\u00e9m mem\u00f3ria Flash. O sistema operacional desse tipo de pen drive \u00e9 calculado com uma base aritm\u00e9tica bin\u00e1ria, o que gera a diferen\u00e7a entre a capacidade descrita para a mem\u00f3ria flash e a capacidade visualizada no uso. Confira a real compatibilidade das mem\u00f3rias descritas:<\/span><\/p>\n<h3><span style=\"font-weight: 400;\">4 GB &#8211; cerca de 3,6 GB<\/span><span style=\"font-weight: 400;\"><br \/>\n<\/span><span style=\"font-weight: 400;\">8 GB &#8211;\u00a0 cerca de 7,2 GB<\/span><span style=\"font-weight: 400;\"><br \/>\n<\/span><span style=\"font-weight: 400;\">16 GB &#8211; cerca de 14,4 GB<\/span><span style=\"font-weight: 400;\"><br \/>\n<\/span><span style=\"font-weight: 400;\">32 GB &#8211; cerca de 28 a 29 GB <\/span><span style=\"font-weight: 400;\"><br \/>\n<\/span><span style=\"font-weight: 400;\">64 GB &#8211; cerca de 58 GB<\/span><span style=\"font-weight: 400;\"><br \/>\n<\/span><span style=\"font-weight: 400;\"><br \/>\n<\/span><b><\/b><\/h3>\n<pre><\/pre>\n<p>&nbsp;<\/p>","protected":false},"excerpt":{"rendered":"<h3><b>Pen Drive DJ Pioneer\u00a0 64 GB 3.0<\/b><b>\u00a0<\/b><\/h3>\n<ul>\n<li style=\"font-weight: 400;\"><span style=\"font-weight: 400;\">Pen Drive Led<\/span><\/li>\n<li style=\"font-weight: 400;\"><span style=\"font-weight: 400;\">Box protetor formato quadrado para entrega e transporte do pen drive<\/span><\/li>\n<li style=\"font-weight: 400;\"><span style=\"font-weight: 400;\">Envolvido por material de cristal transparente<\/span><\/li>\n<li style=\"font-weight: 400;\"><span style=\"font-weight: 400;\">Capacidade do pen drive: 64 GB<\/span><\/li>\n<li style=\"font-weight: 400;\"><span style=\"font-weight: 400;\">Conex\u00e3o tipo USB 3.0 &#8211; r\u00e1pida e moderna<\/span><\/li>\n<li style=\"font-weight: 400;\"><span style=\"font-weight: 400;\">Sistema de arquivos FAT32<\/span><\/li>\n<li style=\"font-weight: 400;\"><span style=\"font-weight: 400;\">Cor do led: Azul<\/span><\/li>\n<\/ul>\n<h3><strong>Conte\u00fado da embalagem:<\/strong><\/h3>\n<ul>\n<li style=\"font-weight: 400;\"><span style=\"font-weight: 400;\">Box oficial Pioneer preto quadrado com espuma interna. Dimens\u00f5es do box: altura 25mm x largura 87mm x comprimento 112mm<\/span><\/li>\n<li style=\"font-weight: 400;\"><span style=\"font-weight: 400;\">Pen Drive DJ Pioneer\u00a0 3.0 64 GB Led Azul<\/span><\/li>\n<\/ul>","protected":false},"featured_media":51220,"comment_status":"closed","ping_status":"closed","template":"","meta":[],"product_brand":[],"product_cat":[18,22,45,220],"product_tag":[490,362,31,349,363,28,398,70,403,30,29,491],"class_list":{"0":"post-51219","1":"product","2":"type-product","3":"status-publish","4":"has-post-thumbnail","6":"product_cat-accessorios","7":"product_cat-audio","8":"product_cat-informatica","9":"product_cat-pendrives","10":"product_tag-controladora","11":"product_tag-controladora-dj","12":"product_tag-ddj-rb","13":"product_tag-dj","14":"product_tag-dj-pioneer","15":"product_tag-pendrive","16":"product_tag-pendrive-dj-pioneer","17":"product_tag-pioneer","18":"product_tag-pioneer-dj","19":"product_tag-xdj-r2","20":"product_tag-xdj-rx","21":"product_tag-xdrj-rx-3","22":"product_shipping_class-normal","24":"first","25":"instock","26":"featured","27":"purchasable","28":"product-type-simple"},"yoast_head":"<!-- This site is optimized with the Yoast SEO plugin v27.4 - https:\/\/yoast.com\/product\/yoast-seo-wordpress\/ -->\n<title>Novo Pendrive Pioneer Dj 3.0 64g Xdj Rx Xdj R3 Ddjrb +box - Rapidetech<\/title>\n<meta name=\"description\" content=\"O Pendrive DJ Pioneer de 64 GB com USB 3.0 \u00e9 a escolha perfeita para os amantes da m\u00fasica e DJs profissionais. Com uma capacidade de armazenamento generosa de 64 GB(58 gb), este pendrive permite que voc\u00ea carregue e acesse rapidamente sua biblioteca musical. Compacto e dur\u00e1vel, este pendrive \u00e9 o companheiro ideal para suas performances de DJ.\" \/>\n<meta name=\"robots\" content=\"index, follow, max-snippet:-1, max-image-preview:large, max-video-preview:-1\" \/>\n<link rel=\"canonical\" href=\"https:\/\/rapidetech.com.br\/en\/product\/novo-pendrive-pioneer-dj-3-0-64g-xdj-rx-xdj-r2-ddjrb-box\/\" \/>\n<meta property=\"og:locale\" content=\"en_US\" \/>\n<meta property=\"og:type\" content=\"article\" \/>\n<meta property=\"og:title\" content=\"Novo Pendrive Pioneer Dj 3.0 64g Xdj Rx Xdj R3 Ddjrb +box - Rapidetech\" \/>\n<meta property=\"og:description\" content=\"O Pendrive DJ Pioneer de 64 GB com USB 3.0 \u00e9 a escolha perfeita para os amantes da m\u00fasica e DJs profissionais. Com uma capacidade de armazenamento generosa de 64 GB(58 gb), este pendrive permite que voc\u00ea carregue e acesse rapidamente sua biblioteca musical. Compacto e dur\u00e1vel, este pendrive \u00e9 o companheiro ideal para suas performances de DJ.\" \/>\n<meta property=\"og:url\" content=\"https:\/\/rapidetech.com.br\/en\/product\/novo-pendrive-pioneer-dj-3-0-64g-xdj-rx-xdj-r2-ddjrb-box\/\" \/>\n<meta property=\"og:site_name\" content=\"Rapidetech\" \/>\n<meta property=\"article:modified_time\" content=\"2026-02-25T15:53:26+00:00\" \/>\n<meta property=\"og:image\" content=\"https:\/\/rapidetech.com.br\/wp-content\/uploads\/2023\/10\/AnyConv.com___DSC0936-e1698350224736.webp\" \/>\n\t<meta property=\"og:image:width\" content=\"600\" \/>\n\t<meta property=\"og:image:height\" content=\"609\" \/>\n\t<meta property=\"og:image:type\" content=\"image\/webp\" \/>\n<meta name=\"twitter:card\" content=\"summary_large_image\" \/>\n<meta name=\"twitter:label1\" content=\"Est. reading time\" \/>\n\t<meta name=\"twitter:data1\" content=\"2 minutes\" \/>\n<script type=\"application\/ld+json\" class=\"yoast-schema-graph\">{\"@context\":\"https:\\\/\\\/schema.org\",\"@graph\":[{\"@type\":\"WebPage\",\"@id\":\"https:\\\/\\\/rapidetech.com.br\\\/produto\\\/novo-pendrive-pioneer-dj-3-0-64g-xdj-rx-xdj-r2-ddjrb-box\\\/\",\"url\":\"https:\\\/\\\/rapidetech.com.br\\\/produto\\\/novo-pendrive-pioneer-dj-3-0-64g-xdj-rx-xdj-r2-ddjrb-box\\\/\",\"name\":\"Novo Pendrive Pioneer Dj 3.0 64g Xdj Rx Xdj R3 Ddjrb +box - Rapidetech\",\"isPartOf\":{\"@id\":\"https:\\\/\\\/rapidetech.com.br\\\/#website\"},\"primaryImageOfPage\":{\"@id\":\"https:\\\/\\\/rapidetech.com.br\\\/produto\\\/novo-pendrive-pioneer-dj-3-0-64g-xdj-rx-xdj-r2-ddjrb-box\\\/#primaryimage\"},\"image\":{\"@id\":\"https:\\\/\\\/rapidetech.com.br\\\/produto\\\/novo-pendrive-pioneer-dj-3-0-64g-xdj-rx-xdj-r2-ddjrb-box\\\/#primaryimage\"},\"thumbnailUrl\":\"https:\\\/\\\/rapidetech.com.br\\\/wp-content\\\/uploads\\\/2023\\\/10\\\/AnyConv.com___DSC0936-e1698350224736.webp\",\"datePublished\":\"2023-10-18T18:51:07+00:00\",\"dateModified\":\"2026-02-25T15:53:26+00:00\",\"description\":\"O Pendrive DJ Pioneer de 64 GB com USB 3.0 \u00e9 a escolha perfeita para os amantes da m\u00fasica e DJs profissionais. Com uma capacidade de armazenamento generosa de 64 GB(58 gb), este pendrive permite que voc\u00ea carregue e acesse rapidamente sua biblioteca musical. Compacto e dur\u00e1vel, este pendrive \u00e9 o companheiro ideal para suas performances de DJ.\",\"breadcrumb\":{\"@id\":\"https:\\\/\\\/rapidetech.com.br\\\/produto\\\/novo-pendrive-pioneer-dj-3-0-64g-xdj-rx-xdj-r2-ddjrb-box\\\/#breadcrumb\"},\"inLanguage\":\"en-US\",\"potentialAction\":[{\"@type\":\"ReadAction\",\"target\":[\"https:\\\/\\\/rapidetech.com.br\\\/produto\\\/novo-pendrive-pioneer-dj-3-0-64g-xdj-rx-xdj-r2-ddjrb-box\\\/\"]}]},{\"@type\":\"ImageObject\",\"inLanguage\":\"en-US\",\"@id\":\"https:\\\/\\\/rapidetech.com.br\\\/produto\\\/novo-pendrive-pioneer-dj-3-0-64g-xdj-rx-xdj-r2-ddjrb-box\\\/#primaryimage\",\"url\":\"https:\\\/\\\/rapidetech.com.br\\\/wp-content\\\/uploads\\\/2023\\\/10\\\/AnyConv.com___DSC0936-e1698350224736.webp\",\"contentUrl\":\"https:\\\/\\\/rapidetech.com.br\\\/wp-content\\\/uploads\\\/2023\\\/10\\\/AnyConv.com___DSC0936-e1698350224736.webp\",\"width\":600,\"height\":609},{\"@type\":\"BreadcrumbList\",\"@id\":\"https:\\\/\\\/rapidetech.com.br\\\/produto\\\/novo-pendrive-pioneer-dj-3-0-64g-xdj-rx-xdj-r2-ddjrb-box\\\/#breadcrumb\",\"itemListElement\":[{\"@type\":\"ListItem\",\"position\":1,\"name\":\"In\u00edcio\",\"item\":\"https:\\\/\\\/rapidetech.com.br\\\/\"},{\"@type\":\"ListItem\",\"position\":2,\"name\":\"Produtos\",\"item\":\"https:\\\/\\\/rapidetech.com.br\\\/produtos\\\/\"},{\"@type\":\"ListItem\",\"position\":3,\"name\":\"Novo Pendrive Pioneer Dj 3.0 64g Xdj Rx Xdj R3 Ddjrb +box\"}]},{\"@type\":\"WebSite\",\"@id\":\"https:\\\/\\\/rapidetech.com.br\\\/#website\",\"url\":\"https:\\\/\\\/rapidetech.com.br\\\/\",\"name\":\"Rapidetech\",\"description\":\"Audio e video\",\"publisher\":{\"@id\":\"https:\\\/\\\/rapidetech.com.br\\\/#organization\"},\"potentialAction\":[{\"@type\":\"SearchAction\",\"target\":{\"@type\":\"EntryPoint\",\"urlTemplate\":\"https:\\\/\\\/rapidetech.com.br\\\/?s={search_term_string}\"},\"query-input\":{\"@type\":\"PropertyValueSpecification\",\"valueRequired\":true,\"valueName\":\"search_term_string\"}}],\"inLanguage\":\"en-US\"},{\"@type\":\"Organization\",\"@id\":\"https:\\\/\\\/rapidetech.com.br\\\/#organization\",\"name\":\"Rapidetech\",\"url\":\"https:\\\/\\\/rapidetech.com.br\\\/\",\"logo\":{\"@type\":\"ImageObject\",\"inLanguage\":\"en-US\",\"@id\":\"https:\\\/\\\/rapidetech.com.br\\\/#\\\/schema\\\/logo\\\/image\\\/\",\"url\":\"https:\\\/\\\/rapidetech.com.br\\\/wp-content\\\/uploads\\\/2022\\\/08\\\/RAPIDETECH-AUDIO-E-VIDEO.jpg\",\"contentUrl\":\"https:\\\/\\\/rapidetech.com.br\\\/wp-content\\\/uploads\\\/2022\\\/08\\\/RAPIDETECH-AUDIO-E-VIDEO.jpg\",\"width\":236,\"height\":213,\"caption\":\"Rapidetech\"},\"image\":{\"@id\":\"https:\\\/\\\/rapidetech.com.br\\\/#\\\/schema\\\/logo\\\/image\\\/\"},\"sameAs\":[\"https:\\\/\\\/rapidetech.com.br\\\/\",\"https:\\\/\\\/www.youtube.com\\\/channel\\\/UCQWlsTr9MvbqwWAekYtMNLQ\"]}]}<\/script>\n<!-- \/ Yoast SEO plugin. -->","yoast_head_json":{"title":"Novo Pendrive Pioneer Dj 3.0 64g Xdj Rx Xdj R3 Ddjrb +box - Rapidetech","description":"O Pendrive DJ Pioneer de 64 GB com USB 3.0 \u00e9 a escolha perfeita para os amantes da m\u00fasica e DJs profissionais. Com uma capacidade de armazenamento generosa de 64 GB(58 gb), este pendrive permite que voc\u00ea carregue e acesse rapidamente sua biblioteca musical. Compacto e dur\u00e1vel, este pendrive \u00e9 o companheiro ideal para suas performances de DJ.","robots":{"index":"index","follow":"follow","max-snippet":"max-snippet:-1","max-image-preview":"max-image-preview:large","max-video-preview":"max-video-preview:-1"},"canonical":"https:\/\/rapidetech.com.br\/en\/product\/novo-pendrive-pioneer-dj-3-0-64g-xdj-rx-xdj-r2-ddjrb-box\/","og_locale":"en_US","og_type":"article","og_title":"Novo Pendrive Pioneer Dj 3.0 64g Xdj Rx Xdj R3 Ddjrb +box - Rapidetech","og_description":"O Pendrive DJ Pioneer de 64 GB com USB 3.0 \u00e9 a escolha perfeita para os amantes da m\u00fasica e DJs profissionais. Com uma capacidade de armazenamento generosa de 64 GB(58 gb), este pendrive permite que voc\u00ea carregue e acesse rapidamente sua biblioteca musical. Compacto e dur\u00e1vel, este pendrive \u00e9 o companheiro ideal para suas performances de DJ.","og_url":"https:\/\/rapidetech.com.br\/en\/product\/novo-pendrive-pioneer-dj-3-0-64g-xdj-rx-xdj-r2-ddjrb-box\/","og_site_name":"Rapidetech","article_modified_time":"2026-02-25T15:53:26+00:00","og_image":[{"width":600,"height":609,"url":"https:\/\/rapidetech.com.br\/wp-content\/uploads\/2023\/10\/AnyConv.com___DSC0936-e1698350224736.webp","type":"image\/webp"}],"twitter_card":"summary_large_image","twitter_misc":{"Est. reading time":"2 minutes"},"schema":{"@context":"https:\/\/schema.org","@graph":[{"@type":"WebPage","@id":"https:\/\/rapidetech.com.br\/produto\/novo-pendrive-pioneer-dj-3-0-64g-xdj-rx-xdj-r2-ddjrb-box\/","url":"https:\/\/rapidetech.com.br\/produto\/novo-pendrive-pioneer-dj-3-0-64g-xdj-rx-xdj-r2-ddjrb-box\/","name":"Novo Pendrive Pioneer Dj 3.0 64g Xdj Rx Xdj R3 Ddjrb +box - Rapidetech","isPartOf":{"@id":"https:\/\/rapidetech.com.br\/#website"},"primaryImageOfPage":{"@id":"https:\/\/rapidetech.com.br\/produto\/novo-pendrive-pioneer-dj-3-0-64g-xdj-rx-xdj-r2-ddjrb-box\/#primaryimage"},"image":{"@id":"https:\/\/rapidetech.com.br\/produto\/novo-pendrive-pioneer-dj-3-0-64g-xdj-rx-xdj-r2-ddjrb-box\/#primaryimage"},"thumbnailUrl":"https:\/\/rapidetech.com.br\/wp-content\/uploads\/2023\/10\/AnyConv.com___DSC0936-e1698350224736.webp","datePublished":"2023-10-18T18:51:07+00:00","dateModified":"2026-02-25T15:53:26+00:00","description":"O Pendrive DJ Pioneer de 64 GB com USB 3.0 \u00e9 a escolha perfeita para os amantes da m\u00fasica e DJs profissionais. Com uma capacidade de armazenamento generosa de 64 GB(58 gb), este pendrive permite que voc\u00ea carregue e acesse rapidamente sua biblioteca musical. Compacto e dur\u00e1vel, este pendrive \u00e9 o companheiro ideal para suas performances de DJ.","breadcrumb":{"@id":"https:\/\/rapidetech.com.br\/produto\/novo-pendrive-pioneer-dj-3-0-64g-xdj-rx-xdj-r2-ddjrb-box\/#breadcrumb"},"inLanguage":"en-US","potentialAction":[{"@type":"ReadAction","target":["https:\/\/rapidetech.com.br\/produto\/novo-pendrive-pioneer-dj-3-0-64g-xdj-rx-xdj-r2-ddjrb-box\/"]}]},{"@type":"ImageObject","inLanguage":"en-US","@id":"https:\/\/rapidetech.com.br\/produto\/novo-pendrive-pioneer-dj-3-0-64g-xdj-rx-xdj-r2-ddjrb-box\/#primaryimage","url":"https:\/\/rapidetech.com.br\/wp-content\/uploads\/2023\/10\/AnyConv.com___DSC0936-e1698350224736.webp","contentUrl":"https:\/\/rapidetech.com.br\/wp-content\/uploads\/2023\/10\/AnyConv.com___DSC0936-e1698350224736.webp","width":600,"height":609},{"@type":"BreadcrumbList","@id":"https:\/\/rapidetech.com.br\/produto\/novo-pendrive-pioneer-dj-3-0-64g-xdj-rx-xdj-r2-ddjrb-box\/#breadcrumb","itemListElement":[{"@type":"ListItem","position":1,"name":"In\u00edcio","item":"https:\/\/rapidetech.com.br\/"},{"@type":"ListItem","position":2,"name":"Produtos","item":"https:\/\/rapidetech.com.br\/produtos\/"},{"@type":"ListItem","position":3,"name":"Novo Pendrive Pioneer Dj 3.0 64g Xdj Rx Xdj R3 Ddjrb +box"}]},{"@type":"WebSite","@id":"https:\/\/rapidetech.com.br\/#website","url":"https:\/\/rapidetech.com.br\/","name":"Rapidetech","description":"Audio e video","publisher":{"@id":"https:\/\/rapidetech.com.br\/#organization"},"potentialAction":[{"@type":"SearchAction","target":{"@type":"EntryPoint","urlTemplate":"https:\/\/rapidetech.com.br\/?s={search_term_string}"},"query-input":{"@type":"PropertyValueSpecification","valueRequired":true,"valueName":"search_term_string"}}],"inLanguage":"en-US"},{"@type":"Organization","@id":"https:\/\/rapidetech.com.br\/#organization","name":"Rapidetech","url":"https:\/\/rapidetech.com.br\/","logo":{"@type":"ImageObject","inLanguage":"en-US","@id":"https:\/\/rapidetech.com.br\/#\/schema\/logo\/image\/","url":"https:\/\/rapidetech.com.br\/wp-content\/uploads\/2022\/08\/RAPIDETECH-AUDIO-E-VIDEO.jpg","contentUrl":"https:\/\/rapidetech.com.br\/wp-content\/uploads\/2022\/08\/RAPIDETECH-AUDIO-E-VIDEO.jpg","width":236,"height":213,"caption":"Rapidetech"},"image":{"@id":"https:\/\/rapidetech.com.br\/#\/schema\/logo\/image\/"},"sameAs":["https:\/\/rapidetech.com.br\/","https:\/\/www.youtube.com\/channel\/UCQWlsTr9MvbqwWAekYtMNLQ"]}]}},"_links":{"self":[{"href":"https:\/\/rapidetech.com.br\/en\/wp-json\/wp\/v2\/product\/51219","targetHints":{"allow":["GET"]}}],"collection":[{"href":"https:\/\/rapidetech.com.br\/en\/wp-json\/wp\/v2\/product"}],"about":[{"href":"https:\/\/rapidetech.com.br\/en\/wp-json\/wp\/v2\/types\/product"}],"replies":[{"embeddable":true,"href":"https:\/\/rapidetech.com.br\/en\/wp-json\/wp\/v2\/comments?post=51219"}],"version-history":[{"count":0,"href":"https:\/\/rapidetech.com.br\/en\/wp-json\/wp\/v2\/product\/51219\/revisions"}],"wp:featuredmedia":[{"embeddable":true,"href":"https:\/\/rapidetech.com.br\/en\/wp-json\/wp\/v2\/media\/51220"}],"wp:attachment":[{"href":"https:\/\/rapidetech.com.br\/en\/wp-json\/wp\/v2\/media?parent=51219"}],"wp:term":[{"taxonomy":"product_brand","embeddable":true,"href":"https:\/\/rapidetech.com.br\/en\/wp-json\/wp\/v2\/product_brand?post=51219"},{"taxonomy":"product_cat","embeddable":true,"href":"https:\/\/rapidetech.com.br\/en\/wp-json\/wp\/v2\/product_cat?post=51219"},{"taxonomy":"product_tag","embeddable":true,"href":"https:\/\/rapidetech.com.br\/en\/wp-json\/wp\/v2\/product_tag?post=51219"}],"curies":[{"name":"wp","href":"https:\/\/api.w.org\/{rel}","templated":true}]}}