{"id":51252,"date":"2023-10-19T07:44:35","date_gmt":"2023-10-19T10:44:35","guid":{"rendered":"https:\/\/rapidetech.com.br\/?post_type=product&#038;p=51252"},"modified":"2026-04-06T19:32:37","modified_gmt":"2026-04-06T22:32:37","slug":"pendrive-pioneer-dj-3-0-rekordbox-64-g-xdj-rx-xdj-r2-ddjrb-box","status":"publish","type":"product","link":"https:\/\/rapidetech.com.br\/en\/product\/pendrive-pioneer-dj-3-0-rekordbox-64-g-xdj-rx-xdj-r2-ddjrb-box\/","title":{"rendered":"Novo Pendrive Pioneer Dj 3.0 rekordbox  64G  Xdj Rx Xdj R3 Ddjrb +box"},"content":{"rendered":"<h1>Pendrive Pioneer Dj\u00a0 rekordbox 3.0 64 g\u00a0 Xdj Rx Xdj R3 Ddj rb +box<\/h1>\n<h3><b>\u00a0Descri\u00e7\u00e3o do <\/b><b>\u00a0Pen Drive DJ Pioneer rekordbox\u00a0 64 GB 3.0<\/b><b> :<\/b><\/h3>\n<ul>\n<li style=\"font-weight: 400;\"><span style=\"font-weight: 400;\">Pen Drive Led<\/span><\/li>\n<li style=\"font-weight: 400;\"><span style=\"font-weight: 400;\">Box protetor formato quadrado para entrega e transporte do pen drive<\/span><\/li>\n<li style=\"font-weight: 400;\"><span style=\"font-weight: 400;\">Envolvido por material de cristal transparente<\/span><\/li>\n<li style=\"font-weight: 400;\"><span style=\"font-weight: 400;\">Capacidade do pen drive: 64 GB<\/span><\/li>\n<li style=\"font-weight: 400;\"><span style=\"font-weight: 400;\">Conex\u00e3o tipo USB 3.0 &#8211; r\u00e1pida e moderna<\/span><\/li>\n<li style=\"font-weight: 400;\"><span style=\"font-weight: 400;\">Sistema de arquivos FAT32<\/span><\/li>\n<li style=\"font-weight: 400;\"><span style=\"font-weight: 400;\">Cor do led: Azul<\/span><\/li>\n<\/ul>\n<h4><\/h4>\n<h4><span style=\"font-weight: 400;\"><strong>Conte\u00fado da embalagem<\/strong>:<\/span><\/h4>\n<ul>\n<li style=\"font-weight: 400;\"><span style=\"font-weight: 400;\">Box oficial Pioneer preto quadrado com espuma interna. Dimens\u00f5es do box: altura 25mm x largura 87mm x comprimento 112mm<\/span><\/li>\n<li style=\"font-weight: 400;\"><span style=\"font-weight: 400;\">Pen Drive DJ Pioneer\u00a0 recordbox 3.0 64 GB Led Azul<\/span><\/li>\n<\/ul>\n<h3><\/h3>\n<h3><b>Pen drive DJ Pioneer 3.0 rekordbox\u00a0 compatibilidade :<\/b><\/h3>\n<p><span style=\"font-weight: 400;\">O pen drive DJ Pioneer 64 GB 3.0 \u00e9 ideal para ser usado com players diversos e muito usado para apresenta\u00e7\u00f5es de DJ\u2019s em suas mesas de som. E compat\u00edvel com o equipamento original de DJ da Pioneer e o Rekordbox DJ.\u00a0<\/span><\/p>\n<h3><b>Pen Drive estiloso para DJs :<\/b><\/h3>\n<p><span style=\"font-weight: 400;\">O pen drive Pioneer DJ \u00e9 diferenciado e chama a aten\u00e7\u00e3o no escuro. Ao ser conectado \u00e0 porta USB o pen drive acende em azul neon piscante e faz parte do show.\u00a0<\/span><\/p>\n<h3><b>Capacidade da mem\u00f3ria Flash :<\/b><\/h3>\n<p><span style=\"font-weight: 400;\">Os pen drives 3.0 64 GB DJ da Pioneer cont\u00e9m mem\u00f3ria Flash. O sistema operacional desse tipo de pen drive \u00e9 calculado com uma base aritm\u00e9tica bin\u00e1ria, o que gera a diferen\u00e7a entre a capacidade descrita para a mem\u00f3ria flash e a capacidade visualizada no uso. Confira a real compatibilidade das mem\u00f3rias descritas:<\/span><\/p>\n<h3><span style=\"font-weight: 400;\">4 GB &#8211; cerca de 3,6 GB<\/span><span style=\"font-weight: 400;\"><br \/>\n<\/span><span style=\"font-weight: 400;\">8 GB &#8211;\u00a0 cerca de 7,2 GB<\/span><span style=\"font-weight: 400;\"><br \/>\n<\/span><span style=\"font-weight: 400;\">16 GB &#8211; cerca de 14,4 GB<\/span><span style=\"font-weight: 400;\"><br \/>\n<\/span><span style=\"font-weight: 400;\">32 GB &#8211; cerca de 28 GB <\/span><span style=\"font-weight: 400;\"><br \/>\n<\/span><span style=\"font-weight: 400;\">64 GB &#8211; cerca de 58 GB<\/span><span style=\"font-weight: 400;\"><br \/>\n<\/span><span style=\"font-weight: 400;\"><br \/>\n<\/span><b><\/b><\/h3>","protected":false},"excerpt":{"rendered":"<h3><b>Pen Drive DJ Pioneer rekordbox\u00a0 64 GB 3.0<\/b><b>\u00a0<\/b><\/h3>\n<ul>\n<li style=\"font-weight: 400;\"><span style=\"font-weight: 400;\">Pen Drive Led<\/span><\/li>\n<li style=\"font-weight: 400;\"><span style=\"font-weight: 400;\">Box protetor formato quadrado para entrega e transporte do pen drive<\/span><\/li>\n<li style=\"font-weight: 400;\"><span style=\"font-weight: 400;\">Envolvido por material de cristal transparente<\/span><\/li>\n<li style=\"font-weight: 400;\"><span style=\"font-weight: 400;\">Capacidade do pen drive: 64 GB<\/span><\/li>\n<li style=\"font-weight: 400;\"><span style=\"font-weight: 400;\">Conex\u00e3o tipo USB 3.0 &#8211; r\u00e1pida e moderna<\/span><\/li>\n<li style=\"font-weight: 400;\"><span style=\"font-weight: 400;\">Sistema de arquivos FAT32<\/span><\/li>\n<li style=\"font-weight: 400;\"><span style=\"font-weight: 400;\">Cor do led: Azul<\/span><\/li>\n<\/ul>\n<h4><strong>Conte\u00fado da embalagem:<\/strong><\/h4>\n<ul>\n<li style=\"font-weight: 400;\"><span style=\"font-weight: 400;\">Box oficial Pioneer preto quadrado com espuma interna. Dimens\u00f5es do box: altura 25mm x largura 87mm x comprimento 112mm<\/span><\/li>\n<li style=\"font-weight: 400;\"><span style=\"font-weight: 400;\">Pen Drive DJ Pioneer\u00a0 rekordbox 3.0 64 GB Led Azul<\/span><\/li>\n<\/ul>","protected":false},"featured_media":51266,"comment_status":"open","ping_status":"closed","template":"","meta":[],"product_brand":[],"product_cat":[18,22,45,220],"product_tag":[490,362,31,363,28,70,403,404,30,29,491],"class_list":{"0":"post-51252","1":"product","2":"type-product","3":"status-publish","4":"has-post-thumbnail","6":"product_cat-accessorios","7":"product_cat-audio","8":"product_cat-informatica","9":"product_cat-pendrives","10":"product_tag-controladora","11":"product_tag-controladora-dj","12":"product_tag-ddj-rb","13":"product_tag-dj-pioneer","14":"product_tag-pendrive","15":"product_tag-pioneer","16":"product_tag-pioneer-dj","17":"product_tag-rekordbox","18":"product_tag-xdj-r2","19":"product_tag-xdj-rx","20":"product_tag-xdrj-rx-3","21":"product_shipping_class-normal","23":"first","24":"instock","25":"featured","26":"purchasable","27":"product-type-simple"},"yoast_head":"<!-- This site is optimized with the Yoast SEO plugin v27.4 - https:\/\/yoast.com\/product\/yoast-seo-wordpress\/ -->\n<title>Novo Pendrive Pioneer Dj 3.0 rekordbox 64G Xdj Rx Xdj R3 Ddjrb +box - Rapidetech<\/title>\n<meta name=\"description\" content=\"&quot;. Compat\u00edvel com o Rekordbox, o software l\u00edder da ind\u00fastria para DJs. Armazene at\u00e9 64 GB (58g real). Leve, compacto e r\u00e1pido, este pendrive \u00e9 a escolha definitiva para DJs profissionais e entusiastas.\" \/>\n<meta name=\"robots\" content=\"index, follow, max-snippet:-1, max-image-preview:large, max-video-preview:-1\" \/>\n<link rel=\"canonical\" href=\"https:\/\/rapidetech.com.br\/en\/product\/pendrive-pioneer-dj-3-0-rekordbox-64-g-xdj-rx-xdj-r2-ddjrb-box\/\" \/>\n<meta property=\"og:locale\" content=\"en_US\" \/>\n<meta property=\"og:type\" content=\"article\" \/>\n<meta property=\"og:title\" content=\"Novo Pendrive Pioneer Dj 3.0 rekordbox 64G Xdj Rx Xdj R3 Ddjrb +box - Rapidetech\" \/>\n<meta property=\"og:description\" content=\"&quot;. Compat\u00edvel com o Rekordbox, o software l\u00edder da ind\u00fastria para DJs. Armazene at\u00e9 64 GB (58g real). Leve, compacto e r\u00e1pido, este pendrive \u00e9 a escolha definitiva para DJs profissionais e entusiastas.\" \/>\n<meta property=\"og:url\" content=\"https:\/\/rapidetech.com.br\/en\/product\/pendrive-pioneer-dj-3-0-rekordbox-64-g-xdj-rx-xdj-r2-ddjrb-box\/\" \/>\n<meta property=\"og:site_name\" content=\"Rapidetech\" \/>\n<meta property=\"article:modified_time\" content=\"2026-04-06T22:32:37+00:00\" \/>\n<meta property=\"og:image\" content=\"https:\/\/rapidetech.com.br\/wp-content\/uploads\/2023\/10\/AnyConv.com__RECORDBOX-GRANDE-Copia-Copia-Copia-7-Copia-4-1-e1698350152806.webp\" \/>\n\t<meta property=\"og:image:width\" content=\"600\" \/>\n\t<meta property=\"og:image:height\" content=\"600\" \/>\n\t<meta property=\"og:image:type\" content=\"image\/webp\" \/>\n<meta name=\"twitter:card\" content=\"summary_large_image\" \/>\n<meta name=\"twitter:label1\" content=\"Est. reading time\" \/>\n\t<meta name=\"twitter:data1\" content=\"2 minutes\" \/>\n<script type=\"application\/ld+json\" class=\"yoast-schema-graph\">{\"@context\":\"https:\\\/\\\/schema.org\",\"@graph\":[{\"@type\":\"WebPage\",\"@id\":\"https:\\\/\\\/rapidetech.com.br\\\/produto\\\/pendrive-pioneer-dj-3-0-rekordbox-64-g-xdj-rx-xdj-r2-ddjrb-box\\\/\",\"url\":\"https:\\\/\\\/rapidetech.com.br\\\/produto\\\/pendrive-pioneer-dj-3-0-rekordbox-64-g-xdj-rx-xdj-r2-ddjrb-box\\\/\",\"name\":\"Novo Pendrive Pioneer Dj 3.0 rekordbox 64G Xdj Rx Xdj R3 Ddjrb +box - Rapidetech\",\"isPartOf\":{\"@id\":\"https:\\\/\\\/rapidetech.com.br\\\/#website\"},\"primaryImageOfPage\":{\"@id\":\"https:\\\/\\\/rapidetech.com.br\\\/produto\\\/pendrive-pioneer-dj-3-0-rekordbox-64-g-xdj-rx-xdj-r2-ddjrb-box\\\/#primaryimage\"},\"image\":{\"@id\":\"https:\\\/\\\/rapidetech.com.br\\\/produto\\\/pendrive-pioneer-dj-3-0-rekordbox-64-g-xdj-rx-xdj-r2-ddjrb-box\\\/#primaryimage\"},\"thumbnailUrl\":\"https:\\\/\\\/rapidetech.com.br\\\/wp-content\\\/uploads\\\/2023\\\/10\\\/AnyConv.com__RECORDBOX-GRANDE-Copia-Copia-Copia-7-Copia-4-1-e1698350152806.webp\",\"datePublished\":\"2023-10-19T10:44:35+00:00\",\"dateModified\":\"2026-04-06T22:32:37+00:00\",\"description\":\"\\\". Compat\u00edvel com o Rekordbox, o software l\u00edder da ind\u00fastria para DJs. Armazene at\u00e9 64 GB (58g real). Leve, compacto e r\u00e1pido, este pendrive \u00e9 a escolha definitiva para DJs profissionais e entusiastas.\",\"breadcrumb\":{\"@id\":\"https:\\\/\\\/rapidetech.com.br\\\/produto\\\/pendrive-pioneer-dj-3-0-rekordbox-64-g-xdj-rx-xdj-r2-ddjrb-box\\\/#breadcrumb\"},\"inLanguage\":\"en-US\",\"potentialAction\":[{\"@type\":\"ReadAction\",\"target\":[\"https:\\\/\\\/rapidetech.com.br\\\/produto\\\/pendrive-pioneer-dj-3-0-rekordbox-64-g-xdj-rx-xdj-r2-ddjrb-box\\\/\"]}]},{\"@type\":\"ImageObject\",\"inLanguage\":\"en-US\",\"@id\":\"https:\\\/\\\/rapidetech.com.br\\\/produto\\\/pendrive-pioneer-dj-3-0-rekordbox-64-g-xdj-rx-xdj-r2-ddjrb-box\\\/#primaryimage\",\"url\":\"https:\\\/\\\/rapidetech.com.br\\\/wp-content\\\/uploads\\\/2023\\\/10\\\/AnyConv.com__RECORDBOX-GRANDE-Copia-Copia-Copia-7-Copia-4-1-e1698350152806.webp\",\"contentUrl\":\"https:\\\/\\\/rapidetech.com.br\\\/wp-content\\\/uploads\\\/2023\\\/10\\\/AnyConv.com__RECORDBOX-GRANDE-Copia-Copia-Copia-7-Copia-4-1-e1698350152806.webp\",\"width\":600,\"height\":600},{\"@type\":\"BreadcrumbList\",\"@id\":\"https:\\\/\\\/rapidetech.com.br\\\/produto\\\/pendrive-pioneer-dj-3-0-rekordbox-64-g-xdj-rx-xdj-r2-ddjrb-box\\\/#breadcrumb\",\"itemListElement\":[{\"@type\":\"ListItem\",\"position\":1,\"name\":\"In\u00edcio\",\"item\":\"https:\\\/\\\/rapidetech.com.br\\\/\"},{\"@type\":\"ListItem\",\"position\":2,\"name\":\"Produtos\",\"item\":\"https:\\\/\\\/rapidetech.com.br\\\/produtos\\\/\"},{\"@type\":\"ListItem\",\"position\":3,\"name\":\"Novo Pendrive Pioneer Dj 3.0 rekordbox 64G Xdj Rx Xdj R3 Ddjrb +box\"}]},{\"@type\":\"WebSite\",\"@id\":\"https:\\\/\\\/rapidetech.com.br\\\/#website\",\"url\":\"https:\\\/\\\/rapidetech.com.br\\\/\",\"name\":\"Rapidetech\",\"description\":\"Audio e video\",\"publisher\":{\"@id\":\"https:\\\/\\\/rapidetech.com.br\\\/#organization\"},\"potentialAction\":[{\"@type\":\"SearchAction\",\"target\":{\"@type\":\"EntryPoint\",\"urlTemplate\":\"https:\\\/\\\/rapidetech.com.br\\\/?s={search_term_string}\"},\"query-input\":{\"@type\":\"PropertyValueSpecification\",\"valueRequired\":true,\"valueName\":\"search_term_string\"}}],\"inLanguage\":\"en-US\"},{\"@type\":\"Organization\",\"@id\":\"https:\\\/\\\/rapidetech.com.br\\\/#organization\",\"name\":\"Rapidetech\",\"url\":\"https:\\\/\\\/rapidetech.com.br\\\/\",\"logo\":{\"@type\":\"ImageObject\",\"inLanguage\":\"en-US\",\"@id\":\"https:\\\/\\\/rapidetech.com.br\\\/#\\\/schema\\\/logo\\\/image\\\/\",\"url\":\"https:\\\/\\\/rapidetech.com.br\\\/wp-content\\\/uploads\\\/2022\\\/08\\\/RAPIDETECH-AUDIO-E-VIDEO.jpg\",\"contentUrl\":\"https:\\\/\\\/rapidetech.com.br\\\/wp-content\\\/uploads\\\/2022\\\/08\\\/RAPIDETECH-AUDIO-E-VIDEO.jpg\",\"width\":236,\"height\":213,\"caption\":\"Rapidetech\"},\"image\":{\"@id\":\"https:\\\/\\\/rapidetech.com.br\\\/#\\\/schema\\\/logo\\\/image\\\/\"},\"sameAs\":[\"https:\\\/\\\/rapidetech.com.br\\\/\",\"https:\\\/\\\/www.youtube.com\\\/channel\\\/UCQWlsTr9MvbqwWAekYtMNLQ\"]}]}<\/script>\n<!-- \/ Yoast SEO plugin. -->","yoast_head_json":{"title":"Novo Pendrive Pioneer Dj 3.0 rekordbox 64G Xdj Rx Xdj R3 Ddjrb +box - Rapidetech","description":"\". Compat\u00edvel com o Rekordbox, o software l\u00edder da ind\u00fastria para DJs. Armazene at\u00e9 64 GB (58g real). Leve, compacto e r\u00e1pido, este pendrive \u00e9 a escolha definitiva para DJs profissionais e entusiastas.","robots":{"index":"index","follow":"follow","max-snippet":"max-snippet:-1","max-image-preview":"max-image-preview:large","max-video-preview":"max-video-preview:-1"},"canonical":"https:\/\/rapidetech.com.br\/en\/product\/pendrive-pioneer-dj-3-0-rekordbox-64-g-xdj-rx-xdj-r2-ddjrb-box\/","og_locale":"en_US","og_type":"article","og_title":"Novo Pendrive Pioneer Dj 3.0 rekordbox 64G Xdj Rx Xdj R3 Ddjrb +box - Rapidetech","og_description":"\". Compat\u00edvel com o Rekordbox, o software l\u00edder da ind\u00fastria para DJs. Armazene at\u00e9 64 GB (58g real). Leve, compacto e r\u00e1pido, este pendrive \u00e9 a escolha definitiva para DJs profissionais e entusiastas.","og_url":"https:\/\/rapidetech.com.br\/en\/product\/pendrive-pioneer-dj-3-0-rekordbox-64-g-xdj-rx-xdj-r2-ddjrb-box\/","og_site_name":"Rapidetech","article_modified_time":"2026-04-06T22:32:37+00:00","og_image":[{"width":600,"height":600,"url":"https:\/\/rapidetech.com.br\/wp-content\/uploads\/2023\/10\/AnyConv.com__RECORDBOX-GRANDE-Copia-Copia-Copia-7-Copia-4-1-e1698350152806.webp","type":"image\/webp"}],"twitter_card":"summary_large_image","twitter_misc":{"Est. reading time":"2 minutes"},"schema":{"@context":"https:\/\/schema.org","@graph":[{"@type":"WebPage","@id":"https:\/\/rapidetech.com.br\/produto\/pendrive-pioneer-dj-3-0-rekordbox-64-g-xdj-rx-xdj-r2-ddjrb-box\/","url":"https:\/\/rapidetech.com.br\/produto\/pendrive-pioneer-dj-3-0-rekordbox-64-g-xdj-rx-xdj-r2-ddjrb-box\/","name":"Novo Pendrive Pioneer Dj 3.0 rekordbox 64G Xdj Rx Xdj R3 Ddjrb +box - Rapidetech","isPartOf":{"@id":"https:\/\/rapidetech.com.br\/#website"},"primaryImageOfPage":{"@id":"https:\/\/rapidetech.com.br\/produto\/pendrive-pioneer-dj-3-0-rekordbox-64-g-xdj-rx-xdj-r2-ddjrb-box\/#primaryimage"},"image":{"@id":"https:\/\/rapidetech.com.br\/produto\/pendrive-pioneer-dj-3-0-rekordbox-64-g-xdj-rx-xdj-r2-ddjrb-box\/#primaryimage"},"thumbnailUrl":"https:\/\/rapidetech.com.br\/wp-content\/uploads\/2023\/10\/AnyConv.com__RECORDBOX-GRANDE-Copia-Copia-Copia-7-Copia-4-1-e1698350152806.webp","datePublished":"2023-10-19T10:44:35+00:00","dateModified":"2026-04-06T22:32:37+00:00","description":"\". Compat\u00edvel com o Rekordbox, o software l\u00edder da ind\u00fastria para DJs. Armazene at\u00e9 64 GB (58g real). Leve, compacto e r\u00e1pido, este pendrive \u00e9 a escolha definitiva para DJs profissionais e entusiastas.","breadcrumb":{"@id":"https:\/\/rapidetech.com.br\/produto\/pendrive-pioneer-dj-3-0-rekordbox-64-g-xdj-rx-xdj-r2-ddjrb-box\/#breadcrumb"},"inLanguage":"en-US","potentialAction":[{"@type":"ReadAction","target":["https:\/\/rapidetech.com.br\/produto\/pendrive-pioneer-dj-3-0-rekordbox-64-g-xdj-rx-xdj-r2-ddjrb-box\/"]}]},{"@type":"ImageObject","inLanguage":"en-US","@id":"https:\/\/rapidetech.com.br\/produto\/pendrive-pioneer-dj-3-0-rekordbox-64-g-xdj-rx-xdj-r2-ddjrb-box\/#primaryimage","url":"https:\/\/rapidetech.com.br\/wp-content\/uploads\/2023\/10\/AnyConv.com__RECORDBOX-GRANDE-Copia-Copia-Copia-7-Copia-4-1-e1698350152806.webp","contentUrl":"https:\/\/rapidetech.com.br\/wp-content\/uploads\/2023\/10\/AnyConv.com__RECORDBOX-GRANDE-Copia-Copia-Copia-7-Copia-4-1-e1698350152806.webp","width":600,"height":600},{"@type":"BreadcrumbList","@id":"https:\/\/rapidetech.com.br\/produto\/pendrive-pioneer-dj-3-0-rekordbox-64-g-xdj-rx-xdj-r2-ddjrb-box\/#breadcrumb","itemListElement":[{"@type":"ListItem","position":1,"name":"In\u00edcio","item":"https:\/\/rapidetech.com.br\/"},{"@type":"ListItem","position":2,"name":"Produtos","item":"https:\/\/rapidetech.com.br\/produtos\/"},{"@type":"ListItem","position":3,"name":"Novo Pendrive Pioneer Dj 3.0 rekordbox 64G Xdj Rx Xdj R3 Ddjrb +box"}]},{"@type":"WebSite","@id":"https:\/\/rapidetech.com.br\/#website","url":"https:\/\/rapidetech.com.br\/","name":"Rapidetech","description":"Audio e video","publisher":{"@id":"https:\/\/rapidetech.com.br\/#organization"},"potentialAction":[{"@type":"SearchAction","target":{"@type":"EntryPoint","urlTemplate":"https:\/\/rapidetech.com.br\/?s={search_term_string}"},"query-input":{"@type":"PropertyValueSpecification","valueRequired":true,"valueName":"search_term_string"}}],"inLanguage":"en-US"},{"@type":"Organization","@id":"https:\/\/rapidetech.com.br\/#organization","name":"Rapidetech","url":"https:\/\/rapidetech.com.br\/","logo":{"@type":"ImageObject","inLanguage":"en-US","@id":"https:\/\/rapidetech.com.br\/#\/schema\/logo\/image\/","url":"https:\/\/rapidetech.com.br\/wp-content\/uploads\/2022\/08\/RAPIDETECH-AUDIO-E-VIDEO.jpg","contentUrl":"https:\/\/rapidetech.com.br\/wp-content\/uploads\/2022\/08\/RAPIDETECH-AUDIO-E-VIDEO.jpg","width":236,"height":213,"caption":"Rapidetech"},"image":{"@id":"https:\/\/rapidetech.com.br\/#\/schema\/logo\/image\/"},"sameAs":["https:\/\/rapidetech.com.br\/","https:\/\/www.youtube.com\/channel\/UCQWlsTr9MvbqwWAekYtMNLQ"]}]}},"_links":{"self":[{"href":"https:\/\/rapidetech.com.br\/en\/wp-json\/wp\/v2\/product\/51252","targetHints":{"allow":["GET"]}}],"collection":[{"href":"https:\/\/rapidetech.com.br\/en\/wp-json\/wp\/v2\/product"}],"about":[{"href":"https:\/\/rapidetech.com.br\/en\/wp-json\/wp\/v2\/types\/product"}],"replies":[{"embeddable":true,"href":"https:\/\/rapidetech.com.br\/en\/wp-json\/wp\/v2\/comments?post=51252"}],"version-history":[{"count":0,"href":"https:\/\/rapidetech.com.br\/en\/wp-json\/wp\/v2\/product\/51252\/revisions"}],"wp:featuredmedia":[{"embeddable":true,"href":"https:\/\/rapidetech.com.br\/en\/wp-json\/wp\/v2\/media\/51266"}],"wp:attachment":[{"href":"https:\/\/rapidetech.com.br\/en\/wp-json\/wp\/v2\/media?parent=51252"}],"wp:term":[{"taxonomy":"product_brand","embeddable":true,"href":"https:\/\/rapidetech.com.br\/en\/wp-json\/wp\/v2\/product_brand?post=51252"},{"taxonomy":"product_cat","embeddable":true,"href":"https:\/\/rapidetech.com.br\/en\/wp-json\/wp\/v2\/product_cat?post=51252"},{"taxonomy":"product_tag","embeddable":true,"href":"https:\/\/rapidetech.com.br\/en\/wp-json\/wp\/v2\/product_tag?post=51252"}],"curies":[{"name":"wp","href":"https:\/\/api.w.org\/{rel}","templated":true}]}}