{"id":53053,"date":"2024-05-27T18:16:30","date_gmt":"2024-05-27T21:16:30","guid":{"rendered":"https:\/\/rapidetech.com.br\/?post_type=product&#038;p=53053"},"modified":"2025-10-30T15:00:50","modified_gmt":"2025-10-30T18:00:50","slug":"kit-memoria-ddr5-64g-g-skill-trident-z-5-neo-rgb-2-x-32gb-cl30-6000-mhz","status":"publish","type":"product","link":"https:\/\/rapidetech.com.br\/en\/product\/kit-memoria-ddr5-64g-g-skill-trident-z-5-neo-rgb-2-x-32gb-cl30-6000-mhz\/","title":{"rendered":"Mem\u00f3ria G.skill Trident Z 5 Neo Rgb Ddr5 64g (2X32gb) Cl30 6000 mhz"},"content":{"rendered":"<p><strong>Mem\u00f3ria G.skill Trident Z 5 Neo Rgb Ddr5 2 X 32gb Cl30 6000 mhz<\/strong><br \/>\n*********************************************************************************************<\/p>\n<p>Modelo:F5-6000J3238G32GX2-TZ5NR<\/p>\n<p>TRIDENT Z 5 NEO RGB<\/p>\n<p>Lat\u00eancia CAS: 30-40-40-96<\/p>\n<p>Voltagem:1.4 v<\/p>\n<p>Capacidade total : 64g\u00a0 (2x32g)\u00a0 AMD EXPO<\/p>\n<p>&nbsp;<\/p>\n<p>Produto lacrado e a pronta entrega (Todos os impostos pagos)<br \/>\n*****************************************************************************************<\/p>\n<p>Se voc\u00ea percebe que seu computador est\u00e1 com baixo desempenho ou que sua capacidade n\u00e3o atende \u00e0s suas necessidades de uso, \u00e9 hora de renovar sua RAM. Voc\u00ea aumentar\u00e1 sua produtividade e trabalhar\u00e1 de forma r\u00e1pida e simult\u00e2nea com v\u00e1rios aplicativos.<\/p>\n<p>Esta mem\u00f3ria \u00e9 ideal para o seu Computadores de mesa. Instale-a e comece a desfrutar de uma opera\u00e7\u00e3o ideal!<\/p>\n<p>Trabalhe livremente<br \/>\nVoc\u00ea pode us\u00e1-lo para atividades dom\u00e9sticas e tamb\u00e9m navegar na Internet. enviar e-mails ou multim\u00eddia, ou trabalhar usando v\u00e1rias fun\u00e7\u00f5es simultaneamente, esta mem\u00f3ria \u00e9 para voc\u00ea. Gra\u00e7as \u00e0 sua velocidade de 48000 MHz, ser\u00e1 capaz de executar todas as suas tarefas de forma r\u00e1pida e eficaz.<\/p>\n<p>Envio rapido- Rapidetech<\/p>","protected":false},"excerpt":{"rendered":"<p>Mem\u00f3ria G.skill Trident Z 5 Neo Rgb Ddr5 2 X 32gb Cl32 6000m<br \/>\n***************************************************************************<\/p>\n<p>Modelo:F5-6000J3238G32GX2-TZ5NR<\/p>\n<p>TRIDENT Z 5 NEO RGB<\/p>\n<p>Lat\u00eancia CAS: 30<\/p>\n<p>Voltagem:1.4 v<\/p>\n<p>Capacidade total : 64g\u00a0 (2x32g)\u00a0 AMD EXPO<\/p>","protected":false},"featured_media":53054,"comment_status":"closed","ping_status":"closed","template":"","meta":[],"product_brand":[],"product_cat":[45],"product_tag":[460,428,461,459,462],"class_list":{"0":"post-53053","1":"product","2":"type-product","3":"status-publish","4":"has-post-thumbnail","6":"product_cat-informatica","7":"product_tag-amd","8":"product_tag-asus","9":"product_tag-memoria-ram","10":"product_tag-pc","11":"product_tag-trident-z-5-neo-rgb","12":"product_shipping_class-normal","14":"first","15":"outofstock","16":"shipping-taxable","17":"purchasable","18":"product-type-simple"},"yoast_head":"<!-- This site is optimized with the Yoast SEO plugin v27.5 - https:\/\/yoast.com\/product\/yoast-seo-wordpress\/ -->\n<title>Mem\u00f3ria G.skill Trident Z 5 Neo Rgb Ddr5 64g (2X32gb) Cl30 6000 mhz - Rapidetech<\/title>\n<meta name=\"description\" content=\"Kit Mem\u00f3ria G.skill Trident Z 5 Neo Rgb Ddr5 2 X 32gb Cl32 6000mhz Modelo:F5-6000J3238G32GX2-TZ5NR TRIDENT Z 5 NEO RGB Lat\u00eancia CAS: 32 Voltagem:1.4 v Capacidade total : 64g\u00a0 (2x32g)\u00a0 AMD EXPO\" \/>\n<meta name=\"robots\" content=\"index, follow, max-snippet:-1, max-image-preview:large, max-video-preview:-1\" \/>\n<link rel=\"canonical\" href=\"https:\/\/rapidetech.com.br\/en\/product\/kit-memoria-ddr5-64g-g-skill-trident-z-5-neo-rgb-2-x-32gb-cl30-6000-mhz\/\" \/>\n<meta property=\"og:locale\" content=\"en_US\" \/>\n<meta property=\"og:type\" content=\"article\" \/>\n<meta property=\"og:title\" content=\"Mem\u00f3ria G.skill Trident Z 5 Neo Rgb Ddr5 64g (2X32gb) Cl30 6000 mhz - Rapidetech\" \/>\n<meta property=\"og:description\" content=\"Kit Mem\u00f3ria G.skill Trident Z 5 Neo Rgb Ddr5 2 X 32gb Cl32 6000mhz Modelo:F5-6000J3238G32GX2-TZ5NR TRIDENT Z 5 NEO RGB Lat\u00eancia CAS: 32 Voltagem:1.4 v Capacidade total : 64g\u00a0 (2x32g)\u00a0 AMD EXPO\" \/>\n<meta property=\"og:url\" content=\"https:\/\/rapidetech.com.br\/en\/product\/kit-memoria-ddr5-64g-g-skill-trident-z-5-neo-rgb-2-x-32gb-cl30-6000-mhz\/\" \/>\n<meta property=\"og:site_name\" content=\"Rapidetech\" \/>\n<meta property=\"article:modified_time\" content=\"2025-10-30T18:00:50+00:00\" \/>\n<meta property=\"og:image\" content=\"https:\/\/rapidetech.com.br\/wp-content\/uploads\/2024\/05\/D_NQ_NP_2X_666931-MLA54515491402_032023-F.webp\" \/>\n\t<meta property=\"og:image:width\" content=\"704\" \/>\n\t<meta property=\"og:image:height\" content=\"704\" \/>\n\t<meta property=\"og:image:type\" content=\"image\/webp\" \/>\n<meta name=\"twitter:card\" content=\"summary_large_image\" \/>\n<meta name=\"twitter:label1\" content=\"Est. reading time\" \/>\n\t<meta name=\"twitter:data1\" content=\"2 minutes\" \/>\n<script type=\"application\/ld+json\" class=\"yoast-schema-graph\">{\"@context\":\"https:\\\/\\\/schema.org\",\"@graph\":[{\"@type\":\"WebPage\",\"@id\":\"https:\\\/\\\/rapidetech.com.br\\\/produto\\\/kit-memoria-ddr5-64g-g-skill-trident-z-5-neo-rgb-2-x-32gb-cl30-6000-mhz\\\/\",\"url\":\"https:\\\/\\\/rapidetech.com.br\\\/produto\\\/kit-memoria-ddr5-64g-g-skill-trident-z-5-neo-rgb-2-x-32gb-cl30-6000-mhz\\\/\",\"name\":\"Mem\u00f3ria G.skill Trident Z 5 Neo Rgb Ddr5 64g (2X32gb) Cl30 6000 mhz - Rapidetech\",\"isPartOf\":{\"@id\":\"https:\\\/\\\/rapidetech.com.br\\\/#website\"},\"primaryImageOfPage\":{\"@id\":\"https:\\\/\\\/rapidetech.com.br\\\/produto\\\/kit-memoria-ddr5-64g-g-skill-trident-z-5-neo-rgb-2-x-32gb-cl30-6000-mhz\\\/#primaryimage\"},\"image\":{\"@id\":\"https:\\\/\\\/rapidetech.com.br\\\/produto\\\/kit-memoria-ddr5-64g-g-skill-trident-z-5-neo-rgb-2-x-32gb-cl30-6000-mhz\\\/#primaryimage\"},\"thumbnailUrl\":\"https:\\\/\\\/rapidetech.com.br\\\/wp-content\\\/uploads\\\/2024\\\/05\\\/D_NQ_NP_2X_666931-MLA54515491402_032023-F.webp\",\"datePublished\":\"2024-05-27T21:16:30+00:00\",\"dateModified\":\"2025-10-30T18:00:50+00:00\",\"description\":\"Kit Mem\u00f3ria G.skill Trident Z 5 Neo Rgb Ddr5 2 X 32gb Cl32 6000mhz Modelo:F5-6000J3238G32GX2-TZ5NR TRIDENT Z 5 NEO RGB Lat\u00eancia CAS: 32 Voltagem:1.4 v Capacidade total : 64g\u00a0 (2x32g)\u00a0 AMD EXPO\",\"breadcrumb\":{\"@id\":\"https:\\\/\\\/rapidetech.com.br\\\/produto\\\/kit-memoria-ddr5-64g-g-skill-trident-z-5-neo-rgb-2-x-32gb-cl30-6000-mhz\\\/#breadcrumb\"},\"inLanguage\":\"en-US\",\"potentialAction\":[{\"@type\":\"ReadAction\",\"target\":[\"https:\\\/\\\/rapidetech.com.br\\\/produto\\\/kit-memoria-ddr5-64g-g-skill-trident-z-5-neo-rgb-2-x-32gb-cl30-6000-mhz\\\/\"]}]},{\"@type\":\"ImageObject\",\"inLanguage\":\"en-US\",\"@id\":\"https:\\\/\\\/rapidetech.com.br\\\/produto\\\/kit-memoria-ddr5-64g-g-skill-trident-z-5-neo-rgb-2-x-32gb-cl30-6000-mhz\\\/#primaryimage\",\"url\":\"https:\\\/\\\/rapidetech.com.br\\\/wp-content\\\/uploads\\\/2024\\\/05\\\/D_NQ_NP_2X_666931-MLA54515491402_032023-F.webp\",\"contentUrl\":\"https:\\\/\\\/rapidetech.com.br\\\/wp-content\\\/uploads\\\/2024\\\/05\\\/D_NQ_NP_2X_666931-MLA54515491402_032023-F.webp\",\"width\":704,\"height\":704},{\"@type\":\"BreadcrumbList\",\"@id\":\"https:\\\/\\\/rapidetech.com.br\\\/produto\\\/kit-memoria-ddr5-64g-g-skill-trident-z-5-neo-rgb-2-x-32gb-cl30-6000-mhz\\\/#breadcrumb\",\"itemListElement\":[{\"@type\":\"ListItem\",\"position\":1,\"name\":\"In\u00edcio\",\"item\":\"https:\\\/\\\/rapidetech.com.br\\\/\"},{\"@type\":\"ListItem\",\"position\":2,\"name\":\"Produtos\",\"item\":\"https:\\\/\\\/rapidetech.com.br\\\/produtos\\\/\"},{\"@type\":\"ListItem\",\"position\":3,\"name\":\"Mem\u00f3ria G.skill Trident Z 5 Neo Rgb Ddr5 64g (2X32gb) Cl30 6000 mhz\"}]},{\"@type\":\"WebSite\",\"@id\":\"https:\\\/\\\/rapidetech.com.br\\\/#website\",\"url\":\"https:\\\/\\\/rapidetech.com.br\\\/\",\"name\":\"Rapidetech\",\"description\":\"Audio e video\",\"publisher\":{\"@id\":\"https:\\\/\\\/rapidetech.com.br\\\/#organization\"},\"potentialAction\":[{\"@type\":\"SearchAction\",\"target\":{\"@type\":\"EntryPoint\",\"urlTemplate\":\"https:\\\/\\\/rapidetech.com.br\\\/?s={search_term_string}\"},\"query-input\":{\"@type\":\"PropertyValueSpecification\",\"valueRequired\":true,\"valueName\":\"search_term_string\"}}],\"inLanguage\":\"en-US\"},{\"@type\":\"Organization\",\"@id\":\"https:\\\/\\\/rapidetech.com.br\\\/#organization\",\"name\":\"Rapidetech\",\"url\":\"https:\\\/\\\/rapidetech.com.br\\\/\",\"logo\":{\"@type\":\"ImageObject\",\"inLanguage\":\"en-US\",\"@id\":\"https:\\\/\\\/rapidetech.com.br\\\/#\\\/schema\\\/logo\\\/image\\\/\",\"url\":\"https:\\\/\\\/rapidetech.com.br\\\/wp-content\\\/uploads\\\/2022\\\/08\\\/RAPIDETECH-AUDIO-E-VIDEO.jpg\",\"contentUrl\":\"https:\\\/\\\/rapidetech.com.br\\\/wp-content\\\/uploads\\\/2022\\\/08\\\/RAPIDETECH-AUDIO-E-VIDEO.jpg\",\"width\":236,\"height\":213,\"caption\":\"Rapidetech\"},\"image\":{\"@id\":\"https:\\\/\\\/rapidetech.com.br\\\/#\\\/schema\\\/logo\\\/image\\\/\"},\"sameAs\":[\"https:\\\/\\\/rapidetech.com.br\\\/\",\"https:\\\/\\\/www.youtube.com\\\/channel\\\/UCQWlsTr9MvbqwWAekYtMNLQ\"]}]}<\/script>\n<!-- \/ Yoast SEO plugin. -->","yoast_head_json":{"title":"Mem\u00f3ria G.skill Trident Z 5 Neo Rgb Ddr5 64g (2X32gb) Cl30 6000 mhz - Rapidetech","description":"Kit Mem\u00f3ria G.skill Trident Z 5 Neo Rgb Ddr5 2 X 32gb Cl32 6000mhz Modelo:F5-6000J3238G32GX2-TZ5NR TRIDENT Z 5 NEO RGB Lat\u00eancia CAS: 32 Voltagem:1.4 v Capacidade total : 64g\u00a0 (2x32g)\u00a0 AMD EXPO","robots":{"index":"index","follow":"follow","max-snippet":"max-snippet:-1","max-image-preview":"max-image-preview:large","max-video-preview":"max-video-preview:-1"},"canonical":"https:\/\/rapidetech.com.br\/en\/product\/kit-memoria-ddr5-64g-g-skill-trident-z-5-neo-rgb-2-x-32gb-cl30-6000-mhz\/","og_locale":"en_US","og_type":"article","og_title":"Mem\u00f3ria G.skill Trident Z 5 Neo Rgb Ddr5 64g (2X32gb) Cl30 6000 mhz - Rapidetech","og_description":"Kit Mem\u00f3ria G.skill Trident Z 5 Neo Rgb Ddr5 2 X 32gb Cl32 6000mhz Modelo:F5-6000J3238G32GX2-TZ5NR TRIDENT Z 5 NEO RGB Lat\u00eancia CAS: 32 Voltagem:1.4 v Capacidade total : 64g\u00a0 (2x32g)\u00a0 AMD EXPO","og_url":"https:\/\/rapidetech.com.br\/en\/product\/kit-memoria-ddr5-64g-g-skill-trident-z-5-neo-rgb-2-x-32gb-cl30-6000-mhz\/","og_site_name":"Rapidetech","article_modified_time":"2025-10-30T18:00:50+00:00","og_image":[{"width":704,"height":704,"url":"https:\/\/rapidetech.com.br\/wp-content\/uploads\/2024\/05\/D_NQ_NP_2X_666931-MLA54515491402_032023-F.webp","type":"image\/webp"}],"twitter_card":"summary_large_image","twitter_misc":{"Est. reading time":"2 minutes"},"schema":{"@context":"https:\/\/schema.org","@graph":[{"@type":"WebPage","@id":"https:\/\/rapidetech.com.br\/produto\/kit-memoria-ddr5-64g-g-skill-trident-z-5-neo-rgb-2-x-32gb-cl30-6000-mhz\/","url":"https:\/\/rapidetech.com.br\/produto\/kit-memoria-ddr5-64g-g-skill-trident-z-5-neo-rgb-2-x-32gb-cl30-6000-mhz\/","name":"Mem\u00f3ria G.skill Trident Z 5 Neo Rgb Ddr5 64g (2X32gb) Cl30 6000 mhz - Rapidetech","isPartOf":{"@id":"https:\/\/rapidetech.com.br\/#website"},"primaryImageOfPage":{"@id":"https:\/\/rapidetech.com.br\/produto\/kit-memoria-ddr5-64g-g-skill-trident-z-5-neo-rgb-2-x-32gb-cl30-6000-mhz\/#primaryimage"},"image":{"@id":"https:\/\/rapidetech.com.br\/produto\/kit-memoria-ddr5-64g-g-skill-trident-z-5-neo-rgb-2-x-32gb-cl30-6000-mhz\/#primaryimage"},"thumbnailUrl":"https:\/\/rapidetech.com.br\/wp-content\/uploads\/2024\/05\/D_NQ_NP_2X_666931-MLA54515491402_032023-F.webp","datePublished":"2024-05-27T21:16:30+00:00","dateModified":"2025-10-30T18:00:50+00:00","description":"Kit Mem\u00f3ria G.skill Trident Z 5 Neo Rgb Ddr5 2 X 32gb Cl32 6000mhz Modelo:F5-6000J3238G32GX2-TZ5NR TRIDENT Z 5 NEO RGB Lat\u00eancia CAS: 32 Voltagem:1.4 v Capacidade total : 64g\u00a0 (2x32g)\u00a0 AMD EXPO","breadcrumb":{"@id":"https:\/\/rapidetech.com.br\/produto\/kit-memoria-ddr5-64g-g-skill-trident-z-5-neo-rgb-2-x-32gb-cl30-6000-mhz\/#breadcrumb"},"inLanguage":"en-US","potentialAction":[{"@type":"ReadAction","target":["https:\/\/rapidetech.com.br\/produto\/kit-memoria-ddr5-64g-g-skill-trident-z-5-neo-rgb-2-x-32gb-cl30-6000-mhz\/"]}]},{"@type":"ImageObject","inLanguage":"en-US","@id":"https:\/\/rapidetech.com.br\/produto\/kit-memoria-ddr5-64g-g-skill-trident-z-5-neo-rgb-2-x-32gb-cl30-6000-mhz\/#primaryimage","url":"https:\/\/rapidetech.com.br\/wp-content\/uploads\/2024\/05\/D_NQ_NP_2X_666931-MLA54515491402_032023-F.webp","contentUrl":"https:\/\/rapidetech.com.br\/wp-content\/uploads\/2024\/05\/D_NQ_NP_2X_666931-MLA54515491402_032023-F.webp","width":704,"height":704},{"@type":"BreadcrumbList","@id":"https:\/\/rapidetech.com.br\/produto\/kit-memoria-ddr5-64g-g-skill-trident-z-5-neo-rgb-2-x-32gb-cl30-6000-mhz\/#breadcrumb","itemListElement":[{"@type":"ListItem","position":1,"name":"In\u00edcio","item":"https:\/\/rapidetech.com.br\/"},{"@type":"ListItem","position":2,"name":"Produtos","item":"https:\/\/rapidetech.com.br\/produtos\/"},{"@type":"ListItem","position":3,"name":"Mem\u00f3ria G.skill Trident Z 5 Neo Rgb Ddr5 64g (2X32gb) Cl30 6000 mhz"}]},{"@type":"WebSite","@id":"https:\/\/rapidetech.com.br\/#website","url":"https:\/\/rapidetech.com.br\/","name":"Rapidetech","description":"Audio e video","publisher":{"@id":"https:\/\/rapidetech.com.br\/#organization"},"potentialAction":[{"@type":"SearchAction","target":{"@type":"EntryPoint","urlTemplate":"https:\/\/rapidetech.com.br\/?s={search_term_string}"},"query-input":{"@type":"PropertyValueSpecification","valueRequired":true,"valueName":"search_term_string"}}],"inLanguage":"en-US"},{"@type":"Organization","@id":"https:\/\/rapidetech.com.br\/#organization","name":"Rapidetech","url":"https:\/\/rapidetech.com.br\/","logo":{"@type":"ImageObject","inLanguage":"en-US","@id":"https:\/\/rapidetech.com.br\/#\/schema\/logo\/image\/","url":"https:\/\/rapidetech.com.br\/wp-content\/uploads\/2022\/08\/RAPIDETECH-AUDIO-E-VIDEO.jpg","contentUrl":"https:\/\/rapidetech.com.br\/wp-content\/uploads\/2022\/08\/RAPIDETECH-AUDIO-E-VIDEO.jpg","width":236,"height":213,"caption":"Rapidetech"},"image":{"@id":"https:\/\/rapidetech.com.br\/#\/schema\/logo\/image\/"},"sameAs":["https:\/\/rapidetech.com.br\/","https:\/\/www.youtube.com\/channel\/UCQWlsTr9MvbqwWAekYtMNLQ"]}]}},"_links":{"self":[{"href":"https:\/\/rapidetech.com.br\/en\/wp-json\/wp\/v2\/product\/53053","targetHints":{"allow":["GET"]}}],"collection":[{"href":"https:\/\/rapidetech.com.br\/en\/wp-json\/wp\/v2\/product"}],"about":[{"href":"https:\/\/rapidetech.com.br\/en\/wp-json\/wp\/v2\/types\/product"}],"replies":[{"embeddable":true,"href":"https:\/\/rapidetech.com.br\/en\/wp-json\/wp\/v2\/comments?post=53053"}],"version-history":[{"count":0,"href":"https:\/\/rapidetech.com.br\/en\/wp-json\/wp\/v2\/product\/53053\/revisions"}],"wp:featuredmedia":[{"embeddable":true,"href":"https:\/\/rapidetech.com.br\/en\/wp-json\/wp\/v2\/media\/53054"}],"wp:attachment":[{"href":"https:\/\/rapidetech.com.br\/en\/wp-json\/wp\/v2\/media?parent=53053"}],"wp:term":[{"taxonomy":"product_brand","embeddable":true,"href":"https:\/\/rapidetech.com.br\/en\/wp-json\/wp\/v2\/product_brand?post=53053"},{"taxonomy":"product_cat","embeddable":true,"href":"https:\/\/rapidetech.com.br\/en\/wp-json\/wp\/v2\/product_cat?post=53053"},{"taxonomy":"product_tag","embeddable":true,"href":"https:\/\/rapidetech.com.br\/en\/wp-json\/wp\/v2\/product_tag?post=53053"}],"curies":[{"name":"wp","href":"https:\/\/api.w.org\/{rel}","templated":true}]}}