{"id":53245,"date":"2024-07-31T18:35:31","date_gmt":"2024-07-31T21:35:31","guid":{"rendered":"https:\/\/rapidetech.com.br\/?post_type=product&#038;p=53245"},"modified":"2025-03-06T19:45:46","modified_gmt":"2025-03-06T22:45:46","slug":"novo-kit-3-coolers-fans-lian-li-tl-lcd-120-rgb-controladora-branco","status":"publish","type":"product","link":"https:\/\/rapidetech.com.br\/en\/product\/novo-kit-3-coolers-fans-lian-li-tl-lcd-120-rgb-controladora-branco\/","title":{"rendered":"Novo kit 3 Coolers Fans Lian Li TL-LCD 120 Rgb + controladora &#8211;  Branco"},"content":{"rendered":"<div><\/div>\n<h1><strong>Novo KIT 3 Fans Coolers Lian Li TL LCD 120 Rgb\u00a0 Branco<\/strong><\/h1>\n<div>\n<p><strong>Marca:<\/strong>\u00a0Lian Li<\/p>\n<p><strong>Modelo:<\/strong> 12RTLLCD3B<\/p>\n<p><strong>Contagem:<\/strong>\u00a03 Fans LCD 1,6 POLEGADAS com 400&#215;400 resolucao<\/p>\n<p><strong>Tipo de Conector:<\/strong>\u00a0Cabo controlador UNI FAN x 1 (P-7P)<\/p>\n<p><strong>Dimens\u00e3o do Fan:<\/strong>\u00a0124x120x28mm<\/p>\n<p><strong>Tipo de rolamento:<\/strong>\u00a0Rolamento Fluido Din\u00e2mico (FDB)<\/p>\n<p><strong>RPM:<\/strong>\u00a00, 350 ~ 1900 RPM<\/p>\n<p><strong>Fluxo de ar:<\/strong>\u00a054.3\u00a0CFM (M\u00e1ximo)<\/p>\n<p><strong>Press\u00e3o do ar:<\/strong>\u00a02,83\u00a0mmH20 (M\u00e1ximo)<\/p>\n<p><strong>N\u00edvel de ru\u00eddo:<\/strong> 31\u00a0dB(A) m\u00e1x.<\/p>\n<p><strong>Conector de for\u00e7a:\u00a0<\/strong>4 pinos<\/p>\n<p><strong>Material:<\/strong>\u00a0PA66\/PBT<\/p>\n<p><strong>Tens\u00e3o Nominal:<\/strong>\u00a0DC 12V (Fan) e 5V (LED)<\/p>\n<p><strong>Tens\u00e3o de Opera\u00e7\u00e3o:<\/strong>\u00a0DC12V e 5V<\/p>\n<p><strong>Cor:<\/strong> Branco<\/p>\n<p><strong>\u00a0<\/strong><\/p>\n<\/div>","protected":false},"excerpt":{"rendered":"<h1><strong>Novo KIT 3 Fans Cooler Lian Li TL LCD 120 Rgb\u00a0\u00a0<\/strong><\/h1>\n<p><strong>Marca:<\/strong>\u00a0Lian Li<\/p>\n<p><strong>Modelo:<\/strong> 12RTLLCD3B<\/p>\n<p><strong>Contagem:<\/strong>\u00a03 Fans LCD 1,6 POLEGADAS com 400&#215;400 resolucao<\/p>\n<p><strong>Tipo de Conector:<\/strong>\u00a0Cabo controlador UNI FAN x 1 (P-7P)<\/p>\n<p><strong>Dimens\u00e3o do Fan:<\/strong>\u00a0124x120x28mm<\/p>\n<p><strong>Tipo de rolamento:<\/strong>\u00a0Rolamento Fluido Din\u00e2mico (FDB)<\/p>\n<p><strong>RPM:<\/strong>\u00a00, 350 ~ 1900 RPM<\/p>\n<p><strong>Fluxo de ar:<\/strong>\u00a054.3\u00a0CFM (M\u00e1ximo)<\/p>\n<p><strong>Press\u00e3o do ar:<\/strong>\u00a02,83\u00a0mmH20 (M\u00e1ximo)<\/p>\n<p><strong>N\u00edvel de ru\u00eddo:<\/strong> 31\u00a0dB(A) m\u00e1x.<\/p>\n<p><strong>Conector de for\u00e7a:\u00a0<\/strong>4 pinos<\/p>\n<p><strong>Material:<\/strong>\u00a0PA66\/PBT<\/p>\n<p><strong>Tens\u00e3o Nominal:<\/strong>\u00a0DC 12V (Fan) e 5V (LED)<\/p>\n<p><strong>Tens\u00e3o de Opera\u00e7\u00e3o:<\/strong>\u00a0DC12V e 5V<\/p>\n<p><strong>Cor:<\/strong>\u00a0Preto (sem encaixe pretos reversos dos parafusos ,frontal ok)<\/p>\n<p><strong>\u00a0<\/strong><\/p>\n<p><strong>Produto importado e box aberto para simple conferencia da receita federal<\/strong><\/p>\n<p><strong>\u00a0<\/strong><\/p>\n<p><strong>\u00a0<\/strong><\/p>\n<p>&nbsp;<\/p>\n<p><strong>\u00a0<\/strong><\/p>\n<p><strong>\u00a0<\/strong><\/p>\n<p>&nbsp;<\/p>\n<p>&nbsp;<\/p>","protected":false},"featured_media":53246,"comment_status":"open","ping_status":"closed","template":"","meta":[],"product_brand":[],"product_cat":[45],"product_tag":[467,463,464,465,466],"class_list":{"0":"post-53245","1":"product","2":"type-product","3":"status-publish","4":"has-post-thumbnail","6":"product_cat-informatica","7":"product_tag-120-mm","8":"product_tag-fa","9":"product_tag-fan","10":"product_tag-lian-li","11":"product_tag-reverse","12":"product_shipping_class-normal","14":"first","15":"outofstock","16":"featured","17":"shipping-taxable","18":"purchasable","19":"product-type-simple"},"yoast_head":"<!-- This site is optimized with the Yoast SEO plugin v27.4 - https:\/\/yoast.com\/product\/yoast-seo-wordpress\/ -->\n<title>Novo kit 3 Coolers Fans Lian Li TL-LCD 120 Rgb + controladora - Branco - Rapidetech<\/title>\n<meta name=\"description\" content=\"novo cooler fan lian li sl infinity 120 mm rgb reverse s\/ controladora mas na caixa lacrada .Pronta entrega e envio rapido rapidetech\" \/>\n<meta name=\"robots\" content=\"index, follow, max-snippet:-1, max-image-preview:large, max-video-preview:-1\" \/>\n<link rel=\"canonical\" href=\"https:\/\/rapidetech.com.br\/en\/product\/novo-kit-3-coolers-fans-lian-li-tl-lcd-120-rgb-controladora-branco\/\" \/>\n<meta property=\"og:locale\" content=\"en_US\" \/>\n<meta property=\"og:type\" content=\"article\" \/>\n<meta property=\"og:title\" content=\"Novo kit 3 Coolers Fans Lian Li TL-LCD 120 Rgb + controladora - Branco - Rapidetech\" \/>\n<meta property=\"og:description\" content=\"novo cooler fan lian li sl infinity 120 mm rgb reverse s\/ controladora mas na caixa lacrada .Pronta entrega e envio rapido rapidetech\" \/>\n<meta property=\"og:url\" content=\"https:\/\/rapidetech.com.br\/en\/product\/novo-kit-3-coolers-fans-lian-li-tl-lcd-120-rgb-controladora-branco\/\" \/>\n<meta property=\"og:site_name\" content=\"Rapidetech\" \/>\n<meta property=\"article:modified_time\" content=\"2025-03-06T22:45:46+00:00\" \/>\n<meta property=\"og:image\" content=\"https:\/\/rapidetech.com.br\/wp-content\/uploads\/2024\/07\/3-lcd-brancas-com-controladora.webp\" \/>\n\t<meta property=\"og:image:width\" content=\"913\" \/>\n\t<meta property=\"og:image:height\" content=\"949\" \/>\n\t<meta property=\"og:image:type\" content=\"image\/webp\" \/>\n<meta name=\"twitter:card\" content=\"summary_large_image\" \/>\n<meta name=\"twitter:label1\" content=\"Est. reading time\" \/>\n\t<meta name=\"twitter:data1\" content=\"1 minute\" \/>\n<script type=\"application\/ld+json\" class=\"yoast-schema-graph\">{\"@context\":\"https:\\\/\\\/schema.org\",\"@graph\":[{\"@type\":\"WebPage\",\"@id\":\"https:\\\/\\\/rapidetech.com.br\\\/produto\\\/novo-kit-3-coolers-fans-lian-li-tl-lcd-120-rgb-controladora-branco\\\/\",\"url\":\"https:\\\/\\\/rapidetech.com.br\\\/produto\\\/novo-kit-3-coolers-fans-lian-li-tl-lcd-120-rgb-controladora-branco\\\/\",\"name\":\"Novo kit 3 Coolers Fans Lian Li TL-LCD 120 Rgb + controladora - Branco - Rapidetech\",\"isPartOf\":{\"@id\":\"https:\\\/\\\/rapidetech.com.br\\\/#website\"},\"primaryImageOfPage\":{\"@id\":\"https:\\\/\\\/rapidetech.com.br\\\/produto\\\/novo-kit-3-coolers-fans-lian-li-tl-lcd-120-rgb-controladora-branco\\\/#primaryimage\"},\"image\":{\"@id\":\"https:\\\/\\\/rapidetech.com.br\\\/produto\\\/novo-kit-3-coolers-fans-lian-li-tl-lcd-120-rgb-controladora-branco\\\/#primaryimage\"},\"thumbnailUrl\":\"https:\\\/\\\/rapidetech.com.br\\\/wp-content\\\/uploads\\\/2024\\\/07\\\/3-lcd-brancas-com-controladora.webp\",\"datePublished\":\"2024-07-31T21:35:31+00:00\",\"dateModified\":\"2025-03-06T22:45:46+00:00\",\"description\":\"novo cooler fan lian li sl infinity 120 mm rgb reverse s\\\/ controladora mas na caixa lacrada .Pronta entrega e envio rapido rapidetech\",\"breadcrumb\":{\"@id\":\"https:\\\/\\\/rapidetech.com.br\\\/produto\\\/novo-kit-3-coolers-fans-lian-li-tl-lcd-120-rgb-controladora-branco\\\/#breadcrumb\"},\"inLanguage\":\"en-US\",\"potentialAction\":[{\"@type\":\"ReadAction\",\"target\":[\"https:\\\/\\\/rapidetech.com.br\\\/produto\\\/novo-kit-3-coolers-fans-lian-li-tl-lcd-120-rgb-controladora-branco\\\/\"]}]},{\"@type\":\"ImageObject\",\"inLanguage\":\"en-US\",\"@id\":\"https:\\\/\\\/rapidetech.com.br\\\/produto\\\/novo-kit-3-coolers-fans-lian-li-tl-lcd-120-rgb-controladora-branco\\\/#primaryimage\",\"url\":\"https:\\\/\\\/rapidetech.com.br\\\/wp-content\\\/uploads\\\/2024\\\/07\\\/3-lcd-brancas-com-controladora.webp\",\"contentUrl\":\"https:\\\/\\\/rapidetech.com.br\\\/wp-content\\\/uploads\\\/2024\\\/07\\\/3-lcd-brancas-com-controladora.webp\",\"width\":913,\"height\":949},{\"@type\":\"BreadcrumbList\",\"@id\":\"https:\\\/\\\/rapidetech.com.br\\\/produto\\\/novo-kit-3-coolers-fans-lian-li-tl-lcd-120-rgb-controladora-branco\\\/#breadcrumb\",\"itemListElement\":[{\"@type\":\"ListItem\",\"position\":1,\"name\":\"In\u00edcio\",\"item\":\"https:\\\/\\\/rapidetech.com.br\\\/\"},{\"@type\":\"ListItem\",\"position\":2,\"name\":\"Produtos\",\"item\":\"https:\\\/\\\/rapidetech.com.br\\\/produtos\\\/\"},{\"@type\":\"ListItem\",\"position\":3,\"name\":\"Novo kit 3 Coolers Fans Lian Li TL-LCD 120 Rgb + controladora &#8211; Branco\"}]},{\"@type\":\"WebSite\",\"@id\":\"https:\\\/\\\/rapidetech.com.br\\\/#website\",\"url\":\"https:\\\/\\\/rapidetech.com.br\\\/\",\"name\":\"Rapidetech\",\"description\":\"Audio e video\",\"publisher\":{\"@id\":\"https:\\\/\\\/rapidetech.com.br\\\/#organization\"},\"potentialAction\":[{\"@type\":\"SearchAction\",\"target\":{\"@type\":\"EntryPoint\",\"urlTemplate\":\"https:\\\/\\\/rapidetech.com.br\\\/?s={search_term_string}\"},\"query-input\":{\"@type\":\"PropertyValueSpecification\",\"valueRequired\":true,\"valueName\":\"search_term_string\"}}],\"inLanguage\":\"en-US\"},{\"@type\":\"Organization\",\"@id\":\"https:\\\/\\\/rapidetech.com.br\\\/#organization\",\"name\":\"Rapidetech\",\"url\":\"https:\\\/\\\/rapidetech.com.br\\\/\",\"logo\":{\"@type\":\"ImageObject\",\"inLanguage\":\"en-US\",\"@id\":\"https:\\\/\\\/rapidetech.com.br\\\/#\\\/schema\\\/logo\\\/image\\\/\",\"url\":\"https:\\\/\\\/rapidetech.com.br\\\/wp-content\\\/uploads\\\/2022\\\/08\\\/RAPIDETECH-AUDIO-E-VIDEO.jpg\",\"contentUrl\":\"https:\\\/\\\/rapidetech.com.br\\\/wp-content\\\/uploads\\\/2022\\\/08\\\/RAPIDETECH-AUDIO-E-VIDEO.jpg\",\"width\":236,\"height\":213,\"caption\":\"Rapidetech\"},\"image\":{\"@id\":\"https:\\\/\\\/rapidetech.com.br\\\/#\\\/schema\\\/logo\\\/image\\\/\"},\"sameAs\":[\"https:\\\/\\\/rapidetech.com.br\\\/\",\"https:\\\/\\\/www.youtube.com\\\/channel\\\/UCQWlsTr9MvbqwWAekYtMNLQ\"]}]}<\/script>\n<!-- \/ Yoast SEO plugin. -->","yoast_head_json":{"title":"Novo kit 3 Coolers Fans Lian Li TL-LCD 120 Rgb + controladora - Branco - Rapidetech","description":"novo cooler fan lian li sl infinity 120 mm rgb reverse s\/ controladora mas na caixa lacrada .Pronta entrega e envio rapido rapidetech","robots":{"index":"index","follow":"follow","max-snippet":"max-snippet:-1","max-image-preview":"max-image-preview:large","max-video-preview":"max-video-preview:-1"},"canonical":"https:\/\/rapidetech.com.br\/en\/product\/novo-kit-3-coolers-fans-lian-li-tl-lcd-120-rgb-controladora-branco\/","og_locale":"en_US","og_type":"article","og_title":"Novo kit 3 Coolers Fans Lian Li TL-LCD 120 Rgb + controladora - Branco - Rapidetech","og_description":"novo cooler fan lian li sl infinity 120 mm rgb reverse s\/ controladora mas na caixa lacrada .Pronta entrega e envio rapido rapidetech","og_url":"https:\/\/rapidetech.com.br\/en\/product\/novo-kit-3-coolers-fans-lian-li-tl-lcd-120-rgb-controladora-branco\/","og_site_name":"Rapidetech","article_modified_time":"2025-03-06T22:45:46+00:00","og_image":[{"width":913,"height":949,"url":"https:\/\/rapidetech.com.br\/wp-content\/uploads\/2024\/07\/3-lcd-brancas-com-controladora.webp","type":"image\/webp"}],"twitter_card":"summary_large_image","twitter_misc":{"Est. reading time":"1 minute"},"schema":{"@context":"https:\/\/schema.org","@graph":[{"@type":"WebPage","@id":"https:\/\/rapidetech.com.br\/produto\/novo-kit-3-coolers-fans-lian-li-tl-lcd-120-rgb-controladora-branco\/","url":"https:\/\/rapidetech.com.br\/produto\/novo-kit-3-coolers-fans-lian-li-tl-lcd-120-rgb-controladora-branco\/","name":"Novo kit 3 Coolers Fans Lian Li TL-LCD 120 Rgb + controladora - Branco - Rapidetech","isPartOf":{"@id":"https:\/\/rapidetech.com.br\/#website"},"primaryImageOfPage":{"@id":"https:\/\/rapidetech.com.br\/produto\/novo-kit-3-coolers-fans-lian-li-tl-lcd-120-rgb-controladora-branco\/#primaryimage"},"image":{"@id":"https:\/\/rapidetech.com.br\/produto\/novo-kit-3-coolers-fans-lian-li-tl-lcd-120-rgb-controladora-branco\/#primaryimage"},"thumbnailUrl":"https:\/\/rapidetech.com.br\/wp-content\/uploads\/2024\/07\/3-lcd-brancas-com-controladora.webp","datePublished":"2024-07-31T21:35:31+00:00","dateModified":"2025-03-06T22:45:46+00:00","description":"novo cooler fan lian li sl infinity 120 mm rgb reverse s\/ controladora mas na caixa lacrada .Pronta entrega e envio rapido rapidetech","breadcrumb":{"@id":"https:\/\/rapidetech.com.br\/produto\/novo-kit-3-coolers-fans-lian-li-tl-lcd-120-rgb-controladora-branco\/#breadcrumb"},"inLanguage":"en-US","potentialAction":[{"@type":"ReadAction","target":["https:\/\/rapidetech.com.br\/produto\/novo-kit-3-coolers-fans-lian-li-tl-lcd-120-rgb-controladora-branco\/"]}]},{"@type":"ImageObject","inLanguage":"en-US","@id":"https:\/\/rapidetech.com.br\/produto\/novo-kit-3-coolers-fans-lian-li-tl-lcd-120-rgb-controladora-branco\/#primaryimage","url":"https:\/\/rapidetech.com.br\/wp-content\/uploads\/2024\/07\/3-lcd-brancas-com-controladora.webp","contentUrl":"https:\/\/rapidetech.com.br\/wp-content\/uploads\/2024\/07\/3-lcd-brancas-com-controladora.webp","width":913,"height":949},{"@type":"BreadcrumbList","@id":"https:\/\/rapidetech.com.br\/produto\/novo-kit-3-coolers-fans-lian-li-tl-lcd-120-rgb-controladora-branco\/#breadcrumb","itemListElement":[{"@type":"ListItem","position":1,"name":"In\u00edcio","item":"https:\/\/rapidetech.com.br\/"},{"@type":"ListItem","position":2,"name":"Produtos","item":"https:\/\/rapidetech.com.br\/produtos\/"},{"@type":"ListItem","position":3,"name":"Novo kit 3 Coolers Fans Lian Li TL-LCD 120 Rgb + controladora &#8211; Branco"}]},{"@type":"WebSite","@id":"https:\/\/rapidetech.com.br\/#website","url":"https:\/\/rapidetech.com.br\/","name":"Rapidetech","description":"Audio e video","publisher":{"@id":"https:\/\/rapidetech.com.br\/#organization"},"potentialAction":[{"@type":"SearchAction","target":{"@type":"EntryPoint","urlTemplate":"https:\/\/rapidetech.com.br\/?s={search_term_string}"},"query-input":{"@type":"PropertyValueSpecification","valueRequired":true,"valueName":"search_term_string"}}],"inLanguage":"en-US"},{"@type":"Organization","@id":"https:\/\/rapidetech.com.br\/#organization","name":"Rapidetech","url":"https:\/\/rapidetech.com.br\/","logo":{"@type":"ImageObject","inLanguage":"en-US","@id":"https:\/\/rapidetech.com.br\/#\/schema\/logo\/image\/","url":"https:\/\/rapidetech.com.br\/wp-content\/uploads\/2022\/08\/RAPIDETECH-AUDIO-E-VIDEO.jpg","contentUrl":"https:\/\/rapidetech.com.br\/wp-content\/uploads\/2022\/08\/RAPIDETECH-AUDIO-E-VIDEO.jpg","width":236,"height":213,"caption":"Rapidetech"},"image":{"@id":"https:\/\/rapidetech.com.br\/#\/schema\/logo\/image\/"},"sameAs":["https:\/\/rapidetech.com.br\/","https:\/\/www.youtube.com\/channel\/UCQWlsTr9MvbqwWAekYtMNLQ"]}]}},"_links":{"self":[{"href":"https:\/\/rapidetech.com.br\/en\/wp-json\/wp\/v2\/product\/53245","targetHints":{"allow":["GET"]}}],"collection":[{"href":"https:\/\/rapidetech.com.br\/en\/wp-json\/wp\/v2\/product"}],"about":[{"href":"https:\/\/rapidetech.com.br\/en\/wp-json\/wp\/v2\/types\/product"}],"replies":[{"embeddable":true,"href":"https:\/\/rapidetech.com.br\/en\/wp-json\/wp\/v2\/comments?post=53245"}],"version-history":[{"count":0,"href":"https:\/\/rapidetech.com.br\/en\/wp-json\/wp\/v2\/product\/53245\/revisions"}],"wp:featuredmedia":[{"embeddable":true,"href":"https:\/\/rapidetech.com.br\/en\/wp-json\/wp\/v2\/media\/53246"}],"wp:attachment":[{"href":"https:\/\/rapidetech.com.br\/en\/wp-json\/wp\/v2\/media?parent=53245"}],"wp:term":[{"taxonomy":"product_brand","embeddable":true,"href":"https:\/\/rapidetech.com.br\/en\/wp-json\/wp\/v2\/product_brand?post=53245"},{"taxonomy":"product_cat","embeddable":true,"href":"https:\/\/rapidetech.com.br\/en\/wp-json\/wp\/v2\/product_cat?post=53245"},{"taxonomy":"product_tag","embeddable":true,"href":"https:\/\/rapidetech.com.br\/en\/wp-json\/wp\/v2\/product_tag?post=53245"}],"curies":[{"name":"wp","href":"https:\/\/api.w.org\/{rel}","templated":true}]}}