{"id":53265,"date":"2024-08-03T10:13:42","date_gmt":"2024-08-03T13:13:42","guid":{"rendered":"https:\/\/rapidetech.com.br\/?post_type=product&#038;p=53265"},"modified":"2025-01-21T09:26:31","modified_gmt":"2025-01-21T12:26:31","slug":"bose-soundlink-flex","status":"publish","type":"product","link":"https:\/\/rapidetech.com.br\/en\/product\/bose-soundlink-flex\/","title":{"rendered":"Caixa ac\u00fastica port\u00e1til bluetooth Bose soundlink flex ip 67 preta &#8211; Pronta entrega"},"content":{"rendered":"<p><strong>Caixa ac\u00fastica port\u00e1til Bose Soundlink Flex Bluetooth Speaker Black WW FR\u00a0 865983-01R<\/strong><\/p>\n<p>===================================================================<\/p>\n<p>&nbsp;<\/p>\n<p>Som surpreendente. Onde quer que a vida te leve.<br \/>\nUm alto-falante port\u00e1til feito para ir aonde quer que voc\u00ea v\u00e1, o SoundLink Flex \u00e9 o companheiro musical perfeito para dias fora e noites.<\/p>\n<p><em>Pode ainda ser melhor com adi\u00e7\u00e3o de 2 Bose soundlink flex e habilitar o modo est\u00e9reo pelo app Bose connect\u00a0 !\u00a0<\/em><\/p>\n<p>Rigorosamente testado para atender a classifica\u00e7\u00e3o IP67, o SoundLink Flex \u00e9 \u00e0 prova d&#8217;\u00e1gua e \u00e0 prova de poeira por dentro e por fora. Mergulhe-o na \u00e1gua e ele continuar\u00e1 tocando. At\u00e9 flutua. O alto-falante tamb\u00e9m \u00e9 protegido contra poeira, ent\u00e3o voc\u00ea n\u00e3o precisa se preocupar se ficar arenoso na praia.<\/p>\n<p>Som incr\u00edvel em qualquer posi\u00e7\u00e3o<br \/>\nCom sua tecnologia PositionIQ\u2122, o SoundLink Flex se ajusta automaticamente \u00e0 sua orienta\u00e7\u00e3o para otimizar o som. Quer esteja em p\u00e9, deitado de costas ou pendurado em seu loop utilit\u00e1rio resistente a rasgos, voc\u00ea sempre ouvir\u00e1 sua m\u00fasica em tons completos e equilibrados.<\/p>\n<p><strong>Especifica\u00e7\u00f5es:<\/strong><\/p>\n<p>Bateria recarreg\u00e1vel de \u00edons de l\u00edtio<br \/>\nDura\u00e7\u00e3o da bateria at\u00e9 12 horas<br \/>\nTempo de carregamento: aproximadamente 4 horas ao usar o cabo original. O uso de um cabo USB-C ou fonte de alimenta\u00e7\u00e3o de terceiros pode influenciar o tempo de carregamento.<br \/>\nO microfone embutido funciona como uma extens\u00e3o do microfone do seu dispositivo m\u00f3vel.<br \/>\nExterior de silicone de toque suave e grade de a\u00e7o com revestimento em p\u00f3 com al\u00e7a de tecido<br \/>\nO que est\u00e1 na caixa<br \/>\n&#8211; Alto-falante SoundLink Flex<br \/>\n&#8211; Cabo de carregamento USB-C para USB-A (preto)<br \/>\n&#8211; Guia r\u00e1pido<\/p>\n<p>O.B.S H\u00e1 possibilidade de fazer um som est\u00e9reo\u00a0 com 2 soundlink flex junto e pelo app Bose connect\u00a0 !<\/p>","protected":false},"excerpt":{"rendered":"<p><strong>Caixa de Som Bose Soundlink Flex Bluetooth Speaker Black WW FR\u00a0 865983-01R<\/strong><\/p>\n<p>&#8211; Alto-falante SoundLink Flex<br \/>\n&#8211; Cabo de carregamento USB-C para USB-A (preto)<br \/>\n&#8211; Guia r\u00e1pido<\/p>\n<p>Pronta entrega e envio rapido<\/p>","protected":false},"featured_media":53477,"comment_status":"closed","ping_status":"closed","template":"","meta":[],"product_brand":[],"product_cat":[22],"product_tag":[471,92,39,469,492,473,475,470],"class_list":{"0":"post-53265","1":"product","2":"type-product","3":"status-publish","4":"has-post-thumbnail","6":"product_cat-audio","7":"product_tag-alto-falante-bluetooth","8":"product_tag-audio","9":"product_tag-bose","10":"product_tag-bose-soundlink","11":"product_tag-caixa-de-som","12":"product_tag-caixa-portatil","13":"product_tag-case-soundlink-flex-bose","14":"product_tag-som-portatil","16":"first","17":"outofstock","18":"shipping-taxable","19":"purchasable","20":"product-type-simple"},"yoast_head":"<!-- This site is optimized with the Yoast SEO plugin v27.5 - https:\/\/yoast.com\/product\/yoast-seo-wordpress\/ -->\n<title>Caixa ac\u00fastica port\u00e1til bluetooth Bose soundlink flex ip 67 preta - Pronta entrega - Rapidetech<\/title>\n<meta name=\"description\" content=\"- Alto-falante Bose SoundLink Flex\u00a0- Cabo de carregamento USB-C para USB-A (preto)\" \/>\n<meta name=\"robots\" content=\"index, follow, max-snippet:-1, max-image-preview:large, max-video-preview:-1\" \/>\n<link rel=\"canonical\" href=\"https:\/\/rapidetech.com.br\/en\/product\/bose-soundlink-flex\/\" \/>\n<meta property=\"og:locale\" content=\"en_US\" \/>\n<meta property=\"og:type\" content=\"article\" \/>\n<meta property=\"og:title\" content=\"Caixa ac\u00fastica port\u00e1til bluetooth Bose soundlink flex ip 67 preta - Pronta entrega - Rapidetech\" \/>\n<meta property=\"og:description\" content=\"- Alto-falante Bose SoundLink Flex\u00a0- Cabo de carregamento USB-C para USB-A (preto)\" \/>\n<meta property=\"og:url\" content=\"https:\/\/rapidetech.com.br\/en\/product\/bose-soundlink-flex\/\" \/>\n<meta property=\"og:site_name\" content=\"Rapidetech\" \/>\n<meta property=\"article:modified_time\" content=\"2025-01-21T12:26:31+00:00\" \/>\n<meta property=\"og:image\" content=\"https:\/\/rapidetech.com.br\/wp-content\/uploads\/2024\/08\/AnyConv.com__Imagem-do-WhatsApp-de-2024-08-26-as-15.05.22_e4ebb407-Copia-1.webp\" \/>\n\t<meta property=\"og:image:width\" content=\"1280\" \/>\n\t<meta property=\"og:image:height\" content=\"960\" \/>\n\t<meta property=\"og:image:type\" content=\"image\/webp\" \/>\n<meta name=\"twitter:card\" content=\"summary_large_image\" \/>\n<meta name=\"twitter:label1\" content=\"Est. reading time\" \/>\n\t<meta name=\"twitter:data1\" content=\"2 minutes\" \/>\n<script type=\"application\/ld+json\" class=\"yoast-schema-graph\">{\"@context\":\"https:\\\/\\\/schema.org\",\"@graph\":[{\"@type\":\"WebPage\",\"@id\":\"https:\\\/\\\/rapidetech.com.br\\\/produto\\\/bose-soundlink-flex\\\/\",\"url\":\"https:\\\/\\\/rapidetech.com.br\\\/produto\\\/bose-soundlink-flex\\\/\",\"name\":\"Caixa ac\u00fastica port\u00e1til bluetooth Bose soundlink flex ip 67 preta - Pronta entrega - Rapidetech\",\"isPartOf\":{\"@id\":\"https:\\\/\\\/rapidetech.com.br\\\/#website\"},\"primaryImageOfPage\":{\"@id\":\"https:\\\/\\\/rapidetech.com.br\\\/produto\\\/bose-soundlink-flex\\\/#primaryimage\"},\"image\":{\"@id\":\"https:\\\/\\\/rapidetech.com.br\\\/produto\\\/bose-soundlink-flex\\\/#primaryimage\"},\"thumbnailUrl\":\"https:\\\/\\\/rapidetech.com.br\\\/wp-content\\\/uploads\\\/2024\\\/08\\\/AnyConv.com__Imagem-do-WhatsApp-de-2024-08-26-as-15.05.22_e4ebb407-Copia-1.webp\",\"datePublished\":\"2024-08-03T13:13:42+00:00\",\"dateModified\":\"2025-01-21T12:26:31+00:00\",\"description\":\"- Alto-falante Bose SoundLink Flex\u00a0- Cabo de carregamento USB-C para USB-A (preto)\",\"breadcrumb\":{\"@id\":\"https:\\\/\\\/rapidetech.com.br\\\/produto\\\/bose-soundlink-flex\\\/#breadcrumb\"},\"inLanguage\":\"en-US\",\"potentialAction\":[{\"@type\":\"ReadAction\",\"target\":[\"https:\\\/\\\/rapidetech.com.br\\\/produto\\\/bose-soundlink-flex\\\/\"]}]},{\"@type\":\"ImageObject\",\"inLanguage\":\"en-US\",\"@id\":\"https:\\\/\\\/rapidetech.com.br\\\/produto\\\/bose-soundlink-flex\\\/#primaryimage\",\"url\":\"https:\\\/\\\/rapidetech.com.br\\\/wp-content\\\/uploads\\\/2024\\\/08\\\/AnyConv.com__Imagem-do-WhatsApp-de-2024-08-26-as-15.05.22_e4ebb407-Copia-1.webp\",\"contentUrl\":\"https:\\\/\\\/rapidetech.com.br\\\/wp-content\\\/uploads\\\/2024\\\/08\\\/AnyConv.com__Imagem-do-WhatsApp-de-2024-08-26-as-15.05.22_e4ebb407-Copia-1.webp\",\"width\":1280,\"height\":960},{\"@type\":\"BreadcrumbList\",\"@id\":\"https:\\\/\\\/rapidetech.com.br\\\/produto\\\/bose-soundlink-flex\\\/#breadcrumb\",\"itemListElement\":[{\"@type\":\"ListItem\",\"position\":1,\"name\":\"In\u00edcio\",\"item\":\"https:\\\/\\\/rapidetech.com.br\\\/\"},{\"@type\":\"ListItem\",\"position\":2,\"name\":\"Produtos\",\"item\":\"https:\\\/\\\/rapidetech.com.br\\\/produtos\\\/\"},{\"@type\":\"ListItem\",\"position\":3,\"name\":\"Caixa ac\u00fastica port\u00e1til bluetooth Bose soundlink flex ip 67 preta &#8211; Pronta entrega\"}]},{\"@type\":\"WebSite\",\"@id\":\"https:\\\/\\\/rapidetech.com.br\\\/#website\",\"url\":\"https:\\\/\\\/rapidetech.com.br\\\/\",\"name\":\"Rapidetech\",\"description\":\"Audio e video\",\"publisher\":{\"@id\":\"https:\\\/\\\/rapidetech.com.br\\\/#organization\"},\"potentialAction\":[{\"@type\":\"SearchAction\",\"target\":{\"@type\":\"EntryPoint\",\"urlTemplate\":\"https:\\\/\\\/rapidetech.com.br\\\/?s={search_term_string}\"},\"query-input\":{\"@type\":\"PropertyValueSpecification\",\"valueRequired\":true,\"valueName\":\"search_term_string\"}}],\"inLanguage\":\"en-US\"},{\"@type\":\"Organization\",\"@id\":\"https:\\\/\\\/rapidetech.com.br\\\/#organization\",\"name\":\"Rapidetech\",\"url\":\"https:\\\/\\\/rapidetech.com.br\\\/\",\"logo\":{\"@type\":\"ImageObject\",\"inLanguage\":\"en-US\",\"@id\":\"https:\\\/\\\/rapidetech.com.br\\\/#\\\/schema\\\/logo\\\/image\\\/\",\"url\":\"https:\\\/\\\/rapidetech.com.br\\\/wp-content\\\/uploads\\\/2022\\\/08\\\/RAPIDETECH-AUDIO-E-VIDEO.jpg\",\"contentUrl\":\"https:\\\/\\\/rapidetech.com.br\\\/wp-content\\\/uploads\\\/2022\\\/08\\\/RAPIDETECH-AUDIO-E-VIDEO.jpg\",\"width\":236,\"height\":213,\"caption\":\"Rapidetech\"},\"image\":{\"@id\":\"https:\\\/\\\/rapidetech.com.br\\\/#\\\/schema\\\/logo\\\/image\\\/\"},\"sameAs\":[\"https:\\\/\\\/rapidetech.com.br\\\/\",\"https:\\\/\\\/www.youtube.com\\\/channel\\\/UCQWlsTr9MvbqwWAekYtMNLQ\"]}]}<\/script>\n<!-- \/ Yoast SEO plugin. -->","yoast_head_json":{"title":"Caixa ac\u00fastica port\u00e1til bluetooth Bose soundlink flex ip 67 preta - Pronta entrega - Rapidetech","description":"- Alto-falante Bose SoundLink Flex\u00a0- Cabo de carregamento USB-C para USB-A (preto)","robots":{"index":"index","follow":"follow","max-snippet":"max-snippet:-1","max-image-preview":"max-image-preview:large","max-video-preview":"max-video-preview:-1"},"canonical":"https:\/\/rapidetech.com.br\/en\/product\/bose-soundlink-flex\/","og_locale":"en_US","og_type":"article","og_title":"Caixa ac\u00fastica port\u00e1til bluetooth Bose soundlink flex ip 67 preta - Pronta entrega - Rapidetech","og_description":"- Alto-falante Bose SoundLink Flex\u00a0- Cabo de carregamento USB-C para USB-A (preto)","og_url":"https:\/\/rapidetech.com.br\/en\/product\/bose-soundlink-flex\/","og_site_name":"Rapidetech","article_modified_time":"2025-01-21T12:26:31+00:00","og_image":[{"width":1280,"height":960,"url":"https:\/\/rapidetech.com.br\/wp-content\/uploads\/2024\/08\/AnyConv.com__Imagem-do-WhatsApp-de-2024-08-26-as-15.05.22_e4ebb407-Copia-1.webp","type":"image\/webp"}],"twitter_card":"summary_large_image","twitter_misc":{"Est. reading time":"2 minutes"},"schema":{"@context":"https:\/\/schema.org","@graph":[{"@type":"WebPage","@id":"https:\/\/rapidetech.com.br\/produto\/bose-soundlink-flex\/","url":"https:\/\/rapidetech.com.br\/produto\/bose-soundlink-flex\/","name":"Caixa ac\u00fastica port\u00e1til bluetooth Bose soundlink flex ip 67 preta - Pronta entrega - Rapidetech","isPartOf":{"@id":"https:\/\/rapidetech.com.br\/#website"},"primaryImageOfPage":{"@id":"https:\/\/rapidetech.com.br\/produto\/bose-soundlink-flex\/#primaryimage"},"image":{"@id":"https:\/\/rapidetech.com.br\/produto\/bose-soundlink-flex\/#primaryimage"},"thumbnailUrl":"https:\/\/rapidetech.com.br\/wp-content\/uploads\/2024\/08\/AnyConv.com__Imagem-do-WhatsApp-de-2024-08-26-as-15.05.22_e4ebb407-Copia-1.webp","datePublished":"2024-08-03T13:13:42+00:00","dateModified":"2025-01-21T12:26:31+00:00","description":"- Alto-falante Bose SoundLink Flex\u00a0- Cabo de carregamento USB-C para USB-A (preto)","breadcrumb":{"@id":"https:\/\/rapidetech.com.br\/produto\/bose-soundlink-flex\/#breadcrumb"},"inLanguage":"en-US","potentialAction":[{"@type":"ReadAction","target":["https:\/\/rapidetech.com.br\/produto\/bose-soundlink-flex\/"]}]},{"@type":"ImageObject","inLanguage":"en-US","@id":"https:\/\/rapidetech.com.br\/produto\/bose-soundlink-flex\/#primaryimage","url":"https:\/\/rapidetech.com.br\/wp-content\/uploads\/2024\/08\/AnyConv.com__Imagem-do-WhatsApp-de-2024-08-26-as-15.05.22_e4ebb407-Copia-1.webp","contentUrl":"https:\/\/rapidetech.com.br\/wp-content\/uploads\/2024\/08\/AnyConv.com__Imagem-do-WhatsApp-de-2024-08-26-as-15.05.22_e4ebb407-Copia-1.webp","width":1280,"height":960},{"@type":"BreadcrumbList","@id":"https:\/\/rapidetech.com.br\/produto\/bose-soundlink-flex\/#breadcrumb","itemListElement":[{"@type":"ListItem","position":1,"name":"In\u00edcio","item":"https:\/\/rapidetech.com.br\/"},{"@type":"ListItem","position":2,"name":"Produtos","item":"https:\/\/rapidetech.com.br\/produtos\/"},{"@type":"ListItem","position":3,"name":"Caixa ac\u00fastica port\u00e1til bluetooth Bose soundlink flex ip 67 preta &#8211; Pronta entrega"}]},{"@type":"WebSite","@id":"https:\/\/rapidetech.com.br\/#website","url":"https:\/\/rapidetech.com.br\/","name":"Rapidetech","description":"Audio e video","publisher":{"@id":"https:\/\/rapidetech.com.br\/#organization"},"potentialAction":[{"@type":"SearchAction","target":{"@type":"EntryPoint","urlTemplate":"https:\/\/rapidetech.com.br\/?s={search_term_string}"},"query-input":{"@type":"PropertyValueSpecification","valueRequired":true,"valueName":"search_term_string"}}],"inLanguage":"en-US"},{"@type":"Organization","@id":"https:\/\/rapidetech.com.br\/#organization","name":"Rapidetech","url":"https:\/\/rapidetech.com.br\/","logo":{"@type":"ImageObject","inLanguage":"en-US","@id":"https:\/\/rapidetech.com.br\/#\/schema\/logo\/image\/","url":"https:\/\/rapidetech.com.br\/wp-content\/uploads\/2022\/08\/RAPIDETECH-AUDIO-E-VIDEO.jpg","contentUrl":"https:\/\/rapidetech.com.br\/wp-content\/uploads\/2022\/08\/RAPIDETECH-AUDIO-E-VIDEO.jpg","width":236,"height":213,"caption":"Rapidetech"},"image":{"@id":"https:\/\/rapidetech.com.br\/#\/schema\/logo\/image\/"},"sameAs":["https:\/\/rapidetech.com.br\/","https:\/\/www.youtube.com\/channel\/UCQWlsTr9MvbqwWAekYtMNLQ"]}]}},"_links":{"self":[{"href":"https:\/\/rapidetech.com.br\/en\/wp-json\/wp\/v2\/product\/53265","targetHints":{"allow":["GET"]}}],"collection":[{"href":"https:\/\/rapidetech.com.br\/en\/wp-json\/wp\/v2\/product"}],"about":[{"href":"https:\/\/rapidetech.com.br\/en\/wp-json\/wp\/v2\/types\/product"}],"replies":[{"embeddable":true,"href":"https:\/\/rapidetech.com.br\/en\/wp-json\/wp\/v2\/comments?post=53265"}],"version-history":[{"count":0,"href":"https:\/\/rapidetech.com.br\/en\/wp-json\/wp\/v2\/product\/53265\/revisions"}],"wp:featuredmedia":[{"embeddable":true,"href":"https:\/\/rapidetech.com.br\/en\/wp-json\/wp\/v2\/media\/53477"}],"wp:attachment":[{"href":"https:\/\/rapidetech.com.br\/en\/wp-json\/wp\/v2\/media?parent=53265"}],"wp:term":[{"taxonomy":"product_brand","embeddable":true,"href":"https:\/\/rapidetech.com.br\/en\/wp-json\/wp\/v2\/product_brand?post=53265"},{"taxonomy":"product_cat","embeddable":true,"href":"https:\/\/rapidetech.com.br\/en\/wp-json\/wp\/v2\/product_cat?post=53265"},{"taxonomy":"product_tag","embeddable":true,"href":"https:\/\/rapidetech.com.br\/en\/wp-json\/wp\/v2\/product_tag?post=53265"}],"curies":[{"name":"wp","href":"https:\/\/api.w.org\/{rel}","templated":true}]}}