{"id":535,"date":"2020-01-02T17:23:17","date_gmt":"2020-01-02T20:23:17","guid":{"rendered":"http:\/\/rapidetech.com.br\/?post_type=product&#038;p=535"},"modified":"2025-10-19T10:49:13","modified_gmt":"2025-10-19T13:49:13","slug":"kit-10-plugs-adaptadores-p2-p10","status":"publish","type":"product","link":"https:\/\/rapidetech.com.br\/en\/product\/kit-10-plugs-adaptadores-p2-p10\/","title":{"rendered":"Kit 10 plugs adaptadores p2\/p10"},"content":{"rendered":"<h1>Kit 10 plugs adaptadores p2\/p10<\/h1>\n<h3>Descri\u00e7\u00e3o do adaptador p2\/p10:<\/h3>\n<ul>\n<li>Alta qualidade 24 k gold para maior defini\u00e7\u00e3o de \u00e1udio<\/li>\n<li>F\u00eamea e macho<\/li>\n<li>Conectores de ouro-banhado a resistir \u00e0 corros\u00e3o e garantir o m\u00ednimo de perda de sinal.<\/li>\n<li>Feito de lat\u00e3o s\u00f3lido de cobre, com uma vida \u00fatil muito mais longa em compara\u00e7\u00e3o com os de pl\u00e1stico.<\/li>\n<\/ul>\n<p>Conte\u00fado da embalagem:<\/p>\n<ul>\n<li>10 plugs \u00a0Adaptador P2 P10 Stereo 24 k gold<\/li>\n<\/ul>\n<h3><strong>Plug P2\/P10 24K \u00e9 compat\u00edvel com:<\/strong><\/h3>\n<ul>\n<li>Koss Akg Sony<\/li>\n<li>Sennheiser<\/li>\n<li>Bowers wilkings<\/li>\n<li>Aceita entrada stereo de 3,5 mm (fone de ouvido)<\/li>\n<li>Converte a entrada para 6,5mm stereo<\/li>\n<li>Ideal para plugar em receiver ou DAC ou amplificador<\/li>\n<\/ul>\n<p>&nbsp;<\/p>","protected":false},"excerpt":{"rendered":"<h3>adaptador p2\/p10:<\/h3>\n<ul>\n<li>Alta qualidade 24 k gold para maior defini\u00e7\u00e3o de \u00e1udio<\/li>\n<li>F\u00eamea e macho<\/li>\n<li>Conectores de ouro-banhado a resistir \u00e0 corros\u00e3o e garantir o m\u00ednimo de perda de sinal.<\/li>\n<li>Feito de lat\u00e3o s\u00f3lido de cobre, com uma vida \u00fatil muito mais longa em compara\u00e7\u00e3o com os de pl\u00e1stico.<\/li>\n<\/ul>\n<p>Conte\u00fado da embalagem:<\/p>\n<ul>\n<li>10 plugs \u00a0Adaptador P2 P10 Stereo 24 k gold<\/li>\n<\/ul>","protected":false},"featured_media":45219,"comment_status":"closed","ping_status":"closed","template":"","meta":[],"product_brand":[],"product_cat":[18,22,515],"product_tag":[78,77,61],"class_list":{"0":"post-535","1":"product","2":"type-product","3":"status-publish","4":"has-post-thumbnail","6":"product_cat-accessorios","7":"product_cat-audio","8":"product_cat-plugs","9":"product_tag-adaptador-p2-p10","10":"product_tag-fones","11":"product_tag-receiver","12":"product_shipping_class-normal","14":"first","15":"instock","16":"purchasable","17":"product-type-simple"},"yoast_head":"<!-- This site is optimized with the Yoast SEO plugin v27.4 - https:\/\/yoast.com\/product\/yoast-seo-wordpress\/ -->\n<title>Kit 10 plugs adaptadores p2\/p10 - Rapidetech<\/title>\n<meta name=\"robots\" content=\"index, follow, max-snippet:-1, max-image-preview:large, max-video-preview:-1\" \/>\n<link rel=\"canonical\" href=\"https:\/\/rapidetech.com.br\/en\/product\/kit-10-plugs-adaptadores-p2-p10\/\" \/>\n<meta property=\"og:locale\" content=\"en_US\" \/>\n<meta property=\"og:type\" content=\"article\" \/>\n<meta property=\"og:title\" content=\"Kit 10 plugs adaptadores p2\/p10 - Rapidetech\" \/>\n<meta property=\"og:description\" content=\"adaptador p2\/p10:   Alta qualidade 24 k gold para maior defini\u00e7\u00e3o de \u00e1udio  F\u00eamea e macho  Conectores de ouro-banhado a resistir \u00e0 corros\u00e3o e garantir o m\u00ednimo de perda de sinal.  Feito de lat\u00e3o s\u00f3lido de cobre, com uma vida \u00fatil muito mais longa em compara\u00e7\u00e3o com os de pl\u00e1stico.  Conte\u00fado da embalagem:   10 plugs \u00a0Adaptador P2 P10 Stereo 24 k gold\" \/>\n<meta property=\"og:url\" content=\"https:\/\/rapidetech.com.br\/en\/product\/kit-10-plugs-adaptadores-p2-p10\/\" \/>\n<meta property=\"og:site_name\" content=\"Rapidetech\" \/>\n<meta property=\"article:modified_time\" content=\"2025-10-19T13:49:13+00:00\" \/>\n<meta property=\"og:image\" content=\"https:\/\/rapidetech.com.br\/wp-content\/uploads\/2020\/01\/AnyConv.com___DSC1058-1-e1694003359433.webp\" \/>\n\t<meta property=\"og:image:width\" content=\"500\" \/>\n\t<meta property=\"og:image:height\" content=\"500\" \/>\n\t<meta property=\"og:image:type\" content=\"image\/webp\" \/>\n<meta name=\"twitter:card\" content=\"summary_large_image\" \/>\n<meta name=\"twitter:label1\" content=\"Est. reading time\" \/>\n\t<meta name=\"twitter:data1\" content=\"1 minute\" \/>\n<script type=\"application\/ld+json\" class=\"yoast-schema-graph\">{\"@context\":\"https:\\\/\\\/schema.org\",\"@graph\":[{\"@type\":\"WebPage\",\"@id\":\"https:\\\/\\\/rapidetech.com.br\\\/produto\\\/kit-10-plugs-adaptadores-p2-p10\\\/\",\"url\":\"https:\\\/\\\/rapidetech.com.br\\\/produto\\\/kit-10-plugs-adaptadores-p2-p10\\\/\",\"name\":\"Kit 10 plugs adaptadores p2\\\/p10 - Rapidetech\",\"isPartOf\":{\"@id\":\"https:\\\/\\\/rapidetech.com.br\\\/#website\"},\"primaryImageOfPage\":{\"@id\":\"https:\\\/\\\/rapidetech.com.br\\\/produto\\\/kit-10-plugs-adaptadores-p2-p10\\\/#primaryimage\"},\"image\":{\"@id\":\"https:\\\/\\\/rapidetech.com.br\\\/produto\\\/kit-10-plugs-adaptadores-p2-p10\\\/#primaryimage\"},\"thumbnailUrl\":\"https:\\\/\\\/rapidetech.com.br\\\/wp-content\\\/uploads\\\/2020\\\/01\\\/AnyConv.com___DSC1058-1-e1694003359433.webp\",\"datePublished\":\"2020-01-02T20:23:17+00:00\",\"dateModified\":\"2025-10-19T13:49:13+00:00\",\"breadcrumb\":{\"@id\":\"https:\\\/\\\/rapidetech.com.br\\\/produto\\\/kit-10-plugs-adaptadores-p2-p10\\\/#breadcrumb\"},\"inLanguage\":\"en-US\",\"potentialAction\":[{\"@type\":\"ReadAction\",\"target\":[\"https:\\\/\\\/rapidetech.com.br\\\/produto\\\/kit-10-plugs-adaptadores-p2-p10\\\/\"]}]},{\"@type\":\"ImageObject\",\"inLanguage\":\"en-US\",\"@id\":\"https:\\\/\\\/rapidetech.com.br\\\/produto\\\/kit-10-plugs-adaptadores-p2-p10\\\/#primaryimage\",\"url\":\"https:\\\/\\\/rapidetech.com.br\\\/wp-content\\\/uploads\\\/2020\\\/01\\\/AnyConv.com___DSC1058-1-e1694003359433.webp\",\"contentUrl\":\"https:\\\/\\\/rapidetech.com.br\\\/wp-content\\\/uploads\\\/2020\\\/01\\\/AnyConv.com___DSC1058-1-e1694003359433.webp\",\"width\":500,\"height\":500},{\"@type\":\"BreadcrumbList\",\"@id\":\"https:\\\/\\\/rapidetech.com.br\\\/produto\\\/kit-10-plugs-adaptadores-p2-p10\\\/#breadcrumb\",\"itemListElement\":[{\"@type\":\"ListItem\",\"position\":1,\"name\":\"In\u00edcio\",\"item\":\"https:\\\/\\\/rapidetech.com.br\\\/\"},{\"@type\":\"ListItem\",\"position\":2,\"name\":\"Produtos\",\"item\":\"https:\\\/\\\/rapidetech.com.br\\\/produtos\\\/\"},{\"@type\":\"ListItem\",\"position\":3,\"name\":\"Kit 10 plugs adaptadores p2\\\/p10\"}]},{\"@type\":\"WebSite\",\"@id\":\"https:\\\/\\\/rapidetech.com.br\\\/#website\",\"url\":\"https:\\\/\\\/rapidetech.com.br\\\/\",\"name\":\"Rapidetech\",\"description\":\"Audio e video\",\"publisher\":{\"@id\":\"https:\\\/\\\/rapidetech.com.br\\\/#organization\"},\"potentialAction\":[{\"@type\":\"SearchAction\",\"target\":{\"@type\":\"EntryPoint\",\"urlTemplate\":\"https:\\\/\\\/rapidetech.com.br\\\/?s={search_term_string}\"},\"query-input\":{\"@type\":\"PropertyValueSpecification\",\"valueRequired\":true,\"valueName\":\"search_term_string\"}}],\"inLanguage\":\"en-US\"},{\"@type\":\"Organization\",\"@id\":\"https:\\\/\\\/rapidetech.com.br\\\/#organization\",\"name\":\"Rapidetech\",\"url\":\"https:\\\/\\\/rapidetech.com.br\\\/\",\"logo\":{\"@type\":\"ImageObject\",\"inLanguage\":\"en-US\",\"@id\":\"https:\\\/\\\/rapidetech.com.br\\\/#\\\/schema\\\/logo\\\/image\\\/\",\"url\":\"https:\\\/\\\/rapidetech.com.br\\\/wp-content\\\/uploads\\\/2022\\\/08\\\/RAPIDETECH-AUDIO-E-VIDEO.jpg\",\"contentUrl\":\"https:\\\/\\\/rapidetech.com.br\\\/wp-content\\\/uploads\\\/2022\\\/08\\\/RAPIDETECH-AUDIO-E-VIDEO.jpg\",\"width\":236,\"height\":213,\"caption\":\"Rapidetech\"},\"image\":{\"@id\":\"https:\\\/\\\/rapidetech.com.br\\\/#\\\/schema\\\/logo\\\/image\\\/\"},\"sameAs\":[\"https:\\\/\\\/rapidetech.com.br\\\/\",\"https:\\\/\\\/www.youtube.com\\\/channel\\\/UCQWlsTr9MvbqwWAekYtMNLQ\"]}]}<\/script>\n<!-- \/ Yoast SEO plugin. -->","yoast_head_json":{"title":"Kit 10 plugs adaptadores p2\/p10 - Rapidetech","robots":{"index":"index","follow":"follow","max-snippet":"max-snippet:-1","max-image-preview":"max-image-preview:large","max-video-preview":"max-video-preview:-1"},"canonical":"https:\/\/rapidetech.com.br\/en\/product\/kit-10-plugs-adaptadores-p2-p10\/","og_locale":"en_US","og_type":"article","og_title":"Kit 10 plugs adaptadores p2\/p10 - Rapidetech","og_description":"adaptador p2\/p10:   Alta qualidade 24 k gold para maior defini\u00e7\u00e3o de \u00e1udio  F\u00eamea e macho  Conectores de ouro-banhado a resistir \u00e0 corros\u00e3o e garantir o m\u00ednimo de perda de sinal.  Feito de lat\u00e3o s\u00f3lido de cobre, com uma vida \u00fatil muito mais longa em compara\u00e7\u00e3o com os de pl\u00e1stico.  Conte\u00fado da embalagem:   10 plugs \u00a0Adaptador P2 P10 Stereo 24 k gold","og_url":"https:\/\/rapidetech.com.br\/en\/product\/kit-10-plugs-adaptadores-p2-p10\/","og_site_name":"Rapidetech","article_modified_time":"2025-10-19T13:49:13+00:00","og_image":[{"width":500,"height":500,"url":"https:\/\/rapidetech.com.br\/wp-content\/uploads\/2020\/01\/AnyConv.com___DSC1058-1-e1694003359433.webp","type":"image\/webp"}],"twitter_card":"summary_large_image","twitter_misc":{"Est. reading time":"1 minute"},"schema":{"@context":"https:\/\/schema.org","@graph":[{"@type":"WebPage","@id":"https:\/\/rapidetech.com.br\/produto\/kit-10-plugs-adaptadores-p2-p10\/","url":"https:\/\/rapidetech.com.br\/produto\/kit-10-plugs-adaptadores-p2-p10\/","name":"Kit 10 plugs adaptadores p2\/p10 - Rapidetech","isPartOf":{"@id":"https:\/\/rapidetech.com.br\/#website"},"primaryImageOfPage":{"@id":"https:\/\/rapidetech.com.br\/produto\/kit-10-plugs-adaptadores-p2-p10\/#primaryimage"},"image":{"@id":"https:\/\/rapidetech.com.br\/produto\/kit-10-plugs-adaptadores-p2-p10\/#primaryimage"},"thumbnailUrl":"https:\/\/rapidetech.com.br\/wp-content\/uploads\/2020\/01\/AnyConv.com___DSC1058-1-e1694003359433.webp","datePublished":"2020-01-02T20:23:17+00:00","dateModified":"2025-10-19T13:49:13+00:00","breadcrumb":{"@id":"https:\/\/rapidetech.com.br\/produto\/kit-10-plugs-adaptadores-p2-p10\/#breadcrumb"},"inLanguage":"en-US","potentialAction":[{"@type":"ReadAction","target":["https:\/\/rapidetech.com.br\/produto\/kit-10-plugs-adaptadores-p2-p10\/"]}]},{"@type":"ImageObject","inLanguage":"en-US","@id":"https:\/\/rapidetech.com.br\/produto\/kit-10-plugs-adaptadores-p2-p10\/#primaryimage","url":"https:\/\/rapidetech.com.br\/wp-content\/uploads\/2020\/01\/AnyConv.com___DSC1058-1-e1694003359433.webp","contentUrl":"https:\/\/rapidetech.com.br\/wp-content\/uploads\/2020\/01\/AnyConv.com___DSC1058-1-e1694003359433.webp","width":500,"height":500},{"@type":"BreadcrumbList","@id":"https:\/\/rapidetech.com.br\/produto\/kit-10-plugs-adaptadores-p2-p10\/#breadcrumb","itemListElement":[{"@type":"ListItem","position":1,"name":"In\u00edcio","item":"https:\/\/rapidetech.com.br\/"},{"@type":"ListItem","position":2,"name":"Produtos","item":"https:\/\/rapidetech.com.br\/produtos\/"},{"@type":"ListItem","position":3,"name":"Kit 10 plugs adaptadores p2\/p10"}]},{"@type":"WebSite","@id":"https:\/\/rapidetech.com.br\/#website","url":"https:\/\/rapidetech.com.br\/","name":"Rapidetech","description":"Audio e video","publisher":{"@id":"https:\/\/rapidetech.com.br\/#organization"},"potentialAction":[{"@type":"SearchAction","target":{"@type":"EntryPoint","urlTemplate":"https:\/\/rapidetech.com.br\/?s={search_term_string}"},"query-input":{"@type":"PropertyValueSpecification","valueRequired":true,"valueName":"search_term_string"}}],"inLanguage":"en-US"},{"@type":"Organization","@id":"https:\/\/rapidetech.com.br\/#organization","name":"Rapidetech","url":"https:\/\/rapidetech.com.br\/","logo":{"@type":"ImageObject","inLanguage":"en-US","@id":"https:\/\/rapidetech.com.br\/#\/schema\/logo\/image\/","url":"https:\/\/rapidetech.com.br\/wp-content\/uploads\/2022\/08\/RAPIDETECH-AUDIO-E-VIDEO.jpg","contentUrl":"https:\/\/rapidetech.com.br\/wp-content\/uploads\/2022\/08\/RAPIDETECH-AUDIO-E-VIDEO.jpg","width":236,"height":213,"caption":"Rapidetech"},"image":{"@id":"https:\/\/rapidetech.com.br\/#\/schema\/logo\/image\/"},"sameAs":["https:\/\/rapidetech.com.br\/","https:\/\/www.youtube.com\/channel\/UCQWlsTr9MvbqwWAekYtMNLQ"]}]}},"_links":{"self":[{"href":"https:\/\/rapidetech.com.br\/en\/wp-json\/wp\/v2\/product\/535","targetHints":{"allow":["GET"]}}],"collection":[{"href":"https:\/\/rapidetech.com.br\/en\/wp-json\/wp\/v2\/product"}],"about":[{"href":"https:\/\/rapidetech.com.br\/en\/wp-json\/wp\/v2\/types\/product"}],"replies":[{"embeddable":true,"href":"https:\/\/rapidetech.com.br\/en\/wp-json\/wp\/v2\/comments?post=535"}],"version-history":[{"count":0,"href":"https:\/\/rapidetech.com.br\/en\/wp-json\/wp\/v2\/product\/535\/revisions"}],"wp:featuredmedia":[{"embeddable":true,"href":"https:\/\/rapidetech.com.br\/en\/wp-json\/wp\/v2\/media\/45219"}],"wp:attachment":[{"href":"https:\/\/rapidetech.com.br\/en\/wp-json\/wp\/v2\/media?parent=535"}],"wp:term":[{"taxonomy":"product_brand","embeddable":true,"href":"https:\/\/rapidetech.com.br\/en\/wp-json\/wp\/v2\/product_brand?post=535"},{"taxonomy":"product_cat","embeddable":true,"href":"https:\/\/rapidetech.com.br\/en\/wp-json\/wp\/v2\/product_cat?post=535"},{"taxonomy":"product_tag","embeddable":true,"href":"https:\/\/rapidetech.com.br\/en\/wp-json\/wp\/v2\/product_tag?post=535"}],"curies":[{"name":"wp","href":"https:\/\/api.w.org\/{rel}","templated":true}]}}