{"id":53504,"date":"2024-08-29T12:56:54","date_gmt":"2024-08-29T15:56:54","guid":{"rendered":"https:\/\/rapidetech.com.br\/?post_type=product&#038;p=53504"},"modified":"2026-01-24T20:15:13","modified_gmt":"2026-01-24T23:15:13","slug":"case-de-protecao-multiuso-para-bose-soundlink-flex-preto","status":"publish","type":"product","link":"https:\/\/rapidetech.com.br\/en\/product\/case-de-protecao-multiuso-para-bose-soundlink-flex-preto\/","title":{"rendered":"Case de prote\u00e7\u00e3o  multiuso para Bose soundlink flex preto"},"content":{"rendered":"<h1><b>Case multiuso para Bose soundlink flex em TECIDO E EVA\u00a0 :<\/b><span style=\"font-weight: 400;\">\u00a0<\/span><\/h1>\n<h2><b>\u00a0Descri\u00e7\u00e3o do <\/b><b>Case\u00a0\u00a0<\/b><\/h2>\n<ul>\n<li style=\"font-weight: 400;\"><span style=\"font-weight: 400;\">Case para prote\u00e7\u00e3o de HD externo<\/span><\/li>\n<li style=\"font-weight: 400;\"><span style=\"font-weight: 400;\">Material: EVA e Nylon<\/span><\/li>\n<li style=\"font-weight: 400;\"><span style=\"font-weight: 400;\">Dimens\u00e3o: 22 x 10 x 7.5 cm (Comprimento * Largura * Altura)<\/span><\/li>\n<li style=\"font-weight: 400;\"><span style=\"font-weight: 400;\">1 Compartimento interno\u00a0 de prote\u00e7\u00e3o e acomoda\u00e7\u00e3o de cabos e carregador\u00a0<\/span><\/li>\n<li>Peso :170 g<\/li>\n<\/ul>\n<p>&nbsp;<\/p>\n<p><strong>Conte\u00fado da embalagem:<\/strong><\/p>\n<ul>\n<li style=\"font-weight: 400;\"><span style=\"font-weight: 400;\">Case para Bose soundlink flex em EVA e NYLON na cor preta ,internamente preto(acess\u00f3rios n\u00e3o inclusos)<\/span><\/li>\n<\/ul>\n<p>&nbsp;<\/p>\n<p>&nbsp;<\/p>","protected":false},"excerpt":{"rendered":"<h3><b>Case para Bose soundlink flex<\/b><\/h3>\n<ul>\n<li style=\"font-weight: 400;\"><span style=\"font-weight: 400;\">Case para prote\u00e7\u00e3o do Bose sounlink flex\u00a0<\/span><\/li>\n<li style=\"font-weight: 400;\"><span style=\"font-weight: 400;\">Material: EVA e Nylon<\/span><\/li>\n<li style=\"font-weight: 400;\"><span style=\"font-weight: 400;\">Dimens\u00e3o: 22 x 10 x 7.5\u00a0 cm (Comprimento * Largura * Altura)<\/span><\/li>\n<li style=\"font-weight: 400;\">Peso :170 G<\/li>\n<li style=\"font-weight: 400;\"><span style=\"font-weight: 400;\">Compartimentos internos de prote\u00e7\u00e3o e acomoda\u00e7\u00e3o de cabos ou carregador\u00a0\u00a0<\/span><\/li>\n<\/ul>\n<p><strong>Conte\u00fado da embalagem:<\/strong><\/p>\n<ul>\n<li style=\"font-weight: 400;\"><span style=\"font-weight: 400;\">Case para Bose soundlink flex em EVA e NYLON na cor preta ,internamente preto\u00a0\u00a0<\/span><\/li>\n<\/ul>","protected":false},"featured_media":53612,"comment_status":"closed","ping_status":"closed","template":"","meta":[],"product_brand":[],"product_cat":[18,22,175],"product_tag":[469,474],"class_list":{"0":"post-53504","1":"product","2":"type-product","3":"status-publish","4":"has-post-thumbnail","6":"product_cat-accessorios","7":"product_cat-audio","8":"product_cat-cases","9":"product_tag-bose-soundlink","10":"product_tag-bose-soundlink-flex","11":"product_shipping_class-normal","13":"first","14":"instock","15":"purchasable","16":"product-type-simple"},"yoast_head":"<!-- This site is optimized with the Yoast SEO plugin v27.4 - https:\/\/yoast.com\/product\/yoast-seo-wordpress\/ -->\n<title>Case de prote\u00e7\u00e3o multiuso para Bose soundlink flex preto - Rapidetech<\/title>\n<meta name=\"description\" content=\"Novo Case preto para alto-falante Soundlink flex Bose Alta qualidade e prote\u00e7\u00e3o para seu Soundlink flex Bose Pronta entrega no Brasil\" \/>\n<meta name=\"robots\" content=\"index, follow, max-snippet:-1, max-image-preview:large, max-video-preview:-1\" \/>\n<link rel=\"canonical\" href=\"https:\/\/rapidetech.com.br\/en\/product\/case-de-protecao-multiuso-para-bose-soundlink-flex-preto\/\" \/>\n<meta property=\"og:locale\" content=\"en_US\" \/>\n<meta property=\"og:type\" content=\"article\" \/>\n<meta property=\"og:title\" content=\"Case de prote\u00e7\u00e3o multiuso para Bose soundlink flex preto - Rapidetech\" \/>\n<meta property=\"og:description\" content=\"Novo Case preto para alto-falante Soundlink flex Bose Alta qualidade e prote\u00e7\u00e3o para seu Soundlink flex Bose Pronta entrega no Brasil\" \/>\n<meta property=\"og:url\" content=\"https:\/\/rapidetech.com.br\/en\/product\/case-de-protecao-multiuso-para-bose-soundlink-flex-preto\/\" \/>\n<meta property=\"og:site_name\" content=\"Rapidetech\" \/>\n<meta property=\"article:modified_time\" content=\"2026-01-24T23:15:13+00:00\" \/>\n<meta property=\"og:image\" content=\"https:\/\/rapidetech.com.br\/wp-content\/uploads\/2024\/08\/D_NQ_NP_2X_900664-CBT75650936238_042024-F.webp\" \/>\n\t<meta property=\"og:image:width\" content=\"1023\" \/>\n\t<meta property=\"og:image:height\" content=\"678\" \/>\n\t<meta property=\"og:image:type\" content=\"image\/webp\" \/>\n<meta name=\"twitter:card\" content=\"summary_large_image\" \/>\n<meta name=\"twitter:label1\" content=\"Est. reading time\" \/>\n\t<meta name=\"twitter:data1\" content=\"1 minute\" \/>\n<script type=\"application\/ld+json\" class=\"yoast-schema-graph\">{\"@context\":\"https:\\\/\\\/schema.org\",\"@graph\":[{\"@type\":\"WebPage\",\"@id\":\"https:\\\/\\\/rapidetech.com.br\\\/produto\\\/case-de-protecao-multiuso-para-bose-soundlink-flex-preto\\\/\",\"url\":\"https:\\\/\\\/rapidetech.com.br\\\/produto\\\/case-de-protecao-multiuso-para-bose-soundlink-flex-preto\\\/\",\"name\":\"Case de prote\u00e7\u00e3o multiuso para Bose soundlink flex preto - Rapidetech\",\"isPartOf\":{\"@id\":\"https:\\\/\\\/rapidetech.com.br\\\/#website\"},\"primaryImageOfPage\":{\"@id\":\"https:\\\/\\\/rapidetech.com.br\\\/produto\\\/case-de-protecao-multiuso-para-bose-soundlink-flex-preto\\\/#primaryimage\"},\"image\":{\"@id\":\"https:\\\/\\\/rapidetech.com.br\\\/produto\\\/case-de-protecao-multiuso-para-bose-soundlink-flex-preto\\\/#primaryimage\"},\"thumbnailUrl\":\"https:\\\/\\\/rapidetech.com.br\\\/wp-content\\\/uploads\\\/2024\\\/08\\\/D_NQ_NP_2X_900664-CBT75650936238_042024-F.webp\",\"datePublished\":\"2024-08-29T15:56:54+00:00\",\"dateModified\":\"2026-01-24T23:15:13+00:00\",\"description\":\"Novo Case preto para alto-falante Soundlink flex Bose Alta qualidade e prote\u00e7\u00e3o para seu Soundlink flex Bose Pronta entrega no Brasil\",\"breadcrumb\":{\"@id\":\"https:\\\/\\\/rapidetech.com.br\\\/produto\\\/case-de-protecao-multiuso-para-bose-soundlink-flex-preto\\\/#breadcrumb\"},\"inLanguage\":\"en-US\",\"potentialAction\":[{\"@type\":\"ReadAction\",\"target\":[\"https:\\\/\\\/rapidetech.com.br\\\/produto\\\/case-de-protecao-multiuso-para-bose-soundlink-flex-preto\\\/\"]}]},{\"@type\":\"ImageObject\",\"inLanguage\":\"en-US\",\"@id\":\"https:\\\/\\\/rapidetech.com.br\\\/produto\\\/case-de-protecao-multiuso-para-bose-soundlink-flex-preto\\\/#primaryimage\",\"url\":\"https:\\\/\\\/rapidetech.com.br\\\/wp-content\\\/uploads\\\/2024\\\/08\\\/D_NQ_NP_2X_900664-CBT75650936238_042024-F.webp\",\"contentUrl\":\"https:\\\/\\\/rapidetech.com.br\\\/wp-content\\\/uploads\\\/2024\\\/08\\\/D_NQ_NP_2X_900664-CBT75650936238_042024-F.webp\",\"width\":1023,\"height\":678},{\"@type\":\"BreadcrumbList\",\"@id\":\"https:\\\/\\\/rapidetech.com.br\\\/produto\\\/case-de-protecao-multiuso-para-bose-soundlink-flex-preto\\\/#breadcrumb\",\"itemListElement\":[{\"@type\":\"ListItem\",\"position\":1,\"name\":\"In\u00edcio\",\"item\":\"https:\\\/\\\/rapidetech.com.br\\\/\"},{\"@type\":\"ListItem\",\"position\":2,\"name\":\"Produtos\",\"item\":\"https:\\\/\\\/rapidetech.com.br\\\/produtos\\\/\"},{\"@type\":\"ListItem\",\"position\":3,\"name\":\"Case de prote\u00e7\u00e3o multiuso para Bose soundlink flex preto\"}]},{\"@type\":\"WebSite\",\"@id\":\"https:\\\/\\\/rapidetech.com.br\\\/#website\",\"url\":\"https:\\\/\\\/rapidetech.com.br\\\/\",\"name\":\"Rapidetech\",\"description\":\"Audio e video\",\"publisher\":{\"@id\":\"https:\\\/\\\/rapidetech.com.br\\\/#organization\"},\"potentialAction\":[{\"@type\":\"SearchAction\",\"target\":{\"@type\":\"EntryPoint\",\"urlTemplate\":\"https:\\\/\\\/rapidetech.com.br\\\/?s={search_term_string}\"},\"query-input\":{\"@type\":\"PropertyValueSpecification\",\"valueRequired\":true,\"valueName\":\"search_term_string\"}}],\"inLanguage\":\"en-US\"},{\"@type\":\"Organization\",\"@id\":\"https:\\\/\\\/rapidetech.com.br\\\/#organization\",\"name\":\"Rapidetech\",\"url\":\"https:\\\/\\\/rapidetech.com.br\\\/\",\"logo\":{\"@type\":\"ImageObject\",\"inLanguage\":\"en-US\",\"@id\":\"https:\\\/\\\/rapidetech.com.br\\\/#\\\/schema\\\/logo\\\/image\\\/\",\"url\":\"https:\\\/\\\/rapidetech.com.br\\\/wp-content\\\/uploads\\\/2022\\\/08\\\/RAPIDETECH-AUDIO-E-VIDEO.jpg\",\"contentUrl\":\"https:\\\/\\\/rapidetech.com.br\\\/wp-content\\\/uploads\\\/2022\\\/08\\\/RAPIDETECH-AUDIO-E-VIDEO.jpg\",\"width\":236,\"height\":213,\"caption\":\"Rapidetech\"},\"image\":{\"@id\":\"https:\\\/\\\/rapidetech.com.br\\\/#\\\/schema\\\/logo\\\/image\\\/\"},\"sameAs\":[\"https:\\\/\\\/rapidetech.com.br\\\/\",\"https:\\\/\\\/www.youtube.com\\\/channel\\\/UCQWlsTr9MvbqwWAekYtMNLQ\"]}]}<\/script>\n<!-- \/ Yoast SEO plugin. -->","yoast_head_json":{"title":"Case de prote\u00e7\u00e3o multiuso para Bose soundlink flex preto - Rapidetech","description":"Novo Case preto para alto-falante Soundlink flex Bose Alta qualidade e prote\u00e7\u00e3o para seu Soundlink flex Bose Pronta entrega no Brasil","robots":{"index":"index","follow":"follow","max-snippet":"max-snippet:-1","max-image-preview":"max-image-preview:large","max-video-preview":"max-video-preview:-1"},"canonical":"https:\/\/rapidetech.com.br\/en\/product\/case-de-protecao-multiuso-para-bose-soundlink-flex-preto\/","og_locale":"en_US","og_type":"article","og_title":"Case de prote\u00e7\u00e3o multiuso para Bose soundlink flex preto - Rapidetech","og_description":"Novo Case preto para alto-falante Soundlink flex Bose Alta qualidade e prote\u00e7\u00e3o para seu Soundlink flex Bose Pronta entrega no Brasil","og_url":"https:\/\/rapidetech.com.br\/en\/product\/case-de-protecao-multiuso-para-bose-soundlink-flex-preto\/","og_site_name":"Rapidetech","article_modified_time":"2026-01-24T23:15:13+00:00","og_image":[{"width":1023,"height":678,"url":"https:\/\/rapidetech.com.br\/wp-content\/uploads\/2024\/08\/D_NQ_NP_2X_900664-CBT75650936238_042024-F.webp","type":"image\/webp"}],"twitter_card":"summary_large_image","twitter_misc":{"Est. reading time":"1 minute"},"schema":{"@context":"https:\/\/schema.org","@graph":[{"@type":"WebPage","@id":"https:\/\/rapidetech.com.br\/produto\/case-de-protecao-multiuso-para-bose-soundlink-flex-preto\/","url":"https:\/\/rapidetech.com.br\/produto\/case-de-protecao-multiuso-para-bose-soundlink-flex-preto\/","name":"Case de prote\u00e7\u00e3o multiuso para Bose soundlink flex preto - Rapidetech","isPartOf":{"@id":"https:\/\/rapidetech.com.br\/#website"},"primaryImageOfPage":{"@id":"https:\/\/rapidetech.com.br\/produto\/case-de-protecao-multiuso-para-bose-soundlink-flex-preto\/#primaryimage"},"image":{"@id":"https:\/\/rapidetech.com.br\/produto\/case-de-protecao-multiuso-para-bose-soundlink-flex-preto\/#primaryimage"},"thumbnailUrl":"https:\/\/rapidetech.com.br\/wp-content\/uploads\/2024\/08\/D_NQ_NP_2X_900664-CBT75650936238_042024-F.webp","datePublished":"2024-08-29T15:56:54+00:00","dateModified":"2026-01-24T23:15:13+00:00","description":"Novo Case preto para alto-falante Soundlink flex Bose Alta qualidade e prote\u00e7\u00e3o para seu Soundlink flex Bose Pronta entrega no Brasil","breadcrumb":{"@id":"https:\/\/rapidetech.com.br\/produto\/case-de-protecao-multiuso-para-bose-soundlink-flex-preto\/#breadcrumb"},"inLanguage":"en-US","potentialAction":[{"@type":"ReadAction","target":["https:\/\/rapidetech.com.br\/produto\/case-de-protecao-multiuso-para-bose-soundlink-flex-preto\/"]}]},{"@type":"ImageObject","inLanguage":"en-US","@id":"https:\/\/rapidetech.com.br\/produto\/case-de-protecao-multiuso-para-bose-soundlink-flex-preto\/#primaryimage","url":"https:\/\/rapidetech.com.br\/wp-content\/uploads\/2024\/08\/D_NQ_NP_2X_900664-CBT75650936238_042024-F.webp","contentUrl":"https:\/\/rapidetech.com.br\/wp-content\/uploads\/2024\/08\/D_NQ_NP_2X_900664-CBT75650936238_042024-F.webp","width":1023,"height":678},{"@type":"BreadcrumbList","@id":"https:\/\/rapidetech.com.br\/produto\/case-de-protecao-multiuso-para-bose-soundlink-flex-preto\/#breadcrumb","itemListElement":[{"@type":"ListItem","position":1,"name":"In\u00edcio","item":"https:\/\/rapidetech.com.br\/"},{"@type":"ListItem","position":2,"name":"Produtos","item":"https:\/\/rapidetech.com.br\/produtos\/"},{"@type":"ListItem","position":3,"name":"Case de prote\u00e7\u00e3o multiuso para Bose soundlink flex preto"}]},{"@type":"WebSite","@id":"https:\/\/rapidetech.com.br\/#website","url":"https:\/\/rapidetech.com.br\/","name":"Rapidetech","description":"Audio e video","publisher":{"@id":"https:\/\/rapidetech.com.br\/#organization"},"potentialAction":[{"@type":"SearchAction","target":{"@type":"EntryPoint","urlTemplate":"https:\/\/rapidetech.com.br\/?s={search_term_string}"},"query-input":{"@type":"PropertyValueSpecification","valueRequired":true,"valueName":"search_term_string"}}],"inLanguage":"en-US"},{"@type":"Organization","@id":"https:\/\/rapidetech.com.br\/#organization","name":"Rapidetech","url":"https:\/\/rapidetech.com.br\/","logo":{"@type":"ImageObject","inLanguage":"en-US","@id":"https:\/\/rapidetech.com.br\/#\/schema\/logo\/image\/","url":"https:\/\/rapidetech.com.br\/wp-content\/uploads\/2022\/08\/RAPIDETECH-AUDIO-E-VIDEO.jpg","contentUrl":"https:\/\/rapidetech.com.br\/wp-content\/uploads\/2022\/08\/RAPIDETECH-AUDIO-E-VIDEO.jpg","width":236,"height":213,"caption":"Rapidetech"},"image":{"@id":"https:\/\/rapidetech.com.br\/#\/schema\/logo\/image\/"},"sameAs":["https:\/\/rapidetech.com.br\/","https:\/\/www.youtube.com\/channel\/UCQWlsTr9MvbqwWAekYtMNLQ"]}]}},"_links":{"self":[{"href":"https:\/\/rapidetech.com.br\/en\/wp-json\/wp\/v2\/product\/53504","targetHints":{"allow":["GET"]}}],"collection":[{"href":"https:\/\/rapidetech.com.br\/en\/wp-json\/wp\/v2\/product"}],"about":[{"href":"https:\/\/rapidetech.com.br\/en\/wp-json\/wp\/v2\/types\/product"}],"replies":[{"embeddable":true,"href":"https:\/\/rapidetech.com.br\/en\/wp-json\/wp\/v2\/comments?post=53504"}],"version-history":[{"count":0,"href":"https:\/\/rapidetech.com.br\/en\/wp-json\/wp\/v2\/product\/53504\/revisions"}],"wp:featuredmedia":[{"embeddable":true,"href":"https:\/\/rapidetech.com.br\/en\/wp-json\/wp\/v2\/media\/53612"}],"wp:attachment":[{"href":"https:\/\/rapidetech.com.br\/en\/wp-json\/wp\/v2\/media?parent=53504"}],"wp:term":[{"taxonomy":"product_brand","embeddable":true,"href":"https:\/\/rapidetech.com.br\/en\/wp-json\/wp\/v2\/product_brand?post=53504"},{"taxonomy":"product_cat","embeddable":true,"href":"https:\/\/rapidetech.com.br\/en\/wp-json\/wp\/v2\/product_cat?post=53504"},{"taxonomy":"product_tag","embeddable":true,"href":"https:\/\/rapidetech.com.br\/en\/wp-json\/wp\/v2\/product_tag?post=53504"}],"curies":[{"name":"wp","href":"https:\/\/api.w.org\/{rel}","templated":true}]}}