{"id":53924,"date":"2024-09-17T19:41:31","date_gmt":"2024-09-17T22:41:31","guid":{"rendered":"https:\/\/rapidetech.com.br\/?post_type=product&#038;p=53924"},"modified":"2025-02-18T12:25:09","modified_gmt":"2025-02-18T15:25:09","slug":"novo-cooler-fans-lian-li-tl-lcd-140-rgb-reverse-preto","status":"publish","type":"product","link":"https:\/\/rapidetech.com.br\/en\/product\/novo-cooler-fans-lian-li-tl-lcd-140-rgb-reverse-preto\/","title":{"rendered":"Novo Cooler Fan Lian Li TL-LCD 140 Rgb  REVERSE &#8211;  Preto"},"content":{"rendered":"<div><\/div>\n<h1>Novo Cooler Fan Lian Li TL-LCD 140 Rgb\u00a0 reverse &#8211; Preto &#8211; TOP DE LINHA<\/h1>\n<div>\n<p><strong>\u00a0Modelo<\/strong>:<br \/>\n14RTLLCD1B<br \/>\n&#8211;<strong> Especifica\u00e7\u00f5es<\/strong>:<br \/>\n&#8211; Quantidade de fan: 1<br \/>\n&#8211; Controladora: N\u00e3o incluso<br \/>\n&#8211; Tipo de conector : Cabo controlador UNI FAN x 1 (P-7P)<br \/>\n&#8211; Dimens\u00e3o do ventilador:144 X 140 X 28 (mm)<br \/>\n&#8211; Velocidade do ventilador:0, 350~1600 RPM<br \/>\n&#8211; Press\u00e3o m\u00e1x. do ventilador: 3,1 mmH2O (m\u00e1ximo)<br \/>\n&#8211; M\u00e1x. fluxo de ar: 64 CFM (m\u00e1ximo)<br \/>\n&#8211; Ru\u00eddo ac\u00fastico: 29,4 dB(A) m\u00e1x.<br \/>\n&#8211; Pot\u00eancia de entrada:6,72W<br \/>\n&#8211; Material: PA66\/PBT<br \/>\n&#8211; Tens\u00e3o nominal:DC 12V (VENTILADOR) e 5V (LED)<br \/>\n&#8211; Tipo de rolamento:Rolamento Fluido Din\u00e2mico (FDB)<br \/>\n&#8211; Tens\u00e3o operacional:DC12V e 5V<\/p>\n<p>&nbsp;<\/p>\n<p><strong>Conte\u00fado da Embalagem<\/strong>:<br \/>\nFan Gamer Lian Li Uni Fan Tl Lcd 140 Reverse Blade PRETA<br \/>\nConjunto de Parafusos<\/p>\n<p><strong>\u00a0<\/strong><\/p>\n<\/div>","protected":false},"excerpt":{"rendered":"<h1><strong>Nova Fan Cooler Lian Li TL LCD 140 Rgb\u00a0 &#8211; preta reverse<\/strong><\/h1>\n<ul>\n<li>\u00a0<strong>Modelo:<\/strong><br \/>\n14RTLLCD1B<br \/>\n&#8211; <strong>Especifica\u00e7\u00f5es<\/strong>:<br \/>\n&#8211; Quantidade de fan: 1<br \/>\n&#8211; Controladora: N\u00e3o incluso<br \/>\n&#8211; Tipo de conector:Cabo controlador UNI FAN x 1 (P-7P)<br \/>\n&#8211; Dimens\u00e3o do ventilador: 144 X 140 X 28 (mm)<br \/>\n&#8211; Velocidade do ventilador: 0, 350~1600 RPM<br \/>\n&#8211; Press\u00e3o m\u00e1x. do ventilador:3,1 mmH2O (m\u00e1ximo)<br \/>\n&#8211; M\u00e1x. fluxo de ar: 64 CFM (m\u00e1ximo)<br \/>\n&#8211; Ru\u00eddo ac\u00fastico: 29,4 dB(A) m\u00e1x.<br \/>\n&#8211; Pot\u00eancia de entrada:6,72W<br \/>\n&#8211; Material: PA66\/PBT<br \/>\n&#8211; Tens\u00e3o nominal:DC 12V (VENTILADOR) e 5V (LED)<br \/>\n&#8211; Tipo de rolamento:Rolamento Fluido Din\u00e2mico (FDB)<br \/>\n&#8211; Tens\u00e3o operacional:DC12V e 5V<\/li>\n<\/ul>\n<p>&#8211;<strong> Conte\u00fado da Embalagem:<\/strong>Fan Gamer Lian Li Uni Fan Tl Lcd 140 Reverse Blade<br \/>\nConjunto de Parafusos<\/p>\n<p>&nbsp;<\/p>","protected":false},"featured_media":53925,"comment_status":"open","ping_status":"closed","template":"","meta":[],"product_brand":[],"product_cat":[45],"product_tag":[467,482,463,464,479,465,480],"class_list":{"0":"post-53924","1":"product","2":"type-product","3":"status-publish","4":"has-post-thumbnail","6":"product_cat-informatica","7":"product_tag-120-mm","8":"product_tag-140-mm","9":"product_tag-fa","10":"product_tag-fan","11":"product_tag-kit-3-fans-lcd-pretas","12":"product_tag-lian-li","13":"product_tag-lian-li-lcd","14":"product_shipping_class-normal","16":"first","17":"outofstock","18":"shipping-taxable","19":"purchasable","20":"product-type-simple"},"yoast_head":"<!-- This site is optimized with the Yoast SEO plugin v27.4 - https:\/\/yoast.com\/product\/yoast-seo-wordpress\/ -->\n<title>Novo Cooler Fan Lian Li TL-LCD 140 Rgb REVERSE - Preto - Rapidetech<\/title>\n<meta name=\"description\" content=\"Nova fan lian tl lcd 140 mm rgb top de linha preta na caixa lacrada .Pronta entrega e envio rapido Rapidetech, consulte !\" \/>\n<meta name=\"robots\" content=\"index, follow, max-snippet:-1, max-image-preview:large, max-video-preview:-1\" \/>\n<link rel=\"canonical\" href=\"https:\/\/rapidetech.com.br\/en\/product\/novo-cooler-fans-lian-li-tl-lcd-140-rgb-reverse-preto\/\" \/>\n<meta property=\"og:locale\" content=\"en_US\" \/>\n<meta property=\"og:type\" content=\"article\" \/>\n<meta property=\"og:title\" content=\"Novo Cooler Fan Lian Li TL-LCD 140 Rgb REVERSE - Preto - Rapidetech\" \/>\n<meta property=\"og:description\" content=\"Nova fan lian tl lcd 140 mm rgb top de linha preta na caixa lacrada .Pronta entrega e envio rapido Rapidetech, consulte !\" \/>\n<meta property=\"og:url\" content=\"https:\/\/rapidetech.com.br\/en\/product\/novo-cooler-fans-lian-li-tl-lcd-140-rgb-reverse-preto\/\" \/>\n<meta property=\"og:site_name\" content=\"Rapidetech\" \/>\n<meta property=\"article:modified_time\" content=\"2025-02-18T15:25:09+00:00\" \/>\n<meta property=\"og:image\" content=\"https:\/\/rapidetech.com.br\/wp-content\/uploads\/2024\/09\/14rtllcd1b-1-113c06c2efe62bfd2417200164984047-640-0.webp\" \/>\n\t<meta property=\"og:image:width\" content=\"640\" \/>\n\t<meta property=\"og:image:height\" content=\"640\" \/>\n\t<meta property=\"og:image:type\" content=\"image\/webp\" \/>\n<meta name=\"twitter:card\" content=\"summary_large_image\" \/>\n<meta name=\"twitter:label1\" content=\"Est. reading time\" \/>\n\t<meta name=\"twitter:data1\" content=\"1 minute\" \/>\n<script type=\"application\/ld+json\" class=\"yoast-schema-graph\">{\"@context\":\"https:\\\/\\\/schema.org\",\"@graph\":[{\"@type\":\"WebPage\",\"@id\":\"https:\\\/\\\/rapidetech.com.br\\\/produto\\\/novo-cooler-fans-lian-li-tl-lcd-140-rgb-reverse-preto\\\/\",\"url\":\"https:\\\/\\\/rapidetech.com.br\\\/produto\\\/novo-cooler-fans-lian-li-tl-lcd-140-rgb-reverse-preto\\\/\",\"name\":\"Novo Cooler Fan Lian Li TL-LCD 140 Rgb REVERSE - Preto - Rapidetech\",\"isPartOf\":{\"@id\":\"https:\\\/\\\/rapidetech.com.br\\\/#website\"},\"primaryImageOfPage\":{\"@id\":\"https:\\\/\\\/rapidetech.com.br\\\/produto\\\/novo-cooler-fans-lian-li-tl-lcd-140-rgb-reverse-preto\\\/#primaryimage\"},\"image\":{\"@id\":\"https:\\\/\\\/rapidetech.com.br\\\/produto\\\/novo-cooler-fans-lian-li-tl-lcd-140-rgb-reverse-preto\\\/#primaryimage\"},\"thumbnailUrl\":\"https:\\\/\\\/rapidetech.com.br\\\/wp-content\\\/uploads\\\/2024\\\/09\\\/14rtllcd1b-1-113c06c2efe62bfd2417200164984047-640-0.webp\",\"datePublished\":\"2024-09-17T22:41:31+00:00\",\"dateModified\":\"2025-02-18T15:25:09+00:00\",\"description\":\"Nova fan lian tl lcd 140 mm rgb top de linha preta na caixa lacrada .Pronta entrega e envio rapido Rapidetech, consulte !\",\"breadcrumb\":{\"@id\":\"https:\\\/\\\/rapidetech.com.br\\\/produto\\\/novo-cooler-fans-lian-li-tl-lcd-140-rgb-reverse-preto\\\/#breadcrumb\"},\"inLanguage\":\"en-US\",\"potentialAction\":[{\"@type\":\"ReadAction\",\"target\":[\"https:\\\/\\\/rapidetech.com.br\\\/produto\\\/novo-cooler-fans-lian-li-tl-lcd-140-rgb-reverse-preto\\\/\"]}]},{\"@type\":\"ImageObject\",\"inLanguage\":\"en-US\",\"@id\":\"https:\\\/\\\/rapidetech.com.br\\\/produto\\\/novo-cooler-fans-lian-li-tl-lcd-140-rgb-reverse-preto\\\/#primaryimage\",\"url\":\"https:\\\/\\\/rapidetech.com.br\\\/wp-content\\\/uploads\\\/2024\\\/09\\\/14rtllcd1b-1-113c06c2efe62bfd2417200164984047-640-0.webp\",\"contentUrl\":\"https:\\\/\\\/rapidetech.com.br\\\/wp-content\\\/uploads\\\/2024\\\/09\\\/14rtllcd1b-1-113c06c2efe62bfd2417200164984047-640-0.webp\",\"width\":640,\"height\":640},{\"@type\":\"BreadcrumbList\",\"@id\":\"https:\\\/\\\/rapidetech.com.br\\\/produto\\\/novo-cooler-fans-lian-li-tl-lcd-140-rgb-reverse-preto\\\/#breadcrumb\",\"itemListElement\":[{\"@type\":\"ListItem\",\"position\":1,\"name\":\"In\u00edcio\",\"item\":\"https:\\\/\\\/rapidetech.com.br\\\/\"},{\"@type\":\"ListItem\",\"position\":2,\"name\":\"Produtos\",\"item\":\"https:\\\/\\\/rapidetech.com.br\\\/produtos\\\/\"},{\"@type\":\"ListItem\",\"position\":3,\"name\":\"Novo Cooler Fan Lian Li TL-LCD 140 Rgb REVERSE &#8211; Preto\"}]},{\"@type\":\"WebSite\",\"@id\":\"https:\\\/\\\/rapidetech.com.br\\\/#website\",\"url\":\"https:\\\/\\\/rapidetech.com.br\\\/\",\"name\":\"Rapidetech\",\"description\":\"Audio e video\",\"publisher\":{\"@id\":\"https:\\\/\\\/rapidetech.com.br\\\/#organization\"},\"potentialAction\":[{\"@type\":\"SearchAction\",\"target\":{\"@type\":\"EntryPoint\",\"urlTemplate\":\"https:\\\/\\\/rapidetech.com.br\\\/?s={search_term_string}\"},\"query-input\":{\"@type\":\"PropertyValueSpecification\",\"valueRequired\":true,\"valueName\":\"search_term_string\"}}],\"inLanguage\":\"en-US\"},{\"@type\":\"Organization\",\"@id\":\"https:\\\/\\\/rapidetech.com.br\\\/#organization\",\"name\":\"Rapidetech\",\"url\":\"https:\\\/\\\/rapidetech.com.br\\\/\",\"logo\":{\"@type\":\"ImageObject\",\"inLanguage\":\"en-US\",\"@id\":\"https:\\\/\\\/rapidetech.com.br\\\/#\\\/schema\\\/logo\\\/image\\\/\",\"url\":\"https:\\\/\\\/rapidetech.com.br\\\/wp-content\\\/uploads\\\/2022\\\/08\\\/RAPIDETECH-AUDIO-E-VIDEO.jpg\",\"contentUrl\":\"https:\\\/\\\/rapidetech.com.br\\\/wp-content\\\/uploads\\\/2022\\\/08\\\/RAPIDETECH-AUDIO-E-VIDEO.jpg\",\"width\":236,\"height\":213,\"caption\":\"Rapidetech\"},\"image\":{\"@id\":\"https:\\\/\\\/rapidetech.com.br\\\/#\\\/schema\\\/logo\\\/image\\\/\"},\"sameAs\":[\"https:\\\/\\\/rapidetech.com.br\\\/\",\"https:\\\/\\\/www.youtube.com\\\/channel\\\/UCQWlsTr9MvbqwWAekYtMNLQ\"]}]}<\/script>\n<!-- \/ Yoast SEO plugin. -->","yoast_head_json":{"title":"Novo Cooler Fan Lian Li TL-LCD 140 Rgb REVERSE - Preto - Rapidetech","description":"Nova fan lian tl lcd 140 mm rgb top de linha preta na caixa lacrada .Pronta entrega e envio rapido Rapidetech, consulte !","robots":{"index":"index","follow":"follow","max-snippet":"max-snippet:-1","max-image-preview":"max-image-preview:large","max-video-preview":"max-video-preview:-1"},"canonical":"https:\/\/rapidetech.com.br\/en\/product\/novo-cooler-fans-lian-li-tl-lcd-140-rgb-reverse-preto\/","og_locale":"en_US","og_type":"article","og_title":"Novo Cooler Fan Lian Li TL-LCD 140 Rgb REVERSE - Preto - Rapidetech","og_description":"Nova fan lian tl lcd 140 mm rgb top de linha preta na caixa lacrada .Pronta entrega e envio rapido Rapidetech, consulte !","og_url":"https:\/\/rapidetech.com.br\/en\/product\/novo-cooler-fans-lian-li-tl-lcd-140-rgb-reverse-preto\/","og_site_name":"Rapidetech","article_modified_time":"2025-02-18T15:25:09+00:00","og_image":[{"width":640,"height":640,"url":"https:\/\/rapidetech.com.br\/wp-content\/uploads\/2024\/09\/14rtllcd1b-1-113c06c2efe62bfd2417200164984047-640-0.webp","type":"image\/webp"}],"twitter_card":"summary_large_image","twitter_misc":{"Est. reading time":"1 minute"},"schema":{"@context":"https:\/\/schema.org","@graph":[{"@type":"WebPage","@id":"https:\/\/rapidetech.com.br\/produto\/novo-cooler-fans-lian-li-tl-lcd-140-rgb-reverse-preto\/","url":"https:\/\/rapidetech.com.br\/produto\/novo-cooler-fans-lian-li-tl-lcd-140-rgb-reverse-preto\/","name":"Novo Cooler Fan Lian Li TL-LCD 140 Rgb REVERSE - Preto - Rapidetech","isPartOf":{"@id":"https:\/\/rapidetech.com.br\/#website"},"primaryImageOfPage":{"@id":"https:\/\/rapidetech.com.br\/produto\/novo-cooler-fans-lian-li-tl-lcd-140-rgb-reverse-preto\/#primaryimage"},"image":{"@id":"https:\/\/rapidetech.com.br\/produto\/novo-cooler-fans-lian-li-tl-lcd-140-rgb-reverse-preto\/#primaryimage"},"thumbnailUrl":"https:\/\/rapidetech.com.br\/wp-content\/uploads\/2024\/09\/14rtllcd1b-1-113c06c2efe62bfd2417200164984047-640-0.webp","datePublished":"2024-09-17T22:41:31+00:00","dateModified":"2025-02-18T15:25:09+00:00","description":"Nova fan lian tl lcd 140 mm rgb top de linha preta na caixa lacrada .Pronta entrega e envio rapido Rapidetech, consulte !","breadcrumb":{"@id":"https:\/\/rapidetech.com.br\/produto\/novo-cooler-fans-lian-li-tl-lcd-140-rgb-reverse-preto\/#breadcrumb"},"inLanguage":"en-US","potentialAction":[{"@type":"ReadAction","target":["https:\/\/rapidetech.com.br\/produto\/novo-cooler-fans-lian-li-tl-lcd-140-rgb-reverse-preto\/"]}]},{"@type":"ImageObject","inLanguage":"en-US","@id":"https:\/\/rapidetech.com.br\/produto\/novo-cooler-fans-lian-li-tl-lcd-140-rgb-reverse-preto\/#primaryimage","url":"https:\/\/rapidetech.com.br\/wp-content\/uploads\/2024\/09\/14rtllcd1b-1-113c06c2efe62bfd2417200164984047-640-0.webp","contentUrl":"https:\/\/rapidetech.com.br\/wp-content\/uploads\/2024\/09\/14rtllcd1b-1-113c06c2efe62bfd2417200164984047-640-0.webp","width":640,"height":640},{"@type":"BreadcrumbList","@id":"https:\/\/rapidetech.com.br\/produto\/novo-cooler-fans-lian-li-tl-lcd-140-rgb-reverse-preto\/#breadcrumb","itemListElement":[{"@type":"ListItem","position":1,"name":"In\u00edcio","item":"https:\/\/rapidetech.com.br\/"},{"@type":"ListItem","position":2,"name":"Produtos","item":"https:\/\/rapidetech.com.br\/produtos\/"},{"@type":"ListItem","position":3,"name":"Novo Cooler Fan Lian Li TL-LCD 140 Rgb REVERSE &#8211; Preto"}]},{"@type":"WebSite","@id":"https:\/\/rapidetech.com.br\/#website","url":"https:\/\/rapidetech.com.br\/","name":"Rapidetech","description":"Audio e video","publisher":{"@id":"https:\/\/rapidetech.com.br\/#organization"},"potentialAction":[{"@type":"SearchAction","target":{"@type":"EntryPoint","urlTemplate":"https:\/\/rapidetech.com.br\/?s={search_term_string}"},"query-input":{"@type":"PropertyValueSpecification","valueRequired":true,"valueName":"search_term_string"}}],"inLanguage":"en-US"},{"@type":"Organization","@id":"https:\/\/rapidetech.com.br\/#organization","name":"Rapidetech","url":"https:\/\/rapidetech.com.br\/","logo":{"@type":"ImageObject","inLanguage":"en-US","@id":"https:\/\/rapidetech.com.br\/#\/schema\/logo\/image\/","url":"https:\/\/rapidetech.com.br\/wp-content\/uploads\/2022\/08\/RAPIDETECH-AUDIO-E-VIDEO.jpg","contentUrl":"https:\/\/rapidetech.com.br\/wp-content\/uploads\/2022\/08\/RAPIDETECH-AUDIO-E-VIDEO.jpg","width":236,"height":213,"caption":"Rapidetech"},"image":{"@id":"https:\/\/rapidetech.com.br\/#\/schema\/logo\/image\/"},"sameAs":["https:\/\/rapidetech.com.br\/","https:\/\/www.youtube.com\/channel\/UCQWlsTr9MvbqwWAekYtMNLQ"]}]}},"_links":{"self":[{"href":"https:\/\/rapidetech.com.br\/en\/wp-json\/wp\/v2\/product\/53924","targetHints":{"allow":["GET"]}}],"collection":[{"href":"https:\/\/rapidetech.com.br\/en\/wp-json\/wp\/v2\/product"}],"about":[{"href":"https:\/\/rapidetech.com.br\/en\/wp-json\/wp\/v2\/types\/product"}],"replies":[{"embeddable":true,"href":"https:\/\/rapidetech.com.br\/en\/wp-json\/wp\/v2\/comments?post=53924"}],"version-history":[{"count":0,"href":"https:\/\/rapidetech.com.br\/en\/wp-json\/wp\/v2\/product\/53924\/revisions"}],"wp:featuredmedia":[{"embeddable":true,"href":"https:\/\/rapidetech.com.br\/en\/wp-json\/wp\/v2\/media\/53925"}],"wp:attachment":[{"href":"https:\/\/rapidetech.com.br\/en\/wp-json\/wp\/v2\/media?parent=53924"}],"wp:term":[{"taxonomy":"product_brand","embeddable":true,"href":"https:\/\/rapidetech.com.br\/en\/wp-json\/wp\/v2\/product_brand?post=53924"},{"taxonomy":"product_cat","embeddable":true,"href":"https:\/\/rapidetech.com.br\/en\/wp-json\/wp\/v2\/product_cat?post=53924"},{"taxonomy":"product_tag","embeddable":true,"href":"https:\/\/rapidetech.com.br\/en\/wp-json\/wp\/v2\/product_tag?post=53924"}],"curies":[{"name":"wp","href":"https:\/\/api.w.org\/{rel}","templated":true}]}}