{"id":54071,"date":"2024-10-02T10:39:21","date_gmt":"2024-10-02T13:39:21","guid":{"rendered":"https:\/\/rapidetech.com.br\/?post_type=product&#038;p=54071"},"modified":"2026-01-24T20:14:52","modified_gmt":"2026-01-24T23:14:52","slug":"1-caixa-de-som-dupla-bose-red-line-200-w-rms-semi-nova-em-excelente-estado","status":"publish","type":"product","link":"https:\/\/rapidetech.com.br\/en\/product\/1-caixa-de-som-dupla-bose-red-line-200-w-rms-semi-nova-em-excelente-estado\/","title":{"rendered":"1 Caixa ac\u00fastica dupla Bose Red line 200 w rms acoustimass &#8211; Semi nova em excelente estado"},"content":{"rendered":"<p><strong>1 Caixa ac\u00fastica dupla Bose Red line 200 w rms \/ 8 hms- excelente estado<\/strong><\/p>\n<p>===========================================================<\/p>\n<p>&nbsp;<\/p>\n<p>Som surpreendente.Para quem conhece este modelo legend\u00e1rio,muito melhor que modelos recentes chineses da propria Bose.<\/p>\n<p>Ideal para formar conjunto de 5.1, 7.2 ou 11.2 com todas as caixas passivas do mesmo formato em 8 ohms com receiver ou pre + amplificador\u00a0 , o som fica mais homog\u00eaneo e rapido.<\/p>\n<p>Recomendamos usar subwoofer ativo de outra marca como Velodyne ou Svs ou Sunfire,Jbl &#8230;para compor o sistema<\/p>\n<p>O.b.s (Ha pequenos riscos discretos de coloca\u00e7\u00e3o e uso que n\u00e3o atrapalham em nada o funcionamento)<\/p>\n<p>Consulte quantidade dispon\u00edvel se quiser mais caixas !<\/p>\n<p>&nbsp;<\/p>\n<p><strong>Conteudo<\/strong> :<\/p>\n<p>1 caixa dupla Bose Acoustimass Red line (uma encima da outra)<\/p>\n<p>Conector positivo e negativo independente (melhor que conector\u00a0 Rca)<\/p>\n<p>&nbsp;<\/p>\n<p>O.B.S A foto 3 se referem a 2 caixas duplas ilustrativas\u00a0 ,cuidado na hora da compra o pre\u00e7o se refere a 1 caixa dupla\u00a0 .<\/p>\n<p>&nbsp;<\/p>\n<p>&nbsp;<\/p>","protected":false},"excerpt":{"rendered":"<p><strong>1 Caixa de Som dupla Bose Red line 200 w rms &#8211; excelente estado<\/strong><\/p>\n<p>==============================================<\/p>\n<p>Som surpreendente.Para quem conhece este modelo legend\u00e1rio vintage ,muito melhor que modelos recentes chineses da propria Bose.<\/p>\n<p>Ideal para formar conjunto de 5.1, 7.2 ou 11.2 com todas as caixas do mesmo formato , o som fica mais homog\u00eaneo e rapido.<\/p>\n<p>Recomendamos usar subwoofer ativo de outra marca como Velodyne ou Svs ou Sunfire,Jbl &#8230;para compor o sistema<\/p>\n<p>&nbsp;<\/p>\n<p><strong>Conteudo<\/strong> :<\/p>\n<p>1 caixa dupla (uma encima da outra)<\/p>\n<p>Pronta entrega e envio rapido<\/p>","protected":false},"featured_media":54428,"comment_status":"closed","ping_status":"closed","template":"","meta":[],"product_brand":[],"product_cat":[22],"product_tag":[40,92,485,484],"class_list":{"0":"post-54071","1":"product","2":"type-product","3":"status-publish","4":"has-post-thumbnail","6":"product_cat-audio","7":"product_tag-acoustimass","8":"product_tag-audio","9":"product_tag-bose-acoustimass","10":"product_tag-red-line","12":"first","13":"instock","14":"shipping-taxable","15":"purchasable","16":"product-type-simple"},"yoast_head":"<!-- This site is optimized with the Yoast SEO plugin v27.4 - https:\/\/yoast.com\/product\/yoast-seo-wordpress\/ -->\n<title>1 Caixa ac\u00fastica dupla Bose Red line 200 w rms acoustimass - Semi nova em excelente estado - Rapidetech<\/title>\n<meta name=\"description\" content=\"- Alto-falante passivo Bose modelo red line acoustimass ,legendaria 200 wrms,8ohms excelente estado para quem conhece a qualidade Bose\" \/>\n<meta name=\"robots\" content=\"index, follow, max-snippet:-1, max-image-preview:large, max-video-preview:-1\" \/>\n<link rel=\"canonical\" href=\"https:\/\/rapidetech.com.br\/en\/product\/1-caixa-de-som-dupla-bose-red-line-200-w-rms-semi-nova-em-excelente-estado\/\" \/>\n<meta property=\"og:locale\" content=\"en_US\" \/>\n<meta property=\"og:type\" content=\"article\" \/>\n<meta property=\"og:title\" content=\"1 Caixa ac\u00fastica dupla Bose Red line 200 w rms acoustimass - Semi nova em excelente estado - Rapidetech\" \/>\n<meta property=\"og:description\" content=\"- Alto-falante passivo Bose modelo red line acoustimass ,legendaria 200 wrms,8ohms excelente estado para quem conhece a qualidade Bose\" \/>\n<meta property=\"og:url\" content=\"https:\/\/rapidetech.com.br\/en\/product\/1-caixa-de-som-dupla-bose-red-line-200-w-rms-semi-nova-em-excelente-estado\/\" \/>\n<meta property=\"og:site_name\" content=\"Rapidetech\" \/>\n<meta property=\"article:modified_time\" content=\"2026-01-24T23:14:52+00:00\" \/>\n<meta property=\"og:image\" content=\"https:\/\/rapidetech.com.br\/wp-content\/uploads\/2024\/10\/D_NQ_NP_2X_808327-MLB73949695186_012024-F-Copia.webp\" \/>\n\t<meta property=\"og:image:width\" content=\"833\" \/>\n\t<meta property=\"og:image:height\" content=\"1109\" \/>\n\t<meta property=\"og:image:type\" content=\"image\/webp\" \/>\n<meta name=\"twitter:card\" content=\"summary_large_image\" \/>\n<meta name=\"twitter:label1\" content=\"Est. reading time\" \/>\n\t<meta name=\"twitter:data1\" content=\"2 minutes\" \/>\n<script type=\"application\/ld+json\" class=\"yoast-schema-graph\">{\"@context\":\"https:\\\/\\\/schema.org\",\"@graph\":[{\"@type\":\"WebPage\",\"@id\":\"https:\\\/\\\/rapidetech.com.br\\\/produto\\\/1-caixa-de-som-dupla-bose-red-line-200-w-rms-semi-nova-em-excelente-estado\\\/\",\"url\":\"https:\\\/\\\/rapidetech.com.br\\\/produto\\\/1-caixa-de-som-dupla-bose-red-line-200-w-rms-semi-nova-em-excelente-estado\\\/\",\"name\":\"1 Caixa ac\u00fastica dupla Bose Red line 200 w rms acoustimass - Semi nova em excelente estado - Rapidetech\",\"isPartOf\":{\"@id\":\"https:\\\/\\\/rapidetech.com.br\\\/#website\"},\"primaryImageOfPage\":{\"@id\":\"https:\\\/\\\/rapidetech.com.br\\\/produto\\\/1-caixa-de-som-dupla-bose-red-line-200-w-rms-semi-nova-em-excelente-estado\\\/#primaryimage\"},\"image\":{\"@id\":\"https:\\\/\\\/rapidetech.com.br\\\/produto\\\/1-caixa-de-som-dupla-bose-red-line-200-w-rms-semi-nova-em-excelente-estado\\\/#primaryimage\"},\"thumbnailUrl\":\"https:\\\/\\\/rapidetech.com.br\\\/wp-content\\\/uploads\\\/2024\\\/10\\\/D_NQ_NP_2X_808327-MLB73949695186_012024-F-Copia.webp\",\"datePublished\":\"2024-10-02T13:39:21+00:00\",\"dateModified\":\"2026-01-24T23:14:52+00:00\",\"description\":\"- Alto-falante passivo Bose modelo red line acoustimass ,legendaria 200 wrms,8ohms excelente estado para quem conhece a qualidade Bose\",\"breadcrumb\":{\"@id\":\"https:\\\/\\\/rapidetech.com.br\\\/produto\\\/1-caixa-de-som-dupla-bose-red-line-200-w-rms-semi-nova-em-excelente-estado\\\/#breadcrumb\"},\"inLanguage\":\"en-US\",\"potentialAction\":[{\"@type\":\"ReadAction\",\"target\":[\"https:\\\/\\\/rapidetech.com.br\\\/produto\\\/1-caixa-de-som-dupla-bose-red-line-200-w-rms-semi-nova-em-excelente-estado\\\/\"]}]},{\"@type\":\"ImageObject\",\"inLanguage\":\"en-US\",\"@id\":\"https:\\\/\\\/rapidetech.com.br\\\/produto\\\/1-caixa-de-som-dupla-bose-red-line-200-w-rms-semi-nova-em-excelente-estado\\\/#primaryimage\",\"url\":\"https:\\\/\\\/rapidetech.com.br\\\/wp-content\\\/uploads\\\/2024\\\/10\\\/D_NQ_NP_2X_808327-MLB73949695186_012024-F-Copia.webp\",\"contentUrl\":\"https:\\\/\\\/rapidetech.com.br\\\/wp-content\\\/uploads\\\/2024\\\/10\\\/D_NQ_NP_2X_808327-MLB73949695186_012024-F-Copia.webp\",\"width\":833,\"height\":1109},{\"@type\":\"BreadcrumbList\",\"@id\":\"https:\\\/\\\/rapidetech.com.br\\\/produto\\\/1-caixa-de-som-dupla-bose-red-line-200-w-rms-semi-nova-em-excelente-estado\\\/#breadcrumb\",\"itemListElement\":[{\"@type\":\"ListItem\",\"position\":1,\"name\":\"In\u00edcio\",\"item\":\"https:\\\/\\\/rapidetech.com.br\\\/\"},{\"@type\":\"ListItem\",\"position\":2,\"name\":\"Produtos\",\"item\":\"https:\\\/\\\/rapidetech.com.br\\\/produtos\\\/\"},{\"@type\":\"ListItem\",\"position\":3,\"name\":\"1 Caixa ac\u00fastica dupla Bose Red line 200 w rms acoustimass &#8211; Semi nova em excelente estado\"}]},{\"@type\":\"WebSite\",\"@id\":\"https:\\\/\\\/rapidetech.com.br\\\/#website\",\"url\":\"https:\\\/\\\/rapidetech.com.br\\\/\",\"name\":\"Rapidetech\",\"description\":\"Audio e video\",\"publisher\":{\"@id\":\"https:\\\/\\\/rapidetech.com.br\\\/#organization\"},\"potentialAction\":[{\"@type\":\"SearchAction\",\"target\":{\"@type\":\"EntryPoint\",\"urlTemplate\":\"https:\\\/\\\/rapidetech.com.br\\\/?s={search_term_string}\"},\"query-input\":{\"@type\":\"PropertyValueSpecification\",\"valueRequired\":true,\"valueName\":\"search_term_string\"}}],\"inLanguage\":\"en-US\"},{\"@type\":\"Organization\",\"@id\":\"https:\\\/\\\/rapidetech.com.br\\\/#organization\",\"name\":\"Rapidetech\",\"url\":\"https:\\\/\\\/rapidetech.com.br\\\/\",\"logo\":{\"@type\":\"ImageObject\",\"inLanguage\":\"en-US\",\"@id\":\"https:\\\/\\\/rapidetech.com.br\\\/#\\\/schema\\\/logo\\\/image\\\/\",\"url\":\"https:\\\/\\\/rapidetech.com.br\\\/wp-content\\\/uploads\\\/2022\\\/08\\\/RAPIDETECH-AUDIO-E-VIDEO.jpg\",\"contentUrl\":\"https:\\\/\\\/rapidetech.com.br\\\/wp-content\\\/uploads\\\/2022\\\/08\\\/RAPIDETECH-AUDIO-E-VIDEO.jpg\",\"width\":236,\"height\":213,\"caption\":\"Rapidetech\"},\"image\":{\"@id\":\"https:\\\/\\\/rapidetech.com.br\\\/#\\\/schema\\\/logo\\\/image\\\/\"},\"sameAs\":[\"https:\\\/\\\/rapidetech.com.br\\\/\",\"https:\\\/\\\/www.youtube.com\\\/channel\\\/UCQWlsTr9MvbqwWAekYtMNLQ\"]}]}<\/script>\n<!-- \/ Yoast SEO plugin. -->","yoast_head_json":{"title":"1 Caixa ac\u00fastica dupla Bose Red line 200 w rms acoustimass - Semi nova em excelente estado - Rapidetech","description":"- Alto-falante passivo Bose modelo red line acoustimass ,legendaria 200 wrms,8ohms excelente estado para quem conhece a qualidade Bose","robots":{"index":"index","follow":"follow","max-snippet":"max-snippet:-1","max-image-preview":"max-image-preview:large","max-video-preview":"max-video-preview:-1"},"canonical":"https:\/\/rapidetech.com.br\/en\/product\/1-caixa-de-som-dupla-bose-red-line-200-w-rms-semi-nova-em-excelente-estado\/","og_locale":"en_US","og_type":"article","og_title":"1 Caixa ac\u00fastica dupla Bose Red line 200 w rms acoustimass - Semi nova em excelente estado - Rapidetech","og_description":"- Alto-falante passivo Bose modelo red line acoustimass ,legendaria 200 wrms,8ohms excelente estado para quem conhece a qualidade Bose","og_url":"https:\/\/rapidetech.com.br\/en\/product\/1-caixa-de-som-dupla-bose-red-line-200-w-rms-semi-nova-em-excelente-estado\/","og_site_name":"Rapidetech","article_modified_time":"2026-01-24T23:14:52+00:00","og_image":[{"width":833,"height":1109,"url":"https:\/\/rapidetech.com.br\/wp-content\/uploads\/2024\/10\/D_NQ_NP_2X_808327-MLB73949695186_012024-F-Copia.webp","type":"image\/webp"}],"twitter_card":"summary_large_image","twitter_misc":{"Est. reading time":"2 minutes"},"schema":{"@context":"https:\/\/schema.org","@graph":[{"@type":"WebPage","@id":"https:\/\/rapidetech.com.br\/produto\/1-caixa-de-som-dupla-bose-red-line-200-w-rms-semi-nova-em-excelente-estado\/","url":"https:\/\/rapidetech.com.br\/produto\/1-caixa-de-som-dupla-bose-red-line-200-w-rms-semi-nova-em-excelente-estado\/","name":"1 Caixa ac\u00fastica dupla Bose Red line 200 w rms acoustimass - Semi nova em excelente estado - Rapidetech","isPartOf":{"@id":"https:\/\/rapidetech.com.br\/#website"},"primaryImageOfPage":{"@id":"https:\/\/rapidetech.com.br\/produto\/1-caixa-de-som-dupla-bose-red-line-200-w-rms-semi-nova-em-excelente-estado\/#primaryimage"},"image":{"@id":"https:\/\/rapidetech.com.br\/produto\/1-caixa-de-som-dupla-bose-red-line-200-w-rms-semi-nova-em-excelente-estado\/#primaryimage"},"thumbnailUrl":"https:\/\/rapidetech.com.br\/wp-content\/uploads\/2024\/10\/D_NQ_NP_2X_808327-MLB73949695186_012024-F-Copia.webp","datePublished":"2024-10-02T13:39:21+00:00","dateModified":"2026-01-24T23:14:52+00:00","description":"- Alto-falante passivo Bose modelo red line acoustimass ,legendaria 200 wrms,8ohms excelente estado para quem conhece a qualidade Bose","breadcrumb":{"@id":"https:\/\/rapidetech.com.br\/produto\/1-caixa-de-som-dupla-bose-red-line-200-w-rms-semi-nova-em-excelente-estado\/#breadcrumb"},"inLanguage":"en-US","potentialAction":[{"@type":"ReadAction","target":["https:\/\/rapidetech.com.br\/produto\/1-caixa-de-som-dupla-bose-red-line-200-w-rms-semi-nova-em-excelente-estado\/"]}]},{"@type":"ImageObject","inLanguage":"en-US","@id":"https:\/\/rapidetech.com.br\/produto\/1-caixa-de-som-dupla-bose-red-line-200-w-rms-semi-nova-em-excelente-estado\/#primaryimage","url":"https:\/\/rapidetech.com.br\/wp-content\/uploads\/2024\/10\/D_NQ_NP_2X_808327-MLB73949695186_012024-F-Copia.webp","contentUrl":"https:\/\/rapidetech.com.br\/wp-content\/uploads\/2024\/10\/D_NQ_NP_2X_808327-MLB73949695186_012024-F-Copia.webp","width":833,"height":1109},{"@type":"BreadcrumbList","@id":"https:\/\/rapidetech.com.br\/produto\/1-caixa-de-som-dupla-bose-red-line-200-w-rms-semi-nova-em-excelente-estado\/#breadcrumb","itemListElement":[{"@type":"ListItem","position":1,"name":"In\u00edcio","item":"https:\/\/rapidetech.com.br\/"},{"@type":"ListItem","position":2,"name":"Produtos","item":"https:\/\/rapidetech.com.br\/produtos\/"},{"@type":"ListItem","position":3,"name":"1 Caixa ac\u00fastica dupla Bose Red line 200 w rms acoustimass &#8211; Semi nova em excelente estado"}]},{"@type":"WebSite","@id":"https:\/\/rapidetech.com.br\/#website","url":"https:\/\/rapidetech.com.br\/","name":"Rapidetech","description":"Audio e video","publisher":{"@id":"https:\/\/rapidetech.com.br\/#organization"},"potentialAction":[{"@type":"SearchAction","target":{"@type":"EntryPoint","urlTemplate":"https:\/\/rapidetech.com.br\/?s={search_term_string}"},"query-input":{"@type":"PropertyValueSpecification","valueRequired":true,"valueName":"search_term_string"}}],"inLanguage":"en-US"},{"@type":"Organization","@id":"https:\/\/rapidetech.com.br\/#organization","name":"Rapidetech","url":"https:\/\/rapidetech.com.br\/","logo":{"@type":"ImageObject","inLanguage":"en-US","@id":"https:\/\/rapidetech.com.br\/#\/schema\/logo\/image\/","url":"https:\/\/rapidetech.com.br\/wp-content\/uploads\/2022\/08\/RAPIDETECH-AUDIO-E-VIDEO.jpg","contentUrl":"https:\/\/rapidetech.com.br\/wp-content\/uploads\/2022\/08\/RAPIDETECH-AUDIO-E-VIDEO.jpg","width":236,"height":213,"caption":"Rapidetech"},"image":{"@id":"https:\/\/rapidetech.com.br\/#\/schema\/logo\/image\/"},"sameAs":["https:\/\/rapidetech.com.br\/","https:\/\/www.youtube.com\/channel\/UCQWlsTr9MvbqwWAekYtMNLQ"]}]}},"_links":{"self":[{"href":"https:\/\/rapidetech.com.br\/en\/wp-json\/wp\/v2\/product\/54071","targetHints":{"allow":["GET"]}}],"collection":[{"href":"https:\/\/rapidetech.com.br\/en\/wp-json\/wp\/v2\/product"}],"about":[{"href":"https:\/\/rapidetech.com.br\/en\/wp-json\/wp\/v2\/types\/product"}],"replies":[{"embeddable":true,"href":"https:\/\/rapidetech.com.br\/en\/wp-json\/wp\/v2\/comments?post=54071"}],"version-history":[{"count":0,"href":"https:\/\/rapidetech.com.br\/en\/wp-json\/wp\/v2\/product\/54071\/revisions"}],"wp:featuredmedia":[{"embeddable":true,"href":"https:\/\/rapidetech.com.br\/en\/wp-json\/wp\/v2\/media\/54428"}],"wp:attachment":[{"href":"https:\/\/rapidetech.com.br\/en\/wp-json\/wp\/v2\/media?parent=54071"}],"wp:term":[{"taxonomy":"product_brand","embeddable":true,"href":"https:\/\/rapidetech.com.br\/en\/wp-json\/wp\/v2\/product_brand?post=54071"},{"taxonomy":"product_cat","embeddable":true,"href":"https:\/\/rapidetech.com.br\/en\/wp-json\/wp\/v2\/product_cat?post=54071"},{"taxonomy":"product_tag","embeddable":true,"href":"https:\/\/rapidetech.com.br\/en\/wp-json\/wp\/v2\/product_tag?post=54071"}],"curies":[{"name":"wp","href":"https:\/\/api.w.org\/{rel}","templated":true}]}}