{"id":54112,"date":"2024-10-03T13:09:49","date_gmt":"2024-10-03T16:09:49","guid":{"rendered":"https:\/\/rapidetech.com.br\/?post_type=product&#038;p=54112"},"modified":"2025-10-19T10:30:14","modified_gmt":"2025-10-19T13:30:14","slug":"1-cabo-xlr-com-plugs-fibra-de-carbono-9-00-mm-prata-puro-high-end-05-m","status":"publish","type":"product","link":"https:\/\/rapidetech.com.br\/en\/product\/1-cabo-xlr-com-plugs-fibra-de-carbono-9-00-mm-prata-puro-high-end-05-m\/","title":{"rendered":"1 Cabo interconexao XLR com plugs Fibra de carbono 9.00 mm prata puro high end &#8211; 0,5 m\u00a0"},"content":{"rendered":"<h1>\u00a01 cabo XLR com plugs Fibra de carbono \/ metal XLR<\/h1>\n<h2>Descri\u00e7\u00e3o do cabo :<\/h2>\n<ul>\n<li>Novo cabo XLR de audio com blindagem reforcada fibra de carbono banhado a cobre.<\/li>\n<li>vers\u00e3o prata Audiophile serie 9.00mm<\/li>\n<li>Revestido e blindado svpe<\/li>\n<li>Comprimento : 0.5 m<\/li>\n<li>Prata\u00a0 de alta pureza 5n genuina com 3% de solda Senju prateadas,o2 free.<\/li>\n<\/ul>\n<p>&nbsp;<\/p>\n<p>Este cabo XLR\u00a0 de alta qualidade\u00a0 reduz o ru\u00eddo de todo o sistema com din\u00e2mica mais ampla, ritmo melhorado e ganhos globais al\u00e9m da expectativa. \u00c9 uma combina\u00e7\u00e3o perfeita para o subwoofer ativo , amplificador, leitor de cd, dac e todos os componentes hi fi ou streamer top ou pc gamer .<\/p>\n<ul>\n<li>Di\u00e2metro do cabo: 9 mm<\/li>\n<li>Material do cabo: Prata pura super multi pot\u00eancia do condutor<\/li>\n<li>Cobertura externa do cabo: sleeving expans\u00edvel tran\u00e7ado duplo de alta densidade<\/li>\n<\/ul>\n<h3><\/h3>\n<h3>Conte\u00fado da embalagem:<\/h3>\n<ul>\n<li>valor unitario\u00a0 XLR<\/li>\n<li>Comprimento :0,5 m<\/li>\n<\/ul>\n<h3>Novo cabo XLR\u00a0 \u00e9 compat\u00edvel com todos equipamentos de audio padrao analogico e digital :<\/h3>\n<ul>\n<li>Receiver,cd player ,amplificador,subwoofer ,mesa de som .<\/li>\n<\/ul>\n<p>&nbsp;<\/p>\n<p>O.b.s\u00a0 Se quiser outro tamanho por encomenda por favor entre em contato pelo whatsapp<\/p>\n<p>&nbsp;<\/p>","protected":false},"excerpt":{"rendered":"<h3><\/h3>\n<h3>1 par de Cabos XLR\u00a0 de alta qualidade com plugs de fibra de carbono \/metal :<\/h3>\n<ul>\n<li>Novo cabo XLR com plugs fibra de carbono\u00a0 (Made in Japan) serve para amplificador,receiver,subwoofer,cd player ,equipamentos musicais etc&#8230;<\/li>\n<li>Comprimento : 0,5\u00a0 metros<\/li>\n<li>Prata de alta pureza, O2 free<\/li>\n<\/ul>\n<p>&nbsp;<\/p>\n<p>&nbsp;<\/p>\n<p><strong>Conte\u00fado da embalagem:<\/strong><\/p>\n<ul>\n<li>1 cabo XLR com plugs\u00a0 Made in Japan ,cada ,nas extremidades<\/li>\n<li>Comprimento: 0, 5 M<\/li>\n<\/ul>","protected":false},"featured_media":52900,"comment_status":"open","ping_status":"closed","template":"","meta":[],"product_brand":[],"product_cat":[18,22,21],"product_tag":[393,92,119,60,455,486,456,61,454],"class_list":{"0":"post-54112","1":"product","2":"type-product","3":"status-publish","4":"has-post-thumbnail","6":"product_cat-accessorios","7":"product_cat-audio","8":"product_cat-video","9":"product_tag-amplificador","10":"product_tag-audio","11":"product_tag-cabo-subwoofer","12":"product_tag-caixas","13":"product_tag-guitarra","14":"product_tag-mesa-de-som","15":"product_tag-pre-ampli","16":"product_tag-receiver","17":"product_tag-xlr","18":"product_shipping_class-normal","20":"first","21":"instock","22":"featured","23":"purchasable","24":"product-type-simple"},"yoast_head":"<!-- This site is optimized with the Yoast SEO plugin v27.4 - https:\/\/yoast.com\/product\/yoast-seo-wordpress\/ -->\n<title>1 Cabo interconexao XLR com plugs Fibra de carbono 9.00 mm prata puro high end - 0,5 m\u00a0 - Rapidetech<\/title>\n<meta name=\"description\" content=\"&quot;Desfrute de qualidade de \u00e1udio excepcional com o nosso cabo de Interconex\u00e3o xlr de prata. Com plugs de carbono de alta qualidade, esse cabo de 0,5 metros de comprimento proporciona uma liga\u00e7\u00e3o confi\u00e1vel entre os seus dispositivos de \u00e1udio. Com 9,00 mm de espessura e constru\u00e7\u00e3o em prata e cobre puro de alta qualidade, voc\u00ea experimentar\u00e1 um som cristalino e sem interfer\u00eancias, tornando-os ideais para sistemas de \u00e1udio de alta fidelidade e home theaters de alta gama. Eleve a sua experi\u00eancia sonora com esses cabos de interconex\u00e3o de alta qualidade.&quot;\" \/>\n<meta name=\"robots\" content=\"index, follow, max-snippet:-1, max-image-preview:large, max-video-preview:-1\" \/>\n<link rel=\"canonical\" href=\"https:\/\/rapidetech.com.br\/en\/product\/1-cabo-xlr-com-plugs-fibra-de-carbono-9-00-mm-prata-puro-high-end-05-m\/\" \/>\n<meta property=\"og:locale\" content=\"en_US\" \/>\n<meta property=\"og:type\" content=\"article\" \/>\n<meta property=\"og:title\" content=\"1 Cabo interconexao XLR com plugs Fibra de carbono 9.00 mm prata puro high end - 0,5 m\u00a0 - Rapidetech\" \/>\n<meta property=\"og:description\" content=\"&quot;Desfrute de qualidade de \u00e1udio excepcional com o nosso cabo de Interconex\u00e3o xlr de prata. Com plugs de carbono de alta qualidade, esse cabo de 0,5 metros de comprimento proporciona uma liga\u00e7\u00e3o confi\u00e1vel entre os seus dispositivos de \u00e1udio. Com 9,00 mm de espessura e constru\u00e7\u00e3o em prata e cobre puro de alta qualidade, voc\u00ea experimentar\u00e1 um som cristalino e sem interfer\u00eancias, tornando-os ideais para sistemas de \u00e1udio de alta fidelidade e home theaters de alta gama. Eleve a sua experi\u00eancia sonora com esses cabos de interconex\u00e3o de alta qualidade.&quot;\" \/>\n<meta property=\"og:url\" content=\"https:\/\/rapidetech.com.br\/en\/product\/1-cabo-xlr-com-plugs-fibra-de-carbono-9-00-mm-prata-puro-high-end-05-m\/\" \/>\n<meta property=\"og:site_name\" content=\"Rapidetech\" \/>\n<meta property=\"article:modified_time\" content=\"2025-10-19T13:30:14+00:00\" \/>\n<meta property=\"og:image\" content=\"https:\/\/rapidetech.com.br\/wp-content\/uploads\/2024\/04\/H8052707c71b148dfa804c11cfd585b48q.webp\" \/>\n\t<meta property=\"og:image:width\" content=\"1000\" \/>\n\t<meta property=\"og:image:height\" content=\"1000\" \/>\n\t<meta property=\"og:image:type\" content=\"image\/webp\" \/>\n<meta name=\"twitter:card\" content=\"summary_large_image\" \/>\n<meta name=\"twitter:label1\" content=\"Est. reading time\" \/>\n\t<meta name=\"twitter:data1\" content=\"2 minutes\" \/>\n<script type=\"application\/ld+json\" class=\"yoast-schema-graph\">{\"@context\":\"https:\\\/\\\/schema.org\",\"@graph\":[{\"@type\":\"WebPage\",\"@id\":\"https:\\\/\\\/rapidetech.com.br\\\/produto\\\/1-cabo-xlr-com-plugs-fibra-de-carbono-9-00-mm-prata-puro-high-end-05-m\\\/\",\"url\":\"https:\\\/\\\/rapidetech.com.br\\\/produto\\\/1-cabo-xlr-com-plugs-fibra-de-carbono-9-00-mm-prata-puro-high-end-05-m\\\/\",\"name\":\"1 Cabo interconexao XLR com plugs Fibra de carbono 9.00 mm prata puro high end - 0,5 m\u00a0 - Rapidetech\",\"isPartOf\":{\"@id\":\"https:\\\/\\\/rapidetech.com.br\\\/#website\"},\"primaryImageOfPage\":{\"@id\":\"https:\\\/\\\/rapidetech.com.br\\\/produto\\\/1-cabo-xlr-com-plugs-fibra-de-carbono-9-00-mm-prata-puro-high-end-05-m\\\/#primaryimage\"},\"image\":{\"@id\":\"https:\\\/\\\/rapidetech.com.br\\\/produto\\\/1-cabo-xlr-com-plugs-fibra-de-carbono-9-00-mm-prata-puro-high-end-05-m\\\/#primaryimage\"},\"thumbnailUrl\":\"https:\\\/\\\/rapidetech.com.br\\\/wp-content\\\/uploads\\\/2024\\\/04\\\/H8052707c71b148dfa804c11cfd585b48q.webp\",\"datePublished\":\"2024-10-03T16:09:49+00:00\",\"dateModified\":\"2025-10-19T13:30:14+00:00\",\"description\":\"\\\"Desfrute de qualidade de \u00e1udio excepcional com o nosso cabo de Interconex\u00e3o xlr de prata. Com plugs de carbono de alta qualidade, esse cabo de 0,5 metros de comprimento proporciona uma liga\u00e7\u00e3o confi\u00e1vel entre os seus dispositivos de \u00e1udio. Com 9,00 mm de espessura e constru\u00e7\u00e3o em prata e cobre puro de alta qualidade, voc\u00ea experimentar\u00e1 um som cristalino e sem interfer\u00eancias, tornando-os ideais para sistemas de \u00e1udio de alta fidelidade e home theaters de alta gama. Eleve a sua experi\u00eancia sonora com esses cabos de interconex\u00e3o de alta qualidade.\\\"\",\"breadcrumb\":{\"@id\":\"https:\\\/\\\/rapidetech.com.br\\\/produto\\\/1-cabo-xlr-com-plugs-fibra-de-carbono-9-00-mm-prata-puro-high-end-05-m\\\/#breadcrumb\"},\"inLanguage\":\"en-US\",\"potentialAction\":[{\"@type\":\"ReadAction\",\"target\":[\"https:\\\/\\\/rapidetech.com.br\\\/produto\\\/1-cabo-xlr-com-plugs-fibra-de-carbono-9-00-mm-prata-puro-high-end-05-m\\\/\"]}]},{\"@type\":\"ImageObject\",\"inLanguage\":\"en-US\",\"@id\":\"https:\\\/\\\/rapidetech.com.br\\\/produto\\\/1-cabo-xlr-com-plugs-fibra-de-carbono-9-00-mm-prata-puro-high-end-05-m\\\/#primaryimage\",\"url\":\"https:\\\/\\\/rapidetech.com.br\\\/wp-content\\\/uploads\\\/2024\\\/04\\\/H8052707c71b148dfa804c11cfd585b48q.webp\",\"contentUrl\":\"https:\\\/\\\/rapidetech.com.br\\\/wp-content\\\/uploads\\\/2024\\\/04\\\/H8052707c71b148dfa804c11cfd585b48q.webp\",\"width\":1000,\"height\":1000},{\"@type\":\"BreadcrumbList\",\"@id\":\"https:\\\/\\\/rapidetech.com.br\\\/produto\\\/1-cabo-xlr-com-plugs-fibra-de-carbono-9-00-mm-prata-puro-high-end-05-m\\\/#breadcrumb\",\"itemListElement\":[{\"@type\":\"ListItem\",\"position\":1,\"name\":\"In\u00edcio\",\"item\":\"https:\\\/\\\/rapidetech.com.br\\\/\"},{\"@type\":\"ListItem\",\"position\":2,\"name\":\"Produtos\",\"item\":\"https:\\\/\\\/rapidetech.com.br\\\/produtos\\\/\"},{\"@type\":\"ListItem\",\"position\":3,\"name\":\"1 Cabo interconexao XLR com plugs Fibra de carbono 9.00 mm prata puro high end &#8211; 0,5 m\u00a0\"}]},{\"@type\":\"WebSite\",\"@id\":\"https:\\\/\\\/rapidetech.com.br\\\/#website\",\"url\":\"https:\\\/\\\/rapidetech.com.br\\\/\",\"name\":\"Rapidetech\",\"description\":\"Audio e video\",\"publisher\":{\"@id\":\"https:\\\/\\\/rapidetech.com.br\\\/#organization\"},\"potentialAction\":[{\"@type\":\"SearchAction\",\"target\":{\"@type\":\"EntryPoint\",\"urlTemplate\":\"https:\\\/\\\/rapidetech.com.br\\\/?s={search_term_string}\"},\"query-input\":{\"@type\":\"PropertyValueSpecification\",\"valueRequired\":true,\"valueName\":\"search_term_string\"}}],\"inLanguage\":\"en-US\"},{\"@type\":\"Organization\",\"@id\":\"https:\\\/\\\/rapidetech.com.br\\\/#organization\",\"name\":\"Rapidetech\",\"url\":\"https:\\\/\\\/rapidetech.com.br\\\/\",\"logo\":{\"@type\":\"ImageObject\",\"inLanguage\":\"en-US\",\"@id\":\"https:\\\/\\\/rapidetech.com.br\\\/#\\\/schema\\\/logo\\\/image\\\/\",\"url\":\"https:\\\/\\\/rapidetech.com.br\\\/wp-content\\\/uploads\\\/2022\\\/08\\\/RAPIDETECH-AUDIO-E-VIDEO.jpg\",\"contentUrl\":\"https:\\\/\\\/rapidetech.com.br\\\/wp-content\\\/uploads\\\/2022\\\/08\\\/RAPIDETECH-AUDIO-E-VIDEO.jpg\",\"width\":236,\"height\":213,\"caption\":\"Rapidetech\"},\"image\":{\"@id\":\"https:\\\/\\\/rapidetech.com.br\\\/#\\\/schema\\\/logo\\\/image\\\/\"},\"sameAs\":[\"https:\\\/\\\/rapidetech.com.br\\\/\",\"https:\\\/\\\/www.youtube.com\\\/channel\\\/UCQWlsTr9MvbqwWAekYtMNLQ\"]}]}<\/script>\n<!-- \/ Yoast SEO plugin. -->","yoast_head_json":{"title":"1 Cabo interconexao XLR com plugs Fibra de carbono 9.00 mm prata puro high end - 0,5 m\u00a0 - Rapidetech","description":"\"Desfrute de qualidade de \\u00e1udio excepcional com o nosso cabo de Interconex\\u00e3o xlr de prata. Com plugs de carbono de alta qualidade, esse cabo de 0,5 metros de comprimento proporciona uma liga\\u00e7\\u00e3o confi\\u00e1vel entre os seus dispositivos de \\u00e1udio. Com 9,00 mm de espessura e constru\\u00e7\\u00e3o em prata e cobre puro de alta qualidade, voc\\u00ea experimentar\\u00e1 um som cristalino e sem interfer\\u00eancias, tornando-os ideais para sistemas de \\u00e1udio de alta fidelidade e home theaters de alta gama. Eleve a sua experi\\u00eancia sonora com esses cabos de interconex\\u00e3o de alta qualidade.\"","robots":{"index":"index","follow":"follow","max-snippet":"max-snippet:-1","max-image-preview":"max-image-preview:large","max-video-preview":"max-video-preview:-1"},"canonical":"https:\/\/rapidetech.com.br\/en\/product\/1-cabo-xlr-com-plugs-fibra-de-carbono-9-00-mm-prata-puro-high-end-05-m\/","og_locale":"en_US","og_type":"article","og_title":"1 Cabo interconexao XLR com plugs Fibra de carbono 9.00 mm prata puro high end - 0,5 m\u00a0 - Rapidetech","og_description":"\"Desfrute de qualidade de \u00e1udio excepcional com o nosso cabo de Interconex\u00e3o xlr de prata. Com plugs de carbono de alta qualidade, esse cabo de 0,5 metros de comprimento proporciona uma liga\u00e7\u00e3o confi\u00e1vel entre os seus dispositivos de \u00e1udio. Com 9,00 mm de espessura e constru\u00e7\u00e3o em prata e cobre puro de alta qualidade, voc\u00ea experimentar\u00e1 um som cristalino e sem interfer\u00eancias, tornando-os ideais para sistemas de \u00e1udio de alta fidelidade e home theaters de alta gama. Eleve a sua experi\u00eancia sonora com esses cabos de interconex\u00e3o de alta qualidade.\"","og_url":"https:\/\/rapidetech.com.br\/en\/product\/1-cabo-xlr-com-plugs-fibra-de-carbono-9-00-mm-prata-puro-high-end-05-m\/","og_site_name":"Rapidetech","article_modified_time":"2025-10-19T13:30:14+00:00","og_image":[{"width":1000,"height":1000,"url":"https:\/\/rapidetech.com.br\/wp-content\/uploads\/2024\/04\/H8052707c71b148dfa804c11cfd585b48q.webp","type":"image\/webp"}],"twitter_card":"summary_large_image","twitter_misc":{"Est. reading time":"2 minutes"},"schema":{"@context":"https:\/\/schema.org","@graph":[{"@type":"WebPage","@id":"https:\/\/rapidetech.com.br\/produto\/1-cabo-xlr-com-plugs-fibra-de-carbono-9-00-mm-prata-puro-high-end-05-m\/","url":"https:\/\/rapidetech.com.br\/produto\/1-cabo-xlr-com-plugs-fibra-de-carbono-9-00-mm-prata-puro-high-end-05-m\/","name":"1 Cabo interconexao XLR com plugs Fibra de carbono 9.00 mm prata puro high end - 0,5 m\u00a0 - Rapidetech","isPartOf":{"@id":"https:\/\/rapidetech.com.br\/#website"},"primaryImageOfPage":{"@id":"https:\/\/rapidetech.com.br\/produto\/1-cabo-xlr-com-plugs-fibra-de-carbono-9-00-mm-prata-puro-high-end-05-m\/#primaryimage"},"image":{"@id":"https:\/\/rapidetech.com.br\/produto\/1-cabo-xlr-com-plugs-fibra-de-carbono-9-00-mm-prata-puro-high-end-05-m\/#primaryimage"},"thumbnailUrl":"https:\/\/rapidetech.com.br\/wp-content\/uploads\/2024\/04\/H8052707c71b148dfa804c11cfd585b48q.webp","datePublished":"2024-10-03T16:09:49+00:00","dateModified":"2025-10-19T13:30:14+00:00","description":"\"Desfrute de qualidade de \\u00e1udio excepcional com o nosso cabo de Interconex\\u00e3o xlr de prata. Com plugs de carbono de alta qualidade, esse cabo de 0,5 metros de comprimento proporciona uma liga\\u00e7\\u00e3o confi\\u00e1vel entre os seus dispositivos de \\u00e1udio. Com 9,00 mm de espessura e constru\\u00e7\\u00e3o em prata e cobre puro de alta qualidade, voc\\u00ea experimentar\\u00e1 um som cristalino e sem interfer\\u00eancias, tornando-os ideais para sistemas de \\u00e1udio de alta fidelidade e home theaters de alta gama. Eleve a sua experi\\u00eancia sonora com esses cabos de interconex\\u00e3o de alta qualidade.\"","breadcrumb":{"@id":"https:\/\/rapidetech.com.br\/produto\/1-cabo-xlr-com-plugs-fibra-de-carbono-9-00-mm-prata-puro-high-end-05-m\/#breadcrumb"},"inLanguage":"en-US","potentialAction":[{"@type":"ReadAction","target":["https:\/\/rapidetech.com.br\/produto\/1-cabo-xlr-com-plugs-fibra-de-carbono-9-00-mm-prata-puro-high-end-05-m\/"]}]},{"@type":"ImageObject","inLanguage":"en-US","@id":"https:\/\/rapidetech.com.br\/produto\/1-cabo-xlr-com-plugs-fibra-de-carbono-9-00-mm-prata-puro-high-end-05-m\/#primaryimage","url":"https:\/\/rapidetech.com.br\/wp-content\/uploads\/2024\/04\/H8052707c71b148dfa804c11cfd585b48q.webp","contentUrl":"https:\/\/rapidetech.com.br\/wp-content\/uploads\/2024\/04\/H8052707c71b148dfa804c11cfd585b48q.webp","width":1000,"height":1000},{"@type":"BreadcrumbList","@id":"https:\/\/rapidetech.com.br\/produto\/1-cabo-xlr-com-plugs-fibra-de-carbono-9-00-mm-prata-puro-high-end-05-m\/#breadcrumb","itemListElement":[{"@type":"ListItem","position":1,"name":"In\u00edcio","item":"https:\/\/rapidetech.com.br\/"},{"@type":"ListItem","position":2,"name":"Produtos","item":"https:\/\/rapidetech.com.br\/produtos\/"},{"@type":"ListItem","position":3,"name":"1 Cabo interconexao XLR com plugs Fibra de carbono 9.00 mm prata puro high end &#8211; 0,5 m\u00a0"}]},{"@type":"WebSite","@id":"https:\/\/rapidetech.com.br\/#website","url":"https:\/\/rapidetech.com.br\/","name":"Rapidetech","description":"Audio e video","publisher":{"@id":"https:\/\/rapidetech.com.br\/#organization"},"potentialAction":[{"@type":"SearchAction","target":{"@type":"EntryPoint","urlTemplate":"https:\/\/rapidetech.com.br\/?s={search_term_string}"},"query-input":{"@type":"PropertyValueSpecification","valueRequired":true,"valueName":"search_term_string"}}],"inLanguage":"en-US"},{"@type":"Organization","@id":"https:\/\/rapidetech.com.br\/#organization","name":"Rapidetech","url":"https:\/\/rapidetech.com.br\/","logo":{"@type":"ImageObject","inLanguage":"en-US","@id":"https:\/\/rapidetech.com.br\/#\/schema\/logo\/image\/","url":"https:\/\/rapidetech.com.br\/wp-content\/uploads\/2022\/08\/RAPIDETECH-AUDIO-E-VIDEO.jpg","contentUrl":"https:\/\/rapidetech.com.br\/wp-content\/uploads\/2022\/08\/RAPIDETECH-AUDIO-E-VIDEO.jpg","width":236,"height":213,"caption":"Rapidetech"},"image":{"@id":"https:\/\/rapidetech.com.br\/#\/schema\/logo\/image\/"},"sameAs":["https:\/\/rapidetech.com.br\/","https:\/\/www.youtube.com\/channel\/UCQWlsTr9MvbqwWAekYtMNLQ"]}]}},"_links":{"self":[{"href":"https:\/\/rapidetech.com.br\/en\/wp-json\/wp\/v2\/product\/54112","targetHints":{"allow":["GET"]}}],"collection":[{"href":"https:\/\/rapidetech.com.br\/en\/wp-json\/wp\/v2\/product"}],"about":[{"href":"https:\/\/rapidetech.com.br\/en\/wp-json\/wp\/v2\/types\/product"}],"replies":[{"embeddable":true,"href":"https:\/\/rapidetech.com.br\/en\/wp-json\/wp\/v2\/comments?post=54112"}],"version-history":[{"count":0,"href":"https:\/\/rapidetech.com.br\/en\/wp-json\/wp\/v2\/product\/54112\/revisions"}],"wp:featuredmedia":[{"embeddable":true,"href":"https:\/\/rapidetech.com.br\/en\/wp-json\/wp\/v2\/media\/52900"}],"wp:attachment":[{"href":"https:\/\/rapidetech.com.br\/en\/wp-json\/wp\/v2\/media?parent=54112"}],"wp:term":[{"taxonomy":"product_brand","embeddable":true,"href":"https:\/\/rapidetech.com.br\/en\/wp-json\/wp\/v2\/product_brand?post=54112"},{"taxonomy":"product_cat","embeddable":true,"href":"https:\/\/rapidetech.com.br\/en\/wp-json\/wp\/v2\/product_cat?post=54112"},{"taxonomy":"product_tag","embeddable":true,"href":"https:\/\/rapidetech.com.br\/en\/wp-json\/wp\/v2\/product_tag?post=54112"}],"curies":[{"name":"wp","href":"https:\/\/api.w.org\/{rel}","templated":true}]}}