{"id":54471,"date":"2024-11-14T10:05:46","date_gmt":"2024-11-14T13:05:46","guid":{"rendered":"https:\/\/rapidetech.com.br\/?post_type=product&#038;p=54471"},"modified":"2025-03-30T07:37:07","modified_gmt":"2025-03-30T10:37:07","slug":"kit-de-ferramentas-multi-uso-para-cellaptop-pc-ifixit-pro-tech-toolkit-if145-307-4","status":"publish","type":"product","link":"https:\/\/rapidetech.com.br\/en\/product\/kit-de-ferramentas-multi-uso-para-cellaptop-pc-ifixit-pro-tech-toolkit-if145-307-4\/","title":{"rendered":"Kit De Ferramentas multi uso para cel,laptop , pc &#8211; Ifixit Pro Tech Toolkit &#8211; If145-307-4"},"content":{"rendered":"<p><strong>Kit De Ferramentas &#8211; Ifixit Pro Tech Toolkit &#8211; If145-307-4<\/strong><\/p>\n<p>****************************************************************************<\/p>\n<p>&nbsp;<\/p>\n<p>Part Number: Pro Tech Toolkit \/ IF145-307-4<\/p>\n<p>64 pontas do tipo Square, Spanner, Triangle, Gamebit, TorX, JIS, Pentabular, Phillips, Tri-Point, FlatHead, Nut Driver, Hex e TorX Security.Chave magnetizada.<\/p>\n<p>&nbsp;<\/p>\n<p><strong>Componentes:<\/strong> Chave Oval; Quadrado: 1, 2; Tri\u00e2ngulo: 2, 3 mm; Chave inglesa: 6, 8; Pegador Magn\u00e9tico; Torx: T2, T3, T4, T5; Bit de eje\u00e7\u00e3o do SIM; Gamebit: 3.8, 4.5 mm; JIS: J000, J00, J0, J1; Pentalobe: P2, P5, P6; Phillips: 000, 00, 0, 1, 2; Espa\u00e7ador para iPhone; Tri-ponto: Y000, Y00, Y0, Y1; 1\/4&#8243; a 4 mm Driver Adaptador; Cabe\u00e7a chata: 1, 1.5, 2, 2.5, 3, 4 mm; Chave de porca: 2.5, 3, 3.5, 4, 5, 5.5 mm; Hexadecimal: 0.7, 0.9, 1.3, 1.5, 2, 2.5, 3, 3.5, 4, 4.5, 5 mm; Seguran\u00e7a Torx: TR6, TR7, TR8, TR9, TR10, TR15, TR20, TR25<\/p>\n<p>&nbsp;<\/p>\n<p><strong>QUALIDADE PARA O N\u00daCLEO<\/strong>:<br \/>\nNo cora\u00e7\u00e3o do kit de ferramentas, 64 pontas de chave de fenda de a\u00e7o para atender a toda a sua tecnologia. O Pro Tech Toolkit tem tudo a partir de um Y000 bit para produtos de Apple de pr\u00f3xima gera\u00e7\u00e3o para o Gamebit para consoles de jogos vintage.<\/p>\n<p><strong>DELIBERAR SELE\u00c7\u00c3O DE FERRAMENTAS<\/strong>:<br \/>\nCriamos esse conjunto de ferramentas desde o in\u00edcio, desde as ferramentas de abertura personalizadas e os espelhos at\u00e9 o driver de alum\u00ednio projetado pelo iFixit com al\u00e7a moleteada e topo girat\u00f3rio.<\/p>\n<p><strong>Quebrado N\u00e3o \u00e9 o Fim:<\/strong><br \/>\nTelas quebradas. Notebooks lentos. As baterias falham. O desgaste \u00e9 normal, mas jogar coisas fora n\u00e3o deve ser. O reparo \u00e9 melhor para sua carteira e o meio ambiente. Voc\u00ea n\u00e3o precisa ser um g\u00eanio para consertar seus produtos eletr\u00f4nicos. Voc\u00ea s\u00f3 precisa das ferramentas certas.<\/p>\n<p>&nbsp;<\/p>\n<p>&nbsp;<\/p>","protected":false},"excerpt":{"rendered":"<p><strong>Kit De Ferramentas &#8211; Ifixit Pro Tech Toolkit &#8211; If145-307-4<\/strong><\/p>\n<p>**************************************************************<\/p>\n<p>&nbsp;<\/p>\n<p>Part Number: Pro Tech Toolkit \/ IF145-307-4<\/p>\n<p>64 pontas do tipo Square, Spanner, Triangle, Gamebit, TorX, JIS, Pentabular, Phillips, Tri-Point, FlatHead, Nut Driver, Hex e TorX Security.<br \/>\nChave magnetizada.PERSISTENTE INOVA\u00c7\u00c3O:<br \/>\nArmados com os dados de centenas de desmontagem e milhares de guias de reparo, nossos engenheiros criaram o kit de ferramentas mais eficaz para suas necessidades pr\u00e1ticas de reparo.<\/p>\n<p><strong>Componentes:<\/strong> Chave Oval; Quadrado: 1, 2; Tri\u00e2ngulo: 2, 3 mm; Chave inglesa: 6, 8; Pegador Magn\u00e9tico; Torx: T2, T3, T4, T5; Bit de eje\u00e7\u00e3o do SIM; Gamebit: 3.8, 4.5 mm; JIS: J000, J00, J0, J1; Pentalobe: P2, P5, P6; Phillips: 000, 00, 0, 1, 2; Espa\u00e7ador para iPhone; Tri-ponto: Y000, Y00, Y0, Y1; 1\/4&#8243; a 4 mm Driver Adaptador; Cabe\u00e7a chata: 1, 1.5, 2, 2.5, 3, 4 mm; Chave de porca: 2.5, 3, 3.5, 4, 5, 5.5 mm; Hexadecimal: 0.7, 0.9, 1.3, 1.5, 2, 2.5, 3, 3.5, 4, 4.5, 5 mm; Seguran\u00e7a Torx: TR6, TR7, TR8, TR9, TR10, TR15, TR20, TR25.<\/p>","protected":false},"featured_media":54202,"comment_status":"open","ping_status":"closed","template":"","meta":[],"product_brand":[],"product_cat":[18,45],"product_tag":[501,493,459],"class_list":{"0":"post-54471","1":"product","2":"type-product","3":"status-publish","4":"has-post-thumbnail","6":"product_cat-accessorios","7":"product_cat-informatica","8":"product_tag-cel","9":"product_tag-kit-de-ferramentas","10":"product_tag-pc","11":"product_shipping_class-normal","13":"first","14":"outofstock","15":"shipping-taxable","16":"purchasable","17":"product-type-simple"},"yoast_head":"<!-- This site is optimized with the Yoast SEO plugin v27.4 - https:\/\/yoast.com\/product\/yoast-seo-wordpress\/ -->\n<title>Kit De Ferramentas multi uso para cel,laptop , pc - Ifixit Pro Tech Toolkit - If145-307-4 - Rapidetech<\/title>\n<meta name=\"description\" content=\"Componentes: Chave Oval; Quadrado: 1, 2; Tri\u00e2ngulo: 2, 3 mm; Chave inglesa: 6, 8; Pegador Magn\u00e9tico; Torx: T2, T3, T4, T5; Bit de eje\u00e7\u00e3o do SIM; Gamebit: 3.8, 4.5 mm; JIS: J000, J00, J0, J1; Pentalobe: P2, P5, P6; Phillips: 000, 00, 0, 1, 2; Espa\u00e7ador para iPhone; Tri-ponto: Y000, Y00, Y0, Y1; 1\/4&quot; a 4 mm Driver Adaptador; Cabe\u00e7a chata: 1, 1.5, 2, 2.5, 3, 4 mm; Chave de porca: 2.5, 3, 3.5, 4, 5, 5.5 mm; Hexadecimal: 0.7, 0.9, 1.3, 1.5, 2, 2.5, 3, 3.5, 4, 4.5, 5 mm; Seguran\u00e7a Torx: TR6, TR7, TR8, TR9, TR10, TR15, TR20, TR25\" \/>\n<meta name=\"robots\" content=\"index, follow, max-snippet:-1, max-image-preview:large, max-video-preview:-1\" \/>\n<link rel=\"canonical\" href=\"https:\/\/rapidetech.com.br\/en\/product\/kit-de-ferramentas-multi-uso-para-cellaptop-pc-ifixit-pro-tech-toolkit-if145-307-4\/\" \/>\n<meta property=\"og:locale\" content=\"en_US\" \/>\n<meta property=\"og:type\" content=\"article\" \/>\n<meta property=\"og:title\" content=\"Kit De Ferramentas multi uso para cel,laptop , pc - Ifixit Pro Tech Toolkit - If145-307-4 - Rapidetech\" \/>\n<meta property=\"og:description\" content=\"Componentes: Chave Oval; Quadrado: 1, 2; Tri\u00e2ngulo: 2, 3 mm; Chave inglesa: 6, 8; Pegador Magn\u00e9tico; Torx: T2, T3, T4, T5; Bit de eje\u00e7\u00e3o do SIM; Gamebit: 3.8, 4.5 mm; JIS: J000, J00, J0, J1; Pentalobe: P2, P5, P6; Phillips: 000, 00, 0, 1, 2; Espa\u00e7ador para iPhone; Tri-ponto: Y000, Y00, Y0, Y1; 1\/4&quot; a 4 mm Driver Adaptador; Cabe\u00e7a chata: 1, 1.5, 2, 2.5, 3, 4 mm; Chave de porca: 2.5, 3, 3.5, 4, 5, 5.5 mm; Hexadecimal: 0.7, 0.9, 1.3, 1.5, 2, 2.5, 3, 3.5, 4, 4.5, 5 mm; Seguran\u00e7a Torx: TR6, TR7, TR8, TR9, TR10, TR15, TR20, TR25\" \/>\n<meta property=\"og:url\" content=\"https:\/\/rapidetech.com.br\/en\/product\/kit-de-ferramentas-multi-uso-para-cellaptop-pc-ifixit-pro-tech-toolkit-if145-307-4\/\" \/>\n<meta property=\"og:site_name\" content=\"Rapidetech\" \/>\n<meta property=\"article:modified_time\" content=\"2025-03-30T10:37:07+00:00\" \/>\n<meta property=\"og:image\" content=\"https:\/\/rapidetech.com.br\/wp-content\/uploads\/2024\/10\/AnyConv.com__81EM7o-lfcL._AC_SL1500_-Copia.webp\" \/>\n\t<meta property=\"og:image:width\" content=\"1330\" \/>\n\t<meta property=\"og:image:height\" content=\"1500\" \/>\n\t<meta property=\"og:image:type\" content=\"image\/webp\" \/>\n<meta name=\"twitter:card\" content=\"summary_large_image\" \/>\n<meta name=\"twitter:label1\" content=\"Est. reading time\" \/>\n\t<meta name=\"twitter:data1\" content=\"2 minutes\" \/>\n<script type=\"application\/ld+json\" class=\"yoast-schema-graph\">{\"@context\":\"https:\\\/\\\/schema.org\",\"@graph\":[{\"@type\":\"WebPage\",\"@id\":\"https:\\\/\\\/rapidetech.com.br\\\/produto\\\/kit-de-ferramentas-multi-uso-para-cellaptop-pc-ifixit-pro-tech-toolkit-if145-307-4\\\/\",\"url\":\"https:\\\/\\\/rapidetech.com.br\\\/produto\\\/kit-de-ferramentas-multi-uso-para-cellaptop-pc-ifixit-pro-tech-toolkit-if145-307-4\\\/\",\"name\":\"Kit De Ferramentas multi uso para cel,laptop , pc - Ifixit Pro Tech Toolkit - If145-307-4 - Rapidetech\",\"isPartOf\":{\"@id\":\"https:\\\/\\\/rapidetech.com.br\\\/#website\"},\"primaryImageOfPage\":{\"@id\":\"https:\\\/\\\/rapidetech.com.br\\\/produto\\\/kit-de-ferramentas-multi-uso-para-cellaptop-pc-ifixit-pro-tech-toolkit-if145-307-4\\\/#primaryimage\"},\"image\":{\"@id\":\"https:\\\/\\\/rapidetech.com.br\\\/produto\\\/kit-de-ferramentas-multi-uso-para-cellaptop-pc-ifixit-pro-tech-toolkit-if145-307-4\\\/#primaryimage\"},\"thumbnailUrl\":\"https:\\\/\\\/rapidetech.com.br\\\/wp-content\\\/uploads\\\/2024\\\/10\\\/AnyConv.com__81EM7o-lfcL._AC_SL1500_-Copia.webp\",\"datePublished\":\"2024-11-14T13:05:46+00:00\",\"dateModified\":\"2025-03-30T10:37:07+00:00\",\"description\":\"Componentes: Chave Oval; Quadrado: 1, 2; Tri\u00e2ngulo: 2, 3 mm; Chave inglesa: 6, 8; Pegador Magn\u00e9tico; Torx: T2, T3, T4, T5; Bit de eje\u00e7\u00e3o do SIM; Gamebit: 3.8, 4.5 mm; JIS: J000, J00, J0, J1; Pentalobe: P2, P5, P6; Phillips: 000, 00, 0, 1, 2; Espa\u00e7ador para iPhone; Tri-ponto: Y000, Y00, Y0, Y1; 1\\\/4\\\" a 4 mm Driver Adaptador; Cabe\u00e7a chata: 1, 1.5, 2, 2.5, 3, 4 mm; Chave de porca: 2.5, 3, 3.5, 4, 5, 5.5 mm; Hexadecimal: 0.7, 0.9, 1.3, 1.5, 2, 2.5, 3, 3.5, 4, 4.5, 5 mm; Seguran\u00e7a Torx: TR6, TR7, TR8, TR9, TR10, TR15, TR20, TR25\",\"breadcrumb\":{\"@id\":\"https:\\\/\\\/rapidetech.com.br\\\/produto\\\/kit-de-ferramentas-multi-uso-para-cellaptop-pc-ifixit-pro-tech-toolkit-if145-307-4\\\/#breadcrumb\"},\"inLanguage\":\"en-US\",\"potentialAction\":[{\"@type\":\"ReadAction\",\"target\":[\"https:\\\/\\\/rapidetech.com.br\\\/produto\\\/kit-de-ferramentas-multi-uso-para-cellaptop-pc-ifixit-pro-tech-toolkit-if145-307-4\\\/\"]}]},{\"@type\":\"ImageObject\",\"inLanguage\":\"en-US\",\"@id\":\"https:\\\/\\\/rapidetech.com.br\\\/produto\\\/kit-de-ferramentas-multi-uso-para-cellaptop-pc-ifixit-pro-tech-toolkit-if145-307-4\\\/#primaryimage\",\"url\":\"https:\\\/\\\/rapidetech.com.br\\\/wp-content\\\/uploads\\\/2024\\\/10\\\/AnyConv.com__81EM7o-lfcL._AC_SL1500_-Copia.webp\",\"contentUrl\":\"https:\\\/\\\/rapidetech.com.br\\\/wp-content\\\/uploads\\\/2024\\\/10\\\/AnyConv.com__81EM7o-lfcL._AC_SL1500_-Copia.webp\",\"width\":1330,\"height\":1500},{\"@type\":\"BreadcrumbList\",\"@id\":\"https:\\\/\\\/rapidetech.com.br\\\/produto\\\/kit-de-ferramentas-multi-uso-para-cellaptop-pc-ifixit-pro-tech-toolkit-if145-307-4\\\/#breadcrumb\",\"itemListElement\":[{\"@type\":\"ListItem\",\"position\":1,\"name\":\"In\u00edcio\",\"item\":\"https:\\\/\\\/rapidetech.com.br\\\/\"},{\"@type\":\"ListItem\",\"position\":2,\"name\":\"Produtos\",\"item\":\"https:\\\/\\\/rapidetech.com.br\\\/produtos\\\/\"},{\"@type\":\"ListItem\",\"position\":3,\"name\":\"Kit De Ferramentas multi uso para cel,laptop , pc &#8211; Ifixit Pro Tech Toolkit &#8211; If145-307-4\"}]},{\"@type\":\"WebSite\",\"@id\":\"https:\\\/\\\/rapidetech.com.br\\\/#website\",\"url\":\"https:\\\/\\\/rapidetech.com.br\\\/\",\"name\":\"Rapidetech\",\"description\":\"Audio e video\",\"publisher\":{\"@id\":\"https:\\\/\\\/rapidetech.com.br\\\/#organization\"},\"potentialAction\":[{\"@type\":\"SearchAction\",\"target\":{\"@type\":\"EntryPoint\",\"urlTemplate\":\"https:\\\/\\\/rapidetech.com.br\\\/?s={search_term_string}\"},\"query-input\":{\"@type\":\"PropertyValueSpecification\",\"valueRequired\":true,\"valueName\":\"search_term_string\"}}],\"inLanguage\":\"en-US\"},{\"@type\":\"Organization\",\"@id\":\"https:\\\/\\\/rapidetech.com.br\\\/#organization\",\"name\":\"Rapidetech\",\"url\":\"https:\\\/\\\/rapidetech.com.br\\\/\",\"logo\":{\"@type\":\"ImageObject\",\"inLanguage\":\"en-US\",\"@id\":\"https:\\\/\\\/rapidetech.com.br\\\/#\\\/schema\\\/logo\\\/image\\\/\",\"url\":\"https:\\\/\\\/rapidetech.com.br\\\/wp-content\\\/uploads\\\/2022\\\/08\\\/RAPIDETECH-AUDIO-E-VIDEO.jpg\",\"contentUrl\":\"https:\\\/\\\/rapidetech.com.br\\\/wp-content\\\/uploads\\\/2022\\\/08\\\/RAPIDETECH-AUDIO-E-VIDEO.jpg\",\"width\":236,\"height\":213,\"caption\":\"Rapidetech\"},\"image\":{\"@id\":\"https:\\\/\\\/rapidetech.com.br\\\/#\\\/schema\\\/logo\\\/image\\\/\"},\"sameAs\":[\"https:\\\/\\\/rapidetech.com.br\\\/\",\"https:\\\/\\\/www.youtube.com\\\/channel\\\/UCQWlsTr9MvbqwWAekYtMNLQ\"]}]}<\/script>\n<!-- \/ Yoast SEO plugin. -->","yoast_head_json":{"title":"Kit De Ferramentas multi uso para cel,laptop , pc - Ifixit Pro Tech Toolkit - If145-307-4 - Rapidetech","description":"Componentes: Chave Oval; Quadrado: 1, 2; Tri\u00e2ngulo: 2, 3 mm; Chave inglesa: 6, 8; Pegador Magn\u00e9tico; Torx: T2, T3, T4, T5; Bit de eje\u00e7\u00e3o do SIM; Gamebit: 3.8, 4.5 mm; JIS: J000, J00, J0, J1; Pentalobe: P2, P5, P6; Phillips: 000, 00, 0, 1, 2; Espa\u00e7ador para iPhone; Tri-ponto: Y000, Y00, Y0, Y1; 1\/4\" a 4 mm Driver Adaptador; Cabe\u00e7a chata: 1, 1.5, 2, 2.5, 3, 4 mm; Chave de porca: 2.5, 3, 3.5, 4, 5, 5.5 mm; Hexadecimal: 0.7, 0.9, 1.3, 1.5, 2, 2.5, 3, 3.5, 4, 4.5, 5 mm; Seguran\u00e7a Torx: TR6, TR7, TR8, TR9, TR10, TR15, TR20, TR25","robots":{"index":"index","follow":"follow","max-snippet":"max-snippet:-1","max-image-preview":"max-image-preview:large","max-video-preview":"max-video-preview:-1"},"canonical":"https:\/\/rapidetech.com.br\/en\/product\/kit-de-ferramentas-multi-uso-para-cellaptop-pc-ifixit-pro-tech-toolkit-if145-307-4\/","og_locale":"en_US","og_type":"article","og_title":"Kit De Ferramentas multi uso para cel,laptop , pc - Ifixit Pro Tech Toolkit - If145-307-4 - Rapidetech","og_description":"Componentes: Chave Oval; Quadrado: 1, 2; Tri\u00e2ngulo: 2, 3 mm; Chave inglesa: 6, 8; Pegador Magn\u00e9tico; Torx: T2, T3, T4, T5; Bit de eje\u00e7\u00e3o do SIM; Gamebit: 3.8, 4.5 mm; JIS: J000, J00, J0, J1; Pentalobe: P2, P5, P6; Phillips: 000, 00, 0, 1, 2; Espa\u00e7ador para iPhone; Tri-ponto: Y000, Y00, Y0, Y1; 1\/4\" a 4 mm Driver Adaptador; Cabe\u00e7a chata: 1, 1.5, 2, 2.5, 3, 4 mm; Chave de porca: 2.5, 3, 3.5, 4, 5, 5.5 mm; Hexadecimal: 0.7, 0.9, 1.3, 1.5, 2, 2.5, 3, 3.5, 4, 4.5, 5 mm; Seguran\u00e7a Torx: TR6, TR7, TR8, TR9, TR10, TR15, TR20, TR25","og_url":"https:\/\/rapidetech.com.br\/en\/product\/kit-de-ferramentas-multi-uso-para-cellaptop-pc-ifixit-pro-tech-toolkit-if145-307-4\/","og_site_name":"Rapidetech","article_modified_time":"2025-03-30T10:37:07+00:00","og_image":[{"width":1330,"height":1500,"url":"https:\/\/rapidetech.com.br\/wp-content\/uploads\/2024\/10\/AnyConv.com__81EM7o-lfcL._AC_SL1500_-Copia.webp","type":"image\/webp"}],"twitter_card":"summary_large_image","twitter_misc":{"Est. reading time":"2 minutes"},"schema":{"@context":"https:\/\/schema.org","@graph":[{"@type":"WebPage","@id":"https:\/\/rapidetech.com.br\/produto\/kit-de-ferramentas-multi-uso-para-cellaptop-pc-ifixit-pro-tech-toolkit-if145-307-4\/","url":"https:\/\/rapidetech.com.br\/produto\/kit-de-ferramentas-multi-uso-para-cellaptop-pc-ifixit-pro-tech-toolkit-if145-307-4\/","name":"Kit De Ferramentas multi uso para cel,laptop , pc - Ifixit Pro Tech Toolkit - If145-307-4 - Rapidetech","isPartOf":{"@id":"https:\/\/rapidetech.com.br\/#website"},"primaryImageOfPage":{"@id":"https:\/\/rapidetech.com.br\/produto\/kit-de-ferramentas-multi-uso-para-cellaptop-pc-ifixit-pro-tech-toolkit-if145-307-4\/#primaryimage"},"image":{"@id":"https:\/\/rapidetech.com.br\/produto\/kit-de-ferramentas-multi-uso-para-cellaptop-pc-ifixit-pro-tech-toolkit-if145-307-4\/#primaryimage"},"thumbnailUrl":"https:\/\/rapidetech.com.br\/wp-content\/uploads\/2024\/10\/AnyConv.com__81EM7o-lfcL._AC_SL1500_-Copia.webp","datePublished":"2024-11-14T13:05:46+00:00","dateModified":"2025-03-30T10:37:07+00:00","description":"Componentes: Chave Oval; Quadrado: 1, 2; Tri\u00e2ngulo: 2, 3 mm; Chave inglesa: 6, 8; Pegador Magn\u00e9tico; Torx: T2, T3, T4, T5; Bit de eje\u00e7\u00e3o do SIM; Gamebit: 3.8, 4.5 mm; JIS: J000, J00, J0, J1; Pentalobe: P2, P5, P6; Phillips: 000, 00, 0, 1, 2; Espa\u00e7ador para iPhone; Tri-ponto: Y000, Y00, Y0, Y1; 1\/4\" a 4 mm Driver Adaptador; Cabe\u00e7a chata: 1, 1.5, 2, 2.5, 3, 4 mm; Chave de porca: 2.5, 3, 3.5, 4, 5, 5.5 mm; Hexadecimal: 0.7, 0.9, 1.3, 1.5, 2, 2.5, 3, 3.5, 4, 4.5, 5 mm; Seguran\u00e7a Torx: TR6, TR7, TR8, TR9, TR10, TR15, TR20, TR25","breadcrumb":{"@id":"https:\/\/rapidetech.com.br\/produto\/kit-de-ferramentas-multi-uso-para-cellaptop-pc-ifixit-pro-tech-toolkit-if145-307-4\/#breadcrumb"},"inLanguage":"en-US","potentialAction":[{"@type":"ReadAction","target":["https:\/\/rapidetech.com.br\/produto\/kit-de-ferramentas-multi-uso-para-cellaptop-pc-ifixit-pro-tech-toolkit-if145-307-4\/"]}]},{"@type":"ImageObject","inLanguage":"en-US","@id":"https:\/\/rapidetech.com.br\/produto\/kit-de-ferramentas-multi-uso-para-cellaptop-pc-ifixit-pro-tech-toolkit-if145-307-4\/#primaryimage","url":"https:\/\/rapidetech.com.br\/wp-content\/uploads\/2024\/10\/AnyConv.com__81EM7o-lfcL._AC_SL1500_-Copia.webp","contentUrl":"https:\/\/rapidetech.com.br\/wp-content\/uploads\/2024\/10\/AnyConv.com__81EM7o-lfcL._AC_SL1500_-Copia.webp","width":1330,"height":1500},{"@type":"BreadcrumbList","@id":"https:\/\/rapidetech.com.br\/produto\/kit-de-ferramentas-multi-uso-para-cellaptop-pc-ifixit-pro-tech-toolkit-if145-307-4\/#breadcrumb","itemListElement":[{"@type":"ListItem","position":1,"name":"In\u00edcio","item":"https:\/\/rapidetech.com.br\/"},{"@type":"ListItem","position":2,"name":"Produtos","item":"https:\/\/rapidetech.com.br\/produtos\/"},{"@type":"ListItem","position":3,"name":"Kit De Ferramentas multi uso para cel,laptop , pc &#8211; Ifixit Pro Tech Toolkit &#8211; If145-307-4"}]},{"@type":"WebSite","@id":"https:\/\/rapidetech.com.br\/#website","url":"https:\/\/rapidetech.com.br\/","name":"Rapidetech","description":"Audio e video","publisher":{"@id":"https:\/\/rapidetech.com.br\/#organization"},"potentialAction":[{"@type":"SearchAction","target":{"@type":"EntryPoint","urlTemplate":"https:\/\/rapidetech.com.br\/?s={search_term_string}"},"query-input":{"@type":"PropertyValueSpecification","valueRequired":true,"valueName":"search_term_string"}}],"inLanguage":"en-US"},{"@type":"Organization","@id":"https:\/\/rapidetech.com.br\/#organization","name":"Rapidetech","url":"https:\/\/rapidetech.com.br\/","logo":{"@type":"ImageObject","inLanguage":"en-US","@id":"https:\/\/rapidetech.com.br\/#\/schema\/logo\/image\/","url":"https:\/\/rapidetech.com.br\/wp-content\/uploads\/2022\/08\/RAPIDETECH-AUDIO-E-VIDEO.jpg","contentUrl":"https:\/\/rapidetech.com.br\/wp-content\/uploads\/2022\/08\/RAPIDETECH-AUDIO-E-VIDEO.jpg","width":236,"height":213,"caption":"Rapidetech"},"image":{"@id":"https:\/\/rapidetech.com.br\/#\/schema\/logo\/image\/"},"sameAs":["https:\/\/rapidetech.com.br\/","https:\/\/www.youtube.com\/channel\/UCQWlsTr9MvbqwWAekYtMNLQ"]}]}},"_links":{"self":[{"href":"https:\/\/rapidetech.com.br\/en\/wp-json\/wp\/v2\/product\/54471","targetHints":{"allow":["GET"]}}],"collection":[{"href":"https:\/\/rapidetech.com.br\/en\/wp-json\/wp\/v2\/product"}],"about":[{"href":"https:\/\/rapidetech.com.br\/en\/wp-json\/wp\/v2\/types\/product"}],"replies":[{"embeddable":true,"href":"https:\/\/rapidetech.com.br\/en\/wp-json\/wp\/v2\/comments?post=54471"}],"version-history":[{"count":0,"href":"https:\/\/rapidetech.com.br\/en\/wp-json\/wp\/v2\/product\/54471\/revisions"}],"wp:featuredmedia":[{"embeddable":true,"href":"https:\/\/rapidetech.com.br\/en\/wp-json\/wp\/v2\/media\/54202"}],"wp:attachment":[{"href":"https:\/\/rapidetech.com.br\/en\/wp-json\/wp\/v2\/media?parent=54471"}],"wp:term":[{"taxonomy":"product_brand","embeddable":true,"href":"https:\/\/rapidetech.com.br\/en\/wp-json\/wp\/v2\/product_brand?post=54471"},{"taxonomy":"product_cat","embeddable":true,"href":"https:\/\/rapidetech.com.br\/en\/wp-json\/wp\/v2\/product_cat?post=54471"},{"taxonomy":"product_tag","embeddable":true,"href":"https:\/\/rapidetech.com.br\/en\/wp-json\/wp\/v2\/product_tag?post=54471"}],"curies":[{"name":"wp","href":"https:\/\/api.w.org\/{rel}","templated":true}]}}