{"id":54500,"date":"2024-11-15T09:27:53","date_gmt":"2024-11-15T12:27:53","guid":{"rendered":"https:\/\/rapidetech.com.br\/?post_type=product&#038;p=54500"},"modified":"2026-01-24T20:14:22","modified_gmt":"2026-01-24T23:14:22","slug":"cabo-adaptador-tipo-c-x-displayport-2-1-16k-moshou-2m","status":"publish","type":"product","link":"https:\/\/rapidetech.com.br\/en\/product\/cabo-adaptador-tipo-c-x-displayport-2-1-16k-moshou-2m\/","title":{"rendered":"Cabo adaptador Tipo C X   displayport 2.1 16k Moshou  &#8211; 2m"},"content":{"rendered":"<h1>Novo Cabo tipo C\u00a0 x displayport 16k Moshou -2 metros<\/h1>\n<h3>*******************************************************************************<\/h3>\n<p>&nbsp;<\/p>\n<h3><em>Descri\u00e7\u00e3o do cabo\u00a0 :<\/em><\/h3>\n<p>Cabo tipo C\u00a0 x displayport 16k Moshou<span style=\"font-size: 16px;\">\u00a0alta qualidade para transmissao de dados\u00a0 ,leitura audio e video ate 16 k ,permite transmissao de 2 monitores 5 k.<\/span><\/p>\n<p>Blindado de alta qualidade\u00a0 <span style=\"font-size: 10.5pt; font-family: 'Arial',sans-serif; color: #242424;\"><span style=\"font-size: 10.5pt; font-family: 'Arial',sans-serif; color: #242424;\">\u00a0<\/span><\/span><\/p>\n<p>Extens\u00e3o: 2 m<\/p>\n<p>&nbsp;<\/p>\n<h3><em><strong>Conte\u00fado da embalagem:<\/strong><\/em><\/h3>\n<p>Cabo multiuso\u00a0 tipo C x displayport 16k Moshou\u00a0 \u00a0&#8211; 2 m<\/p>\n<p>O Cabo tipo C tem alta qualidade de transmissao multipla de \u00e1udio e video \u00e9 ideal para efeito est\u00e9reo e realidade aumentada.<\/p>\n<p>O Cabo tipo C x displayport 2.1 16k\u00a0 e ideal para conectar lap top a monitor 5 k (permite 2 simultaneos) ou 1 monitor 6k\u00a0 .<\/p>\n<p>&nbsp;<\/p>","protected":false},"excerpt":{"rendered":"<h3>Cabo tipo C x display port 2.1 16k Moshou\u00a0 \u00a0:<\/h3>\n<ul>\n<li>Cabo tipo C x\u00a0 displayport 2.1 16k<\/li>\n<li>Blindado de alta qualidade<\/li>\n<li>Extens\u00e3o: 2 m<\/li>\n<\/ul>\n<p><strong>Conte\u00fado da embalagem:<\/strong><\/p>\n<ul>\n<li>Cabo tipo C\u00a0 x Displayport\u00a0 2.1 16K<\/li>\n<\/ul>","protected":false},"featured_media":54501,"comment_status":"closed","ping_status":"closed","template":"","meta":[],"product_brand":[],"product_cat":[18,22,282,45,21],"product_tag":[502,94,36,93,95,400,57,97,488],"class_list":{"0":"post-54500","1":"product","2":"type-product","3":"status-publish","4":"has-post-thumbnail","6":"product_cat-accessorios","7":"product_cat-audio","8":"product_cat-cabos-pc","9":"product_cat-informatica","10":"product_cat-video","11":"product_tag-16k","12":"product_tag-4k","13":"product_tag-8k","14":"product_tag-apple","15":"product_tag-cabo-tipo-c","16":"product_tag-displayport-2-1","17":"product_tag-monitor","18":"product_tag-thunderbolt-4","19":"product_tag-tipo-c","20":"product_shipping_class-normal","22":"first","23":"instock","24":"purchasable","25":"product-type-simple"},"yoast_head":"<!-- This site is optimized with the Yoast SEO plugin v27.4 - https:\/\/yoast.com\/product\/yoast-seo-wordpress\/ -->\n<title>Cabo adaptador Tipo C X  displayport 2.1 16k Moshou - 2m - Rapidetech<\/title>\n<meta name=\"description\" content=\"1\u00a0 Cabo tipo C x de alta qualidade para transmissao de dados\u00a0 ,leitura audio e video ate 16 k ,permite transmissao de 2 monitores 5 k.Blindado de alta qualidade\u00a0 \u00a0Dissipa\u00e7\u00e3o de Ru\u00eddos (NDS) , imagem mais nitida , polivalencia de telas\u00a0Extens\u00e3o: 2 m\" \/>\n<meta name=\"robots\" content=\"index, follow, max-snippet:-1, max-image-preview:large, max-video-preview:-1\" \/>\n<link rel=\"canonical\" href=\"https:\/\/rapidetech.com.br\/en\/product\/cabo-adaptador-tipo-c-x-displayport-2-1-16k-moshou-2m\/\" \/>\n<meta property=\"og:locale\" content=\"en_US\" \/>\n<meta property=\"og:type\" content=\"article\" \/>\n<meta property=\"og:title\" content=\"Cabo adaptador Tipo C X  displayport 2.1 16k Moshou - 2m - Rapidetech\" \/>\n<meta property=\"og:description\" content=\"1\u00a0 Cabo tipo C x de alta qualidade para transmissao de dados\u00a0 ,leitura audio e video ate 16 k ,permite transmissao de 2 monitores 5 k.Blindado de alta qualidade\u00a0 \u00a0Dissipa\u00e7\u00e3o de Ru\u00eddos (NDS) , imagem mais nitida , polivalencia de telas\u00a0Extens\u00e3o: 2 m\" \/>\n<meta property=\"og:url\" content=\"https:\/\/rapidetech.com.br\/en\/product\/cabo-adaptador-tipo-c-x-displayport-2-1-16k-moshou-2m\/\" \/>\n<meta property=\"og:site_name\" content=\"Rapidetech\" \/>\n<meta property=\"article:modified_time\" content=\"2026-01-24T23:14:22+00:00\" \/>\n<meta property=\"og:image\" content=\"https:\/\/rapidetech.com.br\/wp-content\/uploads\/2024\/11\/S213b4d1d0a6443ddbad3d0c0c19eda1dZ.webp\" \/>\n\t<meta property=\"og:image:width\" content=\"790\" \/>\n\t<meta property=\"og:image:height\" content=\"1304\" \/>\n\t<meta property=\"og:image:type\" content=\"image\/webp\" \/>\n<meta name=\"twitter:card\" content=\"summary_large_image\" \/>\n<meta name=\"twitter:label1\" content=\"Est. reading time\" \/>\n\t<meta name=\"twitter:data1\" content=\"1 minute\" \/>\n<script type=\"application\/ld+json\" class=\"yoast-schema-graph\">{\"@context\":\"https:\\\/\\\/schema.org\",\"@graph\":[{\"@type\":\"WebPage\",\"@id\":\"https:\\\/\\\/rapidetech.com.br\\\/produto\\\/cabo-adaptador-tipo-c-x-displayport-2-1-16k-moshou-2m\\\/\",\"url\":\"https:\\\/\\\/rapidetech.com.br\\\/produto\\\/cabo-adaptador-tipo-c-x-displayport-2-1-16k-moshou-2m\\\/\",\"name\":\"Cabo adaptador Tipo C X displayport 2.1 16k Moshou - 2m - Rapidetech\",\"isPartOf\":{\"@id\":\"https:\\\/\\\/rapidetech.com.br\\\/#website\"},\"primaryImageOfPage\":{\"@id\":\"https:\\\/\\\/rapidetech.com.br\\\/produto\\\/cabo-adaptador-tipo-c-x-displayport-2-1-16k-moshou-2m\\\/#primaryimage\"},\"image\":{\"@id\":\"https:\\\/\\\/rapidetech.com.br\\\/produto\\\/cabo-adaptador-tipo-c-x-displayport-2-1-16k-moshou-2m\\\/#primaryimage\"},\"thumbnailUrl\":\"https:\\\/\\\/rapidetech.com.br\\\/wp-content\\\/uploads\\\/2024\\\/11\\\/S213b4d1d0a6443ddbad3d0c0c19eda1dZ.webp\",\"datePublished\":\"2024-11-15T12:27:53+00:00\",\"dateModified\":\"2026-01-24T23:14:22+00:00\",\"description\":\"1\u00a0 Cabo tipo C x de alta qualidade para transmissao de dados\u00a0 ,leitura audio e video ate 16 k ,permite transmissao de 2 monitores 5 k.Blindado de alta qualidade\u00a0 \u00a0Dissipa\u00e7\u00e3o de Ru\u00eddos (NDS) , imagem mais nitida , polivalencia de telas\u00a0Extens\u00e3o: 2 m\",\"breadcrumb\":{\"@id\":\"https:\\\/\\\/rapidetech.com.br\\\/produto\\\/cabo-adaptador-tipo-c-x-displayport-2-1-16k-moshou-2m\\\/#breadcrumb\"},\"inLanguage\":\"en-US\",\"potentialAction\":[{\"@type\":\"ReadAction\",\"target\":[\"https:\\\/\\\/rapidetech.com.br\\\/produto\\\/cabo-adaptador-tipo-c-x-displayport-2-1-16k-moshou-2m\\\/\"]}]},{\"@type\":\"ImageObject\",\"inLanguage\":\"en-US\",\"@id\":\"https:\\\/\\\/rapidetech.com.br\\\/produto\\\/cabo-adaptador-tipo-c-x-displayport-2-1-16k-moshou-2m\\\/#primaryimage\",\"url\":\"https:\\\/\\\/rapidetech.com.br\\\/wp-content\\\/uploads\\\/2024\\\/11\\\/S213b4d1d0a6443ddbad3d0c0c19eda1dZ.webp\",\"contentUrl\":\"https:\\\/\\\/rapidetech.com.br\\\/wp-content\\\/uploads\\\/2024\\\/11\\\/S213b4d1d0a6443ddbad3d0c0c19eda1dZ.webp\",\"width\":790,\"height\":1304},{\"@type\":\"BreadcrumbList\",\"@id\":\"https:\\\/\\\/rapidetech.com.br\\\/produto\\\/cabo-adaptador-tipo-c-x-displayport-2-1-16k-moshou-2m\\\/#breadcrumb\",\"itemListElement\":[{\"@type\":\"ListItem\",\"position\":1,\"name\":\"In\u00edcio\",\"item\":\"https:\\\/\\\/rapidetech.com.br\\\/\"},{\"@type\":\"ListItem\",\"position\":2,\"name\":\"Produtos\",\"item\":\"https:\\\/\\\/rapidetech.com.br\\\/produtos\\\/\"},{\"@type\":\"ListItem\",\"position\":3,\"name\":\"Cabo adaptador Tipo C X displayport 2.1 16k Moshou &#8211; 2m\"}]},{\"@type\":\"WebSite\",\"@id\":\"https:\\\/\\\/rapidetech.com.br\\\/#website\",\"url\":\"https:\\\/\\\/rapidetech.com.br\\\/\",\"name\":\"Rapidetech\",\"description\":\"Audio e video\",\"publisher\":{\"@id\":\"https:\\\/\\\/rapidetech.com.br\\\/#organization\"},\"potentialAction\":[{\"@type\":\"SearchAction\",\"target\":{\"@type\":\"EntryPoint\",\"urlTemplate\":\"https:\\\/\\\/rapidetech.com.br\\\/?s={search_term_string}\"},\"query-input\":{\"@type\":\"PropertyValueSpecification\",\"valueRequired\":true,\"valueName\":\"search_term_string\"}}],\"inLanguage\":\"en-US\"},{\"@type\":\"Organization\",\"@id\":\"https:\\\/\\\/rapidetech.com.br\\\/#organization\",\"name\":\"Rapidetech\",\"url\":\"https:\\\/\\\/rapidetech.com.br\\\/\",\"logo\":{\"@type\":\"ImageObject\",\"inLanguage\":\"en-US\",\"@id\":\"https:\\\/\\\/rapidetech.com.br\\\/#\\\/schema\\\/logo\\\/image\\\/\",\"url\":\"https:\\\/\\\/rapidetech.com.br\\\/wp-content\\\/uploads\\\/2022\\\/08\\\/RAPIDETECH-AUDIO-E-VIDEO.jpg\",\"contentUrl\":\"https:\\\/\\\/rapidetech.com.br\\\/wp-content\\\/uploads\\\/2022\\\/08\\\/RAPIDETECH-AUDIO-E-VIDEO.jpg\",\"width\":236,\"height\":213,\"caption\":\"Rapidetech\"},\"image\":{\"@id\":\"https:\\\/\\\/rapidetech.com.br\\\/#\\\/schema\\\/logo\\\/image\\\/\"},\"sameAs\":[\"https:\\\/\\\/rapidetech.com.br\\\/\",\"https:\\\/\\\/www.youtube.com\\\/channel\\\/UCQWlsTr9MvbqwWAekYtMNLQ\"]}]}<\/script>\n<!-- \/ Yoast SEO plugin. -->","yoast_head_json":{"title":"Cabo adaptador Tipo C X  displayport 2.1 16k Moshou - 2m - Rapidetech","description":"1\u00a0 Cabo tipo C x de alta qualidade para transmissao de dados\u00a0 ,leitura audio e video ate 16 k ,permite transmissao de 2 monitores 5 k.Blindado de alta qualidade\u00a0 \u00a0Dissipa\u00e7\u00e3o de Ru\u00eddos (NDS) , imagem mais nitida , polivalencia de telas\u00a0Extens\u00e3o: 2 m","robots":{"index":"index","follow":"follow","max-snippet":"max-snippet:-1","max-image-preview":"max-image-preview:large","max-video-preview":"max-video-preview:-1"},"canonical":"https:\/\/rapidetech.com.br\/en\/product\/cabo-adaptador-tipo-c-x-displayport-2-1-16k-moshou-2m\/","og_locale":"en_US","og_type":"article","og_title":"Cabo adaptador Tipo C X  displayport 2.1 16k Moshou - 2m - Rapidetech","og_description":"1\u00a0 Cabo tipo C x de alta qualidade para transmissao de dados\u00a0 ,leitura audio e video ate 16 k ,permite transmissao de 2 monitores 5 k.Blindado de alta qualidade\u00a0 \u00a0Dissipa\u00e7\u00e3o de Ru\u00eddos (NDS) , imagem mais nitida , polivalencia de telas\u00a0Extens\u00e3o: 2 m","og_url":"https:\/\/rapidetech.com.br\/en\/product\/cabo-adaptador-tipo-c-x-displayport-2-1-16k-moshou-2m\/","og_site_name":"Rapidetech","article_modified_time":"2026-01-24T23:14:22+00:00","og_image":[{"width":790,"height":1304,"url":"https:\/\/rapidetech.com.br\/wp-content\/uploads\/2024\/11\/S213b4d1d0a6443ddbad3d0c0c19eda1dZ.webp","type":"image\/webp"}],"twitter_card":"summary_large_image","twitter_misc":{"Est. reading time":"1 minute"},"schema":{"@context":"https:\/\/schema.org","@graph":[{"@type":"WebPage","@id":"https:\/\/rapidetech.com.br\/produto\/cabo-adaptador-tipo-c-x-displayport-2-1-16k-moshou-2m\/","url":"https:\/\/rapidetech.com.br\/produto\/cabo-adaptador-tipo-c-x-displayport-2-1-16k-moshou-2m\/","name":"Cabo adaptador Tipo C X displayport 2.1 16k Moshou - 2m - Rapidetech","isPartOf":{"@id":"https:\/\/rapidetech.com.br\/#website"},"primaryImageOfPage":{"@id":"https:\/\/rapidetech.com.br\/produto\/cabo-adaptador-tipo-c-x-displayport-2-1-16k-moshou-2m\/#primaryimage"},"image":{"@id":"https:\/\/rapidetech.com.br\/produto\/cabo-adaptador-tipo-c-x-displayport-2-1-16k-moshou-2m\/#primaryimage"},"thumbnailUrl":"https:\/\/rapidetech.com.br\/wp-content\/uploads\/2024\/11\/S213b4d1d0a6443ddbad3d0c0c19eda1dZ.webp","datePublished":"2024-11-15T12:27:53+00:00","dateModified":"2026-01-24T23:14:22+00:00","description":"1\u00a0 Cabo tipo C x de alta qualidade para transmissao de dados\u00a0 ,leitura audio e video ate 16 k ,permite transmissao de 2 monitores 5 k.Blindado de alta qualidade\u00a0 \u00a0Dissipa\u00e7\u00e3o de Ru\u00eddos (NDS) , imagem mais nitida , polivalencia de telas\u00a0Extens\u00e3o: 2 m","breadcrumb":{"@id":"https:\/\/rapidetech.com.br\/produto\/cabo-adaptador-tipo-c-x-displayport-2-1-16k-moshou-2m\/#breadcrumb"},"inLanguage":"en-US","potentialAction":[{"@type":"ReadAction","target":["https:\/\/rapidetech.com.br\/produto\/cabo-adaptador-tipo-c-x-displayport-2-1-16k-moshou-2m\/"]}]},{"@type":"ImageObject","inLanguage":"en-US","@id":"https:\/\/rapidetech.com.br\/produto\/cabo-adaptador-tipo-c-x-displayport-2-1-16k-moshou-2m\/#primaryimage","url":"https:\/\/rapidetech.com.br\/wp-content\/uploads\/2024\/11\/S213b4d1d0a6443ddbad3d0c0c19eda1dZ.webp","contentUrl":"https:\/\/rapidetech.com.br\/wp-content\/uploads\/2024\/11\/S213b4d1d0a6443ddbad3d0c0c19eda1dZ.webp","width":790,"height":1304},{"@type":"BreadcrumbList","@id":"https:\/\/rapidetech.com.br\/produto\/cabo-adaptador-tipo-c-x-displayport-2-1-16k-moshou-2m\/#breadcrumb","itemListElement":[{"@type":"ListItem","position":1,"name":"In\u00edcio","item":"https:\/\/rapidetech.com.br\/"},{"@type":"ListItem","position":2,"name":"Produtos","item":"https:\/\/rapidetech.com.br\/produtos\/"},{"@type":"ListItem","position":3,"name":"Cabo adaptador Tipo C X displayport 2.1 16k Moshou &#8211; 2m"}]},{"@type":"WebSite","@id":"https:\/\/rapidetech.com.br\/#website","url":"https:\/\/rapidetech.com.br\/","name":"Rapidetech","description":"Audio e video","publisher":{"@id":"https:\/\/rapidetech.com.br\/#organization"},"potentialAction":[{"@type":"SearchAction","target":{"@type":"EntryPoint","urlTemplate":"https:\/\/rapidetech.com.br\/?s={search_term_string}"},"query-input":{"@type":"PropertyValueSpecification","valueRequired":true,"valueName":"search_term_string"}}],"inLanguage":"en-US"},{"@type":"Organization","@id":"https:\/\/rapidetech.com.br\/#organization","name":"Rapidetech","url":"https:\/\/rapidetech.com.br\/","logo":{"@type":"ImageObject","inLanguage":"en-US","@id":"https:\/\/rapidetech.com.br\/#\/schema\/logo\/image\/","url":"https:\/\/rapidetech.com.br\/wp-content\/uploads\/2022\/08\/RAPIDETECH-AUDIO-E-VIDEO.jpg","contentUrl":"https:\/\/rapidetech.com.br\/wp-content\/uploads\/2022\/08\/RAPIDETECH-AUDIO-E-VIDEO.jpg","width":236,"height":213,"caption":"Rapidetech"},"image":{"@id":"https:\/\/rapidetech.com.br\/#\/schema\/logo\/image\/"},"sameAs":["https:\/\/rapidetech.com.br\/","https:\/\/www.youtube.com\/channel\/UCQWlsTr9MvbqwWAekYtMNLQ"]}]}},"_links":{"self":[{"href":"https:\/\/rapidetech.com.br\/en\/wp-json\/wp\/v2\/product\/54500","targetHints":{"allow":["GET"]}}],"collection":[{"href":"https:\/\/rapidetech.com.br\/en\/wp-json\/wp\/v2\/product"}],"about":[{"href":"https:\/\/rapidetech.com.br\/en\/wp-json\/wp\/v2\/types\/product"}],"replies":[{"embeddable":true,"href":"https:\/\/rapidetech.com.br\/en\/wp-json\/wp\/v2\/comments?post=54500"}],"version-history":[{"count":0,"href":"https:\/\/rapidetech.com.br\/en\/wp-json\/wp\/v2\/product\/54500\/revisions"}],"wp:featuredmedia":[{"embeddable":true,"href":"https:\/\/rapidetech.com.br\/en\/wp-json\/wp\/v2\/media\/54501"}],"wp:attachment":[{"href":"https:\/\/rapidetech.com.br\/en\/wp-json\/wp\/v2\/media?parent=54500"}],"wp:term":[{"taxonomy":"product_brand","embeddable":true,"href":"https:\/\/rapidetech.com.br\/en\/wp-json\/wp\/v2\/product_brand?post=54500"},{"taxonomy":"product_cat","embeddable":true,"href":"https:\/\/rapidetech.com.br\/en\/wp-json\/wp\/v2\/product_cat?post=54500"},{"taxonomy":"product_tag","embeddable":true,"href":"https:\/\/rapidetech.com.br\/en\/wp-json\/wp\/v2\/product_tag?post=54500"}],"curies":[{"name":"wp","href":"https:\/\/api.w.org\/{rel}","templated":true}]}}