{"id":54891,"date":"2025-01-22T17:14:42","date_gmt":"2025-01-22T20:14:42","guid":{"rendered":"https:\/\/rapidetech.com.br\/?post_type=product&#038;p=54891"},"modified":"2026-01-24T20:14:03","modified_gmt":"2026-01-24T23:14:03","slug":"1-cabo-interconexao-xlr-macho-e-femea-preto-5-m","status":"publish","type":"product","link":"https:\/\/rapidetech.com.br\/en\/product\/1-cabo-interconexao-xlr-macho-e-femea-preto-5-m\/","title":{"rendered":"1 Cabo interconexao XLR  &#8211; macho e femea &#8211; preto -5 m\u00a0"},"content":{"rendered":"<h1>\u00a01 cabo XLR com plugs femea e macho \/ metal folhado ouro XLR<\/h1>\n<h2>Descri\u00e7\u00e3o do cabo :<\/h2>\n<ul>\n<li>Novo cabo XLR de audio com blindagem .<\/li>\n<li>Revestido e blindado svpe<\/li>\n<li>Comprimento : 5m<\/li>\n<\/ul>\n<p>&nbsp;<\/p>\n<p>Este cabo XLR\u00a0 de alta qualidade\u00a0 reduz o ru\u00eddo de todo o sistema com din\u00e2mica mais ampla, ritmo melhorado e ganhos globais al\u00e9m da expectativa. \u00c9 uma combina\u00e7\u00e3o perfeita para o subwoofer ativo , amplificador, leitor de cd, dac e todos os componentes audio e video.<\/p>\n<ul>\n<li>Di\u00e2metro do cabo: 6 mm<\/li>\n<li>Material do cabo:pvc e condutor de cobre<\/li>\n<li>Cobertura externa do cabo: pvc de alta densidade<\/li>\n<\/ul>\n<h3><\/h3>\n<h3><\/h3>\n<h3>Conte\u00fado da embalagem:<\/h3>\n<ul>\n<li>valor unitario\u00a0 XLR<\/li>\n<li>Comprimento :5 m<\/li>\n<\/ul>\n<h3><\/h3>\n<h3>Novo cabo XLR\u00a0 \u00e9 compat\u00edvel com todos equipamentos de audio padrao analogico e digital :<\/h3>\n<ul>\n<li>Receiver,cd player ,amplificador,subwoofer ,mesa de som .<\/li>\n<\/ul>\n<p>&nbsp;<\/p>\n<p>O.b.s\u00a0 Se quiser outro tamanho por encomenda por favor entre em contato pelo whatsapp<\/p>\n<p>&nbsp;<\/p>","protected":false},"excerpt":{"rendered":"<h3><\/h3>\n<h3>1 Cabo XLR\u00a0 de alta qualidade \/ metal conector folhado ouro :<\/h3>\n<ul>\n<li>Novo cabo XLR com plugs femea e macho (Made in Japan) serve para amplificador,receiver,subwoofer,cd player ,equipamentos musicais etc&#8230;<\/li>\n<li>Comprimento : 5 metros<\/li>\n<li>O2 free<\/li>\n<\/ul>\n<p>&nbsp;<\/p>\n<p>&nbsp;<\/p>\n<p><strong>Conte\u00fado da embalagem:<\/strong><\/p>\n<ul>\n<li>1 cabo XLR com plugs\u00a0 Made in Japan ,cada ,nas extremidades<\/li>\n<li>Comprimento: 5M<\/li>\n<\/ul>\n<p>&nbsp;<\/p>","protected":false},"featured_media":54899,"comment_status":"open","ping_status":"closed","template":"","meta":[],"product_brand":[],"product_cat":[18,22,21],"product_tag":[393,92,119,60,455,456,61,454],"class_list":{"0":"post-54891","1":"product","2":"type-product","3":"status-publish","4":"has-post-thumbnail","6":"product_cat-accessorios","7":"product_cat-audio","8":"product_cat-video","9":"product_tag-amplificador","10":"product_tag-audio","11":"product_tag-cabo-subwoofer","12":"product_tag-caixas","13":"product_tag-guitarra","14":"product_tag-pre-ampli","15":"product_tag-receiver","16":"product_tag-xlr","17":"product_shipping_class-normal","19":"first","20":"instock","21":"featured","22":"purchasable","23":"product-type-simple"},"yoast_head":"<!-- This site is optimized with the Yoast SEO plugin v27.4 - https:\/\/yoast.com\/product\/yoast-seo-wordpress\/ -->\n<title>1 Cabo interconexao XLR - macho e femea - preto -5 m\u00a0 - Rapidetech<\/title>\n<meta name=\"description\" content=\"&quot;Desfrute de qualidade de \u00e1udio excepcional com o nosso cabo de Interconex\u00e3o RCA. Alta qualidade, esse cabo de 5 metros de comprimento proporciona uma liga\u00e7\u00e3o confi\u00e1vel entre os seus dispositivos de \u00e1udio. Com 6,00 mm de espessura , voc\u00ea experimentar\u00e1 um som cristalino e sem interfer\u00eancias, tornando-os ideais para sistemas de \u00e1udio de alta fidelidade e home theaters de alta gama. Eleve a sua experi\u00eancia sonora com esses cabos de interconex\u00e3o de alta qualidade.&quot;\" \/>\n<meta name=\"robots\" content=\"index, follow, max-snippet:-1, max-image-preview:large, max-video-preview:-1\" \/>\n<link rel=\"canonical\" href=\"https:\/\/rapidetech.com.br\/en\/product\/1-cabo-interconexao-xlr-macho-e-femea-preto-5-m\/\" \/>\n<meta property=\"og:locale\" content=\"en_US\" \/>\n<meta property=\"og:type\" content=\"article\" \/>\n<meta property=\"og:title\" content=\"1 Cabo interconexao XLR - macho e femea - preto -5 m\u00a0 - Rapidetech\" \/>\n<meta property=\"og:description\" content=\"&quot;Desfrute de qualidade de \u00e1udio excepcional com o nosso cabo de Interconex\u00e3o RCA. Alta qualidade, esse cabo de 5 metros de comprimento proporciona uma liga\u00e7\u00e3o confi\u00e1vel entre os seus dispositivos de \u00e1udio. Com 6,00 mm de espessura , voc\u00ea experimentar\u00e1 um som cristalino e sem interfer\u00eancias, tornando-os ideais para sistemas de \u00e1udio de alta fidelidade e home theaters de alta gama. Eleve a sua experi\u00eancia sonora com esses cabos de interconex\u00e3o de alta qualidade.&quot;\" \/>\n<meta property=\"og:url\" content=\"https:\/\/rapidetech.com.br\/en\/product\/1-cabo-interconexao-xlr-macho-e-femea-preto-5-m\/\" \/>\n<meta property=\"og:site_name\" content=\"Rapidetech\" \/>\n<meta property=\"article:modified_time\" content=\"2026-01-24T23:14:03+00:00\" \/>\n<meta property=\"og:image\" content=\"https:\/\/rapidetech.com.br\/wp-content\/uploads\/2025\/01\/AnyConv.com__Imagem-do-WhatsApp-de-2025-01-22-as-16.44.44_ca2b8028-Copia-1-1.webp\" \/>\n\t<meta property=\"og:image:width\" content=\"1227\" \/>\n\t<meta property=\"og:image:height\" content=\"1280\" \/>\n\t<meta property=\"og:image:type\" content=\"image\/webp\" \/>\n<meta name=\"twitter:card\" content=\"summary_large_image\" \/>\n<meta name=\"twitter:label1\" content=\"Est. reading time\" \/>\n\t<meta name=\"twitter:data1\" content=\"1 minute\" \/>\n<script type=\"application\/ld+json\" class=\"yoast-schema-graph\">{\"@context\":\"https:\\\/\\\/schema.org\",\"@graph\":[{\"@type\":\"WebPage\",\"@id\":\"https:\\\/\\\/rapidetech.com.br\\\/produto\\\/1-cabo-interconexao-xlr-macho-e-femea-preto-5-m\\\/\",\"url\":\"https:\\\/\\\/rapidetech.com.br\\\/produto\\\/1-cabo-interconexao-xlr-macho-e-femea-preto-5-m\\\/\",\"name\":\"1 Cabo interconexao XLR - macho e femea - preto -5 m\u00a0 - Rapidetech\",\"isPartOf\":{\"@id\":\"https:\\\/\\\/rapidetech.com.br\\\/#website\"},\"primaryImageOfPage\":{\"@id\":\"https:\\\/\\\/rapidetech.com.br\\\/produto\\\/1-cabo-interconexao-xlr-macho-e-femea-preto-5-m\\\/#primaryimage\"},\"image\":{\"@id\":\"https:\\\/\\\/rapidetech.com.br\\\/produto\\\/1-cabo-interconexao-xlr-macho-e-femea-preto-5-m\\\/#primaryimage\"},\"thumbnailUrl\":\"https:\\\/\\\/rapidetech.com.br\\\/wp-content\\\/uploads\\\/2025\\\/01\\\/AnyConv.com__Imagem-do-WhatsApp-de-2025-01-22-as-16.44.44_ca2b8028-Copia-1-1.webp\",\"datePublished\":\"2025-01-22T20:14:42+00:00\",\"dateModified\":\"2026-01-24T23:14:03+00:00\",\"description\":\"\\\"Desfrute de qualidade de \u00e1udio excepcional com o nosso cabo de Interconex\u00e3o RCA. Alta qualidade, esse cabo de 5 metros de comprimento proporciona uma liga\u00e7\u00e3o confi\u00e1vel entre os seus dispositivos de \u00e1udio. Com 6,00 mm de espessura , voc\u00ea experimentar\u00e1 um som cristalino e sem interfer\u00eancias, tornando-os ideais para sistemas de \u00e1udio de alta fidelidade e home theaters de alta gama. Eleve a sua experi\u00eancia sonora com esses cabos de interconex\u00e3o de alta qualidade.\\\"\",\"breadcrumb\":{\"@id\":\"https:\\\/\\\/rapidetech.com.br\\\/produto\\\/1-cabo-interconexao-xlr-macho-e-femea-preto-5-m\\\/#breadcrumb\"},\"inLanguage\":\"en-US\",\"potentialAction\":[{\"@type\":\"ReadAction\",\"target\":[\"https:\\\/\\\/rapidetech.com.br\\\/produto\\\/1-cabo-interconexao-xlr-macho-e-femea-preto-5-m\\\/\"]}]},{\"@type\":\"ImageObject\",\"inLanguage\":\"en-US\",\"@id\":\"https:\\\/\\\/rapidetech.com.br\\\/produto\\\/1-cabo-interconexao-xlr-macho-e-femea-preto-5-m\\\/#primaryimage\",\"url\":\"https:\\\/\\\/rapidetech.com.br\\\/wp-content\\\/uploads\\\/2025\\\/01\\\/AnyConv.com__Imagem-do-WhatsApp-de-2025-01-22-as-16.44.44_ca2b8028-Copia-1-1.webp\",\"contentUrl\":\"https:\\\/\\\/rapidetech.com.br\\\/wp-content\\\/uploads\\\/2025\\\/01\\\/AnyConv.com__Imagem-do-WhatsApp-de-2025-01-22-as-16.44.44_ca2b8028-Copia-1-1.webp\",\"width\":1227,\"height\":1280},{\"@type\":\"BreadcrumbList\",\"@id\":\"https:\\\/\\\/rapidetech.com.br\\\/produto\\\/1-cabo-interconexao-xlr-macho-e-femea-preto-5-m\\\/#breadcrumb\",\"itemListElement\":[{\"@type\":\"ListItem\",\"position\":1,\"name\":\"In\u00edcio\",\"item\":\"https:\\\/\\\/rapidetech.com.br\\\/\"},{\"@type\":\"ListItem\",\"position\":2,\"name\":\"Produtos\",\"item\":\"https:\\\/\\\/rapidetech.com.br\\\/produtos\\\/\"},{\"@type\":\"ListItem\",\"position\":3,\"name\":\"1 Cabo interconexao XLR &#8211; macho e femea &#8211; preto -5 m\u00a0\"}]},{\"@type\":\"WebSite\",\"@id\":\"https:\\\/\\\/rapidetech.com.br\\\/#website\",\"url\":\"https:\\\/\\\/rapidetech.com.br\\\/\",\"name\":\"Rapidetech\",\"description\":\"Audio e video\",\"publisher\":{\"@id\":\"https:\\\/\\\/rapidetech.com.br\\\/#organization\"},\"potentialAction\":[{\"@type\":\"SearchAction\",\"target\":{\"@type\":\"EntryPoint\",\"urlTemplate\":\"https:\\\/\\\/rapidetech.com.br\\\/?s={search_term_string}\"},\"query-input\":{\"@type\":\"PropertyValueSpecification\",\"valueRequired\":true,\"valueName\":\"search_term_string\"}}],\"inLanguage\":\"en-US\"},{\"@type\":\"Organization\",\"@id\":\"https:\\\/\\\/rapidetech.com.br\\\/#organization\",\"name\":\"Rapidetech\",\"url\":\"https:\\\/\\\/rapidetech.com.br\\\/\",\"logo\":{\"@type\":\"ImageObject\",\"inLanguage\":\"en-US\",\"@id\":\"https:\\\/\\\/rapidetech.com.br\\\/#\\\/schema\\\/logo\\\/image\\\/\",\"url\":\"https:\\\/\\\/rapidetech.com.br\\\/wp-content\\\/uploads\\\/2022\\\/08\\\/RAPIDETECH-AUDIO-E-VIDEO.jpg\",\"contentUrl\":\"https:\\\/\\\/rapidetech.com.br\\\/wp-content\\\/uploads\\\/2022\\\/08\\\/RAPIDETECH-AUDIO-E-VIDEO.jpg\",\"width\":236,\"height\":213,\"caption\":\"Rapidetech\"},\"image\":{\"@id\":\"https:\\\/\\\/rapidetech.com.br\\\/#\\\/schema\\\/logo\\\/image\\\/\"},\"sameAs\":[\"https:\\\/\\\/rapidetech.com.br\\\/\",\"https:\\\/\\\/www.youtube.com\\\/channel\\\/UCQWlsTr9MvbqwWAekYtMNLQ\"]}]}<\/script>\n<!-- \/ Yoast SEO plugin. -->","yoast_head_json":{"title":"1 Cabo interconexao XLR - macho e femea - preto -5 m\u00a0 - Rapidetech","description":"\"Desfrute de qualidade de \\u00e1udio excepcional com o nosso cabo de Interconex\\u00e3o RCA. Alta qualidade, esse cabo de 5 metros de comprimento proporciona uma liga\\u00e7\\u00e3o confi\\u00e1vel entre os seus dispositivos de \\u00e1udio. Com 6,00 mm de espessura , voc\\u00ea experimentar\\u00e1 um som cristalino e sem interfer\\u00eancias, tornando-os ideais para sistemas de \\u00e1udio de alta fidelidade e home theaters de alta gama. Eleve a sua experi\\u00eancia sonora com esses cabos de interconex\\u00e3o de alta qualidade.\"","robots":{"index":"index","follow":"follow","max-snippet":"max-snippet:-1","max-image-preview":"max-image-preview:large","max-video-preview":"max-video-preview:-1"},"canonical":"https:\/\/rapidetech.com.br\/en\/product\/1-cabo-interconexao-xlr-macho-e-femea-preto-5-m\/","og_locale":"en_US","og_type":"article","og_title":"1 Cabo interconexao XLR - macho e femea - preto -5 m\u00a0 - Rapidetech","og_description":"\"Desfrute de qualidade de \u00e1udio excepcional com o nosso cabo de Interconex\u00e3o RCA. Alta qualidade, esse cabo de 5 metros de comprimento proporciona uma liga\u00e7\u00e3o confi\u00e1vel entre os seus dispositivos de \u00e1udio. Com 6,00 mm de espessura , voc\u00ea experimentar\u00e1 um som cristalino e sem interfer\u00eancias, tornando-os ideais para sistemas de \u00e1udio de alta fidelidade e home theaters de alta gama. Eleve a sua experi\u00eancia sonora com esses cabos de interconex\u00e3o de alta qualidade.\"","og_url":"https:\/\/rapidetech.com.br\/en\/product\/1-cabo-interconexao-xlr-macho-e-femea-preto-5-m\/","og_site_name":"Rapidetech","article_modified_time":"2026-01-24T23:14:03+00:00","og_image":[{"width":1227,"height":1280,"url":"https:\/\/rapidetech.com.br\/wp-content\/uploads\/2025\/01\/AnyConv.com__Imagem-do-WhatsApp-de-2025-01-22-as-16.44.44_ca2b8028-Copia-1-1.webp","type":"image\/webp"}],"twitter_card":"summary_large_image","twitter_misc":{"Est. reading time":"1 minute"},"schema":{"@context":"https:\/\/schema.org","@graph":[{"@type":"WebPage","@id":"https:\/\/rapidetech.com.br\/produto\/1-cabo-interconexao-xlr-macho-e-femea-preto-5-m\/","url":"https:\/\/rapidetech.com.br\/produto\/1-cabo-interconexao-xlr-macho-e-femea-preto-5-m\/","name":"1 Cabo interconexao XLR - macho e femea - preto -5 m\u00a0 - Rapidetech","isPartOf":{"@id":"https:\/\/rapidetech.com.br\/#website"},"primaryImageOfPage":{"@id":"https:\/\/rapidetech.com.br\/produto\/1-cabo-interconexao-xlr-macho-e-femea-preto-5-m\/#primaryimage"},"image":{"@id":"https:\/\/rapidetech.com.br\/produto\/1-cabo-interconexao-xlr-macho-e-femea-preto-5-m\/#primaryimage"},"thumbnailUrl":"https:\/\/rapidetech.com.br\/wp-content\/uploads\/2025\/01\/AnyConv.com__Imagem-do-WhatsApp-de-2025-01-22-as-16.44.44_ca2b8028-Copia-1-1.webp","datePublished":"2025-01-22T20:14:42+00:00","dateModified":"2026-01-24T23:14:03+00:00","description":"\"Desfrute de qualidade de \\u00e1udio excepcional com o nosso cabo de Interconex\\u00e3o RCA. Alta qualidade, esse cabo de 5 metros de comprimento proporciona uma liga\\u00e7\\u00e3o confi\\u00e1vel entre os seus dispositivos de \\u00e1udio. Com 6,00 mm de espessura , voc\\u00ea experimentar\\u00e1 um som cristalino e sem interfer\\u00eancias, tornando-os ideais para sistemas de \\u00e1udio de alta fidelidade e home theaters de alta gama. Eleve a sua experi\\u00eancia sonora com esses cabos de interconex\\u00e3o de alta qualidade.\"","breadcrumb":{"@id":"https:\/\/rapidetech.com.br\/produto\/1-cabo-interconexao-xlr-macho-e-femea-preto-5-m\/#breadcrumb"},"inLanguage":"en-US","potentialAction":[{"@type":"ReadAction","target":["https:\/\/rapidetech.com.br\/produto\/1-cabo-interconexao-xlr-macho-e-femea-preto-5-m\/"]}]},{"@type":"ImageObject","inLanguage":"en-US","@id":"https:\/\/rapidetech.com.br\/produto\/1-cabo-interconexao-xlr-macho-e-femea-preto-5-m\/#primaryimage","url":"https:\/\/rapidetech.com.br\/wp-content\/uploads\/2025\/01\/AnyConv.com__Imagem-do-WhatsApp-de-2025-01-22-as-16.44.44_ca2b8028-Copia-1-1.webp","contentUrl":"https:\/\/rapidetech.com.br\/wp-content\/uploads\/2025\/01\/AnyConv.com__Imagem-do-WhatsApp-de-2025-01-22-as-16.44.44_ca2b8028-Copia-1-1.webp","width":1227,"height":1280},{"@type":"BreadcrumbList","@id":"https:\/\/rapidetech.com.br\/produto\/1-cabo-interconexao-xlr-macho-e-femea-preto-5-m\/#breadcrumb","itemListElement":[{"@type":"ListItem","position":1,"name":"In\u00edcio","item":"https:\/\/rapidetech.com.br\/"},{"@type":"ListItem","position":2,"name":"Produtos","item":"https:\/\/rapidetech.com.br\/produtos\/"},{"@type":"ListItem","position":3,"name":"1 Cabo interconexao XLR &#8211; macho e femea &#8211; preto -5 m\u00a0"}]},{"@type":"WebSite","@id":"https:\/\/rapidetech.com.br\/#website","url":"https:\/\/rapidetech.com.br\/","name":"Rapidetech","description":"Audio e video","publisher":{"@id":"https:\/\/rapidetech.com.br\/#organization"},"potentialAction":[{"@type":"SearchAction","target":{"@type":"EntryPoint","urlTemplate":"https:\/\/rapidetech.com.br\/?s={search_term_string}"},"query-input":{"@type":"PropertyValueSpecification","valueRequired":true,"valueName":"search_term_string"}}],"inLanguage":"en-US"},{"@type":"Organization","@id":"https:\/\/rapidetech.com.br\/#organization","name":"Rapidetech","url":"https:\/\/rapidetech.com.br\/","logo":{"@type":"ImageObject","inLanguage":"en-US","@id":"https:\/\/rapidetech.com.br\/#\/schema\/logo\/image\/","url":"https:\/\/rapidetech.com.br\/wp-content\/uploads\/2022\/08\/RAPIDETECH-AUDIO-E-VIDEO.jpg","contentUrl":"https:\/\/rapidetech.com.br\/wp-content\/uploads\/2022\/08\/RAPIDETECH-AUDIO-E-VIDEO.jpg","width":236,"height":213,"caption":"Rapidetech"},"image":{"@id":"https:\/\/rapidetech.com.br\/#\/schema\/logo\/image\/"},"sameAs":["https:\/\/rapidetech.com.br\/","https:\/\/www.youtube.com\/channel\/UCQWlsTr9MvbqwWAekYtMNLQ"]}]}},"_links":{"self":[{"href":"https:\/\/rapidetech.com.br\/en\/wp-json\/wp\/v2\/product\/54891","targetHints":{"allow":["GET"]}}],"collection":[{"href":"https:\/\/rapidetech.com.br\/en\/wp-json\/wp\/v2\/product"}],"about":[{"href":"https:\/\/rapidetech.com.br\/en\/wp-json\/wp\/v2\/types\/product"}],"replies":[{"embeddable":true,"href":"https:\/\/rapidetech.com.br\/en\/wp-json\/wp\/v2\/comments?post=54891"}],"version-history":[{"count":0,"href":"https:\/\/rapidetech.com.br\/en\/wp-json\/wp\/v2\/product\/54891\/revisions"}],"wp:featuredmedia":[{"embeddable":true,"href":"https:\/\/rapidetech.com.br\/en\/wp-json\/wp\/v2\/media\/54899"}],"wp:attachment":[{"href":"https:\/\/rapidetech.com.br\/en\/wp-json\/wp\/v2\/media?parent=54891"}],"wp:term":[{"taxonomy":"product_brand","embeddable":true,"href":"https:\/\/rapidetech.com.br\/en\/wp-json\/wp\/v2\/product_brand?post=54891"},{"taxonomy":"product_cat","embeddable":true,"href":"https:\/\/rapidetech.com.br\/en\/wp-json\/wp\/v2\/product_cat?post=54891"},{"taxonomy":"product_tag","embeddable":true,"href":"https:\/\/rapidetech.com.br\/en\/wp-json\/wp\/v2\/product_tag?post=54891"}],"curies":[{"name":"wp","href":"https:\/\/api.w.org\/{rel}","templated":true}]}}