{"id":55008,"date":"2025-03-14T13:37:32","date_gmt":"2025-03-14T16:37:32","guid":{"rendered":"https:\/\/rapidetech.com.br\/?post_type=product&#038;p=55008"},"modified":"2026-04-11T13:40:58","modified_gmt":"2026-04-11T16:40:58","slug":"novo-cabo-displayport-2-1-16k-ugreen-360-hz-monitor-e-gamer-ultrawide-top-de-linha-2m","status":"publish","type":"product","link":"https:\/\/rapidetech.com.br\/en\/product\/novo-cabo-displayport-2-1-16k-ugreen-360-hz-monitor-e-gamer-ultrawide-top-de-linha-2m\/","title":{"rendered":"Novo cabo displayport 2.1 16k Ugreen 360 Hz \/monitor e-gamer ultrawide top de linha  &#8211; 2m\u00a0\u00a0\u00a0"},"content":{"rendered":"<h1>Novo cabo Display port Ugreen vers\u00e3o 2.1\u00a0 16k (15360 \u00d7 8640)- 360 Hz<\/h1>\n<p>&nbsp;<\/p>\n<ul>\n<li>vers\u00e3o 2.1\u00a0 16k -(15360 \u00d7 8640)<\/li>\n<li>suporta monitor e-gamer full hd 240 \/360 hz alienware Oled &#8211; Samsung- Lg<\/li>\n<li>Comprimento : 2 metros<\/li>\n<li>Conector de 20 Pinos Macho x Macho<\/li>\n<li>Conector folhado em ouro 24k<\/li>\n<\/ul>\n<p>&nbsp;<\/p>\n<h3>Este novo cabo Displayport Ugreen \u00e9 compat\u00edvel com:<\/h3>\n<ul>\n<li>1.1<\/li>\n<li>1.1a<\/li>\n<li>1.2<\/li>\n<li>1.2a<\/li>\n<li>1.3<\/li>\n<li>1.3a<\/li>\n<li>1.4<\/li>\n<li>1.4a<\/li>\n<li>UHD 4K 2K 3840 X 2160 &#8211; 8 megapixels<\/li>\n<li>Full HD &#8211; 1080P &#8211; 1920 X 1080 &#8211; 2 Megapixels<\/li>\n<li>Resolu\u00e7\u00e3o 4K (4096 x 2160p)<\/li>\n<li>Resolu\u00e7\u00e3o 5k (5120 x 2280p)<\/li>\n<li>Resolu\u00e7\u00e3o 8K (7680 x 4320p)<\/li>\n<li>Resolu\u00e7\u00e3o 16K (15360 \u00d7 8640)<\/li>\n<li>Compat\u00edvel: Largura de Banda: at\u00e9 80 GBPS<\/li>\n<li>\u00a0Frequ\u00eancia M\u00e1xima Suportada: 50Hz, 60Hz, 75Hz, 90Hz, 100Hz, 120Hz, 144Hz, 165Hz at\u00e9 360 Hz<\/li>\n<li>Tecnologias propriet\u00e1rias Nvidia AMD G-Sync e FreeSync Adaptive Sync V-Sync<\/li>\n<\/ul>\n<p>&nbsp;<\/p>\n<p>Este Novo Cabo DisplayPort 2.1 suporta 16K @ 30Hz com DSC, 10K @ 60Hz, 8K @ 120Hz\/60Hz, 4K @ 240Hz\/165Hz\/144Hz. Sa\u00edda de v\u00eddeo de tela \u00fanica de 16K @ 30Hz (DSC), 10K @ 60Hz e tela dupla 8K @ 120Hz, 4K @ 144Hz, exibi\u00e7\u00e3o de tr\u00eas telas para 4K @ 60Hz,suporta refresh ate 360 hz em monitor profissional full hd. Compat\u00edvel com o padr\u00e3o VESA DP 2.1.Este cabo Display Port 2.1 apresenta uma largura de banda sem precedentes de 80Gbps, quase 3 vezes o que estava dispon\u00edvel na especifica\u00e7\u00e3o DP 1.4 anterior, transmiss\u00e3o est\u00e1vel e de alta velocidade sem perda de sinal. Nota: \u00c9 retrocompat\u00edvel com os padr\u00f5es DP 1.4 e DP 1.2 anteriores.<\/p>\n<p>O cabo DisplayPort 2.1 de alta qualidade suporta as tecnologias FreeSync e G Sync para desfrutar de jogos suaves e sem delays , permite que voc\u00ea perceba claramente o movimento do inimigo. O HDR din\u00e2mico pode otimizar a imagem escura do jogo e aprimorar os detalhes, especialmente em FPS, 3A obras-primas e jogos MOBA.<\/p>\n<p>Capacidade Anti-interfer\u00eancia Confi\u00e1vel<\/p>\n<p>UGREEN DP 2.1 cabo tem um triplo blindado , \u00e9 altamente resist\u00eancia com EMI.Ele tem um revestimento tran\u00e7ado nylon forte, que \u00e9 10X mais dur\u00e1vel do que o PVC. Toler\u00e2ncia uma vida \u00fatil 30,000 + bend. Ele pode fornecer maior conectividade para a transmiss\u00e3o do sinal.<\/p>\n<p>&nbsp;<\/p>\n<p>UGREEN DP 2.1 Cabo 16K top de linha<\/p>\n<p>++++++++++++++++++++++++++++++++++<\/p>","protected":false},"excerpt":{"rendered":"<h3>Cabo displayport Ugreen\u00a0 2.1 16k :<\/h3>\n<ul>\n<li>Novo cabo Displayport Ugreen 2.1<\/li>\n<li>vers\u00e3o 16 k<\/li>\n<li>suporta full hd 360 Hz<\/li>\n<li>Comprimento : 2 metros<\/li>\n<li>Conector de 20 Pinos Macho x Macho<\/li>\n<li>Conector folhado em ouro 24k<\/li>\n<\/ul>\n<p>&nbsp;<\/p>\n<p><strong>Conte\u00fado da embalagem:<\/strong><\/p>\n<ul>\n<li>1 cabo displayport vers\u00e3o 2.1\u00a0 Ugreen<\/li>\n<\/ul>","protected":false},"featured_media":55015,"comment_status":"closed","ping_status":"closed","template":"","meta":[],"product_brand":[],"product_cat":[18,282,45,21],"product_tag":[449,418,417,448,59,400,427,57,79,35,447,377],"class_list":{"0":"post-55008","1":"product","2":"type-product","3":"status-publish","4":"has-post-thumbnail","6":"product_cat-accessorios","7":"product_cat-cabos-pc","8":"product_cat-informatica","9":"product_cat-video","10":"product_tag-0-03-ms","11":"product_tag-240-hz","12":"product_tag-360-hz","13":"product_tag-alienware","14":"product_tag-displayport","15":"product_tag-displayport-2-1","16":"product_tag-lg","17":"product_tag-monitor","18":"product_tag-monitor-gamer","19":"product_tag-moshou","20":"product_tag-oled","21":"product_tag-ugreen","22":"product_shipping_class-normal","24":"first","25":"instock","26":"purchasable","27":"product-type-simple"},"yoast_head":"<!-- This site is optimized with the Yoast SEO plugin v27.4 - https:\/\/yoast.com\/product\/yoast-seo-wordpress\/ -->\n<title>Novo cabo displayport 2.1 16k Ugreen 360 Hz \/monitor e-gamer ultrawide top de linha - 2m\u00a0\u00a0\u00a0 - Rapidetech<\/title>\n<meta name=\"description\" content=\"Novo displayport 2.1 ,mais velocidade e qualidade de transmissao,retrocompativel com versoes anteriores 1.4 ,1.2 ,alta qualidade para tecnologias FreeSync e G Sync 360 hz\" \/>\n<meta name=\"robots\" content=\"index, follow, max-snippet:-1, max-image-preview:large, max-video-preview:-1\" \/>\n<link rel=\"canonical\" href=\"https:\/\/rapidetech.com.br\/en\/product\/novo-cabo-displayport-2-1-16k-ugreen-360-hz-monitor-e-gamer-ultrawide-top-de-linha-2m\/\" \/>\n<meta property=\"og:locale\" content=\"en_US\" \/>\n<meta property=\"og:type\" content=\"article\" \/>\n<meta property=\"og:title\" content=\"Novo cabo displayport 2.1 16k Ugreen 360 Hz \/monitor e-gamer ultrawide top de linha - 2m\u00a0\u00a0\u00a0 - Rapidetech\" \/>\n<meta property=\"og:description\" content=\"Novo displayport 2.1 ,mais velocidade e qualidade de transmissao,retrocompativel com versoes anteriores 1.4 ,1.2 ,alta qualidade para tecnologias FreeSync e G Sync 360 hz\" \/>\n<meta property=\"og:url\" content=\"https:\/\/rapidetech.com.br\/en\/product\/novo-cabo-displayport-2-1-16k-ugreen-360-hz-monitor-e-gamer-ultrawide-top-de-linha-2m\/\" \/>\n<meta property=\"og:site_name\" content=\"Rapidetech\" \/>\n<meta property=\"article:modified_time\" content=\"2026-04-11T16:40:58+00:00\" \/>\n<meta property=\"og:image\" content=\"https:\/\/rapidetech.com.br\/wp-content\/uploads\/2025\/03\/D_NQ_NP_2X_764572-MLB74542114407_022024-F.webp\" \/>\n\t<meta property=\"og:image:width\" content=\"1200\" \/>\n\t<meta property=\"og:image:height\" content=\"1199\" \/>\n\t<meta property=\"og:image:type\" content=\"image\/webp\" \/>\n<meta name=\"twitter:card\" content=\"summary_large_image\" \/>\n<meta name=\"twitter:label1\" content=\"Est. reading time\" \/>\n\t<meta name=\"twitter:data1\" content=\"3 minutes\" \/>\n<script type=\"application\/ld+json\" class=\"yoast-schema-graph\">{\"@context\":\"https:\\\/\\\/schema.org\",\"@graph\":[{\"@type\":\"WebPage\",\"@id\":\"https:\\\/\\\/rapidetech.com.br\\\/produto\\\/novo-cabo-displayport-2-1-16k-ugreen-360-hz-monitor-e-gamer-ultrawide-top-de-linha-2m\\\/\",\"url\":\"https:\\\/\\\/rapidetech.com.br\\\/produto\\\/novo-cabo-displayport-2-1-16k-ugreen-360-hz-monitor-e-gamer-ultrawide-top-de-linha-2m\\\/\",\"name\":\"Novo cabo displayport 2.1 16k Ugreen 360 Hz \\\/monitor e-gamer ultrawide top de linha - 2m\u00a0\u00a0\u00a0 - Rapidetech\",\"isPartOf\":{\"@id\":\"https:\\\/\\\/rapidetech.com.br\\\/#website\"},\"primaryImageOfPage\":{\"@id\":\"https:\\\/\\\/rapidetech.com.br\\\/produto\\\/novo-cabo-displayport-2-1-16k-ugreen-360-hz-monitor-e-gamer-ultrawide-top-de-linha-2m\\\/#primaryimage\"},\"image\":{\"@id\":\"https:\\\/\\\/rapidetech.com.br\\\/produto\\\/novo-cabo-displayport-2-1-16k-ugreen-360-hz-monitor-e-gamer-ultrawide-top-de-linha-2m\\\/#primaryimage\"},\"thumbnailUrl\":\"https:\\\/\\\/rapidetech.com.br\\\/wp-content\\\/uploads\\\/2025\\\/03\\\/D_NQ_NP_2X_764572-MLB74542114407_022024-F.webp\",\"datePublished\":\"2025-03-14T16:37:32+00:00\",\"dateModified\":\"2026-04-11T16:40:58+00:00\",\"description\":\"Novo displayport 2.1 ,mais velocidade e qualidade de transmissao,retrocompativel com versoes anteriores 1.4 ,1.2 ,alta qualidade para tecnologias FreeSync e G Sync 360 hz\",\"breadcrumb\":{\"@id\":\"https:\\\/\\\/rapidetech.com.br\\\/produto\\\/novo-cabo-displayport-2-1-16k-ugreen-360-hz-monitor-e-gamer-ultrawide-top-de-linha-2m\\\/#breadcrumb\"},\"inLanguage\":\"en-US\",\"potentialAction\":[{\"@type\":\"ReadAction\",\"target\":[\"https:\\\/\\\/rapidetech.com.br\\\/produto\\\/novo-cabo-displayport-2-1-16k-ugreen-360-hz-monitor-e-gamer-ultrawide-top-de-linha-2m\\\/\"]}]},{\"@type\":\"ImageObject\",\"inLanguage\":\"en-US\",\"@id\":\"https:\\\/\\\/rapidetech.com.br\\\/produto\\\/novo-cabo-displayport-2-1-16k-ugreen-360-hz-monitor-e-gamer-ultrawide-top-de-linha-2m\\\/#primaryimage\",\"url\":\"https:\\\/\\\/rapidetech.com.br\\\/wp-content\\\/uploads\\\/2025\\\/03\\\/D_NQ_NP_2X_764572-MLB74542114407_022024-F.webp\",\"contentUrl\":\"https:\\\/\\\/rapidetech.com.br\\\/wp-content\\\/uploads\\\/2025\\\/03\\\/D_NQ_NP_2X_764572-MLB74542114407_022024-F.webp\",\"width\":1200,\"height\":1199},{\"@type\":\"BreadcrumbList\",\"@id\":\"https:\\\/\\\/rapidetech.com.br\\\/produto\\\/novo-cabo-displayport-2-1-16k-ugreen-360-hz-monitor-e-gamer-ultrawide-top-de-linha-2m\\\/#breadcrumb\",\"itemListElement\":[{\"@type\":\"ListItem\",\"position\":1,\"name\":\"In\u00edcio\",\"item\":\"https:\\\/\\\/rapidetech.com.br\\\/\"},{\"@type\":\"ListItem\",\"position\":2,\"name\":\"Produtos\",\"item\":\"https:\\\/\\\/rapidetech.com.br\\\/produtos\\\/\"},{\"@type\":\"ListItem\",\"position\":3,\"name\":\"Novo cabo displayport 2.1 16k Ugreen 360 Hz \\\/monitor e-gamer ultrawide top de linha &#8211; 2m\u00a0\u00a0\u00a0\"}]},{\"@type\":\"WebSite\",\"@id\":\"https:\\\/\\\/rapidetech.com.br\\\/#website\",\"url\":\"https:\\\/\\\/rapidetech.com.br\\\/\",\"name\":\"Rapidetech\",\"description\":\"Audio e video\",\"publisher\":{\"@id\":\"https:\\\/\\\/rapidetech.com.br\\\/#organization\"},\"potentialAction\":[{\"@type\":\"SearchAction\",\"target\":{\"@type\":\"EntryPoint\",\"urlTemplate\":\"https:\\\/\\\/rapidetech.com.br\\\/?s={search_term_string}\"},\"query-input\":{\"@type\":\"PropertyValueSpecification\",\"valueRequired\":true,\"valueName\":\"search_term_string\"}}],\"inLanguage\":\"en-US\"},{\"@type\":\"Organization\",\"@id\":\"https:\\\/\\\/rapidetech.com.br\\\/#organization\",\"name\":\"Rapidetech\",\"url\":\"https:\\\/\\\/rapidetech.com.br\\\/\",\"logo\":{\"@type\":\"ImageObject\",\"inLanguage\":\"en-US\",\"@id\":\"https:\\\/\\\/rapidetech.com.br\\\/#\\\/schema\\\/logo\\\/image\\\/\",\"url\":\"https:\\\/\\\/rapidetech.com.br\\\/wp-content\\\/uploads\\\/2022\\\/08\\\/RAPIDETECH-AUDIO-E-VIDEO.jpg\",\"contentUrl\":\"https:\\\/\\\/rapidetech.com.br\\\/wp-content\\\/uploads\\\/2022\\\/08\\\/RAPIDETECH-AUDIO-E-VIDEO.jpg\",\"width\":236,\"height\":213,\"caption\":\"Rapidetech\"},\"image\":{\"@id\":\"https:\\\/\\\/rapidetech.com.br\\\/#\\\/schema\\\/logo\\\/image\\\/\"},\"sameAs\":[\"https:\\\/\\\/rapidetech.com.br\\\/\",\"https:\\\/\\\/www.youtube.com\\\/channel\\\/UCQWlsTr9MvbqwWAekYtMNLQ\"]}]}<\/script>\n<!-- \/ Yoast SEO plugin. -->","yoast_head_json":{"title":"Novo cabo displayport 2.1 16k Ugreen 360 Hz \/monitor e-gamer ultrawide top de linha - 2m\u00a0\u00a0\u00a0 - Rapidetech","description":"Novo displayport 2.1 ,mais velocidade e qualidade de transmissao,retrocompativel com versoes anteriores 1.4 ,1.2 ,alta qualidade para tecnologias FreeSync e G Sync 360 hz","robots":{"index":"index","follow":"follow","max-snippet":"max-snippet:-1","max-image-preview":"max-image-preview:large","max-video-preview":"max-video-preview:-1"},"canonical":"https:\/\/rapidetech.com.br\/en\/product\/novo-cabo-displayport-2-1-16k-ugreen-360-hz-monitor-e-gamer-ultrawide-top-de-linha-2m\/","og_locale":"en_US","og_type":"article","og_title":"Novo cabo displayport 2.1 16k Ugreen 360 Hz \/monitor e-gamer ultrawide top de linha - 2m\u00a0\u00a0\u00a0 - Rapidetech","og_description":"Novo displayport 2.1 ,mais velocidade e qualidade de transmissao,retrocompativel com versoes anteriores 1.4 ,1.2 ,alta qualidade para tecnologias FreeSync e G Sync 360 hz","og_url":"https:\/\/rapidetech.com.br\/en\/product\/novo-cabo-displayport-2-1-16k-ugreen-360-hz-monitor-e-gamer-ultrawide-top-de-linha-2m\/","og_site_name":"Rapidetech","article_modified_time":"2026-04-11T16:40:58+00:00","og_image":[{"width":1200,"height":1199,"url":"https:\/\/rapidetech.com.br\/wp-content\/uploads\/2025\/03\/D_NQ_NP_2X_764572-MLB74542114407_022024-F.webp","type":"image\/webp"}],"twitter_card":"summary_large_image","twitter_misc":{"Est. reading time":"3 minutes"},"schema":{"@context":"https:\/\/schema.org","@graph":[{"@type":"WebPage","@id":"https:\/\/rapidetech.com.br\/produto\/novo-cabo-displayport-2-1-16k-ugreen-360-hz-monitor-e-gamer-ultrawide-top-de-linha-2m\/","url":"https:\/\/rapidetech.com.br\/produto\/novo-cabo-displayport-2-1-16k-ugreen-360-hz-monitor-e-gamer-ultrawide-top-de-linha-2m\/","name":"Novo cabo displayport 2.1 16k Ugreen 360 Hz \/monitor e-gamer ultrawide top de linha - 2m\u00a0\u00a0\u00a0 - Rapidetech","isPartOf":{"@id":"https:\/\/rapidetech.com.br\/#website"},"primaryImageOfPage":{"@id":"https:\/\/rapidetech.com.br\/produto\/novo-cabo-displayport-2-1-16k-ugreen-360-hz-monitor-e-gamer-ultrawide-top-de-linha-2m\/#primaryimage"},"image":{"@id":"https:\/\/rapidetech.com.br\/produto\/novo-cabo-displayport-2-1-16k-ugreen-360-hz-monitor-e-gamer-ultrawide-top-de-linha-2m\/#primaryimage"},"thumbnailUrl":"https:\/\/rapidetech.com.br\/wp-content\/uploads\/2025\/03\/D_NQ_NP_2X_764572-MLB74542114407_022024-F.webp","datePublished":"2025-03-14T16:37:32+00:00","dateModified":"2026-04-11T16:40:58+00:00","description":"Novo displayport 2.1 ,mais velocidade e qualidade de transmissao,retrocompativel com versoes anteriores 1.4 ,1.2 ,alta qualidade para tecnologias FreeSync e G Sync 360 hz","breadcrumb":{"@id":"https:\/\/rapidetech.com.br\/produto\/novo-cabo-displayport-2-1-16k-ugreen-360-hz-monitor-e-gamer-ultrawide-top-de-linha-2m\/#breadcrumb"},"inLanguage":"en-US","potentialAction":[{"@type":"ReadAction","target":["https:\/\/rapidetech.com.br\/produto\/novo-cabo-displayport-2-1-16k-ugreen-360-hz-monitor-e-gamer-ultrawide-top-de-linha-2m\/"]}]},{"@type":"ImageObject","inLanguage":"en-US","@id":"https:\/\/rapidetech.com.br\/produto\/novo-cabo-displayport-2-1-16k-ugreen-360-hz-monitor-e-gamer-ultrawide-top-de-linha-2m\/#primaryimage","url":"https:\/\/rapidetech.com.br\/wp-content\/uploads\/2025\/03\/D_NQ_NP_2X_764572-MLB74542114407_022024-F.webp","contentUrl":"https:\/\/rapidetech.com.br\/wp-content\/uploads\/2025\/03\/D_NQ_NP_2X_764572-MLB74542114407_022024-F.webp","width":1200,"height":1199},{"@type":"BreadcrumbList","@id":"https:\/\/rapidetech.com.br\/produto\/novo-cabo-displayport-2-1-16k-ugreen-360-hz-monitor-e-gamer-ultrawide-top-de-linha-2m\/#breadcrumb","itemListElement":[{"@type":"ListItem","position":1,"name":"In\u00edcio","item":"https:\/\/rapidetech.com.br\/"},{"@type":"ListItem","position":2,"name":"Produtos","item":"https:\/\/rapidetech.com.br\/produtos\/"},{"@type":"ListItem","position":3,"name":"Novo cabo displayport 2.1 16k Ugreen 360 Hz \/monitor e-gamer ultrawide top de linha &#8211; 2m\u00a0\u00a0\u00a0"}]},{"@type":"WebSite","@id":"https:\/\/rapidetech.com.br\/#website","url":"https:\/\/rapidetech.com.br\/","name":"Rapidetech","description":"Audio e video","publisher":{"@id":"https:\/\/rapidetech.com.br\/#organization"},"potentialAction":[{"@type":"SearchAction","target":{"@type":"EntryPoint","urlTemplate":"https:\/\/rapidetech.com.br\/?s={search_term_string}"},"query-input":{"@type":"PropertyValueSpecification","valueRequired":true,"valueName":"search_term_string"}}],"inLanguage":"en-US"},{"@type":"Organization","@id":"https:\/\/rapidetech.com.br\/#organization","name":"Rapidetech","url":"https:\/\/rapidetech.com.br\/","logo":{"@type":"ImageObject","inLanguage":"en-US","@id":"https:\/\/rapidetech.com.br\/#\/schema\/logo\/image\/","url":"https:\/\/rapidetech.com.br\/wp-content\/uploads\/2022\/08\/RAPIDETECH-AUDIO-E-VIDEO.jpg","contentUrl":"https:\/\/rapidetech.com.br\/wp-content\/uploads\/2022\/08\/RAPIDETECH-AUDIO-E-VIDEO.jpg","width":236,"height":213,"caption":"Rapidetech"},"image":{"@id":"https:\/\/rapidetech.com.br\/#\/schema\/logo\/image\/"},"sameAs":["https:\/\/rapidetech.com.br\/","https:\/\/www.youtube.com\/channel\/UCQWlsTr9MvbqwWAekYtMNLQ"]}]}},"_links":{"self":[{"href":"https:\/\/rapidetech.com.br\/en\/wp-json\/wp\/v2\/product\/55008","targetHints":{"allow":["GET"]}}],"collection":[{"href":"https:\/\/rapidetech.com.br\/en\/wp-json\/wp\/v2\/product"}],"about":[{"href":"https:\/\/rapidetech.com.br\/en\/wp-json\/wp\/v2\/types\/product"}],"replies":[{"embeddable":true,"href":"https:\/\/rapidetech.com.br\/en\/wp-json\/wp\/v2\/comments?post=55008"}],"version-history":[{"count":0,"href":"https:\/\/rapidetech.com.br\/en\/wp-json\/wp\/v2\/product\/55008\/revisions"}],"wp:featuredmedia":[{"embeddable":true,"href":"https:\/\/rapidetech.com.br\/en\/wp-json\/wp\/v2\/media\/55015"}],"wp:attachment":[{"href":"https:\/\/rapidetech.com.br\/en\/wp-json\/wp\/v2\/media?parent=55008"}],"wp:term":[{"taxonomy":"product_brand","embeddable":true,"href":"https:\/\/rapidetech.com.br\/en\/wp-json\/wp\/v2\/product_brand?post=55008"},{"taxonomy":"product_cat","embeddable":true,"href":"https:\/\/rapidetech.com.br\/en\/wp-json\/wp\/v2\/product_cat?post=55008"},{"taxonomy":"product_tag","embeddable":true,"href":"https:\/\/rapidetech.com.br\/en\/wp-json\/wp\/v2\/product_tag?post=55008"}],"curies":[{"name":"wp","href":"https:\/\/api.w.org\/{rel}","templated":true}]}}