{"id":55125,"date":"2025-04-08T19:31:54","date_gmt":"2025-04-08T22:31:54","guid":{"rendered":"https:\/\/rapidetech.com.br\/?post_type=product&#038;p=55125"},"modified":"2026-03-06T17:34:02","modified_gmt":"2026-03-06T20:34:02","slug":"cabo-coaxial-cobre-puro-1m","status":"publish","type":"product","link":"https:\/\/rapidetech.com.br\/en\/product\/cabo-coaxial-cobre-puro-1m\/","title":{"rendered":"Cabo Coaxial FSU preto para Pre,Amplificador , Dvd ,Receiver ,Tv ,Dac &#8211; bitola 8.00 mm &#8211; cobre puro &#8211; 1m\u00a0"},"content":{"rendered":"<h1>Cabo coaxial FSU para audio ideal para subwoofer ativo e outros equipamentos de audio<\/h1>\n<h3><\/h3>\n<p>&nbsp;<\/p>\n<h3>Descri\u00e7\u00e3o do cabo :<\/h3>\n<ul>\n<li>Novo cabo coaxial de\u00a0 audio com blindagem reforcada ,melhor isolamento que cabos coaxiais convencionais<\/li>\n<li>vers\u00e3o OF8N Audiophile serie 8.00mm Fsu 75 ohms<\/li>\n<li>Revestido e blindado svpe<\/li>\n<li>Comprimento : 1 metro<\/li>\n<li>Cobre de alta pureza,o2 free<\/li>\n<\/ul>\n<p>&nbsp;<\/p>\n<p>Este cabo coaxial de alta qualidade\u00a0 reduz o ru\u00eddo de todo o sistema com din\u00e2mica mais ampla, ritmo melhorado e ganhos globais al\u00e9m da expectativa. \u00c9 uma combina\u00e7\u00e3o perfeita para o subwoofer ativo , amplificador, leitor de cd, dac e todos os componentes hi fi ou streamer top ou pc gamer .<\/p>\n<ul>\n<li>Di\u00e2metro do cabo: 8 mm<\/li>\n<li>Material do cabo: cobre puro super multi pot\u00eancia do condutor<\/li>\n<li>Cobertura externa do cabo: sleeving expans\u00edvel tran\u00e7ado duplo<\/li>\n<\/ul>\n<p>&nbsp;<\/p>\n<p><strong>Conte\u00fado da embalagem<\/strong>:<\/p>\n<ul>\n<li>Cabo coaxial de 1m<\/li>\n<\/ul>\n<h3><\/h3>\n<h3>Novo cabo coaxial\u00a0 \u00e9 compat\u00edvel com todos equipamentos de audio padrao digital :<\/h3>\n<ul>\n<li>Receiver,cd player ,amplificador,subwoofer ,pc gamer,pre amplificador<\/li>\n<\/ul>\n<p>&nbsp;<\/p>","protected":false},"excerpt":{"rendered":"<h3>\u00a0Cabo coaxial\u00a0 de alta qualidade\u00a0 para equipamentos de audio\u00a0 :<\/h3>\n<ul>\n<li>Novo cabo coaxial Fsu\u00a0 serve para amplificador,receiver,subwoofer,equipamentos musicais etc&#8230;<\/li>\n<li>Comprimento : 1 metro<\/li>\n<li>Cobre de alta pureza, O2 free<\/li>\n<\/ul>\n<p>&nbsp;<\/p>\n<p>Conte\u00fado da embalagem:<\/p>\n<ul>\n<li>1 cabo unitario coaxial RCA<\/li>\n<li>Comprimento: 1M<\/li>\n<\/ul>","protected":false},"featured_media":55139,"comment_status":"closed","ping_status":"closed","template":"","meta":[],"product_brand":[],"product_cat":[18,22,21],"product_tag":[92,509,119,60,508,507,61,113],"class_list":{"0":"post-55125","1":"product","2":"type-product","3":"status-publish","4":"has-post-thumbnail","6":"product_cat-accessorios","7":"product_cat-audio","8":"product_cat-video","9":"product_tag-audio","10":"product_tag-cabo-coaxial","11":"product_tag-cabo-subwoofer","12":"product_tag-caixas","13":"product_tag-coaxial","14":"product_tag-dvd","15":"product_tag-receiver","16":"product_tag-tv","17":"product_shipping_class-normal","19":"first","20":"instock","21":"purchasable","22":"product-type-simple"},"yoast_head":"<!-- This site is optimized with the Yoast SEO plugin v27.4 - https:\/\/yoast.com\/product\/yoast-seo-wordpress\/ -->\n<title>Cabo Coaxial FSU preto para Pre,Amplificador , Dvd ,Receiver ,Tv ,Dac - bitola 8.00 mm - cobre puro - 1m\u00a0 - Rapidetech<\/title>\n<meta name=\"description\" content=\"cabo coaxial digital para tv ,pre,amplificador,subwoofer,pc gamer ,dac alta qualidade ,blindado e reforcado contra interferencias externas\" \/>\n<meta name=\"robots\" content=\"index, follow, max-snippet:-1, max-image-preview:large, max-video-preview:-1\" \/>\n<link rel=\"canonical\" href=\"https:\/\/rapidetech.com.br\/en\/product\/cabo-coaxial-cobre-puro-1m\/\" \/>\n<meta property=\"og:locale\" content=\"en_US\" \/>\n<meta property=\"og:type\" content=\"article\" \/>\n<meta property=\"og:title\" content=\"Cabo Coaxial FSU preto para Pre,Amplificador , Dvd ,Receiver ,Tv ,Dac - bitola 8.00 mm - cobre puro - 1m\u00a0 - Rapidetech\" \/>\n<meta property=\"og:description\" content=\"cabo coaxial digital para tv ,pre,amplificador,subwoofer,pc gamer ,dac alta qualidade ,blindado e reforcado contra interferencias externas\" \/>\n<meta property=\"og:url\" content=\"https:\/\/rapidetech.com.br\/en\/product\/cabo-coaxial-cobre-puro-1m\/\" \/>\n<meta property=\"og:site_name\" content=\"Rapidetech\" \/>\n<meta property=\"article:modified_time\" content=\"2026-03-06T20:34:02+00:00\" \/>\n<meta property=\"og:image\" content=\"https:\/\/rapidetech.com.br\/wp-content\/uploads\/2023\/08\/AnyConv.com__BANNER-PRINCIPAL-1-e1662643682616-Copia.webp\" \/>\n\t<meta property=\"og:image:width\" content=\"1920\" \/>\n\t<meta property=\"og:image:height\" content=\"886\" \/>\n\t<meta property=\"og:image:type\" content=\"image\/webp\" \/>\n<meta name=\"twitter:card\" content=\"summary_large_image\" \/>\n<meta name=\"twitter:label1\" content=\"Est. reading time\" \/>\n\t<meta name=\"twitter:data1\" content=\"2 minutes\" \/>\n<script type=\"application\/ld+json\" class=\"yoast-schema-graph\">{\"@context\":\"https:\\\/\\\/schema.org\",\"@graph\":[{\"@type\":\"WebPage\",\"@id\":\"https:\\\/\\\/rapidetech.com.br\\\/produto\\\/cabo-coaxial-cobre-puro-1m\\\/\",\"url\":\"https:\\\/\\\/rapidetech.com.br\\\/produto\\\/cabo-coaxial-cobre-puro-1m\\\/\",\"name\":\"Cabo Coaxial FSU preto para Pre,Amplificador , Dvd ,Receiver ,Tv ,Dac - bitola 8.00 mm - cobre puro - 1m\u00a0 - Rapidetech\",\"isPartOf\":{\"@id\":\"https:\\\/\\\/rapidetech.com.br\\\/#website\"},\"primaryImageOfPage\":{\"@id\":\"https:\\\/\\\/rapidetech.com.br\\\/produto\\\/cabo-coaxial-cobre-puro-1m\\\/#primaryimage\"},\"image\":{\"@id\":\"https:\\\/\\\/rapidetech.com.br\\\/produto\\\/cabo-coaxial-cobre-puro-1m\\\/#primaryimage\"},\"thumbnailUrl\":\"https:\\\/\\\/rapidetech.com.br\\\/wp-content\\\/uploads\\\/2025\\\/04\\\/H191f1f84791c4bf78c02bf33343f2931O.avif\",\"datePublished\":\"2025-04-08T22:31:54+00:00\",\"dateModified\":\"2026-03-06T20:34:02+00:00\",\"description\":\"cabo coaxial digital para tv ,pre,amplificador,subwoofer,pc gamer ,dac alta qualidade ,blindado e reforcado contra interferencias externas\",\"breadcrumb\":{\"@id\":\"https:\\\/\\\/rapidetech.com.br\\\/produto\\\/cabo-coaxial-cobre-puro-1m\\\/#breadcrumb\"},\"inLanguage\":\"en-US\",\"potentialAction\":[{\"@type\":\"ReadAction\",\"target\":[\"https:\\\/\\\/rapidetech.com.br\\\/produto\\\/cabo-coaxial-cobre-puro-1m\\\/\"]}]},{\"@type\":\"ImageObject\",\"inLanguage\":\"en-US\",\"@id\":\"https:\\\/\\\/rapidetech.com.br\\\/produto\\\/cabo-coaxial-cobre-puro-1m\\\/#primaryimage\",\"url\":\"https:\\\/\\\/rapidetech.com.br\\\/wp-content\\\/uploads\\\/2025\\\/04\\\/H191f1f84791c4bf78c02bf33343f2931O.avif\",\"contentUrl\":\"https:\\\/\\\/rapidetech.com.br\\\/wp-content\\\/uploads\\\/2025\\\/04\\\/H191f1f84791c4bf78c02bf33343f2931O.avif\",\"width\":1000,\"height\":1300},{\"@type\":\"BreadcrumbList\",\"@id\":\"https:\\\/\\\/rapidetech.com.br\\\/produto\\\/cabo-coaxial-cobre-puro-1m\\\/#breadcrumb\",\"itemListElement\":[{\"@type\":\"ListItem\",\"position\":1,\"name\":\"In\u00edcio\",\"item\":\"https:\\\/\\\/rapidetech.com.br\\\/\"},{\"@type\":\"ListItem\",\"position\":2,\"name\":\"Produtos\",\"item\":\"https:\\\/\\\/rapidetech.com.br\\\/produtos\\\/\"},{\"@type\":\"ListItem\",\"position\":3,\"name\":\"Cabo Coaxial FSU preto para Pre,Amplificador , Dvd ,Receiver ,Tv ,Dac &#8211; bitola 8.00 mm &#8211; cobre puro &#8211; 1m\u00a0\"}]},{\"@type\":\"WebSite\",\"@id\":\"https:\\\/\\\/rapidetech.com.br\\\/#website\",\"url\":\"https:\\\/\\\/rapidetech.com.br\\\/\",\"name\":\"Rapidetech\",\"description\":\"Audio e video\",\"publisher\":{\"@id\":\"https:\\\/\\\/rapidetech.com.br\\\/#organization\"},\"potentialAction\":[{\"@type\":\"SearchAction\",\"target\":{\"@type\":\"EntryPoint\",\"urlTemplate\":\"https:\\\/\\\/rapidetech.com.br\\\/?s={search_term_string}\"},\"query-input\":{\"@type\":\"PropertyValueSpecification\",\"valueRequired\":true,\"valueName\":\"search_term_string\"}}],\"inLanguage\":\"en-US\"},{\"@type\":\"Organization\",\"@id\":\"https:\\\/\\\/rapidetech.com.br\\\/#organization\",\"name\":\"Rapidetech\",\"url\":\"https:\\\/\\\/rapidetech.com.br\\\/\",\"logo\":{\"@type\":\"ImageObject\",\"inLanguage\":\"en-US\",\"@id\":\"https:\\\/\\\/rapidetech.com.br\\\/#\\\/schema\\\/logo\\\/image\\\/\",\"url\":\"https:\\\/\\\/rapidetech.com.br\\\/wp-content\\\/uploads\\\/2022\\\/08\\\/RAPIDETECH-AUDIO-E-VIDEO.jpg\",\"contentUrl\":\"https:\\\/\\\/rapidetech.com.br\\\/wp-content\\\/uploads\\\/2022\\\/08\\\/RAPIDETECH-AUDIO-E-VIDEO.jpg\",\"width\":236,\"height\":213,\"caption\":\"Rapidetech\"},\"image\":{\"@id\":\"https:\\\/\\\/rapidetech.com.br\\\/#\\\/schema\\\/logo\\\/image\\\/\"},\"sameAs\":[\"https:\\\/\\\/rapidetech.com.br\\\/\",\"https:\\\/\\\/www.youtube.com\\\/channel\\\/UCQWlsTr9MvbqwWAekYtMNLQ\"]}]}<\/script>\n<!-- \/ Yoast SEO plugin. -->","yoast_head_json":{"title":"Cabo Coaxial FSU preto para Pre,Amplificador , Dvd ,Receiver ,Tv ,Dac - bitola 8.00 mm - cobre puro - 1m\u00a0 - Rapidetech","description":"cabo coaxial digital para tv ,pre,amplificador,subwoofer,pc gamer ,dac alta qualidade ,blindado e reforcado contra interferencias externas","robots":{"index":"index","follow":"follow","max-snippet":"max-snippet:-1","max-image-preview":"max-image-preview:large","max-video-preview":"max-video-preview:-1"},"canonical":"https:\/\/rapidetech.com.br\/en\/product\/cabo-coaxial-cobre-puro-1m\/","og_locale":"en_US","og_type":"article","og_title":"Cabo Coaxial FSU preto para Pre,Amplificador , Dvd ,Receiver ,Tv ,Dac - bitola 8.00 mm - cobre puro - 1m\u00a0 - Rapidetech","og_description":"cabo coaxial digital para tv ,pre,amplificador,subwoofer,pc gamer ,dac alta qualidade ,blindado e reforcado contra interferencias externas","og_url":"https:\/\/rapidetech.com.br\/en\/product\/cabo-coaxial-cobre-puro-1m\/","og_site_name":"Rapidetech","article_modified_time":"2026-03-06T20:34:02+00:00","og_image":[{"width":1920,"height":886,"url":"https:\/\/rapidetech.com.br\/wp-content\/uploads\/2023\/08\/AnyConv.com__BANNER-PRINCIPAL-1-e1662643682616-Copia.webp","type":"image\/webp"}],"twitter_card":"summary_large_image","twitter_misc":{"Est. reading time":"2 minutes"},"schema":{"@context":"https:\/\/schema.org","@graph":[{"@type":"WebPage","@id":"https:\/\/rapidetech.com.br\/produto\/cabo-coaxial-cobre-puro-1m\/","url":"https:\/\/rapidetech.com.br\/produto\/cabo-coaxial-cobre-puro-1m\/","name":"Cabo Coaxial FSU preto para Pre,Amplificador , Dvd ,Receiver ,Tv ,Dac - bitola 8.00 mm - cobre puro - 1m\u00a0 - Rapidetech","isPartOf":{"@id":"https:\/\/rapidetech.com.br\/#website"},"primaryImageOfPage":{"@id":"https:\/\/rapidetech.com.br\/produto\/cabo-coaxial-cobre-puro-1m\/#primaryimage"},"image":{"@id":"https:\/\/rapidetech.com.br\/produto\/cabo-coaxial-cobre-puro-1m\/#primaryimage"},"thumbnailUrl":"https:\/\/rapidetech.com.br\/wp-content\/uploads\/2025\/04\/H191f1f84791c4bf78c02bf33343f2931O.avif","datePublished":"2025-04-08T22:31:54+00:00","dateModified":"2026-03-06T20:34:02+00:00","description":"cabo coaxial digital para tv ,pre,amplificador,subwoofer,pc gamer ,dac alta qualidade ,blindado e reforcado contra interferencias externas","breadcrumb":{"@id":"https:\/\/rapidetech.com.br\/produto\/cabo-coaxial-cobre-puro-1m\/#breadcrumb"},"inLanguage":"en-US","potentialAction":[{"@type":"ReadAction","target":["https:\/\/rapidetech.com.br\/produto\/cabo-coaxial-cobre-puro-1m\/"]}]},{"@type":"ImageObject","inLanguage":"en-US","@id":"https:\/\/rapidetech.com.br\/produto\/cabo-coaxial-cobre-puro-1m\/#primaryimage","url":"https:\/\/rapidetech.com.br\/wp-content\/uploads\/2025\/04\/H191f1f84791c4bf78c02bf33343f2931O.avif","contentUrl":"https:\/\/rapidetech.com.br\/wp-content\/uploads\/2025\/04\/H191f1f84791c4bf78c02bf33343f2931O.avif","width":1000,"height":1300},{"@type":"BreadcrumbList","@id":"https:\/\/rapidetech.com.br\/produto\/cabo-coaxial-cobre-puro-1m\/#breadcrumb","itemListElement":[{"@type":"ListItem","position":1,"name":"In\u00edcio","item":"https:\/\/rapidetech.com.br\/"},{"@type":"ListItem","position":2,"name":"Produtos","item":"https:\/\/rapidetech.com.br\/produtos\/"},{"@type":"ListItem","position":3,"name":"Cabo Coaxial FSU preto para Pre,Amplificador , Dvd ,Receiver ,Tv ,Dac &#8211; bitola 8.00 mm &#8211; cobre puro &#8211; 1m\u00a0"}]},{"@type":"WebSite","@id":"https:\/\/rapidetech.com.br\/#website","url":"https:\/\/rapidetech.com.br\/","name":"Rapidetech","description":"Audio e video","publisher":{"@id":"https:\/\/rapidetech.com.br\/#organization"},"potentialAction":[{"@type":"SearchAction","target":{"@type":"EntryPoint","urlTemplate":"https:\/\/rapidetech.com.br\/?s={search_term_string}"},"query-input":{"@type":"PropertyValueSpecification","valueRequired":true,"valueName":"search_term_string"}}],"inLanguage":"en-US"},{"@type":"Organization","@id":"https:\/\/rapidetech.com.br\/#organization","name":"Rapidetech","url":"https:\/\/rapidetech.com.br\/","logo":{"@type":"ImageObject","inLanguage":"en-US","@id":"https:\/\/rapidetech.com.br\/#\/schema\/logo\/image\/","url":"https:\/\/rapidetech.com.br\/wp-content\/uploads\/2022\/08\/RAPIDETECH-AUDIO-E-VIDEO.jpg","contentUrl":"https:\/\/rapidetech.com.br\/wp-content\/uploads\/2022\/08\/RAPIDETECH-AUDIO-E-VIDEO.jpg","width":236,"height":213,"caption":"Rapidetech"},"image":{"@id":"https:\/\/rapidetech.com.br\/#\/schema\/logo\/image\/"},"sameAs":["https:\/\/rapidetech.com.br\/","https:\/\/www.youtube.com\/channel\/UCQWlsTr9MvbqwWAekYtMNLQ"]}]}},"_links":{"self":[{"href":"https:\/\/rapidetech.com.br\/en\/wp-json\/wp\/v2\/product\/55125","targetHints":{"allow":["GET"]}}],"collection":[{"href":"https:\/\/rapidetech.com.br\/en\/wp-json\/wp\/v2\/product"}],"about":[{"href":"https:\/\/rapidetech.com.br\/en\/wp-json\/wp\/v2\/types\/product"}],"replies":[{"embeddable":true,"href":"https:\/\/rapidetech.com.br\/en\/wp-json\/wp\/v2\/comments?post=55125"}],"version-history":[{"count":0,"href":"https:\/\/rapidetech.com.br\/en\/wp-json\/wp\/v2\/product\/55125\/revisions"}],"wp:featuredmedia":[{"embeddable":true,"href":"https:\/\/rapidetech.com.br\/en\/wp-json\/wp\/v2\/media\/55139"}],"wp:attachment":[{"href":"https:\/\/rapidetech.com.br\/en\/wp-json\/wp\/v2\/media?parent=55125"}],"wp:term":[{"taxonomy":"product_brand","embeddable":true,"href":"https:\/\/rapidetech.com.br\/en\/wp-json\/wp\/v2\/product_brand?post=55125"},{"taxonomy":"product_cat","embeddable":true,"href":"https:\/\/rapidetech.com.br\/en\/wp-json\/wp\/v2\/product_cat?post=55125"},{"taxonomy":"product_tag","embeddable":true,"href":"https:\/\/rapidetech.com.br\/en\/wp-json\/wp\/v2\/product_tag?post=55125"}],"curies":[{"name":"wp","href":"https:\/\/api.w.org\/{rel}","templated":true}]}}