{"id":55317,"date":"2025-05-10T07:54:05","date_gmt":"2025-05-10T10:54:05","guid":{"rendered":"https:\/\/rapidetech.com.br\/?post_type=product&#038;p=55317"},"modified":"2026-03-24T21:21:18","modified_gmt":"2026-03-25T00:21:18","slug":"cabo-adaptador-micro-hdmi-x-hdmi-2-1-8k-moshou-3m","status":"publish","type":"product","link":"https:\/\/rapidetech.com.br\/en\/product\/cabo-adaptador-micro-hdmi-x-hdmi-2-1-8k-moshou-3m\/","title":{"rendered":"Cabo micro hdmi X  hdmi 2.1 8k Moshou  &#8211; 3m"},"content":{"rendered":"<h1>Novo Cabo Micro hdmi\u00a0 x hdmi 8k Moshou -3 metros<\/h1>\n<h3>*********************************************************************************************<\/h3>\n<h3><\/h3>\n<p>&nbsp;<\/p>\n<p>Cabo micro hdmi\u00a0 x hdmi 2.1 8k Moshou<span style=\"font-size: 16px;\"> alta qualidade para transmissao de dados\u00a0 ,leitura audio e video ate 8 k ,permite transmissao de 2 monitores 4 k.<\/span><\/p>\n<p>Blindado de alta qualidade\u00a0 <span style=\"font-size: 10.5pt; font-family: 'Arial',sans-serif; color: #242424;\"><span style=\"font-size: 10.5pt; font-family: 'Arial',sans-serif; color: #242424;\">\u00a0<\/span><\/span><\/p>\n<p>Extens\u00e3o: 3 m<\/p>\n<p>Dissipa\u00e7\u00e3o de Ru\u00eddos (NDS) , imagem mais nitida , polivalencia de telas<\/p>\n<p>&nbsp;<\/p>\n<h3><\/h3>\n<h3><em><strong>Conte\u00fado da embalagem:<\/strong><\/em><\/h3>\n<p>&nbsp;<\/p>\n<p>Cabo micro hdmi x hdmi 2.1 8k Moshou\u00a0 \u00a0&#8211; 3 m<\/p>\n<p>O Cabo micro hdmi tem alta qualidade de transmissao multipla de \u00e1udio e video \u00e9 ideal para efeito est\u00e9reo e realidade aumentada.O Cabo micro hdmi x hdmi 2.1 8k\u00a0 e ideal para conectar lap top ou camera a monitor 8 k (permite 2 simultaneos) ou 1 monitor 6k .<\/p>\n<p>&nbsp;<\/p>","protected":false},"excerpt":{"rendered":"<h3>Cabo micro hdmi x hdmi 2.1 8k Moshou\u00a0 \u00a0:<\/h3>\n<ul>\n<li>Cabo micro hdmi\u00a0 x\u00a0 hdmi 2.1 8k<\/li>\n<li>Blindado de alta qualidade<\/li>\n<li>Extens\u00e3o: 3 m<\/li>\n<\/ul>\n<p>&nbsp;<\/p>\n<p><strong>Conte\u00fado da embalagem:<\/strong><\/p>\n<ul>\n<li>Cabo micro hdmi\u00a0 x hdmi 2.1 8K<\/li>\n<\/ul>","protected":false},"featured_media":55318,"comment_status":"closed","ping_status":"closed","template":"","meta":[],"product_brand":[],"product_cat":[18,22,37,282,45,21],"product_tag":[502,94,36,93,95,511,357,400,390,500,57,24,97,488],"class_list":{"0":"post-55317","1":"product","2":"type-product","3":"status-publish","4":"has-post-thumbnail","6":"product_cat-accessorios","7":"product_cat-audio","8":"product_cat-hdmi","9":"product_cat-cabos-pc","10":"product_cat-informatica","11":"product_cat-video","12":"product_tag-16k","13":"product_tag-4k","14":"product_tag-8k","15":"product_tag-apple","16":"product_tag-cabo-tipo-c","17":"product_tag-camera-fotografica","18":"product_tag-canon","19":"product_tag-displayport-2-1","20":"product_tag-hdmi-2-1","21":"product_tag-micro-hdmi","22":"product_tag-monitor","23":"product_tag-nikon","24":"product_tag-thunderbolt-4","25":"product_tag-tipo-c","26":"product_shipping_class-normal","28":"first","29":"instock","30":"purchasable","31":"product-type-simple"},"yoast_head":"<!-- This site is optimized with the Yoast SEO plugin v27.3 - https:\/\/yoast.com\/product\/yoast-seo-wordpress\/ -->\n<title>Cabo micro hdmi X hdmi 2.1 8k Moshou - 3m - Rapidetech<\/title>\n<meta name=\"description\" content=\"1\u00a0 Cabo micro hdmi x hdmi 2.1 e alta qualidade para transmissao de dados\u00a0 ,leitura audio e video ate 8 k ,permite transmissao de 2 monitores 4 k.Blindado de alta qualidade\u00a0 \u00a0Dissipa\u00e7\u00e3o de Ru\u00eddos (NDS) , imagem mais nitida , polivalencia de telas\u00a0Extens\u00e3o: 3 m\" \/>\n<meta name=\"robots\" content=\"index, follow, max-snippet:-1, max-image-preview:large, max-video-preview:-1\" \/>\n<link rel=\"canonical\" href=\"https:\/\/rapidetech.com.br\/en\/product\/cabo-adaptador-micro-hdmi-x-hdmi-2-1-8k-moshou-3m\/\" \/>\n<meta property=\"og:locale\" content=\"en_US\" \/>\n<meta property=\"og:type\" content=\"article\" \/>\n<meta property=\"og:title\" content=\"Cabo micro hdmi X hdmi 2.1 8k Moshou - 3m - Rapidetech\" \/>\n<meta property=\"og:description\" content=\"1\u00a0 Cabo micro hdmi x hdmi 2.1 e alta qualidade para transmissao de dados\u00a0 ,leitura audio e video ate 8 k ,permite transmissao de 2 monitores 4 k.Blindado de alta qualidade\u00a0 \u00a0Dissipa\u00e7\u00e3o de Ru\u00eddos (NDS) , imagem mais nitida , polivalencia de telas\u00a0Extens\u00e3o: 3 m\" \/>\n<meta property=\"og:url\" content=\"https:\/\/rapidetech.com.br\/en\/product\/cabo-adaptador-micro-hdmi-x-hdmi-2-1-8k-moshou-3m\/\" \/>\n<meta property=\"og:site_name\" content=\"Rapidetech\" \/>\n<meta property=\"article:modified_time\" content=\"2026-03-25T00:21:18+00:00\" \/>\n<meta property=\"og:image\" content=\"https:\/\/rapidetech.com.br\/wp-content\/uploads\/2025\/05\/D_NQ_NP_2X_695451-MLB50759142377_072022-F-cabo-micro-hdmi-x-hdmi-21-moshou-8k-4k-ultra-speed-48gb-3m.webp\" \/>\n\t<meta property=\"og:image:width\" content=\"1200\" \/>\n\t<meta property=\"og:image:height\" content=\"1200\" \/>\n\t<meta property=\"og:image:type\" content=\"image\/webp\" \/>\n<meta name=\"twitter:card\" content=\"summary_large_image\" \/>\n<meta name=\"twitter:label1\" content=\"Est. reading time\" \/>\n\t<meta name=\"twitter:data1\" content=\"1 minute\" \/>\n<script type=\"application\/ld+json\" class=\"yoast-schema-graph\">{\"@context\":\"https:\\\/\\\/schema.org\",\"@graph\":[{\"@type\":\"WebPage\",\"@id\":\"https:\\\/\\\/rapidetech.com.br\\\/produto\\\/cabo-adaptador-micro-hdmi-x-hdmi-2-1-8k-moshou-3m\\\/\",\"url\":\"https:\\\/\\\/rapidetech.com.br\\\/produto\\\/cabo-adaptador-micro-hdmi-x-hdmi-2-1-8k-moshou-3m\\\/\",\"name\":\"Cabo micro hdmi X hdmi 2.1 8k Moshou - 3m - Rapidetech\",\"isPartOf\":{\"@id\":\"https:\\\/\\\/rapidetech.com.br\\\/#website\"},\"primaryImageOfPage\":{\"@id\":\"https:\\\/\\\/rapidetech.com.br\\\/produto\\\/cabo-adaptador-micro-hdmi-x-hdmi-2-1-8k-moshou-3m\\\/#primaryimage\"},\"image\":{\"@id\":\"https:\\\/\\\/rapidetech.com.br\\\/produto\\\/cabo-adaptador-micro-hdmi-x-hdmi-2-1-8k-moshou-3m\\\/#primaryimage\"},\"thumbnailUrl\":\"https:\\\/\\\/rapidetech.com.br\\\/wp-content\\\/uploads\\\/2025\\\/05\\\/D_NQ_NP_2X_695451-MLB50759142377_072022-F-cabo-micro-hdmi-x-hdmi-21-moshou-8k-4k-ultra-speed-48gb-3m.webp\",\"datePublished\":\"2025-05-10T10:54:05+00:00\",\"dateModified\":\"2026-03-25T00:21:18+00:00\",\"description\":\"1\u00a0 Cabo micro hdmi x hdmi 2.1 e alta qualidade para transmissao de dados\u00a0 ,leitura audio e video ate 8 k ,permite transmissao de 2 monitores 4 k.Blindado de alta qualidade\u00a0 \u00a0Dissipa\u00e7\u00e3o de Ru\u00eddos (NDS) , imagem mais nitida , polivalencia de telas\u00a0Extens\u00e3o: 3 m\",\"breadcrumb\":{\"@id\":\"https:\\\/\\\/rapidetech.com.br\\\/produto\\\/cabo-adaptador-micro-hdmi-x-hdmi-2-1-8k-moshou-3m\\\/#breadcrumb\"},\"inLanguage\":\"en-US\",\"potentialAction\":[{\"@type\":\"ReadAction\",\"target\":[\"https:\\\/\\\/rapidetech.com.br\\\/produto\\\/cabo-adaptador-micro-hdmi-x-hdmi-2-1-8k-moshou-3m\\\/\"]}]},{\"@type\":\"ImageObject\",\"inLanguage\":\"en-US\",\"@id\":\"https:\\\/\\\/rapidetech.com.br\\\/produto\\\/cabo-adaptador-micro-hdmi-x-hdmi-2-1-8k-moshou-3m\\\/#primaryimage\",\"url\":\"https:\\\/\\\/rapidetech.com.br\\\/wp-content\\\/uploads\\\/2025\\\/05\\\/D_NQ_NP_2X_695451-MLB50759142377_072022-F-cabo-micro-hdmi-x-hdmi-21-moshou-8k-4k-ultra-speed-48gb-3m.webp\",\"contentUrl\":\"https:\\\/\\\/rapidetech.com.br\\\/wp-content\\\/uploads\\\/2025\\\/05\\\/D_NQ_NP_2X_695451-MLB50759142377_072022-F-cabo-micro-hdmi-x-hdmi-21-moshou-8k-4k-ultra-speed-48gb-3m.webp\",\"width\":1200,\"height\":1200},{\"@type\":\"BreadcrumbList\",\"@id\":\"https:\\\/\\\/rapidetech.com.br\\\/produto\\\/cabo-adaptador-micro-hdmi-x-hdmi-2-1-8k-moshou-3m\\\/#breadcrumb\",\"itemListElement\":[{\"@type\":\"ListItem\",\"position\":1,\"name\":\"In\u00edcio\",\"item\":\"https:\\\/\\\/rapidetech.com.br\\\/\"},{\"@type\":\"ListItem\",\"position\":2,\"name\":\"Produtos\",\"item\":\"https:\\\/\\\/rapidetech.com.br\\\/produtos\\\/\"},{\"@type\":\"ListItem\",\"position\":3,\"name\":\"Cabo micro hdmi X hdmi 2.1 8k Moshou &#8211; 3m\"}]},{\"@type\":\"WebSite\",\"@id\":\"https:\\\/\\\/rapidetech.com.br\\\/#website\",\"url\":\"https:\\\/\\\/rapidetech.com.br\\\/\",\"name\":\"Rapidetech\",\"description\":\"Audio e video\",\"publisher\":{\"@id\":\"https:\\\/\\\/rapidetech.com.br\\\/#organization\"},\"potentialAction\":[{\"@type\":\"SearchAction\",\"target\":{\"@type\":\"EntryPoint\",\"urlTemplate\":\"https:\\\/\\\/rapidetech.com.br\\\/?s={search_term_string}\"},\"query-input\":{\"@type\":\"PropertyValueSpecification\",\"valueRequired\":true,\"valueName\":\"search_term_string\"}}],\"inLanguage\":\"en-US\"},{\"@type\":\"Organization\",\"@id\":\"https:\\\/\\\/rapidetech.com.br\\\/#organization\",\"name\":\"Rapidetech\",\"url\":\"https:\\\/\\\/rapidetech.com.br\\\/\",\"logo\":{\"@type\":\"ImageObject\",\"inLanguage\":\"en-US\",\"@id\":\"https:\\\/\\\/rapidetech.com.br\\\/#\\\/schema\\\/logo\\\/image\\\/\",\"url\":\"https:\\\/\\\/rapidetech.com.br\\\/wp-content\\\/uploads\\\/2022\\\/08\\\/RAPIDETECH-AUDIO-E-VIDEO.jpg\",\"contentUrl\":\"https:\\\/\\\/rapidetech.com.br\\\/wp-content\\\/uploads\\\/2022\\\/08\\\/RAPIDETECH-AUDIO-E-VIDEO.jpg\",\"width\":236,\"height\":213,\"caption\":\"Rapidetech\"},\"image\":{\"@id\":\"https:\\\/\\\/rapidetech.com.br\\\/#\\\/schema\\\/logo\\\/image\\\/\"},\"sameAs\":[\"https:\\\/\\\/rapidetech.com.br\\\/\",\"https:\\\/\\\/www.youtube.com\\\/channel\\\/UCQWlsTr9MvbqwWAekYtMNLQ\"]}]}<\/script>\n<!-- \/ Yoast SEO plugin. -->","yoast_head_json":{"title":"Cabo micro hdmi X hdmi 2.1 8k Moshou - 3m - Rapidetech","description":"1\u00a0 Cabo micro hdmi x hdmi 2.1 e alta qualidade para transmissao de dados\u00a0 ,leitura audio e video ate 8 k ,permite transmissao de 2 monitores 4 k.Blindado de alta qualidade\u00a0 \u00a0Dissipa\u00e7\u00e3o de Ru\u00eddos (NDS) , imagem mais nitida , polivalencia de telas\u00a0Extens\u00e3o: 3 m","robots":{"index":"index","follow":"follow","max-snippet":"max-snippet:-1","max-image-preview":"max-image-preview:large","max-video-preview":"max-video-preview:-1"},"canonical":"https:\/\/rapidetech.com.br\/en\/product\/cabo-adaptador-micro-hdmi-x-hdmi-2-1-8k-moshou-3m\/","og_locale":"en_US","og_type":"article","og_title":"Cabo micro hdmi X hdmi 2.1 8k Moshou - 3m - Rapidetech","og_description":"1\u00a0 Cabo micro hdmi x hdmi 2.1 e alta qualidade para transmissao de dados\u00a0 ,leitura audio e video ate 8 k ,permite transmissao de 2 monitores 4 k.Blindado de alta qualidade\u00a0 \u00a0Dissipa\u00e7\u00e3o de Ru\u00eddos (NDS) , imagem mais nitida , polivalencia de telas\u00a0Extens\u00e3o: 3 m","og_url":"https:\/\/rapidetech.com.br\/en\/product\/cabo-adaptador-micro-hdmi-x-hdmi-2-1-8k-moshou-3m\/","og_site_name":"Rapidetech","article_modified_time":"2026-03-25T00:21:18+00:00","og_image":[{"width":1200,"height":1200,"url":"https:\/\/rapidetech.com.br\/wp-content\/uploads\/2025\/05\/D_NQ_NP_2X_695451-MLB50759142377_072022-F-cabo-micro-hdmi-x-hdmi-21-moshou-8k-4k-ultra-speed-48gb-3m.webp","type":"image\/webp"}],"twitter_card":"summary_large_image","twitter_misc":{"Est. reading time":"1 minute"},"schema":{"@context":"https:\/\/schema.org","@graph":[{"@type":"WebPage","@id":"https:\/\/rapidetech.com.br\/produto\/cabo-adaptador-micro-hdmi-x-hdmi-2-1-8k-moshou-3m\/","url":"https:\/\/rapidetech.com.br\/produto\/cabo-adaptador-micro-hdmi-x-hdmi-2-1-8k-moshou-3m\/","name":"Cabo micro hdmi X hdmi 2.1 8k Moshou - 3m - Rapidetech","isPartOf":{"@id":"https:\/\/rapidetech.com.br\/#website"},"primaryImageOfPage":{"@id":"https:\/\/rapidetech.com.br\/produto\/cabo-adaptador-micro-hdmi-x-hdmi-2-1-8k-moshou-3m\/#primaryimage"},"image":{"@id":"https:\/\/rapidetech.com.br\/produto\/cabo-adaptador-micro-hdmi-x-hdmi-2-1-8k-moshou-3m\/#primaryimage"},"thumbnailUrl":"https:\/\/rapidetech.com.br\/wp-content\/uploads\/2025\/05\/D_NQ_NP_2X_695451-MLB50759142377_072022-F-cabo-micro-hdmi-x-hdmi-21-moshou-8k-4k-ultra-speed-48gb-3m.webp","datePublished":"2025-05-10T10:54:05+00:00","dateModified":"2026-03-25T00:21:18+00:00","description":"1\u00a0 Cabo micro hdmi x hdmi 2.1 e alta qualidade para transmissao de dados\u00a0 ,leitura audio e video ate 8 k ,permite transmissao de 2 monitores 4 k.Blindado de alta qualidade\u00a0 \u00a0Dissipa\u00e7\u00e3o de Ru\u00eddos (NDS) , imagem mais nitida , polivalencia de telas\u00a0Extens\u00e3o: 3 m","breadcrumb":{"@id":"https:\/\/rapidetech.com.br\/produto\/cabo-adaptador-micro-hdmi-x-hdmi-2-1-8k-moshou-3m\/#breadcrumb"},"inLanguage":"en-US","potentialAction":[{"@type":"ReadAction","target":["https:\/\/rapidetech.com.br\/produto\/cabo-adaptador-micro-hdmi-x-hdmi-2-1-8k-moshou-3m\/"]}]},{"@type":"ImageObject","inLanguage":"en-US","@id":"https:\/\/rapidetech.com.br\/produto\/cabo-adaptador-micro-hdmi-x-hdmi-2-1-8k-moshou-3m\/#primaryimage","url":"https:\/\/rapidetech.com.br\/wp-content\/uploads\/2025\/05\/D_NQ_NP_2X_695451-MLB50759142377_072022-F-cabo-micro-hdmi-x-hdmi-21-moshou-8k-4k-ultra-speed-48gb-3m.webp","contentUrl":"https:\/\/rapidetech.com.br\/wp-content\/uploads\/2025\/05\/D_NQ_NP_2X_695451-MLB50759142377_072022-F-cabo-micro-hdmi-x-hdmi-21-moshou-8k-4k-ultra-speed-48gb-3m.webp","width":1200,"height":1200},{"@type":"BreadcrumbList","@id":"https:\/\/rapidetech.com.br\/produto\/cabo-adaptador-micro-hdmi-x-hdmi-2-1-8k-moshou-3m\/#breadcrumb","itemListElement":[{"@type":"ListItem","position":1,"name":"In\u00edcio","item":"https:\/\/rapidetech.com.br\/"},{"@type":"ListItem","position":2,"name":"Produtos","item":"https:\/\/rapidetech.com.br\/produtos\/"},{"@type":"ListItem","position":3,"name":"Cabo micro hdmi X hdmi 2.1 8k Moshou &#8211; 3m"}]},{"@type":"WebSite","@id":"https:\/\/rapidetech.com.br\/#website","url":"https:\/\/rapidetech.com.br\/","name":"Rapidetech","description":"Audio e video","publisher":{"@id":"https:\/\/rapidetech.com.br\/#organization"},"potentialAction":[{"@type":"SearchAction","target":{"@type":"EntryPoint","urlTemplate":"https:\/\/rapidetech.com.br\/?s={search_term_string}"},"query-input":{"@type":"PropertyValueSpecification","valueRequired":true,"valueName":"search_term_string"}}],"inLanguage":"en-US"},{"@type":"Organization","@id":"https:\/\/rapidetech.com.br\/#organization","name":"Rapidetech","url":"https:\/\/rapidetech.com.br\/","logo":{"@type":"ImageObject","inLanguage":"en-US","@id":"https:\/\/rapidetech.com.br\/#\/schema\/logo\/image\/","url":"https:\/\/rapidetech.com.br\/wp-content\/uploads\/2022\/08\/RAPIDETECH-AUDIO-E-VIDEO.jpg","contentUrl":"https:\/\/rapidetech.com.br\/wp-content\/uploads\/2022\/08\/RAPIDETECH-AUDIO-E-VIDEO.jpg","width":236,"height":213,"caption":"Rapidetech"},"image":{"@id":"https:\/\/rapidetech.com.br\/#\/schema\/logo\/image\/"},"sameAs":["https:\/\/rapidetech.com.br\/","https:\/\/www.youtube.com\/channel\/UCQWlsTr9MvbqwWAekYtMNLQ"]}]}},"_links":{"self":[{"href":"https:\/\/rapidetech.com.br\/en\/wp-json\/wp\/v2\/product\/55317","targetHints":{"allow":["GET"]}}],"collection":[{"href":"https:\/\/rapidetech.com.br\/en\/wp-json\/wp\/v2\/product"}],"about":[{"href":"https:\/\/rapidetech.com.br\/en\/wp-json\/wp\/v2\/types\/product"}],"replies":[{"embeddable":true,"href":"https:\/\/rapidetech.com.br\/en\/wp-json\/wp\/v2\/comments?post=55317"}],"version-history":[{"count":0,"href":"https:\/\/rapidetech.com.br\/en\/wp-json\/wp\/v2\/product\/55317\/revisions"}],"wp:featuredmedia":[{"embeddable":true,"href":"https:\/\/rapidetech.com.br\/en\/wp-json\/wp\/v2\/media\/55318"}],"wp:attachment":[{"href":"https:\/\/rapidetech.com.br\/en\/wp-json\/wp\/v2\/media?parent=55317"}],"wp:term":[{"taxonomy":"product_brand","embeddable":true,"href":"https:\/\/rapidetech.com.br\/en\/wp-json\/wp\/v2\/product_brand?post=55317"},{"taxonomy":"product_cat","embeddable":true,"href":"https:\/\/rapidetech.com.br\/en\/wp-json\/wp\/v2\/product_cat?post=55317"},{"taxonomy":"product_tag","embeddable":true,"href":"https:\/\/rapidetech.com.br\/en\/wp-json\/wp\/v2\/product_tag?post=55317"}],"curies":[{"name":"wp","href":"https:\/\/api.w.org\/{rel}","templated":true}]}}